{"id":1675,"date":"2021-12-20T21:02:22","date_gmt":"2021-12-20T20:02:22","guid":{"rendered":"https:\/\/www.annonces-legales.org\/blog\/?page_id=1675"},"modified":"2022-01-26T11:51:20","modified_gmt":"2022-01-26T10:51:20","slug":"impartial-de-l-eure","status":"publish","type":"page","link":"https:\/\/www.annonces-legales.org\/blog\/impartial-de-l-eure\/","title":{"rendered":"Impartial (de l&rsquo;Eure)"},"content":{"rendered":"<p>&nbsp;<\/p>\n<p><strong>L&rsquo;Impartial<\/strong> est un journal hebdomadaire qui propose des informations et des actualit\u00e9s locales du d\u00e9partement de l&rsquo;Eure. Il traite notamment des informations sur les cantons des Andelys, de Gaillon, d&rsquo;Etrepagny, de Fleury sur Andelle, de Gisors, de Chaumont en V\u00e9xin.<\/p>\n<p>Il para\u00eet chaque jeudi au prix de 1,70 euros. Ce journal local \u00e0 une audience de plus de 43 000 lecteurs. Il est tr\u00e8s populaire dans l&rsquo;Eure et poss\u00e8de plus de 27 000 abonn\u00e9s sur sa page Facebook. Il est \u00e9galement appel\u00e9 l&rsquo;<strong>Impartial de l&rsquo;Andelys<\/strong>.<\/p>\n<p>Le journal appartient au groupe de presse fran\u00e7ais national <strong>Publihebdos<\/strong>. Le directeur de la publication du journal est Francis Gaunaud. L&rsquo;\u00e9diteur du journal l&rsquo;Impartial se nomme Julien Ducouret. La r\u00e9dactrice en chef est Aur\u00e9lie Hebert.<br \/>\nCe journal est un<strong> journal officiel<\/strong> du d\u00e9partement de l&rsquo;Eure. Il peut <strong>publier des annonces l\u00e9gales et judiciaires<\/strong> pour les entreprises du d\u00e9partement 27.<\/p>\n<p><strong>Adresse du journal<\/strong> : L&rsquo;impartial, 23 rue de la lib\u00e9ration Les Andelys (27705).<br \/>\n<strong>T\u00e9l\u00e9phone<\/strong> : 02 32 54 00 84<br \/>\n<strong>Adresse mail<\/strong> : impartial@publihebdos.fr<\/p>\n<p>&nbsp;<\/p>\n<h2>Abonnement au journal l&rsquo;Impartial de l&rsquo;Eure<\/h2>\n<p>Il existe un abonnement papier au journal qui co\u00fbte 6,80 \u20ac par mois. L&rsquo;abonnement num\u00e9rique est au m\u00eame prix. Il existe aussi un abonnement \u00ab duo \u00bb qui permet d&rsquo;avoir la version papier et la version num\u00e9rique pour 7,20 \u20ac par mois. Plus de d\u00e9tails sur ces abonnements peuvent \u00eatre trouv\u00e9s sur le site du journal.<\/p>\n<p>&nbsp;<\/p>\n<h2>Annonces l\u00e9gales pas cher dans l&rsquo;Eure (27)<\/h2>\n<p>Vous \u00eates chef d&rsquo;entreprise et vous devez publier une annonce l\u00e9gale dans l&rsquo;Eure ?<br \/>\nN&rsquo;attendez plus et utilisez nos services pour obtenir votre annonce l\u00e9gale officielle au meilleurs prix.<\/p>\n<br\/><br\/><div class=\"entry-content notopmargin\">\n\t<img decoding=\"async\" class=\"img-fluid fleft\" src=\"https:\/\/www.annonces-legales.org\/images\/rapide-economique-tout-departement.png\" alt=\"Journal d'annonce l\u00e9gale  de l'Eure \"><a href=\"https:\/\/www.annonces-legales.org\/publication-annonce-legale.html\" class=\"button button-desc fright mtop30\"><div>Je publie<br> mon annonce<br> l\u00e9gale<\/div><span>dans un journal  de l'Eure !<\/span><\/a>\n<\/div><div class=\"clrbth\"><\/div><br\/><br\/>\n","protected":false},"excerpt":{"rendered":"<p>&nbsp; L&rsquo;Impartial est un journal hebdomadaire qui propose des informations et des actualit\u00e9s locales du d\u00e9partement de l&rsquo;Eure. Il traite [&hellip;]<\/p>\n","protected":false},"author":1,"featured_media":0,"parent":351,"menu_order":0,"comment_status":"closed","ping_status":"closed","template":"","meta":{"inline_featured_image":false,"footnotes":""},"class_list":["post-1675","page","type-page","status-publish","hentry"],"yoast_head":"<!-- This site is optimized with the Yoast SEO plugin v26.8 - https:\/\/yoast.com\/product\/yoast-seo-wordpress\/ -->\n<title>Impartial (de l&#039;Eure) - Actualit\u00e9 des entreprises<\/title>\n<meta name=\"robots\" content=\"index, follow, max-snippet:-1, max-image-preview:large, max-video-preview:-1\" \/>\n<link rel=\"canonical\" href=\"https:\/\/www.annonces-legales.org\/blog\/impartial-de-l-eure\/\" \/>\n<meta property=\"og:locale\" content=\"fr_FR\" \/>\n<meta property=\"og:type\" content=\"article\" \/>\n<meta property=\"og:title\" content=\"Impartial (de l&#039;Eure) - Actualit\u00e9 des entreprises\" \/>\n<meta property=\"og:description\" content=\"&nbsp; L&rsquo;Impartial est un journal hebdomadaire qui propose des informations et des actualit\u00e9s locales du d\u00e9partement de l&rsquo;Eure. Il traite [&hellip;]\" \/>\n<meta property=\"og:url\" content=\"https:\/\/www.annonces-legales.org\/blog\/impartial-de-l-eure\/\" \/>\n<meta property=\"og:site_name\" content=\"Actualit\u00e9 des entreprises\" \/>\n<meta property=\"article:modified_time\" content=\"2022-01-26T10:51:20+00:00\" \/>\n<meta name=\"twitter:card\" content=\"summary_large_image\" \/>\n<meta name=\"twitter:label1\" content=\"Dur\u00e9e de lecture estim\u00e9e\" \/>\n\t<meta name=\"twitter:data1\" content=\"1 minute\" \/>\n<script type=\"application\/ld+json\" class=\"yoast-schema-graph\">{\"@context\":\"https:\/\/schema.org\",\"@graph\":[{\"@type\":\"WebPage\",\"@id\":\"https:\/\/www.annonces-legales.org\/blog\/impartial-de-l-eure\/\",\"url\":\"https:\/\/www.annonces-legales.org\/blog\/impartial-de-l-eure\/\",\"name\":\"Impartial (de l'Eure) - Actualit\u00e9 des entreprises\",\"isPartOf\":{\"@id\":\"https:\/\/www.annonces-legales.org\/blog\/#website\"},\"datePublished\":\"2021-12-20T20:02:22+00:00\",\"dateModified\":\"2022-01-26T10:51:20+00:00\",\"breadcrumb\":{\"@id\":\"https:\/\/www.annonces-legales.org\/blog\/impartial-de-l-eure\/#breadcrumb\"},\"inLanguage\":\"fr-FR\",\"potentialAction\":[{\"@type\":\"ReadAction\",\"target\":[\"https:\/\/www.annonces-legales.org\/blog\/impartial-de-l-eure\/\"]}]},{\"@type\":\"BreadcrumbList\",\"@id\":\"https:\/\/www.annonces-legales.org\/blog\/impartial-de-l-eure\/#breadcrumb\",\"itemListElement\":[{\"@type\":\"ListItem\",\"position\":1,\"name\":\"Accueil\",\"item\":\"https:\/\/www.annonces-legales.org\/blog\/\"},{\"@type\":\"ListItem\",\"position\":2,\"name\":\"Liste des journaux habilit\u00e9s \u00e0 publier des annonces l\u00e9gales\",\"item\":\"https:\/\/www.annonces-legales.org\/blog\/liste-des-journaux-habilites-a-publier-des-annonces-legales\/\"},{\"@type\":\"ListItem\",\"position\":3,\"name\":\"Impartial (de l&rsquo;Eure)\"}]},{\"@type\":\"WebSite\",\"@id\":\"https:\/\/www.annonces-legales.org\/blog\/#website\",\"url\":\"https:\/\/www.annonces-legales.org\/blog\/\",\"name\":\"Actualit\u00e9 des entreprises\",\"description\":\"\",\"publisher\":{\"@id\":\"https:\/\/www.annonces-legales.org\/blog\/#organization\"},\"potentialAction\":[{\"@type\":\"SearchAction\",\"target\":{\"@type\":\"EntryPoint\",\"urlTemplate\":\"https:\/\/www.annonces-legales.org\/blog\/?s={search_term_string}\"},\"query-input\":{\"@type\":\"PropertyValueSpecification\",\"valueRequired\":true,\"valueName\":\"search_term_string\"}}],\"inLanguage\":\"fr-FR\"},{\"@type\":\"Organization\",\"@id\":\"https:\/\/www.annonces-legales.org\/blog\/#organization\",\"name\":\"Actualit\u00e9 des entreprises\",\"url\":\"https:\/\/www.annonces-legales.org\/blog\/\",\"logo\":{\"@type\":\"ImageObject\",\"inLanguage\":\"fr-FR\",\"@id\":\"https:\/\/www.annonces-legales.org\/blog\/#\/schema\/logo\/image\/\",\"url\":\"https:\/\/www.annonces-legales.org\/blog\/wp-content\/uploads\/2023\/08\/annonces-legales.svg\",\"contentUrl\":\"https:\/\/www.annonces-legales.org\/blog\/wp-content\/uploads\/2023\/08\/annonces-legales.svg\",\"caption\":\"Actualit\u00e9 des entreprises\"},\"image\":{\"@id\":\"https:\/\/www.annonces-legales.org\/blog\/#\/schema\/logo\/image\/\"}}]}<\/script>\n<!-- \/ Yoast SEO plugin. -->","yoast_head_json":{"title":"Impartial (de l'Eure) - Actualit\u00e9 des entreprises","robots":{"index":"index","follow":"follow","max-snippet":"max-snippet:-1","max-image-preview":"max-image-preview:large","max-video-preview":"max-video-preview:-1"},"canonical":"https:\/\/www.annonces-legales.org\/blog\/impartial-de-l-eure\/","og_locale":"fr_FR","og_type":"article","og_title":"Impartial (de l'Eure) - Actualit\u00e9 des entreprises","og_description":"&nbsp; L&rsquo;Impartial est un journal hebdomadaire qui propose des informations et des actualit\u00e9s locales du d\u00e9partement de l&rsquo;Eure. Il traite [&hellip;]","og_url":"https:\/\/www.annonces-legales.org\/blog\/impartial-de-l-eure\/","og_site_name":"Actualit\u00e9 des entreprises","article_modified_time":"2022-01-26T10:51:20+00:00","twitter_card":"summary_large_image","twitter_misc":{"Dur\u00e9e de lecture estim\u00e9e":"1 minute"},"schema":{"@context":"https:\/\/schema.org","@graph":[{"@type":"WebPage","@id":"https:\/\/www.annonces-legales.org\/blog\/impartial-de-l-eure\/","url":"https:\/\/www.annonces-legales.org\/blog\/impartial-de-l-eure\/","name":"Impartial (de l'Eure) - Actualit\u00e9 des entreprises","isPartOf":{"@id":"https:\/\/www.annonces-legales.org\/blog\/#website"},"datePublished":"2021-12-20T20:02:22+00:00","dateModified":"2022-01-26T10:51:20+00:00","breadcrumb":{"@id":"https:\/\/www.annonces-legales.org\/blog\/impartial-de-l-eure\/#breadcrumb"},"inLanguage":"fr-FR","potentialAction":[{"@type":"ReadAction","target":["https:\/\/www.annonces-legales.org\/blog\/impartial-de-l-eure\/"]}]},{"@type":"BreadcrumbList","@id":"https:\/\/www.annonces-legales.org\/blog\/impartial-de-l-eure\/#breadcrumb","itemListElement":[{"@type":"ListItem","position":1,"name":"Accueil","item":"https:\/\/www.annonces-legales.org\/blog\/"},{"@type":"ListItem","position":2,"name":"Liste des journaux habilit\u00e9s \u00e0 publier des annonces l\u00e9gales","item":"https:\/\/www.annonces-legales.org\/blog\/liste-des-journaux-habilites-a-publier-des-annonces-legales\/"},{"@type":"ListItem","position":3,"name":"Impartial (de l&rsquo;Eure)"}]},{"@type":"WebSite","@id":"https:\/\/www.annonces-legales.org\/blog\/#website","url":"https:\/\/www.annonces-legales.org\/blog\/","name":"Actualit\u00e9 des entreprises","description":"","publisher":{"@id":"https:\/\/www.annonces-legales.org\/blog\/#organization"},"potentialAction":[{"@type":"SearchAction","target":{"@type":"EntryPoint","urlTemplate":"https:\/\/www.annonces-legales.org\/blog\/?s={search_term_string}"},"query-input":{"@type":"PropertyValueSpecification","valueRequired":true,"valueName":"search_term_string"}}],"inLanguage":"fr-FR"},{"@type":"Organization","@id":"https:\/\/www.annonces-legales.org\/blog\/#organization","name":"Actualit\u00e9 des entreprises","url":"https:\/\/www.annonces-legales.org\/blog\/","logo":{"@type":"ImageObject","inLanguage":"fr-FR","@id":"https:\/\/www.annonces-legales.org\/blog\/#\/schema\/logo\/image\/","url":"https:\/\/www.annonces-legales.org\/blog\/wp-content\/uploads\/2023\/08\/annonces-legales.svg","contentUrl":"https:\/\/www.annonces-legales.org\/blog\/wp-content\/uploads\/2023\/08\/annonces-legales.svg","caption":"Actualit\u00e9 des entreprises"},"image":{"@id":"https:\/\/www.annonces-legales.org\/blog\/#\/schema\/logo\/image\/"}}]}},"_links":{"self":[{"href":"https:\/\/www.annonces-legales.org\/blog\/wp-json\/wp\/v2\/pages\/1675","targetHints":{"allow":["GET"]}}],"collection":[{"href":"https:\/\/www.annonces-legales.org\/blog\/wp-json\/wp\/v2\/pages"}],"about":[{"href":"https:\/\/www.annonces-legales.org\/blog\/wp-json\/wp\/v2\/types\/page"}],"author":[{"embeddable":true,"href":"https:\/\/www.annonces-legales.org\/blog\/wp-json\/wp\/v2\/users\/1"}],"replies":[{"embeddable":true,"href":"https:\/\/www.annonces-legales.org\/blog\/wp-json\/wp\/v2\/comments?post=1675"}],"version-history":[{"count":4,"href":"https:\/\/www.annonces-legales.org\/blog\/wp-json\/wp\/v2\/pages\/1675\/revisions"}],"predecessor-version":[{"id":1679,"href":"https:\/\/www.annonces-legales.org\/blog\/wp-json\/wp\/v2\/pages\/1675\/revisions\/1679"}],"up":[{"embeddable":true,"href":"https:\/\/www.annonces-legales.org\/blog\/wp-json\/wp\/v2\/pages\/351"}],"wp:attachment":[{"href":"https:\/\/www.annonces-legales.org\/blog\/wp-json\/wp\/v2\/media?parent=1675"}],"curies":[{"name":"wp","href":"https:\/\/api.w.org\/{rel}","templated":true}]}}