{"id":1683,"date":"2021-12-20T21:12:08","date_gmt":"2021-12-20T20:12:08","guid":{"rendered":"https:\/\/www.annonces-legales.org\/blog\/?page_id=1683"},"modified":"2022-01-26T12:00:54","modified_gmt":"2022-01-26T11:00:54","slug":"le-commercial-du-gard","status":"publish","type":"page","link":"https:\/\/www.annonces-legales.org\/blog\/le-commercial-du-gard\/","title":{"rendered":"Le Commercial du Gard"},"content":{"rendered":"<p>Le <strong>Commercial du Gard<\/strong> est un hebdomadaire du d\u00e9partement du Gard qui publie un nouveau num\u00e9ro tous les mardis. C&rsquo;est un\u00a0 hebdomadaire d&rsquo;information commerciale, locale et judiciaire.<\/p>\n<h2>Informations sur Le Commercial du Gard<\/h2>\n<p>Le journal a \u00e9t\u00e9 fond\u00e9 en 1930 par Henri Michel. En 1955, le journal fusionne avec un autre journal: \u00ab\u00a0Les Petites Affiches Gardoise R\u00e9unis\u00a0\u00bb. Le journal para\u00eet chaque semaine sans exception et publie donc 52 num\u00e9ros par an.<br \/>\nLe journal est imprim\u00e9 par la soci\u00e9t\u00e9 <strong>La Parfaite<\/strong> qui est situ\u00e9e \u00e0 N\u00eemes au 12 rue des fourbisseurs. Le journal peut \u00eatre contact\u00e9 \u00e0 la m\u00eame adresse. Il est \u00e9galement possible de contacter le journal par t\u00e9l\u00e9phone aux 04 66 67 57 51. Pour une correspondance par e-mail, il faut utiliser l&rsquo;adresse suivante : info@lecommercialdugard.com<\/p>\n<p>&nbsp;<\/p>\n<h2>Publier des annonces l\u00e9gales dans le Gard<\/h2>\n<p>Le Commercial du Gard fait parti des journaux qui ont le droit de publier des annonces l\u00e9gales pour les soci\u00e9t\u00e9s les personnes physiques qui r\u00e9sident dans le Gard. Il est donc possible de contacter cet hebdomadaire pour demander la publication d&rsquo;une annonce l\u00e9gale ou d&rsquo;un avis de constitution d&rsquo;entreprise. Cependant, beaucoup d&rsquo;autres journaux peuvent r\u00e9aliser cette publication. Nous vous proposons la publication de votre annonce l\u00e9gale au meilleur prix avec nos services.<\/p>\n<br\/><br\/><div class=\"entry-content notopmargin\">\n\t<img decoding=\"async\" class=\"img-fluid fleft\" src=\"https:\/\/www.annonces-legales.org\/images\/rapide-economique-tout-departement.png\" alt=\"Journal d'annonce l\u00e9gale  du Gard \"><a href=\"https:\/\/www.annonces-legales.org\/publication-annonce-legale.html\" class=\"button button-desc fright mtop30\"><div>Je publie<br> mon annonce<br> l\u00e9gale<\/div><span>dans un journal  du Gard !<\/span><\/a>\n<\/div><div class=\"clrbth\"><\/div><br\/><br\/>\n","protected":false},"excerpt":{"rendered":"<p>Le Commercial du Gard est un hebdomadaire du d\u00e9partement du Gard qui publie un nouveau num\u00e9ro tous les mardis. C&rsquo;est [&hellip;]<\/p>\n","protected":false},"author":1,"featured_media":0,"parent":351,"menu_order":0,"comment_status":"closed","ping_status":"closed","template":"","meta":{"inline_featured_image":false,"footnotes":""},"class_list":["post-1683","page","type-page","status-publish","hentry"],"yoast_head":"<!-- This site is optimized with the Yoast SEO plugin v26.8 - https:\/\/yoast.com\/product\/yoast-seo-wordpress\/ -->\n<title>Le Commercial du Gard - Actualit\u00e9 des entreprises<\/title>\n<meta name=\"robots\" content=\"index, follow, max-snippet:-1, max-image-preview:large, max-video-preview:-1\" \/>\n<link rel=\"canonical\" href=\"https:\/\/www.annonces-legales.org\/blog\/le-commercial-du-gard\/\" \/>\n<meta property=\"og:locale\" content=\"fr_FR\" \/>\n<meta property=\"og:type\" content=\"article\" \/>\n<meta property=\"og:title\" content=\"Le Commercial du Gard - Actualit\u00e9 des entreprises\" \/>\n<meta property=\"og:description\" content=\"Le Commercial du Gard est un hebdomadaire du d\u00e9partement du Gard qui publie un nouveau num\u00e9ro tous les mardis. C&rsquo;est [&hellip;]\" \/>\n<meta property=\"og:url\" content=\"https:\/\/www.annonces-legales.org\/blog\/le-commercial-du-gard\/\" \/>\n<meta property=\"og:site_name\" content=\"Actualit\u00e9 des entreprises\" \/>\n<meta property=\"article:modified_time\" content=\"2022-01-26T11:00:54+00:00\" \/>\n<meta name=\"twitter:card\" content=\"summary_large_image\" \/>\n<meta name=\"twitter:label1\" content=\"Dur\u00e9e de lecture estim\u00e9e\" \/>\n\t<meta name=\"twitter:data1\" content=\"1 minute\" \/>\n<script type=\"application\/ld+json\" class=\"yoast-schema-graph\">{\"@context\":\"https:\/\/schema.org\",\"@graph\":[{\"@type\":\"WebPage\",\"@id\":\"https:\/\/www.annonces-legales.org\/blog\/le-commercial-du-gard\/\",\"url\":\"https:\/\/www.annonces-legales.org\/blog\/le-commercial-du-gard\/\",\"name\":\"Le Commercial du Gard - Actualit\u00e9 des entreprises\",\"isPartOf\":{\"@id\":\"https:\/\/www.annonces-legales.org\/blog\/#website\"},\"datePublished\":\"2021-12-20T20:12:08+00:00\",\"dateModified\":\"2022-01-26T11:00:54+00:00\",\"breadcrumb\":{\"@id\":\"https:\/\/www.annonces-legales.org\/blog\/le-commercial-du-gard\/#breadcrumb\"},\"inLanguage\":\"fr-FR\",\"potentialAction\":[{\"@type\":\"ReadAction\",\"target\":[\"https:\/\/www.annonces-legales.org\/blog\/le-commercial-du-gard\/\"]}]},{\"@type\":\"BreadcrumbList\",\"@id\":\"https:\/\/www.annonces-legales.org\/blog\/le-commercial-du-gard\/#breadcrumb\",\"itemListElement\":[{\"@type\":\"ListItem\",\"position\":1,\"name\":\"Accueil\",\"item\":\"https:\/\/www.annonces-legales.org\/blog\/\"},{\"@type\":\"ListItem\",\"position\":2,\"name\":\"Liste des journaux habilit\u00e9s \u00e0 publier des annonces l\u00e9gales\",\"item\":\"https:\/\/www.annonces-legales.org\/blog\/liste-des-journaux-habilites-a-publier-des-annonces-legales\/\"},{\"@type\":\"ListItem\",\"position\":3,\"name\":\"Le Commercial du Gard\"}]},{\"@type\":\"WebSite\",\"@id\":\"https:\/\/www.annonces-legales.org\/blog\/#website\",\"url\":\"https:\/\/www.annonces-legales.org\/blog\/\",\"name\":\"Actualit\u00e9 des entreprises\",\"description\":\"\",\"publisher\":{\"@id\":\"https:\/\/www.annonces-legales.org\/blog\/#organization\"},\"potentialAction\":[{\"@type\":\"SearchAction\",\"target\":{\"@type\":\"EntryPoint\",\"urlTemplate\":\"https:\/\/www.annonces-legales.org\/blog\/?s={search_term_string}\"},\"query-input\":{\"@type\":\"PropertyValueSpecification\",\"valueRequired\":true,\"valueName\":\"search_term_string\"}}],\"inLanguage\":\"fr-FR\"},{\"@type\":\"Organization\",\"@id\":\"https:\/\/www.annonces-legales.org\/blog\/#organization\",\"name\":\"Actualit\u00e9 des entreprises\",\"url\":\"https:\/\/www.annonces-legales.org\/blog\/\",\"logo\":{\"@type\":\"ImageObject\",\"inLanguage\":\"fr-FR\",\"@id\":\"https:\/\/www.annonces-legales.org\/blog\/#\/schema\/logo\/image\/\",\"url\":\"https:\/\/www.annonces-legales.org\/blog\/wp-content\/uploads\/2023\/08\/annonces-legales.svg\",\"contentUrl\":\"https:\/\/www.annonces-legales.org\/blog\/wp-content\/uploads\/2023\/08\/annonces-legales.svg\",\"caption\":\"Actualit\u00e9 des entreprises\"},\"image\":{\"@id\":\"https:\/\/www.annonces-legales.org\/blog\/#\/schema\/logo\/image\/\"}}]}<\/script>\n<!-- \/ Yoast SEO plugin. -->","yoast_head_json":{"title":"Le Commercial du Gard - Actualit\u00e9 des entreprises","robots":{"index":"index","follow":"follow","max-snippet":"max-snippet:-1","max-image-preview":"max-image-preview:large","max-video-preview":"max-video-preview:-1"},"canonical":"https:\/\/www.annonces-legales.org\/blog\/le-commercial-du-gard\/","og_locale":"fr_FR","og_type":"article","og_title":"Le Commercial du Gard - Actualit\u00e9 des entreprises","og_description":"Le Commercial du Gard est un hebdomadaire du d\u00e9partement du Gard qui publie un nouveau num\u00e9ro tous les mardis. C&rsquo;est [&hellip;]","og_url":"https:\/\/www.annonces-legales.org\/blog\/le-commercial-du-gard\/","og_site_name":"Actualit\u00e9 des entreprises","article_modified_time":"2022-01-26T11:00:54+00:00","twitter_card":"summary_large_image","twitter_misc":{"Dur\u00e9e de lecture estim\u00e9e":"1 minute"},"schema":{"@context":"https:\/\/schema.org","@graph":[{"@type":"WebPage","@id":"https:\/\/www.annonces-legales.org\/blog\/le-commercial-du-gard\/","url":"https:\/\/www.annonces-legales.org\/blog\/le-commercial-du-gard\/","name":"Le Commercial du Gard - Actualit\u00e9 des entreprises","isPartOf":{"@id":"https:\/\/www.annonces-legales.org\/blog\/#website"},"datePublished":"2021-12-20T20:12:08+00:00","dateModified":"2022-01-26T11:00:54+00:00","breadcrumb":{"@id":"https:\/\/www.annonces-legales.org\/blog\/le-commercial-du-gard\/#breadcrumb"},"inLanguage":"fr-FR","potentialAction":[{"@type":"ReadAction","target":["https:\/\/www.annonces-legales.org\/blog\/le-commercial-du-gard\/"]}]},{"@type":"BreadcrumbList","@id":"https:\/\/www.annonces-legales.org\/blog\/le-commercial-du-gard\/#breadcrumb","itemListElement":[{"@type":"ListItem","position":1,"name":"Accueil","item":"https:\/\/www.annonces-legales.org\/blog\/"},{"@type":"ListItem","position":2,"name":"Liste des journaux habilit\u00e9s \u00e0 publier des annonces l\u00e9gales","item":"https:\/\/www.annonces-legales.org\/blog\/liste-des-journaux-habilites-a-publier-des-annonces-legales\/"},{"@type":"ListItem","position":3,"name":"Le Commercial du Gard"}]},{"@type":"WebSite","@id":"https:\/\/www.annonces-legales.org\/blog\/#website","url":"https:\/\/www.annonces-legales.org\/blog\/","name":"Actualit\u00e9 des entreprises","description":"","publisher":{"@id":"https:\/\/www.annonces-legales.org\/blog\/#organization"},"potentialAction":[{"@type":"SearchAction","target":{"@type":"EntryPoint","urlTemplate":"https:\/\/www.annonces-legales.org\/blog\/?s={search_term_string}"},"query-input":{"@type":"PropertyValueSpecification","valueRequired":true,"valueName":"search_term_string"}}],"inLanguage":"fr-FR"},{"@type":"Organization","@id":"https:\/\/www.annonces-legales.org\/blog\/#organization","name":"Actualit\u00e9 des entreprises","url":"https:\/\/www.annonces-legales.org\/blog\/","logo":{"@type":"ImageObject","inLanguage":"fr-FR","@id":"https:\/\/www.annonces-legales.org\/blog\/#\/schema\/logo\/image\/","url":"https:\/\/www.annonces-legales.org\/blog\/wp-content\/uploads\/2023\/08\/annonces-legales.svg","contentUrl":"https:\/\/www.annonces-legales.org\/blog\/wp-content\/uploads\/2023\/08\/annonces-legales.svg","caption":"Actualit\u00e9 des entreprises"},"image":{"@id":"https:\/\/www.annonces-legales.org\/blog\/#\/schema\/logo\/image\/"}}]}},"_links":{"self":[{"href":"https:\/\/www.annonces-legales.org\/blog\/wp-json\/wp\/v2\/pages\/1683","targetHints":{"allow":["GET"]}}],"collection":[{"href":"https:\/\/www.annonces-legales.org\/blog\/wp-json\/wp\/v2\/pages"}],"about":[{"href":"https:\/\/www.annonces-legales.org\/blog\/wp-json\/wp\/v2\/types\/page"}],"author":[{"embeddable":true,"href":"https:\/\/www.annonces-legales.org\/blog\/wp-json\/wp\/v2\/users\/1"}],"replies":[{"embeddable":true,"href":"https:\/\/www.annonces-legales.org\/blog\/wp-json\/wp\/v2\/comments?post=1683"}],"version-history":[{"count":1,"href":"https:\/\/www.annonces-legales.org\/blog\/wp-json\/wp\/v2\/pages\/1683\/revisions"}],"predecessor-version":[{"id":1684,"href":"https:\/\/www.annonces-legales.org\/blog\/wp-json\/wp\/v2\/pages\/1683\/revisions\/1684"}],"up":[{"embeddable":true,"href":"https:\/\/www.annonces-legales.org\/blog\/wp-json\/wp\/v2\/pages\/351"}],"wp:attachment":[{"href":"https:\/\/www.annonces-legales.org\/blog\/wp-json\/wp\/v2\/media?parent=1683"}],"curies":[{"name":"wp","href":"https:\/\/api.w.org\/{rel}","templated":true}]}}