{"id":1685,"date":"2022-02-10T11:36:35","date_gmt":"2022-02-10T10:36:35","guid":{"rendered":"https:\/\/www.annonces-legales.org\/blog\/?page_id=1685"},"modified":"2022-01-26T12:13:24","modified_gmt":"2022-01-26T11:13:24","slug":"republicain-d-uzes-et-du-gard","status":"publish","type":"page","link":"https:\/\/www.annonces-legales.org\/blog\/republicain-d-uzes-et-du-gard\/","title":{"rendered":"R\u00e9publicain d&rsquo;Uz\u00e8s et du Gard"},"content":{"rendered":"<p>&nbsp;<\/p>\n<p>Le <strong>R\u00e9publicain d&rsquo;Uz\u00e8s et du Gard<\/strong> est un hebdomadaire de la presse r\u00e9gionale qui offre des informations sur Uz\u00e8s et ses alentours. Ce journal est distribu\u00e9 chaque jeudi dans tous les kiosques et maisons de presse du Gard. C&rsquo;est un journal g\u00e9n\u00e9raliste qui traite de l&rsquo;actualit\u00e9 \u00e9conomique, sportive, associative, touristique, et politique sous un point de vue local.<br \/>\nLe journal fait appel \u00e0 trois journalistes ainsi qu&rsquo;\u00e0 un r\u00e9seau de correspondants. Le journal propose \u00e9galement des sections sur les ventes aux ench\u00e8res immobili\u00e8res et les appels d&rsquo;offres du d\u00e9partement du Gard. Le journal est habilit\u00e9 \u00e0 faire des annonces l\u00e9gales du d\u00e9partement du Gard (avis de constitution, vente de fonds de commerce, modification du capital, changement du g\u00e9rant, dissolution, redressement\u2026).<\/p>\n<p>L&rsquo;\u00e9quipe du journal est compos\u00e9e de 12 personnes et de pr\u00e8s de 30 correspondants. La direction du journal est compos\u00e9e de Jacques <strong>Riccobono<\/strong> (pr\u00e9sident) et de Patricia Campos (directrice d\u00e9l\u00e9gu\u00e9e).<\/p>\n<p>&nbsp;<\/p>\n<h2>Histoire du Journal<\/h2>\n<p>Le journal a \u00e9t\u00e9 fond\u00e9 en septembre 1944. Il s&rsquo;appelait tout d&rsquo;abord <strong>R\u00e9publicain d&rsquo;Uz\u00e8s<\/strong>. Il ne faut pas confondre ce journal avec le \u00ab\u00a0Journal d&rsquo;Uz\u00e8s et de son arrondissement\u00a0\u00bb qui est un journal totalement diff\u00e9rent et qui date de 1820.<\/p>\n<p>Aujourd&rsquo;hui, le journal appartient au groupe Riccobono qui est une imprimerie qui propose \u00e9galement des conseils dans le digital et dans la communication. Cette soci\u00e9t\u00e9 poss\u00e8de plusieurs journaux et magazines comme par exemple Var information, l&rsquo;avenir C\u00f4te d&rsquo;Azur, ou encore Vaucluse Hebdo.<\/p>\n<p>Adresse du journal : 7 bis avenue du g\u00e9n\u00e9ral Vincent \u00e0 Uz\u00e8s (30703)<br \/>\nT\u00e9l\u00e9phone journal : 04 66 22 58 19<br \/>\nE-mail : m.roux@riccobono.fr<\/p>\n<p>&nbsp;<\/p>\n<h2>La pr\u00e9sence Web du journal<\/h2>\n<p><img loading=\"lazy\" decoding=\"async\" class=\"aligncenter size-full wp-image-1686\" src=\"https:\/\/www.annonces-legales.org\/blog\/wp-content\/uploads\/2021\/12\/le-republicain-d-uzes-et-du-gard-site-web.png\" alt=\"\" width=\"800\" height=\"805\" srcset=\"https:\/\/www.annonces-legales.org\/blog\/wp-content\/uploads\/2021\/12\/le-republicain-d-uzes-et-du-gard-site-web.png 800w, https:\/\/www.annonces-legales.org\/blog\/wp-content\/uploads\/2021\/12\/le-republicain-d-uzes-et-du-gard-site-web-298x300.png 298w, https:\/\/www.annonces-legales.org\/blog\/wp-content\/uploads\/2021\/12\/le-republicain-d-uzes-et-du-gard-site-web-150x150.png 150w, https:\/\/www.annonces-legales.org\/blog\/wp-content\/uploads\/2021\/12\/le-republicain-d-uzes-et-du-gard-site-web-768x773.png 768w\" sizes=\"auto, (max-width: 800px) 100vw, 800px\" \/><\/p>\n<p>Le R\u00e9publicain d&rsquo;Uz\u00e8s et du Gard est pr\u00e9sent sur Internet \u00e0 travers sa page Facebook qui poss\u00e8de plus de 4000 abonn\u00e9s. On peut retrouver sur cette page l&rsquo;ensemble des informations importantes du pays d&rsquo;Uz\u00e8s.<br \/>\nLe journal poss\u00e8de aussi un site Internet sur lequel on peut voir les march\u00e9s publics et les ventes aux ench\u00e8res. Il est \u00e9galement possible de commander des annonces l\u00e9gales. Par contre le journal ne propose quasiment pas d&rsquo;actualit\u00e9 sur son site Internet.<\/p>\n","protected":false},"excerpt":{"rendered":"<p>&nbsp; Le R\u00e9publicain d&rsquo;Uz\u00e8s et du Gard est un hebdomadaire de la presse r\u00e9gionale qui offre des informations sur Uz\u00e8s [&hellip;]<\/p>\n","protected":false},"author":1,"featured_media":0,"parent":351,"menu_order":0,"comment_status":"closed","ping_status":"closed","template":"","meta":{"inline_featured_image":false,"footnotes":""},"class_list":["post-1685","page","type-page","status-publish","hentry"],"yoast_head":"<!-- This site is optimized with the Yoast SEO plugin v26.8 - https:\/\/yoast.com\/product\/yoast-seo-wordpress\/ -->\n<title>R\u00e9publicain d&#039;Uz\u00e8s et du Gard - Actualit\u00e9 des entreprises<\/title>\n<meta name=\"robots\" content=\"index, follow, max-snippet:-1, max-image-preview:large, max-video-preview:-1\" \/>\n<link rel=\"canonical\" href=\"https:\/\/www.annonces-legales.org\/blog\/republicain-d-uzes-et-du-gard\/\" \/>\n<meta property=\"og:locale\" content=\"fr_FR\" \/>\n<meta property=\"og:type\" content=\"article\" \/>\n<meta property=\"og:title\" content=\"R\u00e9publicain d&#039;Uz\u00e8s et du Gard - Actualit\u00e9 des entreprises\" \/>\n<meta property=\"og:description\" content=\"&nbsp; Le R\u00e9publicain d&rsquo;Uz\u00e8s et du Gard est un hebdomadaire de la presse r\u00e9gionale qui offre des informations sur Uz\u00e8s [&hellip;]\" \/>\n<meta property=\"og:url\" content=\"https:\/\/www.annonces-legales.org\/blog\/republicain-d-uzes-et-du-gard\/\" \/>\n<meta property=\"og:site_name\" content=\"Actualit\u00e9 des entreprises\" \/>\n<meta property=\"og:image\" content=\"https:\/\/www.annonces-legales.org\/blog\/wp-content\/uploads\/2021\/12\/le-republicain-d-uzes-et-du-gard-site-web.png\" \/>\n\t<meta property=\"og:image:width\" content=\"800\" \/>\n\t<meta property=\"og:image:height\" content=\"805\" \/>\n\t<meta property=\"og:image:type\" content=\"image\/png\" \/>\n<meta name=\"twitter:card\" content=\"summary_large_image\" \/>\n<meta name=\"twitter:label1\" content=\"Dur\u00e9e de lecture estim\u00e9e\" \/>\n\t<meta name=\"twitter:data1\" content=\"2 minutes\" \/>\n<script type=\"application\/ld+json\" class=\"yoast-schema-graph\">{\"@context\":\"https:\/\/schema.org\",\"@graph\":[{\"@type\":\"WebPage\",\"@id\":\"https:\/\/www.annonces-legales.org\/blog\/republicain-d-uzes-et-du-gard\/\",\"url\":\"https:\/\/www.annonces-legales.org\/blog\/republicain-d-uzes-et-du-gard\/\",\"name\":\"R\u00e9publicain d'Uz\u00e8s et du Gard - Actualit\u00e9 des entreprises\",\"isPartOf\":{\"@id\":\"https:\/\/www.annonces-legales.org\/blog\/#website\"},\"primaryImageOfPage\":{\"@id\":\"https:\/\/www.annonces-legales.org\/blog\/republicain-d-uzes-et-du-gard\/#primaryimage\"},\"image\":{\"@id\":\"https:\/\/www.annonces-legales.org\/blog\/republicain-d-uzes-et-du-gard\/#primaryimage\"},\"thumbnailUrl\":\"https:\/\/www.annonces-legales.org\/blog\/wp-content\/uploads\/2021\/12\/le-republicain-d-uzes-et-du-gard-site-web.png\",\"datePublished\":\"2022-02-10T10:36:35+00:00\",\"breadcrumb\":{\"@id\":\"https:\/\/www.annonces-legales.org\/blog\/republicain-d-uzes-et-du-gard\/#breadcrumb\"},\"inLanguage\":\"fr-FR\",\"potentialAction\":[{\"@type\":\"ReadAction\",\"target\":[\"https:\/\/www.annonces-legales.org\/blog\/republicain-d-uzes-et-du-gard\/\"]}]},{\"@type\":\"ImageObject\",\"inLanguage\":\"fr-FR\",\"@id\":\"https:\/\/www.annonces-legales.org\/blog\/republicain-d-uzes-et-du-gard\/#primaryimage\",\"url\":\"https:\/\/www.annonces-legales.org\/blog\/wp-content\/uploads\/2021\/12\/le-republicain-d-uzes-et-du-gard-site-web.png\",\"contentUrl\":\"https:\/\/www.annonces-legales.org\/blog\/wp-content\/uploads\/2021\/12\/le-republicain-d-uzes-et-du-gard-site-web.png\",\"width\":800,\"height\":805},{\"@type\":\"BreadcrumbList\",\"@id\":\"https:\/\/www.annonces-legales.org\/blog\/republicain-d-uzes-et-du-gard\/#breadcrumb\",\"itemListElement\":[{\"@type\":\"ListItem\",\"position\":1,\"name\":\"Accueil\",\"item\":\"https:\/\/www.annonces-legales.org\/blog\/\"},{\"@type\":\"ListItem\",\"position\":2,\"name\":\"Liste des journaux habilit\u00e9s \u00e0 publier des annonces l\u00e9gales\",\"item\":\"https:\/\/www.annonces-legales.org\/blog\/liste-des-journaux-habilites-a-publier-des-annonces-legales\/\"},{\"@type\":\"ListItem\",\"position\":3,\"name\":\"R\u00e9publicain d&rsquo;Uz\u00e8s et du Gard\"}]},{\"@type\":\"WebSite\",\"@id\":\"https:\/\/www.annonces-legales.org\/blog\/#website\",\"url\":\"https:\/\/www.annonces-legales.org\/blog\/\",\"name\":\"Actualit\u00e9 des entreprises\",\"description\":\"\",\"publisher\":{\"@id\":\"https:\/\/www.annonces-legales.org\/blog\/#organization\"},\"potentialAction\":[{\"@type\":\"SearchAction\",\"target\":{\"@type\":\"EntryPoint\",\"urlTemplate\":\"https:\/\/www.annonces-legales.org\/blog\/?s={search_term_string}\"},\"query-input\":{\"@type\":\"PropertyValueSpecification\",\"valueRequired\":true,\"valueName\":\"search_term_string\"}}],\"inLanguage\":\"fr-FR\"},{\"@type\":\"Organization\",\"@id\":\"https:\/\/www.annonces-legales.org\/blog\/#organization\",\"name\":\"Actualit\u00e9 des entreprises\",\"url\":\"https:\/\/www.annonces-legales.org\/blog\/\",\"logo\":{\"@type\":\"ImageObject\",\"inLanguage\":\"fr-FR\",\"@id\":\"https:\/\/www.annonces-legales.org\/blog\/#\/schema\/logo\/image\/\",\"url\":\"https:\/\/www.annonces-legales.org\/blog\/wp-content\/uploads\/2023\/08\/annonces-legales.svg\",\"contentUrl\":\"https:\/\/www.annonces-legales.org\/blog\/wp-content\/uploads\/2023\/08\/annonces-legales.svg\",\"caption\":\"Actualit\u00e9 des entreprises\"},\"image\":{\"@id\":\"https:\/\/www.annonces-legales.org\/blog\/#\/schema\/logo\/image\/\"}}]}<\/script>\n<!-- \/ Yoast SEO plugin. -->","yoast_head_json":{"title":"R\u00e9publicain d'Uz\u00e8s et du Gard - Actualit\u00e9 des entreprises","robots":{"index":"index","follow":"follow","max-snippet":"max-snippet:-1","max-image-preview":"max-image-preview:large","max-video-preview":"max-video-preview:-1"},"canonical":"https:\/\/www.annonces-legales.org\/blog\/republicain-d-uzes-et-du-gard\/","og_locale":"fr_FR","og_type":"article","og_title":"R\u00e9publicain d'Uz\u00e8s et du Gard - Actualit\u00e9 des entreprises","og_description":"&nbsp; Le R\u00e9publicain d&rsquo;Uz\u00e8s et du Gard est un hebdomadaire de la presse r\u00e9gionale qui offre des informations sur Uz\u00e8s [&hellip;]","og_url":"https:\/\/www.annonces-legales.org\/blog\/republicain-d-uzes-et-du-gard\/","og_site_name":"Actualit\u00e9 des entreprises","og_image":[{"width":800,"height":805,"url":"https:\/\/www.annonces-legales.org\/blog\/wp-content\/uploads\/2021\/12\/le-republicain-d-uzes-et-du-gard-site-web.png","type":"image\/png"}],"twitter_card":"summary_large_image","twitter_misc":{"Dur\u00e9e de lecture estim\u00e9e":"2 minutes"},"schema":{"@context":"https:\/\/schema.org","@graph":[{"@type":"WebPage","@id":"https:\/\/www.annonces-legales.org\/blog\/republicain-d-uzes-et-du-gard\/","url":"https:\/\/www.annonces-legales.org\/blog\/republicain-d-uzes-et-du-gard\/","name":"R\u00e9publicain d'Uz\u00e8s et du Gard - Actualit\u00e9 des entreprises","isPartOf":{"@id":"https:\/\/www.annonces-legales.org\/blog\/#website"},"primaryImageOfPage":{"@id":"https:\/\/www.annonces-legales.org\/blog\/republicain-d-uzes-et-du-gard\/#primaryimage"},"image":{"@id":"https:\/\/www.annonces-legales.org\/blog\/republicain-d-uzes-et-du-gard\/#primaryimage"},"thumbnailUrl":"https:\/\/www.annonces-legales.org\/blog\/wp-content\/uploads\/2021\/12\/le-republicain-d-uzes-et-du-gard-site-web.png","datePublished":"2022-02-10T10:36:35+00:00","breadcrumb":{"@id":"https:\/\/www.annonces-legales.org\/blog\/republicain-d-uzes-et-du-gard\/#breadcrumb"},"inLanguage":"fr-FR","potentialAction":[{"@type":"ReadAction","target":["https:\/\/www.annonces-legales.org\/blog\/republicain-d-uzes-et-du-gard\/"]}]},{"@type":"ImageObject","inLanguage":"fr-FR","@id":"https:\/\/www.annonces-legales.org\/blog\/republicain-d-uzes-et-du-gard\/#primaryimage","url":"https:\/\/www.annonces-legales.org\/blog\/wp-content\/uploads\/2021\/12\/le-republicain-d-uzes-et-du-gard-site-web.png","contentUrl":"https:\/\/www.annonces-legales.org\/blog\/wp-content\/uploads\/2021\/12\/le-republicain-d-uzes-et-du-gard-site-web.png","width":800,"height":805},{"@type":"BreadcrumbList","@id":"https:\/\/www.annonces-legales.org\/blog\/republicain-d-uzes-et-du-gard\/#breadcrumb","itemListElement":[{"@type":"ListItem","position":1,"name":"Accueil","item":"https:\/\/www.annonces-legales.org\/blog\/"},{"@type":"ListItem","position":2,"name":"Liste des journaux habilit\u00e9s \u00e0 publier des annonces l\u00e9gales","item":"https:\/\/www.annonces-legales.org\/blog\/liste-des-journaux-habilites-a-publier-des-annonces-legales\/"},{"@type":"ListItem","position":3,"name":"R\u00e9publicain d&rsquo;Uz\u00e8s et du Gard"}]},{"@type":"WebSite","@id":"https:\/\/www.annonces-legales.org\/blog\/#website","url":"https:\/\/www.annonces-legales.org\/blog\/","name":"Actualit\u00e9 des entreprises","description":"","publisher":{"@id":"https:\/\/www.annonces-legales.org\/blog\/#organization"},"potentialAction":[{"@type":"SearchAction","target":{"@type":"EntryPoint","urlTemplate":"https:\/\/www.annonces-legales.org\/blog\/?s={search_term_string}"},"query-input":{"@type":"PropertyValueSpecification","valueRequired":true,"valueName":"search_term_string"}}],"inLanguage":"fr-FR"},{"@type":"Organization","@id":"https:\/\/www.annonces-legales.org\/blog\/#organization","name":"Actualit\u00e9 des entreprises","url":"https:\/\/www.annonces-legales.org\/blog\/","logo":{"@type":"ImageObject","inLanguage":"fr-FR","@id":"https:\/\/www.annonces-legales.org\/blog\/#\/schema\/logo\/image\/","url":"https:\/\/www.annonces-legales.org\/blog\/wp-content\/uploads\/2023\/08\/annonces-legales.svg","contentUrl":"https:\/\/www.annonces-legales.org\/blog\/wp-content\/uploads\/2023\/08\/annonces-legales.svg","caption":"Actualit\u00e9 des entreprises"},"image":{"@id":"https:\/\/www.annonces-legales.org\/blog\/#\/schema\/logo\/image\/"}}]}},"_links":{"self":[{"href":"https:\/\/www.annonces-legales.org\/blog\/wp-json\/wp\/v2\/pages\/1685","targetHints":{"allow":["GET"]}}],"collection":[{"href":"https:\/\/www.annonces-legales.org\/blog\/wp-json\/wp\/v2\/pages"}],"about":[{"href":"https:\/\/www.annonces-legales.org\/blog\/wp-json\/wp\/v2\/types\/page"}],"author":[{"embeddable":true,"href":"https:\/\/www.annonces-legales.org\/blog\/wp-json\/wp\/v2\/users\/1"}],"replies":[{"embeddable":true,"href":"https:\/\/www.annonces-legales.org\/blog\/wp-json\/wp\/v2\/comments?post=1685"}],"version-history":[{"count":1,"href":"https:\/\/www.annonces-legales.org\/blog\/wp-json\/wp\/v2\/pages\/1685\/revisions"}],"predecessor-version":[{"id":1687,"href":"https:\/\/www.annonces-legales.org\/blog\/wp-json\/wp\/v2\/pages\/1685\/revisions\/1687"}],"up":[{"embeddable":true,"href":"https:\/\/www.annonces-legales.org\/blog\/wp-json\/wp\/v2\/pages\/351"}],"wp:attachment":[{"href":"https:\/\/www.annonces-legales.org\/blog\/wp-json\/wp\/v2\/media?parent=1685"}],"curies":[{"name":"wp","href":"https:\/\/api.w.org\/{rel}","templated":true}]}}