{"id":1698,"date":"2022-03-25T10:48:20","date_gmt":"2022-03-25T09:48:20","guid":{"rendered":"https:\/\/www.annonces-legales.org\/blog\/?page_id=1698"},"modified":"2022-01-26T11:50:17","modified_gmt":"2022-01-26T10:50:17","slug":"haute-gironde","status":"publish","type":"page","link":"https:\/\/www.annonces-legales.org\/blog\/haute-gironde\/","title":{"rendered":"Haute Gironde"},"content":{"rendered":"<p>&nbsp;<\/p>\n<p>Le journal <strong>La Haute Gironde<\/strong> est un hebdomadaire dont le jour de parution est le vendredi. Il propose des actualit\u00e9s sur la Haute Gironde notamment sur Blaye, Saint-Andr\u00e9-de-Cubzac, Bourg, Saint-Savin et Saint-Ciers-sur-Gironde.<br \/>\nCet <strong>hebdomadaire Girondin<\/strong> a \u00e9t\u00e9 fond\u00e9 en 1988 et poss\u00e8de son si\u00e8ge social dans la ville de <strong>Blaye<\/strong>. Il sort chaque semaine \u00e0 environ 6000 exemplaires et il est lu par plus de 20 000 personnes. Son prix de vente en kiosque et de 1,60 euros. Le journal fait environ 40 pages.<br \/>\nLa directrice de publication est Anne Cazaubon.<\/p>\n<p>Adresse du journal : 112, Rue de l&rsquo;h\u00f4pital \u00e0 Blaye (33390)<br \/>\nT\u00e9l\u00e9phone du journal : 05 57 42 23 00<br \/>\nE-mail de la r\u00e9daction : redaction@hautegironde.fr<\/p>\n<p>&nbsp;<\/p>\n<h2>Abonnement au journal Haute Gironde<\/h2>\n<p>L&rsquo;hebdomadaire Haute Gironde a une formule d&rsquo;abonnement num\u00e9rique \u00e0 40 \u20ac par an. Elle permet d&rsquo;obtenir le journal au format num\u00e9rique tous les vendredis matin et permet \u00e9galement d&rsquo;avoir acc\u00e8s aux archives du journal. La formule int\u00e9grale comprend la livraison du journal \u00e0 domicile ainsi que un acc\u00e8s num\u00e9rique (journal format num\u00e9rique et acc\u00e8s aux archives) pour 58 \u20ac par an.<\/p>\n<h2><\/h2>\n<h2>Publication d&rsquo;une annonce l\u00e9gale dans le d\u00e9partement de la Gironde<\/h2>\n<p>La Haute Gironde est un journal habilit\u00e9 du d\u00e9partement. Il peut donc r\u00e9aliser la publication des avis de constitution des annonces l\u00e9gales de modification pour les entreprises girondines. Il peut \u00e9galement recevoir les annonces l\u00e9gales pour des demandes de changement de nom ou des demandes de changement de r\u00e9gime matrimonial.<\/p>\n<br\/><br\/><div class=\"entry-content notopmargin\">\n\t<img decoding=\"async\" class=\"img-fluid fleft\" src=\"https:\/\/www.annonces-legales.org\/images\/rapide-economique-tout-departement.png\" alt=\"Journal d'annonce l\u00e9gale  de Haute Gironde \"><a href=\"https:\/\/www.annonces-legales.org\/publication-annonce-legale.html\" class=\"button button-desc fright mtop30\"><div>Je publie<br> mon annonce<br> l\u00e9gale<\/div><span>dans un journal  de Haute Gironde !<\/span><\/a>\n<\/div><div class=\"clrbth\"><\/div><br\/><br\/>\n","protected":false},"excerpt":{"rendered":"<p>&nbsp; Le journal La Haute Gironde est un hebdomadaire dont le jour de parution est le vendredi. Il propose des [&hellip;]<\/p>\n","protected":false},"author":1,"featured_media":0,"parent":351,"menu_order":0,"comment_status":"closed","ping_status":"closed","template":"","meta":{"inline_featured_image":false,"footnotes":""},"class_list":["post-1698","page","type-page","status-publish","hentry"],"yoast_head":"<!-- This site is optimized with the Yoast SEO plugin v26.8 - https:\/\/yoast.com\/product\/yoast-seo-wordpress\/ -->\n<title>Haute Gironde - Actualit\u00e9 des entreprises<\/title>\n<meta name=\"robots\" content=\"index, follow, max-snippet:-1, max-image-preview:large, max-video-preview:-1\" \/>\n<link rel=\"canonical\" href=\"https:\/\/www.annonces-legales.org\/blog\/haute-gironde\/\" \/>\n<meta property=\"og:locale\" content=\"fr_FR\" \/>\n<meta property=\"og:type\" content=\"article\" \/>\n<meta property=\"og:title\" content=\"Haute Gironde - Actualit\u00e9 des entreprises\" \/>\n<meta property=\"og:description\" content=\"&nbsp; Le journal La Haute Gironde est un hebdomadaire dont le jour de parution est le vendredi. Il propose des [&hellip;]\" \/>\n<meta property=\"og:url\" content=\"https:\/\/www.annonces-legales.org\/blog\/haute-gironde\/\" \/>\n<meta property=\"og:site_name\" content=\"Actualit\u00e9 des entreprises\" \/>\n<meta name=\"twitter:card\" content=\"summary_large_image\" \/>\n<meta name=\"twitter:label1\" content=\"Dur\u00e9e de lecture estim\u00e9e\" \/>\n\t<meta name=\"twitter:data1\" content=\"1 minute\" \/>\n<script type=\"application\/ld+json\" class=\"yoast-schema-graph\">{\"@context\":\"https:\/\/schema.org\",\"@graph\":[{\"@type\":\"WebPage\",\"@id\":\"https:\/\/www.annonces-legales.org\/blog\/haute-gironde\/\",\"url\":\"https:\/\/www.annonces-legales.org\/blog\/haute-gironde\/\",\"name\":\"Haute Gironde - Actualit\u00e9 des entreprises\",\"isPartOf\":{\"@id\":\"https:\/\/www.annonces-legales.org\/blog\/#website\"},\"datePublished\":\"2022-03-25T09:48:20+00:00\",\"breadcrumb\":{\"@id\":\"https:\/\/www.annonces-legales.org\/blog\/haute-gironde\/#breadcrumb\"},\"inLanguage\":\"fr-FR\",\"potentialAction\":[{\"@type\":\"ReadAction\",\"target\":[\"https:\/\/www.annonces-legales.org\/blog\/haute-gironde\/\"]}]},{\"@type\":\"BreadcrumbList\",\"@id\":\"https:\/\/www.annonces-legales.org\/blog\/haute-gironde\/#breadcrumb\",\"itemListElement\":[{\"@type\":\"ListItem\",\"position\":1,\"name\":\"Accueil\",\"item\":\"https:\/\/www.annonces-legales.org\/blog\/\"},{\"@type\":\"ListItem\",\"position\":2,\"name\":\"Liste des journaux habilit\u00e9s \u00e0 publier des annonces l\u00e9gales\",\"item\":\"https:\/\/www.annonces-legales.org\/blog\/liste-des-journaux-habilites-a-publier-des-annonces-legales\/\"},{\"@type\":\"ListItem\",\"position\":3,\"name\":\"Haute Gironde\"}]},{\"@type\":\"WebSite\",\"@id\":\"https:\/\/www.annonces-legales.org\/blog\/#website\",\"url\":\"https:\/\/www.annonces-legales.org\/blog\/\",\"name\":\"Actualit\u00e9 des entreprises\",\"description\":\"\",\"publisher\":{\"@id\":\"https:\/\/www.annonces-legales.org\/blog\/#organization\"},\"potentialAction\":[{\"@type\":\"SearchAction\",\"target\":{\"@type\":\"EntryPoint\",\"urlTemplate\":\"https:\/\/www.annonces-legales.org\/blog\/?s={search_term_string}\"},\"query-input\":{\"@type\":\"PropertyValueSpecification\",\"valueRequired\":true,\"valueName\":\"search_term_string\"}}],\"inLanguage\":\"fr-FR\"},{\"@type\":\"Organization\",\"@id\":\"https:\/\/www.annonces-legales.org\/blog\/#organization\",\"name\":\"Actualit\u00e9 des entreprises\",\"url\":\"https:\/\/www.annonces-legales.org\/blog\/\",\"logo\":{\"@type\":\"ImageObject\",\"inLanguage\":\"fr-FR\",\"@id\":\"https:\/\/www.annonces-legales.org\/blog\/#\/schema\/logo\/image\/\",\"url\":\"https:\/\/www.annonces-legales.org\/blog\/wp-content\/uploads\/2023\/08\/annonces-legales.svg\",\"contentUrl\":\"https:\/\/www.annonces-legales.org\/blog\/wp-content\/uploads\/2023\/08\/annonces-legales.svg\",\"caption\":\"Actualit\u00e9 des entreprises\"},\"image\":{\"@id\":\"https:\/\/www.annonces-legales.org\/blog\/#\/schema\/logo\/image\/\"}}]}<\/script>\n<!-- \/ Yoast SEO plugin. -->","yoast_head_json":{"title":"Haute Gironde - Actualit\u00e9 des entreprises","robots":{"index":"index","follow":"follow","max-snippet":"max-snippet:-1","max-image-preview":"max-image-preview:large","max-video-preview":"max-video-preview:-1"},"canonical":"https:\/\/www.annonces-legales.org\/blog\/haute-gironde\/","og_locale":"fr_FR","og_type":"article","og_title":"Haute Gironde - Actualit\u00e9 des entreprises","og_description":"&nbsp; Le journal La Haute Gironde est un hebdomadaire dont le jour de parution est le vendredi. Il propose des [&hellip;]","og_url":"https:\/\/www.annonces-legales.org\/blog\/haute-gironde\/","og_site_name":"Actualit\u00e9 des entreprises","twitter_card":"summary_large_image","twitter_misc":{"Dur\u00e9e de lecture estim\u00e9e":"1 minute"},"schema":{"@context":"https:\/\/schema.org","@graph":[{"@type":"WebPage","@id":"https:\/\/www.annonces-legales.org\/blog\/haute-gironde\/","url":"https:\/\/www.annonces-legales.org\/blog\/haute-gironde\/","name":"Haute Gironde - Actualit\u00e9 des entreprises","isPartOf":{"@id":"https:\/\/www.annonces-legales.org\/blog\/#website"},"datePublished":"2022-03-25T09:48:20+00:00","breadcrumb":{"@id":"https:\/\/www.annonces-legales.org\/blog\/haute-gironde\/#breadcrumb"},"inLanguage":"fr-FR","potentialAction":[{"@type":"ReadAction","target":["https:\/\/www.annonces-legales.org\/blog\/haute-gironde\/"]}]},{"@type":"BreadcrumbList","@id":"https:\/\/www.annonces-legales.org\/blog\/haute-gironde\/#breadcrumb","itemListElement":[{"@type":"ListItem","position":1,"name":"Accueil","item":"https:\/\/www.annonces-legales.org\/blog\/"},{"@type":"ListItem","position":2,"name":"Liste des journaux habilit\u00e9s \u00e0 publier des annonces l\u00e9gales","item":"https:\/\/www.annonces-legales.org\/blog\/liste-des-journaux-habilites-a-publier-des-annonces-legales\/"},{"@type":"ListItem","position":3,"name":"Haute Gironde"}]},{"@type":"WebSite","@id":"https:\/\/www.annonces-legales.org\/blog\/#website","url":"https:\/\/www.annonces-legales.org\/blog\/","name":"Actualit\u00e9 des entreprises","description":"","publisher":{"@id":"https:\/\/www.annonces-legales.org\/blog\/#organization"},"potentialAction":[{"@type":"SearchAction","target":{"@type":"EntryPoint","urlTemplate":"https:\/\/www.annonces-legales.org\/blog\/?s={search_term_string}"},"query-input":{"@type":"PropertyValueSpecification","valueRequired":true,"valueName":"search_term_string"}}],"inLanguage":"fr-FR"},{"@type":"Organization","@id":"https:\/\/www.annonces-legales.org\/blog\/#organization","name":"Actualit\u00e9 des entreprises","url":"https:\/\/www.annonces-legales.org\/blog\/","logo":{"@type":"ImageObject","inLanguage":"fr-FR","@id":"https:\/\/www.annonces-legales.org\/blog\/#\/schema\/logo\/image\/","url":"https:\/\/www.annonces-legales.org\/blog\/wp-content\/uploads\/2023\/08\/annonces-legales.svg","contentUrl":"https:\/\/www.annonces-legales.org\/blog\/wp-content\/uploads\/2023\/08\/annonces-legales.svg","caption":"Actualit\u00e9 des entreprises"},"image":{"@id":"https:\/\/www.annonces-legales.org\/blog\/#\/schema\/logo\/image\/"}}]}},"_links":{"self":[{"href":"https:\/\/www.annonces-legales.org\/blog\/wp-json\/wp\/v2\/pages\/1698","targetHints":{"allow":["GET"]}}],"collection":[{"href":"https:\/\/www.annonces-legales.org\/blog\/wp-json\/wp\/v2\/pages"}],"about":[{"href":"https:\/\/www.annonces-legales.org\/blog\/wp-json\/wp\/v2\/types\/page"}],"author":[{"embeddable":true,"href":"https:\/\/www.annonces-legales.org\/blog\/wp-json\/wp\/v2\/users\/1"}],"replies":[{"embeddable":true,"href":"https:\/\/www.annonces-legales.org\/blog\/wp-json\/wp\/v2\/comments?post=1698"}],"version-history":[{"count":1,"href":"https:\/\/www.annonces-legales.org\/blog\/wp-json\/wp\/v2\/pages\/1698\/revisions"}],"predecessor-version":[{"id":1699,"href":"https:\/\/www.annonces-legales.org\/blog\/wp-json\/wp\/v2\/pages\/1698\/revisions\/1699"}],"up":[{"embeddable":true,"href":"https:\/\/www.annonces-legales.org\/blog\/wp-json\/wp\/v2\/pages\/351"}],"wp:attachment":[{"href":"https:\/\/www.annonces-legales.org\/blog\/wp-json\/wp\/v2\/media?parent=1698"}],"curies":[{"name":"wp","href":"https:\/\/api.w.org\/{rel}","templated":true}]}}