{"id":1700,"date":"2021-12-23T10:51:38","date_gmt":"2021-12-23T09:51:38","guid":{"rendered":"https:\/\/www.annonces-legales.org\/blog\/?page_id=1700"},"modified":"2022-01-26T11:53:49","modified_gmt":"2022-01-26T10:53:49","slug":"l-alsace","status":"publish","type":"page","link":"https:\/\/www.annonces-legales.org\/blog\/l-alsace\/","title":{"rendered":"L&rsquo;Alsace"},"content":{"rendered":"<p>&nbsp;<\/p>\n<p><strong>L&rsquo;Alsace<\/strong> est un quotidien local qui offre des informations sur l&rsquo;actualit\u00e9 locale en Alsace, en Haut-Rhin et en Bas Rhin. Le journal L&rsquo;Alsace offre aussi des informations nationales et mondiales. Il traite de l&rsquo;\u00e9conomie, de la politique, du sport, des faits divers, de la culture et des loisirs.<\/p>\n<p>Ce quotidien para\u00eet tous les jours de la semaine sauf le lundi. C&rsquo;est l&rsquo;un des quotidiens les plus en Alsace avec plus de 200 000 lecteurs. Le journal est tir\u00e9 \u00e0 environ 70 000 exemplaires chaque jour. L&rsquo;Alsace emploie plus de 300 personnes.<\/p>\n<p>Ce quotidien d&rsquo;Alsace propose <strong>7 \u00e9ditions<\/strong> diff\u00e9rentes :<\/p>\n<ul>\n<li>L&rsquo;Alsace \u00e9dition Mulhouse<\/li>\n<li>L&rsquo;Alsace \u00e9dition Colmar<\/li>\n<li>L&rsquo;Alsace \u00e9dition S\u00e9lestat<\/li>\n<li>L&rsquo;Alsace \u00e9dition Saint-Louis<\/li>\n<li>L&rsquo;Alsace \u00e9dition Thann<\/li>\n<li>L&rsquo;Alsace \u00e9dition Altkirch<\/li>\n<li>L&rsquo;Alsace \u00e9dition de Guebwiller<\/li>\n<\/ul>\n<h2>Informations de contact du journal l&rsquo;Alsace<\/h2>\n<p>Adresse du journal : 18, Rue de Thann \u00e0 Mulhouse (68945)<br \/>\nT\u00e9l\u00e9phone journal : 03 89 32 70 00<\/p>\n<p>&nbsp;<\/p>\n<h2>Histoire du journal l&rsquo;Alsace<\/h2>\n<p>Le journal a vu le jour au lendemain de la seconde guerre mondiale comme beaucoup d&rsquo;autres journaux alsaciens. Avec le journal \u00ab les derni\u00e8res nouvelles d&rsquo;Alsace \u00bb, le journal l&rsquo;Alsace prend rapidement la t\u00eate des journaux les plus dans la r\u00e9gion. Le journal, rachet\u00e9 en 1972 par le cr\u00e9dit mutuel, est \u00e0 la pointe de l&rsquo;innovation. Il va cr\u00e9er le premier hebdomadaire d&rsquo;information pour les enfants en 1984 avec \u00ab\u00a0Le journal des enfants\u00a0\u00bb. Il sera l&rsquo;un des premiers journaux \u00e0 proposer une version vocale pour les non-voyants en 1993. Le journal a informatis\u00e9 sa r\u00e9daction en 1994 et lance un site Internet d\u00e8s 1998. Aujourd&rsquo;hui, le journal appartient au groupe<strong> EBRA<\/strong> (qui appartient au cr\u00e9dit mutuel).<\/p>\n<p>Ce groupe de presses poss\u00e8de neuf quotidiens r\u00e9gionaux dans l&rsquo;Est de la France. Il poss\u00e8de \u00e9galement trois hebdomadaires, 2 journaux gratuits ainsi que plusieurs cha\u00eenes de t\u00e9l\u00e9vision locales.<\/p>\n<p>&nbsp;<\/p>\n<h2>Le journal l&rsquo;Alsace sur Internet<\/h2>\n<p>Le journal l&rsquo;Alsace est tr\u00e8s pr\u00e9sent sur internet. Son compte Twitter poss\u00e8de pas loin de 100 000 abonn\u00e9s. Le journal a tweet\u00e9 plus de 62 000 fois depuis qu&rsquo;il a rejoint le r\u00e9seau social en avril 2009. Le compte Facebook du journal poss\u00e8de plus de 200 000 abonn\u00e9s.<br \/>\nLe journal poss\u00e8de aussi un compte Dailymotion qui h\u00e9berge l&rsquo;ensemble de ses vid\u00e9os. La totalit\u00e9 des vid\u00e9os du journal ont \u00e9t\u00e9 vue plus de 5 millions de fois.<br \/>\nLe journal a bien entendu un site internet responsive qui permet de lire les actualit\u00e9s du journal ainsi que quelques br\u00e8ves en clair.<br \/>\nLe site Web du journal propose \u00e9galement des podcasts ainsi que des vid\u00e9os.<\/p>\n<p>&nbsp;<\/p>\n<h2>Les abonnements au journal l&rsquo;Alsace<\/h2>\n<p>Le journal propose un abonnement totalement num\u00e9rique qui est disponible pour 139 \u20ac par an. Il est \u00e9galement possible de s&rsquo;abonner mensuellement sans engagement. Vous pouvez essayer la version num\u00e9rique du journal pour 1 euro le premier mois puis 14,99 \u20ac.<br \/>\nL&rsquo;abonnement dit int\u00e9gral comprend la version papier et la version num\u00e9rique du journal. Cette offre est propos\u00e9e \u00e0 225 \u20ac pour six mois ou 419 \u20ac pour 12 mois.<br \/>\nIl est important de noter que les abonnements num\u00e9riques donnent acc\u00e8s \u00e0 toutes les \u00e9ditions du journal.<\/p>\n<p>&nbsp;<\/p>\n<h2>Publication d&rsquo;annonce l\u00e9gale en Alsace<\/h2>\n<p>Le journal l&rsquo;Alsace est habilit\u00e9 pour publier des annonces l\u00e9gales et des avis de cr\u00e9ation d&rsquo;entreprise pour le d\u00e9partement du Haut-Rhin.<br \/>\nEn effet, la pr\u00e9fecture du Haut-Rhin situ\u00e9e \u00e0 Colmar a fourni \u00e0 ce journal une habilitation pour qu&rsquo;il puisse faire ces annonces officielles.<\/p>\n<br\/><br\/><div class=\"entry-content notopmargin\">\n\t<img decoding=\"async\" class=\"img-fluid fleft\" src=\"https:\/\/www.annonces-legales.org\/images\/rapide-economique-tout-departement.png\" alt=\"Journal d'annonce l\u00e9gale  d'Alsace \"><a href=\"https:\/\/www.annonces-legales.org\/publication-annonce-legale.html\" class=\"button button-desc fright mtop30\"><div>Je publie<br> mon annonce<br> l\u00e9gale<\/div><span>dans un journal  d'Alsace !<\/span><\/a>\n<\/div><div class=\"clrbth\"><\/div><br\/><br\/>\n","protected":false},"excerpt":{"rendered":"<p>&nbsp; L&rsquo;Alsace est un quotidien local qui offre des informations sur l&rsquo;actualit\u00e9 locale en Alsace, en Haut-Rhin et en Bas [&hellip;]<\/p>\n","protected":false},"author":1,"featured_media":0,"parent":351,"menu_order":0,"comment_status":"closed","ping_status":"closed","template":"","meta":{"inline_featured_image":false,"footnotes":""},"class_list":["post-1700","page","type-page","status-publish","hentry"],"yoast_head":"<!-- This site is optimized with the Yoast SEO plugin v26.8 - https:\/\/yoast.com\/product\/yoast-seo-wordpress\/ -->\n<title>L&#039;Alsace - Actualit\u00e9 des entreprises<\/title>\n<meta name=\"robots\" content=\"index, follow, max-snippet:-1, max-image-preview:large, max-video-preview:-1\" \/>\n<link rel=\"canonical\" href=\"https:\/\/www.annonces-legales.org\/blog\/l-alsace\/\" \/>\n<meta property=\"og:locale\" content=\"fr_FR\" \/>\n<meta property=\"og:type\" content=\"article\" \/>\n<meta property=\"og:title\" content=\"L&#039;Alsace - Actualit\u00e9 des entreprises\" \/>\n<meta property=\"og:description\" content=\"&nbsp; L&rsquo;Alsace est un quotidien local qui offre des informations sur l&rsquo;actualit\u00e9 locale en Alsace, en Haut-Rhin et en Bas [&hellip;]\" \/>\n<meta property=\"og:url\" content=\"https:\/\/www.annonces-legales.org\/blog\/l-alsace\/\" \/>\n<meta property=\"og:site_name\" content=\"Actualit\u00e9 des entreprises\" \/>\n<meta property=\"article:modified_time\" content=\"2022-01-26T10:53:49+00:00\" \/>\n<meta name=\"twitter:card\" content=\"summary_large_image\" \/>\n<meta name=\"twitter:label1\" content=\"Dur\u00e9e de lecture estim\u00e9e\" \/>\n\t<meta name=\"twitter:data1\" content=\"3 minutes\" \/>\n<script type=\"application\/ld+json\" class=\"yoast-schema-graph\">{\"@context\":\"https:\/\/schema.org\",\"@graph\":[{\"@type\":\"WebPage\",\"@id\":\"https:\/\/www.annonces-legales.org\/blog\/l-alsace\/\",\"url\":\"https:\/\/www.annonces-legales.org\/blog\/l-alsace\/\",\"name\":\"L'Alsace - Actualit\u00e9 des entreprises\",\"isPartOf\":{\"@id\":\"https:\/\/www.annonces-legales.org\/blog\/#website\"},\"datePublished\":\"2021-12-23T09:51:38+00:00\",\"dateModified\":\"2022-01-26T10:53:49+00:00\",\"breadcrumb\":{\"@id\":\"https:\/\/www.annonces-legales.org\/blog\/l-alsace\/#breadcrumb\"},\"inLanguage\":\"fr-FR\",\"potentialAction\":[{\"@type\":\"ReadAction\",\"target\":[\"https:\/\/www.annonces-legales.org\/blog\/l-alsace\/\"]}]},{\"@type\":\"BreadcrumbList\",\"@id\":\"https:\/\/www.annonces-legales.org\/blog\/l-alsace\/#breadcrumb\",\"itemListElement\":[{\"@type\":\"ListItem\",\"position\":1,\"name\":\"Accueil\",\"item\":\"https:\/\/www.annonces-legales.org\/blog\/\"},{\"@type\":\"ListItem\",\"position\":2,\"name\":\"Liste des journaux habilit\u00e9s \u00e0 publier des annonces l\u00e9gales\",\"item\":\"https:\/\/www.annonces-legales.org\/blog\/liste-des-journaux-habilites-a-publier-des-annonces-legales\/\"},{\"@type\":\"ListItem\",\"position\":3,\"name\":\"L&rsquo;Alsace\"}]},{\"@type\":\"WebSite\",\"@id\":\"https:\/\/www.annonces-legales.org\/blog\/#website\",\"url\":\"https:\/\/www.annonces-legales.org\/blog\/\",\"name\":\"Actualit\u00e9 des entreprises\",\"description\":\"\",\"publisher\":{\"@id\":\"https:\/\/www.annonces-legales.org\/blog\/#organization\"},\"potentialAction\":[{\"@type\":\"SearchAction\",\"target\":{\"@type\":\"EntryPoint\",\"urlTemplate\":\"https:\/\/www.annonces-legales.org\/blog\/?s={search_term_string}\"},\"query-input\":{\"@type\":\"PropertyValueSpecification\",\"valueRequired\":true,\"valueName\":\"search_term_string\"}}],\"inLanguage\":\"fr-FR\"},{\"@type\":\"Organization\",\"@id\":\"https:\/\/www.annonces-legales.org\/blog\/#organization\",\"name\":\"Actualit\u00e9 des entreprises\",\"url\":\"https:\/\/www.annonces-legales.org\/blog\/\",\"logo\":{\"@type\":\"ImageObject\",\"inLanguage\":\"fr-FR\",\"@id\":\"https:\/\/www.annonces-legales.org\/blog\/#\/schema\/logo\/image\/\",\"url\":\"https:\/\/www.annonces-legales.org\/blog\/wp-content\/uploads\/2023\/08\/annonces-legales.svg\",\"contentUrl\":\"https:\/\/www.annonces-legales.org\/blog\/wp-content\/uploads\/2023\/08\/annonces-legales.svg\",\"caption\":\"Actualit\u00e9 des entreprises\"},\"image\":{\"@id\":\"https:\/\/www.annonces-legales.org\/blog\/#\/schema\/logo\/image\/\"}}]}<\/script>\n<!-- \/ Yoast SEO plugin. -->","yoast_head_json":{"title":"L'Alsace - Actualit\u00e9 des entreprises","robots":{"index":"index","follow":"follow","max-snippet":"max-snippet:-1","max-image-preview":"max-image-preview:large","max-video-preview":"max-video-preview:-1"},"canonical":"https:\/\/www.annonces-legales.org\/blog\/l-alsace\/","og_locale":"fr_FR","og_type":"article","og_title":"L'Alsace - Actualit\u00e9 des entreprises","og_description":"&nbsp; L&rsquo;Alsace est un quotidien local qui offre des informations sur l&rsquo;actualit\u00e9 locale en Alsace, en Haut-Rhin et en Bas [&hellip;]","og_url":"https:\/\/www.annonces-legales.org\/blog\/l-alsace\/","og_site_name":"Actualit\u00e9 des entreprises","article_modified_time":"2022-01-26T10:53:49+00:00","twitter_card":"summary_large_image","twitter_misc":{"Dur\u00e9e de lecture estim\u00e9e":"3 minutes"},"schema":{"@context":"https:\/\/schema.org","@graph":[{"@type":"WebPage","@id":"https:\/\/www.annonces-legales.org\/blog\/l-alsace\/","url":"https:\/\/www.annonces-legales.org\/blog\/l-alsace\/","name":"L'Alsace - Actualit\u00e9 des entreprises","isPartOf":{"@id":"https:\/\/www.annonces-legales.org\/blog\/#website"},"datePublished":"2021-12-23T09:51:38+00:00","dateModified":"2022-01-26T10:53:49+00:00","breadcrumb":{"@id":"https:\/\/www.annonces-legales.org\/blog\/l-alsace\/#breadcrumb"},"inLanguage":"fr-FR","potentialAction":[{"@type":"ReadAction","target":["https:\/\/www.annonces-legales.org\/blog\/l-alsace\/"]}]},{"@type":"BreadcrumbList","@id":"https:\/\/www.annonces-legales.org\/blog\/l-alsace\/#breadcrumb","itemListElement":[{"@type":"ListItem","position":1,"name":"Accueil","item":"https:\/\/www.annonces-legales.org\/blog\/"},{"@type":"ListItem","position":2,"name":"Liste des journaux habilit\u00e9s \u00e0 publier des annonces l\u00e9gales","item":"https:\/\/www.annonces-legales.org\/blog\/liste-des-journaux-habilites-a-publier-des-annonces-legales\/"},{"@type":"ListItem","position":3,"name":"L&rsquo;Alsace"}]},{"@type":"WebSite","@id":"https:\/\/www.annonces-legales.org\/blog\/#website","url":"https:\/\/www.annonces-legales.org\/blog\/","name":"Actualit\u00e9 des entreprises","description":"","publisher":{"@id":"https:\/\/www.annonces-legales.org\/blog\/#organization"},"potentialAction":[{"@type":"SearchAction","target":{"@type":"EntryPoint","urlTemplate":"https:\/\/www.annonces-legales.org\/blog\/?s={search_term_string}"},"query-input":{"@type":"PropertyValueSpecification","valueRequired":true,"valueName":"search_term_string"}}],"inLanguage":"fr-FR"},{"@type":"Organization","@id":"https:\/\/www.annonces-legales.org\/blog\/#organization","name":"Actualit\u00e9 des entreprises","url":"https:\/\/www.annonces-legales.org\/blog\/","logo":{"@type":"ImageObject","inLanguage":"fr-FR","@id":"https:\/\/www.annonces-legales.org\/blog\/#\/schema\/logo\/image\/","url":"https:\/\/www.annonces-legales.org\/blog\/wp-content\/uploads\/2023\/08\/annonces-legales.svg","contentUrl":"https:\/\/www.annonces-legales.org\/blog\/wp-content\/uploads\/2023\/08\/annonces-legales.svg","caption":"Actualit\u00e9 des entreprises"},"image":{"@id":"https:\/\/www.annonces-legales.org\/blog\/#\/schema\/logo\/image\/"}}]}},"_links":{"self":[{"href":"https:\/\/www.annonces-legales.org\/blog\/wp-json\/wp\/v2\/pages\/1700","targetHints":{"allow":["GET"]}}],"collection":[{"href":"https:\/\/www.annonces-legales.org\/blog\/wp-json\/wp\/v2\/pages"}],"about":[{"href":"https:\/\/www.annonces-legales.org\/blog\/wp-json\/wp\/v2\/types\/page"}],"author":[{"embeddable":true,"href":"https:\/\/www.annonces-legales.org\/blog\/wp-json\/wp\/v2\/users\/1"}],"replies":[{"embeddable":true,"href":"https:\/\/www.annonces-legales.org\/blog\/wp-json\/wp\/v2\/comments?post=1700"}],"version-history":[{"count":2,"href":"https:\/\/www.annonces-legales.org\/blog\/wp-json\/wp\/v2\/pages\/1700\/revisions"}],"predecessor-version":[{"id":2351,"href":"https:\/\/www.annonces-legales.org\/blog\/wp-json\/wp\/v2\/pages\/1700\/revisions\/2351"}],"up":[{"embeddable":true,"href":"https:\/\/www.annonces-legales.org\/blog\/wp-json\/wp\/v2\/pages\/351"}],"wp:attachment":[{"href":"https:\/\/www.annonces-legales.org\/blog\/wp-json\/wp\/v2\/media?parent=1700"}],"curies":[{"name":"wp","href":"https:\/\/api.w.org\/{rel}","templated":true}]}}