{"id":1715,"date":"2021-12-23T20:06:03","date_gmt":"2021-12-23T19:06:03","guid":{"rendered":"https:\/\/www.annonces-legales.org\/blog\/?page_id=1715"},"modified":"2022-01-26T11:53:34","modified_gmt":"2022-01-26T10:53:34","slug":"journal-toulousain","status":"publish","type":"page","link":"https:\/\/www.annonces-legales.org\/blog\/journal-toulousain\/","title":{"rendered":"Journal Toulousain"},"content":{"rendered":"<p>&nbsp;<\/p>\n<p><img loading=\"lazy\" decoding=\"async\" class=\"aligncenter size-full wp-image-1716\" src=\"https:\/\/www.annonces-legales.org\/blog\/wp-content\/uploads\/2021\/12\/le-journal-toulousain.png\" alt=\"\" width=\"370\" height=\"76\" srcset=\"https:\/\/www.annonces-legales.org\/blog\/wp-content\/uploads\/2021\/12\/le-journal-toulousain.png 370w, https:\/\/www.annonces-legales.org\/blog\/wp-content\/uploads\/2021\/12\/le-journal-toulousain-300x62.png 300w\" sizes=\"auto, (max-width: 370px) 100vw, 370px\" \/><\/p>\n<p>Le <strong>journal Toulousain<\/strong> est un journal papier local hebdomadaire que l&rsquo;on pouvait retrouver en kiosque tous les jeudis. Le journal \u00e9tait imprim\u00e9 et diffus\u00e9 \u00e0 environ 5000 exemplaires chaque semaine. Il est aujourd&rsquo;hui totalement digital.<\/p>\n<p>&nbsp;<\/p>\n<h2>En savoir plus sur le journal toulousain<\/h2>\n<p>Ce journal qui appartient \u00e0 la <strong>Scop News Media<\/strong> a \u00e9t\u00e9 cr\u00e9\u00e9 en 1997 par <strong>Andr\u00e9 G\u00e9r\u00f4me Gallego<\/strong>. Le journal \u00e9tait d&rsquo;abord mensuel puis bimensuel. Depuis 2004, le journal est publi\u00e9 chaque semaine.<br \/>\nLe journal est rachet\u00e9 par martial G\u00e9rald Layani en 2011. Celui-ci rend le journal plus moderne avec une maquette mise \u00e0 jour et la cr\u00e9ation d&rsquo;un site Internet ainsi qu&rsquo;une pr\u00e9sence sur les r\u00e9seaux sociaux. Le journal devient \u00e9galement davantage neutre politiquement. Layani cr\u00e9e \u00e9galement le magazine mensuel <em>Accent<\/em> qui est inclus gratuitement avec le journal.<br \/>\nLe journal toulousain va augmenter en taille en passant de quatre salari\u00e9s \u00e0 20 salari\u00e9s entre 2011 et 2014.<br \/>\nEn 2014, apr\u00e8s avoir \u00e9t\u00e9 plac\u00e9 en liquidation judiciaire, le journal est repris par quatre salari\u00e9s associ\u00e9s qui cr\u00e9ent une Scop. Aujourd&rsquo;hui, le journal se revendique comme \u00e9tant un m\u00e9dia de solutions, c&rsquo;est-\u00e0-dire un m\u00e9dia qui traite actualit\u00e9 et essaye de proposer des solutions aux probl\u00e8mes contemporains.<br \/>\nDepuis janvier 2020, le journal n&rsquo;est plus imprim\u00e9 et il est disponible <strong>uniquement en version num\u00e9rique<\/strong>.<\/p>\n<p>&nbsp;<\/p>\n<h2>Informations de contact du journal toulousain<\/h2>\n<p>Adresse : 32, Rue Riquet 31000 Toulouse<br \/>\nAdresse mail : redaction@lejournaltoulousain.fr<br \/>\nT\u00e9l\u00e9phone : 09 83 27 51 09<\/p>\n<p>Le journal toulousain a obtenu l&rsquo;habilitation de la pr\u00e9fecture de Haute-Garonne pour publier des annonces l\u00e9gales pour les entreprises et les particuliers.<\/p>\n<p>&nbsp;<\/p>\n<h2>Le journal toulousain sur le Web<\/h2>\n<p>Avant m\u00eame son passage de journal papier \u00e0 journal enti\u00e8rement num\u00e9ris\u00e9, le journal toulousain avait d\u00e9j\u00e0 une pr\u00e9sence tr\u00e8s importante sur le Web. Aujourd&rsquo;hui encore, le journal est tr\u00e8s pr\u00e9sent sur le Web. En effet, le journal publie de nombreuses informations directement sur sa page Facebook qui poss\u00e8de plus de 7000 abonn\u00e9s. Ce journal de Haute-Garonne est bien entendue aussi pr\u00e9sent sur Twitter.<br \/>\nLe journal est \u00e9galement pr\u00e9sent via son site Internet sur lequel sont publi\u00e9es de nombreuses actualit\u00e9s en clair.<\/p>\n<p>&nbsp;<\/p>\n<h2>Annonces l\u00e9gales en Haute-Garonne<\/h2>\n<p>Que ce soit \u00e0 leur naissance ou pour diffuser au grand public des changements dans leur structure ou leur fonctionnement, les <strong>entreprises Garonnaises<\/strong> ont l&rsquo;obligation d&rsquo;ins\u00e9rer des <strong>annonces l\u00e9gales<\/strong>.<br \/>\nCe texte l\u00e9gal et format\u00e9 qui suit des r\u00e8gles bien pr\u00e9cises doit \u00eatre ins\u00e9r\u00e9 dans un journal d&rsquo;annonce l\u00e9gale papier ou sur un service de presse en ligne habilit\u00e9 par la pr\u00e9fecture. Il est important de faire l&rsquo;annonce l\u00e9gale avant le changement du texte dans les statuts de l&rsquo;entreprise. En cas d&rsquo;oubli ou d&rsquo;annonce l\u00e9gale incorrecte, les changements dans l&rsquo;entreprise ne seront pas officiels.<\/p>\n<p>Afin de ne pas perdre de temps et de payer le moins cher pour la <strong>publication de vos annonces l\u00e9gales<\/strong>, vous pouvez utiliser les services en ligne faciles et rapides que nous proposons.<\/p>\n<br\/><br\/><div class=\"entry-content notopmargin\">\n\t<img decoding=\"async\" class=\"img-fluid fleft\" src=\"https:\/\/www.annonces-legales.org\/images\/rapide-economique-tout-departement.png\" alt=\"Journal d'annonce l\u00e9gale  de Haute Garonne \"><a href=\"https:\/\/www.annonces-legales.org\/publication-annonce-legale.html\" class=\"button button-desc fright mtop30\"><div>Je publie<br> mon annonce<br> l\u00e9gale<\/div><span>dans un journal  de Haute Garonne !<\/span><\/a>\n<\/div><div class=\"clrbth\"><\/div><br\/><br\/>\n","protected":false},"excerpt":{"rendered":"<p>&nbsp; Le journal Toulousain est un journal papier local hebdomadaire que l&rsquo;on pouvait retrouver en kiosque tous les jeudis. Le [&hellip;]<\/p>\n","protected":false},"author":1,"featured_media":0,"parent":351,"menu_order":0,"comment_status":"closed","ping_status":"closed","template":"","meta":{"inline_featured_image":false,"footnotes":""},"class_list":["post-1715","page","type-page","status-publish","hentry"],"yoast_head":"<!-- This site is optimized with the Yoast SEO plugin v26.8 - https:\/\/yoast.com\/product\/yoast-seo-wordpress\/ -->\n<title>Journal Toulousain - Actualit\u00e9 des entreprises<\/title>\n<meta name=\"robots\" content=\"index, follow, max-snippet:-1, max-image-preview:large, max-video-preview:-1\" \/>\n<link rel=\"canonical\" href=\"https:\/\/www.annonces-legales.org\/blog\/journal-toulousain\/\" \/>\n<meta property=\"og:locale\" content=\"fr_FR\" \/>\n<meta property=\"og:type\" content=\"article\" \/>\n<meta property=\"og:title\" content=\"Journal Toulousain - Actualit\u00e9 des entreprises\" \/>\n<meta property=\"og:description\" content=\"&nbsp; Le journal Toulousain est un journal papier local hebdomadaire que l&rsquo;on pouvait retrouver en kiosque tous les jeudis. Le [&hellip;]\" \/>\n<meta property=\"og:url\" content=\"https:\/\/www.annonces-legales.org\/blog\/journal-toulousain\/\" \/>\n<meta property=\"og:site_name\" content=\"Actualit\u00e9 des entreprises\" \/>\n<meta property=\"article:modified_time\" content=\"2022-01-26T10:53:34+00:00\" \/>\n<meta property=\"og:image\" content=\"https:\/\/www.annonces-legales.org\/blog\/wp-content\/uploads\/2021\/12\/le-journal-toulousain.png\" \/>\n\t<meta property=\"og:image:width\" content=\"370\" \/>\n\t<meta property=\"og:image:height\" content=\"76\" \/>\n\t<meta property=\"og:image:type\" content=\"image\/png\" \/>\n<meta name=\"twitter:card\" content=\"summary_large_image\" \/>\n<meta name=\"twitter:label1\" content=\"Dur\u00e9e de lecture estim\u00e9e\" \/>\n\t<meta name=\"twitter:data1\" content=\"3 minutes\" \/>\n<script type=\"application\/ld+json\" class=\"yoast-schema-graph\">{\"@context\":\"https:\/\/schema.org\",\"@graph\":[{\"@type\":\"WebPage\",\"@id\":\"https:\/\/www.annonces-legales.org\/blog\/journal-toulousain\/\",\"url\":\"https:\/\/www.annonces-legales.org\/blog\/journal-toulousain\/\",\"name\":\"Journal Toulousain - Actualit\u00e9 des entreprises\",\"isPartOf\":{\"@id\":\"https:\/\/www.annonces-legales.org\/blog\/#website\"},\"primaryImageOfPage\":{\"@id\":\"https:\/\/www.annonces-legales.org\/blog\/journal-toulousain\/#primaryimage\"},\"image\":{\"@id\":\"https:\/\/www.annonces-legales.org\/blog\/journal-toulousain\/#primaryimage\"},\"thumbnailUrl\":\"https:\/\/www.annonces-legales.org\/blog\/wp-content\/uploads\/2021\/12\/le-journal-toulousain.png\",\"datePublished\":\"2021-12-23T19:06:03+00:00\",\"dateModified\":\"2022-01-26T10:53:34+00:00\",\"breadcrumb\":{\"@id\":\"https:\/\/www.annonces-legales.org\/blog\/journal-toulousain\/#breadcrumb\"},\"inLanguage\":\"fr-FR\",\"potentialAction\":[{\"@type\":\"ReadAction\",\"target\":[\"https:\/\/www.annonces-legales.org\/blog\/journal-toulousain\/\"]}]},{\"@type\":\"ImageObject\",\"inLanguage\":\"fr-FR\",\"@id\":\"https:\/\/www.annonces-legales.org\/blog\/journal-toulousain\/#primaryimage\",\"url\":\"https:\/\/www.annonces-legales.org\/blog\/wp-content\/uploads\/2021\/12\/le-journal-toulousain.png\",\"contentUrl\":\"https:\/\/www.annonces-legales.org\/blog\/wp-content\/uploads\/2021\/12\/le-journal-toulousain.png\",\"width\":370,\"height\":76},{\"@type\":\"BreadcrumbList\",\"@id\":\"https:\/\/www.annonces-legales.org\/blog\/journal-toulousain\/#breadcrumb\",\"itemListElement\":[{\"@type\":\"ListItem\",\"position\":1,\"name\":\"Accueil\",\"item\":\"https:\/\/www.annonces-legales.org\/blog\/\"},{\"@type\":\"ListItem\",\"position\":2,\"name\":\"Liste des journaux habilit\u00e9s \u00e0 publier des annonces l\u00e9gales\",\"item\":\"https:\/\/www.annonces-legales.org\/blog\/liste-des-journaux-habilites-a-publier-des-annonces-legales\/\"},{\"@type\":\"ListItem\",\"position\":3,\"name\":\"Journal Toulousain\"}]},{\"@type\":\"WebSite\",\"@id\":\"https:\/\/www.annonces-legales.org\/blog\/#website\",\"url\":\"https:\/\/www.annonces-legales.org\/blog\/\",\"name\":\"Actualit\u00e9 des entreprises\",\"description\":\"\",\"publisher\":{\"@id\":\"https:\/\/www.annonces-legales.org\/blog\/#organization\"},\"potentialAction\":[{\"@type\":\"SearchAction\",\"target\":{\"@type\":\"EntryPoint\",\"urlTemplate\":\"https:\/\/www.annonces-legales.org\/blog\/?s={search_term_string}\"},\"query-input\":{\"@type\":\"PropertyValueSpecification\",\"valueRequired\":true,\"valueName\":\"search_term_string\"}}],\"inLanguage\":\"fr-FR\"},{\"@type\":\"Organization\",\"@id\":\"https:\/\/www.annonces-legales.org\/blog\/#organization\",\"name\":\"Actualit\u00e9 des entreprises\",\"url\":\"https:\/\/www.annonces-legales.org\/blog\/\",\"logo\":{\"@type\":\"ImageObject\",\"inLanguage\":\"fr-FR\",\"@id\":\"https:\/\/www.annonces-legales.org\/blog\/#\/schema\/logo\/image\/\",\"url\":\"https:\/\/www.annonces-legales.org\/blog\/wp-content\/uploads\/2023\/08\/annonces-legales.svg\",\"contentUrl\":\"https:\/\/www.annonces-legales.org\/blog\/wp-content\/uploads\/2023\/08\/annonces-legales.svg\",\"caption\":\"Actualit\u00e9 des entreprises\"},\"image\":{\"@id\":\"https:\/\/www.annonces-legales.org\/blog\/#\/schema\/logo\/image\/\"}}]}<\/script>\n<!-- \/ Yoast SEO plugin. -->","yoast_head_json":{"title":"Journal Toulousain - Actualit\u00e9 des entreprises","robots":{"index":"index","follow":"follow","max-snippet":"max-snippet:-1","max-image-preview":"max-image-preview:large","max-video-preview":"max-video-preview:-1"},"canonical":"https:\/\/www.annonces-legales.org\/blog\/journal-toulousain\/","og_locale":"fr_FR","og_type":"article","og_title":"Journal Toulousain - Actualit\u00e9 des entreprises","og_description":"&nbsp; Le journal Toulousain est un journal papier local hebdomadaire que l&rsquo;on pouvait retrouver en kiosque tous les jeudis. Le [&hellip;]","og_url":"https:\/\/www.annonces-legales.org\/blog\/journal-toulousain\/","og_site_name":"Actualit\u00e9 des entreprises","article_modified_time":"2022-01-26T10:53:34+00:00","og_image":[{"width":370,"height":76,"url":"https:\/\/www.annonces-legales.org\/blog\/wp-content\/uploads\/2021\/12\/le-journal-toulousain.png","type":"image\/png"}],"twitter_card":"summary_large_image","twitter_misc":{"Dur\u00e9e de lecture estim\u00e9e":"3 minutes"},"schema":{"@context":"https:\/\/schema.org","@graph":[{"@type":"WebPage","@id":"https:\/\/www.annonces-legales.org\/blog\/journal-toulousain\/","url":"https:\/\/www.annonces-legales.org\/blog\/journal-toulousain\/","name":"Journal Toulousain - Actualit\u00e9 des entreprises","isPartOf":{"@id":"https:\/\/www.annonces-legales.org\/blog\/#website"},"primaryImageOfPage":{"@id":"https:\/\/www.annonces-legales.org\/blog\/journal-toulousain\/#primaryimage"},"image":{"@id":"https:\/\/www.annonces-legales.org\/blog\/journal-toulousain\/#primaryimage"},"thumbnailUrl":"https:\/\/www.annonces-legales.org\/blog\/wp-content\/uploads\/2021\/12\/le-journal-toulousain.png","datePublished":"2021-12-23T19:06:03+00:00","dateModified":"2022-01-26T10:53:34+00:00","breadcrumb":{"@id":"https:\/\/www.annonces-legales.org\/blog\/journal-toulousain\/#breadcrumb"},"inLanguage":"fr-FR","potentialAction":[{"@type":"ReadAction","target":["https:\/\/www.annonces-legales.org\/blog\/journal-toulousain\/"]}]},{"@type":"ImageObject","inLanguage":"fr-FR","@id":"https:\/\/www.annonces-legales.org\/blog\/journal-toulousain\/#primaryimage","url":"https:\/\/www.annonces-legales.org\/blog\/wp-content\/uploads\/2021\/12\/le-journal-toulousain.png","contentUrl":"https:\/\/www.annonces-legales.org\/blog\/wp-content\/uploads\/2021\/12\/le-journal-toulousain.png","width":370,"height":76},{"@type":"BreadcrumbList","@id":"https:\/\/www.annonces-legales.org\/blog\/journal-toulousain\/#breadcrumb","itemListElement":[{"@type":"ListItem","position":1,"name":"Accueil","item":"https:\/\/www.annonces-legales.org\/blog\/"},{"@type":"ListItem","position":2,"name":"Liste des journaux habilit\u00e9s \u00e0 publier des annonces l\u00e9gales","item":"https:\/\/www.annonces-legales.org\/blog\/liste-des-journaux-habilites-a-publier-des-annonces-legales\/"},{"@type":"ListItem","position":3,"name":"Journal Toulousain"}]},{"@type":"WebSite","@id":"https:\/\/www.annonces-legales.org\/blog\/#website","url":"https:\/\/www.annonces-legales.org\/blog\/","name":"Actualit\u00e9 des entreprises","description":"","publisher":{"@id":"https:\/\/www.annonces-legales.org\/blog\/#organization"},"potentialAction":[{"@type":"SearchAction","target":{"@type":"EntryPoint","urlTemplate":"https:\/\/www.annonces-legales.org\/blog\/?s={search_term_string}"},"query-input":{"@type":"PropertyValueSpecification","valueRequired":true,"valueName":"search_term_string"}}],"inLanguage":"fr-FR"},{"@type":"Organization","@id":"https:\/\/www.annonces-legales.org\/blog\/#organization","name":"Actualit\u00e9 des entreprises","url":"https:\/\/www.annonces-legales.org\/blog\/","logo":{"@type":"ImageObject","inLanguage":"fr-FR","@id":"https:\/\/www.annonces-legales.org\/blog\/#\/schema\/logo\/image\/","url":"https:\/\/www.annonces-legales.org\/blog\/wp-content\/uploads\/2023\/08\/annonces-legales.svg","contentUrl":"https:\/\/www.annonces-legales.org\/blog\/wp-content\/uploads\/2023\/08\/annonces-legales.svg","caption":"Actualit\u00e9 des entreprises"},"image":{"@id":"https:\/\/www.annonces-legales.org\/blog\/#\/schema\/logo\/image\/"}}]}},"_links":{"self":[{"href":"https:\/\/www.annonces-legales.org\/blog\/wp-json\/wp\/v2\/pages\/1715","targetHints":{"allow":["GET"]}}],"collection":[{"href":"https:\/\/www.annonces-legales.org\/blog\/wp-json\/wp\/v2\/pages"}],"about":[{"href":"https:\/\/www.annonces-legales.org\/blog\/wp-json\/wp\/v2\/types\/page"}],"author":[{"embeddable":true,"href":"https:\/\/www.annonces-legales.org\/blog\/wp-json\/wp\/v2\/users\/1"}],"replies":[{"embeddable":true,"href":"https:\/\/www.annonces-legales.org\/blog\/wp-json\/wp\/v2\/comments?post=1715"}],"version-history":[{"count":1,"href":"https:\/\/www.annonces-legales.org\/blog\/wp-json\/wp\/v2\/pages\/1715\/revisions"}],"predecessor-version":[{"id":1717,"href":"https:\/\/www.annonces-legales.org\/blog\/wp-json\/wp\/v2\/pages\/1715\/revisions\/1717"}],"up":[{"embeddable":true,"href":"https:\/\/www.annonces-legales.org\/blog\/wp-json\/wp\/v2\/pages\/351"}],"wp:attachment":[{"href":"https:\/\/www.annonces-legales.org\/blog\/wp-json\/wp\/v2\/media?parent=1715"}],"curies":[{"name":"wp","href":"https:\/\/api.w.org\/{rel}","templated":true}]}}