{"id":1724,"date":"2022-03-27T15:05:18","date_gmt":"2022-03-27T13:05:18","guid":{"rendered":"https:\/\/www.annonces-legales.org\/blog\/?page_id=1724"},"modified":"2022-01-26T11:50:11","modified_gmt":"2022-01-26T10:50:11","slug":"gazette-du-midi","status":"publish","type":"page","link":"https:\/\/www.annonces-legales.org\/blog\/gazette-du-midi\/","title":{"rendered":"Gazette du midi"},"content":{"rendered":"<p>&nbsp;<\/p>\n<p>L&rsquo;hebdomadaire <strong>La Gazette du Midi<\/strong> est distribu\u00e9 en kiosque tous les lundis. Ce journal propose des informations locales juridiques et \u00e9conomiques pour le d\u00e9partement de la Haute-Garonne, du Tarn et du Tarn-et-Garonne. Il est lu par l&rsquo;ensemble des dirigeants et des d\u00e9cideurs de la r\u00e9gion ainsi que par de nombreux avocats et travailleurs juridiques.<br \/>\nLe journal poss\u00e8de son si\u00e8ge dans la ville de Toulouse. Ce journal est vendu 1 euro en format papier. N\u00e9anmoins, il peut \u00eatre t\u00e9l\u00e9charg\u00e9 gratuitement sur le site Internet du journal. cet hebdomadaire est compos\u00e9 d&rsquo;une vingtaine de pages. En 2004, suite \u00e0 un rachat par l&rsquo;entreprise ForumEco, le journal a chang\u00e9 de nom. Il s&rsquo;appelait alors \u00ab\u00a0<strong>O Toulouse<\/strong>\u00ab\u00a0.<\/p>\n<p>&nbsp;<\/p>\n<h2>Contacter la gazette du midi<\/h2>\n<p>Adresse de la gazette du midi : 48 all\u00e9es Jean Jaur\u00e8s 31000 Toulouse<br \/>\nT\u00e9l\u00e9phone : 05 34 41 34 00<br \/>\nFax : 05 61 62 40 18<\/p>\n<h2><\/h2>\n<h2>Pr\u00e9sence Internet de la gazette de midi<\/h2>\n<p>Cet hebdomadaire toulousain propose sur son site Internet l&rsquo;ensemble des informations que l&rsquo;on peut retrouver sur son \u00e9dition et bien d&rsquo;autres encore. Tout le site est disponible en clair comme le journal ne propose pas d&rsquo;abonnement.<br \/>\nLe journal a bien entendu une page Facebook sur lequel on retrouve de nombreuses informations. Cette page poss\u00e8de plus de 700 abonn\u00e9s. Le compte Twitter du journal compte tout autant d&rsquo;abonn\u00e9s.<\/p>\n<p>&nbsp;<\/p>\n<h2>Annonce l\u00e9gale avec la Gazette du midi<\/h2>\n<p>La gazette du midi est un <strong>journal d&rsquo;annonce<\/strong> l\u00e9gale qui a obtenu l&rsquo;habilitation pour publier des annonces l\u00e9gales pour les d\u00e9partements du Tarn-et-Garonne et de la Haute-Garonne.<br \/>\nSi vous souhaitez publier vos annonces l\u00e9gales avec ce journal, vous pouvez le faire directement sur leur site Internet.<br \/>\nSi vous souhaitez obtenir le tarif le moins cher pour la publication de vos annonces l\u00e9gales, nous vous invitons \u00e0 effectuer un devis directement sur notre site. Il suffit de donner des informations sur les soci\u00e9t\u00e9s et sur les changements que vous souhaitez faire et vous obtiendrez un devis sur diff\u00e9rents journaux en seulement quelques minutes.<\/p>\n<br\/><br\/><div class=\"entry-content notopmargin\">\n\t<img decoding=\"async\" class=\"img-fluid fleft\" src=\"https:\/\/www.annonces-legales.org\/images\/rapide-economique-tout-departement.png\" alt=\"Journal d'annonce l\u00e9gale  homologu\u00e9 JAL \"><a href=\"https:\/\/www.annonces-legales.org\/publication-annonce-legale.html\" class=\"button button-desc fright mtop30\"><div>Je publie<br> mon annonce<br> l\u00e9gale<\/div><span>dans un journal  homologu\u00e9 JAL !<\/span><\/a>\n<\/div><div class=\"clrbth\"><\/div><br\/><br\/>\n","protected":false},"excerpt":{"rendered":"<p>&nbsp; L&rsquo;hebdomadaire La Gazette du Midi est distribu\u00e9 en kiosque tous les lundis. Ce journal propose des informations locales juridiques [&hellip;]<\/p>\n","protected":false},"author":1,"featured_media":0,"parent":351,"menu_order":0,"comment_status":"closed","ping_status":"closed","template":"","meta":{"inline_featured_image":false,"footnotes":""},"class_list":["post-1724","page","type-page","status-publish","hentry"],"yoast_head":"<!-- This site is optimized with the Yoast SEO plugin v26.8 - https:\/\/yoast.com\/product\/yoast-seo-wordpress\/ -->\n<title>Gazette du midi - Actualit\u00e9 des entreprises<\/title>\n<meta name=\"robots\" content=\"index, follow, max-snippet:-1, max-image-preview:large, max-video-preview:-1\" \/>\n<link rel=\"canonical\" href=\"https:\/\/www.annonces-legales.org\/blog\/gazette-du-midi\/\" \/>\n<meta property=\"og:locale\" content=\"fr_FR\" \/>\n<meta property=\"og:type\" content=\"article\" \/>\n<meta property=\"og:title\" content=\"Gazette du midi - Actualit\u00e9 des entreprises\" \/>\n<meta property=\"og:description\" content=\"&nbsp; L&rsquo;hebdomadaire La Gazette du Midi est distribu\u00e9 en kiosque tous les lundis. Ce journal propose des informations locales juridiques [&hellip;]\" \/>\n<meta property=\"og:url\" content=\"https:\/\/www.annonces-legales.org\/blog\/gazette-du-midi\/\" \/>\n<meta property=\"og:site_name\" content=\"Actualit\u00e9 des entreprises\" \/>\n<meta name=\"twitter:card\" content=\"summary_large_image\" \/>\n<meta name=\"twitter:label1\" content=\"Dur\u00e9e de lecture estim\u00e9e\" \/>\n\t<meta name=\"twitter:data1\" content=\"2 minutes\" \/>\n<script type=\"application\/ld+json\" class=\"yoast-schema-graph\">{\"@context\":\"https:\/\/schema.org\",\"@graph\":[{\"@type\":\"WebPage\",\"@id\":\"https:\/\/www.annonces-legales.org\/blog\/gazette-du-midi\/\",\"url\":\"https:\/\/www.annonces-legales.org\/blog\/gazette-du-midi\/\",\"name\":\"Gazette du midi - Actualit\u00e9 des entreprises\",\"isPartOf\":{\"@id\":\"https:\/\/www.annonces-legales.org\/blog\/#website\"},\"datePublished\":\"2022-03-27T13:05:18+00:00\",\"breadcrumb\":{\"@id\":\"https:\/\/www.annonces-legales.org\/blog\/gazette-du-midi\/#breadcrumb\"},\"inLanguage\":\"fr-FR\",\"potentialAction\":[{\"@type\":\"ReadAction\",\"target\":[\"https:\/\/www.annonces-legales.org\/blog\/gazette-du-midi\/\"]}]},{\"@type\":\"BreadcrumbList\",\"@id\":\"https:\/\/www.annonces-legales.org\/blog\/gazette-du-midi\/#breadcrumb\",\"itemListElement\":[{\"@type\":\"ListItem\",\"position\":1,\"name\":\"Accueil\",\"item\":\"https:\/\/www.annonces-legales.org\/blog\/\"},{\"@type\":\"ListItem\",\"position\":2,\"name\":\"Liste des journaux habilit\u00e9s \u00e0 publier des annonces l\u00e9gales\",\"item\":\"https:\/\/www.annonces-legales.org\/blog\/liste-des-journaux-habilites-a-publier-des-annonces-legales\/\"},{\"@type\":\"ListItem\",\"position\":3,\"name\":\"Gazette du midi\"}]},{\"@type\":\"WebSite\",\"@id\":\"https:\/\/www.annonces-legales.org\/blog\/#website\",\"url\":\"https:\/\/www.annonces-legales.org\/blog\/\",\"name\":\"Actualit\u00e9 des entreprises\",\"description\":\"\",\"publisher\":{\"@id\":\"https:\/\/www.annonces-legales.org\/blog\/#organization\"},\"potentialAction\":[{\"@type\":\"SearchAction\",\"target\":{\"@type\":\"EntryPoint\",\"urlTemplate\":\"https:\/\/www.annonces-legales.org\/blog\/?s={search_term_string}\"},\"query-input\":{\"@type\":\"PropertyValueSpecification\",\"valueRequired\":true,\"valueName\":\"search_term_string\"}}],\"inLanguage\":\"fr-FR\"},{\"@type\":\"Organization\",\"@id\":\"https:\/\/www.annonces-legales.org\/blog\/#organization\",\"name\":\"Actualit\u00e9 des entreprises\",\"url\":\"https:\/\/www.annonces-legales.org\/blog\/\",\"logo\":{\"@type\":\"ImageObject\",\"inLanguage\":\"fr-FR\",\"@id\":\"https:\/\/www.annonces-legales.org\/blog\/#\/schema\/logo\/image\/\",\"url\":\"https:\/\/www.annonces-legales.org\/blog\/wp-content\/uploads\/2023\/08\/annonces-legales.svg\",\"contentUrl\":\"https:\/\/www.annonces-legales.org\/blog\/wp-content\/uploads\/2023\/08\/annonces-legales.svg\",\"caption\":\"Actualit\u00e9 des entreprises\"},\"image\":{\"@id\":\"https:\/\/www.annonces-legales.org\/blog\/#\/schema\/logo\/image\/\"}}]}<\/script>\n<!-- \/ Yoast SEO plugin. -->","yoast_head_json":{"title":"Gazette du midi - Actualit\u00e9 des entreprises","robots":{"index":"index","follow":"follow","max-snippet":"max-snippet:-1","max-image-preview":"max-image-preview:large","max-video-preview":"max-video-preview:-1"},"canonical":"https:\/\/www.annonces-legales.org\/blog\/gazette-du-midi\/","og_locale":"fr_FR","og_type":"article","og_title":"Gazette du midi - Actualit\u00e9 des entreprises","og_description":"&nbsp; L&rsquo;hebdomadaire La Gazette du Midi est distribu\u00e9 en kiosque tous les lundis. Ce journal propose des informations locales juridiques [&hellip;]","og_url":"https:\/\/www.annonces-legales.org\/blog\/gazette-du-midi\/","og_site_name":"Actualit\u00e9 des entreprises","twitter_card":"summary_large_image","twitter_misc":{"Dur\u00e9e de lecture estim\u00e9e":"2 minutes"},"schema":{"@context":"https:\/\/schema.org","@graph":[{"@type":"WebPage","@id":"https:\/\/www.annonces-legales.org\/blog\/gazette-du-midi\/","url":"https:\/\/www.annonces-legales.org\/blog\/gazette-du-midi\/","name":"Gazette du midi - Actualit\u00e9 des entreprises","isPartOf":{"@id":"https:\/\/www.annonces-legales.org\/blog\/#website"},"datePublished":"2022-03-27T13:05:18+00:00","breadcrumb":{"@id":"https:\/\/www.annonces-legales.org\/blog\/gazette-du-midi\/#breadcrumb"},"inLanguage":"fr-FR","potentialAction":[{"@type":"ReadAction","target":["https:\/\/www.annonces-legales.org\/blog\/gazette-du-midi\/"]}]},{"@type":"BreadcrumbList","@id":"https:\/\/www.annonces-legales.org\/blog\/gazette-du-midi\/#breadcrumb","itemListElement":[{"@type":"ListItem","position":1,"name":"Accueil","item":"https:\/\/www.annonces-legales.org\/blog\/"},{"@type":"ListItem","position":2,"name":"Liste des journaux habilit\u00e9s \u00e0 publier des annonces l\u00e9gales","item":"https:\/\/www.annonces-legales.org\/blog\/liste-des-journaux-habilites-a-publier-des-annonces-legales\/"},{"@type":"ListItem","position":3,"name":"Gazette du midi"}]},{"@type":"WebSite","@id":"https:\/\/www.annonces-legales.org\/blog\/#website","url":"https:\/\/www.annonces-legales.org\/blog\/","name":"Actualit\u00e9 des entreprises","description":"","publisher":{"@id":"https:\/\/www.annonces-legales.org\/blog\/#organization"},"potentialAction":[{"@type":"SearchAction","target":{"@type":"EntryPoint","urlTemplate":"https:\/\/www.annonces-legales.org\/blog\/?s={search_term_string}"},"query-input":{"@type":"PropertyValueSpecification","valueRequired":true,"valueName":"search_term_string"}}],"inLanguage":"fr-FR"},{"@type":"Organization","@id":"https:\/\/www.annonces-legales.org\/blog\/#organization","name":"Actualit\u00e9 des entreprises","url":"https:\/\/www.annonces-legales.org\/blog\/","logo":{"@type":"ImageObject","inLanguage":"fr-FR","@id":"https:\/\/www.annonces-legales.org\/blog\/#\/schema\/logo\/image\/","url":"https:\/\/www.annonces-legales.org\/blog\/wp-content\/uploads\/2023\/08\/annonces-legales.svg","contentUrl":"https:\/\/www.annonces-legales.org\/blog\/wp-content\/uploads\/2023\/08\/annonces-legales.svg","caption":"Actualit\u00e9 des entreprises"},"image":{"@id":"https:\/\/www.annonces-legales.org\/blog\/#\/schema\/logo\/image\/"}}]}},"_links":{"self":[{"href":"https:\/\/www.annonces-legales.org\/blog\/wp-json\/wp\/v2\/pages\/1724","targetHints":{"allow":["GET"]}}],"collection":[{"href":"https:\/\/www.annonces-legales.org\/blog\/wp-json\/wp\/v2\/pages"}],"about":[{"href":"https:\/\/www.annonces-legales.org\/blog\/wp-json\/wp\/v2\/types\/page"}],"author":[{"embeddable":true,"href":"https:\/\/www.annonces-legales.org\/blog\/wp-json\/wp\/v2\/users\/1"}],"replies":[{"embeddable":true,"href":"https:\/\/www.annonces-legales.org\/blog\/wp-json\/wp\/v2\/comments?post=1724"}],"version-history":[{"count":2,"href":"https:\/\/www.annonces-legales.org\/blog\/wp-json\/wp\/v2\/pages\/1724\/revisions"}],"predecessor-version":[{"id":1726,"href":"https:\/\/www.annonces-legales.org\/blog\/wp-json\/wp\/v2\/pages\/1724\/revisions\/1726"}],"up":[{"embeddable":true,"href":"https:\/\/www.annonces-legales.org\/blog\/wp-json\/wp\/v2\/pages\/351"}],"wp:attachment":[{"href":"https:\/\/www.annonces-legales.org\/blog\/wp-json\/wp\/v2\/media?parent=1724"}],"curies":[{"name":"wp","href":"https:\/\/api.w.org\/{rel}","templated":true}]}}