{"id":1727,"date":"2021-12-27T18:12:37","date_gmt":"2021-12-27T17:12:37","guid":{"rendered":"https:\/\/www.annonces-legales.org\/blog\/?page_id=1727"},"modified":"2022-01-26T11:49:08","modified_gmt":"2022-01-26T10:49:08","slug":"eveil-hebdo","status":"publish","type":"page","link":"https:\/\/www.annonces-legales.org\/blog\/eveil-hebdo\/","title":{"rendered":"\u00c9veil Hebdo"},"content":{"rendered":"<p><strong>L\u2019\u00c9veil Hebdo<\/strong> appel\u00e9 \u00e9galement l\u2019<strong>\u00c9veil de la Haute-Loire<\/strong> est un hebdomadaire qui propose des informations locales sur le d\u00e9partement de la Haute-Loire.<br \/>\nIl offre notamment de nombreuses actualit\u00e9s locales pour les villes de Brives-charensac, du Puy-en-Velay, d&rsquo;Espaly-Saint-Marcel, de Coubon, de Blavozy ou encore de Saint-Paulien.<\/p>\n<p>Le journal appartient \u00e0 la soci\u00e9t\u00e9 de presse Centre France. Il para\u00eet chaque mercredi au prix de 1,10 euros. Son audience est compos\u00e9e d&rsquo;environ 15 000 lecteurs. Le journal est imprim\u00e9 \u00e0 plus de 4000 exemplaires. Le directeur de la publication est Jacques Lamoureux. Le r\u00e9dacteur en chef est Christophe Darnes.<\/p>\n<p>Adresse du journal : L&rsquo;Eveil, 9 place Michelet 43000 le Puy-en-Velay<br \/>\nT\u00e9l\u00e9phone : 04 71 09 32 14<br \/>\nE-mail de la r\u00e9daction : redaction.leveil@centrefrance.com<\/p>\n<p>&nbsp;<\/p>\n<h2>Abonnement au journal l&rsquo;\u00e9veil de la haute Loire<\/h2>\n<p>Le journal propose plusieurs formules d&rsquo;abonnement. Il y a tout d&rsquo;abord la formule essentielle \u00e0 4,5 \u20ac par mois. Elle permet un acc\u00e8s illimit\u00e9 \u00e0 tous les contenus du journal. La formule int\u00e9grale \u00e0 14,5 \u20ac par mois poss\u00e8dent les m\u00eames avantages que la formule essentielle mais offre \u00e9galement de nombreux autres avantages.<br \/>\nLa formule int\u00e9grale plus est identique \u00e0 l&rsquo;offre int\u00e9grale mais permet \u00e9galement de recevoir le journal papier dans la bo\u00eete aux lettres avec des suppl\u00e9ments. Cet abonnement co\u00fbte 26 \u20ac par mois. Cet abonnement n\u00e9cessite au moins trois mois d&rsquo;engagement.<\/p>\n<p>&nbsp;<\/p>\n<h2>Publication de votre annonce l\u00e9gale en Haute-Loire<\/h2>\n<p>L&rsquo;\u00e9veil de la Haute-Loire est un hebdomadaire qui peut recevoir vos annonces l\u00e9gales et judiciaires. En effet, la pr\u00e9fecture de la Haute-Loire situ\u00e9e au Puy-en-Velay, \u00e0 accorder \u00e0 cet hebdomadaire papier une habilitation pour pouvoir diffuser des annonces officielles.<br \/>\nIl existe d&rsquo;autres journaux et services de presse en lignes qui peuvent r\u00e9aliser la publication d&rsquo;une annonce l\u00e9gale pour une entreprise ou pour un particulier. Pour \u00eatre s\u00fbr de payer le moins cher possible pour la diffusion de votre annonce l\u00e9gale obligatoire, vous pouvez demander un devis en ligne imm\u00e9diat et sans inscription.<\/p>\n<br\/><br\/><div class=\"entry-content notopmargin\">\n\t<img decoding=\"async\" class=\"img-fluid fleft\" src=\"https:\/\/www.annonces-legales.org\/images\/rapide-economique-tout-departement.png\" alt=\"Journal d'annonce l\u00e9gale  habilit\u00e9 \"><a href=\"https:\/\/www.annonces-legales.org\/publication-annonce-legale.html\" class=\"button button-desc fright mtop30\"><div>Je publie<br> mon annonce<br> l\u00e9gale<\/div><span>dans un journal  habilit\u00e9 !<\/span><\/a>\n<\/div><div class=\"clrbth\"><\/div><br\/><br\/>\n","protected":false},"excerpt":{"rendered":"<p>L\u2019\u00c9veil Hebdo appel\u00e9 \u00e9galement l\u2019\u00c9veil de la Haute-Loire est un hebdomadaire qui propose des informations locales sur le d\u00e9partement de [&hellip;]<\/p>\n","protected":false},"author":1,"featured_media":0,"parent":351,"menu_order":0,"comment_status":"closed","ping_status":"closed","template":"","meta":{"inline_featured_image":false,"footnotes":""},"class_list":["post-1727","page","type-page","status-publish","hentry"],"yoast_head":"<!-- This site is optimized with the Yoast SEO plugin v26.8 - https:\/\/yoast.com\/product\/yoast-seo-wordpress\/ -->\n<title>\u00c9veil Hebdo - Actualit\u00e9 des entreprises<\/title>\n<meta name=\"robots\" content=\"index, follow, max-snippet:-1, max-image-preview:large, max-video-preview:-1\" \/>\n<link rel=\"canonical\" href=\"https:\/\/www.annonces-legales.org\/blog\/eveil-hebdo\/\" \/>\n<meta property=\"og:locale\" content=\"fr_FR\" \/>\n<meta property=\"og:type\" content=\"article\" \/>\n<meta property=\"og:title\" content=\"\u00c9veil Hebdo - Actualit\u00e9 des entreprises\" \/>\n<meta property=\"og:description\" content=\"L\u2019\u00c9veil Hebdo appel\u00e9 \u00e9galement l\u2019\u00c9veil de la Haute-Loire est un hebdomadaire qui propose des informations locales sur le d\u00e9partement de [&hellip;]\" \/>\n<meta property=\"og:url\" content=\"https:\/\/www.annonces-legales.org\/blog\/eveil-hebdo\/\" \/>\n<meta property=\"og:site_name\" content=\"Actualit\u00e9 des entreprises\" \/>\n<meta property=\"article:modified_time\" content=\"2022-01-26T10:49:08+00:00\" \/>\n<meta name=\"twitter:card\" content=\"summary_large_image\" \/>\n<meta name=\"twitter:label1\" content=\"Dur\u00e9e de lecture estim\u00e9e\" \/>\n\t<meta name=\"twitter:data1\" content=\"2 minutes\" \/>\n<script type=\"application\/ld+json\" class=\"yoast-schema-graph\">{\"@context\":\"https:\/\/schema.org\",\"@graph\":[{\"@type\":\"WebPage\",\"@id\":\"https:\/\/www.annonces-legales.org\/blog\/eveil-hebdo\/\",\"url\":\"https:\/\/www.annonces-legales.org\/blog\/eveil-hebdo\/\",\"name\":\"\u00c9veil Hebdo - Actualit\u00e9 des entreprises\",\"isPartOf\":{\"@id\":\"https:\/\/www.annonces-legales.org\/blog\/#website\"},\"datePublished\":\"2021-12-27T17:12:37+00:00\",\"dateModified\":\"2022-01-26T10:49:08+00:00\",\"breadcrumb\":{\"@id\":\"https:\/\/www.annonces-legales.org\/blog\/eveil-hebdo\/#breadcrumb\"},\"inLanguage\":\"fr-FR\",\"potentialAction\":[{\"@type\":\"ReadAction\",\"target\":[\"https:\/\/www.annonces-legales.org\/blog\/eveil-hebdo\/\"]}]},{\"@type\":\"BreadcrumbList\",\"@id\":\"https:\/\/www.annonces-legales.org\/blog\/eveil-hebdo\/#breadcrumb\",\"itemListElement\":[{\"@type\":\"ListItem\",\"position\":1,\"name\":\"Accueil\",\"item\":\"https:\/\/www.annonces-legales.org\/blog\/\"},{\"@type\":\"ListItem\",\"position\":2,\"name\":\"Liste des journaux habilit\u00e9s \u00e0 publier des annonces l\u00e9gales\",\"item\":\"https:\/\/www.annonces-legales.org\/blog\/liste-des-journaux-habilites-a-publier-des-annonces-legales\/\"},{\"@type\":\"ListItem\",\"position\":3,\"name\":\"\u00c9veil Hebdo\"}]},{\"@type\":\"WebSite\",\"@id\":\"https:\/\/www.annonces-legales.org\/blog\/#website\",\"url\":\"https:\/\/www.annonces-legales.org\/blog\/\",\"name\":\"Actualit\u00e9 des entreprises\",\"description\":\"\",\"publisher\":{\"@id\":\"https:\/\/www.annonces-legales.org\/blog\/#organization\"},\"potentialAction\":[{\"@type\":\"SearchAction\",\"target\":{\"@type\":\"EntryPoint\",\"urlTemplate\":\"https:\/\/www.annonces-legales.org\/blog\/?s={search_term_string}\"},\"query-input\":{\"@type\":\"PropertyValueSpecification\",\"valueRequired\":true,\"valueName\":\"search_term_string\"}}],\"inLanguage\":\"fr-FR\"},{\"@type\":\"Organization\",\"@id\":\"https:\/\/www.annonces-legales.org\/blog\/#organization\",\"name\":\"Actualit\u00e9 des entreprises\",\"url\":\"https:\/\/www.annonces-legales.org\/blog\/\",\"logo\":{\"@type\":\"ImageObject\",\"inLanguage\":\"fr-FR\",\"@id\":\"https:\/\/www.annonces-legales.org\/blog\/#\/schema\/logo\/image\/\",\"url\":\"https:\/\/www.annonces-legales.org\/blog\/wp-content\/uploads\/2023\/08\/annonces-legales.svg\",\"contentUrl\":\"https:\/\/www.annonces-legales.org\/blog\/wp-content\/uploads\/2023\/08\/annonces-legales.svg\",\"caption\":\"Actualit\u00e9 des entreprises\"},\"image\":{\"@id\":\"https:\/\/www.annonces-legales.org\/blog\/#\/schema\/logo\/image\/\"}}]}<\/script>\n<!-- \/ Yoast SEO plugin. -->","yoast_head_json":{"title":"\u00c9veil Hebdo - Actualit\u00e9 des entreprises","robots":{"index":"index","follow":"follow","max-snippet":"max-snippet:-1","max-image-preview":"max-image-preview:large","max-video-preview":"max-video-preview:-1"},"canonical":"https:\/\/www.annonces-legales.org\/blog\/eveil-hebdo\/","og_locale":"fr_FR","og_type":"article","og_title":"\u00c9veil Hebdo - Actualit\u00e9 des entreprises","og_description":"L\u2019\u00c9veil Hebdo appel\u00e9 \u00e9galement l\u2019\u00c9veil de la Haute-Loire est un hebdomadaire qui propose des informations locales sur le d\u00e9partement de [&hellip;]","og_url":"https:\/\/www.annonces-legales.org\/blog\/eveil-hebdo\/","og_site_name":"Actualit\u00e9 des entreprises","article_modified_time":"2022-01-26T10:49:08+00:00","twitter_card":"summary_large_image","twitter_misc":{"Dur\u00e9e de lecture estim\u00e9e":"2 minutes"},"schema":{"@context":"https:\/\/schema.org","@graph":[{"@type":"WebPage","@id":"https:\/\/www.annonces-legales.org\/blog\/eveil-hebdo\/","url":"https:\/\/www.annonces-legales.org\/blog\/eveil-hebdo\/","name":"\u00c9veil Hebdo - Actualit\u00e9 des entreprises","isPartOf":{"@id":"https:\/\/www.annonces-legales.org\/blog\/#website"},"datePublished":"2021-12-27T17:12:37+00:00","dateModified":"2022-01-26T10:49:08+00:00","breadcrumb":{"@id":"https:\/\/www.annonces-legales.org\/blog\/eveil-hebdo\/#breadcrumb"},"inLanguage":"fr-FR","potentialAction":[{"@type":"ReadAction","target":["https:\/\/www.annonces-legales.org\/blog\/eveil-hebdo\/"]}]},{"@type":"BreadcrumbList","@id":"https:\/\/www.annonces-legales.org\/blog\/eveil-hebdo\/#breadcrumb","itemListElement":[{"@type":"ListItem","position":1,"name":"Accueil","item":"https:\/\/www.annonces-legales.org\/blog\/"},{"@type":"ListItem","position":2,"name":"Liste des journaux habilit\u00e9s \u00e0 publier des annonces l\u00e9gales","item":"https:\/\/www.annonces-legales.org\/blog\/liste-des-journaux-habilites-a-publier-des-annonces-legales\/"},{"@type":"ListItem","position":3,"name":"\u00c9veil Hebdo"}]},{"@type":"WebSite","@id":"https:\/\/www.annonces-legales.org\/blog\/#website","url":"https:\/\/www.annonces-legales.org\/blog\/","name":"Actualit\u00e9 des entreprises","description":"","publisher":{"@id":"https:\/\/www.annonces-legales.org\/blog\/#organization"},"potentialAction":[{"@type":"SearchAction","target":{"@type":"EntryPoint","urlTemplate":"https:\/\/www.annonces-legales.org\/blog\/?s={search_term_string}"},"query-input":{"@type":"PropertyValueSpecification","valueRequired":true,"valueName":"search_term_string"}}],"inLanguage":"fr-FR"},{"@type":"Organization","@id":"https:\/\/www.annonces-legales.org\/blog\/#organization","name":"Actualit\u00e9 des entreprises","url":"https:\/\/www.annonces-legales.org\/blog\/","logo":{"@type":"ImageObject","inLanguage":"fr-FR","@id":"https:\/\/www.annonces-legales.org\/blog\/#\/schema\/logo\/image\/","url":"https:\/\/www.annonces-legales.org\/blog\/wp-content\/uploads\/2023\/08\/annonces-legales.svg","contentUrl":"https:\/\/www.annonces-legales.org\/blog\/wp-content\/uploads\/2023\/08\/annonces-legales.svg","caption":"Actualit\u00e9 des entreprises"},"image":{"@id":"https:\/\/www.annonces-legales.org\/blog\/#\/schema\/logo\/image\/"}}]}},"_links":{"self":[{"href":"https:\/\/www.annonces-legales.org\/blog\/wp-json\/wp\/v2\/pages\/1727","targetHints":{"allow":["GET"]}}],"collection":[{"href":"https:\/\/www.annonces-legales.org\/blog\/wp-json\/wp\/v2\/pages"}],"about":[{"href":"https:\/\/www.annonces-legales.org\/blog\/wp-json\/wp\/v2\/types\/page"}],"author":[{"embeddable":true,"href":"https:\/\/www.annonces-legales.org\/blog\/wp-json\/wp\/v2\/users\/1"}],"replies":[{"embeddable":true,"href":"https:\/\/www.annonces-legales.org\/blog\/wp-json\/wp\/v2\/comments?post=1727"}],"version-history":[{"count":3,"href":"https:\/\/www.annonces-legales.org\/blog\/wp-json\/wp\/v2\/pages\/1727\/revisions"}],"predecessor-version":[{"id":1730,"href":"https:\/\/www.annonces-legales.org\/blog\/wp-json\/wp\/v2\/pages\/1727\/revisions\/1730"}],"up":[{"embeddable":true,"href":"https:\/\/www.annonces-legales.org\/blog\/wp-json\/wp\/v2\/pages\/351"}],"wp:attachment":[{"href":"https:\/\/www.annonces-legales.org\/blog\/wp-json\/wp\/v2\/media?parent=1727"}],"curies":[{"name":"wp","href":"https:\/\/api.w.org\/{rel}","templated":true}]}}