{"id":1739,"date":"2021-12-27T18:25:40","date_gmt":"2021-12-27T17:25:40","guid":{"rendered":"https:\/\/www.annonces-legales.org\/blog\/?page_id=1739"},"modified":"2022-01-26T12:07:54","modified_gmt":"2022-01-26T11:07:54","slug":"messager","status":"publish","type":"page","link":"https:\/\/www.annonces-legales.org\/blog\/messager\/","title":{"rendered":"Messager"},"content":{"rendered":"<p>Le Messager est un journal d&rsquo;information g\u00e9n\u00e9raliste local de Haute-Savoie. C&rsquo;est un hebdomadaire qui publie un nouveau num\u00e9ro chaque jeudi. Il offre des informations sur les actualit\u00e9s autour de Chablais, Faucigny, Genevois et Annecy. Il est vendu 2,20 \u20ac. Il poss\u00e8de un site Internet (lemessager.fr) ainsi qu&rsquo;une page sur le r\u00e9seau social Facebook qui regroupe pr\u00e8s de 30 000 abonn\u00e9s.<\/p>\n<p>Adresse mail de la r\u00e9daction : redactionthonon@lemessager.fr<br \/>\nAdresse postale : 19, Avenue du pr\u00e9 Robert sud \u00e0 Thonon-les-Bains 74201<\/p>\n<p>Ce journal poss\u00e8de trois \u00e9ditions :<\/p>\n<ul>\n<li>Le Messager \u00e9dition Chablais<\/li>\n<li>Le Messager \u00e9dition Faucigny<\/li>\n<li>Le Messager \u00e9dition Genevois<\/li>\n<\/ul>\n<p>&nbsp;<\/p>\n<h2>Histoire du journal Le messager<\/h2>\n<p>Cr\u00e9\u00e9 en 1898, il s&rsquo;appelle tout d&rsquo;abord le <em>Messager agricole, commerciale et industrielle de la Haute-Savoie<\/em>. Son jour de parution \u00e9tait tout d&rsquo;abord le samedi. Il changea de nom une nouvelle fois apr\u00e8s la seconde guerre mondiale pour devenir le messager patriotique de la Haute-Savoie.<br \/>\nDepuis 1994, le journal appartient au groupe de presse La Voix du Nord (groupe Rossel la voix).<br \/>\nLa soci\u00e9t\u00e9 Le Messager est une filiale de ce groupe de presse. Outre le journal Le Messager, cette soci\u00e9t\u00e9 publi\u00e9e d&rsquo;autres journaux :<\/p>\n<ul>\n<li><a href=\"https:\/\/www.annonces-legales.org\/blog\/l-essor-savoyard\/\">L&rsquo;essor savoyard<\/a><\/li>\n<li><a href=\"https:\/\/www.annonces-legales.org\/blog\/tribune-republicaine\/\">La tribune r\u00e9publicaine<\/a><\/li>\n<li><a href=\"https:\/\/www.annonces-legales.org\/blog\/pays-gessien\/\">Le pays Gessien<\/a><\/li>\n<li>La Savoie<\/li>\n<\/ul>\n<p>&nbsp;<\/p>\n<h2>Combien co\u00fbte un abonnement au journal le messager ?<\/h2>\n<p>Un abonnement num\u00e9rique pour avoir acc\u00e8s au journal num\u00e9rique en ligne sept jours sur sept co\u00fbte 4,90 \u20ac par mois. L&rsquo;offre qui comprend le journal en version num\u00e9rique et le journal papier est \u00e0 5,40 \u20ac par mois. Cette offre comprend trois comptes. Vous pouvez donc partager votre abonnement avec deux membres de votre famille.<\/p>\n<h2><\/h2>\n<h2>Ins\u00e9rer des annonces l\u00e9gales avec le messager<\/h2>\n<p>L&rsquo;hebdomadaire le messager a obtenu l&rsquo;autorisation pour r\u00e9aliser l&rsquo;insertion d&rsquo;annonces l\u00e9gales pour le d\u00e9partement de Haute-Savoie (74). Les dirigeants et les cr\u00e9ateurs d&rsquo;entreprise peuvent donc choisir ce journal afin d&rsquo;y faire para\u00eetre dans annonce l\u00e9gale de constitution ou de modifications.<br \/>\nIl existe d&rsquo;autres journaux qui peuvent accueillir ces annonces officielles et l\u00e9gales. C&rsquo;est \u00e0 la personne qui va faire l&rsquo;annonce l\u00e9gale de choisir quel journal il souhaite utiliser pour faire cette formalit\u00e9 obligatoire. Parmi les nombreux autres journaux habilit\u00e9s \u00e0 ins\u00e9rer ces annonces pour le d\u00e9partement de la Haute-Savoie, nous pouvons citer l&rsquo;<a href=\"https:\/\/www.annonces-legales.org\/blog\/eco-savoie-mont-blanc\/\">Eco savoie Mont-Blanc<\/a>, l&rsquo;hebdo des Savoie ou encore le Faucigny.<\/p>\n<br\/><br\/><div class=\"entry-content notopmargin\">\n\t<img decoding=\"async\" class=\"img-fluid fleft\" src=\"https:\/\/www.annonces-legales.org\/images\/rapide-economique-tout-departement.png\" alt=\"Journal d'annonce l\u00e9gale  du 74 \"><a href=\"https:\/\/www.annonces-legales.org\/publication-annonce-legale.html\" class=\"button button-desc fright mtop30\"><div>Je publie<br> mon annonce<br> l\u00e9gale<\/div><span>dans un journal  du 74 !<\/span><\/a>\n<\/div><div class=\"clrbth\"><\/div><br\/><br\/>\n","protected":false},"excerpt":{"rendered":"<p>Le Messager est un journal d&rsquo;information g\u00e9n\u00e9raliste local de Haute-Savoie. C&rsquo;est un hebdomadaire qui publie un nouveau num\u00e9ro chaque jeudi. [&hellip;]<\/p>\n","protected":false},"author":1,"featured_media":0,"parent":351,"menu_order":0,"comment_status":"closed","ping_status":"closed","template":"","meta":{"inline_featured_image":false,"footnotes":""},"class_list":["post-1739","page","type-page","status-publish","hentry"],"yoast_head":"<!-- This site is optimized with the Yoast SEO plugin v26.8 - https:\/\/yoast.com\/product\/yoast-seo-wordpress\/ -->\n<title>Messager - Actualit\u00e9 des entreprises<\/title>\n<meta name=\"robots\" content=\"index, follow, max-snippet:-1, max-image-preview:large, max-video-preview:-1\" \/>\n<link rel=\"canonical\" href=\"https:\/\/www.annonces-legales.org\/blog\/messager\/\" \/>\n<meta property=\"og:locale\" content=\"fr_FR\" \/>\n<meta property=\"og:type\" content=\"article\" \/>\n<meta property=\"og:title\" content=\"Messager - Actualit\u00e9 des entreprises\" \/>\n<meta property=\"og:description\" content=\"Le Messager est un journal d&rsquo;information g\u00e9n\u00e9raliste local de Haute-Savoie. C&rsquo;est un hebdomadaire qui publie un nouveau num\u00e9ro chaque jeudi. [&hellip;]\" \/>\n<meta property=\"og:url\" content=\"https:\/\/www.annonces-legales.org\/blog\/messager\/\" \/>\n<meta property=\"og:site_name\" content=\"Actualit\u00e9 des entreprises\" \/>\n<meta property=\"article:modified_time\" content=\"2022-01-26T11:07:54+00:00\" \/>\n<meta name=\"twitter:card\" content=\"summary_large_image\" \/>\n<meta name=\"twitter:label1\" content=\"Dur\u00e9e de lecture estim\u00e9e\" \/>\n\t<meta name=\"twitter:data1\" content=\"2 minutes\" \/>\n<script type=\"application\/ld+json\" class=\"yoast-schema-graph\">{\"@context\":\"https:\/\/schema.org\",\"@graph\":[{\"@type\":\"WebPage\",\"@id\":\"https:\/\/www.annonces-legales.org\/blog\/messager\/\",\"url\":\"https:\/\/www.annonces-legales.org\/blog\/messager\/\",\"name\":\"Messager - Actualit\u00e9 des entreprises\",\"isPartOf\":{\"@id\":\"https:\/\/www.annonces-legales.org\/blog\/#website\"},\"datePublished\":\"2021-12-27T17:25:40+00:00\",\"dateModified\":\"2022-01-26T11:07:54+00:00\",\"breadcrumb\":{\"@id\":\"https:\/\/www.annonces-legales.org\/blog\/messager\/#breadcrumb\"},\"inLanguage\":\"fr-FR\",\"potentialAction\":[{\"@type\":\"ReadAction\",\"target\":[\"https:\/\/www.annonces-legales.org\/blog\/messager\/\"]}]},{\"@type\":\"BreadcrumbList\",\"@id\":\"https:\/\/www.annonces-legales.org\/blog\/messager\/#breadcrumb\",\"itemListElement\":[{\"@type\":\"ListItem\",\"position\":1,\"name\":\"Accueil\",\"item\":\"https:\/\/www.annonces-legales.org\/blog\/\"},{\"@type\":\"ListItem\",\"position\":2,\"name\":\"Liste des journaux habilit\u00e9s \u00e0 publier des annonces l\u00e9gales\",\"item\":\"https:\/\/www.annonces-legales.org\/blog\/liste-des-journaux-habilites-a-publier-des-annonces-legales\/\"},{\"@type\":\"ListItem\",\"position\":3,\"name\":\"Messager\"}]},{\"@type\":\"WebSite\",\"@id\":\"https:\/\/www.annonces-legales.org\/blog\/#website\",\"url\":\"https:\/\/www.annonces-legales.org\/blog\/\",\"name\":\"Actualit\u00e9 des entreprises\",\"description\":\"\",\"publisher\":{\"@id\":\"https:\/\/www.annonces-legales.org\/blog\/#organization\"},\"potentialAction\":[{\"@type\":\"SearchAction\",\"target\":{\"@type\":\"EntryPoint\",\"urlTemplate\":\"https:\/\/www.annonces-legales.org\/blog\/?s={search_term_string}\"},\"query-input\":{\"@type\":\"PropertyValueSpecification\",\"valueRequired\":true,\"valueName\":\"search_term_string\"}}],\"inLanguage\":\"fr-FR\"},{\"@type\":\"Organization\",\"@id\":\"https:\/\/www.annonces-legales.org\/blog\/#organization\",\"name\":\"Actualit\u00e9 des entreprises\",\"url\":\"https:\/\/www.annonces-legales.org\/blog\/\",\"logo\":{\"@type\":\"ImageObject\",\"inLanguage\":\"fr-FR\",\"@id\":\"https:\/\/www.annonces-legales.org\/blog\/#\/schema\/logo\/image\/\",\"url\":\"https:\/\/www.annonces-legales.org\/blog\/wp-content\/uploads\/2023\/08\/annonces-legales.svg\",\"contentUrl\":\"https:\/\/www.annonces-legales.org\/blog\/wp-content\/uploads\/2023\/08\/annonces-legales.svg\",\"caption\":\"Actualit\u00e9 des entreprises\"},\"image\":{\"@id\":\"https:\/\/www.annonces-legales.org\/blog\/#\/schema\/logo\/image\/\"}}]}<\/script>\n<!-- \/ Yoast SEO plugin. -->","yoast_head_json":{"title":"Messager - Actualit\u00e9 des entreprises","robots":{"index":"index","follow":"follow","max-snippet":"max-snippet:-1","max-image-preview":"max-image-preview:large","max-video-preview":"max-video-preview:-1"},"canonical":"https:\/\/www.annonces-legales.org\/blog\/messager\/","og_locale":"fr_FR","og_type":"article","og_title":"Messager - Actualit\u00e9 des entreprises","og_description":"Le Messager est un journal d&rsquo;information g\u00e9n\u00e9raliste local de Haute-Savoie. C&rsquo;est un hebdomadaire qui publie un nouveau num\u00e9ro chaque jeudi. [&hellip;]","og_url":"https:\/\/www.annonces-legales.org\/blog\/messager\/","og_site_name":"Actualit\u00e9 des entreprises","article_modified_time":"2022-01-26T11:07:54+00:00","twitter_card":"summary_large_image","twitter_misc":{"Dur\u00e9e de lecture estim\u00e9e":"2 minutes"},"schema":{"@context":"https:\/\/schema.org","@graph":[{"@type":"WebPage","@id":"https:\/\/www.annonces-legales.org\/blog\/messager\/","url":"https:\/\/www.annonces-legales.org\/blog\/messager\/","name":"Messager - Actualit\u00e9 des entreprises","isPartOf":{"@id":"https:\/\/www.annonces-legales.org\/blog\/#website"},"datePublished":"2021-12-27T17:25:40+00:00","dateModified":"2022-01-26T11:07:54+00:00","breadcrumb":{"@id":"https:\/\/www.annonces-legales.org\/blog\/messager\/#breadcrumb"},"inLanguage":"fr-FR","potentialAction":[{"@type":"ReadAction","target":["https:\/\/www.annonces-legales.org\/blog\/messager\/"]}]},{"@type":"BreadcrumbList","@id":"https:\/\/www.annonces-legales.org\/blog\/messager\/#breadcrumb","itemListElement":[{"@type":"ListItem","position":1,"name":"Accueil","item":"https:\/\/www.annonces-legales.org\/blog\/"},{"@type":"ListItem","position":2,"name":"Liste des journaux habilit\u00e9s \u00e0 publier des annonces l\u00e9gales","item":"https:\/\/www.annonces-legales.org\/blog\/liste-des-journaux-habilites-a-publier-des-annonces-legales\/"},{"@type":"ListItem","position":3,"name":"Messager"}]},{"@type":"WebSite","@id":"https:\/\/www.annonces-legales.org\/blog\/#website","url":"https:\/\/www.annonces-legales.org\/blog\/","name":"Actualit\u00e9 des entreprises","description":"","publisher":{"@id":"https:\/\/www.annonces-legales.org\/blog\/#organization"},"potentialAction":[{"@type":"SearchAction","target":{"@type":"EntryPoint","urlTemplate":"https:\/\/www.annonces-legales.org\/blog\/?s={search_term_string}"},"query-input":{"@type":"PropertyValueSpecification","valueRequired":true,"valueName":"search_term_string"}}],"inLanguage":"fr-FR"},{"@type":"Organization","@id":"https:\/\/www.annonces-legales.org\/blog\/#organization","name":"Actualit\u00e9 des entreprises","url":"https:\/\/www.annonces-legales.org\/blog\/","logo":{"@type":"ImageObject","inLanguage":"fr-FR","@id":"https:\/\/www.annonces-legales.org\/blog\/#\/schema\/logo\/image\/","url":"https:\/\/www.annonces-legales.org\/blog\/wp-content\/uploads\/2023\/08\/annonces-legales.svg","contentUrl":"https:\/\/www.annonces-legales.org\/blog\/wp-content\/uploads\/2023\/08\/annonces-legales.svg","caption":"Actualit\u00e9 des entreprises"},"image":{"@id":"https:\/\/www.annonces-legales.org\/blog\/#\/schema\/logo\/image\/"}}]}},"_links":{"self":[{"href":"https:\/\/www.annonces-legales.org\/blog\/wp-json\/wp\/v2\/pages\/1739","targetHints":{"allow":["GET"]}}],"collection":[{"href":"https:\/\/www.annonces-legales.org\/blog\/wp-json\/wp\/v2\/pages"}],"about":[{"href":"https:\/\/www.annonces-legales.org\/blog\/wp-json\/wp\/v2\/types\/page"}],"author":[{"embeddable":true,"href":"https:\/\/www.annonces-legales.org\/blog\/wp-json\/wp\/v2\/users\/1"}],"replies":[{"embeddable":true,"href":"https:\/\/www.annonces-legales.org\/blog\/wp-json\/wp\/v2\/comments?post=1739"}],"version-history":[{"count":1,"href":"https:\/\/www.annonces-legales.org\/blog\/wp-json\/wp\/v2\/pages\/1739\/revisions"}],"predecessor-version":[{"id":1740,"href":"https:\/\/www.annonces-legales.org\/blog\/wp-json\/wp\/v2\/pages\/1739\/revisions\/1740"}],"up":[{"embeddable":true,"href":"https:\/\/www.annonces-legales.org\/blog\/wp-json\/wp\/v2\/pages\/351"}],"wp:attachment":[{"href":"https:\/\/www.annonces-legales.org\/blog\/wp-json\/wp\/v2\/media?parent=1739"}],"curies":[{"name":"wp","href":"https:\/\/api.w.org\/{rel}","templated":true}]}}