{"id":1745,"date":"2022-01-15T15:33:27","date_gmt":"2022-01-15T14:33:27","guid":{"rendered":"https:\/\/www.annonces-legales.org\/blog\/?page_id=1745"},"modified":"2022-01-26T11:57:25","modified_gmt":"2022-01-26T10:57:25","slug":"la-gazette-de-la-manche-d-ille-et-vilaine-et-mayenne","status":"publish","type":"page","link":"https:\/\/www.annonces-legales.org\/blog\/la-gazette-de-la-manche-d-ille-et-vilaine-et-mayenne\/","title":{"rendered":"La gazette de la Manche d&rsquo;Ille-et-Vilaine et Mayenne"},"content":{"rendered":"<p>Le journal <strong>La gazette de la Manche d&rsquo;Ille-et-Vilaine et Mayenne<\/strong> est un hebdomadaire d&rsquo;information locale qui para\u00eet chaque mercredi au prix de 1,60 euros. Ce journal a environ 38 000 lecteurs r\u00e9guliers. Cet hebdomadaire appartient \u00e0 la soci\u00e9t\u00e9 <strong>Publi Hebdos<\/strong>. Il est imprim\u00e9 \u00e0 Cherbourg par la soci\u00e9t\u00e9 Cherbourgeoise d&rsquo;\u00e9dition.<br \/>\nCet hebdomadaire ne poss\u00e8de pas de site Web mais seulement une page sur le site actu.fr (propri\u00e9t\u00e9 du groupe Publi Hebdos).<br \/>\nLa r\u00e9dactrice en chef du journal est Pascale Brassinne et le directeur de la publication est Olivier Bonsart.<\/p>\n<p>&nbsp;<\/p>\n<h2>Informations de contact de La gazette de la Manche<\/h2>\n<p>Adresse de la gazette de la Manche : 45, Avenue du Mar\u00e9chal Leclerc \u00e0 Saint-Hilaire du Harcouet 50600<br \/>\nT\u00e9l\u00e9phone : 02 33 79 30 80<br \/>\nFax : 02 33 49 26 54<br \/>\nE-mail : info@gazette-manche.fr<\/p>\n<p>&nbsp;<\/p>\n<h2>Les abonnements \u00e0 La gazette de la Manche<\/h2>\n<p>L&rsquo;espace abonnement de La gazette de la Manche propose 3 formules d&rsquo;abonnement diff\u00e9rente. Une formule uniquement num\u00e9rique (\u00e0 5,90 \u20ac par mois), une formule papier (\u00e0 5,90 \u20ac par mois) et une formule double qui comprend les deux formules pr\u00e9c\u00e9dentes pour 6,30 \u20ac par mois. Le journal en format num\u00e9rique est t\u00e9l\u00e9chargeable en document PDF.<\/p>\n<p>&nbsp;<\/p>\n<h2>Publication d&rsquo;annonce l\u00e9gale facile et pas cher<\/h2>\n<p>Afin de r\u00e9aliser la publication d&rsquo;une annonce l\u00e9gale pour le d\u00e9partement d&rsquo;<strong>Ille-et-Vilaine<\/strong> ou pour le d\u00e9partement de la <strong>Manche<\/strong>, les d\u00e9cisionnaires et les chefs d&rsquo;entreprises peuvent utiliser l&rsquo;hebdomadaire La gazette de la Manche.<br \/>\nIl existe cependant de nombreux autres journaux qui sont habilit\u00e9s par la pr\u00e9fecture de ces d\u00e9partements pour ins\u00e9rer des annonces l\u00e9gales. Afin d&rsquo;obtenir le meilleur prix pour une annonce l\u00e9gale, il est indispensable de faire des devis. Vous pouvez avoir votre devis en quelques secondes en remplissant le formulaire sur notre site.<\/p>\n<br\/><br\/><div class=\"entry-content notopmargin\">\n\t<img decoding=\"async\" class=\"img-fluid fleft\" src=\"https:\/\/www.annonces-legales.org\/images\/rapide-economique-tout-departement.png\" alt=\"Journal d'annonce l\u00e9gale  JAL pas cher \"><a href=\"https:\/\/www.annonces-legales.org\/publication-annonce-legale.html\" class=\"button button-desc fright mtop30\"><div>Je publie<br> mon annonce<br> l\u00e9gale<\/div><span>dans un journal  JAL pas cher !<\/span><\/a>\n<\/div><div class=\"clrbth\"><\/div><br\/><br\/>\n<p>&nbsp;<\/p>\n<h2>Quels sont les conditions pour qu&rsquo;un journal se transforme en une publication officielle (JAL) ?<\/h2>\n<p>Seuls les journaux reconnu dans le d\u00e9partement et la r\u00e9gion peuvent obtenir l&rsquo;autorisation pour publier une annonce l\u00e9gale et judiciaire. Il faut bien s\u00fbr l&rsquo;aval de la pr\u00e9fecture qui va renouveller cette autorisation tous les ans.<\/p>\n<p>C&rsquo;est un comit\u00e9 annuelle au sein de la pr\u00e9fecture qui donne l&rsquo;autorisation aux hebdomadaires selon diverses r\u00e8gles.<\/p>\n","protected":false},"excerpt":{"rendered":"<p>Le journal La gazette de la Manche d&rsquo;Ille-et-Vilaine et Mayenne est un hebdomadaire d&rsquo;information locale qui para\u00eet chaque mercredi au [&hellip;]<\/p>\n","protected":false},"author":1,"featured_media":0,"parent":351,"menu_order":0,"comment_status":"closed","ping_status":"closed","template":"","meta":{"inline_featured_image":false,"footnotes":""},"class_list":["post-1745","page","type-page","status-publish","hentry"],"yoast_head":"<!-- This site is optimized with the Yoast SEO plugin v26.8 - https:\/\/yoast.com\/product\/yoast-seo-wordpress\/ -->\n<title>La gazette de la Manche d&#039;Ille-et-Vilaine et Mayenne - Actualit\u00e9 des entreprises<\/title>\n<meta name=\"robots\" content=\"index, follow, max-snippet:-1, max-image-preview:large, max-video-preview:-1\" \/>\n<link rel=\"canonical\" href=\"https:\/\/www.annonces-legales.org\/blog\/la-gazette-de-la-manche-d-ille-et-vilaine-et-mayenne\/\" \/>\n<meta property=\"og:locale\" content=\"fr_FR\" \/>\n<meta property=\"og:type\" content=\"article\" \/>\n<meta property=\"og:title\" content=\"La gazette de la Manche d&#039;Ille-et-Vilaine et Mayenne - Actualit\u00e9 des entreprises\" \/>\n<meta property=\"og:description\" content=\"Le journal La gazette de la Manche d&rsquo;Ille-et-Vilaine et Mayenne est un hebdomadaire d&rsquo;information locale qui para\u00eet chaque mercredi au [&hellip;]\" \/>\n<meta property=\"og:url\" content=\"https:\/\/www.annonces-legales.org\/blog\/la-gazette-de-la-manche-d-ille-et-vilaine-et-mayenne\/\" \/>\n<meta property=\"og:site_name\" content=\"Actualit\u00e9 des entreprises\" \/>\n<meta property=\"article:modified_time\" content=\"2022-01-26T10:57:25+00:00\" \/>\n<meta name=\"twitter:card\" content=\"summary_large_image\" \/>\n<meta name=\"twitter:label1\" content=\"Dur\u00e9e de lecture estim\u00e9e\" \/>\n\t<meta name=\"twitter:data1\" content=\"2 minutes\" \/>\n<script type=\"application\/ld+json\" class=\"yoast-schema-graph\">{\"@context\":\"https:\/\/schema.org\",\"@graph\":[{\"@type\":\"WebPage\",\"@id\":\"https:\/\/www.annonces-legales.org\/blog\/la-gazette-de-la-manche-d-ille-et-vilaine-et-mayenne\/\",\"url\":\"https:\/\/www.annonces-legales.org\/blog\/la-gazette-de-la-manche-d-ille-et-vilaine-et-mayenne\/\",\"name\":\"La gazette de la Manche d'Ille-et-Vilaine et Mayenne - Actualit\u00e9 des entreprises\",\"isPartOf\":{\"@id\":\"https:\/\/www.annonces-legales.org\/blog\/#website\"},\"datePublished\":\"2022-01-15T14:33:27+00:00\",\"dateModified\":\"2022-01-26T10:57:25+00:00\",\"breadcrumb\":{\"@id\":\"https:\/\/www.annonces-legales.org\/blog\/la-gazette-de-la-manche-d-ille-et-vilaine-et-mayenne\/#breadcrumb\"},\"inLanguage\":\"fr-FR\",\"potentialAction\":[{\"@type\":\"ReadAction\",\"target\":[\"https:\/\/www.annonces-legales.org\/blog\/la-gazette-de-la-manche-d-ille-et-vilaine-et-mayenne\/\"]}]},{\"@type\":\"BreadcrumbList\",\"@id\":\"https:\/\/www.annonces-legales.org\/blog\/la-gazette-de-la-manche-d-ille-et-vilaine-et-mayenne\/#breadcrumb\",\"itemListElement\":[{\"@type\":\"ListItem\",\"position\":1,\"name\":\"Accueil\",\"item\":\"https:\/\/www.annonces-legales.org\/blog\/\"},{\"@type\":\"ListItem\",\"position\":2,\"name\":\"Liste des journaux habilit\u00e9s \u00e0 publier des annonces l\u00e9gales\",\"item\":\"https:\/\/www.annonces-legales.org\/blog\/liste-des-journaux-habilites-a-publier-des-annonces-legales\/\"},{\"@type\":\"ListItem\",\"position\":3,\"name\":\"La gazette de la Manche d&rsquo;Ille-et-Vilaine et Mayenne\"}]},{\"@type\":\"WebSite\",\"@id\":\"https:\/\/www.annonces-legales.org\/blog\/#website\",\"url\":\"https:\/\/www.annonces-legales.org\/blog\/\",\"name\":\"Actualit\u00e9 des entreprises\",\"description\":\"\",\"publisher\":{\"@id\":\"https:\/\/www.annonces-legales.org\/blog\/#organization\"},\"potentialAction\":[{\"@type\":\"SearchAction\",\"target\":{\"@type\":\"EntryPoint\",\"urlTemplate\":\"https:\/\/www.annonces-legales.org\/blog\/?s={search_term_string}\"},\"query-input\":{\"@type\":\"PropertyValueSpecification\",\"valueRequired\":true,\"valueName\":\"search_term_string\"}}],\"inLanguage\":\"fr-FR\"},{\"@type\":\"Organization\",\"@id\":\"https:\/\/www.annonces-legales.org\/blog\/#organization\",\"name\":\"Actualit\u00e9 des entreprises\",\"url\":\"https:\/\/www.annonces-legales.org\/blog\/\",\"logo\":{\"@type\":\"ImageObject\",\"inLanguage\":\"fr-FR\",\"@id\":\"https:\/\/www.annonces-legales.org\/blog\/#\/schema\/logo\/image\/\",\"url\":\"https:\/\/www.annonces-legales.org\/blog\/wp-content\/uploads\/2023\/08\/annonces-legales.svg\",\"contentUrl\":\"https:\/\/www.annonces-legales.org\/blog\/wp-content\/uploads\/2023\/08\/annonces-legales.svg\",\"caption\":\"Actualit\u00e9 des entreprises\"},\"image\":{\"@id\":\"https:\/\/www.annonces-legales.org\/blog\/#\/schema\/logo\/image\/\"}}]}<\/script>\n<!-- \/ Yoast SEO plugin. -->","yoast_head_json":{"title":"La gazette de la Manche d'Ille-et-Vilaine et Mayenne - Actualit\u00e9 des entreprises","robots":{"index":"index","follow":"follow","max-snippet":"max-snippet:-1","max-image-preview":"max-image-preview:large","max-video-preview":"max-video-preview:-1"},"canonical":"https:\/\/www.annonces-legales.org\/blog\/la-gazette-de-la-manche-d-ille-et-vilaine-et-mayenne\/","og_locale":"fr_FR","og_type":"article","og_title":"La gazette de la Manche d'Ille-et-Vilaine et Mayenne - Actualit\u00e9 des entreprises","og_description":"Le journal La gazette de la Manche d&rsquo;Ille-et-Vilaine et Mayenne est un hebdomadaire d&rsquo;information locale qui para\u00eet chaque mercredi au [&hellip;]","og_url":"https:\/\/www.annonces-legales.org\/blog\/la-gazette-de-la-manche-d-ille-et-vilaine-et-mayenne\/","og_site_name":"Actualit\u00e9 des entreprises","article_modified_time":"2022-01-26T10:57:25+00:00","twitter_card":"summary_large_image","twitter_misc":{"Dur\u00e9e de lecture estim\u00e9e":"2 minutes"},"schema":{"@context":"https:\/\/schema.org","@graph":[{"@type":"WebPage","@id":"https:\/\/www.annonces-legales.org\/blog\/la-gazette-de-la-manche-d-ille-et-vilaine-et-mayenne\/","url":"https:\/\/www.annonces-legales.org\/blog\/la-gazette-de-la-manche-d-ille-et-vilaine-et-mayenne\/","name":"La gazette de la Manche d'Ille-et-Vilaine et Mayenne - Actualit\u00e9 des entreprises","isPartOf":{"@id":"https:\/\/www.annonces-legales.org\/blog\/#website"},"datePublished":"2022-01-15T14:33:27+00:00","dateModified":"2022-01-26T10:57:25+00:00","breadcrumb":{"@id":"https:\/\/www.annonces-legales.org\/blog\/la-gazette-de-la-manche-d-ille-et-vilaine-et-mayenne\/#breadcrumb"},"inLanguage":"fr-FR","potentialAction":[{"@type":"ReadAction","target":["https:\/\/www.annonces-legales.org\/blog\/la-gazette-de-la-manche-d-ille-et-vilaine-et-mayenne\/"]}]},{"@type":"BreadcrumbList","@id":"https:\/\/www.annonces-legales.org\/blog\/la-gazette-de-la-manche-d-ille-et-vilaine-et-mayenne\/#breadcrumb","itemListElement":[{"@type":"ListItem","position":1,"name":"Accueil","item":"https:\/\/www.annonces-legales.org\/blog\/"},{"@type":"ListItem","position":2,"name":"Liste des journaux habilit\u00e9s \u00e0 publier des annonces l\u00e9gales","item":"https:\/\/www.annonces-legales.org\/blog\/liste-des-journaux-habilites-a-publier-des-annonces-legales\/"},{"@type":"ListItem","position":3,"name":"La gazette de la Manche d&rsquo;Ille-et-Vilaine et Mayenne"}]},{"@type":"WebSite","@id":"https:\/\/www.annonces-legales.org\/blog\/#website","url":"https:\/\/www.annonces-legales.org\/blog\/","name":"Actualit\u00e9 des entreprises","description":"","publisher":{"@id":"https:\/\/www.annonces-legales.org\/blog\/#organization"},"potentialAction":[{"@type":"SearchAction","target":{"@type":"EntryPoint","urlTemplate":"https:\/\/www.annonces-legales.org\/blog\/?s={search_term_string}"},"query-input":{"@type":"PropertyValueSpecification","valueRequired":true,"valueName":"search_term_string"}}],"inLanguage":"fr-FR"},{"@type":"Organization","@id":"https:\/\/www.annonces-legales.org\/blog\/#organization","name":"Actualit\u00e9 des entreprises","url":"https:\/\/www.annonces-legales.org\/blog\/","logo":{"@type":"ImageObject","inLanguage":"fr-FR","@id":"https:\/\/www.annonces-legales.org\/blog\/#\/schema\/logo\/image\/","url":"https:\/\/www.annonces-legales.org\/blog\/wp-content\/uploads\/2023\/08\/annonces-legales.svg","contentUrl":"https:\/\/www.annonces-legales.org\/blog\/wp-content\/uploads\/2023\/08\/annonces-legales.svg","caption":"Actualit\u00e9 des entreprises"},"image":{"@id":"https:\/\/www.annonces-legales.org\/blog\/#\/schema\/logo\/image\/"}}]}},"_links":{"self":[{"href":"https:\/\/www.annonces-legales.org\/blog\/wp-json\/wp\/v2\/pages\/1745","targetHints":{"allow":["GET"]}}],"collection":[{"href":"https:\/\/www.annonces-legales.org\/blog\/wp-json\/wp\/v2\/pages"}],"about":[{"href":"https:\/\/www.annonces-legales.org\/blog\/wp-json\/wp\/v2\/types\/page"}],"author":[{"embeddable":true,"href":"https:\/\/www.annonces-legales.org\/blog\/wp-json\/wp\/v2\/users\/1"}],"replies":[{"embeddable":true,"href":"https:\/\/www.annonces-legales.org\/blog\/wp-json\/wp\/v2\/comments?post=1745"}],"version-history":[{"count":3,"href":"https:\/\/www.annonces-legales.org\/blog\/wp-json\/wp\/v2\/pages\/1745\/revisions"}],"predecessor-version":[{"id":1748,"href":"https:\/\/www.annonces-legales.org\/blog\/wp-json\/wp\/v2\/pages\/1745\/revisions\/1748"}],"up":[{"embeddable":true,"href":"https:\/\/www.annonces-legales.org\/blog\/wp-json\/wp\/v2\/pages\/351"}],"wp:attachment":[{"href":"https:\/\/www.annonces-legales.org\/blog\/wp-json\/wp\/v2\/media?parent=1745"}],"curies":[{"name":"wp","href":"https:\/\/api.w.org\/{rel}","templated":true}]}}