{"id":1804,"date":"2022-01-22T20:13:28","date_gmt":"2022-01-22T19:13:28","guid":{"rendered":"https:\/\/www.annonces-legales.org\/blog\/?page_id=1804"},"modified":"2022-01-23T21:57:56","modified_gmt":"2022-01-23T20:57:56","slug":"greffe-du-tribunal-de-commerce-de-aix-en-provence","status":"publish","type":"page","link":"https:\/\/www.annonces-legales.org\/blog\/greffe\/greffe-du-tribunal-de-commerce-de-aix-en-provence\/","title":{"rendered":"Greffe du tribunal de commerce de Aix-En-Provence"},"content":{"rendered":"<p>N&rsquo;importe quelle entreprise qui est rattach\u00e9 au <strong>greffe du tribunal de commerce d&rsquo;Aix-En-Provence<\/strong> se doit de conna\u00eetre son adresse et ses informations de contact. Le r\u00f4le des greffiers est important pour toutes les entreprises.<br \/>\nLes greffiers g\u00e8rent les enregistrement des soci\u00e9t\u00e9s et donne le num\u00e9ro de RCS. Le num\u00e9ro d\u2019immatriculation va \u00eatre indiqu\u00e9 sur le K-bis de la soci\u00e9t\u00e9, information qu&rsquo;il est possible de demander aupr\u00e8s du greffe du tribunal ou au centre de formalit\u00e9 des entreprises. Mais le greffe d&rsquo;Aix-En-Provence a d&rsquo;autres pr\u00e9rogatives.<\/p>\n<p>Vous trouverez plus bas la totalit\u00e9 des renseignements \u00e0 propos du greffe de Aix-En-Provence.<\/p>\n<p>&nbsp;<\/p>\n<h2>Contact<\/h2>\n<p>Le greffe du tribunal de commerce de Aix-En-Provence peut \u00eatre joint par t\u00e9l\u00e9phone au 04 42 37 76 14.<\/p>\n<p>Adresse : Hotel D&rsquo;espagnet 38, Cours Mirabeau 13625 AIX EN PROVENCE CEDEX 1<\/p>\n<p><div class=\"leaflet-map WPLeafletMap\" style=\"height:250px; width:100%;\"><\/div><script>\nwindow.WPLeafletMapPlugin = window.WPLeafletMapPlugin || [];\nwindow.WPLeafletMapPlugin.push(function WPLeafletMapShortcode() {\/*<script>*\/\nvar baseUrl = atob('aHR0cHM6Ly97c30udGlsZS5vcGVuc3RyZWV0bWFwLm9yZy97en0ve3h9L3t5fS5wbmc=');\nvar base = (!baseUrl && window.MQ) ?\n    window.MQ.mapLayer() : L.tileLayer(baseUrl,\n        L.Util.extend({}, {\n            detectRetina: 0,\n        },\n        {\"subdomains\":\"abc\",\"noWrap\":false,\"maxZoom\":20}        )\n    );\n    var options = L.Util.extend({}, {\n        layers: [base],\n        attributionControl: false\n    },\n    {\"zoomControl\":true,\"scrollWheelZoom\":false,\"doubleClickZoom\":false,\"fitBounds\":false,\"minZoom\":0,\"maxZoom\":20,\"maxBounds\":null,\"attribution\":\"\"},\n    {});\nwindow.WPLeafletMapPlugin.createMap(options).setView([43.527354,5.449916],17);});<\/script> <script>\nwindow.WPLeafletMapPlugin = window.WPLeafletMapPlugin || [];\nwindow.WPLeafletMapPlugin.push(function WPLeafletMarkerShortcode() {\/*<script>*\/\nvar map = window.WPLeafletMapPlugin.getCurrentMap();\nvar group = window.WPLeafletMapPlugin.getCurrentGroup();\nvar marker_options = window.WPLeafletMapPlugin.getIconOptions({});\nvar marker = L.marker(\n    [0,0],\n    marker_options\n);\nvar is_image = map.is_image_map;\n    marker.setLatLng( map.getCenter() );\nif (marker_options.draggable) {\n    marker.on('dragend', function () {\n        var latlng = this.getLatLng();\n        var lat = latlng.lat;\n        var lng = latlng.lng;\n        if (is_image) {\n            console.log('leaflet-marker y=' + lat + ' x=' + lng);\n        } else {\n            console.log('leaflet-marker lat=' + lat + ' lng=' + lng);\n        }\n    });\n}\nmarker.addTo( group );\nmarker.bindPopup(window.WPLeafletMapPlugin.unescape(' Greffe du tribunal de commerce de Aix-En-Provence ')).openPopup();window.WPLeafletMapPlugin.markers.push( marker );\n        });<\/script><\/p>\n<p><strong>Page internet du greffe du tribunal de commerce de Aix-En-Provence<\/strong> : www.greffe-tc-aixenprovence.fr<\/p>\n<p><strong>Horaires du greffe du tribunal de commerce de Aix-En-Provence :<\/strong><\/p>\n<p>Du lundi au vendredi de 8h30 a 12h et de 13h30 a 16h<\/p>\n<p>&nbsp;<\/p>\n<h2>A quoi sert le greffe d&rsquo;Aix-En-Provence ?<\/h2>\n<p>Le greffe d&rsquo;Aix-En-Provence a pour but premier de recevoir et d&rsquo;authentifier toutes les inscriptions au registre des soci\u00e9t\u00e9s. Ainsi, le registre du commerce et toutes ses datas vont \u00eatre g\u00e9r\u00e9s le greffe. Pour inscrire une soci\u00e9t\u00e9, il faut r\u00e9unir et transmettre toutes les pi\u00e8ces et justificatifs n\u00e9cessaires.\u00a0 Si le dossier d&rsquo;enregistrement est conforme, les greffiers effectuent l&rsquo;immatriculation. Ils cr\u00e9ent un K-bis et enregistrent les statuts sociaux. Ils procurent \u00e0 la soci\u00e9t\u00e9 un num\u00e9ro d&rsquo;enregistrement, le SIRET.<\/p>\n<p>Une autre mission du greffe du tribunal de commerce est d&rsquo;archiver et de publier des informations juridiques sur les commerces et entreprises du d\u00e9partement. Le greffe du tribunal de commerce va ainsi certifier la conformit\u00e9 et la v\u00e9racit\u00e9 de la totalit\u00e9 des informations dans le Kbis de chaque structure.<\/p>\n<p>Vous pouvez d&rsquo;ailleurs acheter la majorit\u00e9 des informations qui sont gard\u00e9s par le greffe sur le site Infogreffe.<\/p>\n<p>&nbsp;<\/p>\n<h2>A quel moment solliciter un num\u00e9ro d&rsquo;inscription pour son entreprise ?<\/h2>\n<p>Si elle n&rsquo;est pas enregistr\u00e9e au greffe du tribunal de commerce, une soci\u00e9t\u00e9 ne peut pas commencer ses ventes. Il faut le faire juste apr\u00e8s la signature des statuts. Avec les informations des statuts, il sera facile de remplir le formulaire d&rsquo;inscription.<\/p>\n<p>Il est possible de faire l&rsquo;immatriculation de la soci\u00e9t\u00e9 en se rendant au CFE du greffe du tribunal de commerce de Aix-En-Provence. Sinon, des formulaires sont disponibles sur le site web du greffe. Il faudra n\u00e9anmoins joindre les pi\u00e8ces et justificatifs par email.<\/p>\n","protected":false},"excerpt":{"rendered":"<p>N&rsquo;importe quelle entreprise qui est rattach\u00e9 au greffe du tribunal de commerce d&rsquo;Aix-En-Provence se doit de conna\u00eetre son adresse et [&hellip;]<\/p>\n","protected":false},"author":1,"featured_media":0,"parent":1759,"menu_order":0,"comment_status":"closed","ping_status":"closed","template":"","meta":{"inline_featured_image":false,"footnotes":""},"class_list":["post-1804","page","type-page","status-publish","hentry"],"yoast_head":"<!-- This site is optimized with the Yoast SEO plugin v26.8 - https:\/\/yoast.com\/product\/yoast-seo-wordpress\/ -->\n<title>Greffe du tribunal de commerce de Aix-En-Provence - Actualit\u00e9 des entreprises<\/title>\n<meta name=\"robots\" content=\"index, follow, max-snippet:-1, max-image-preview:large, max-video-preview:-1\" \/>\n<link rel=\"canonical\" href=\"https:\/\/www.annonces-legales.org\/blog\/greffe\/greffe-du-tribunal-de-commerce-de-aix-en-provence\/\" \/>\n<meta property=\"og:locale\" content=\"fr_FR\" \/>\n<meta property=\"og:type\" content=\"article\" \/>\n<meta property=\"og:title\" content=\"Greffe du tribunal de commerce de Aix-En-Provence - Actualit\u00e9 des entreprises\" \/>\n<meta property=\"og:description\" content=\"N&rsquo;importe quelle entreprise qui est rattach\u00e9 au greffe du tribunal de commerce d&rsquo;Aix-En-Provence se doit de conna\u00eetre son adresse et [&hellip;]\" \/>\n<meta property=\"og:url\" content=\"https:\/\/www.annonces-legales.org\/blog\/greffe\/greffe-du-tribunal-de-commerce-de-aix-en-provence\/\" \/>\n<meta property=\"og:site_name\" content=\"Actualit\u00e9 des entreprises\" \/>\n<meta property=\"article:modified_time\" content=\"2022-01-23T20:57:56+00:00\" \/>\n<meta name=\"twitter:card\" content=\"summary_large_image\" \/>\n<meta name=\"twitter:label1\" content=\"Dur\u00e9e de lecture estim\u00e9e\" \/>\n\t<meta name=\"twitter:data1\" content=\"2 minutes\" \/>\n<script type=\"application\/ld+json\" class=\"yoast-schema-graph\">{\"@context\":\"https:\/\/schema.org\",\"@graph\":[{\"@type\":\"WebPage\",\"@id\":\"https:\/\/www.annonces-legales.org\/blog\/greffe\/greffe-du-tribunal-de-commerce-de-aix-en-provence\/\",\"url\":\"https:\/\/www.annonces-legales.org\/blog\/greffe\/greffe-du-tribunal-de-commerce-de-aix-en-provence\/\",\"name\":\"Greffe du tribunal de commerce de Aix-En-Provence - Actualit\u00e9 des entreprises\",\"isPartOf\":{\"@id\":\"https:\/\/www.annonces-legales.org\/blog\/#website\"},\"datePublished\":\"2022-01-22T19:13:28+00:00\",\"dateModified\":\"2022-01-23T20:57:56+00:00\",\"breadcrumb\":{\"@id\":\"https:\/\/www.annonces-legales.org\/blog\/greffe\/greffe-du-tribunal-de-commerce-de-aix-en-provence\/#breadcrumb\"},\"inLanguage\":\"fr-FR\",\"potentialAction\":[{\"@type\":\"ReadAction\",\"target\":[\"https:\/\/www.annonces-legales.org\/blog\/greffe\/greffe-du-tribunal-de-commerce-de-aix-en-provence\/\"]}]},{\"@type\":\"BreadcrumbList\",\"@id\":\"https:\/\/www.annonces-legales.org\/blog\/greffe\/greffe-du-tribunal-de-commerce-de-aix-en-provence\/#breadcrumb\",\"itemListElement\":[{\"@type\":\"ListItem\",\"position\":1,\"name\":\"Accueil\",\"item\":\"https:\/\/www.annonces-legales.org\/blog\/\"},{\"@type\":\"ListItem\",\"position\":2,\"name\":\"Liste des Greffes des tribunaux de commerce\",\"item\":\"https:\/\/www.annonces-legales.org\/blog\/greffe\/\"},{\"@type\":\"ListItem\",\"position\":3,\"name\":\"Greffe du tribunal de commerce de Aix-En-Provence\"}]},{\"@type\":\"WebSite\",\"@id\":\"https:\/\/www.annonces-legales.org\/blog\/#website\",\"url\":\"https:\/\/www.annonces-legales.org\/blog\/\",\"name\":\"Actualit\u00e9 des entreprises\",\"description\":\"\",\"publisher\":{\"@id\":\"https:\/\/www.annonces-legales.org\/blog\/#organization\"},\"potentialAction\":[{\"@type\":\"SearchAction\",\"target\":{\"@type\":\"EntryPoint\",\"urlTemplate\":\"https:\/\/www.annonces-legales.org\/blog\/?s={search_term_string}\"},\"query-input\":{\"@type\":\"PropertyValueSpecification\",\"valueRequired\":true,\"valueName\":\"search_term_string\"}}],\"inLanguage\":\"fr-FR\"},{\"@type\":\"Organization\",\"@id\":\"https:\/\/www.annonces-legales.org\/blog\/#organization\",\"name\":\"Actualit\u00e9 des entreprises\",\"url\":\"https:\/\/www.annonces-legales.org\/blog\/\",\"logo\":{\"@type\":\"ImageObject\",\"inLanguage\":\"fr-FR\",\"@id\":\"https:\/\/www.annonces-legales.org\/blog\/#\/schema\/logo\/image\/\",\"url\":\"https:\/\/www.annonces-legales.org\/blog\/wp-content\/uploads\/2023\/08\/annonces-legales.svg\",\"contentUrl\":\"https:\/\/www.annonces-legales.org\/blog\/wp-content\/uploads\/2023\/08\/annonces-legales.svg\",\"caption\":\"Actualit\u00e9 des entreprises\"},\"image\":{\"@id\":\"https:\/\/www.annonces-legales.org\/blog\/#\/schema\/logo\/image\/\"}}]}<\/script>\n<!-- \/ Yoast SEO plugin. -->","yoast_head_json":{"title":"Greffe du tribunal de commerce de Aix-En-Provence - Actualit\u00e9 des entreprises","robots":{"index":"index","follow":"follow","max-snippet":"max-snippet:-1","max-image-preview":"max-image-preview:large","max-video-preview":"max-video-preview:-1"},"canonical":"https:\/\/www.annonces-legales.org\/blog\/greffe\/greffe-du-tribunal-de-commerce-de-aix-en-provence\/","og_locale":"fr_FR","og_type":"article","og_title":"Greffe du tribunal de commerce de Aix-En-Provence - Actualit\u00e9 des entreprises","og_description":"N&rsquo;importe quelle entreprise qui est rattach\u00e9 au greffe du tribunal de commerce d&rsquo;Aix-En-Provence se doit de conna\u00eetre son adresse et [&hellip;]","og_url":"https:\/\/www.annonces-legales.org\/blog\/greffe\/greffe-du-tribunal-de-commerce-de-aix-en-provence\/","og_site_name":"Actualit\u00e9 des entreprises","article_modified_time":"2022-01-23T20:57:56+00:00","twitter_card":"summary_large_image","twitter_misc":{"Dur\u00e9e de lecture estim\u00e9e":"2 minutes"},"schema":{"@context":"https:\/\/schema.org","@graph":[{"@type":"WebPage","@id":"https:\/\/www.annonces-legales.org\/blog\/greffe\/greffe-du-tribunal-de-commerce-de-aix-en-provence\/","url":"https:\/\/www.annonces-legales.org\/blog\/greffe\/greffe-du-tribunal-de-commerce-de-aix-en-provence\/","name":"Greffe du tribunal de commerce de Aix-En-Provence - Actualit\u00e9 des entreprises","isPartOf":{"@id":"https:\/\/www.annonces-legales.org\/blog\/#website"},"datePublished":"2022-01-22T19:13:28+00:00","dateModified":"2022-01-23T20:57:56+00:00","breadcrumb":{"@id":"https:\/\/www.annonces-legales.org\/blog\/greffe\/greffe-du-tribunal-de-commerce-de-aix-en-provence\/#breadcrumb"},"inLanguage":"fr-FR","potentialAction":[{"@type":"ReadAction","target":["https:\/\/www.annonces-legales.org\/blog\/greffe\/greffe-du-tribunal-de-commerce-de-aix-en-provence\/"]}]},{"@type":"BreadcrumbList","@id":"https:\/\/www.annonces-legales.org\/blog\/greffe\/greffe-du-tribunal-de-commerce-de-aix-en-provence\/#breadcrumb","itemListElement":[{"@type":"ListItem","position":1,"name":"Accueil","item":"https:\/\/www.annonces-legales.org\/blog\/"},{"@type":"ListItem","position":2,"name":"Liste des Greffes des tribunaux de commerce","item":"https:\/\/www.annonces-legales.org\/blog\/greffe\/"},{"@type":"ListItem","position":3,"name":"Greffe du tribunal de commerce de Aix-En-Provence"}]},{"@type":"WebSite","@id":"https:\/\/www.annonces-legales.org\/blog\/#website","url":"https:\/\/www.annonces-legales.org\/blog\/","name":"Actualit\u00e9 des entreprises","description":"","publisher":{"@id":"https:\/\/www.annonces-legales.org\/blog\/#organization"},"potentialAction":[{"@type":"SearchAction","target":{"@type":"EntryPoint","urlTemplate":"https:\/\/www.annonces-legales.org\/blog\/?s={search_term_string}"},"query-input":{"@type":"PropertyValueSpecification","valueRequired":true,"valueName":"search_term_string"}}],"inLanguage":"fr-FR"},{"@type":"Organization","@id":"https:\/\/www.annonces-legales.org\/blog\/#organization","name":"Actualit\u00e9 des entreprises","url":"https:\/\/www.annonces-legales.org\/blog\/","logo":{"@type":"ImageObject","inLanguage":"fr-FR","@id":"https:\/\/www.annonces-legales.org\/blog\/#\/schema\/logo\/image\/","url":"https:\/\/www.annonces-legales.org\/blog\/wp-content\/uploads\/2023\/08\/annonces-legales.svg","contentUrl":"https:\/\/www.annonces-legales.org\/blog\/wp-content\/uploads\/2023\/08\/annonces-legales.svg","caption":"Actualit\u00e9 des entreprises"},"image":{"@id":"https:\/\/www.annonces-legales.org\/blog\/#\/schema\/logo\/image\/"}}]}},"_links":{"self":[{"href":"https:\/\/www.annonces-legales.org\/blog\/wp-json\/wp\/v2\/pages\/1804","targetHints":{"allow":["GET"]}}],"collection":[{"href":"https:\/\/www.annonces-legales.org\/blog\/wp-json\/wp\/v2\/pages"}],"about":[{"href":"https:\/\/www.annonces-legales.org\/blog\/wp-json\/wp\/v2\/types\/page"}],"author":[{"embeddable":true,"href":"https:\/\/www.annonces-legales.org\/blog\/wp-json\/wp\/v2\/users\/1"}],"replies":[{"embeddable":true,"href":"https:\/\/www.annonces-legales.org\/blog\/wp-json\/wp\/v2\/comments?post=1804"}],"version-history":[{"count":3,"href":"https:\/\/www.annonces-legales.org\/blog\/wp-json\/wp\/v2\/pages\/1804\/revisions"}],"predecessor-version":[{"id":2183,"href":"https:\/\/www.annonces-legales.org\/blog\/wp-json\/wp\/v2\/pages\/1804\/revisions\/2183"}],"up":[{"embeddable":true,"href":"https:\/\/www.annonces-legales.org\/blog\/wp-json\/wp\/v2\/pages\/1759"}],"wp:attachment":[{"href":"https:\/\/www.annonces-legales.org\/blog\/wp-json\/wp\/v2\/media?parent=1804"}],"curies":[{"name":"wp","href":"https:\/\/api.w.org\/{rel}","templated":true}]}}