{"id":1808,"date":"2022-01-22T20:15:03","date_gmt":"2022-01-22T19:15:03","guid":{"rendered":"https:\/\/www.annonces-legales.org\/blog\/?page_id=1808"},"modified":"2022-01-23T22:33:47","modified_gmt":"2022-01-23T21:33:47","slug":"greffe-du-tribunal-de-commerce-d-alencon","status":"publish","type":"page","link":"https:\/\/www.annonces-legales.org\/blog\/greffe\/greffe-du-tribunal-de-commerce-d-alencon\/","title":{"rendered":"Greffe du tribunal de commerce d&rsquo;Alencon"},"content":{"rendered":"<p>Le greffe du tribunal de commerce s&rsquo;occupe des formalit\u00e9s des entreprises. Le greffe accompagne \u00e9galement les juges du tribunal. Le <strong>greffe d\u2019Alen\u00e7on<\/strong> va \u00e9galement g\u00e9rer les d\u00e9marches li\u00e9es aux organisations commerciales comme par exemple l&rsquo;enregistrement ou l&rsquo;\u00e9volution des structures juridiques (SAS, EURL, SA, SARL &#8230;).<br \/>\nCe sont les greffiers qui vont s&rsquo;occuper de la gestion du registre du commerce et des soci\u00e9t\u00e9s: le RCS. Les commerces et entreprises ont la possibilit\u00e9 de s&rsquo;y rendre ou les contacter pour conna\u00eetre des donn\u00e9es pr\u00e9cieuses sur l&rsquo;administration, la reprise ou la cr\u00e9ation\u00a0 d&rsquo;une entreprise.<\/p>\n<p>&nbsp;<\/p>\n<h2>Contacter le greffe du tribunal de commerce d\u2019Alen\u00e7on<\/h2>\n<p>T\u00e9l\u00e9phone du greffe du tribunal de commerce d&rsquo;Alen\u00e7on : 02 33 26 17 55<\/p>\n<p>Adresse : 81, Rue Du Gue De Sorre 61000 ALENCON<\/p>\n<p><div class=\"leaflet-map WPLeafletMap\" style=\"height:250px; width:100%;\"><\/div><script>\nwindow.WPLeafletMapPlugin = window.WPLeafletMapPlugin || [];\nwindow.WPLeafletMapPlugin.push(function WPLeafletMapShortcode() {\/*<script>*\/\nvar baseUrl = atob('aHR0cHM6Ly97c30udGlsZS5vcGVuc3RyZWV0bWFwLm9yZy97en0ve3h9L3t5fS5wbmc=');\nvar base = (!baseUrl && window.MQ) ?\n    window.MQ.mapLayer() : L.tileLayer(baseUrl,\n        L.Util.extend({}, {\n            detectRetina: 0,\n        },\n        {\"subdomains\":\"abc\",\"noWrap\":false,\"maxZoom\":20}        )\n    );\n    var options = L.Util.extend({}, {\n        layers: [base],\n        attributionControl: false\n    },\n    {\"zoomControl\":true,\"scrollWheelZoom\":false,\"doubleClickZoom\":false,\"fitBounds\":false,\"minZoom\":0,\"maxZoom\":20,\"maxBounds\":null,\"attribution\":\"\"},\n    {});\nwindow.WPLeafletMapPlugin.createMap(options).setView([48.419531,0.10527000000002],17);});<\/script> <script>\nwindow.WPLeafletMapPlugin = window.WPLeafletMapPlugin || [];\nwindow.WPLeafletMapPlugin.push(function WPLeafletMarkerShortcode() {\/*<script>*\/\nvar map = window.WPLeafletMapPlugin.getCurrentMap();\nvar group = window.WPLeafletMapPlugin.getCurrentGroup();\nvar marker_options = window.WPLeafletMapPlugin.getIconOptions({});\nvar marker = L.marker(\n    [0,0],\n    marker_options\n);\nvar is_image = map.is_image_map;\n    marker.setLatLng( map.getCenter() );\nif (marker_options.draggable) {\n    marker.on('dragend', function () {\n        var latlng = this.getLatLng();\n        var lat = latlng.lat;\n        var lng = latlng.lng;\n        if (is_image) {\n            console.log('leaflet-marker y=' + lat + ' x=' + lng);\n        } else {\n            console.log('leaflet-marker lat=' + lat + ' lng=' + lng);\n        }\n    });\n}\nmarker.addTo( group );\nmarker.bindPopup(window.WPLeafletMapPlugin.unescape(' Greffe du tribunal de commerce de Alencon ')).openPopup();window.WPLeafletMapPlugin.markers.push( marker );\n        });<\/script><\/p>\n<p>&nbsp;<\/p>\n<p>Site Web du greffe de Alencon : www.greffe-tc-alencon.fr<\/p>\n<p>&nbsp;<\/p>\n<h2>Quand se rendre au greffe d&rsquo;Alencon ?<\/h2>\n<p>Les heures d&rsquo;ouvertures du greffe du tribunal de commerce de Alen\u00e7on sont :<br \/>\n9h-12h\/14h-16h30<\/p>\n<p>&nbsp;<\/p>\n<h2>Les formalit\u00e9s \u00e0 r\u00e9aliser au greffe du tribunal de commerce<\/h2>\n<p>Le greffe du tribunal de commerce est au service du tribunal mais aussi des soci\u00e9t\u00e9s. Les agents du greffe du tribunal s&rsquo;occupent d&rsquo;un nombre important de t\u00e2ches r\u00e9curentes et tiennent plusieurs registres.\u00a0 Concernant les cr\u00e9ations d&rsquo;entreprises, leur objectif est de produire le RCS.<\/p>\n<p>Les greffes pr\u00e9servent la cr\u00e9dibilit\u00e9 des infos existantes dans ce fichier. Ils vont aussi assurer la d\u00e9livrance des K-bis, la carte d&rsquo;identit\u00e9 des entreprises.<br \/>\nIls vont \u00e9galement procurer une aide administrative aux juges du tribunal. Le greffe du tribunal se charge de v\u00e9rifier les immatriculation au registre des soci\u00e9t\u00e9s. Il va aussi tenir et transmettre des informations l\u00e9gales sur les <strong>soci\u00e9t\u00e9s du d\u00e9partement de l&rsquo;Orne<\/strong>. Le greffe du tribunal de commerce va diffuser des informations v\u00e9rifi\u00e9es sur les entreprises au grand public.<\/p>\n<h2>La d\u00e9marche d&rsquo;inscription<\/h2>\n<p>Pour enregistrer une entreprise, il faut en premier lieu remplir le formulaire applicable :\u00a0 M0 ou P0.<br \/>\nIl faut \u00e9galement joindre tous les papiers n\u00e9cessaires. Une fois que vous \u00eates pr\u00eat, le dossier peut \u00eatre d\u00e9livr\u00e9 au centre de formalit\u00e9 des entreprises ou en ligne via le site des greffes qui s&rsquo;appelle Infogreffe.<\/p>\n<p>Le greffier va examiner l&rsquo;exactitude du dossier. Si celui-ci est recevable, il va envoyer rapidement au chef d&rsquo;entreprise son num\u00e9ro d&rsquo;inscription ainsi qu&rsquo;un duplicata du Kbis de l&rsquo;entreprise.<br \/>\nS&rsquo;il manque des pi\u00e8ces ou si les pi\u00e8ces justificatives ne sont pas conformes, le greffe du tribunal va refuser l&rsquo;enregistrement et va obliger le cr\u00e9ateur d&rsquo;entreprise \u00e0 r\u00e9gulariser le dossier tr\u00e8s rapidement.<\/p>\n<p>L&rsquo;extrait d&rsquo;enregistrement au CFE qui sera d\u00e9livr\u00e9 \u00e0 l&rsquo;entreprise va lui permettre de pouvoir faire les formalit\u00e9s n\u00e9cessaires aupr\u00e8s des autres services de l&rsquo;\u00c9tat.<\/p>\n<p>Par la suite, tout \u00e9v\u00e9nement consid\u00e9rable qui va se faire dans l&rsquo;\u00e9tablissment devra faire l&rsquo;objet d&rsquo;une communication aupr\u00e8s du CFE tr\u00e8s rapidement. Mais avant de notifier et de faire une modification au RCS, il faudra faire une annonce l\u00e9gale officielle de modification.<\/p>\n","protected":false},"excerpt":{"rendered":"<p>Le greffe du tribunal de commerce s&rsquo;occupe des formalit\u00e9s des entreprises. Le greffe accompagne \u00e9galement les juges du tribunal. Le [&hellip;]<\/p>\n","protected":false},"author":1,"featured_media":0,"parent":1759,"menu_order":0,"comment_status":"closed","ping_status":"closed","template":"","meta":{"inline_featured_image":false,"footnotes":""},"class_list":["post-1808","page","type-page","status-publish","hentry"],"yoast_head":"<!-- This site is optimized with the Yoast SEO plugin v26.8 - https:\/\/yoast.com\/product\/yoast-seo-wordpress\/ -->\n<title>Greffe du tribunal de commerce d&#039;Alencon - Actualit\u00e9 des entreprises<\/title>\n<meta name=\"robots\" content=\"index, follow, max-snippet:-1, max-image-preview:large, max-video-preview:-1\" \/>\n<link rel=\"canonical\" href=\"https:\/\/www.annonces-legales.org\/blog\/greffe\/greffe-du-tribunal-de-commerce-d-alencon\/\" \/>\n<meta property=\"og:locale\" content=\"fr_FR\" \/>\n<meta property=\"og:type\" content=\"article\" \/>\n<meta property=\"og:title\" content=\"Greffe du tribunal de commerce d&#039;Alencon - Actualit\u00e9 des entreprises\" \/>\n<meta property=\"og:description\" content=\"Le greffe du tribunal de commerce s&rsquo;occupe des formalit\u00e9s des entreprises. Le greffe accompagne \u00e9galement les juges du tribunal. Le [&hellip;]\" \/>\n<meta property=\"og:url\" content=\"https:\/\/www.annonces-legales.org\/blog\/greffe\/greffe-du-tribunal-de-commerce-d-alencon\/\" \/>\n<meta property=\"og:site_name\" content=\"Actualit\u00e9 des entreprises\" \/>\n<meta property=\"article:modified_time\" content=\"2022-01-23T21:33:47+00:00\" \/>\n<meta name=\"twitter:card\" content=\"summary_large_image\" \/>\n<meta name=\"twitter:label1\" content=\"Dur\u00e9e de lecture estim\u00e9e\" \/>\n\t<meta name=\"twitter:data1\" content=\"3 minutes\" \/>\n<script type=\"application\/ld+json\" class=\"yoast-schema-graph\">{\"@context\":\"https:\/\/schema.org\",\"@graph\":[{\"@type\":\"WebPage\",\"@id\":\"https:\/\/www.annonces-legales.org\/blog\/greffe\/greffe-du-tribunal-de-commerce-d-alencon\/\",\"url\":\"https:\/\/www.annonces-legales.org\/blog\/greffe\/greffe-du-tribunal-de-commerce-d-alencon\/\",\"name\":\"Greffe du tribunal de commerce d'Alencon - Actualit\u00e9 des entreprises\",\"isPartOf\":{\"@id\":\"https:\/\/www.annonces-legales.org\/blog\/#website\"},\"datePublished\":\"2022-01-22T19:15:03+00:00\",\"dateModified\":\"2022-01-23T21:33:47+00:00\",\"breadcrumb\":{\"@id\":\"https:\/\/www.annonces-legales.org\/blog\/greffe\/greffe-du-tribunal-de-commerce-d-alencon\/#breadcrumb\"},\"inLanguage\":\"fr-FR\",\"potentialAction\":[{\"@type\":\"ReadAction\",\"target\":[\"https:\/\/www.annonces-legales.org\/blog\/greffe\/greffe-du-tribunal-de-commerce-d-alencon\/\"]}]},{\"@type\":\"BreadcrumbList\",\"@id\":\"https:\/\/www.annonces-legales.org\/blog\/greffe\/greffe-du-tribunal-de-commerce-d-alencon\/#breadcrumb\",\"itemListElement\":[{\"@type\":\"ListItem\",\"position\":1,\"name\":\"Accueil\",\"item\":\"https:\/\/www.annonces-legales.org\/blog\/\"},{\"@type\":\"ListItem\",\"position\":2,\"name\":\"Liste des Greffes des tribunaux de commerce\",\"item\":\"https:\/\/www.annonces-legales.org\/blog\/greffe\/\"},{\"@type\":\"ListItem\",\"position\":3,\"name\":\"Greffe du tribunal de commerce d&rsquo;Alencon\"}]},{\"@type\":\"WebSite\",\"@id\":\"https:\/\/www.annonces-legales.org\/blog\/#website\",\"url\":\"https:\/\/www.annonces-legales.org\/blog\/\",\"name\":\"Actualit\u00e9 des entreprises\",\"description\":\"\",\"publisher\":{\"@id\":\"https:\/\/www.annonces-legales.org\/blog\/#organization\"},\"potentialAction\":[{\"@type\":\"SearchAction\",\"target\":{\"@type\":\"EntryPoint\",\"urlTemplate\":\"https:\/\/www.annonces-legales.org\/blog\/?s={search_term_string}\"},\"query-input\":{\"@type\":\"PropertyValueSpecification\",\"valueRequired\":true,\"valueName\":\"search_term_string\"}}],\"inLanguage\":\"fr-FR\"},{\"@type\":\"Organization\",\"@id\":\"https:\/\/www.annonces-legales.org\/blog\/#organization\",\"name\":\"Actualit\u00e9 des entreprises\",\"url\":\"https:\/\/www.annonces-legales.org\/blog\/\",\"logo\":{\"@type\":\"ImageObject\",\"inLanguage\":\"fr-FR\",\"@id\":\"https:\/\/www.annonces-legales.org\/blog\/#\/schema\/logo\/image\/\",\"url\":\"https:\/\/www.annonces-legales.org\/blog\/wp-content\/uploads\/2023\/08\/annonces-legales.svg\",\"contentUrl\":\"https:\/\/www.annonces-legales.org\/blog\/wp-content\/uploads\/2023\/08\/annonces-legales.svg\",\"caption\":\"Actualit\u00e9 des entreprises\"},\"image\":{\"@id\":\"https:\/\/www.annonces-legales.org\/blog\/#\/schema\/logo\/image\/\"}}]}<\/script>\n<!-- \/ Yoast SEO plugin. -->","yoast_head_json":{"title":"Greffe du tribunal de commerce d'Alencon - Actualit\u00e9 des entreprises","robots":{"index":"index","follow":"follow","max-snippet":"max-snippet:-1","max-image-preview":"max-image-preview:large","max-video-preview":"max-video-preview:-1"},"canonical":"https:\/\/www.annonces-legales.org\/blog\/greffe\/greffe-du-tribunal-de-commerce-d-alencon\/","og_locale":"fr_FR","og_type":"article","og_title":"Greffe du tribunal de commerce d'Alencon - Actualit\u00e9 des entreprises","og_description":"Le greffe du tribunal de commerce s&rsquo;occupe des formalit\u00e9s des entreprises. Le greffe accompagne \u00e9galement les juges du tribunal. Le [&hellip;]","og_url":"https:\/\/www.annonces-legales.org\/blog\/greffe\/greffe-du-tribunal-de-commerce-d-alencon\/","og_site_name":"Actualit\u00e9 des entreprises","article_modified_time":"2022-01-23T21:33:47+00:00","twitter_card":"summary_large_image","twitter_misc":{"Dur\u00e9e de lecture estim\u00e9e":"3 minutes"},"schema":{"@context":"https:\/\/schema.org","@graph":[{"@type":"WebPage","@id":"https:\/\/www.annonces-legales.org\/blog\/greffe\/greffe-du-tribunal-de-commerce-d-alencon\/","url":"https:\/\/www.annonces-legales.org\/blog\/greffe\/greffe-du-tribunal-de-commerce-d-alencon\/","name":"Greffe du tribunal de commerce d'Alencon - Actualit\u00e9 des entreprises","isPartOf":{"@id":"https:\/\/www.annonces-legales.org\/blog\/#website"},"datePublished":"2022-01-22T19:15:03+00:00","dateModified":"2022-01-23T21:33:47+00:00","breadcrumb":{"@id":"https:\/\/www.annonces-legales.org\/blog\/greffe\/greffe-du-tribunal-de-commerce-d-alencon\/#breadcrumb"},"inLanguage":"fr-FR","potentialAction":[{"@type":"ReadAction","target":["https:\/\/www.annonces-legales.org\/blog\/greffe\/greffe-du-tribunal-de-commerce-d-alencon\/"]}]},{"@type":"BreadcrumbList","@id":"https:\/\/www.annonces-legales.org\/blog\/greffe\/greffe-du-tribunal-de-commerce-d-alencon\/#breadcrumb","itemListElement":[{"@type":"ListItem","position":1,"name":"Accueil","item":"https:\/\/www.annonces-legales.org\/blog\/"},{"@type":"ListItem","position":2,"name":"Liste des Greffes des tribunaux de commerce","item":"https:\/\/www.annonces-legales.org\/blog\/greffe\/"},{"@type":"ListItem","position":3,"name":"Greffe du tribunal de commerce d&rsquo;Alencon"}]},{"@type":"WebSite","@id":"https:\/\/www.annonces-legales.org\/blog\/#website","url":"https:\/\/www.annonces-legales.org\/blog\/","name":"Actualit\u00e9 des entreprises","description":"","publisher":{"@id":"https:\/\/www.annonces-legales.org\/blog\/#organization"},"potentialAction":[{"@type":"SearchAction","target":{"@type":"EntryPoint","urlTemplate":"https:\/\/www.annonces-legales.org\/blog\/?s={search_term_string}"},"query-input":{"@type":"PropertyValueSpecification","valueRequired":true,"valueName":"search_term_string"}}],"inLanguage":"fr-FR"},{"@type":"Organization","@id":"https:\/\/www.annonces-legales.org\/blog\/#organization","name":"Actualit\u00e9 des entreprises","url":"https:\/\/www.annonces-legales.org\/blog\/","logo":{"@type":"ImageObject","inLanguage":"fr-FR","@id":"https:\/\/www.annonces-legales.org\/blog\/#\/schema\/logo\/image\/","url":"https:\/\/www.annonces-legales.org\/blog\/wp-content\/uploads\/2023\/08\/annonces-legales.svg","contentUrl":"https:\/\/www.annonces-legales.org\/blog\/wp-content\/uploads\/2023\/08\/annonces-legales.svg","caption":"Actualit\u00e9 des entreprises"},"image":{"@id":"https:\/\/www.annonces-legales.org\/blog\/#\/schema\/logo\/image\/"}}]}},"_links":{"self":[{"href":"https:\/\/www.annonces-legales.org\/blog\/wp-json\/wp\/v2\/pages\/1808","targetHints":{"allow":["GET"]}}],"collection":[{"href":"https:\/\/www.annonces-legales.org\/blog\/wp-json\/wp\/v2\/pages"}],"about":[{"href":"https:\/\/www.annonces-legales.org\/blog\/wp-json\/wp\/v2\/types\/page"}],"author":[{"embeddable":true,"href":"https:\/\/www.annonces-legales.org\/blog\/wp-json\/wp\/v2\/users\/1"}],"replies":[{"embeddable":true,"href":"https:\/\/www.annonces-legales.org\/blog\/wp-json\/wp\/v2\/comments?post=1808"}],"version-history":[{"count":4,"href":"https:\/\/www.annonces-legales.org\/blog\/wp-json\/wp\/v2\/pages\/1808\/revisions"}],"predecessor-version":[{"id":2188,"href":"https:\/\/www.annonces-legales.org\/blog\/wp-json\/wp\/v2\/pages\/1808\/revisions\/2188"}],"up":[{"embeddable":true,"href":"https:\/\/www.annonces-legales.org\/blog\/wp-json\/wp\/v2\/pages\/1759"}],"wp:attachment":[{"href":"https:\/\/www.annonces-legales.org\/blog\/wp-json\/wp\/v2\/media?parent=1808"}],"curies":[{"name":"wp","href":"https:\/\/api.w.org\/{rel}","templated":true}]}}