{"id":1810,"date":"2022-01-22T20:15:31","date_gmt":"2022-01-22T19:15:31","guid":{"rendered":"https:\/\/www.annonces-legales.org\/blog\/?page_id=1810"},"modified":"2022-01-23T22:44:05","modified_gmt":"2022-01-23T21:44:05","slug":"greffe-du-tribunal-de-commerce-d-amiens","status":"publish","type":"page","link":"https:\/\/www.annonces-legales.org\/blog\/greffe\/greffe-du-tribunal-de-commerce-d-amiens\/","title":{"rendered":"Greffe du tribunal de commerce d&rsquo;Amiens"},"content":{"rendered":"<p>Si vous \u00eates le gestionnaire d&rsquo;une soci\u00e9t\u00e9 \u00e0 Amiens, vous aurez sans doute quelques d\u00e9marches administratives \u00e0 accomplir au greffe d&rsquo;Amiens.<\/p>\n<p>Comment aller au greffe ? Comment contacter le greffe du tribunal de commerce ? Quelles sont les d\u00e9marches administratives qu&rsquo;il est possible d&rsquo;accomplir ? Peut-on accomplir les formalit\u00e9s sur le site internet de ce greffe ?<\/p>\n<p>Contact du greffe\u00a0 d&rsquo;Amiens ?<\/p>\n<p>Num\u00e9ro de t\u00e9l\u00e9phone du greffe de Amiens : 03 22 91 43 23<\/p>\n<p>Adresse du greffe du tribunal de commerce : 18, Rue Lamartine 80002 AMIENS CEDEX 1<\/p>\n<p><div class=\"leaflet-map WPLeafletMap\" style=\"height:250px; width:100%;\"><\/div><script>\nwindow.WPLeafletMapPlugin = window.WPLeafletMapPlugin || [];\nwindow.WPLeafletMapPlugin.push(function WPLeafletMapShortcode() {\/*<script>*\/\nvar baseUrl = atob('aHR0cHM6Ly97c30udGlsZS5vcGVuc3RyZWV0bWFwLm9yZy97en0ve3h9L3t5fS5wbmc=');\nvar base = (!baseUrl && window.MQ) ?\n    window.MQ.mapLayer() : L.tileLayer(baseUrl,\n        L.Util.extend({}, {\n            detectRetina: 0,\n        },\n        {\"subdomains\":\"abc\",\"noWrap\":false,\"maxZoom\":20}        )\n    );\n    var options = L.Util.extend({}, {\n        layers: [base],\n        attributionControl: false\n    },\n    {\"zoomControl\":true,\"scrollWheelZoom\":false,\"doubleClickZoom\":false,\"fitBounds\":false,\"minZoom\":0,\"maxZoom\":20,\"maxBounds\":null,\"attribution\":\"\"},\n    {});\nwindow.WPLeafletMapPlugin.createMap(options).setView([49.891918,2.304865],17);});<\/script> <script>\nwindow.WPLeafletMapPlugin = window.WPLeafletMapPlugin || [];\nwindow.WPLeafletMapPlugin.push(function WPLeafletMarkerShortcode() {\/*<script>*\/\nvar map = window.WPLeafletMapPlugin.getCurrentMap();\nvar group = window.WPLeafletMapPlugin.getCurrentGroup();\nvar marker_options = window.WPLeafletMapPlugin.getIconOptions({});\nvar marker = L.marker(\n    [0,0],\n    marker_options\n);\nvar is_image = map.is_image_map;\n    marker.setLatLng( map.getCenter() );\nif (marker_options.draggable) {\n    marker.on('dragend', function () {\n        var latlng = this.getLatLng();\n        var lat = latlng.lat;\n        var lng = latlng.lng;\n        if (is_image) {\n            console.log('leaflet-marker y=' + lat + ' x=' + lng);\n        } else {\n            console.log('leaflet-marker lat=' + lat + ' lng=' + lng);\n        }\n    });\n}\nmarker.addTo( group );\nmarker.bindPopup(window.WPLeafletMapPlugin.unescape(' Greffe du tribunal de commerce de Amiens ')).openPopup();window.WPLeafletMapPlugin.markers.push( marker );\n        });<\/script><\/p>\n<p>URL: www.greffe-tc-amiens.fr<\/p>\n<p>&nbsp;<\/p>\n<h2>Heures d&rsquo;ouverture<\/h2>\n<p>Retrouvez ici les heures d&rsquo;ouvertures du greffe du tribunal de commerce :<br \/>\n9H \u00e0 12H et 14H \u00e0 16H30<\/p>\n<p>&nbsp;<\/p>\n<h2>A quoi sert le greffe du tribunal de commerce d&rsquo;Amiens ?<\/h2>\n<p>Les greffiers sont des personnes asserment\u00e9s par l&rsquo;\u00e9tat. Il assure le bon fonctionnement du tribunal et s&rsquo;occupe des entreprises et de leurs donn\u00e9es officielles.<\/p>\n<p>Les cr\u00e9ateurs d&rsquo;entreprises qui habitent Amiens ou la Somme et qui veulent cr\u00e9er leur soci\u00e9t\u00e9 doivent effectuer leur enregistrement avec le CFE de ce greffe.<br \/>\nLa validation de l&rsquo;immatriculation d&rsquo;une entreprise n&rsquo;est pas l&rsquo;unique service offert par le greffe du tribunal de commerce de Amiens. Le greffe va \u00e9galement se charger d&rsquo;\u00e9couter les cr\u00e9ateurs de soci\u00e9t\u00e9s pour leur donner des informations pratiques.<\/p>\n<p>Le greffe enregistre aussi tout changement dans une entreprise.<br \/>\nLes d\u00e9marches administratives des soci\u00e9t\u00e9s aboutissent g\u00e9n\u00e9ralement toutes au greffe d&rsquo;Amiens.<br \/>\nLes soci\u00e9t\u00e9s de Amiens peuvent \u00e9galement d\u00e9poser leurs comptes annuels, enregistrer les agents commerciaux, les nantissements ou les b\u00e9n\u00e9ficiaires effectifs au RBE.<\/p>\n<p>Le r\u00f4le du greffe est aussi informatif. Avec un num\u00e9ro de registre ou le nom d&rsquo;une soci\u00e9t\u00e9 on peut facilement avoir acc\u00e8s \u00e0 des informations l\u00e9gales sur les entreprises.<\/p>\n<p>&nbsp;<\/p>\n<h2>De quelle fa\u00e7on obtenir un num\u00e9ro d&rsquo;inscription pour son immatriculation\u00a0 ?<\/h2>\n<p>Afin d&rsquo;immatriculer une structure ou vendre un fonds de commerce, de nombreux documents sont demand\u00e9s. Il faut ensuite le donner au greffe. Si le dossier n&rsquo;est pas complet ou contient une erreur, la demande d&rsquo;enregistrement sera rejet\u00e9e par le greffe. Il faut donc faire bien attention et v\u00e9rifier la validit\u00e9 des documents.<\/p>\n<p>Pour proc\u00e9der \u00e0 l&rsquo;enregistrement (apr\u00e8s avoir accompli toutes les formalit\u00e9s n\u00e9cessaires dont l&rsquo;insertion d&rsquo;une annonce l\u00e9gale), il est n\u00e9cessaire de vous rendre au RCS au 18, rue Lamartine \u00e0 Amiens.<\/p>\n<p>Apr\u00e8s avoir enregistr\u00e9 la soci\u00e9t\u00e9, le travail du greffe n&rsquo;est pas termin\u00e9. Il va transmettre toutes les informations n\u00e9cessaire \u00e0 l&rsquo;Insee, aux services des imp\u00f4ts ainsi qu&rsquo;\u00e0 de nombreuses autres entit\u00e9s du gouvernement.<\/p>\n","protected":false},"excerpt":{"rendered":"<p>Si vous \u00eates le gestionnaire d&rsquo;une soci\u00e9t\u00e9 \u00e0 Amiens, vous aurez sans doute quelques d\u00e9marches administratives \u00e0 accomplir au greffe [&hellip;]<\/p>\n","protected":false},"author":1,"featured_media":0,"parent":1759,"menu_order":0,"comment_status":"closed","ping_status":"closed","template":"","meta":{"inline_featured_image":false,"footnotes":""},"class_list":["post-1810","page","type-page","status-publish","hentry"],"yoast_head":"<!-- This site is optimized with the Yoast SEO plugin v26.8 - https:\/\/yoast.com\/product\/yoast-seo-wordpress\/ -->\n<title>Greffe du tribunal de commerce d&#039;Amiens - Actualit\u00e9 des entreprises<\/title>\n<meta name=\"robots\" content=\"index, follow, max-snippet:-1, max-image-preview:large, max-video-preview:-1\" \/>\n<link rel=\"canonical\" href=\"https:\/\/www.annonces-legales.org\/blog\/greffe\/greffe-du-tribunal-de-commerce-d-amiens\/\" \/>\n<meta property=\"og:locale\" content=\"fr_FR\" \/>\n<meta property=\"og:type\" content=\"article\" \/>\n<meta property=\"og:title\" content=\"Greffe du tribunal de commerce d&#039;Amiens - Actualit\u00e9 des entreprises\" \/>\n<meta property=\"og:description\" content=\"Si vous \u00eates le gestionnaire d&rsquo;une soci\u00e9t\u00e9 \u00e0 Amiens, vous aurez sans doute quelques d\u00e9marches administratives \u00e0 accomplir au greffe [&hellip;]\" \/>\n<meta property=\"og:url\" content=\"https:\/\/www.annonces-legales.org\/blog\/greffe\/greffe-du-tribunal-de-commerce-d-amiens\/\" \/>\n<meta property=\"og:site_name\" content=\"Actualit\u00e9 des entreprises\" \/>\n<meta property=\"article:modified_time\" content=\"2022-01-23T21:44:05+00:00\" \/>\n<meta name=\"twitter:card\" content=\"summary_large_image\" \/>\n<meta name=\"twitter:label1\" content=\"Dur\u00e9e de lecture estim\u00e9e\" \/>\n\t<meta name=\"twitter:data1\" content=\"2 minutes\" \/>\n<script type=\"application\/ld+json\" class=\"yoast-schema-graph\">{\"@context\":\"https:\/\/schema.org\",\"@graph\":[{\"@type\":\"WebPage\",\"@id\":\"https:\/\/www.annonces-legales.org\/blog\/greffe\/greffe-du-tribunal-de-commerce-d-amiens\/\",\"url\":\"https:\/\/www.annonces-legales.org\/blog\/greffe\/greffe-du-tribunal-de-commerce-d-amiens\/\",\"name\":\"Greffe du tribunal de commerce d'Amiens - Actualit\u00e9 des entreprises\",\"isPartOf\":{\"@id\":\"https:\/\/www.annonces-legales.org\/blog\/#website\"},\"datePublished\":\"2022-01-22T19:15:31+00:00\",\"dateModified\":\"2022-01-23T21:44:05+00:00\",\"breadcrumb\":{\"@id\":\"https:\/\/www.annonces-legales.org\/blog\/greffe\/greffe-du-tribunal-de-commerce-d-amiens\/#breadcrumb\"},\"inLanguage\":\"fr-FR\",\"potentialAction\":[{\"@type\":\"ReadAction\",\"target\":[\"https:\/\/www.annonces-legales.org\/blog\/greffe\/greffe-du-tribunal-de-commerce-d-amiens\/\"]}]},{\"@type\":\"BreadcrumbList\",\"@id\":\"https:\/\/www.annonces-legales.org\/blog\/greffe\/greffe-du-tribunal-de-commerce-d-amiens\/#breadcrumb\",\"itemListElement\":[{\"@type\":\"ListItem\",\"position\":1,\"name\":\"Accueil\",\"item\":\"https:\/\/www.annonces-legales.org\/blog\/\"},{\"@type\":\"ListItem\",\"position\":2,\"name\":\"Liste des Greffes des tribunaux de commerce\",\"item\":\"https:\/\/www.annonces-legales.org\/blog\/greffe\/\"},{\"@type\":\"ListItem\",\"position\":3,\"name\":\"Greffe du tribunal de commerce d&rsquo;Amiens\"}]},{\"@type\":\"WebSite\",\"@id\":\"https:\/\/www.annonces-legales.org\/blog\/#website\",\"url\":\"https:\/\/www.annonces-legales.org\/blog\/\",\"name\":\"Actualit\u00e9 des entreprises\",\"description\":\"\",\"publisher\":{\"@id\":\"https:\/\/www.annonces-legales.org\/blog\/#organization\"},\"potentialAction\":[{\"@type\":\"SearchAction\",\"target\":{\"@type\":\"EntryPoint\",\"urlTemplate\":\"https:\/\/www.annonces-legales.org\/blog\/?s={search_term_string}\"},\"query-input\":{\"@type\":\"PropertyValueSpecification\",\"valueRequired\":true,\"valueName\":\"search_term_string\"}}],\"inLanguage\":\"fr-FR\"},{\"@type\":\"Organization\",\"@id\":\"https:\/\/www.annonces-legales.org\/blog\/#organization\",\"name\":\"Actualit\u00e9 des entreprises\",\"url\":\"https:\/\/www.annonces-legales.org\/blog\/\",\"logo\":{\"@type\":\"ImageObject\",\"inLanguage\":\"fr-FR\",\"@id\":\"https:\/\/www.annonces-legales.org\/blog\/#\/schema\/logo\/image\/\",\"url\":\"https:\/\/www.annonces-legales.org\/blog\/wp-content\/uploads\/2023\/08\/annonces-legales.svg\",\"contentUrl\":\"https:\/\/www.annonces-legales.org\/blog\/wp-content\/uploads\/2023\/08\/annonces-legales.svg\",\"caption\":\"Actualit\u00e9 des entreprises\"},\"image\":{\"@id\":\"https:\/\/www.annonces-legales.org\/blog\/#\/schema\/logo\/image\/\"}}]}<\/script>\n<!-- \/ Yoast SEO plugin. -->","yoast_head_json":{"title":"Greffe du tribunal de commerce d'Amiens - Actualit\u00e9 des entreprises","robots":{"index":"index","follow":"follow","max-snippet":"max-snippet:-1","max-image-preview":"max-image-preview:large","max-video-preview":"max-video-preview:-1"},"canonical":"https:\/\/www.annonces-legales.org\/blog\/greffe\/greffe-du-tribunal-de-commerce-d-amiens\/","og_locale":"fr_FR","og_type":"article","og_title":"Greffe du tribunal de commerce d'Amiens - Actualit\u00e9 des entreprises","og_description":"Si vous \u00eates le gestionnaire d&rsquo;une soci\u00e9t\u00e9 \u00e0 Amiens, vous aurez sans doute quelques d\u00e9marches administratives \u00e0 accomplir au greffe [&hellip;]","og_url":"https:\/\/www.annonces-legales.org\/blog\/greffe\/greffe-du-tribunal-de-commerce-d-amiens\/","og_site_name":"Actualit\u00e9 des entreprises","article_modified_time":"2022-01-23T21:44:05+00:00","twitter_card":"summary_large_image","twitter_misc":{"Dur\u00e9e de lecture estim\u00e9e":"2 minutes"},"schema":{"@context":"https:\/\/schema.org","@graph":[{"@type":"WebPage","@id":"https:\/\/www.annonces-legales.org\/blog\/greffe\/greffe-du-tribunal-de-commerce-d-amiens\/","url":"https:\/\/www.annonces-legales.org\/blog\/greffe\/greffe-du-tribunal-de-commerce-d-amiens\/","name":"Greffe du tribunal de commerce d'Amiens - Actualit\u00e9 des entreprises","isPartOf":{"@id":"https:\/\/www.annonces-legales.org\/blog\/#website"},"datePublished":"2022-01-22T19:15:31+00:00","dateModified":"2022-01-23T21:44:05+00:00","breadcrumb":{"@id":"https:\/\/www.annonces-legales.org\/blog\/greffe\/greffe-du-tribunal-de-commerce-d-amiens\/#breadcrumb"},"inLanguage":"fr-FR","potentialAction":[{"@type":"ReadAction","target":["https:\/\/www.annonces-legales.org\/blog\/greffe\/greffe-du-tribunal-de-commerce-d-amiens\/"]}]},{"@type":"BreadcrumbList","@id":"https:\/\/www.annonces-legales.org\/blog\/greffe\/greffe-du-tribunal-de-commerce-d-amiens\/#breadcrumb","itemListElement":[{"@type":"ListItem","position":1,"name":"Accueil","item":"https:\/\/www.annonces-legales.org\/blog\/"},{"@type":"ListItem","position":2,"name":"Liste des Greffes des tribunaux de commerce","item":"https:\/\/www.annonces-legales.org\/blog\/greffe\/"},{"@type":"ListItem","position":3,"name":"Greffe du tribunal de commerce d&rsquo;Amiens"}]},{"@type":"WebSite","@id":"https:\/\/www.annonces-legales.org\/blog\/#website","url":"https:\/\/www.annonces-legales.org\/blog\/","name":"Actualit\u00e9 des entreprises","description":"","publisher":{"@id":"https:\/\/www.annonces-legales.org\/blog\/#organization"},"potentialAction":[{"@type":"SearchAction","target":{"@type":"EntryPoint","urlTemplate":"https:\/\/www.annonces-legales.org\/blog\/?s={search_term_string}"},"query-input":{"@type":"PropertyValueSpecification","valueRequired":true,"valueName":"search_term_string"}}],"inLanguage":"fr-FR"},{"@type":"Organization","@id":"https:\/\/www.annonces-legales.org\/blog\/#organization","name":"Actualit\u00e9 des entreprises","url":"https:\/\/www.annonces-legales.org\/blog\/","logo":{"@type":"ImageObject","inLanguage":"fr-FR","@id":"https:\/\/www.annonces-legales.org\/blog\/#\/schema\/logo\/image\/","url":"https:\/\/www.annonces-legales.org\/blog\/wp-content\/uploads\/2023\/08\/annonces-legales.svg","contentUrl":"https:\/\/www.annonces-legales.org\/blog\/wp-content\/uploads\/2023\/08\/annonces-legales.svg","caption":"Actualit\u00e9 des entreprises"},"image":{"@id":"https:\/\/www.annonces-legales.org\/blog\/#\/schema\/logo\/image\/"}}]}},"_links":{"self":[{"href":"https:\/\/www.annonces-legales.org\/blog\/wp-json\/wp\/v2\/pages\/1810","targetHints":{"allow":["GET"]}}],"collection":[{"href":"https:\/\/www.annonces-legales.org\/blog\/wp-json\/wp\/v2\/pages"}],"about":[{"href":"https:\/\/www.annonces-legales.org\/blog\/wp-json\/wp\/v2\/types\/page"}],"author":[{"embeddable":true,"href":"https:\/\/www.annonces-legales.org\/blog\/wp-json\/wp\/v2\/users\/1"}],"replies":[{"embeddable":true,"href":"https:\/\/www.annonces-legales.org\/blog\/wp-json\/wp\/v2\/comments?post=1810"}],"version-history":[{"count":4,"href":"https:\/\/www.annonces-legales.org\/blog\/wp-json\/wp\/v2\/pages\/1810\/revisions"}],"predecessor-version":[{"id":2191,"href":"https:\/\/www.annonces-legales.org\/blog\/wp-json\/wp\/v2\/pages\/1810\/revisions\/2191"}],"up":[{"embeddable":true,"href":"https:\/\/www.annonces-legales.org\/blog\/wp-json\/wp\/v2\/pages\/1759"}],"wp:attachment":[{"href":"https:\/\/www.annonces-legales.org\/blog\/wp-json\/wp\/v2\/media?parent=1810"}],"curies":[{"name":"wp","href":"https:\/\/api.w.org\/{rel}","templated":true}]}}