{"id":1818,"date":"2022-01-22T20:17:07","date_gmt":"2022-01-22T19:17:07","guid":{"rendered":"https:\/\/www.annonces-legales.org\/blog\/?page_id=1818"},"modified":"2022-01-23T23:26:47","modified_gmt":"2022-01-23T22:26:47","slug":"greffe-du-tribunal-de-commerce-antibes","status":"publish","type":"page","link":"https:\/\/www.annonces-legales.org\/blog\/greffe\/greffe-du-tribunal-de-commerce-antibes\/","title":{"rendered":"Greffe du tribunal de commerce d&rsquo;Antibes"},"content":{"rendered":"<p>Les greffes des tribunaux de commerce ont un grand nombre de mandats avec les organisations commerciales. Le greffe va se saisir particuli\u00e8rement de recueillir les demandes de constitution de soci\u00e9t\u00e9 pour leur enregistrement. Les greffes vont aussi contr\u00f4ler les modifications de si\u00e8ge, du d\u00e9p\u00f4t des marques et des modifications des statuts.<br \/>\nLe greffe du tribunal de commerces va ainsi se charger de la plupart des structures commerciales de la r\u00e9gion Pyr\u00e9n\u00e9es-Orientales.<\/p>\n<p>Les informations de contact du greffe de Antibes<\/p>\n<p>Afin de consulter le greffe de Antibes, vous pouvez utiliser le t\u00e9l\u00e9phone ou leur site Internet.<\/p>\n<p>Adresse postale: Nova Antipolis 60 , 66320 ANTIBES CEDEX<\/p>\n<p><div class=\"leaflet-map WPLeafletMap\" style=\"height:250px; width:100%;\"><\/div><script>\nwindow.WPLeafletMapPlugin = window.WPLeafletMapPlugin || [];\nwindow.WPLeafletMapPlugin.push(function WPLeafletMapShortcode() {\/*<script>*\/\nvar baseUrl = atob('aHR0cHM6Ly97c30udGlsZS5vcGVuc3RyZWV0bWFwLm9yZy97en0ve3h9L3t5fS5wbmc=');\nvar base = (!baseUrl && window.MQ) ?\n    window.MQ.mapLayer() : L.tileLayer(baseUrl,\n        L.Util.extend({}, {\n            detectRetina: 0,\n        },\n        {\"subdomains\":\"abc\",\"noWrap\":false,\"maxZoom\":20}        )\n    );\n    var options = L.Util.extend({}, {\n        layers: [base],\n        attributionControl: false\n    },\n    {\"zoomControl\":true,\"scrollWheelZoom\":false,\"doubleClickZoom\":false,\"fitBounds\":false,\"minZoom\":0,\"maxZoom\":20,\"maxBounds\":null,\"attribution\":\"\"},\n    {});\nwindow.WPLeafletMapPlugin.createMap(options).setView([43.601341,7.091675],17);});<\/script> <script>\nwindow.WPLeafletMapPlugin = window.WPLeafletMapPlugin || [];\nwindow.WPLeafletMapPlugin.push(function WPLeafletMarkerShortcode() {\/*<script>*\/\nvar map = window.WPLeafletMapPlugin.getCurrentMap();\nvar group = window.WPLeafletMapPlugin.getCurrentGroup();\nvar marker_options = window.WPLeafletMapPlugin.getIconOptions({});\nvar marker = L.marker(\n    [0,0],\n    marker_options\n);\nvar is_image = map.is_image_map;\n    marker.setLatLng( map.getCenter() );\nif (marker_options.draggable) {\n    marker.on('dragend', function () {\n        var latlng = this.getLatLng();\n        var lat = latlng.lat;\n        var lng = latlng.lng;\n        if (is_image) {\n            console.log('leaflet-marker y=' + lat + ' x=' + lng);\n        } else {\n            console.log('leaflet-marker lat=' + lat + ' lng=' + lng);\n        }\n    });\n}\nmarker.addTo( group );\nmarker.bindPopup(window.WPLeafletMapPlugin.unescape(' Greffe du tribunal de commerce de Antibes ')).openPopup();window.WPLeafletMapPlugin.markers.push( marker );\n        });<\/script><\/p>\n<p>Tel : 04 93 34 10 14<\/p>\n<p>Site officiel : www.greffe-tc-antibes.fr<\/p>\n<p>Horaires d&rsquo;ouverture du greffe du tribunal de commerce de Antibes<\/p>\n<p>Les horaires d&rsquo;ouverture du greffe du tribunal de commerce sont :<br \/>\n10H &#8211; 11H30\/14H &#8211; 15H30<\/p>\n<p>Quels sont les fonctions du greffe du tribunal de commerce de Antibes ?<\/p>\n<p>Le greffe est un partenaire incontournable pour les entreprises du d\u00e9partement de Pyr\u00e9n\u00e9es-Orientales. Les entrepreneurs qui choisit de vivre dans le d\u00e9partement de Pyr\u00e9n\u00e9es-Orientales et qui aimeraient lancer leur soci\u00e9t\u00e9 doivent faire leur enregistrement avec le registre de commerce et des soci\u00e9t\u00e9s de ce greffe.<br \/>\nL&rsquo;immatriculation d&rsquo;une soci\u00e9t\u00e9 n&rsquo;est pas l&rsquo;unique service g\u00e9r\u00e9 par le greffe. Cette administration va aussi s&rsquo;occuper de recevoir les apporteurs de projets pour leur fournir des explications. Il va aussi recevoir les modifications dans les statuts juridiques des entreprises.<br \/>\nLa fin des activit\u00e9s d&rsquo;une structure (d\u00e9p\u00f4t de bilan, dissolution&#8230;) va \u00e9galement se r\u00e9aliser aupr\u00e8s de l&rsquo;office du greffe. Bien entendu, on trouve de nombreuses autres obligations administratives \u00e0 effectuer juste avant, comme l&rsquo;insertion d&rsquo;une annonce officielle, mais les d\u00e9marches aboutissent g\u00e9n\u00e9ralement au greffe du tribunal de commerce de Antibes.<br \/>\nLes soci\u00e9t\u00e9s de Antibes peuvent aussi d\u00e9poser leurs bilans ou nommer des de nouveaux noms au Registre des b\u00e9n\u00e9ficiaires effectifs.<\/p>\n<p>les soci\u00e9t\u00e9s commerciales n\u00e9cessitant un num\u00e9ro d&rsquo;inscription<\/p>\n<p>L&rsquo;ensemble des structures qui ont un caract\u00e8re commercial ou qui commercialisent des biens doivent s&rsquo;inscrire aupr\u00e8s du registre du commerce et des soci\u00e9t\u00e9s.<\/p>\n<p>Toutes les structures commerciales ayant d\u00e9pos\u00e9 des statuts mais \u00e9galement entreprises individuelles vont donc devoir s&rsquo;immatriculer.<\/p>\n<h2>Comment accomplir l&rsquo;immatriculation d&rsquo;une soci\u00e9t\u00e9 ?<\/h2>\n<p>L&rsquo;enregistrement de l&rsquo;entreprise est l&rsquo;\u00e9tape finale de cr\u00e9ation avant le d\u00e9but des activit\u00e9s.<\/p>\n<p>Avant de proc\u00e9der \u00e0 l&rsquo;inscription, il est obligatoire de r\u00e9diger les statuts de l&rsquo;entreprise, d&rsquo;ins\u00e9rer un avis de constitution, de faire le d\u00e9p\u00f4t du capital, et d&rsquo;\u00e9lire le ou les g\u00e9rants.<\/p>\n","protected":false},"excerpt":{"rendered":"<p>Les greffes des tribunaux de commerce ont un grand nombre de mandats avec les organisations commerciales. Le greffe va se [&hellip;]<\/p>\n","protected":false},"author":1,"featured_media":0,"parent":1759,"menu_order":0,"comment_status":"closed","ping_status":"closed","template":"","meta":{"inline_featured_image":false,"footnotes":""},"class_list":["post-1818","page","type-page","status-publish","hentry"],"yoast_head":"<!-- This site is optimized with the Yoast SEO plugin v26.8 - https:\/\/yoast.com\/product\/yoast-seo-wordpress\/ -->\n<title>Greffe du tribunal de commerce d&#039;Antibes - Actualit\u00e9 des entreprises<\/title>\n<meta name=\"robots\" content=\"index, follow, max-snippet:-1, max-image-preview:large, max-video-preview:-1\" \/>\n<link rel=\"canonical\" href=\"https:\/\/www.annonces-legales.org\/blog\/greffe\/greffe-du-tribunal-de-commerce-antibes\/\" \/>\n<meta property=\"og:locale\" content=\"fr_FR\" \/>\n<meta property=\"og:type\" content=\"article\" \/>\n<meta property=\"og:title\" content=\"Greffe du tribunal de commerce d&#039;Antibes - Actualit\u00e9 des entreprises\" \/>\n<meta property=\"og:description\" content=\"Les greffes des tribunaux de commerce ont un grand nombre de mandats avec les organisations commerciales. Le greffe va se [&hellip;]\" \/>\n<meta property=\"og:url\" content=\"https:\/\/www.annonces-legales.org\/blog\/greffe\/greffe-du-tribunal-de-commerce-antibes\/\" \/>\n<meta property=\"og:site_name\" content=\"Actualit\u00e9 des entreprises\" \/>\n<meta property=\"article:modified_time\" content=\"2022-01-23T22:26:47+00:00\" \/>\n<meta name=\"twitter:card\" content=\"summary_large_image\" \/>\n<meta name=\"twitter:label1\" content=\"Dur\u00e9e de lecture estim\u00e9e\" \/>\n\t<meta name=\"twitter:data1\" content=\"2 minutes\" \/>\n<script type=\"application\/ld+json\" class=\"yoast-schema-graph\">{\"@context\":\"https:\/\/schema.org\",\"@graph\":[{\"@type\":\"WebPage\",\"@id\":\"https:\/\/www.annonces-legales.org\/blog\/greffe\/greffe-du-tribunal-de-commerce-antibes\/\",\"url\":\"https:\/\/www.annonces-legales.org\/blog\/greffe\/greffe-du-tribunal-de-commerce-antibes\/\",\"name\":\"Greffe du tribunal de commerce d'Antibes - Actualit\u00e9 des entreprises\",\"isPartOf\":{\"@id\":\"https:\/\/www.annonces-legales.org\/blog\/#website\"},\"datePublished\":\"2022-01-22T19:17:07+00:00\",\"dateModified\":\"2022-01-23T22:26:47+00:00\",\"breadcrumb\":{\"@id\":\"https:\/\/www.annonces-legales.org\/blog\/greffe\/greffe-du-tribunal-de-commerce-antibes\/#breadcrumb\"},\"inLanguage\":\"fr-FR\",\"potentialAction\":[{\"@type\":\"ReadAction\",\"target\":[\"https:\/\/www.annonces-legales.org\/blog\/greffe\/greffe-du-tribunal-de-commerce-antibes\/\"]}]},{\"@type\":\"BreadcrumbList\",\"@id\":\"https:\/\/www.annonces-legales.org\/blog\/greffe\/greffe-du-tribunal-de-commerce-antibes\/#breadcrumb\",\"itemListElement\":[{\"@type\":\"ListItem\",\"position\":1,\"name\":\"Accueil\",\"item\":\"https:\/\/www.annonces-legales.org\/blog\/\"},{\"@type\":\"ListItem\",\"position\":2,\"name\":\"Liste des Greffes des tribunaux de commerce\",\"item\":\"https:\/\/www.annonces-legales.org\/blog\/greffe\/\"},{\"@type\":\"ListItem\",\"position\":3,\"name\":\"Greffe du tribunal de commerce d&rsquo;Antibes\"}]},{\"@type\":\"WebSite\",\"@id\":\"https:\/\/www.annonces-legales.org\/blog\/#website\",\"url\":\"https:\/\/www.annonces-legales.org\/blog\/\",\"name\":\"Actualit\u00e9 des entreprises\",\"description\":\"\",\"publisher\":{\"@id\":\"https:\/\/www.annonces-legales.org\/blog\/#organization\"},\"potentialAction\":[{\"@type\":\"SearchAction\",\"target\":{\"@type\":\"EntryPoint\",\"urlTemplate\":\"https:\/\/www.annonces-legales.org\/blog\/?s={search_term_string}\"},\"query-input\":{\"@type\":\"PropertyValueSpecification\",\"valueRequired\":true,\"valueName\":\"search_term_string\"}}],\"inLanguage\":\"fr-FR\"},{\"@type\":\"Organization\",\"@id\":\"https:\/\/www.annonces-legales.org\/blog\/#organization\",\"name\":\"Actualit\u00e9 des entreprises\",\"url\":\"https:\/\/www.annonces-legales.org\/blog\/\",\"logo\":{\"@type\":\"ImageObject\",\"inLanguage\":\"fr-FR\",\"@id\":\"https:\/\/www.annonces-legales.org\/blog\/#\/schema\/logo\/image\/\",\"url\":\"https:\/\/www.annonces-legales.org\/blog\/wp-content\/uploads\/2023\/08\/annonces-legales.svg\",\"contentUrl\":\"https:\/\/www.annonces-legales.org\/blog\/wp-content\/uploads\/2023\/08\/annonces-legales.svg\",\"caption\":\"Actualit\u00e9 des entreprises\"},\"image\":{\"@id\":\"https:\/\/www.annonces-legales.org\/blog\/#\/schema\/logo\/image\/\"}}]}<\/script>\n<!-- \/ Yoast SEO plugin. -->","yoast_head_json":{"title":"Greffe du tribunal de commerce d'Antibes - Actualit\u00e9 des entreprises","robots":{"index":"index","follow":"follow","max-snippet":"max-snippet:-1","max-image-preview":"max-image-preview:large","max-video-preview":"max-video-preview:-1"},"canonical":"https:\/\/www.annonces-legales.org\/blog\/greffe\/greffe-du-tribunal-de-commerce-antibes\/","og_locale":"fr_FR","og_type":"article","og_title":"Greffe du tribunal de commerce d'Antibes - Actualit\u00e9 des entreprises","og_description":"Les greffes des tribunaux de commerce ont un grand nombre de mandats avec les organisations commerciales. Le greffe va se [&hellip;]","og_url":"https:\/\/www.annonces-legales.org\/blog\/greffe\/greffe-du-tribunal-de-commerce-antibes\/","og_site_name":"Actualit\u00e9 des entreprises","article_modified_time":"2022-01-23T22:26:47+00:00","twitter_card":"summary_large_image","twitter_misc":{"Dur\u00e9e de lecture estim\u00e9e":"2 minutes"},"schema":{"@context":"https:\/\/schema.org","@graph":[{"@type":"WebPage","@id":"https:\/\/www.annonces-legales.org\/blog\/greffe\/greffe-du-tribunal-de-commerce-antibes\/","url":"https:\/\/www.annonces-legales.org\/blog\/greffe\/greffe-du-tribunal-de-commerce-antibes\/","name":"Greffe du tribunal de commerce d'Antibes - Actualit\u00e9 des entreprises","isPartOf":{"@id":"https:\/\/www.annonces-legales.org\/blog\/#website"},"datePublished":"2022-01-22T19:17:07+00:00","dateModified":"2022-01-23T22:26:47+00:00","breadcrumb":{"@id":"https:\/\/www.annonces-legales.org\/blog\/greffe\/greffe-du-tribunal-de-commerce-antibes\/#breadcrumb"},"inLanguage":"fr-FR","potentialAction":[{"@type":"ReadAction","target":["https:\/\/www.annonces-legales.org\/blog\/greffe\/greffe-du-tribunal-de-commerce-antibes\/"]}]},{"@type":"BreadcrumbList","@id":"https:\/\/www.annonces-legales.org\/blog\/greffe\/greffe-du-tribunal-de-commerce-antibes\/#breadcrumb","itemListElement":[{"@type":"ListItem","position":1,"name":"Accueil","item":"https:\/\/www.annonces-legales.org\/blog\/"},{"@type":"ListItem","position":2,"name":"Liste des Greffes des tribunaux de commerce","item":"https:\/\/www.annonces-legales.org\/blog\/greffe\/"},{"@type":"ListItem","position":3,"name":"Greffe du tribunal de commerce d&rsquo;Antibes"}]},{"@type":"WebSite","@id":"https:\/\/www.annonces-legales.org\/blog\/#website","url":"https:\/\/www.annonces-legales.org\/blog\/","name":"Actualit\u00e9 des entreprises","description":"","publisher":{"@id":"https:\/\/www.annonces-legales.org\/blog\/#organization"},"potentialAction":[{"@type":"SearchAction","target":{"@type":"EntryPoint","urlTemplate":"https:\/\/www.annonces-legales.org\/blog\/?s={search_term_string}"},"query-input":{"@type":"PropertyValueSpecification","valueRequired":true,"valueName":"search_term_string"}}],"inLanguage":"fr-FR"},{"@type":"Organization","@id":"https:\/\/www.annonces-legales.org\/blog\/#organization","name":"Actualit\u00e9 des entreprises","url":"https:\/\/www.annonces-legales.org\/blog\/","logo":{"@type":"ImageObject","inLanguage":"fr-FR","@id":"https:\/\/www.annonces-legales.org\/blog\/#\/schema\/logo\/image\/","url":"https:\/\/www.annonces-legales.org\/blog\/wp-content\/uploads\/2023\/08\/annonces-legales.svg","contentUrl":"https:\/\/www.annonces-legales.org\/blog\/wp-content\/uploads\/2023\/08\/annonces-legales.svg","caption":"Actualit\u00e9 des entreprises"},"image":{"@id":"https:\/\/www.annonces-legales.org\/blog\/#\/schema\/logo\/image\/"}}]}},"_links":{"self":[{"href":"https:\/\/www.annonces-legales.org\/blog\/wp-json\/wp\/v2\/pages\/1818","targetHints":{"allow":["GET"]}}],"collection":[{"href":"https:\/\/www.annonces-legales.org\/blog\/wp-json\/wp\/v2\/pages"}],"about":[{"href":"https:\/\/www.annonces-legales.org\/blog\/wp-json\/wp\/v2\/types\/page"}],"author":[{"embeddable":true,"href":"https:\/\/www.annonces-legales.org\/blog\/wp-json\/wp\/v2\/users\/1"}],"replies":[{"embeddable":true,"href":"https:\/\/www.annonces-legales.org\/blog\/wp-json\/wp\/v2\/comments?post=1818"}],"version-history":[{"count":3,"href":"https:\/\/www.annonces-legales.org\/blog\/wp-json\/wp\/v2\/pages\/1818\/revisions"}],"predecessor-version":[{"id":2203,"href":"https:\/\/www.annonces-legales.org\/blog\/wp-json\/wp\/v2\/pages\/1818\/revisions\/2203"}],"up":[{"embeddable":true,"href":"https:\/\/www.annonces-legales.org\/blog\/wp-json\/wp\/v2\/pages\/1759"}],"wp:attachment":[{"href":"https:\/\/www.annonces-legales.org\/blog\/wp-json\/wp\/v2\/media?parent=1818"}],"curies":[{"name":"wp","href":"https:\/\/api.w.org\/{rel}","templated":true}]}}