{"id":1826,"date":"2022-01-22T20:18:57","date_gmt":"2022-01-22T19:18:57","guid":{"rendered":"https:\/\/www.annonces-legales.org\/blog\/?page_id=1826"},"modified":"2022-01-24T14:17:59","modified_gmt":"2022-01-24T13:17:59","slug":"greffe-du-tribunal-de-commerce-aurillac","status":"publish","type":"page","link":"https:\/\/www.annonces-legales.org\/blog\/greffe\/greffe-du-tribunal-de-commerce-aurillac\/","title":{"rendered":"Greffe du tribunal de commerce d&rsquo;Aurillac"},"content":{"rendered":"<p>Vous g\u00e9rez une entreprise pr\u00e8s d&rsquo;Aurillac ?<\/p>\n<p>Vous devrez contacter le greffe pour r\u00e9aliser diverses formalit\u00e9s r\u00e9glementaires.<br \/>\nNous avons r\u00e9uni toutes les informations essentielles sur le<strong> greffe du tribunal de commerce d&rsquo;Aurillac<\/strong>.<\/p>\n<p>&nbsp;<\/p>\n<h2>Adresse et contact du greffe d&rsquo;Aurillac<\/h2>\n<p>Beaucoup d&rsquo;informations sont disponible sur internet. Merci de ne contacter le greffe qu&rsquo;en cas de doute ou pour r\u00e9aliser vos formalit\u00e9s.<\/p>\n<p><strong>Adresse postale<\/strong>: 21, Pl Du Square 15006 AURILLAC CEDEX<\/p>\n<p><div class=\"leaflet-map WPLeafletMap\" style=\"height:250px; width:100%;\"><\/div><script>\nwindow.WPLeafletMapPlugin = window.WPLeafletMapPlugin || [];\nwindow.WPLeafletMapPlugin.push(function WPLeafletMapShortcode() {\/*<script>*\/\nvar baseUrl = atob('aHR0cHM6Ly97c30udGlsZS5vcGVuc3RyZWV0bWFwLm9yZy97en0ve3h9L3t5fS5wbmc=');\nvar base = (!baseUrl && window.MQ) ?\n    window.MQ.mapLayer() : L.tileLayer(baseUrl,\n        L.Util.extend({}, {\n            detectRetina: 0,\n        },\n        {\"subdomains\":\"abc\",\"noWrap\":false,\"maxZoom\":20}        )\n    );\n    var options = L.Util.extend({}, {\n        layers: [base],\n        attributionControl: false\n    },\n    {\"zoomControl\":true,\"scrollWheelZoom\":false,\"doubleClickZoom\":false,\"fitBounds\":false,\"minZoom\":0,\"maxZoom\":20,\"maxBounds\":null,\"attribution\":\"\"},\n    {});\nwindow.WPLeafletMapPlugin.createMap(options).setView([44.928934,2.443192],17);});<\/script> <script>\nwindow.WPLeafletMapPlugin = window.WPLeafletMapPlugin || [];\nwindow.WPLeafletMapPlugin.push(function WPLeafletMarkerShortcode() {\/*<script>*\/\nvar map = window.WPLeafletMapPlugin.getCurrentMap();\nvar group = window.WPLeafletMapPlugin.getCurrentGroup();\nvar marker_options = window.WPLeafletMapPlugin.getIconOptions({});\nvar marker = L.marker(\n    [0,0],\n    marker_options\n);\nvar is_image = map.is_image_map;\n    marker.setLatLng( map.getCenter() );\nif (marker_options.draggable) {\n    marker.on('dragend', function () {\n        var latlng = this.getLatLng();\n        var lat = latlng.lat;\n        var lng = latlng.lng;\n        if (is_image) {\n            console.log('leaflet-marker y=' + lat + ' x=' + lng);\n        } else {\n            console.log('leaflet-marker lat=' + lat + ' lng=' + lng);\n        }\n    });\n}\nmarker.addTo( group );\nmarker.bindPopup(window.WPLeafletMapPlugin.unescape(' Greffe du tribunal de commerce de Aurillac ')).openPopup();window.WPLeafletMapPlugin.markers.push( marker );\n        });<\/script><\/p>\n<p><strong>Num\u00e9ro de t\u00e9l\u00e9phone<\/strong> : 04 71 48 14 54<\/p>\n<p><strong>Site<\/strong> : <em>www.greffe-tc-aurillac.fr<\/em><\/p>\n<p>&nbsp;<\/p>\n<h2>Horaires du greffe d&rsquo;Aurillac<\/h2>\n<p>Retrouvez ici les heures d&rsquo;ouvertures du greffe du tribunal de commerce :<br \/>\nToute la semaine (hors samedi, dimanche et jours f\u00e9ri\u00e9s) de 8H30 \u00e0 12H00 et de 13H30 \u00e0 16H00.<\/p>\n<h2><\/h2>\n<h2>Les services du greffe du tribunal de commerce<\/h2>\n<p>Le greffe est un service du tribunal de commerce. Sa mission est d&rsquo;assurer un nombre important des services administratifs relatifs au tribunal de commerce d&rsquo;Aurillac.<\/p>\n<p>Les <strong>greffiers<\/strong> assistent le travail des juges mais vont aussi se charger des <strong>d\u00e9marches des entreprises<\/strong> ainsi que du CFE et du RCS (Registre du commerce et des soci\u00e9t\u00e9s).<br \/>\nInstitu\u00e9 apr\u00e8s la 1\u00e8re guerre mondiale, le RCS renferme l&rsquo;ensemble des donn\u00e9es sur les personnes morales qui y sont enregistr\u00e9es. L&rsquo;ensemble de ces informations sont accessibles facilement. Une partie est disponible gratuitement, pour le reste il faut acheter des documents directement sur Infogreffe.\u00a0 On peut acheter des documents qui permettent de conna\u00eetre,\u00a0 entre autre, les informations du commer\u00e7ant avec son lieu de domiciliation, le montant de son capital, le nom du commissaire aux compte, la d\u00e9nomination sociale, les comptes annuels.<\/p>\n<p>Le greffe du tribunal de commerce a pour fonction premi\u00e8re de r\u00e9ceptionner et de <strong>certifier toutes les inscriptions au registre des soci\u00e9t\u00e9s<\/strong>. Effectivement, le registre du commerce et des soci\u00e9t\u00e9s fait parti des bases de donn\u00e9es (avec celle des agents commerciaux et des <a href=\"https:\/\/www.annonces-legales.org\/blog\/nantissement-fonds-de-commerce\/\">nantissements<\/a>) qui vont \u00eatre organis\u00e9s le greffe du tribunal de commerce. Il faut v\u00e9rifier que toutes les pi\u00e8ces et justificatifs demand\u00e9s sont pr\u00e9sents et valides. Si le dossier d&rsquo;enregistrement est admissible, le greffier r\u00e9alise l&rsquo;enregistrement et donne \u00e0 l&rsquo;entreprise un num\u00e9ro d&rsquo;immatriculation (le SIRET).<\/p>\n","protected":false},"excerpt":{"rendered":"<p>Vous g\u00e9rez une entreprise pr\u00e8s d&rsquo;Aurillac ? Vous devrez contacter le greffe pour r\u00e9aliser diverses formalit\u00e9s r\u00e9glementaires. Nous avons r\u00e9uni [&hellip;]<\/p>\n","protected":false},"author":1,"featured_media":0,"parent":1759,"menu_order":0,"comment_status":"closed","ping_status":"closed","template":"","meta":{"inline_featured_image":false,"footnotes":""},"class_list":["post-1826","page","type-page","status-publish","hentry"],"yoast_head":"<!-- This site is optimized with the Yoast SEO plugin v26.8 - https:\/\/yoast.com\/product\/yoast-seo-wordpress\/ -->\n<title>Greffe du tribunal de commerce d&#039;Aurillac - Actualit\u00e9 des entreprises<\/title>\n<meta name=\"robots\" content=\"index, follow, max-snippet:-1, max-image-preview:large, max-video-preview:-1\" \/>\n<link rel=\"canonical\" href=\"https:\/\/www.annonces-legales.org\/blog\/greffe\/greffe-du-tribunal-de-commerce-aurillac\/\" \/>\n<meta property=\"og:locale\" content=\"fr_FR\" \/>\n<meta property=\"og:type\" content=\"article\" \/>\n<meta property=\"og:title\" content=\"Greffe du tribunal de commerce d&#039;Aurillac - Actualit\u00e9 des entreprises\" \/>\n<meta property=\"og:description\" content=\"Vous g\u00e9rez une entreprise pr\u00e8s d&rsquo;Aurillac ? Vous devrez contacter le greffe pour r\u00e9aliser diverses formalit\u00e9s r\u00e9glementaires. Nous avons r\u00e9uni [&hellip;]\" \/>\n<meta property=\"og:url\" content=\"https:\/\/www.annonces-legales.org\/blog\/greffe\/greffe-du-tribunal-de-commerce-aurillac\/\" \/>\n<meta property=\"og:site_name\" content=\"Actualit\u00e9 des entreprises\" \/>\n<meta property=\"article:modified_time\" content=\"2022-01-24T13:17:59+00:00\" \/>\n<meta name=\"twitter:card\" content=\"summary_large_image\" \/>\n<meta name=\"twitter:label1\" content=\"Dur\u00e9e de lecture estim\u00e9e\" \/>\n\t<meta name=\"twitter:data1\" content=\"2 minutes\" \/>\n<script type=\"application\/ld+json\" class=\"yoast-schema-graph\">{\"@context\":\"https:\/\/schema.org\",\"@graph\":[{\"@type\":\"WebPage\",\"@id\":\"https:\/\/www.annonces-legales.org\/blog\/greffe\/greffe-du-tribunal-de-commerce-aurillac\/\",\"url\":\"https:\/\/www.annonces-legales.org\/blog\/greffe\/greffe-du-tribunal-de-commerce-aurillac\/\",\"name\":\"Greffe du tribunal de commerce d'Aurillac - Actualit\u00e9 des entreprises\",\"isPartOf\":{\"@id\":\"https:\/\/www.annonces-legales.org\/blog\/#website\"},\"datePublished\":\"2022-01-22T19:18:57+00:00\",\"dateModified\":\"2022-01-24T13:17:59+00:00\",\"breadcrumb\":{\"@id\":\"https:\/\/www.annonces-legales.org\/blog\/greffe\/greffe-du-tribunal-de-commerce-aurillac\/#breadcrumb\"},\"inLanguage\":\"fr-FR\",\"potentialAction\":[{\"@type\":\"ReadAction\",\"target\":[\"https:\/\/www.annonces-legales.org\/blog\/greffe\/greffe-du-tribunal-de-commerce-aurillac\/\"]}]},{\"@type\":\"BreadcrumbList\",\"@id\":\"https:\/\/www.annonces-legales.org\/blog\/greffe\/greffe-du-tribunal-de-commerce-aurillac\/#breadcrumb\",\"itemListElement\":[{\"@type\":\"ListItem\",\"position\":1,\"name\":\"Accueil\",\"item\":\"https:\/\/www.annonces-legales.org\/blog\/\"},{\"@type\":\"ListItem\",\"position\":2,\"name\":\"Liste des Greffes des tribunaux de commerce\",\"item\":\"https:\/\/www.annonces-legales.org\/blog\/greffe\/\"},{\"@type\":\"ListItem\",\"position\":3,\"name\":\"Greffe du tribunal de commerce d&rsquo;Aurillac\"}]},{\"@type\":\"WebSite\",\"@id\":\"https:\/\/www.annonces-legales.org\/blog\/#website\",\"url\":\"https:\/\/www.annonces-legales.org\/blog\/\",\"name\":\"Actualit\u00e9 des entreprises\",\"description\":\"\",\"publisher\":{\"@id\":\"https:\/\/www.annonces-legales.org\/blog\/#organization\"},\"potentialAction\":[{\"@type\":\"SearchAction\",\"target\":{\"@type\":\"EntryPoint\",\"urlTemplate\":\"https:\/\/www.annonces-legales.org\/blog\/?s={search_term_string}\"},\"query-input\":{\"@type\":\"PropertyValueSpecification\",\"valueRequired\":true,\"valueName\":\"search_term_string\"}}],\"inLanguage\":\"fr-FR\"},{\"@type\":\"Organization\",\"@id\":\"https:\/\/www.annonces-legales.org\/blog\/#organization\",\"name\":\"Actualit\u00e9 des entreprises\",\"url\":\"https:\/\/www.annonces-legales.org\/blog\/\",\"logo\":{\"@type\":\"ImageObject\",\"inLanguage\":\"fr-FR\",\"@id\":\"https:\/\/www.annonces-legales.org\/blog\/#\/schema\/logo\/image\/\",\"url\":\"https:\/\/www.annonces-legales.org\/blog\/wp-content\/uploads\/2023\/08\/annonces-legales.svg\",\"contentUrl\":\"https:\/\/www.annonces-legales.org\/blog\/wp-content\/uploads\/2023\/08\/annonces-legales.svg\",\"caption\":\"Actualit\u00e9 des entreprises\"},\"image\":{\"@id\":\"https:\/\/www.annonces-legales.org\/blog\/#\/schema\/logo\/image\/\"}}]}<\/script>\n<!-- \/ Yoast SEO plugin. -->","yoast_head_json":{"title":"Greffe du tribunal de commerce d'Aurillac - Actualit\u00e9 des entreprises","robots":{"index":"index","follow":"follow","max-snippet":"max-snippet:-1","max-image-preview":"max-image-preview:large","max-video-preview":"max-video-preview:-1"},"canonical":"https:\/\/www.annonces-legales.org\/blog\/greffe\/greffe-du-tribunal-de-commerce-aurillac\/","og_locale":"fr_FR","og_type":"article","og_title":"Greffe du tribunal de commerce d'Aurillac - Actualit\u00e9 des entreprises","og_description":"Vous g\u00e9rez une entreprise pr\u00e8s d&rsquo;Aurillac ? Vous devrez contacter le greffe pour r\u00e9aliser diverses formalit\u00e9s r\u00e9glementaires. Nous avons r\u00e9uni [&hellip;]","og_url":"https:\/\/www.annonces-legales.org\/blog\/greffe\/greffe-du-tribunal-de-commerce-aurillac\/","og_site_name":"Actualit\u00e9 des entreprises","article_modified_time":"2022-01-24T13:17:59+00:00","twitter_card":"summary_large_image","twitter_misc":{"Dur\u00e9e de lecture estim\u00e9e":"2 minutes"},"schema":{"@context":"https:\/\/schema.org","@graph":[{"@type":"WebPage","@id":"https:\/\/www.annonces-legales.org\/blog\/greffe\/greffe-du-tribunal-de-commerce-aurillac\/","url":"https:\/\/www.annonces-legales.org\/blog\/greffe\/greffe-du-tribunal-de-commerce-aurillac\/","name":"Greffe du tribunal de commerce d'Aurillac - Actualit\u00e9 des entreprises","isPartOf":{"@id":"https:\/\/www.annonces-legales.org\/blog\/#website"},"datePublished":"2022-01-22T19:18:57+00:00","dateModified":"2022-01-24T13:17:59+00:00","breadcrumb":{"@id":"https:\/\/www.annonces-legales.org\/blog\/greffe\/greffe-du-tribunal-de-commerce-aurillac\/#breadcrumb"},"inLanguage":"fr-FR","potentialAction":[{"@type":"ReadAction","target":["https:\/\/www.annonces-legales.org\/blog\/greffe\/greffe-du-tribunal-de-commerce-aurillac\/"]}]},{"@type":"BreadcrumbList","@id":"https:\/\/www.annonces-legales.org\/blog\/greffe\/greffe-du-tribunal-de-commerce-aurillac\/#breadcrumb","itemListElement":[{"@type":"ListItem","position":1,"name":"Accueil","item":"https:\/\/www.annonces-legales.org\/blog\/"},{"@type":"ListItem","position":2,"name":"Liste des Greffes des tribunaux de commerce","item":"https:\/\/www.annonces-legales.org\/blog\/greffe\/"},{"@type":"ListItem","position":3,"name":"Greffe du tribunal de commerce d&rsquo;Aurillac"}]},{"@type":"WebSite","@id":"https:\/\/www.annonces-legales.org\/blog\/#website","url":"https:\/\/www.annonces-legales.org\/blog\/","name":"Actualit\u00e9 des entreprises","description":"","publisher":{"@id":"https:\/\/www.annonces-legales.org\/blog\/#organization"},"potentialAction":[{"@type":"SearchAction","target":{"@type":"EntryPoint","urlTemplate":"https:\/\/www.annonces-legales.org\/blog\/?s={search_term_string}"},"query-input":{"@type":"PropertyValueSpecification","valueRequired":true,"valueName":"search_term_string"}}],"inLanguage":"fr-FR"},{"@type":"Organization","@id":"https:\/\/www.annonces-legales.org\/blog\/#organization","name":"Actualit\u00e9 des entreprises","url":"https:\/\/www.annonces-legales.org\/blog\/","logo":{"@type":"ImageObject","inLanguage":"fr-FR","@id":"https:\/\/www.annonces-legales.org\/blog\/#\/schema\/logo\/image\/","url":"https:\/\/www.annonces-legales.org\/blog\/wp-content\/uploads\/2023\/08\/annonces-legales.svg","contentUrl":"https:\/\/www.annonces-legales.org\/blog\/wp-content\/uploads\/2023\/08\/annonces-legales.svg","caption":"Actualit\u00e9 des entreprises"},"image":{"@id":"https:\/\/www.annonces-legales.org\/blog\/#\/schema\/logo\/image\/"}}]}},"_links":{"self":[{"href":"https:\/\/www.annonces-legales.org\/blog\/wp-json\/wp\/v2\/pages\/1826","targetHints":{"allow":["GET"]}}],"collection":[{"href":"https:\/\/www.annonces-legales.org\/blog\/wp-json\/wp\/v2\/pages"}],"about":[{"href":"https:\/\/www.annonces-legales.org\/blog\/wp-json\/wp\/v2\/types\/page"}],"author":[{"embeddable":true,"href":"https:\/\/www.annonces-legales.org\/blog\/wp-json\/wp\/v2\/users\/1"}],"replies":[{"embeddable":true,"href":"https:\/\/www.annonces-legales.org\/blog\/wp-json\/wp\/v2\/comments?post=1826"}],"version-history":[{"count":3,"href":"https:\/\/www.annonces-legales.org\/blog\/wp-json\/wp\/v2\/pages\/1826\/revisions"}],"predecessor-version":[{"id":2216,"href":"https:\/\/www.annonces-legales.org\/blog\/wp-json\/wp\/v2\/pages\/1826\/revisions\/2216"}],"up":[{"embeddable":true,"href":"https:\/\/www.annonces-legales.org\/blog\/wp-json\/wp\/v2\/pages\/1759"}],"wp:attachment":[{"href":"https:\/\/www.annonces-legales.org\/blog\/wp-json\/wp\/v2\/media?parent=1826"}],"curies":[{"name":"wp","href":"https:\/\/api.w.org\/{rel}","templated":true}]}}