{"id":1878,"date":"2022-01-22T20:30:18","date_gmt":"2022-01-22T19:30:18","guid":{"rendered":"https:\/\/www.annonces-legales.org\/blog\/?page_id=1878"},"modified":"2022-01-24T21:16:27","modified_gmt":"2022-01-24T20:16:27","slug":"greffe-du-tribunal-de-commerce-de-cayenne","status":"publish","type":"page","link":"https:\/\/www.annonces-legales.org\/blog\/greffe\/greffe-du-tribunal-de-commerce-de-cayenne\/","title":{"rendered":"Greffe du tribunal de commerce de Cayenne"},"content":{"rendered":"<p>Le greffe du tribunal de commerce permet \u00e0 la fois aux cr\u00e9ateurs d&rsquo;entreprises de cr\u00e9er leur structure mais \u00e9galement d&rsquo;effectuer les d\u00e9marches essentielles au bon fonctionnement de leur entreprise.<br \/>\nVous trouverez plus bas la plupart des donn\u00e9es n\u00e9cessaires pour accomplir vos obligations l\u00e9gales avec le <strong>greffe de Cayenne<\/strong> localis\u00e9 dans la pr\u00e9fecture Guyane.<\/p>\n<p>&nbsp;<\/p>\n<h2>Coordonn\u00e9es du greffe de Cayenne<\/h2>\n<p>Vous pouvez appeler le greffe du tribunal de commerce en appelant le 05 94 25 21 55.<\/p>\n<p>Adresse : 23, Rue Du Lieutenant Goinet 97300 CAYENNE<\/p>\n<p><div class=\"leaflet-map WPLeafletMap\" style=\"height:250px; width:100%;\"><\/div><script>\nwindow.WPLeafletMapPlugin = window.WPLeafletMapPlugin || [];\nwindow.WPLeafletMapPlugin.push(function WPLeafletMapShortcode() {\/*<script>*\/\nvar baseUrl = atob('aHR0cHM6Ly97c30udGlsZS5vcGVuc3RyZWV0bWFwLm9yZy97en0ve3h9L3t5fS5wbmc=');\nvar base = (!baseUrl && window.MQ) ?\n    window.MQ.mapLayer() : L.tileLayer(baseUrl,\n        L.Util.extend({}, {\n            detectRetina: 0,\n        },\n        {\"subdomains\":\"abc\",\"noWrap\":false,\"maxZoom\":20}        )\n    );\n    var options = L.Util.extend({}, {\n        layers: [base],\n        attributionControl: false\n    },\n    {\"zoomControl\":true,\"scrollWheelZoom\":false,\"doubleClickZoom\":false,\"fitBounds\":false,\"minZoom\":0,\"maxZoom\":20,\"maxBounds\":null,\"attribution\":\"\"},\n    {});\nwindow.WPLeafletMapPlugin.createMap(options).setView([4.9333,-52.3333],17);});<\/script> <script>\nwindow.WPLeafletMapPlugin = window.WPLeafletMapPlugin || [];\nwindow.WPLeafletMapPlugin.push(function WPLeafletMarkerShortcode() {\/*<script>*\/\nvar map = window.WPLeafletMapPlugin.getCurrentMap();\nvar group = window.WPLeafletMapPlugin.getCurrentGroup();\nvar marker_options = window.WPLeafletMapPlugin.getIconOptions({});\nvar marker = L.marker(\n    [0,0],\n    marker_options\n);\nvar is_image = map.is_image_map;\n    marker.setLatLng( map.getCenter() );\nif (marker_options.draggable) {\n    marker.on('dragend', function () {\n        var latlng = this.getLatLng();\n        var lat = latlng.lat;\n        var lng = latlng.lng;\n        if (is_image) {\n            console.log('leaflet-marker y=' + lat + ' x=' + lng);\n        } else {\n            console.log('leaflet-marker lat=' + lat + ' lng=' + lng);\n        }\n    });\n}\nmarker.addTo( group );\nmarker.bindPopup(window.WPLeafletMapPlugin.unescape(' Greffe du tribunal de commerce de Cayenne ')).openPopup();window.WPLeafletMapPlugin.markers.push( marker );\n        });<\/script><\/p>\n<h2><\/h2>\n<h2>Quel est le r\u00f4le du greffe du tribunal de commerce de Cayenne ?<\/h2>\n<p>Le greffe du tribunal de commerce a un nombre important de missions avec les entreprises de Guyane .<br \/>\nIl va s&rsquo;occuper des demandes li\u00e9es aux \u00e9tablissements commerciaux. Le greffe du tribunal de commerce recueille et authentifie les candidatures pour l&rsquo;immatriculation des soci\u00e9t\u00e9s. Le greffe de Cayenne fait aussi les formalit\u00e9s pour les fermetures des soci\u00e9t\u00e9s. Il va transmettre des rappels aux entreprises qui n&rsquo;ont pas accompli des formalit\u00e9s comme le d\u00e9p\u00f4t des comptes. Il va \u00e9galement se charger de g\u00e9rer les d\u00e9saccords entre les entreprises sur des bases l\u00e9gales.<br \/>\nLe greffe du tribunal de commerce est aussi le CFE. Celui-ci va\u00a0 conserver et \u00e9diter un nombre important d&rsquo;\u00e9crits qui concernent les entreprises comme par exemple leurs statuts sociaux ou le RCS.<\/p>\n<p>&nbsp;<\/p>\n<h2>Quelles structures juridiques ont l&rsquo;obligation de s&rsquo;immatriculer avec le greffe de Cayenne ?<\/h2>\n<p>Toutes les soci\u00e9t\u00e9s qui font des b\u00e9n\u00e9fices ou qui r\u00e9alisent des prestations de services ont l&rsquo;obligation de s&rsquo;immatriculer aupr\u00e8s du RCS.<\/p>\n<p>C&rsquo;est l&rsquo;ensemble des commerces et entreprises qui ont d\u00e9pos\u00e9 des statuts l\u00e9gaux mais \u00e9galement les micro-entreprises.<\/p>\n<p>&nbsp;<\/p>\n<h2>Quand demander un num\u00e9ro d&rsquo;enregistrement pour son entreprise ?<\/h2>\n<p>Pour immatriculer, il faut tout d&rsquo;abord suppl\u00e9er le formulaire appropri\u00e9 : P0 ou M0 selon le besoin.<br \/>\nIl faut \u00e9galement joindre tous les justificatifs. Ensuite, le dossier peut \u00eatre donn\u00e9 au au greffe du tribunal de commerce ou en ligne via le site Info-greffe.<\/p>\n<p>Le CFE va contr\u00f4ler l&rsquo;exactitude du dossier. Si le dossier est recevable, il va adresser rapidement au cr\u00e9ateur de l&rsquo;entreprise son num\u00e9ro d&rsquo;immatriculation et un exemplaire du K-bis de la structure.<br \/>\nS&rsquo;il manque des justificatifs ou si les pi\u00e8ces justificatives ne sont pas valides, le greffe du tribunal de commerce va refuser l&rsquo;immatriculation et va demander au cr\u00e9ateur d&rsquo;entreprise de mettre en conformit\u00e9 le dossier (sous 2 semaines).<\/p>\n<p>L&rsquo;extrait d&rsquo;immatriculation au CFE qui sera donn\u00e9 \u00e0 la structure lui permettra de de pouvoir effectuer les obligations administratives n\u00e9cessaires aupr\u00e8s des autres administrations du gouvernement ou aupr\u00e8s de ses partenaires commerciaux.<\/p>\n<p>Par la suite, tout \u00e9v\u00e9nement important qui va se produire dans la soci\u00e9t\u00e9 ou tout d\u00e9veloppement dans sa mani\u00e8re de fonctionner, devra faire l&rsquo;objet d&rsquo;une publication aupr\u00e8s du greffe tr\u00e8s rapidement.<\/p>\n","protected":false},"excerpt":{"rendered":"<p>Le greffe du tribunal de commerce permet \u00e0 la fois aux cr\u00e9ateurs d&rsquo;entreprises de cr\u00e9er leur structure mais \u00e9galement d&rsquo;effectuer [&hellip;]<\/p>\n","protected":false},"author":1,"featured_media":0,"parent":1759,"menu_order":0,"comment_status":"closed","ping_status":"closed","template":"","meta":{"inline_featured_image":false,"footnotes":""},"class_list":["post-1878","page","type-page","status-publish","hentry"],"yoast_head":"<!-- This site is optimized with the Yoast SEO plugin v26.8 - https:\/\/yoast.com\/product\/yoast-seo-wordpress\/ -->\n<title>Greffe du tribunal de commerce de Cayenne - Actualit\u00e9 des entreprises<\/title>\n<meta name=\"robots\" content=\"index, follow, max-snippet:-1, max-image-preview:large, max-video-preview:-1\" \/>\n<link rel=\"canonical\" href=\"https:\/\/www.annonces-legales.org\/blog\/greffe\/greffe-du-tribunal-de-commerce-de-cayenne\/\" \/>\n<meta property=\"og:locale\" content=\"fr_FR\" \/>\n<meta property=\"og:type\" content=\"article\" \/>\n<meta property=\"og:title\" content=\"Greffe du tribunal de commerce de Cayenne - Actualit\u00e9 des entreprises\" \/>\n<meta property=\"og:description\" content=\"Le greffe du tribunal de commerce permet \u00e0 la fois aux cr\u00e9ateurs d&rsquo;entreprises de cr\u00e9er leur structure mais \u00e9galement d&rsquo;effectuer [&hellip;]\" \/>\n<meta property=\"og:url\" content=\"https:\/\/www.annonces-legales.org\/blog\/greffe\/greffe-du-tribunal-de-commerce-de-cayenne\/\" \/>\n<meta property=\"og:site_name\" content=\"Actualit\u00e9 des entreprises\" \/>\n<meta property=\"article:modified_time\" content=\"2022-01-24T20:16:27+00:00\" \/>\n<meta name=\"twitter:card\" content=\"summary_large_image\" \/>\n<meta name=\"twitter:label1\" content=\"Dur\u00e9e de lecture estim\u00e9e\" \/>\n\t<meta name=\"twitter:data1\" content=\"3 minutes\" \/>\n<script type=\"application\/ld+json\" class=\"yoast-schema-graph\">{\"@context\":\"https:\/\/schema.org\",\"@graph\":[{\"@type\":\"WebPage\",\"@id\":\"https:\/\/www.annonces-legales.org\/blog\/greffe\/greffe-du-tribunal-de-commerce-de-cayenne\/\",\"url\":\"https:\/\/www.annonces-legales.org\/blog\/greffe\/greffe-du-tribunal-de-commerce-de-cayenne\/\",\"name\":\"Greffe du tribunal de commerce de Cayenne - Actualit\u00e9 des entreprises\",\"isPartOf\":{\"@id\":\"https:\/\/www.annonces-legales.org\/blog\/#website\"},\"datePublished\":\"2022-01-22T19:30:18+00:00\",\"dateModified\":\"2022-01-24T20:16:27+00:00\",\"breadcrumb\":{\"@id\":\"https:\/\/www.annonces-legales.org\/blog\/greffe\/greffe-du-tribunal-de-commerce-de-cayenne\/#breadcrumb\"},\"inLanguage\":\"fr-FR\",\"potentialAction\":[{\"@type\":\"ReadAction\",\"target\":[\"https:\/\/www.annonces-legales.org\/blog\/greffe\/greffe-du-tribunal-de-commerce-de-cayenne\/\"]}]},{\"@type\":\"BreadcrumbList\",\"@id\":\"https:\/\/www.annonces-legales.org\/blog\/greffe\/greffe-du-tribunal-de-commerce-de-cayenne\/#breadcrumb\",\"itemListElement\":[{\"@type\":\"ListItem\",\"position\":1,\"name\":\"Accueil\",\"item\":\"https:\/\/www.annonces-legales.org\/blog\/\"},{\"@type\":\"ListItem\",\"position\":2,\"name\":\"Liste des Greffes des tribunaux de commerce\",\"item\":\"https:\/\/www.annonces-legales.org\/blog\/greffe\/\"},{\"@type\":\"ListItem\",\"position\":3,\"name\":\"Greffe du tribunal de commerce de Cayenne\"}]},{\"@type\":\"WebSite\",\"@id\":\"https:\/\/www.annonces-legales.org\/blog\/#website\",\"url\":\"https:\/\/www.annonces-legales.org\/blog\/\",\"name\":\"Actualit\u00e9 des entreprises\",\"description\":\"\",\"publisher\":{\"@id\":\"https:\/\/www.annonces-legales.org\/blog\/#organization\"},\"potentialAction\":[{\"@type\":\"SearchAction\",\"target\":{\"@type\":\"EntryPoint\",\"urlTemplate\":\"https:\/\/www.annonces-legales.org\/blog\/?s={search_term_string}\"},\"query-input\":{\"@type\":\"PropertyValueSpecification\",\"valueRequired\":true,\"valueName\":\"search_term_string\"}}],\"inLanguage\":\"fr-FR\"},{\"@type\":\"Organization\",\"@id\":\"https:\/\/www.annonces-legales.org\/blog\/#organization\",\"name\":\"Actualit\u00e9 des entreprises\",\"url\":\"https:\/\/www.annonces-legales.org\/blog\/\",\"logo\":{\"@type\":\"ImageObject\",\"inLanguage\":\"fr-FR\",\"@id\":\"https:\/\/www.annonces-legales.org\/blog\/#\/schema\/logo\/image\/\",\"url\":\"https:\/\/www.annonces-legales.org\/blog\/wp-content\/uploads\/2023\/08\/annonces-legales.svg\",\"contentUrl\":\"https:\/\/www.annonces-legales.org\/blog\/wp-content\/uploads\/2023\/08\/annonces-legales.svg\",\"caption\":\"Actualit\u00e9 des entreprises\"},\"image\":{\"@id\":\"https:\/\/www.annonces-legales.org\/blog\/#\/schema\/logo\/image\/\"}}]}<\/script>\n<!-- \/ Yoast SEO plugin. -->","yoast_head_json":{"title":"Greffe du tribunal de commerce de Cayenne - Actualit\u00e9 des entreprises","robots":{"index":"index","follow":"follow","max-snippet":"max-snippet:-1","max-image-preview":"max-image-preview:large","max-video-preview":"max-video-preview:-1"},"canonical":"https:\/\/www.annonces-legales.org\/blog\/greffe\/greffe-du-tribunal-de-commerce-de-cayenne\/","og_locale":"fr_FR","og_type":"article","og_title":"Greffe du tribunal de commerce de Cayenne - Actualit\u00e9 des entreprises","og_description":"Le greffe du tribunal de commerce permet \u00e0 la fois aux cr\u00e9ateurs d&rsquo;entreprises de cr\u00e9er leur structure mais \u00e9galement d&rsquo;effectuer [&hellip;]","og_url":"https:\/\/www.annonces-legales.org\/blog\/greffe\/greffe-du-tribunal-de-commerce-de-cayenne\/","og_site_name":"Actualit\u00e9 des entreprises","article_modified_time":"2022-01-24T20:16:27+00:00","twitter_card":"summary_large_image","twitter_misc":{"Dur\u00e9e de lecture estim\u00e9e":"3 minutes"},"schema":{"@context":"https:\/\/schema.org","@graph":[{"@type":"WebPage","@id":"https:\/\/www.annonces-legales.org\/blog\/greffe\/greffe-du-tribunal-de-commerce-de-cayenne\/","url":"https:\/\/www.annonces-legales.org\/blog\/greffe\/greffe-du-tribunal-de-commerce-de-cayenne\/","name":"Greffe du tribunal de commerce de Cayenne - Actualit\u00e9 des entreprises","isPartOf":{"@id":"https:\/\/www.annonces-legales.org\/blog\/#website"},"datePublished":"2022-01-22T19:30:18+00:00","dateModified":"2022-01-24T20:16:27+00:00","breadcrumb":{"@id":"https:\/\/www.annonces-legales.org\/blog\/greffe\/greffe-du-tribunal-de-commerce-de-cayenne\/#breadcrumb"},"inLanguage":"fr-FR","potentialAction":[{"@type":"ReadAction","target":["https:\/\/www.annonces-legales.org\/blog\/greffe\/greffe-du-tribunal-de-commerce-de-cayenne\/"]}]},{"@type":"BreadcrumbList","@id":"https:\/\/www.annonces-legales.org\/blog\/greffe\/greffe-du-tribunal-de-commerce-de-cayenne\/#breadcrumb","itemListElement":[{"@type":"ListItem","position":1,"name":"Accueil","item":"https:\/\/www.annonces-legales.org\/blog\/"},{"@type":"ListItem","position":2,"name":"Liste des Greffes des tribunaux de commerce","item":"https:\/\/www.annonces-legales.org\/blog\/greffe\/"},{"@type":"ListItem","position":3,"name":"Greffe du tribunal de commerce de Cayenne"}]},{"@type":"WebSite","@id":"https:\/\/www.annonces-legales.org\/blog\/#website","url":"https:\/\/www.annonces-legales.org\/blog\/","name":"Actualit\u00e9 des entreprises","description":"","publisher":{"@id":"https:\/\/www.annonces-legales.org\/blog\/#organization"},"potentialAction":[{"@type":"SearchAction","target":{"@type":"EntryPoint","urlTemplate":"https:\/\/www.annonces-legales.org\/blog\/?s={search_term_string}"},"query-input":{"@type":"PropertyValueSpecification","valueRequired":true,"valueName":"search_term_string"}}],"inLanguage":"fr-FR"},{"@type":"Organization","@id":"https:\/\/www.annonces-legales.org\/blog\/#organization","name":"Actualit\u00e9 des entreprises","url":"https:\/\/www.annonces-legales.org\/blog\/","logo":{"@type":"ImageObject","inLanguage":"fr-FR","@id":"https:\/\/www.annonces-legales.org\/blog\/#\/schema\/logo\/image\/","url":"https:\/\/www.annonces-legales.org\/blog\/wp-content\/uploads\/2023\/08\/annonces-legales.svg","contentUrl":"https:\/\/www.annonces-legales.org\/blog\/wp-content\/uploads\/2023\/08\/annonces-legales.svg","caption":"Actualit\u00e9 des entreprises"},"image":{"@id":"https:\/\/www.annonces-legales.org\/blog\/#\/schema\/logo\/image\/"}}]}},"_links":{"self":[{"href":"https:\/\/www.annonces-legales.org\/blog\/wp-json\/wp\/v2\/pages\/1878","targetHints":{"allow":["GET"]}}],"collection":[{"href":"https:\/\/www.annonces-legales.org\/blog\/wp-json\/wp\/v2\/pages"}],"about":[{"href":"https:\/\/www.annonces-legales.org\/blog\/wp-json\/wp\/v2\/types\/page"}],"author":[{"embeddable":true,"href":"https:\/\/www.annonces-legales.org\/blog\/wp-json\/wp\/v2\/users\/1"}],"replies":[{"embeddable":true,"href":"https:\/\/www.annonces-legales.org\/blog\/wp-json\/wp\/v2\/comments?post=1878"}],"version-history":[{"count":3,"href":"https:\/\/www.annonces-legales.org\/blog\/wp-json\/wp\/v2\/pages\/1878\/revisions"}],"predecessor-version":[{"id":2302,"href":"https:\/\/www.annonces-legales.org\/blog\/wp-json\/wp\/v2\/pages\/1878\/revisions\/2302"}],"up":[{"embeddable":true,"href":"https:\/\/www.annonces-legales.org\/blog\/wp-json\/wp\/v2\/pages\/1759"}],"wp:attachment":[{"href":"https:\/\/www.annonces-legales.org\/blog\/wp-json\/wp\/v2\/media?parent=1878"}],"curies":[{"name":"wp","href":"https:\/\/api.w.org\/{rel}","templated":true}]}}