{"id":1880,"date":"2022-01-22T20:30:37","date_gmt":"2022-01-22T19:30:37","guid":{"rendered":"https:\/\/www.annonces-legales.org\/blog\/?page_id=1880"},"modified":"2022-01-24T21:21:09","modified_gmt":"2022-01-24T20:21:09","slug":"greffe-du-tribunal-de-commerce-de-chalon-sur-saone","status":"publish","type":"page","link":"https:\/\/www.annonces-legales.org\/blog\/greffe\/greffe-du-tribunal-de-commerce-de-chalon-sur-saone\/","title":{"rendered":"Greffe du tribunal de commerce de Chalon-Sur-Saone"},"content":{"rendered":"<p>Les soci\u00e9t\u00e9s de la ville de Chalon-Sur-Saone doivent utiliser les services du greffe du tribunal de commerce de Chalon-Sur-Saone pour r\u00e9aliser leurs d\u00e9marches l\u00e9gales de changement ou de cr\u00e9ation d&rsquo;entreprise.<\/p>\n<p>&nbsp;<\/p>\n<h2>Coordonn\u00e9es du greffe de Chalon<\/h2>\n<p>Pour vous entretenir avec le greffe de Chalon-Sur-Saone, vous pouvez utiliser le t\u00e9l\u00e9phone ou leur site Internet.<\/p>\n<p><strong>Adresse postale<\/strong>: 4, Rue Emiland Menand 71100 CHALON SUR SAONE<\/p>\n<p><div class=\"leaflet-map WPLeafletMap\" style=\"height:250px; width:100%;\"><\/div><script>\nwindow.WPLeafletMapPlugin = window.WPLeafletMapPlugin || [];\nwindow.WPLeafletMapPlugin.push(function WPLeafletMapShortcode() {\/*<script>*\/\nvar baseUrl = atob('aHR0cHM6Ly97c30udGlsZS5vcGVuc3RyZWV0bWFwLm9yZy97en0ve3h9L3t5fS5wbmc=');\nvar base = (!baseUrl && window.MQ) ?\n    window.MQ.mapLayer() : L.tileLayer(baseUrl,\n        L.Util.extend({}, {\n            detectRetina: 0,\n        },\n        {\"subdomains\":\"abc\",\"noWrap\":false,\"maxZoom\":20}        )\n    );\n    var options = L.Util.extend({}, {\n        layers: [base],\n        attributionControl: false\n    },\n    {\"zoomControl\":true,\"scrollWheelZoom\":false,\"doubleClickZoom\":false,\"fitBounds\":false,\"minZoom\":0,\"maxZoom\":20,\"maxBounds\":null,\"attribution\":\"\"},\n    {});\nwindow.WPLeafletMapPlugin.createMap(options).setView([46.7848208,4.8534565],17);});<\/script> <script>\nwindow.WPLeafletMapPlugin = window.WPLeafletMapPlugin || [];\nwindow.WPLeafletMapPlugin.push(function WPLeafletMarkerShortcode() {\/*<script>*\/\nvar map = window.WPLeafletMapPlugin.getCurrentMap();\nvar group = window.WPLeafletMapPlugin.getCurrentGroup();\nvar marker_options = window.WPLeafletMapPlugin.getIconOptions({});\nvar marker = L.marker(\n    [0,0],\n    marker_options\n);\nvar is_image = map.is_image_map;\n    marker.setLatLng( map.getCenter() );\nif (marker_options.draggable) {\n    marker.on('dragend', function () {\n        var latlng = this.getLatLng();\n        var lat = latlng.lat;\n        var lng = latlng.lng;\n        if (is_image) {\n            console.log('leaflet-marker y=' + lat + ' x=' + lng);\n        } else {\n            console.log('leaflet-marker lat=' + lat + ' lng=' + lng);\n        }\n    });\n}\nmarker.addTo( group );\nmarker.bindPopup(window.WPLeafletMapPlugin.unescape(' Greffe du tribunal de commerce de Chalon-Sur-Saone ')).openPopup();window.WPLeafletMapPlugin.markers.push( marker );\n        });<\/script><\/p>\n<p><strong>Num\u00e9ro de t\u00e9l\u00e9phone<\/strong> : 03 85 900 780<\/p>\n<p><strong>Page internet<\/strong> : www.greffe-tc-chalonsursaone.fr<\/p>\n<h2><\/h2>\n<h2>Horaires d&rsquo;ouverture du greffe<\/h2>\n<p>Les horaires du greffe sont les suivants :<br \/>\n9h \u00e0 12h et 13h30 \u00e0 16h<\/p>\n<p>&nbsp;<\/p>\n<h2>A propos de ce greffe<\/h2>\n<p>Le greffe du tribunal de commerce de Chalon-Sur-Saone a pour objet de contr\u00f4ler de nombreux services du tribunal. Cette administration va collaborer main dans la main avec les juges. Le greffe du tribunal va \u00e9galement tenir des fichiers, notamment le RCS. Ce bureau minist\u00e9riel va \u00e9galement g\u00e9rer d&rsquo;autres registres comme par exemple le registre des agents commerciaux ou les suret\u00e9s mobili\u00e8res.<\/p>\n<p>La quasi-totalit\u00e9 des d\u00e9marches relatives \u00e0 la formation ou les changements au sein d&rsquo;une entreprise doivent in\u00e9vitablement \u00eatre accomplies avec l&rsquo;aide du greffe du tribunal de commerce de Chalon-Sur-Saone. Une structure du d\u00e9partement de Sa\u00f4ne-et-Loire va donc utiliser les comp\u00e9tences de ce greffe si celle-ci est inscrite dans son registre.<\/p>\n<p>&nbsp;<\/p>\n<h2>La d\u00e9marche d&rsquo;enregistrement au RCS de Chalon-Sur-Saone<\/h2>\n<p>Au moment de la formation de la structure juridique, il est vital d&rsquo;effectuer son immatriculation aupr\u00e8s du greffe. Cette obligation administrative peut \u00eatre effectu\u00e9e directement aupr\u00e8s du greffe de la r\u00e9gion ou sur la toile sur le site officiel <strong>Infogreffe<\/strong>.<br \/>\nIl est aussi possible de faire parvenir une lettre par voie postale au greffe du tribunal de commerce.<\/p>\n<p>Cet enregistrement aupr\u00e8s du greffe doit \u00eatre fait quelques semaines avant le commencement des activit\u00e9s de la soci\u00e9t\u00e9 (ou au pire\u00a0 quelque temps apr\u00e8s).<\/p>\n<p>Quand l&rsquo;inscription est termin\u00e9e, vous aurez un SIRET ainsi qu&rsquo;un K-bis.<\/p>\n","protected":false},"excerpt":{"rendered":"<p>Les soci\u00e9t\u00e9s de la ville de Chalon-Sur-Saone doivent utiliser les services du greffe du tribunal de commerce de Chalon-Sur-Saone pour [&hellip;]<\/p>\n","protected":false},"author":1,"featured_media":0,"parent":1759,"menu_order":0,"comment_status":"closed","ping_status":"closed","template":"","meta":{"inline_featured_image":false,"footnotes":""},"class_list":["post-1880","page","type-page","status-publish","hentry"],"yoast_head":"<!-- This site is optimized with the Yoast SEO plugin v26.8 - https:\/\/yoast.com\/product\/yoast-seo-wordpress\/ -->\n<title>Greffe du tribunal de commerce de Chalon-Sur-Saone - Actualit\u00e9 des entreprises<\/title>\n<meta name=\"robots\" content=\"index, follow, max-snippet:-1, max-image-preview:large, max-video-preview:-1\" \/>\n<link rel=\"canonical\" href=\"https:\/\/www.annonces-legales.org\/blog\/greffe\/greffe-du-tribunal-de-commerce-de-chalon-sur-saone\/\" \/>\n<meta property=\"og:locale\" content=\"fr_FR\" \/>\n<meta property=\"og:type\" content=\"article\" \/>\n<meta property=\"og:title\" content=\"Greffe du tribunal de commerce de Chalon-Sur-Saone - Actualit\u00e9 des entreprises\" \/>\n<meta property=\"og:description\" content=\"Les soci\u00e9t\u00e9s de la ville de Chalon-Sur-Saone doivent utiliser les services du greffe du tribunal de commerce de Chalon-Sur-Saone pour [&hellip;]\" \/>\n<meta property=\"og:url\" content=\"https:\/\/www.annonces-legales.org\/blog\/greffe\/greffe-du-tribunal-de-commerce-de-chalon-sur-saone\/\" \/>\n<meta property=\"og:site_name\" content=\"Actualit\u00e9 des entreprises\" \/>\n<meta property=\"article:modified_time\" content=\"2022-01-24T20:21:09+00:00\" \/>\n<meta name=\"twitter:card\" content=\"summary_large_image\" \/>\n<meta name=\"twitter:label1\" content=\"Dur\u00e9e de lecture estim\u00e9e\" \/>\n\t<meta name=\"twitter:data1\" content=\"2 minutes\" \/>\n<script type=\"application\/ld+json\" class=\"yoast-schema-graph\">{\"@context\":\"https:\/\/schema.org\",\"@graph\":[{\"@type\":\"WebPage\",\"@id\":\"https:\/\/www.annonces-legales.org\/blog\/greffe\/greffe-du-tribunal-de-commerce-de-chalon-sur-saone\/\",\"url\":\"https:\/\/www.annonces-legales.org\/blog\/greffe\/greffe-du-tribunal-de-commerce-de-chalon-sur-saone\/\",\"name\":\"Greffe du tribunal de commerce de Chalon-Sur-Saone - Actualit\u00e9 des entreprises\",\"isPartOf\":{\"@id\":\"https:\/\/www.annonces-legales.org\/blog\/#website\"},\"datePublished\":\"2022-01-22T19:30:37+00:00\",\"dateModified\":\"2022-01-24T20:21:09+00:00\",\"breadcrumb\":{\"@id\":\"https:\/\/www.annonces-legales.org\/blog\/greffe\/greffe-du-tribunal-de-commerce-de-chalon-sur-saone\/#breadcrumb\"},\"inLanguage\":\"fr-FR\",\"potentialAction\":[{\"@type\":\"ReadAction\",\"target\":[\"https:\/\/www.annonces-legales.org\/blog\/greffe\/greffe-du-tribunal-de-commerce-de-chalon-sur-saone\/\"]}]},{\"@type\":\"BreadcrumbList\",\"@id\":\"https:\/\/www.annonces-legales.org\/blog\/greffe\/greffe-du-tribunal-de-commerce-de-chalon-sur-saone\/#breadcrumb\",\"itemListElement\":[{\"@type\":\"ListItem\",\"position\":1,\"name\":\"Accueil\",\"item\":\"https:\/\/www.annonces-legales.org\/blog\/\"},{\"@type\":\"ListItem\",\"position\":2,\"name\":\"Liste des Greffes des tribunaux de commerce\",\"item\":\"https:\/\/www.annonces-legales.org\/blog\/greffe\/\"},{\"@type\":\"ListItem\",\"position\":3,\"name\":\"Greffe du tribunal de commerce de Chalon-Sur-Saone\"}]},{\"@type\":\"WebSite\",\"@id\":\"https:\/\/www.annonces-legales.org\/blog\/#website\",\"url\":\"https:\/\/www.annonces-legales.org\/blog\/\",\"name\":\"Actualit\u00e9 des entreprises\",\"description\":\"\",\"publisher\":{\"@id\":\"https:\/\/www.annonces-legales.org\/blog\/#organization\"},\"potentialAction\":[{\"@type\":\"SearchAction\",\"target\":{\"@type\":\"EntryPoint\",\"urlTemplate\":\"https:\/\/www.annonces-legales.org\/blog\/?s={search_term_string}\"},\"query-input\":{\"@type\":\"PropertyValueSpecification\",\"valueRequired\":true,\"valueName\":\"search_term_string\"}}],\"inLanguage\":\"fr-FR\"},{\"@type\":\"Organization\",\"@id\":\"https:\/\/www.annonces-legales.org\/blog\/#organization\",\"name\":\"Actualit\u00e9 des entreprises\",\"url\":\"https:\/\/www.annonces-legales.org\/blog\/\",\"logo\":{\"@type\":\"ImageObject\",\"inLanguage\":\"fr-FR\",\"@id\":\"https:\/\/www.annonces-legales.org\/blog\/#\/schema\/logo\/image\/\",\"url\":\"https:\/\/www.annonces-legales.org\/blog\/wp-content\/uploads\/2023\/08\/annonces-legales.svg\",\"contentUrl\":\"https:\/\/www.annonces-legales.org\/blog\/wp-content\/uploads\/2023\/08\/annonces-legales.svg\",\"caption\":\"Actualit\u00e9 des entreprises\"},\"image\":{\"@id\":\"https:\/\/www.annonces-legales.org\/blog\/#\/schema\/logo\/image\/\"}}]}<\/script>\n<!-- \/ Yoast SEO plugin. -->","yoast_head_json":{"title":"Greffe du tribunal de commerce de Chalon-Sur-Saone - Actualit\u00e9 des entreprises","robots":{"index":"index","follow":"follow","max-snippet":"max-snippet:-1","max-image-preview":"max-image-preview:large","max-video-preview":"max-video-preview:-1"},"canonical":"https:\/\/www.annonces-legales.org\/blog\/greffe\/greffe-du-tribunal-de-commerce-de-chalon-sur-saone\/","og_locale":"fr_FR","og_type":"article","og_title":"Greffe du tribunal de commerce de Chalon-Sur-Saone - Actualit\u00e9 des entreprises","og_description":"Les soci\u00e9t\u00e9s de la ville de Chalon-Sur-Saone doivent utiliser les services du greffe du tribunal de commerce de Chalon-Sur-Saone pour [&hellip;]","og_url":"https:\/\/www.annonces-legales.org\/blog\/greffe\/greffe-du-tribunal-de-commerce-de-chalon-sur-saone\/","og_site_name":"Actualit\u00e9 des entreprises","article_modified_time":"2022-01-24T20:21:09+00:00","twitter_card":"summary_large_image","twitter_misc":{"Dur\u00e9e de lecture estim\u00e9e":"2 minutes"},"schema":{"@context":"https:\/\/schema.org","@graph":[{"@type":"WebPage","@id":"https:\/\/www.annonces-legales.org\/blog\/greffe\/greffe-du-tribunal-de-commerce-de-chalon-sur-saone\/","url":"https:\/\/www.annonces-legales.org\/blog\/greffe\/greffe-du-tribunal-de-commerce-de-chalon-sur-saone\/","name":"Greffe du tribunal de commerce de Chalon-Sur-Saone - Actualit\u00e9 des entreprises","isPartOf":{"@id":"https:\/\/www.annonces-legales.org\/blog\/#website"},"datePublished":"2022-01-22T19:30:37+00:00","dateModified":"2022-01-24T20:21:09+00:00","breadcrumb":{"@id":"https:\/\/www.annonces-legales.org\/blog\/greffe\/greffe-du-tribunal-de-commerce-de-chalon-sur-saone\/#breadcrumb"},"inLanguage":"fr-FR","potentialAction":[{"@type":"ReadAction","target":["https:\/\/www.annonces-legales.org\/blog\/greffe\/greffe-du-tribunal-de-commerce-de-chalon-sur-saone\/"]}]},{"@type":"BreadcrumbList","@id":"https:\/\/www.annonces-legales.org\/blog\/greffe\/greffe-du-tribunal-de-commerce-de-chalon-sur-saone\/#breadcrumb","itemListElement":[{"@type":"ListItem","position":1,"name":"Accueil","item":"https:\/\/www.annonces-legales.org\/blog\/"},{"@type":"ListItem","position":2,"name":"Liste des Greffes des tribunaux de commerce","item":"https:\/\/www.annonces-legales.org\/blog\/greffe\/"},{"@type":"ListItem","position":3,"name":"Greffe du tribunal de commerce de Chalon-Sur-Saone"}]},{"@type":"WebSite","@id":"https:\/\/www.annonces-legales.org\/blog\/#website","url":"https:\/\/www.annonces-legales.org\/blog\/","name":"Actualit\u00e9 des entreprises","description":"","publisher":{"@id":"https:\/\/www.annonces-legales.org\/blog\/#organization"},"potentialAction":[{"@type":"SearchAction","target":{"@type":"EntryPoint","urlTemplate":"https:\/\/www.annonces-legales.org\/blog\/?s={search_term_string}"},"query-input":{"@type":"PropertyValueSpecification","valueRequired":true,"valueName":"search_term_string"}}],"inLanguage":"fr-FR"},{"@type":"Organization","@id":"https:\/\/www.annonces-legales.org\/blog\/#organization","name":"Actualit\u00e9 des entreprises","url":"https:\/\/www.annonces-legales.org\/blog\/","logo":{"@type":"ImageObject","inLanguage":"fr-FR","@id":"https:\/\/www.annonces-legales.org\/blog\/#\/schema\/logo\/image\/","url":"https:\/\/www.annonces-legales.org\/blog\/wp-content\/uploads\/2023\/08\/annonces-legales.svg","contentUrl":"https:\/\/www.annonces-legales.org\/blog\/wp-content\/uploads\/2023\/08\/annonces-legales.svg","caption":"Actualit\u00e9 des entreprises"},"image":{"@id":"https:\/\/www.annonces-legales.org\/blog\/#\/schema\/logo\/image\/"}}]}},"_links":{"self":[{"href":"https:\/\/www.annonces-legales.org\/blog\/wp-json\/wp\/v2\/pages\/1880","targetHints":{"allow":["GET"]}}],"collection":[{"href":"https:\/\/www.annonces-legales.org\/blog\/wp-json\/wp\/v2\/pages"}],"about":[{"href":"https:\/\/www.annonces-legales.org\/blog\/wp-json\/wp\/v2\/types\/page"}],"author":[{"embeddable":true,"href":"https:\/\/www.annonces-legales.org\/blog\/wp-json\/wp\/v2\/users\/1"}],"replies":[{"embeddable":true,"href":"https:\/\/www.annonces-legales.org\/blog\/wp-json\/wp\/v2\/comments?post=1880"}],"version-history":[{"count":3,"href":"https:\/\/www.annonces-legales.org\/blog\/wp-json\/wp\/v2\/pages\/1880\/revisions"}],"predecessor-version":[{"id":2304,"href":"https:\/\/www.annonces-legales.org\/blog\/wp-json\/wp\/v2\/pages\/1880\/revisions\/2304"}],"up":[{"embeddable":true,"href":"https:\/\/www.annonces-legales.org\/blog\/wp-json\/wp\/v2\/pages\/1759"}],"wp:attachment":[{"href":"https:\/\/www.annonces-legales.org\/blog\/wp-json\/wp\/v2\/media?parent=1880"}],"curies":[{"name":"wp","href":"https:\/\/api.w.org\/{rel}","templated":true}]}}