{"id":1884,"date":"2022-01-22T20:31:34","date_gmt":"2022-01-22T19:31:34","guid":{"rendered":"https:\/\/www.annonces-legales.org\/blog\/?page_id=1884"},"modified":"2022-01-24T21:33:34","modified_gmt":"2022-01-24T20:33:34","slug":"greffe-du-tribunal-de-commerce-de-chambery","status":"publish","type":"page","link":"https:\/\/www.annonces-legales.org\/blog\/greffe\/greffe-du-tribunal-de-commerce-de-chambery\/","title":{"rendered":"Greffe du tribunal de commerce de Chambery"},"content":{"rendered":"<p>Les chefs des entreprises situ\u00e9e \u00e0 Chamb\u00e9ry auront un grand nombre de formalit\u00e9s \u00e0 effectuer avec le greffe.<\/p>\n<p>Comment aller au greffe du tribunal de commerce de Chamb\u00e9ry ? Comment joindre le greffe ? Quelles sont les d\u00e9marches qu&rsquo;il est permis d&rsquo;effectuer ? Peut-on faire les d\u00e9marches administratives depuis chez soi sur la page web de ce greffe ?<\/p>\n<p>&nbsp;<\/p>\n<h2>Contact du greffe de Chamb\u00e9ry<\/h2>\n<p><strong>Adresse<\/strong> : 12, Bd De La Colonne 73008 CHAMBERY CEDEX<\/p>\n<p><div class=\"leaflet-map WPLeafletMap\" style=\"height:250px; width:100%;\"><\/div><script>\nwindow.WPLeafletMapPlugin = window.WPLeafletMapPlugin || [];\nwindow.WPLeafletMapPlugin.push(function WPLeafletMapShortcode() {\/*<script>*\/\nvar baseUrl = atob('aHR0cHM6Ly97c30udGlsZS5vcGVuc3RyZWV0bWFwLm9yZy97en0ve3h9L3t5fS5wbmc=');\nvar base = (!baseUrl && window.MQ) ?\n    window.MQ.mapLayer() : L.tileLayer(baseUrl,\n        L.Util.extend({}, {\n            detectRetina: 0,\n        },\n        {\"subdomains\":\"abc\",\"noWrap\":false,\"maxZoom\":20}        )\n    );\n    var options = L.Util.extend({}, {\n        layers: [base],\n        attributionControl: false\n    },\n    {\"zoomControl\":true,\"scrollWheelZoom\":false,\"doubleClickZoom\":false,\"fitBounds\":false,\"minZoom\":0,\"maxZoom\":20,\"maxBounds\":null,\"attribution\":\"\"},\n    {});\nwindow.WPLeafletMapPlugin.createMap(options).setView([45.566941,5.922897],17);});<\/script> <script>\nwindow.WPLeafletMapPlugin = window.WPLeafletMapPlugin || [];\nwindow.WPLeafletMapPlugin.push(function WPLeafletMarkerShortcode() {\/*<script>*\/\nvar map = window.WPLeafletMapPlugin.getCurrentMap();\nvar group = window.WPLeafletMapPlugin.getCurrentGroup();\nvar marker_options = window.WPLeafletMapPlugin.getIconOptions({});\nvar marker = L.marker(\n    [0,0],\n    marker_options\n);\nvar is_image = map.is_image_map;\n    marker.setLatLng( map.getCenter() );\nif (marker_options.draggable) {\n    marker.on('dragend', function () {\n        var latlng = this.getLatLng();\n        var lat = latlng.lat;\n        var lng = latlng.lng;\n        if (is_image) {\n            console.log('leaflet-marker y=' + lat + ' x=' + lng);\n        } else {\n            console.log('leaflet-marker lat=' + lat + ' lng=' + lng);\n        }\n    });\n}\nmarker.addTo( group );\nmarker.bindPopup(window.WPLeafletMapPlugin.unescape(' Greffe du tribunal de commerce de Chambery ')).openPopup();window.WPLeafletMapPlugin.markers.push( marker );\n        });<\/script><\/p>\n<p><strong>Num\u00e9ro<\/strong> : 04 79 33 72 25<\/p>\n<p><strong>Site Web<\/strong> : www.greffe-tc-chambery.fr<\/p>\n<p>&nbsp;<\/p>\n<h2>Quand aller au greffe du tribunal de commerce de Chamb\u00e9ry ?<\/h2>\n<p>Il est possible de se rendre au greffe du tribunal de commerce chaque jour ouvr\u00e9 de la semaine du lundi au vendredi de 8h30 \u00e0 12h00 et de 13h30 \u00e0 16h30.<\/p>\n<p>&nbsp;<\/p>\n<h2>Le greffe et les entreprises<\/h2>\n<p>Le greffe est au service de la justice mais aussi des entreprises. Les agents du greffe du tribunal ont des fonctions officielles envers les entreprises.<\/p>\n<p>Les agents du greffe du tribunal sont garants de la fiabilit\u00e9 des informations apparaissantes dans le RCS, r\u00e9pertoire qu&rsquo;il conservent et \u00e9ditent. Ils vont aussi permettre l&rsquo;envoi des extraits kbis et de tout autre document officiel.<br \/>\nIls vont \u00e9galement procurer un service de proximit\u00e9 aupr\u00e8s des organisations commerciales de Savoie. Le greffe de Chamb\u00e9ry va sauvegarder et vendre des informations juridiques et financi\u00e8res sur les entreprises du d\u00e9partement de Savoie. Le greffe est pr\u00e9cieux pour la transparence des organisations commerciales et pour assurer la s\u00e9curit\u00e9 juridique et \u00e9conomiques des fran\u00e7ais.<\/p>\n<p>Le greffe du tribunal de commerce peut secourir les structures commerciales en crise. Le greffe du tribunal de commerce de Chamb\u00e9ry peut ainsi instaurer des proc\u00e9dures de sauvegarde pour \u00e9viter la liquidation.<\/p>\n<p>&nbsp;<\/p>\n<h2>Immatriculer une soci\u00e9t\u00e9 avec le greffe du tribunal de commerce de Savoie<\/h2>\n<p>Afin d&rsquo;enregistrer une soci\u00e9t\u00e9, il faut premi\u00e8rement remplir le\u00a0 formulaire M0 ou P0.<br \/>\nIl faut aussi apporter tous les papiers indispensables. Une fois que vous \u00eates pr\u00eat, le dossier peut \u00eatre d\u00e9pos\u00e9 au au greffe du tribunal de commerce ou via Infogreffe.<\/p>\n<p>Le greffier va v\u00e9rifier l&rsquo;authenticit\u00e9 du dossier. Si celui-ci est conforme, il va adresser sans tarder un num\u00e9ro de SIRET (sous trois semaines) ainsi qu&rsquo;un duplicata du Kbis de l&rsquo;entreprise.<br \/>\nSi le dossier est incomplet ou si les pi\u00e8ces justificatives ne sont pas valides, le greffe va refuser l&rsquo;immatriculation et va demander au chef d&rsquo;entreprise d&rsquo;actualiser le dossier tr\u00e8s rapidement.<\/p>\n<p>L&rsquo;extrait d&rsquo;immatriculation qui sera donn\u00e9 \u00e0 la structure va lui permettre de pouvoir faire les obligations administratives aupr\u00e8s d&rsquo;autres services.<\/p>\n<p>Dans l&rsquo;avenir, tout \u00e9v\u00e9nement consid\u00e9rable qui va se faire dans l&rsquo;entreprise ou toute nouveaut\u00e9 entrainera le changement des statuts et du Kbis. Il faut donc faire une demande au CFE tr\u00e8s rapidement. Mais avant de signifier une modification au greffe, il sera indispensable de produire <a href=\"https:\/\/www.annonces-legales.org\/attestation-de-parution.html\">l&rsquo;attestation de parution<\/a> d&rsquo;une annonce l\u00e9gale.<\/p>\n","protected":false},"excerpt":{"rendered":"<p>Les chefs des entreprises situ\u00e9e \u00e0 Chamb\u00e9ry auront un grand nombre de formalit\u00e9s \u00e0 effectuer avec le greffe. Comment aller [&hellip;]<\/p>\n","protected":false},"author":1,"featured_media":0,"parent":1759,"menu_order":0,"comment_status":"closed","ping_status":"closed","template":"","meta":{"inline_featured_image":false,"footnotes":""},"class_list":["post-1884","page","type-page","status-publish","hentry"],"yoast_head":"<!-- This site is optimized with the Yoast SEO plugin v26.8 - https:\/\/yoast.com\/product\/yoast-seo-wordpress\/ -->\n<title>Greffe du tribunal de commerce de Chambery - Actualit\u00e9 des entreprises<\/title>\n<meta name=\"robots\" content=\"index, follow, max-snippet:-1, max-image-preview:large, max-video-preview:-1\" \/>\n<link rel=\"canonical\" href=\"https:\/\/www.annonces-legales.org\/blog\/greffe\/greffe-du-tribunal-de-commerce-de-chambery\/\" \/>\n<meta property=\"og:locale\" content=\"fr_FR\" \/>\n<meta property=\"og:type\" content=\"article\" \/>\n<meta property=\"og:title\" content=\"Greffe du tribunal de commerce de Chambery - Actualit\u00e9 des entreprises\" \/>\n<meta property=\"og:description\" content=\"Les chefs des entreprises situ\u00e9e \u00e0 Chamb\u00e9ry auront un grand nombre de formalit\u00e9s \u00e0 effectuer avec le greffe. Comment aller [&hellip;]\" \/>\n<meta property=\"og:url\" content=\"https:\/\/www.annonces-legales.org\/blog\/greffe\/greffe-du-tribunal-de-commerce-de-chambery\/\" \/>\n<meta property=\"og:site_name\" content=\"Actualit\u00e9 des entreprises\" \/>\n<meta property=\"article:modified_time\" content=\"2022-01-24T20:33:34+00:00\" \/>\n<meta name=\"twitter:card\" content=\"summary_large_image\" \/>\n<meta name=\"twitter:label1\" content=\"Dur\u00e9e de lecture estim\u00e9e\" \/>\n\t<meta name=\"twitter:data1\" content=\"2 minutes\" \/>\n<script type=\"application\/ld+json\" class=\"yoast-schema-graph\">{\"@context\":\"https:\/\/schema.org\",\"@graph\":[{\"@type\":\"WebPage\",\"@id\":\"https:\/\/www.annonces-legales.org\/blog\/greffe\/greffe-du-tribunal-de-commerce-de-chambery\/\",\"url\":\"https:\/\/www.annonces-legales.org\/blog\/greffe\/greffe-du-tribunal-de-commerce-de-chambery\/\",\"name\":\"Greffe du tribunal de commerce de Chambery - Actualit\u00e9 des entreprises\",\"isPartOf\":{\"@id\":\"https:\/\/www.annonces-legales.org\/blog\/#website\"},\"datePublished\":\"2022-01-22T19:31:34+00:00\",\"dateModified\":\"2022-01-24T20:33:34+00:00\",\"breadcrumb\":{\"@id\":\"https:\/\/www.annonces-legales.org\/blog\/greffe\/greffe-du-tribunal-de-commerce-de-chambery\/#breadcrumb\"},\"inLanguage\":\"fr-FR\",\"potentialAction\":[{\"@type\":\"ReadAction\",\"target\":[\"https:\/\/www.annonces-legales.org\/blog\/greffe\/greffe-du-tribunal-de-commerce-de-chambery\/\"]}]},{\"@type\":\"BreadcrumbList\",\"@id\":\"https:\/\/www.annonces-legales.org\/blog\/greffe\/greffe-du-tribunal-de-commerce-de-chambery\/#breadcrumb\",\"itemListElement\":[{\"@type\":\"ListItem\",\"position\":1,\"name\":\"Accueil\",\"item\":\"https:\/\/www.annonces-legales.org\/blog\/\"},{\"@type\":\"ListItem\",\"position\":2,\"name\":\"Liste des Greffes des tribunaux de commerce\",\"item\":\"https:\/\/www.annonces-legales.org\/blog\/greffe\/\"},{\"@type\":\"ListItem\",\"position\":3,\"name\":\"Greffe du tribunal de commerce de Chambery\"}]},{\"@type\":\"WebSite\",\"@id\":\"https:\/\/www.annonces-legales.org\/blog\/#website\",\"url\":\"https:\/\/www.annonces-legales.org\/blog\/\",\"name\":\"Actualit\u00e9 des entreprises\",\"description\":\"\",\"publisher\":{\"@id\":\"https:\/\/www.annonces-legales.org\/blog\/#organization\"},\"potentialAction\":[{\"@type\":\"SearchAction\",\"target\":{\"@type\":\"EntryPoint\",\"urlTemplate\":\"https:\/\/www.annonces-legales.org\/blog\/?s={search_term_string}\"},\"query-input\":{\"@type\":\"PropertyValueSpecification\",\"valueRequired\":true,\"valueName\":\"search_term_string\"}}],\"inLanguage\":\"fr-FR\"},{\"@type\":\"Organization\",\"@id\":\"https:\/\/www.annonces-legales.org\/blog\/#organization\",\"name\":\"Actualit\u00e9 des entreprises\",\"url\":\"https:\/\/www.annonces-legales.org\/blog\/\",\"logo\":{\"@type\":\"ImageObject\",\"inLanguage\":\"fr-FR\",\"@id\":\"https:\/\/www.annonces-legales.org\/blog\/#\/schema\/logo\/image\/\",\"url\":\"https:\/\/www.annonces-legales.org\/blog\/wp-content\/uploads\/2023\/08\/annonces-legales.svg\",\"contentUrl\":\"https:\/\/www.annonces-legales.org\/blog\/wp-content\/uploads\/2023\/08\/annonces-legales.svg\",\"caption\":\"Actualit\u00e9 des entreprises\"},\"image\":{\"@id\":\"https:\/\/www.annonces-legales.org\/blog\/#\/schema\/logo\/image\/\"}}]}<\/script>\n<!-- \/ Yoast SEO plugin. -->","yoast_head_json":{"title":"Greffe du tribunal de commerce de Chambery - Actualit\u00e9 des entreprises","robots":{"index":"index","follow":"follow","max-snippet":"max-snippet:-1","max-image-preview":"max-image-preview:large","max-video-preview":"max-video-preview:-1"},"canonical":"https:\/\/www.annonces-legales.org\/blog\/greffe\/greffe-du-tribunal-de-commerce-de-chambery\/","og_locale":"fr_FR","og_type":"article","og_title":"Greffe du tribunal de commerce de Chambery - Actualit\u00e9 des entreprises","og_description":"Les chefs des entreprises situ\u00e9e \u00e0 Chamb\u00e9ry auront un grand nombre de formalit\u00e9s \u00e0 effectuer avec le greffe. Comment aller [&hellip;]","og_url":"https:\/\/www.annonces-legales.org\/blog\/greffe\/greffe-du-tribunal-de-commerce-de-chambery\/","og_site_name":"Actualit\u00e9 des entreprises","article_modified_time":"2022-01-24T20:33:34+00:00","twitter_card":"summary_large_image","twitter_misc":{"Dur\u00e9e de lecture estim\u00e9e":"2 minutes"},"schema":{"@context":"https:\/\/schema.org","@graph":[{"@type":"WebPage","@id":"https:\/\/www.annonces-legales.org\/blog\/greffe\/greffe-du-tribunal-de-commerce-de-chambery\/","url":"https:\/\/www.annonces-legales.org\/blog\/greffe\/greffe-du-tribunal-de-commerce-de-chambery\/","name":"Greffe du tribunal de commerce de Chambery - Actualit\u00e9 des entreprises","isPartOf":{"@id":"https:\/\/www.annonces-legales.org\/blog\/#website"},"datePublished":"2022-01-22T19:31:34+00:00","dateModified":"2022-01-24T20:33:34+00:00","breadcrumb":{"@id":"https:\/\/www.annonces-legales.org\/blog\/greffe\/greffe-du-tribunal-de-commerce-de-chambery\/#breadcrumb"},"inLanguage":"fr-FR","potentialAction":[{"@type":"ReadAction","target":["https:\/\/www.annonces-legales.org\/blog\/greffe\/greffe-du-tribunal-de-commerce-de-chambery\/"]}]},{"@type":"BreadcrumbList","@id":"https:\/\/www.annonces-legales.org\/blog\/greffe\/greffe-du-tribunal-de-commerce-de-chambery\/#breadcrumb","itemListElement":[{"@type":"ListItem","position":1,"name":"Accueil","item":"https:\/\/www.annonces-legales.org\/blog\/"},{"@type":"ListItem","position":2,"name":"Liste des Greffes des tribunaux de commerce","item":"https:\/\/www.annonces-legales.org\/blog\/greffe\/"},{"@type":"ListItem","position":3,"name":"Greffe du tribunal de commerce de Chambery"}]},{"@type":"WebSite","@id":"https:\/\/www.annonces-legales.org\/blog\/#website","url":"https:\/\/www.annonces-legales.org\/blog\/","name":"Actualit\u00e9 des entreprises","description":"","publisher":{"@id":"https:\/\/www.annonces-legales.org\/blog\/#organization"},"potentialAction":[{"@type":"SearchAction","target":{"@type":"EntryPoint","urlTemplate":"https:\/\/www.annonces-legales.org\/blog\/?s={search_term_string}"},"query-input":{"@type":"PropertyValueSpecification","valueRequired":true,"valueName":"search_term_string"}}],"inLanguage":"fr-FR"},{"@type":"Organization","@id":"https:\/\/www.annonces-legales.org\/blog\/#organization","name":"Actualit\u00e9 des entreprises","url":"https:\/\/www.annonces-legales.org\/blog\/","logo":{"@type":"ImageObject","inLanguage":"fr-FR","@id":"https:\/\/www.annonces-legales.org\/blog\/#\/schema\/logo\/image\/","url":"https:\/\/www.annonces-legales.org\/blog\/wp-content\/uploads\/2023\/08\/annonces-legales.svg","contentUrl":"https:\/\/www.annonces-legales.org\/blog\/wp-content\/uploads\/2023\/08\/annonces-legales.svg","caption":"Actualit\u00e9 des entreprises"},"image":{"@id":"https:\/\/www.annonces-legales.org\/blog\/#\/schema\/logo\/image\/"}}]}},"_links":{"self":[{"href":"https:\/\/www.annonces-legales.org\/blog\/wp-json\/wp\/v2\/pages\/1884","targetHints":{"allow":["GET"]}}],"collection":[{"href":"https:\/\/www.annonces-legales.org\/blog\/wp-json\/wp\/v2\/pages"}],"about":[{"href":"https:\/\/www.annonces-legales.org\/blog\/wp-json\/wp\/v2\/types\/page"}],"author":[{"embeddable":true,"href":"https:\/\/www.annonces-legales.org\/blog\/wp-json\/wp\/v2\/users\/1"}],"replies":[{"embeddable":true,"href":"https:\/\/www.annonces-legales.org\/blog\/wp-json\/wp\/v2\/comments?post=1884"}],"version-history":[{"count":5,"href":"https:\/\/www.annonces-legales.org\/blog\/wp-json\/wp\/v2\/pages\/1884\/revisions"}],"predecessor-version":[{"id":2310,"href":"https:\/\/www.annonces-legales.org\/blog\/wp-json\/wp\/v2\/pages\/1884\/revisions\/2310"}],"up":[{"embeddable":true,"href":"https:\/\/www.annonces-legales.org\/blog\/wp-json\/wp\/v2\/pages\/1759"}],"wp:attachment":[{"href":"https:\/\/www.annonces-legales.org\/blog\/wp-json\/wp\/v2\/media?parent=1884"}],"curies":[{"name":"wp","href":"https:\/\/api.w.org\/{rel}","templated":true}]}}