{"id":1888,"date":"2022-01-22T20:32:20","date_gmt":"2022-01-22T19:32:20","guid":{"rendered":"https:\/\/www.annonces-legales.org\/blog\/?page_id=1888"},"modified":"2022-01-24T21:41:56","modified_gmt":"2022-01-24T20:41:56","slug":"greffe-du-tribunal-de-commerce-de-chateauroux","status":"publish","type":"page","link":"https:\/\/www.annonces-legales.org\/blog\/greffe\/greffe-du-tribunal-de-commerce-de-chateauroux\/","title":{"rendered":"Greffe du tribunal de commerce de Chateauroux"},"content":{"rendered":"<p>Le greffe de Ch\u00e2teauroux r\u00e9ceptionne les formalit\u00e9s des entreprises. Une autre t\u00e2che du greffe est d&rsquo;\u00e9pauler les juges. Le <strong>greffe du tribunal de commerce de Ch\u00e2teauroux<\/strong> va \u00e9galement r\u00e9gir les proc\u00e9dures inh\u00e9rentes aux organisations commerciales comme par exemple l&rsquo;immatriculation ou la transformation de l&rsquo;identit\u00e9 ou des statuts l\u00e9gaux des entreprises de l&rsquo;Indre.<br \/>\nLes entreprises vont pouvoir leur rendre visite ou les contacter afin d&rsquo;obtenir des renseignements utiles sur l&rsquo;administration, la transmission ou la constitution d&rsquo;une entreprise.<\/p>\n<p>&nbsp;<\/p>\n<h2>Informations de contact du greffe de Ch\u00e2teauroux<\/h2>\n<p>Afin de joindre le greffe de Ch\u00e2teauroux, vous pouvez utiliser le t\u00e9l\u00e9phone ou leur site Internet.<\/p>\n<p>Adresse postale: 11, Rue Paul Louis Courier 36020 CHATEAUROUX CEDEX<\/p>\n<p><div class=\"leaflet-map WPLeafletMap\" style=\"height:250px; width:100%;\"><\/div><script>\nwindow.WPLeafletMapPlugin = window.WPLeafletMapPlugin || [];\nwindow.WPLeafletMapPlugin.push(function WPLeafletMapShortcode() {\/*<script>*\/\nvar baseUrl = atob('aHR0cHM6Ly97c30udGlsZS5vcGVuc3RyZWV0bWFwLm9yZy97en0ve3h9L3t5fS5wbmc=');\nvar base = (!baseUrl && window.MQ) ?\n    window.MQ.mapLayer() : L.tileLayer(baseUrl,\n        L.Util.extend({}, {\n            detectRetina: 0,\n        },\n        {\"subdomains\":\"abc\",\"noWrap\":false,\"maxZoom\":20}        )\n    );\n    var options = L.Util.extend({}, {\n        layers: [base],\n        attributionControl: false\n    },\n    {\"zoomControl\":true,\"scrollWheelZoom\":false,\"doubleClickZoom\":false,\"fitBounds\":false,\"minZoom\":0,\"maxZoom\":20,\"maxBounds\":null,\"attribution\":\"\"},\n    {});\nwindow.WPLeafletMapPlugin.createMap(options).setView([46.811434,1.686779],17);});<\/script> <script>\nwindow.WPLeafletMapPlugin = window.WPLeafletMapPlugin || [];\nwindow.WPLeafletMapPlugin.push(function WPLeafletMarkerShortcode() {\/*<script>*\/\nvar map = window.WPLeafletMapPlugin.getCurrentMap();\nvar group = window.WPLeafletMapPlugin.getCurrentGroup();\nvar marker_options = window.WPLeafletMapPlugin.getIconOptions({});\nvar marker = L.marker(\n    [0,0],\n    marker_options\n);\nvar is_image = map.is_image_map;\n    marker.setLatLng( map.getCenter() );\nif (marker_options.draggable) {\n    marker.on('dragend', function () {\n        var latlng = this.getLatLng();\n        var lat = latlng.lat;\n        var lng = latlng.lng;\n        if (is_image) {\n            console.log('leaflet-marker y=' + lat + ' x=' + lng);\n        } else {\n            console.log('leaflet-marker lat=' + lat + ' lng=' + lng);\n        }\n    });\n}\nmarker.addTo( group );\nmarker.bindPopup(window.WPLeafletMapPlugin.unescape(' Greffe du tribunal de commerce de Chateauroux ')).openPopup();window.WPLeafletMapPlugin.markers.push( marker );\n        });<\/script><\/p>\n<p>Ligne t\u00e9l\u00e9phonique :02 54 34 06 26<\/p>\n<p>Url : www.greffe-tc-chateauroux.fr<\/p>\n<p>&nbsp;<\/p>\n<h2>Horaires d&rsquo;ouverture<\/h2>\n<p>Retrouvez ici les horaires du greffe du tribunal de commerce :<br \/>\nDu lundi au vendredi de 9H00 \u00e0 12H00 et de 14H00 \u00e0 16H00.<\/p>\n<p>&nbsp;<\/p>\n<h2>Quelles d\u00e9marches faire au greffe du tribunal de commerce de Ch\u00e2teauroux ?<\/h2>\n<p>Le greffe du tribunal de commerce de Ch\u00e2teauroux est au service du tribunal mais \u00e9galement des structures commerciales. Les agents du greffe du tribunal sont charg\u00e9s de nombreuses t\u00e2ches pr\u00e9pond\u00e9rantes \u00e0 l&rsquo;activit\u00e9 du tribunal et des entreprises. Ce sont des experts juridique. Au niveau des entreprises, leur travail principal est de maintenir le registre du commerce et des soci\u00e9t\u00e9s.<\/p>\n<p>Ces agents asserment\u00e9s de l&rsquo;\u00c9tat assurent la fiabilit\u00e9 des infos pr\u00e9sentes dans ce registre. Ils vont \u00e9galement assurer l&rsquo;envoi des K-bis.<br \/>\nIls vont \u00e9galement offrir une aide juridique aupr\u00e8s des entreprises. Le greffe du tribunal va v\u00e9rifier les enregistrements au registre des entreprises. Il va aussi entretenir et diffuser des informations juridiques et financi\u00e8res sur les entreprises du <strong>d\u00e9partement de l&rsquo;Indre<\/strong>. Le greffe est indispensable pour la transparence des organisations commerciales et pour communiquer des infos officielles \u00e0 tout le monde.<\/p>\n<p>Le greffe du tribunal de commerce de Ch\u00e2teauroux peut secourir les commerces et entreprises en situation d\u00e9licate. Dans ce but, il est vital de le contacter avant que la structure commerciale ne puisse plus payer ses fournisseurs et ses partenaires.<\/p>\n<p>Le greffe de Ch\u00e2teauroux peut aussi r\u00e9aliser des plans de sauvegarde pour \u00e9viter l&rsquo;arr\u00eat des activit\u00e9s.<\/p>\n<p>&nbsp;<\/p>\n<h2>Quel type de soci\u00e9t\u00e9 n\u00e9cessite un num\u00e9ro d&rsquo;enregistrement ?<\/h2>\n<p>La totalit\u00e9 des structures qui ont un caract\u00e8re commercial ou qui r\u00e9alisent des prestations de services doivent s&rsquo;enregistrer aupr\u00e8s du registre du commerce et des soci\u00e9t\u00e9s.<\/p>\n<p>L&rsquo;ensemble des soci\u00e9t\u00e9s poss\u00e9dant des statuts juridiques mais \u00e9galement les autoentreprises vont ainsi devoir s&rsquo;enregistrer. Mais pour les autoentrepreneurs, cela est gratuit et peut se faire sur internet.<\/p>\n","protected":false},"excerpt":{"rendered":"<p>Le greffe de Ch\u00e2teauroux r\u00e9ceptionne les formalit\u00e9s des entreprises. Une autre t\u00e2che du greffe est d&rsquo;\u00e9pauler les juges. Le greffe [&hellip;]<\/p>\n","protected":false},"author":1,"featured_media":0,"parent":1759,"menu_order":0,"comment_status":"closed","ping_status":"closed","template":"","meta":{"inline_featured_image":false,"footnotes":""},"class_list":["post-1888","page","type-page","status-publish","hentry"],"yoast_head":"<!-- This site is optimized with the Yoast SEO plugin v26.8 - https:\/\/yoast.com\/product\/yoast-seo-wordpress\/ -->\n<title>Greffe du tribunal de commerce de Chateauroux - Actualit\u00e9 des entreprises<\/title>\n<meta name=\"robots\" content=\"index, follow, max-snippet:-1, max-image-preview:large, max-video-preview:-1\" \/>\n<link rel=\"canonical\" href=\"https:\/\/www.annonces-legales.org\/blog\/greffe\/greffe-du-tribunal-de-commerce-de-chateauroux\/\" \/>\n<meta property=\"og:locale\" content=\"fr_FR\" \/>\n<meta property=\"og:type\" content=\"article\" \/>\n<meta property=\"og:title\" content=\"Greffe du tribunal de commerce de Chateauroux - Actualit\u00e9 des entreprises\" \/>\n<meta property=\"og:description\" content=\"Le greffe de Ch\u00e2teauroux r\u00e9ceptionne les formalit\u00e9s des entreprises. Une autre t\u00e2che du greffe est d&rsquo;\u00e9pauler les juges. Le greffe [&hellip;]\" \/>\n<meta property=\"og:url\" content=\"https:\/\/www.annonces-legales.org\/blog\/greffe\/greffe-du-tribunal-de-commerce-de-chateauroux\/\" \/>\n<meta property=\"og:site_name\" content=\"Actualit\u00e9 des entreprises\" \/>\n<meta property=\"article:modified_time\" content=\"2022-01-24T20:41:56+00:00\" \/>\n<meta name=\"twitter:card\" content=\"summary_large_image\" \/>\n<meta name=\"twitter:label1\" content=\"Dur\u00e9e de lecture estim\u00e9e\" \/>\n\t<meta name=\"twitter:data1\" content=\"2 minutes\" \/>\n<script type=\"application\/ld+json\" class=\"yoast-schema-graph\">{\"@context\":\"https:\/\/schema.org\",\"@graph\":[{\"@type\":\"WebPage\",\"@id\":\"https:\/\/www.annonces-legales.org\/blog\/greffe\/greffe-du-tribunal-de-commerce-de-chateauroux\/\",\"url\":\"https:\/\/www.annonces-legales.org\/blog\/greffe\/greffe-du-tribunal-de-commerce-de-chateauroux\/\",\"name\":\"Greffe du tribunal de commerce de Chateauroux - Actualit\u00e9 des entreprises\",\"isPartOf\":{\"@id\":\"https:\/\/www.annonces-legales.org\/blog\/#website\"},\"datePublished\":\"2022-01-22T19:32:20+00:00\",\"dateModified\":\"2022-01-24T20:41:56+00:00\",\"breadcrumb\":{\"@id\":\"https:\/\/www.annonces-legales.org\/blog\/greffe\/greffe-du-tribunal-de-commerce-de-chateauroux\/#breadcrumb\"},\"inLanguage\":\"fr-FR\",\"potentialAction\":[{\"@type\":\"ReadAction\",\"target\":[\"https:\/\/www.annonces-legales.org\/blog\/greffe\/greffe-du-tribunal-de-commerce-de-chateauroux\/\"]}]},{\"@type\":\"BreadcrumbList\",\"@id\":\"https:\/\/www.annonces-legales.org\/blog\/greffe\/greffe-du-tribunal-de-commerce-de-chateauroux\/#breadcrumb\",\"itemListElement\":[{\"@type\":\"ListItem\",\"position\":1,\"name\":\"Accueil\",\"item\":\"https:\/\/www.annonces-legales.org\/blog\/\"},{\"@type\":\"ListItem\",\"position\":2,\"name\":\"Liste des Greffes des tribunaux de commerce\",\"item\":\"https:\/\/www.annonces-legales.org\/blog\/greffe\/\"},{\"@type\":\"ListItem\",\"position\":3,\"name\":\"Greffe du tribunal de commerce de Chateauroux\"}]},{\"@type\":\"WebSite\",\"@id\":\"https:\/\/www.annonces-legales.org\/blog\/#website\",\"url\":\"https:\/\/www.annonces-legales.org\/blog\/\",\"name\":\"Actualit\u00e9 des entreprises\",\"description\":\"\",\"publisher\":{\"@id\":\"https:\/\/www.annonces-legales.org\/blog\/#organization\"},\"potentialAction\":[{\"@type\":\"SearchAction\",\"target\":{\"@type\":\"EntryPoint\",\"urlTemplate\":\"https:\/\/www.annonces-legales.org\/blog\/?s={search_term_string}\"},\"query-input\":{\"@type\":\"PropertyValueSpecification\",\"valueRequired\":true,\"valueName\":\"search_term_string\"}}],\"inLanguage\":\"fr-FR\"},{\"@type\":\"Organization\",\"@id\":\"https:\/\/www.annonces-legales.org\/blog\/#organization\",\"name\":\"Actualit\u00e9 des entreprises\",\"url\":\"https:\/\/www.annonces-legales.org\/blog\/\",\"logo\":{\"@type\":\"ImageObject\",\"inLanguage\":\"fr-FR\",\"@id\":\"https:\/\/www.annonces-legales.org\/blog\/#\/schema\/logo\/image\/\",\"url\":\"https:\/\/www.annonces-legales.org\/blog\/wp-content\/uploads\/2023\/08\/annonces-legales.svg\",\"contentUrl\":\"https:\/\/www.annonces-legales.org\/blog\/wp-content\/uploads\/2023\/08\/annonces-legales.svg\",\"caption\":\"Actualit\u00e9 des entreprises\"},\"image\":{\"@id\":\"https:\/\/www.annonces-legales.org\/blog\/#\/schema\/logo\/image\/\"}}]}<\/script>\n<!-- \/ Yoast SEO plugin. -->","yoast_head_json":{"title":"Greffe du tribunal de commerce de Chateauroux - Actualit\u00e9 des entreprises","robots":{"index":"index","follow":"follow","max-snippet":"max-snippet:-1","max-image-preview":"max-image-preview:large","max-video-preview":"max-video-preview:-1"},"canonical":"https:\/\/www.annonces-legales.org\/blog\/greffe\/greffe-du-tribunal-de-commerce-de-chateauroux\/","og_locale":"fr_FR","og_type":"article","og_title":"Greffe du tribunal de commerce de Chateauroux - Actualit\u00e9 des entreprises","og_description":"Le greffe de Ch\u00e2teauroux r\u00e9ceptionne les formalit\u00e9s des entreprises. Une autre t\u00e2che du greffe est d&rsquo;\u00e9pauler les juges. Le greffe [&hellip;]","og_url":"https:\/\/www.annonces-legales.org\/blog\/greffe\/greffe-du-tribunal-de-commerce-de-chateauroux\/","og_site_name":"Actualit\u00e9 des entreprises","article_modified_time":"2022-01-24T20:41:56+00:00","twitter_card":"summary_large_image","twitter_misc":{"Dur\u00e9e de lecture estim\u00e9e":"2 minutes"},"schema":{"@context":"https:\/\/schema.org","@graph":[{"@type":"WebPage","@id":"https:\/\/www.annonces-legales.org\/blog\/greffe\/greffe-du-tribunal-de-commerce-de-chateauroux\/","url":"https:\/\/www.annonces-legales.org\/blog\/greffe\/greffe-du-tribunal-de-commerce-de-chateauroux\/","name":"Greffe du tribunal de commerce de Chateauroux - Actualit\u00e9 des entreprises","isPartOf":{"@id":"https:\/\/www.annonces-legales.org\/blog\/#website"},"datePublished":"2022-01-22T19:32:20+00:00","dateModified":"2022-01-24T20:41:56+00:00","breadcrumb":{"@id":"https:\/\/www.annonces-legales.org\/blog\/greffe\/greffe-du-tribunal-de-commerce-de-chateauroux\/#breadcrumb"},"inLanguage":"fr-FR","potentialAction":[{"@type":"ReadAction","target":["https:\/\/www.annonces-legales.org\/blog\/greffe\/greffe-du-tribunal-de-commerce-de-chateauroux\/"]}]},{"@type":"BreadcrumbList","@id":"https:\/\/www.annonces-legales.org\/blog\/greffe\/greffe-du-tribunal-de-commerce-de-chateauroux\/#breadcrumb","itemListElement":[{"@type":"ListItem","position":1,"name":"Accueil","item":"https:\/\/www.annonces-legales.org\/blog\/"},{"@type":"ListItem","position":2,"name":"Liste des Greffes des tribunaux de commerce","item":"https:\/\/www.annonces-legales.org\/blog\/greffe\/"},{"@type":"ListItem","position":3,"name":"Greffe du tribunal de commerce de Chateauroux"}]},{"@type":"WebSite","@id":"https:\/\/www.annonces-legales.org\/blog\/#website","url":"https:\/\/www.annonces-legales.org\/blog\/","name":"Actualit\u00e9 des entreprises","description":"","publisher":{"@id":"https:\/\/www.annonces-legales.org\/blog\/#organization"},"potentialAction":[{"@type":"SearchAction","target":{"@type":"EntryPoint","urlTemplate":"https:\/\/www.annonces-legales.org\/blog\/?s={search_term_string}"},"query-input":{"@type":"PropertyValueSpecification","valueRequired":true,"valueName":"search_term_string"}}],"inLanguage":"fr-FR"},{"@type":"Organization","@id":"https:\/\/www.annonces-legales.org\/blog\/#organization","name":"Actualit\u00e9 des entreprises","url":"https:\/\/www.annonces-legales.org\/blog\/","logo":{"@type":"ImageObject","inLanguage":"fr-FR","@id":"https:\/\/www.annonces-legales.org\/blog\/#\/schema\/logo\/image\/","url":"https:\/\/www.annonces-legales.org\/blog\/wp-content\/uploads\/2023\/08\/annonces-legales.svg","contentUrl":"https:\/\/www.annonces-legales.org\/blog\/wp-content\/uploads\/2023\/08\/annonces-legales.svg","caption":"Actualit\u00e9 des entreprises"},"image":{"@id":"https:\/\/www.annonces-legales.org\/blog\/#\/schema\/logo\/image\/"}}]}},"_links":{"self":[{"href":"https:\/\/www.annonces-legales.org\/blog\/wp-json\/wp\/v2\/pages\/1888","targetHints":{"allow":["GET"]}}],"collection":[{"href":"https:\/\/www.annonces-legales.org\/blog\/wp-json\/wp\/v2\/pages"}],"about":[{"href":"https:\/\/www.annonces-legales.org\/blog\/wp-json\/wp\/v2\/types\/page"}],"author":[{"embeddable":true,"href":"https:\/\/www.annonces-legales.org\/blog\/wp-json\/wp\/v2\/users\/1"}],"replies":[{"embeddable":true,"href":"https:\/\/www.annonces-legales.org\/blog\/wp-json\/wp\/v2\/comments?post=1888"}],"version-history":[{"count":3,"href":"https:\/\/www.annonces-legales.org\/blog\/wp-json\/wp\/v2\/pages\/1888\/revisions"}],"predecessor-version":[{"id":2314,"href":"https:\/\/www.annonces-legales.org\/blog\/wp-json\/wp\/v2\/pages\/1888\/revisions\/2314"}],"up":[{"embeddable":true,"href":"https:\/\/www.annonces-legales.org\/blog\/wp-json\/wp\/v2\/pages\/1759"}],"wp:attachment":[{"href":"https:\/\/www.annonces-legales.org\/blog\/wp-json\/wp\/v2\/media?parent=1888"}],"curies":[{"name":"wp","href":"https:\/\/api.w.org\/{rel}","templated":true}]}}