{"id":1908,"date":"2022-01-22T20:36:49","date_gmt":"2022-01-22T19:36:49","guid":{"rendered":"https:\/\/www.annonces-legales.org\/blog\/?page_id=1908"},"modified":"2022-01-24T18:19:19","modified_gmt":"2022-01-24T17:19:19","slug":"greffe-du-tribunal-de-commerce-de-dijon","status":"publish","type":"page","link":"https:\/\/www.annonces-legales.org\/blog\/greffe\/greffe-du-tribunal-de-commerce-de-dijon\/","title":{"rendered":"Greffe du tribunal de commerce de Dijon"},"content":{"rendered":"<p>Vous pourrez consulter sur cette page l&rsquo;ensemble des informations indispensables sur le<strong> greffe du tribunal de commerce de Dijon<\/strong>. Vous allez y trouver des informations de contact mais \u00e9galement des informations sur les obligations administratives pour les structures immatricul\u00e9es au greffe de Dijon.<\/p>\n<p>&nbsp;<\/p>\n<h2>Informations de contact du greffe du tribunal de commerce de Dijon<\/h2>\n<p><strong>Adresse<\/strong> : 13, Bd Clemenceau 21072 DIJON CEDEX<\/p>\n<p><div class=\"leaflet-map WPLeafletMap\" style=\"height:250px; width:100%;\"><\/div><script>\nwindow.WPLeafletMapPlugin = window.WPLeafletMapPlugin || [];\nwindow.WPLeafletMapPlugin.push(function WPLeafletMapShortcode() {\/*<script>*\/\nvar baseUrl = atob('aHR0cHM6Ly97c30udGlsZS5vcGVuc3RyZWV0bWFwLm9yZy97en0ve3h9L3t5fS5wbmc=');\nvar base = (!baseUrl && window.MQ) ?\n    window.MQ.mapLayer() : L.tileLayer(baseUrl,\n        L.Util.extend({}, {\n            detectRetina: 0,\n        },\n        {\"subdomains\":\"abc\",\"noWrap\":false,\"maxZoom\":20}        )\n    );\n    var options = L.Util.extend({}, {\n        layers: [base],\n        attributionControl: false\n    },\n    {\"zoomControl\":true,\"scrollWheelZoom\":false,\"doubleClickZoom\":false,\"fitBounds\":false,\"minZoom\":0,\"maxZoom\":20,\"maxBounds\":null,\"attribution\":\"\"},\n    {});\nwindow.WPLeafletMapPlugin.createMap(options).setView([47.327705,5.048132],17);});<\/script> <script>\nwindow.WPLeafletMapPlugin = window.WPLeafletMapPlugin || [];\nwindow.WPLeafletMapPlugin.push(function WPLeafletMarkerShortcode() {\/*<script>*\/\nvar map = window.WPLeafletMapPlugin.getCurrentMap();\nvar group = window.WPLeafletMapPlugin.getCurrentGroup();\nvar marker_options = window.WPLeafletMapPlugin.getIconOptions({});\nvar marker = L.marker(\n    [0,0],\n    marker_options\n);\nvar is_image = map.is_image_map;\n    marker.setLatLng( map.getCenter() );\nif (marker_options.draggable) {\n    marker.on('dragend', function () {\n        var latlng = this.getLatLng();\n        var lat = latlng.lat;\n        var lng = latlng.lng;\n        if (is_image) {\n            console.log('leaflet-marker y=' + lat + ' x=' + lng);\n        } else {\n            console.log('leaflet-marker lat=' + lat + ' lng=' + lng);\n        }\n    });\n}\nmarker.addTo( group );\nmarker.bindPopup(window.WPLeafletMapPlugin.unescape(' Greffe du tribunal de commerce de Dijon ')).openPopup();window.WPLeafletMapPlugin.markers.push( marker );\n        });<\/script><\/p>\n<p><strong>T\u00e9l\u00e9phone<\/strong> : 09 70 72 30 50<\/p>\n<p><strong>Site<\/strong> : <em>www.greffe-tc-dijon.fr<\/em><\/p>\n<p>&nbsp;<\/p>\n<h2>Heures d&rsquo;ouverture<\/h2>\n<p>Il est autoris\u00e9 d&rsquo;aller au greffe du tribunal de commerce de Dijon chaque jour ouvr\u00e9 de la semaine : 9h-11h45 et 14h-16h30<\/p>\n<p>&nbsp;<\/p>\n<h2>Accueil des entreprises au Greffe de Dijon<\/h2>\n<p>Le greffe du tribunal de commerce de Dijon est au service de la justice mais \u00e9galement des soci\u00e9t\u00e9s. Les agents du greffe ont de nombreuses t\u00e2ches et obligations envers les entreprises Dijonnaises.<\/p>\n<p>Ils tiennent le RCS. Les agents du greffe du tribunal homologuent la v\u00e9racit\u00e9 des infos apparaissantes dans ce registre. Ils vont aussi permettre la d\u00e9livrance des extraits kbis, une sorte de carte d&rsquo;identit\u00e9 des soci\u00e9t\u00e9s.<\/p>\n<p>Ils vont \u00e9galement apporter un soutien aupr\u00e8s des entreprises et commerces du d\u00e9partement de la C\u00f4te-d&rsquo;Or . Le greffe du tribunal de commerce va v\u00e9rifier les inscriptions au registre des entreprises. Il va \u00e9galement diffuser des donn\u00e9es officielles sur les entreprises du d\u00e9partement de C\u00f4te-d&rsquo;Or (disponible en ligne mais payant).<\/p>\n<p>Le greffe du tribunal de commerce peut soutenir les soci\u00e9t\u00e9s en difficult\u00e9 avec ses conseils et en mettant en place des proc\u00e9dures. Cela pour \u00e9viter la fermeture ou la mise en liquidation d&rsquo;une soci\u00e9t\u00e9 en \u00e9laborant des proc\u00e9dure de maintien de l&rsquo;activit\u00e9. Car cela aura des cons\u00e9quence sur l&#8217;emploi.<\/p>\n<p>&nbsp;<\/p>\n<h2>Quel type d&rsquo;entreprise n\u00e9cessite un num\u00e9ro d&rsquo;immatriculation ?<\/h2>\n<p>Mis \u00e0 part les autoentrepreneurs, toutes les soci\u00e9t\u00e9s ayant des activit\u00e9s en C\u00f4te-d&rsquo;Or vont \u00eatre oblig\u00e9s de s&rsquo;immatriculer aupr\u00e8s du RCS.<\/p>\n<p>&nbsp;<\/p>\n<h2>Comment immatriculer une structure avec le registre du commerce et des soci\u00e9t\u00e9s ?<\/h2>\n<p>Fournir un dossier de cr\u00e9ation au greffe est l&rsquo;\u00e9tape finale pour la cr\u00e9ation d&rsquo;une entreprise. Ce dossier doit \u00eatre complet et doit comprendre les pi\u00e8ces justificatives n\u00e9cessaires. Si le dossier n&rsquo;est pas entier ou comprend une faute d&rsquo;orthographe ou une erreur, le dossier ne sera pas valable.<\/p>\n<p>Pour proc\u00e9der \u00e0 l&rsquo;enregistrement , il est n\u00e9cessaire de vous rendre au centre de formalit\u00e9 des entreprises ou acheminer le dossier complet via internet ou par la poste.<\/p>\n<p>Si l&rsquo;inscription de la soci\u00e9t\u00e9 est approuv\u00e9 par le RCS, celui-ci va avertir la plupart des institutions du gouvernement afin de leur signaler la cr\u00e9ation de l&rsquo;entreprise. Il n&rsquo;est donc pas n\u00e9cessaire de pr\u00e9venir l\u2019Urssaf ou les services des imp\u00f4ts de la cr\u00e9ation de votre entreprise.<\/p>\n","protected":false},"excerpt":{"rendered":"<p>Vous pourrez consulter sur cette page l&rsquo;ensemble des informations indispensables sur le greffe du tribunal de commerce de Dijon. Vous [&hellip;]<\/p>\n","protected":false},"author":1,"featured_media":0,"parent":1759,"menu_order":0,"comment_status":"closed","ping_status":"closed","template":"","meta":{"inline_featured_image":false,"footnotes":""},"class_list":["post-1908","page","type-page","status-publish","hentry"],"yoast_head":"<!-- This site is optimized with the Yoast SEO plugin v26.8 - https:\/\/yoast.com\/product\/yoast-seo-wordpress\/ -->\n<title>Greffe du tribunal de commerce de Dijon - Actualit\u00e9 des entreprises<\/title>\n<meta name=\"robots\" content=\"index, follow, max-snippet:-1, max-image-preview:large, max-video-preview:-1\" \/>\n<link rel=\"canonical\" href=\"https:\/\/www.annonces-legales.org\/blog\/greffe\/greffe-du-tribunal-de-commerce-de-dijon\/\" \/>\n<meta property=\"og:locale\" content=\"fr_FR\" \/>\n<meta property=\"og:type\" content=\"article\" \/>\n<meta property=\"og:title\" content=\"Greffe du tribunal de commerce de Dijon - Actualit\u00e9 des entreprises\" \/>\n<meta property=\"og:description\" content=\"Vous pourrez consulter sur cette page l&rsquo;ensemble des informations indispensables sur le greffe du tribunal de commerce de Dijon. Vous [&hellip;]\" \/>\n<meta property=\"og:url\" content=\"https:\/\/www.annonces-legales.org\/blog\/greffe\/greffe-du-tribunal-de-commerce-de-dijon\/\" \/>\n<meta property=\"og:site_name\" content=\"Actualit\u00e9 des entreprises\" \/>\n<meta property=\"article:modified_time\" content=\"2022-01-24T17:19:19+00:00\" \/>\n<meta name=\"twitter:card\" content=\"summary_large_image\" \/>\n<meta name=\"twitter:label1\" content=\"Dur\u00e9e de lecture estim\u00e9e\" \/>\n\t<meta name=\"twitter:data1\" content=\"2 minutes\" \/>\n<script type=\"application\/ld+json\" class=\"yoast-schema-graph\">{\"@context\":\"https:\/\/schema.org\",\"@graph\":[{\"@type\":\"WebPage\",\"@id\":\"https:\/\/www.annonces-legales.org\/blog\/greffe\/greffe-du-tribunal-de-commerce-de-dijon\/\",\"url\":\"https:\/\/www.annonces-legales.org\/blog\/greffe\/greffe-du-tribunal-de-commerce-de-dijon\/\",\"name\":\"Greffe du tribunal de commerce de Dijon - Actualit\u00e9 des entreprises\",\"isPartOf\":{\"@id\":\"https:\/\/www.annonces-legales.org\/blog\/#website\"},\"datePublished\":\"2022-01-22T19:36:49+00:00\",\"dateModified\":\"2022-01-24T17:19:19+00:00\",\"breadcrumb\":{\"@id\":\"https:\/\/www.annonces-legales.org\/blog\/greffe\/greffe-du-tribunal-de-commerce-de-dijon\/#breadcrumb\"},\"inLanguage\":\"fr-FR\",\"potentialAction\":[{\"@type\":\"ReadAction\",\"target\":[\"https:\/\/www.annonces-legales.org\/blog\/greffe\/greffe-du-tribunal-de-commerce-de-dijon\/\"]}]},{\"@type\":\"BreadcrumbList\",\"@id\":\"https:\/\/www.annonces-legales.org\/blog\/greffe\/greffe-du-tribunal-de-commerce-de-dijon\/#breadcrumb\",\"itemListElement\":[{\"@type\":\"ListItem\",\"position\":1,\"name\":\"Accueil\",\"item\":\"https:\/\/www.annonces-legales.org\/blog\/\"},{\"@type\":\"ListItem\",\"position\":2,\"name\":\"Liste des Greffes des tribunaux de commerce\",\"item\":\"https:\/\/www.annonces-legales.org\/blog\/greffe\/\"},{\"@type\":\"ListItem\",\"position\":3,\"name\":\"Greffe du tribunal de commerce de Dijon\"}]},{\"@type\":\"WebSite\",\"@id\":\"https:\/\/www.annonces-legales.org\/blog\/#website\",\"url\":\"https:\/\/www.annonces-legales.org\/blog\/\",\"name\":\"Actualit\u00e9 des entreprises\",\"description\":\"\",\"publisher\":{\"@id\":\"https:\/\/www.annonces-legales.org\/blog\/#organization\"},\"potentialAction\":[{\"@type\":\"SearchAction\",\"target\":{\"@type\":\"EntryPoint\",\"urlTemplate\":\"https:\/\/www.annonces-legales.org\/blog\/?s={search_term_string}\"},\"query-input\":{\"@type\":\"PropertyValueSpecification\",\"valueRequired\":true,\"valueName\":\"search_term_string\"}}],\"inLanguage\":\"fr-FR\"},{\"@type\":\"Organization\",\"@id\":\"https:\/\/www.annonces-legales.org\/blog\/#organization\",\"name\":\"Actualit\u00e9 des entreprises\",\"url\":\"https:\/\/www.annonces-legales.org\/blog\/\",\"logo\":{\"@type\":\"ImageObject\",\"inLanguage\":\"fr-FR\",\"@id\":\"https:\/\/www.annonces-legales.org\/blog\/#\/schema\/logo\/image\/\",\"url\":\"https:\/\/www.annonces-legales.org\/blog\/wp-content\/uploads\/2023\/08\/annonces-legales.svg\",\"contentUrl\":\"https:\/\/www.annonces-legales.org\/blog\/wp-content\/uploads\/2023\/08\/annonces-legales.svg\",\"caption\":\"Actualit\u00e9 des entreprises\"},\"image\":{\"@id\":\"https:\/\/www.annonces-legales.org\/blog\/#\/schema\/logo\/image\/\"}}]}<\/script>\n<!-- \/ Yoast SEO plugin. -->","yoast_head_json":{"title":"Greffe du tribunal de commerce de Dijon - Actualit\u00e9 des entreprises","robots":{"index":"index","follow":"follow","max-snippet":"max-snippet:-1","max-image-preview":"max-image-preview:large","max-video-preview":"max-video-preview:-1"},"canonical":"https:\/\/www.annonces-legales.org\/blog\/greffe\/greffe-du-tribunal-de-commerce-de-dijon\/","og_locale":"fr_FR","og_type":"article","og_title":"Greffe du tribunal de commerce de Dijon - Actualit\u00e9 des entreprises","og_description":"Vous pourrez consulter sur cette page l&rsquo;ensemble des informations indispensables sur le greffe du tribunal de commerce de Dijon. Vous [&hellip;]","og_url":"https:\/\/www.annonces-legales.org\/blog\/greffe\/greffe-du-tribunal-de-commerce-de-dijon\/","og_site_name":"Actualit\u00e9 des entreprises","article_modified_time":"2022-01-24T17:19:19+00:00","twitter_card":"summary_large_image","twitter_misc":{"Dur\u00e9e de lecture estim\u00e9e":"2 minutes"},"schema":{"@context":"https:\/\/schema.org","@graph":[{"@type":"WebPage","@id":"https:\/\/www.annonces-legales.org\/blog\/greffe\/greffe-du-tribunal-de-commerce-de-dijon\/","url":"https:\/\/www.annonces-legales.org\/blog\/greffe\/greffe-du-tribunal-de-commerce-de-dijon\/","name":"Greffe du tribunal de commerce de Dijon - Actualit\u00e9 des entreprises","isPartOf":{"@id":"https:\/\/www.annonces-legales.org\/blog\/#website"},"datePublished":"2022-01-22T19:36:49+00:00","dateModified":"2022-01-24T17:19:19+00:00","breadcrumb":{"@id":"https:\/\/www.annonces-legales.org\/blog\/greffe\/greffe-du-tribunal-de-commerce-de-dijon\/#breadcrumb"},"inLanguage":"fr-FR","potentialAction":[{"@type":"ReadAction","target":["https:\/\/www.annonces-legales.org\/blog\/greffe\/greffe-du-tribunal-de-commerce-de-dijon\/"]}]},{"@type":"BreadcrumbList","@id":"https:\/\/www.annonces-legales.org\/blog\/greffe\/greffe-du-tribunal-de-commerce-de-dijon\/#breadcrumb","itemListElement":[{"@type":"ListItem","position":1,"name":"Accueil","item":"https:\/\/www.annonces-legales.org\/blog\/"},{"@type":"ListItem","position":2,"name":"Liste des Greffes des tribunaux de commerce","item":"https:\/\/www.annonces-legales.org\/blog\/greffe\/"},{"@type":"ListItem","position":3,"name":"Greffe du tribunal de commerce de Dijon"}]},{"@type":"WebSite","@id":"https:\/\/www.annonces-legales.org\/blog\/#website","url":"https:\/\/www.annonces-legales.org\/blog\/","name":"Actualit\u00e9 des entreprises","description":"","publisher":{"@id":"https:\/\/www.annonces-legales.org\/blog\/#organization"},"potentialAction":[{"@type":"SearchAction","target":{"@type":"EntryPoint","urlTemplate":"https:\/\/www.annonces-legales.org\/blog\/?s={search_term_string}"},"query-input":{"@type":"PropertyValueSpecification","valueRequired":true,"valueName":"search_term_string"}}],"inLanguage":"fr-FR"},{"@type":"Organization","@id":"https:\/\/www.annonces-legales.org\/blog\/#organization","name":"Actualit\u00e9 des entreprises","url":"https:\/\/www.annonces-legales.org\/blog\/","logo":{"@type":"ImageObject","inLanguage":"fr-FR","@id":"https:\/\/www.annonces-legales.org\/blog\/#\/schema\/logo\/image\/","url":"https:\/\/www.annonces-legales.org\/blog\/wp-content\/uploads\/2023\/08\/annonces-legales.svg","contentUrl":"https:\/\/www.annonces-legales.org\/blog\/wp-content\/uploads\/2023\/08\/annonces-legales.svg","caption":"Actualit\u00e9 des entreprises"},"image":{"@id":"https:\/\/www.annonces-legales.org\/blog\/#\/schema\/logo\/image\/"}}]}},"_links":{"self":[{"href":"https:\/\/www.annonces-legales.org\/blog\/wp-json\/wp\/v2\/pages\/1908","targetHints":{"allow":["GET"]}}],"collection":[{"href":"https:\/\/www.annonces-legales.org\/blog\/wp-json\/wp\/v2\/pages"}],"about":[{"href":"https:\/\/www.annonces-legales.org\/blog\/wp-json\/wp\/v2\/types\/page"}],"author":[{"embeddable":true,"href":"https:\/\/www.annonces-legales.org\/blog\/wp-json\/wp\/v2\/users\/1"}],"replies":[{"embeddable":true,"href":"https:\/\/www.annonces-legales.org\/blog\/wp-json\/wp\/v2\/comments?post=1908"}],"version-history":[{"count":3,"href":"https:\/\/www.annonces-legales.org\/blog\/wp-json\/wp\/v2\/pages\/1908\/revisions"}],"predecessor-version":[{"id":2249,"href":"https:\/\/www.annonces-legales.org\/blog\/wp-json\/wp\/v2\/pages\/1908\/revisions\/2249"}],"up":[{"embeddable":true,"href":"https:\/\/www.annonces-legales.org\/blog\/wp-json\/wp\/v2\/pages\/1759"}],"wp:attachment":[{"href":"https:\/\/www.annonces-legales.org\/blog\/wp-json\/wp\/v2\/media?parent=1908"}],"curies":[{"name":"wp","href":"https:\/\/api.w.org\/{rel}","templated":true}]}}