{"id":1922,"date":"2022-01-22T20:39:35","date_gmt":"2022-01-22T19:39:35","guid":{"rendered":"https:\/\/www.annonces-legales.org\/blog\/?page_id=1922"},"modified":"2022-01-25T13:36:23","modified_gmt":"2022-01-25T12:36:23","slug":"greffe-du-tribunal-de-commerce-de-foix","status":"publish","type":"page","link":"https:\/\/www.annonces-legales.org\/blog\/greffe\/greffe-du-tribunal-de-commerce-de-foix\/","title":{"rendered":"Greffe du tribunal de commerce de Foix"},"content":{"rendered":"<p>Comment aller au <strong>greffe du tribunal de commerce de Foix<\/strong> ? Quand peut-on contacter le greffe de Foix ?<\/p>\n<p>Les gestionnaires de soci\u00e9t\u00e9s ou les gestionnaires de fonds de commerce de Foix vont devoir joindre le greffe du tribunal de commerce tr\u00e8s r\u00e9guli\u00e8rement pour leur formalit\u00e9s l\u00e9gales.<\/p>\n<p>&nbsp;<\/p>\n<h2>Adresse et contact du greffe de Foix<\/h2>\n<p><strong>T\u00e9l.<\/strong> : 0561024280<\/p>\n<p>&nbsp;<\/p>\n<p>L&rsquo;adresse du greffe du tribunal de commerce de Foix est la suivante : 14 Boulevard du Sud 09000 Foix<\/p>\n<p><strong>URL<\/strong> : <em>www.greffe-tc-foix.fr<\/em><\/p>\n<p>&nbsp;<\/p>\n<h2>Heures d&rsquo;ouverture<\/h2>\n<p>Du lundi au vendredi: 8H30 a 12H00 et de 14H00 a 16H00.<\/p>\n<p>&nbsp;<\/p>\n<h2>Les grandes missions du greffe du tribunal de commerce<\/h2>\n<p>Le greffe du tribunal de commerce de Foix est un acteur in\u00e9vitable pour la totalit\u00e9 des entreprises du d\u00e9partement du Territoire de Belfort. Les cr\u00e9ateurs de soci\u00e9t\u00e9s qui habitent pr\u00e8s de Foix et qui veulent lancer leur soci\u00e9t\u00e9 doivent effectuer leur formalit\u00e9s l\u00e9gales aupr\u00e8s du RCS de ce greffe.<\/p>\n<p>L&rsquo;immatriculation d&rsquo;une structure n&rsquo;est pas le seul service g\u00e9r\u00e9 par le greffe du tribunal de commerce de Foix. Ce bureau minist\u00e9riel va aussi se charger d&rsquo;\u00e9couter les gestionnaires d&rsquo;entreprises pour leur offrir des r\u00e9ponses concr\u00e8tes. Il va aussi recevoir les transformations dans les statuts juridiques des entreprises comme par exemple une mutation de l&#8217;emplacement du si\u00e8ge ou un changement de l&rsquo;identit\u00e9 du g\u00e9rant.<\/p>\n<p>Le greffe va aussi\u00a0 pr\u00e9venir les difficult\u00e9s dans les entreprises, aider les juges pour les audiences des contentieux commerciaux et diffuser les informations sur les soci\u00e9t\u00e9s.<\/p>\n<p>&nbsp;<\/p>\n<h2>Quelles formes juridiques d&rsquo;entreprise doivent s&rsquo;enregistrer aupr\u00e8s du greffe du tribunal de commerce ?<\/h2>\n<p>Toutes les entreprises de la r\u00e9gion de Foix doivent contacter son greffe pour s&rsquo;immatriculer. Ce sont les soci\u00e9t\u00e9s civiles, les soci\u00e9t\u00e9s lib\u00e9rales, les personnes morales (commer\u00e7ants et soci\u00e9t\u00e9s commerciales), les \u00e9tablissements publics et commerciaux, les groupements d\u2019int\u00e9r\u00eat \u00e9conomique (fran\u00e7ais ou europ\u00e9en).<\/p>\n<p>&nbsp;<\/p>\n","protected":false},"excerpt":{"rendered":"<p>Comment aller au greffe du tribunal de commerce de Foix ? Quand peut-on contacter le greffe de Foix ? Les [&hellip;]<\/p>\n","protected":false},"author":1,"featured_media":0,"parent":1759,"menu_order":0,"comment_status":"closed","ping_status":"closed","template":"","meta":{"inline_featured_image":false,"footnotes":""},"class_list":["post-1922","page","type-page","status-publish","hentry"],"yoast_head":"<!-- This site is optimized with the Yoast SEO plugin v26.8 - https:\/\/yoast.com\/product\/yoast-seo-wordpress\/ -->\n<title>Greffe du tribunal de commerce de Foix - Actualit\u00e9 des entreprises<\/title>\n<meta name=\"robots\" content=\"index, follow, max-snippet:-1, max-image-preview:large, max-video-preview:-1\" \/>\n<link rel=\"canonical\" href=\"https:\/\/www.annonces-legales.org\/blog\/greffe\/greffe-du-tribunal-de-commerce-de-foix\/\" \/>\n<meta property=\"og:locale\" content=\"fr_FR\" \/>\n<meta property=\"og:type\" content=\"article\" \/>\n<meta property=\"og:title\" content=\"Greffe du tribunal de commerce de Foix - Actualit\u00e9 des entreprises\" \/>\n<meta property=\"og:description\" content=\"Comment aller au greffe du tribunal de commerce de Foix ? Quand peut-on contacter le greffe de Foix ? Les [&hellip;]\" \/>\n<meta property=\"og:url\" content=\"https:\/\/www.annonces-legales.org\/blog\/greffe\/greffe-du-tribunal-de-commerce-de-foix\/\" \/>\n<meta property=\"og:site_name\" content=\"Actualit\u00e9 des entreprises\" \/>\n<meta property=\"article:modified_time\" content=\"2022-01-25T12:36:23+00:00\" \/>\n<meta name=\"twitter:card\" content=\"summary_large_image\" \/>\n<meta name=\"twitter:label1\" content=\"Dur\u00e9e de lecture estim\u00e9e\" \/>\n\t<meta name=\"twitter:data1\" content=\"2 minutes\" \/>\n<script type=\"application\/ld+json\" class=\"yoast-schema-graph\">{\"@context\":\"https:\/\/schema.org\",\"@graph\":[{\"@type\":\"WebPage\",\"@id\":\"https:\/\/www.annonces-legales.org\/blog\/greffe\/greffe-du-tribunal-de-commerce-de-foix\/\",\"url\":\"https:\/\/www.annonces-legales.org\/blog\/greffe\/greffe-du-tribunal-de-commerce-de-foix\/\",\"name\":\"Greffe du tribunal de commerce de Foix - Actualit\u00e9 des entreprises\",\"isPartOf\":{\"@id\":\"https:\/\/www.annonces-legales.org\/blog\/#website\"},\"datePublished\":\"2022-01-22T19:39:35+00:00\",\"dateModified\":\"2022-01-25T12:36:23+00:00\",\"breadcrumb\":{\"@id\":\"https:\/\/www.annonces-legales.org\/blog\/greffe\/greffe-du-tribunal-de-commerce-de-foix\/#breadcrumb\"},\"inLanguage\":\"fr-FR\",\"potentialAction\":[{\"@type\":\"ReadAction\",\"target\":[\"https:\/\/www.annonces-legales.org\/blog\/greffe\/greffe-du-tribunal-de-commerce-de-foix\/\"]}]},{\"@type\":\"BreadcrumbList\",\"@id\":\"https:\/\/www.annonces-legales.org\/blog\/greffe\/greffe-du-tribunal-de-commerce-de-foix\/#breadcrumb\",\"itemListElement\":[{\"@type\":\"ListItem\",\"position\":1,\"name\":\"Accueil\",\"item\":\"https:\/\/www.annonces-legales.org\/blog\/\"},{\"@type\":\"ListItem\",\"position\":2,\"name\":\"Liste des Greffes des tribunaux de commerce\",\"item\":\"https:\/\/www.annonces-legales.org\/blog\/greffe\/\"},{\"@type\":\"ListItem\",\"position\":3,\"name\":\"Greffe du tribunal de commerce de Foix\"}]},{\"@type\":\"WebSite\",\"@id\":\"https:\/\/www.annonces-legales.org\/blog\/#website\",\"url\":\"https:\/\/www.annonces-legales.org\/blog\/\",\"name\":\"Actualit\u00e9 des entreprises\",\"description\":\"\",\"publisher\":{\"@id\":\"https:\/\/www.annonces-legales.org\/blog\/#organization\"},\"potentialAction\":[{\"@type\":\"SearchAction\",\"target\":{\"@type\":\"EntryPoint\",\"urlTemplate\":\"https:\/\/www.annonces-legales.org\/blog\/?s={search_term_string}\"},\"query-input\":{\"@type\":\"PropertyValueSpecification\",\"valueRequired\":true,\"valueName\":\"search_term_string\"}}],\"inLanguage\":\"fr-FR\"},{\"@type\":\"Organization\",\"@id\":\"https:\/\/www.annonces-legales.org\/blog\/#organization\",\"name\":\"Actualit\u00e9 des entreprises\",\"url\":\"https:\/\/www.annonces-legales.org\/blog\/\",\"logo\":{\"@type\":\"ImageObject\",\"inLanguage\":\"fr-FR\",\"@id\":\"https:\/\/www.annonces-legales.org\/blog\/#\/schema\/logo\/image\/\",\"url\":\"https:\/\/www.annonces-legales.org\/blog\/wp-content\/uploads\/2023\/08\/annonces-legales.svg\",\"contentUrl\":\"https:\/\/www.annonces-legales.org\/blog\/wp-content\/uploads\/2023\/08\/annonces-legales.svg\",\"caption\":\"Actualit\u00e9 des entreprises\"},\"image\":{\"@id\":\"https:\/\/www.annonces-legales.org\/blog\/#\/schema\/logo\/image\/\"}}]}<\/script>\n<!-- \/ Yoast SEO plugin. -->","yoast_head_json":{"title":"Greffe du tribunal de commerce de Foix - Actualit\u00e9 des entreprises","robots":{"index":"index","follow":"follow","max-snippet":"max-snippet:-1","max-image-preview":"max-image-preview:large","max-video-preview":"max-video-preview:-1"},"canonical":"https:\/\/www.annonces-legales.org\/blog\/greffe\/greffe-du-tribunal-de-commerce-de-foix\/","og_locale":"fr_FR","og_type":"article","og_title":"Greffe du tribunal de commerce de Foix - Actualit\u00e9 des entreprises","og_description":"Comment aller au greffe du tribunal de commerce de Foix ? Quand peut-on contacter le greffe de Foix ? Les [&hellip;]","og_url":"https:\/\/www.annonces-legales.org\/blog\/greffe\/greffe-du-tribunal-de-commerce-de-foix\/","og_site_name":"Actualit\u00e9 des entreprises","article_modified_time":"2022-01-25T12:36:23+00:00","twitter_card":"summary_large_image","twitter_misc":{"Dur\u00e9e de lecture estim\u00e9e":"2 minutes"},"schema":{"@context":"https:\/\/schema.org","@graph":[{"@type":"WebPage","@id":"https:\/\/www.annonces-legales.org\/blog\/greffe\/greffe-du-tribunal-de-commerce-de-foix\/","url":"https:\/\/www.annonces-legales.org\/blog\/greffe\/greffe-du-tribunal-de-commerce-de-foix\/","name":"Greffe du tribunal de commerce de Foix - Actualit\u00e9 des entreprises","isPartOf":{"@id":"https:\/\/www.annonces-legales.org\/blog\/#website"},"datePublished":"2022-01-22T19:39:35+00:00","dateModified":"2022-01-25T12:36:23+00:00","breadcrumb":{"@id":"https:\/\/www.annonces-legales.org\/blog\/greffe\/greffe-du-tribunal-de-commerce-de-foix\/#breadcrumb"},"inLanguage":"fr-FR","potentialAction":[{"@type":"ReadAction","target":["https:\/\/www.annonces-legales.org\/blog\/greffe\/greffe-du-tribunal-de-commerce-de-foix\/"]}]},{"@type":"BreadcrumbList","@id":"https:\/\/www.annonces-legales.org\/blog\/greffe\/greffe-du-tribunal-de-commerce-de-foix\/#breadcrumb","itemListElement":[{"@type":"ListItem","position":1,"name":"Accueil","item":"https:\/\/www.annonces-legales.org\/blog\/"},{"@type":"ListItem","position":2,"name":"Liste des Greffes des tribunaux de commerce","item":"https:\/\/www.annonces-legales.org\/blog\/greffe\/"},{"@type":"ListItem","position":3,"name":"Greffe du tribunal de commerce de Foix"}]},{"@type":"WebSite","@id":"https:\/\/www.annonces-legales.org\/blog\/#website","url":"https:\/\/www.annonces-legales.org\/blog\/","name":"Actualit\u00e9 des entreprises","description":"","publisher":{"@id":"https:\/\/www.annonces-legales.org\/blog\/#organization"},"potentialAction":[{"@type":"SearchAction","target":{"@type":"EntryPoint","urlTemplate":"https:\/\/www.annonces-legales.org\/blog\/?s={search_term_string}"},"query-input":{"@type":"PropertyValueSpecification","valueRequired":true,"valueName":"search_term_string"}}],"inLanguage":"fr-FR"},{"@type":"Organization","@id":"https:\/\/www.annonces-legales.org\/blog\/#organization","name":"Actualit\u00e9 des entreprises","url":"https:\/\/www.annonces-legales.org\/blog\/","logo":{"@type":"ImageObject","inLanguage":"fr-FR","@id":"https:\/\/www.annonces-legales.org\/blog\/#\/schema\/logo\/image\/","url":"https:\/\/www.annonces-legales.org\/blog\/wp-content\/uploads\/2023\/08\/annonces-legales.svg","contentUrl":"https:\/\/www.annonces-legales.org\/blog\/wp-content\/uploads\/2023\/08\/annonces-legales.svg","caption":"Actualit\u00e9 des entreprises"},"image":{"@id":"https:\/\/www.annonces-legales.org\/blog\/#\/schema\/logo\/image\/"}}]}},"_links":{"self":[{"href":"https:\/\/www.annonces-legales.org\/blog\/wp-json\/wp\/v2\/pages\/1922","targetHints":{"allow":["GET"]}}],"collection":[{"href":"https:\/\/www.annonces-legales.org\/blog\/wp-json\/wp\/v2\/pages"}],"about":[{"href":"https:\/\/www.annonces-legales.org\/blog\/wp-json\/wp\/v2\/types\/page"}],"author":[{"embeddable":true,"href":"https:\/\/www.annonces-legales.org\/blog\/wp-json\/wp\/v2\/users\/1"}],"replies":[{"embeddable":true,"href":"https:\/\/www.annonces-legales.org\/blog\/wp-json\/wp\/v2\/comments?post=1922"}],"version-history":[{"count":3,"href":"https:\/\/www.annonces-legales.org\/blog\/wp-json\/wp\/v2\/pages\/1922\/revisions"}],"predecessor-version":[{"id":2346,"href":"https:\/\/www.annonces-legales.org\/blog\/wp-json\/wp\/v2\/pages\/1922\/revisions\/2346"}],"up":[{"embeddable":true,"href":"https:\/\/www.annonces-legales.org\/blog\/wp-json\/wp\/v2\/pages\/1759"}],"wp:attachment":[{"href":"https:\/\/www.annonces-legales.org\/blog\/wp-json\/wp\/v2\/media?parent=1922"}],"curies":[{"name":"wp","href":"https:\/\/api.w.org\/{rel}","templated":true}]}}