{"id":1942,"date":"2022-01-22T20:43:51","date_gmt":"2022-01-22T19:43:51","guid":{"rendered":"https:\/\/www.annonces-legales.org\/blog\/?page_id=1942"},"modified":"2022-01-26T13:35:42","modified_gmt":"2022-01-26T12:35:42","slug":"greffe-du-tribunal-de-commerce-de-le-havre","status":"publish","type":"page","link":"https:\/\/www.annonces-legales.org\/blog\/greffe\/greffe-du-tribunal-de-commerce-de-le-havre\/","title":{"rendered":"Greffe du tribunal de commerce de Le Havre"},"content":{"rendered":"<p>Comment se rendre au greffe du tribunal de commerce du Havre ? Comment contacter ce greffe ?<\/p>\n<p>Les cr\u00e9ateurs d&rsquo;entreprises ou les porteurs de projets de Seine Maritime doivent s&rsquo;immatriculer aupr\u00e8s d&rsquo;un greffe du d\u00e9partement.<\/p>\n<p>Il existe 3 greffes en Seine Maritime, le <a href=\"https:\/\/www.annonces-legales.org\/blog\/greffe\/greffe-du-tribunal-de-commerce-de-rouen\/\">greffe de Rouen<\/a>, le <a href=\"https:\/\/www.annonces-legales.org\/blog\/greffe\/greffe-du-tribunal-de-commerce-de-dieppe\/\">greffe de Dieppe<\/a> et le greffe du Havre. Pour savoir de quel greffe vous d\u00e9pendez, il faut prendre le plus pr\u00e8s de votre adresse de domiciliation. En cas de doute, n&rsquo;h\u00e9sitez pas \u00e0 contacter l\u2019Urssaf.<\/p>\n<h2>Coordonn\u00e9es du greffe du Havre<\/h2>\n<p>Adresse postale: <strong>16, Rue Du Colonel Fabien 76600 LE HAVRE <\/strong><\/p>\n<p>CEDEX <div class=\"leaflet-map WPLeafletMap\" style=\"height:250px; width:100%;\"><\/div><script>\nwindow.WPLeafletMapPlugin = window.WPLeafletMapPlugin || [];\nwindow.WPLeafletMapPlugin.push(function WPLeafletMapShortcode() {\/*<script>*\/\nvar baseUrl = atob('aHR0cHM6Ly97c30udGlsZS5vcGVuc3RyZWV0bWFwLm9yZy97en0ve3h9L3t5fS5wbmc=');\nvar base = (!baseUrl && window.MQ) ?\n    window.MQ.mapLayer() : L.tileLayer(baseUrl,\n        L.Util.extend({}, {\n            detectRetina: 0,\n        },\n        {\"subdomains\":\"abc\",\"noWrap\":false,\"maxZoom\":20}        )\n    );\n    var options = L.Util.extend({}, {\n        layers: [base],\n        attributionControl: false\n    },\n    {\"zoomControl\":true,\"scrollWheelZoom\":false,\"doubleClickZoom\":false,\"fitBounds\":false,\"minZoom\":0,\"maxZoom\":20,\"maxBounds\":null,\"attribution\":\"\"},\n    {});\nwindow.WPLeafletMapPlugin.createMap(options).setView([49.4913665,0.1200758],17);});<\/script> <script>\nwindow.WPLeafletMapPlugin = window.WPLeafletMapPlugin || [];\nwindow.WPLeafletMapPlugin.push(function WPLeafletMarkerShortcode() {\/*<script>*\/\nvar map = window.WPLeafletMapPlugin.getCurrentMap();\nvar group = window.WPLeafletMapPlugin.getCurrentGroup();\nvar marker_options = window.WPLeafletMapPlugin.getIconOptions({});\nvar marker = L.marker(\n    [0,0],\n    marker_options\n);\nvar is_image = map.is_image_map;\n    marker.setLatLng( map.getCenter() );\nif (marker_options.draggable) {\n    marker.on('dragend', function () {\n        var latlng = this.getLatLng();\n        var lat = latlng.lat;\n        var lng = latlng.lng;\n        if (is_image) {\n            console.log('leaflet-marker y=' + lat + ' x=' + lng);\n        } else {\n            console.log('leaflet-marker lat=' + lat + ' lng=' + lng);\n        }\n    });\n}\nmarker.addTo( group );\nmarker.bindPopup(window.WPLeafletMapPlugin.unescape(' Greffe du tribunal de commerce de Le Havre ')).openPopup();window.WPLeafletMapPlugin.markers.push( marker );\n        });<\/script><\/p>\n<p>Ligne t\u00e9l\u00e9phonique : <strong>02 35 42 15 50 <\/strong><\/p>\n<p>Site : <em>www.greffe-tc-lehavre.fr<\/em><\/p>\n<p>&nbsp;<\/p>\n<h2>Heures d&rsquo;ouverture du greffe du Havre<\/h2>\n<p>Le greffe du tribunal de commerce de Le Havre rencontre le publique du lundi au vendredi de 9h00 \u00e0 12h00 et de 13h30 \u00e0 16h00<\/p>\n<p>&nbsp;<\/p>\n<h2>Le r\u00f4le du greffe du Havre<\/h2>\n<p>Toutes les entreprises de Seine-Maritime situ\u00e9 pr\u00e8s du Havre vont effectuer leurs formalit\u00e9s d&rsquo;immatriculation et bien d&rsquo;autres formalit\u00e9s obligatoires avec le greffe.<\/p>\n<p>Quand un changement est r\u00e9alis\u00e9 dans l&rsquo;entreprise, et apr\u00e8s avoir acheter une annonce l\u00e9gale, il est n\u00e9cessaire de se rendre au greffe avec un formulaire pour rendre officiel le changement. Cela peut \u00eatre une changement au niveau du fonctionnement de la soci\u00e9t\u00e9. Mais cela peut \u00eatre pour changer le nom des personnes importantes dans l&rsquo;entreprise (g\u00e9rant ou CAC).<\/p>\n<p>Le greffe a aussi une vocation de conseils envers les soci\u00e9t\u00e9s. Il est possible de les contacter par mail ou par t\u00e9l\u00e9phone pour poser vos questions.<\/p>\n<p>&nbsp;<\/p>\n<p>Quelles structures juridiques d&rsquo;entreprise ont l&rsquo;obligation de s&rsquo;enregistrer aupr\u00e8s du greffe\u00a0 ?<\/p>\n<p>Une soci\u00e9t\u00e9 qui r\u00e9alise un commerce de biens ou de services doit s&rsquo;immatriculer. L&rsquo;immatriculation se fait g\u00e9n\u00e9ralement au greffe mais cela d\u00e9pend parfois de la forme juridique. Si non, c&rsquo;est la chambre de commerce ou l&rsquo;Urssaf qui va s&rsquo;occuper de cet enregistrement. Dans tous les cas, vous pouvez trouver plus d&rsquo;information sur le site d&rsquo;Infogreffe.<\/p>\n<h2>La proc\u00e9dure d&rsquo;inscription au RCS<\/h2>\n<p>Pour immatriculer une soci\u00e9t\u00e9, il faut en premier lieu compl\u00e9ter le formulaire conforme : le formulaire M0 ou P0.<\/p>\n<p>Mais attention, il existe diff\u00e9rents formulaires M0 et P0. Il est bien indiqu\u00e9 en haut de ces formulaires, quelle forme juridique est concern\u00e9e.<br \/>\nIl faut \u00e9galement apporter tous les papiers demand\u00e9s sur le formulaire. Les documents varient mais on retrouve g\u00e9n\u00e9ralement les m\u00eame: copie d&rsquo;une carte d&rsquo;identit\u00e9, attestation de parution de l&rsquo;annonce l\u00e9gale, copie des status&#8230;\u00a0 Quand vous avez fait cela, le dossier peut \u00eatre d\u00e9livr\u00e9 au au greffe du tribunal de commerce ou directement sur Internet via le site officiel des greffes.<\/p>\n<p>Le greffe va contr\u00f4ler la r\u00e9gularit\u00e9 du dossier. Si celui-ci est approuv\u00e9, il va adresser sans tarder au cr\u00e9ateur d&rsquo;entreprise son num\u00e9ro de SIREN (sous trois semaines)\u00a0 et SIRET ainsi qu&rsquo;un exemplaire du Kbis de l&rsquo;entreprise. Le num\u00e9ro de RCS de l&rsquo;entreprise sera alors RCS LE HAVRE + le num\u00e9ro de SIRET.<\/p>\n<p>Si des justificatifs sont manquants ou si les pi\u00e8ces justificatives ne sont pas corrects, le RCS va refuser l&rsquo;enregistrement et va demander au dirigeant de mettre \u00e0 jour le dossier tr\u00e8s rapidement.<\/p>\n<p>L&rsquo;extrait d&rsquo;inscription au registre qui sera fourni \u00e0 l&rsquo;entreprise va lui permettre de pouvoir r\u00e9aliser les formalit\u00e9s exig\u00e9es aupr\u00e8s des autres entit\u00e9s ou aupr\u00e8s de ses clients.<\/p>\n","protected":false},"excerpt":{"rendered":"<p>Comment se rendre au greffe du tribunal de commerce du Havre ? Comment contacter ce greffe ? Les cr\u00e9ateurs d&rsquo;entreprises [&hellip;]<\/p>\n","protected":false},"author":1,"featured_media":0,"parent":1759,"menu_order":0,"comment_status":"closed","ping_status":"closed","template":"","meta":{"inline_featured_image":false,"footnotes":""},"class_list":["post-1942","page","type-page","status-publish","hentry"],"yoast_head":"<!-- This site is optimized with the Yoast SEO plugin v26.8 - https:\/\/yoast.com\/product\/yoast-seo-wordpress\/ -->\n<title>Greffe du tribunal de commerce de Le Havre - Actualit\u00e9 des entreprises<\/title>\n<meta name=\"robots\" content=\"index, follow, max-snippet:-1, max-image-preview:large, max-video-preview:-1\" \/>\n<link rel=\"canonical\" href=\"https:\/\/www.annonces-legales.org\/blog\/greffe\/greffe-du-tribunal-de-commerce-de-le-havre\/\" \/>\n<meta property=\"og:locale\" content=\"fr_FR\" \/>\n<meta property=\"og:type\" content=\"article\" \/>\n<meta property=\"og:title\" content=\"Greffe du tribunal de commerce de Le Havre - Actualit\u00e9 des entreprises\" \/>\n<meta property=\"og:description\" content=\"Comment se rendre au greffe du tribunal de commerce du Havre ? Comment contacter ce greffe ? Les cr\u00e9ateurs d&rsquo;entreprises [&hellip;]\" \/>\n<meta property=\"og:url\" content=\"https:\/\/www.annonces-legales.org\/blog\/greffe\/greffe-du-tribunal-de-commerce-de-le-havre\/\" \/>\n<meta property=\"og:site_name\" content=\"Actualit\u00e9 des entreprises\" \/>\n<meta property=\"article:modified_time\" content=\"2022-01-26T12:35:42+00:00\" \/>\n<meta name=\"twitter:card\" content=\"summary_large_image\" \/>\n<meta name=\"twitter:label1\" content=\"Dur\u00e9e de lecture estim\u00e9e\" \/>\n\t<meta name=\"twitter:data1\" content=\"3 minutes\" \/>\n<script type=\"application\/ld+json\" class=\"yoast-schema-graph\">{\"@context\":\"https:\/\/schema.org\",\"@graph\":[{\"@type\":\"WebPage\",\"@id\":\"https:\/\/www.annonces-legales.org\/blog\/greffe\/greffe-du-tribunal-de-commerce-de-le-havre\/\",\"url\":\"https:\/\/www.annonces-legales.org\/blog\/greffe\/greffe-du-tribunal-de-commerce-de-le-havre\/\",\"name\":\"Greffe du tribunal de commerce de Le Havre - Actualit\u00e9 des entreprises\",\"isPartOf\":{\"@id\":\"https:\/\/www.annonces-legales.org\/blog\/#website\"},\"datePublished\":\"2022-01-22T19:43:51+00:00\",\"dateModified\":\"2022-01-26T12:35:42+00:00\",\"breadcrumb\":{\"@id\":\"https:\/\/www.annonces-legales.org\/blog\/greffe\/greffe-du-tribunal-de-commerce-de-le-havre\/#breadcrumb\"},\"inLanguage\":\"fr-FR\",\"potentialAction\":[{\"@type\":\"ReadAction\",\"target\":[\"https:\/\/www.annonces-legales.org\/blog\/greffe\/greffe-du-tribunal-de-commerce-de-le-havre\/\"]}]},{\"@type\":\"BreadcrumbList\",\"@id\":\"https:\/\/www.annonces-legales.org\/blog\/greffe\/greffe-du-tribunal-de-commerce-de-le-havre\/#breadcrumb\",\"itemListElement\":[{\"@type\":\"ListItem\",\"position\":1,\"name\":\"Accueil\",\"item\":\"https:\/\/www.annonces-legales.org\/blog\/\"},{\"@type\":\"ListItem\",\"position\":2,\"name\":\"Liste des Greffes des tribunaux de commerce\",\"item\":\"https:\/\/www.annonces-legales.org\/blog\/greffe\/\"},{\"@type\":\"ListItem\",\"position\":3,\"name\":\"Greffe du tribunal de commerce de Le Havre\"}]},{\"@type\":\"WebSite\",\"@id\":\"https:\/\/www.annonces-legales.org\/blog\/#website\",\"url\":\"https:\/\/www.annonces-legales.org\/blog\/\",\"name\":\"Actualit\u00e9 des entreprises\",\"description\":\"\",\"publisher\":{\"@id\":\"https:\/\/www.annonces-legales.org\/blog\/#organization\"},\"potentialAction\":[{\"@type\":\"SearchAction\",\"target\":{\"@type\":\"EntryPoint\",\"urlTemplate\":\"https:\/\/www.annonces-legales.org\/blog\/?s={search_term_string}\"},\"query-input\":{\"@type\":\"PropertyValueSpecification\",\"valueRequired\":true,\"valueName\":\"search_term_string\"}}],\"inLanguage\":\"fr-FR\"},{\"@type\":\"Organization\",\"@id\":\"https:\/\/www.annonces-legales.org\/blog\/#organization\",\"name\":\"Actualit\u00e9 des entreprises\",\"url\":\"https:\/\/www.annonces-legales.org\/blog\/\",\"logo\":{\"@type\":\"ImageObject\",\"inLanguage\":\"fr-FR\",\"@id\":\"https:\/\/www.annonces-legales.org\/blog\/#\/schema\/logo\/image\/\",\"url\":\"https:\/\/www.annonces-legales.org\/blog\/wp-content\/uploads\/2023\/08\/annonces-legales.svg\",\"contentUrl\":\"https:\/\/www.annonces-legales.org\/blog\/wp-content\/uploads\/2023\/08\/annonces-legales.svg\",\"caption\":\"Actualit\u00e9 des entreprises\"},\"image\":{\"@id\":\"https:\/\/www.annonces-legales.org\/blog\/#\/schema\/logo\/image\/\"}}]}<\/script>\n<!-- \/ Yoast SEO plugin. -->","yoast_head_json":{"title":"Greffe du tribunal de commerce de Le Havre - Actualit\u00e9 des entreprises","robots":{"index":"index","follow":"follow","max-snippet":"max-snippet:-1","max-image-preview":"max-image-preview:large","max-video-preview":"max-video-preview:-1"},"canonical":"https:\/\/www.annonces-legales.org\/blog\/greffe\/greffe-du-tribunal-de-commerce-de-le-havre\/","og_locale":"fr_FR","og_type":"article","og_title":"Greffe du tribunal de commerce de Le Havre - Actualit\u00e9 des entreprises","og_description":"Comment se rendre au greffe du tribunal de commerce du Havre ? Comment contacter ce greffe ? Les cr\u00e9ateurs d&rsquo;entreprises [&hellip;]","og_url":"https:\/\/www.annonces-legales.org\/blog\/greffe\/greffe-du-tribunal-de-commerce-de-le-havre\/","og_site_name":"Actualit\u00e9 des entreprises","article_modified_time":"2022-01-26T12:35:42+00:00","twitter_card":"summary_large_image","twitter_misc":{"Dur\u00e9e de lecture estim\u00e9e":"3 minutes"},"schema":{"@context":"https:\/\/schema.org","@graph":[{"@type":"WebPage","@id":"https:\/\/www.annonces-legales.org\/blog\/greffe\/greffe-du-tribunal-de-commerce-de-le-havre\/","url":"https:\/\/www.annonces-legales.org\/blog\/greffe\/greffe-du-tribunal-de-commerce-de-le-havre\/","name":"Greffe du tribunal de commerce de Le Havre - Actualit\u00e9 des entreprises","isPartOf":{"@id":"https:\/\/www.annonces-legales.org\/blog\/#website"},"datePublished":"2022-01-22T19:43:51+00:00","dateModified":"2022-01-26T12:35:42+00:00","breadcrumb":{"@id":"https:\/\/www.annonces-legales.org\/blog\/greffe\/greffe-du-tribunal-de-commerce-de-le-havre\/#breadcrumb"},"inLanguage":"fr-FR","potentialAction":[{"@type":"ReadAction","target":["https:\/\/www.annonces-legales.org\/blog\/greffe\/greffe-du-tribunal-de-commerce-de-le-havre\/"]}]},{"@type":"BreadcrumbList","@id":"https:\/\/www.annonces-legales.org\/blog\/greffe\/greffe-du-tribunal-de-commerce-de-le-havre\/#breadcrumb","itemListElement":[{"@type":"ListItem","position":1,"name":"Accueil","item":"https:\/\/www.annonces-legales.org\/blog\/"},{"@type":"ListItem","position":2,"name":"Liste des Greffes des tribunaux de commerce","item":"https:\/\/www.annonces-legales.org\/blog\/greffe\/"},{"@type":"ListItem","position":3,"name":"Greffe du tribunal de commerce de Le Havre"}]},{"@type":"WebSite","@id":"https:\/\/www.annonces-legales.org\/blog\/#website","url":"https:\/\/www.annonces-legales.org\/blog\/","name":"Actualit\u00e9 des entreprises","description":"","publisher":{"@id":"https:\/\/www.annonces-legales.org\/blog\/#organization"},"potentialAction":[{"@type":"SearchAction","target":{"@type":"EntryPoint","urlTemplate":"https:\/\/www.annonces-legales.org\/blog\/?s={search_term_string}"},"query-input":{"@type":"PropertyValueSpecification","valueRequired":true,"valueName":"search_term_string"}}],"inLanguage":"fr-FR"},{"@type":"Organization","@id":"https:\/\/www.annonces-legales.org\/blog\/#organization","name":"Actualit\u00e9 des entreprises","url":"https:\/\/www.annonces-legales.org\/blog\/","logo":{"@type":"ImageObject","inLanguage":"fr-FR","@id":"https:\/\/www.annonces-legales.org\/blog\/#\/schema\/logo\/image\/","url":"https:\/\/www.annonces-legales.org\/blog\/wp-content\/uploads\/2023\/08\/annonces-legales.svg","contentUrl":"https:\/\/www.annonces-legales.org\/blog\/wp-content\/uploads\/2023\/08\/annonces-legales.svg","caption":"Actualit\u00e9 des entreprises"},"image":{"@id":"https:\/\/www.annonces-legales.org\/blog\/#\/schema\/logo\/image\/"}}]}},"_links":{"self":[{"href":"https:\/\/www.annonces-legales.org\/blog\/wp-json\/wp\/v2\/pages\/1942","targetHints":{"allow":["GET"]}}],"collection":[{"href":"https:\/\/www.annonces-legales.org\/blog\/wp-json\/wp\/v2\/pages"}],"about":[{"href":"https:\/\/www.annonces-legales.org\/blog\/wp-json\/wp\/v2\/types\/page"}],"author":[{"embeddable":true,"href":"https:\/\/www.annonces-legales.org\/blog\/wp-json\/wp\/v2\/users\/1"}],"replies":[{"embeddable":true,"href":"https:\/\/www.annonces-legales.org\/blog\/wp-json\/wp\/v2\/comments?post=1942"}],"version-history":[{"count":3,"href":"https:\/\/www.annonces-legales.org\/blog\/wp-json\/wp\/v2\/pages\/1942\/revisions"}],"predecessor-version":[{"id":2377,"href":"https:\/\/www.annonces-legales.org\/blog\/wp-json\/wp\/v2\/pages\/1942\/revisions\/2377"}],"up":[{"embeddable":true,"href":"https:\/\/www.annonces-legales.org\/blog\/wp-json\/wp\/v2\/pages\/1759"}],"wp:attachment":[{"href":"https:\/\/www.annonces-legales.org\/blog\/wp-json\/wp\/v2\/media?parent=1942"}],"curies":[{"name":"wp","href":"https:\/\/api.w.org\/{rel}","templated":true}]}}