{"id":1948,"date":"2022-01-22T20:45:18","date_gmt":"2022-01-22T19:45:18","guid":{"rendered":"https:\/\/www.annonces-legales.org\/blog\/?page_id=1948"},"modified":"2022-01-26T15:35:57","modified_gmt":"2022-01-26T14:35:57","slug":"greffe-du-tribunal-de-commerce-de-libourne","status":"publish","type":"page","link":"https:\/\/www.annonces-legales.org\/blog\/greffe\/greffe-du-tribunal-de-commerce-de-libourne\/","title":{"rendered":"Greffe du tribunal de commerce de Libourne"},"content":{"rendered":"<p>Toute entreprise qui d\u00e9pend du greffe de Libourne doit conna\u00eetre les moyens pour le contacter.<br \/>\nEn effet, le <strong>greffe du tribunal de commerce de Libourne<\/strong> est un acteur majeur dans la cr\u00e9ation et dans la gestion des entreprises.<\/p>\n<p>Veuillez trouvez plus bas la totalit\u00e9 des donn\u00e9es relatif au greffe de Libourne.<\/p>\n<h2><\/h2>\n<h2>Coordonn\u00e9es du greffe de Libourne<\/h2>\n<p>Afin de joindre le greffe de Libourne, plusieurs choix s&rsquo;offre \u00e0 vous: le t\u00e9l\u00e9phone, la visite ou internet.<\/p>\n<p>Adresse postale: <strong>36, Rue Victor Hugo 33504 LIBOURNE CEDEX<\/strong><\/p>\n<p><div class=\"leaflet-map WPLeafletMap\" style=\"height:250px; width:100%;\"><\/div><script>\nwindow.WPLeafletMapPlugin = window.WPLeafletMapPlugin || [];\nwindow.WPLeafletMapPlugin.push(function WPLeafletMapShortcode() {\/*<script>*\/\nvar baseUrl = atob('aHR0cHM6Ly97c30udGlsZS5vcGVuc3RyZWV0bWFwLm9yZy97en0ve3h9L3t5fS5wbmc=');\nvar base = (!baseUrl && window.MQ) ?\n    window.MQ.mapLayer() : L.tileLayer(baseUrl,\n        L.Util.extend({}, {\n            detectRetina: 0,\n        },\n        {\"subdomains\":\"abc\",\"noWrap\":false,\"maxZoom\":20}        )\n    );\n    var options = L.Util.extend({}, {\n        layers: [base],\n        attributionControl: false\n    },\n    {\"zoomControl\":true,\"scrollWheelZoom\":false,\"doubleClickZoom\":false,\"fitBounds\":false,\"minZoom\":0,\"maxZoom\":20,\"maxBounds\":null,\"attribution\":\"\"},\n    {});\nwindow.WPLeafletMapPlugin.createMap(options).setView([44.915655,-0.246168],17);});<\/script> <script>\nwindow.WPLeafletMapPlugin = window.WPLeafletMapPlugin || [];\nwindow.WPLeafletMapPlugin.push(function WPLeafletMarkerShortcode() {\/*<script>*\/\nvar map = window.WPLeafletMapPlugin.getCurrentMap();\nvar group = window.WPLeafletMapPlugin.getCurrentGroup();\nvar marker_options = window.WPLeafletMapPlugin.getIconOptions({});\nvar marker = L.marker(\n    [0,0],\n    marker_options\n);\nvar is_image = map.is_image_map;\n    marker.setLatLng( map.getCenter() );\nif (marker_options.draggable) {\n    marker.on('dragend', function () {\n        var latlng = this.getLatLng();\n        var lat = latlng.lat;\n        var lng = latlng.lng;\n        if (is_image) {\n            console.log('leaflet-marker y=' + lat + ' x=' + lng);\n        } else {\n            console.log('leaflet-marker lat=' + lat + ' lng=' + lng);\n        }\n    });\n}\nmarker.addTo( group );\nmarker.bindPopup(window.WPLeafletMapPlugin.unescape(' Greffe du tribunal de commerce de Libourne ')).openPopup();window.WPLeafletMapPlugin.markers.push( marker );\n        });<\/script><\/p>\n<p>T\u00e9l\u00e9phone : <strong>05 57 25 58 05<\/strong><\/p>\n<p>Url : <em>www.greffe-tc-libourne.fr<\/em><\/p>\n<p>&nbsp;<\/p>\n<h2>A quelle heure se rendre au greffe du tribunal de Libourne ?<\/h2>\n<p>Il est envisageable d&rsquo;aller au greffe chaque jour de la semaine du Lundi au Jeudi, de 8h30 \u00e0 12h et de 13h30 a 17h. Le Vendredi les horaires sont de 8h30 \u00e0 12h et de 13h30 \u00e0 16h.<\/p>\n<p>&nbsp;<\/p>\n<h2>Les missions du greffe de Libourne<\/h2>\n<p>Le greffe de Libourne est un acteur in\u00e9vitable pour l&rsquo;ensemble des structures du d\u00e9partement de Gironde. Mais ce n&rsquo;est pas le seul greffe dans le d\u00e9partement. Il y a \u00e9galement le <a href=\"https:\/\/www.annonces-legales.org\/blog\/greffe\/greffe-du-tribunal-de-commerce-de-bordeaux\/\">greffe du tribunal de commerce de Bordeaux<\/a>.<\/p>\n<p>Si vous \u00eates d\u00e9j\u00e0 immatricul\u00e9, vous trouverez dans votre num\u00e9ro de RCS, le greffe comp\u00e9tent pour prendre en charge vos formalit\u00e9s. Ce sera soit RCS Libourne ou RCS Bordeaux. Au cas o\u00f9 vous n&rsquo;\u00eates pas encore immatricul\u00e9, il faut donner un dossier au greffe le plus proche.<\/p>\n<p>L&rsquo;immatriculation d&rsquo;une entreprise n&rsquo;est pas l&rsquo;unique service administr\u00e9 par le greffe du tribunal de commerce. Tout changement l\u00e9gal au niveau de l&rsquo;identit\u00e9 de l&rsquo;entreprise entraine des formalit\u00e9s au greffe.<\/p>\n<p>Le greffe est aussi \u00e0 l&rsquo;\u00e9coute des entrepreneurs et des chefs d&rsquo;entreprise pour les aiguiller sur les formalit\u00e9s ou pour leurs donner des conseils si l&rsquo;entreprise est en difficult\u00e9 financi\u00e8re.<\/p>\n<p>Le greffe est aussi un assistant du juge du tribunal de commerce. Il r\u00e9dige les compte rendu d&rsquo;audience et participe \u00e0 l\u2019organisation du tribunal.<\/p>\n<p>&nbsp;<\/p>\n<h2>A quel moment demander un num\u00e9ro d&rsquo;inscription pour son entreprise Girondine ?<\/h2>\n<p>Le cr\u00e9ateur d&rsquo;entreprise, apr\u00e8s avoir r\u00e9aliser son business plan et trouv\u00e9 les fonds doit tout d&rsquo;abord les d\u00e9poser sur un compte au nom de la soci\u00e9t\u00e9. Il doit aussi s&rsquo;occuper des statuts et effectuer la publication d&rsquo;un <a href=\"https:\/\/www.annonces-legales.org\/blog\/avis-de-constitution\/\">avis de constitution<\/a>.<\/p>\n<p>Ensuite il faut rendre le dossier d&rsquo;immatriculation au greffe. Ce dossier d&rsquo;immatriculation doit \u00eatre exhaustif et doit comprendre l&rsquo;ensemble des pi\u00e8ces justificatives exig\u00e9es. Si le dossier n&rsquo;est pas entier ou comprend une erreur, la demande d&rsquo;immatriculation sera rejet\u00e9e par le greffe.<\/p>\n","protected":false},"excerpt":{"rendered":"<p>Toute entreprise qui d\u00e9pend du greffe de Libourne doit conna\u00eetre les moyens pour le contacter. En effet, le greffe du [&hellip;]<\/p>\n","protected":false},"author":1,"featured_media":0,"parent":1759,"menu_order":0,"comment_status":"closed","ping_status":"closed","template":"","meta":{"inline_featured_image":false,"footnotes":""},"class_list":["post-1948","page","type-page","status-publish","hentry"],"yoast_head":"<!-- This site is optimized with the Yoast SEO plugin v26.8 - https:\/\/yoast.com\/product\/yoast-seo-wordpress\/ -->\n<title>Greffe du tribunal de commerce de Libourne - Actualit\u00e9 des entreprises<\/title>\n<meta name=\"robots\" content=\"index, follow, max-snippet:-1, max-image-preview:large, max-video-preview:-1\" \/>\n<link rel=\"canonical\" href=\"https:\/\/www.annonces-legales.org\/blog\/greffe\/greffe-du-tribunal-de-commerce-de-libourne\/\" \/>\n<meta property=\"og:locale\" content=\"fr_FR\" \/>\n<meta property=\"og:type\" content=\"article\" \/>\n<meta property=\"og:title\" content=\"Greffe du tribunal de commerce de Libourne - Actualit\u00e9 des entreprises\" \/>\n<meta property=\"og:description\" content=\"Toute entreprise qui d\u00e9pend du greffe de Libourne doit conna\u00eetre les moyens pour le contacter. En effet, le greffe du [&hellip;]\" \/>\n<meta property=\"og:url\" content=\"https:\/\/www.annonces-legales.org\/blog\/greffe\/greffe-du-tribunal-de-commerce-de-libourne\/\" \/>\n<meta property=\"og:site_name\" content=\"Actualit\u00e9 des entreprises\" \/>\n<meta property=\"article:modified_time\" content=\"2022-01-26T14:35:57+00:00\" \/>\n<meta name=\"twitter:card\" content=\"summary_large_image\" \/>\n<meta name=\"twitter:label1\" content=\"Dur\u00e9e de lecture estim\u00e9e\" \/>\n\t<meta name=\"twitter:data1\" content=\"2 minutes\" \/>\n<script type=\"application\/ld+json\" class=\"yoast-schema-graph\">{\"@context\":\"https:\/\/schema.org\",\"@graph\":[{\"@type\":\"WebPage\",\"@id\":\"https:\/\/www.annonces-legales.org\/blog\/greffe\/greffe-du-tribunal-de-commerce-de-libourne\/\",\"url\":\"https:\/\/www.annonces-legales.org\/blog\/greffe\/greffe-du-tribunal-de-commerce-de-libourne\/\",\"name\":\"Greffe du tribunal de commerce de Libourne - Actualit\u00e9 des entreprises\",\"isPartOf\":{\"@id\":\"https:\/\/www.annonces-legales.org\/blog\/#website\"},\"datePublished\":\"2022-01-22T19:45:18+00:00\",\"dateModified\":\"2022-01-26T14:35:57+00:00\",\"breadcrumb\":{\"@id\":\"https:\/\/www.annonces-legales.org\/blog\/greffe\/greffe-du-tribunal-de-commerce-de-libourne\/#breadcrumb\"},\"inLanguage\":\"fr-FR\",\"potentialAction\":[{\"@type\":\"ReadAction\",\"target\":[\"https:\/\/www.annonces-legales.org\/blog\/greffe\/greffe-du-tribunal-de-commerce-de-libourne\/\"]}]},{\"@type\":\"BreadcrumbList\",\"@id\":\"https:\/\/www.annonces-legales.org\/blog\/greffe\/greffe-du-tribunal-de-commerce-de-libourne\/#breadcrumb\",\"itemListElement\":[{\"@type\":\"ListItem\",\"position\":1,\"name\":\"Accueil\",\"item\":\"https:\/\/www.annonces-legales.org\/blog\/\"},{\"@type\":\"ListItem\",\"position\":2,\"name\":\"Liste des Greffes des tribunaux de commerce\",\"item\":\"https:\/\/www.annonces-legales.org\/blog\/greffe\/\"},{\"@type\":\"ListItem\",\"position\":3,\"name\":\"Greffe du tribunal de commerce de Libourne\"}]},{\"@type\":\"WebSite\",\"@id\":\"https:\/\/www.annonces-legales.org\/blog\/#website\",\"url\":\"https:\/\/www.annonces-legales.org\/blog\/\",\"name\":\"Actualit\u00e9 des entreprises\",\"description\":\"\",\"publisher\":{\"@id\":\"https:\/\/www.annonces-legales.org\/blog\/#organization\"},\"potentialAction\":[{\"@type\":\"SearchAction\",\"target\":{\"@type\":\"EntryPoint\",\"urlTemplate\":\"https:\/\/www.annonces-legales.org\/blog\/?s={search_term_string}\"},\"query-input\":{\"@type\":\"PropertyValueSpecification\",\"valueRequired\":true,\"valueName\":\"search_term_string\"}}],\"inLanguage\":\"fr-FR\"},{\"@type\":\"Organization\",\"@id\":\"https:\/\/www.annonces-legales.org\/blog\/#organization\",\"name\":\"Actualit\u00e9 des entreprises\",\"url\":\"https:\/\/www.annonces-legales.org\/blog\/\",\"logo\":{\"@type\":\"ImageObject\",\"inLanguage\":\"fr-FR\",\"@id\":\"https:\/\/www.annonces-legales.org\/blog\/#\/schema\/logo\/image\/\",\"url\":\"https:\/\/www.annonces-legales.org\/blog\/wp-content\/uploads\/2023\/08\/annonces-legales.svg\",\"contentUrl\":\"https:\/\/www.annonces-legales.org\/blog\/wp-content\/uploads\/2023\/08\/annonces-legales.svg\",\"caption\":\"Actualit\u00e9 des entreprises\"},\"image\":{\"@id\":\"https:\/\/www.annonces-legales.org\/blog\/#\/schema\/logo\/image\/\"}}]}<\/script>\n<!-- \/ Yoast SEO plugin. -->","yoast_head_json":{"title":"Greffe du tribunal de commerce de Libourne - Actualit\u00e9 des entreprises","robots":{"index":"index","follow":"follow","max-snippet":"max-snippet:-1","max-image-preview":"max-image-preview:large","max-video-preview":"max-video-preview:-1"},"canonical":"https:\/\/www.annonces-legales.org\/blog\/greffe\/greffe-du-tribunal-de-commerce-de-libourne\/","og_locale":"fr_FR","og_type":"article","og_title":"Greffe du tribunal de commerce de Libourne - Actualit\u00e9 des entreprises","og_description":"Toute entreprise qui d\u00e9pend du greffe de Libourne doit conna\u00eetre les moyens pour le contacter. En effet, le greffe du [&hellip;]","og_url":"https:\/\/www.annonces-legales.org\/blog\/greffe\/greffe-du-tribunal-de-commerce-de-libourne\/","og_site_name":"Actualit\u00e9 des entreprises","article_modified_time":"2022-01-26T14:35:57+00:00","twitter_card":"summary_large_image","twitter_misc":{"Dur\u00e9e de lecture estim\u00e9e":"2 minutes"},"schema":{"@context":"https:\/\/schema.org","@graph":[{"@type":"WebPage","@id":"https:\/\/www.annonces-legales.org\/blog\/greffe\/greffe-du-tribunal-de-commerce-de-libourne\/","url":"https:\/\/www.annonces-legales.org\/blog\/greffe\/greffe-du-tribunal-de-commerce-de-libourne\/","name":"Greffe du tribunal de commerce de Libourne - Actualit\u00e9 des entreprises","isPartOf":{"@id":"https:\/\/www.annonces-legales.org\/blog\/#website"},"datePublished":"2022-01-22T19:45:18+00:00","dateModified":"2022-01-26T14:35:57+00:00","breadcrumb":{"@id":"https:\/\/www.annonces-legales.org\/blog\/greffe\/greffe-du-tribunal-de-commerce-de-libourne\/#breadcrumb"},"inLanguage":"fr-FR","potentialAction":[{"@type":"ReadAction","target":["https:\/\/www.annonces-legales.org\/blog\/greffe\/greffe-du-tribunal-de-commerce-de-libourne\/"]}]},{"@type":"BreadcrumbList","@id":"https:\/\/www.annonces-legales.org\/blog\/greffe\/greffe-du-tribunal-de-commerce-de-libourne\/#breadcrumb","itemListElement":[{"@type":"ListItem","position":1,"name":"Accueil","item":"https:\/\/www.annonces-legales.org\/blog\/"},{"@type":"ListItem","position":2,"name":"Liste des Greffes des tribunaux de commerce","item":"https:\/\/www.annonces-legales.org\/blog\/greffe\/"},{"@type":"ListItem","position":3,"name":"Greffe du tribunal de commerce de Libourne"}]},{"@type":"WebSite","@id":"https:\/\/www.annonces-legales.org\/blog\/#website","url":"https:\/\/www.annonces-legales.org\/blog\/","name":"Actualit\u00e9 des entreprises","description":"","publisher":{"@id":"https:\/\/www.annonces-legales.org\/blog\/#organization"},"potentialAction":[{"@type":"SearchAction","target":{"@type":"EntryPoint","urlTemplate":"https:\/\/www.annonces-legales.org\/blog\/?s={search_term_string}"},"query-input":{"@type":"PropertyValueSpecification","valueRequired":true,"valueName":"search_term_string"}}],"inLanguage":"fr-FR"},{"@type":"Organization","@id":"https:\/\/www.annonces-legales.org\/blog\/#organization","name":"Actualit\u00e9 des entreprises","url":"https:\/\/www.annonces-legales.org\/blog\/","logo":{"@type":"ImageObject","inLanguage":"fr-FR","@id":"https:\/\/www.annonces-legales.org\/blog\/#\/schema\/logo\/image\/","url":"https:\/\/www.annonces-legales.org\/blog\/wp-content\/uploads\/2023\/08\/annonces-legales.svg","contentUrl":"https:\/\/www.annonces-legales.org\/blog\/wp-content\/uploads\/2023\/08\/annonces-legales.svg","caption":"Actualit\u00e9 des entreprises"},"image":{"@id":"https:\/\/www.annonces-legales.org\/blog\/#\/schema\/logo\/image\/"}}]}},"_links":{"self":[{"href":"https:\/\/www.annonces-legales.org\/blog\/wp-json\/wp\/v2\/pages\/1948","targetHints":{"allow":["GET"]}}],"collection":[{"href":"https:\/\/www.annonces-legales.org\/blog\/wp-json\/wp\/v2\/pages"}],"about":[{"href":"https:\/\/www.annonces-legales.org\/blog\/wp-json\/wp\/v2\/types\/page"}],"author":[{"embeddable":true,"href":"https:\/\/www.annonces-legales.org\/blog\/wp-json\/wp\/v2\/users\/1"}],"replies":[{"embeddable":true,"href":"https:\/\/www.annonces-legales.org\/blog\/wp-json\/wp\/v2\/comments?post=1948"}],"version-history":[{"count":5,"href":"https:\/\/www.annonces-legales.org\/blog\/wp-json\/wp\/v2\/pages\/1948\/revisions"}],"predecessor-version":[{"id":2386,"href":"https:\/\/www.annonces-legales.org\/blog\/wp-json\/wp\/v2\/pages\/1948\/revisions\/2386"}],"up":[{"embeddable":true,"href":"https:\/\/www.annonces-legales.org\/blog\/wp-json\/wp\/v2\/pages\/1759"}],"wp:attachment":[{"href":"https:\/\/www.annonces-legales.org\/blog\/wp-json\/wp\/v2\/media?parent=1948"}],"curies":[{"name":"wp","href":"https:\/\/api.w.org\/{rel}","templated":true}]}}