{"id":1968,"date":"2022-01-22T20:49:29","date_gmt":"2022-01-22T19:49:29","guid":{"rendered":"https:\/\/www.annonces-legales.org\/blog\/?page_id=1968"},"modified":"2022-02-01T16:38:30","modified_gmt":"2022-02-01T15:38:30","slug":"greffe-du-tribunal-de-commerce-de-marseille","status":"publish","type":"page","link":"https:\/\/www.annonces-legales.org\/blog\/greffe\/greffe-du-tribunal-de-commerce-de-marseille\/","title":{"rendered":"Greffe du tribunal de commerce de Marseille"},"content":{"rendered":"<p><img loading=\"lazy\" decoding=\"async\" class=\"alignleft wp-image-2423\" src=\"https:\/\/www.annonces-legales.org\/blog\/wp-content\/uploads\/2022\/01\/tribunal-150x150.png\" alt=\"\" width=\"75\" height=\"75\" \/>Le <strong>greffe de Marseille<\/strong> est l&rsquo;interlocuteur attitr\u00e9 pour tous les entrepreneurs et les gestionnaires des soci\u00e9t\u00e9s qui sont enregistr\u00e9es autour de la ville de Marseille.<br \/>\nNous allons pr\u00e9senter ici la plupart d\u00e9marches qu&rsquo;il est obligatoire de r\u00e9aliser aupr\u00e8s du greffe du tribunal de commerce. Vous pourrez \u00e9galement consulter la plupart des informations pour joindre le greffe de Marseille mais aussi les prix des principales d\u00e9marches administratives.<\/p>\n<p>&nbsp;<\/p>\n<h2>Contact et adresse du greffe de Marseille<\/h2>\n<p>Vous pouvez joindre le greffe du tribunal de commerce de Marseille en composant le 04 91 54 70 40.<\/p>\n<p><strong>Adresse<\/strong> : 2, Rue Emile Pollak 13291 MARSEILLE CEDEX 06<\/p>\n<p><div class=\"leaflet-map WPLeafletMap\" style=\"height:250px; width:100%;\"><\/div><script>\nwindow.WPLeafletMapPlugin = window.WPLeafletMapPlugin || [];\nwindow.WPLeafletMapPlugin.push(function WPLeafletMapShortcode() {\/*<script>*\/\nvar baseUrl = atob('aHR0cHM6Ly97c30udGlsZS5vcGVuc3RyZWV0bWFwLm9yZy97en0ve3h9L3t5fS5wbmc=');\nvar base = (!baseUrl && window.MQ) ?\n    window.MQ.mapLayer() : L.tileLayer(baseUrl,\n        L.Util.extend({}, {\n            detectRetina: 0,\n        },\n        {\"subdomains\":\"abc\",\"noWrap\":false,\"maxZoom\":20}        )\n    );\n    var options = L.Util.extend({}, {\n        layers: [base],\n        attributionControl: false\n    },\n    {\"zoomControl\":true,\"scrollWheelZoom\":false,\"doubleClickZoom\":false,\"fitBounds\":false,\"minZoom\":0,\"maxZoom\":20,\"maxBounds\":null,\"attribution\":\"\"},\n    {});\nwindow.WPLeafletMapPlugin.createMap(options).setView([43.291342,5.374374],17);});<\/script> <script>\nwindow.WPLeafletMapPlugin = window.WPLeafletMapPlugin || [];\nwindow.WPLeafletMapPlugin.push(function WPLeafletMarkerShortcode() {\/*<script>*\/\nvar map = window.WPLeafletMapPlugin.getCurrentMap();\nvar group = window.WPLeafletMapPlugin.getCurrentGroup();\nvar marker_options = window.WPLeafletMapPlugin.getIconOptions({});\nvar marker = L.marker(\n    [0,0],\n    marker_options\n);\nvar is_image = map.is_image_map;\n    marker.setLatLng( map.getCenter() );\nif (marker_options.draggable) {\n    marker.on('dragend', function () {\n        var latlng = this.getLatLng();\n        var lat = latlng.lat;\n        var lng = latlng.lng;\n        if (is_image) {\n            console.log('leaflet-marker y=' + lat + ' x=' + lng);\n        } else {\n            console.log('leaflet-marker lat=' + lat + ' lng=' + lng);\n        }\n    });\n}\nmarker.addTo( group );\nmarker.bindPopup(window.WPLeafletMapPlugin.unescape(' Greffe du tribunal de commerce de Marseille ')).openPopup();window.WPLeafletMapPlugin.markers.push( marker );\n        });<\/script><\/p>\n<p>&nbsp;<\/p>\n<p>Site internet du greffe du tribunal de commerce de Marseille : www.greffe-tc-marseille.fr<\/p>\n<p>&nbsp;<\/p>\n<h2><\/h2>\n<h2>A quelle heure se rendre au greffe du tribunal de Marseille ?<\/h2>\n<p>Les horaires d&rsquo;ouverture du greffe de Marseille sont les suivants :<br \/>\nDu lundi au Jeudi de 08 h 20 \u00e0 12 h 00 et de 13 h 00 \u00e0 16 h 00. Le vendredi de 08 h 20 \u00e0 12 h 00 et de 13 h 00 \u00e0 15 h 30<\/p>\n<p>&nbsp;<\/p>\n<h2>Quels sont les fonctions assur\u00e9s par le greffe du tribunal de commerce de Marseille ?<\/h2>\n<p>Le greffe du tribunal de commerce a de nombreuses missions particuli\u00e8rement avec les entreprises de Bouches-du-Rh\u00f4ne.<br \/>\nIl va g\u00e9rer les formalit\u00e9s li\u00e9es aux entreprises. Le greffe du tribunal recueille et valide les candidatures pour l&rsquo;immatriculation des soci\u00e9t\u00e9s. Le greffe du tribunal fait les radiations et la liquidation des soci\u00e9t\u00e9s. Il va \u00e9mettre des sanctions aux structures qui n&rsquo;ont pas fait leur formalit\u00e9 obligatoire dans les temps voulues. Il va \u00e9galement s&rsquo;occuper de r\u00e9soudre les litiges entre les entreprises.<\/p>\n<p>Le greffe du tribunal de commerce s&rsquo;occupe \u00e9galement du <strong>centre de formalit\u00e9 des entreprises de Marseille (CFE)<\/strong>. Celui-ci va notamment d\u00e9tenir et diffuser un grand nombre de documents juridiques des soci\u00e9t\u00e9s.<\/p>\n<p>&nbsp;<\/p>\n<h2>Quelles soci\u00e9t\u00e9s Marseillaises doivent s&rsquo;enregistrer avec le greffe du tribunal de commerce ?<\/h2>\n<p>Si une soci\u00e9t\u00e9 doit d\u00e9poser des statuts, elle devra faire un dossier et le soumettre au greffe. Les entreprises li\u00e9s \u00e0 une personne physique (entreprise individuelle ou microentreprise) peuvent faire leur inscription sur le site <em>guichet-entreprises.fr<\/em><\/p>\n<p>&nbsp;<\/p>\n<h2>Comment immatriculer une entreprise avec le RCS de Marseille?<\/h2>\n<p>Avant de contacter le RCS de Marseille, il y a plusieurs d\u00e9marches \u00e0 faire. Car le dossier \u00e0 d\u00e9poser doit comporter certains documents. Il y a notamment les statuts et une attestation de parution d&rsquo;une annonce l\u00e9gale.<br \/>\nL&rsquo;ensemble des pi\u00e8ces \u00e0 apporter d\u00e9pendent de la forme juridique. Vous trouverez le nom de ces documents sur le formulaire appropri\u00e9.<br \/>\nUne fois que les pi\u00e8ces sont r\u00e9unies, il est possible de transmettre le dossier par internet ou de le d\u00e9poser au greffe de Marseille sur son site internet.<br \/>\nAu moment de d\u00e9poser le dossier, on va vous demander de r\u00e9gler des frais d&rsquo;immatriculation.<\/p>\n<p>&nbsp;<\/p>\n<h2>Villes du ressort du tribunal de commerce de Marseille<\/h2>\n<p>&nbsp;<\/p>\n<table class=\"tg table-striped container-fluid\">\n<tbody>\n<tr>\n<th>Code postal<\/th>\n<th>Commune<\/th>\n<\/tr>\n<tr>\n<td>13190<\/td>\n<td>Allauch<\/td>\n<\/tr>\n<tr>\n<td>13400<\/td>\n<td>Aubagne<\/td>\n<\/tr>\n<tr>\n<td>13390<\/td>\n<td>Auriol<\/td>\n<\/tr>\n<tr>\n<td>13720<\/td>\n<td>Belcod\u00e8ne<\/td>\n<\/tr>\n<tr>\n<td>13950<\/td>\n<td>Cadolive<\/td>\n<\/tr>\n<tr>\n<td>13470<\/td>\n<td>Carnoux-en-Provence<\/td>\n<\/tr>\n<tr>\n<td>13260<\/td>\n<td>Cassis<\/td>\n<\/tr>\n<tr>\n<td>13600<\/td>\n<td>Ceyreste<\/td>\n<\/tr>\n<tr>\n<td>13780<\/td>\n<td>Cuges-les-Pins<\/td>\n<\/tr>\n<tr>\n<td>13420<\/td>\n<td>G\u00e9menos<\/td>\n<\/tr>\n<tr>\n<td>13850<\/td>\n<td>Gr\u00e9asque<\/td>\n<\/tr>\n<tr>\n<td>13720<\/td>\n<td>La Bouilladisse<\/td>\n<\/tr>\n<tr>\n<td>13600<\/td>\n<td>La Ciotat<\/td>\n<\/tr>\n<tr>\n<td>13112<\/td>\n<td>La Destrousse<\/td>\n<\/tr>\n<tr>\n<td>13821<\/td>\n<td>La Penne-sur-Huveaune<\/td>\n<\/tr>\n<tr>\n<td>13000<\/td>\n<td>Marseille<\/td>\n<\/tr>\n<tr>\n<td>13010<\/td>\n<td>Marseille 10e<\/td>\n<\/tr>\n<tr>\n<td>13011<\/td>\n<td>Marseille 11e<\/td>\n<\/tr>\n<tr>\n<td>13012<\/td>\n<td>Marseille 12e<\/td>\n<\/tr>\n<tr>\n<td>13013<\/td>\n<td>Marseille 13e<\/td>\n<\/tr>\n<tr>\n<td>13014<\/td>\n<td>Marseille 14e<\/td>\n<\/tr>\n<tr>\n<td>13015<\/td>\n<td>Marseille 15e<\/td>\n<\/tr>\n<tr>\n<td>13016<\/td>\n<td>Marseille 16e<\/td>\n<\/tr>\n<tr>\n<td>13001<\/td>\n<td>Marseille 1er<\/td>\n<\/tr>\n<tr>\n<td>13002<\/td>\n<td>Marseille 2e<\/td>\n<\/tr>\n<tr>\n<td>13003<\/td>\n<td>Marseille 3e<\/td>\n<\/tr>\n<tr>\n<td>13004<\/td>\n<td>Marseille 4e<\/td>\n<\/tr>\n<tr>\n<td>13005<\/td>\n<td>Marseille 5e<\/td>\n<\/tr>\n<tr>\n<td>13006<\/td>\n<td>Marseille 6e<\/td>\n<\/tr>\n<tr>\n<td>13007<\/td>\n<td>Marseille 7e<\/td>\n<\/tr>\n<tr>\n<td>13008<\/td>\n<td>Marseille 8e<\/td>\n<\/tr>\n<tr>\n<td>13009<\/td>\n<td>Marseille 9e<\/td>\n<\/tr>\n<tr>\n<td>13124<\/td>\n<td>Peypin<\/td>\n<\/tr>\n<tr>\n<td>13380<\/td>\n<td>Plan-de-Cuques<\/td>\n<\/tr>\n<tr>\n<td>13830<\/td>\n<td>Roquefort-la-B\u00e9doule<\/td>\n<\/tr>\n<tr>\n<td>13360<\/td>\n<td>Roquevaire<\/td>\n<\/tr>\n<tr>\n<td>13119<\/td>\n<td>Saint-Savournin<\/td>\n<\/tr>\n<\/tbody>\n<\/table>\n<p>&nbsp;<\/p>\n<h2>Les diff\u00e9rents num\u00e9ros pour identifier les soci\u00e9t\u00e9s<\/h2>\n<h3>SIREN<\/h3>\n<p>Le num\u00e9ro SIREN, aussi appel\u00e9 num\u00e9ro unique d&rsquo;identification, est un num\u00e9ro \u00e0 neuf chiffres attribu\u00e9s par le gouvernement. Ce num\u00e9ro permet d&rsquo;identifier une entreprise fran\u00e7aise. C&rsquo;est comme un num\u00e9ro d&rsquo;immatriculation pour une voiture. Toutes les soci\u00e9t\u00e9s vont garder le m\u00eame num\u00e9ro de SIREN jusqu&rsquo;\u00e0 leur fermeture.<\/p>\n<h3><\/h3>\n<h3>SIRET<\/h3>\n<p>Le num\u00e9ro SIRET est compos\u00e9 de 14 chiffres et permet de distinguer les diff\u00e9rents \u00e9tablissements d&rsquo;une entreprise. Il est aussi donn\u00e9 par l&rsquo;INSEE. Ce num\u00e9ro est compos\u00e9 du num\u00e9ro de SIREN auquel on ajoute un code \u00e0 cinq chiffres: le num\u00e9ro interne de classement (NIC).<\/p>\n<h3><\/h3>\n<h3>APE<\/h3>\n<p>APE signifie activit\u00e9 principale exerc\u00e9e. Le code APE est donn\u00e9 par l&rsquo;INSEE et d\u00e9pend de l&rsquo;activit\u00e9 principale que la soci\u00e9t\u00e9 a d\u00e9clar\u00e9e lorsqu&rsquo;elle a r\u00e9alis\u00e9 son immatriculation.<br \/>\nSi une entreprise change son objet social dans ses statuts, elle devra sans doute changer de code APE.<br \/>\nLe code APE \u00e0 diff\u00e9rentes utilit\u00e9s mais permet surtout de conna\u00eetre la convention collective des salari\u00e9s d&rsquo;une entreprise.<\/p>\n<h3>TVA intracommunautaire<\/h3>\n<p>Ce num\u00e9ro n&rsquo;est pas donn\u00e9 par le greffe de Marseille. Il est attribu\u00e9 par le service des imp\u00f4ts des entreprises. Toutes les soci\u00e9t\u00e9s commerciales qui sont assujetties \u00e0 la TVA vont obtenir ce num\u00e9ro. Ce num\u00e9ro va appara\u00eetre dans les d\u00e9clarations d&rsquo;\u00e9changes de biens et de services entre les entreprises de l&rsquo;union europ\u00e9enne.<\/p>\n<p>&nbsp;<\/p>\n<h3>EORI<\/h3>\n<p>Le num\u00e9ro EORI signifie Economic Operator Registration and Identification. Toute entreprise enregistr\u00e9e dans l&rsquo;union europ\u00e9enne et qui importe ou qui exporte des services ou des biens doit avoir un num\u00e9ro de ce type. Ce num\u00e9ro est attribu\u00e9 par les douanes de chaque pays de l&rsquo;union europ\u00e9enne.<\/p>\n<p>&nbsp;<\/p>\n<h3>RM<\/h3>\n<p>Les artisans doivent obligatoirement s&rsquo;inscrire au r\u00e9pertoire des m\u00e9tiers si la soci\u00e9t\u00e9 poss\u00e8de moins de 11 salari\u00e9s. Le num\u00e9ro RM est compos\u00e9 du num\u00e9ro de SIREN ainsi que du num\u00e9ro de la chambre des m\u00e9tiers et de l&rsquo;artisanat. Ce num\u00e9ro commence toujours par RM.<\/p>\n","protected":false},"excerpt":{"rendered":"<p>Le greffe de Marseille est l&rsquo;interlocuteur attitr\u00e9 pour tous les entrepreneurs et les gestionnaires des soci\u00e9t\u00e9s qui sont enregistr\u00e9es autour [&hellip;]<\/p>\n","protected":false},"author":1,"featured_media":0,"parent":1759,"menu_order":0,"comment_status":"closed","ping_status":"closed","template":"","meta":{"inline_featured_image":false,"footnotes":""},"class_list":["post-1968","page","type-page","status-publish","hentry"],"yoast_head":"<!-- This site is optimized with the Yoast SEO plugin v26.8 - https:\/\/yoast.com\/product\/yoast-seo-wordpress\/ -->\n<title>Greffe du tribunal de commerce de Marseille - Actualit\u00e9 des entreprises<\/title>\n<meta name=\"robots\" content=\"index, follow, max-snippet:-1, max-image-preview:large, max-video-preview:-1\" \/>\n<link rel=\"canonical\" href=\"https:\/\/www.annonces-legales.org\/blog\/greffe\/greffe-du-tribunal-de-commerce-de-marseille\/\" \/>\n<meta property=\"og:locale\" content=\"fr_FR\" \/>\n<meta property=\"og:type\" content=\"article\" \/>\n<meta property=\"og:title\" content=\"Greffe du tribunal de commerce de Marseille - Actualit\u00e9 des entreprises\" \/>\n<meta property=\"og:description\" content=\"Le greffe de Marseille est l&rsquo;interlocuteur attitr\u00e9 pour tous les entrepreneurs et les gestionnaires des soci\u00e9t\u00e9s qui sont enregistr\u00e9es autour [&hellip;]\" \/>\n<meta property=\"og:url\" content=\"https:\/\/www.annonces-legales.org\/blog\/greffe\/greffe-du-tribunal-de-commerce-de-marseille\/\" \/>\n<meta property=\"og:site_name\" content=\"Actualit\u00e9 des entreprises\" \/>\n<meta property=\"article:modified_time\" content=\"2022-02-01T15:38:30+00:00\" \/>\n<meta property=\"og:image\" content=\"https:\/\/www.annonces-legales.org\/blog\/wp-content\/uploads\/2022\/01\/tribunal.png\" \/>\n\t<meta property=\"og:image:width\" content=\"640\" \/>\n\t<meta property=\"og:image:height\" content=\"612\" \/>\n\t<meta property=\"og:image:type\" content=\"image\/png\" \/>\n<meta name=\"twitter:card\" content=\"summary_large_image\" \/>\n<meta name=\"twitter:label1\" content=\"Dur\u00e9e de lecture estim\u00e9e\" \/>\n\t<meta name=\"twitter:data1\" content=\"5 minutes\" \/>\n<script type=\"application\/ld+json\" class=\"yoast-schema-graph\">{\"@context\":\"https:\/\/schema.org\",\"@graph\":[{\"@type\":\"WebPage\",\"@id\":\"https:\/\/www.annonces-legales.org\/blog\/greffe\/greffe-du-tribunal-de-commerce-de-marseille\/\",\"url\":\"https:\/\/www.annonces-legales.org\/blog\/greffe\/greffe-du-tribunal-de-commerce-de-marseille\/\",\"name\":\"Greffe du tribunal de commerce de Marseille - Actualit\u00e9 des entreprises\",\"isPartOf\":{\"@id\":\"https:\/\/www.annonces-legales.org\/blog\/#website\"},\"primaryImageOfPage\":{\"@id\":\"https:\/\/www.annonces-legales.org\/blog\/greffe\/greffe-du-tribunal-de-commerce-de-marseille\/#primaryimage\"},\"image\":{\"@id\":\"https:\/\/www.annonces-legales.org\/blog\/greffe\/greffe-du-tribunal-de-commerce-de-marseille\/#primaryimage\"},\"thumbnailUrl\":\"https:\/\/www.annonces-legales.org\/blog\/wp-content\/uploads\/2022\/01\/tribunal-150x150.png\",\"datePublished\":\"2022-01-22T19:49:29+00:00\",\"dateModified\":\"2022-02-01T15:38:30+00:00\",\"breadcrumb\":{\"@id\":\"https:\/\/www.annonces-legales.org\/blog\/greffe\/greffe-du-tribunal-de-commerce-de-marseille\/#breadcrumb\"},\"inLanguage\":\"fr-FR\",\"potentialAction\":[{\"@type\":\"ReadAction\",\"target\":[\"https:\/\/www.annonces-legales.org\/blog\/greffe\/greffe-du-tribunal-de-commerce-de-marseille\/\"]}]},{\"@type\":\"ImageObject\",\"inLanguage\":\"fr-FR\",\"@id\":\"https:\/\/www.annonces-legales.org\/blog\/greffe\/greffe-du-tribunal-de-commerce-de-marseille\/#primaryimage\",\"url\":\"https:\/\/www.annonces-legales.org\/blog\/wp-content\/uploads\/2022\/01\/tribunal.png\",\"contentUrl\":\"https:\/\/www.annonces-legales.org\/blog\/wp-content\/uploads\/2022\/01\/tribunal.png\",\"width\":640,\"height\":612},{\"@type\":\"BreadcrumbList\",\"@id\":\"https:\/\/www.annonces-legales.org\/blog\/greffe\/greffe-du-tribunal-de-commerce-de-marseille\/#breadcrumb\",\"itemListElement\":[{\"@type\":\"ListItem\",\"position\":1,\"name\":\"Accueil\",\"item\":\"https:\/\/www.annonces-legales.org\/blog\/\"},{\"@type\":\"ListItem\",\"position\":2,\"name\":\"Liste des Greffes des tribunaux de commerce\",\"item\":\"https:\/\/www.annonces-legales.org\/blog\/greffe\/\"},{\"@type\":\"ListItem\",\"position\":3,\"name\":\"Greffe du tribunal de commerce de Marseille\"}]},{\"@type\":\"WebSite\",\"@id\":\"https:\/\/www.annonces-legales.org\/blog\/#website\",\"url\":\"https:\/\/www.annonces-legales.org\/blog\/\",\"name\":\"Actualit\u00e9 des entreprises\",\"description\":\"\",\"publisher\":{\"@id\":\"https:\/\/www.annonces-legales.org\/blog\/#organization\"},\"potentialAction\":[{\"@type\":\"SearchAction\",\"target\":{\"@type\":\"EntryPoint\",\"urlTemplate\":\"https:\/\/www.annonces-legales.org\/blog\/?s={search_term_string}\"},\"query-input\":{\"@type\":\"PropertyValueSpecification\",\"valueRequired\":true,\"valueName\":\"search_term_string\"}}],\"inLanguage\":\"fr-FR\"},{\"@type\":\"Organization\",\"@id\":\"https:\/\/www.annonces-legales.org\/blog\/#organization\",\"name\":\"Actualit\u00e9 des entreprises\",\"url\":\"https:\/\/www.annonces-legales.org\/blog\/\",\"logo\":{\"@type\":\"ImageObject\",\"inLanguage\":\"fr-FR\",\"@id\":\"https:\/\/www.annonces-legales.org\/blog\/#\/schema\/logo\/image\/\",\"url\":\"https:\/\/www.annonces-legales.org\/blog\/wp-content\/uploads\/2023\/08\/annonces-legales.svg\",\"contentUrl\":\"https:\/\/www.annonces-legales.org\/blog\/wp-content\/uploads\/2023\/08\/annonces-legales.svg\",\"caption\":\"Actualit\u00e9 des entreprises\"},\"image\":{\"@id\":\"https:\/\/www.annonces-legales.org\/blog\/#\/schema\/logo\/image\/\"}}]}<\/script>\n<!-- \/ Yoast SEO plugin. -->","yoast_head_json":{"title":"Greffe du tribunal de commerce de Marseille - Actualit\u00e9 des entreprises","robots":{"index":"index","follow":"follow","max-snippet":"max-snippet:-1","max-image-preview":"max-image-preview:large","max-video-preview":"max-video-preview:-1"},"canonical":"https:\/\/www.annonces-legales.org\/blog\/greffe\/greffe-du-tribunal-de-commerce-de-marseille\/","og_locale":"fr_FR","og_type":"article","og_title":"Greffe du tribunal de commerce de Marseille - Actualit\u00e9 des entreprises","og_description":"Le greffe de Marseille est l&rsquo;interlocuteur attitr\u00e9 pour tous les entrepreneurs et les gestionnaires des soci\u00e9t\u00e9s qui sont enregistr\u00e9es autour [&hellip;]","og_url":"https:\/\/www.annonces-legales.org\/blog\/greffe\/greffe-du-tribunal-de-commerce-de-marseille\/","og_site_name":"Actualit\u00e9 des entreprises","article_modified_time":"2022-02-01T15:38:30+00:00","og_image":[{"width":640,"height":612,"url":"https:\/\/www.annonces-legales.org\/blog\/wp-content\/uploads\/2022\/01\/tribunal.png","type":"image\/png"}],"twitter_card":"summary_large_image","twitter_misc":{"Dur\u00e9e de lecture estim\u00e9e":"5 minutes"},"schema":{"@context":"https:\/\/schema.org","@graph":[{"@type":"WebPage","@id":"https:\/\/www.annonces-legales.org\/blog\/greffe\/greffe-du-tribunal-de-commerce-de-marseille\/","url":"https:\/\/www.annonces-legales.org\/blog\/greffe\/greffe-du-tribunal-de-commerce-de-marseille\/","name":"Greffe du tribunal de commerce de Marseille - Actualit\u00e9 des entreprises","isPartOf":{"@id":"https:\/\/www.annonces-legales.org\/blog\/#website"},"primaryImageOfPage":{"@id":"https:\/\/www.annonces-legales.org\/blog\/greffe\/greffe-du-tribunal-de-commerce-de-marseille\/#primaryimage"},"image":{"@id":"https:\/\/www.annonces-legales.org\/blog\/greffe\/greffe-du-tribunal-de-commerce-de-marseille\/#primaryimage"},"thumbnailUrl":"https:\/\/www.annonces-legales.org\/blog\/wp-content\/uploads\/2022\/01\/tribunal-150x150.png","datePublished":"2022-01-22T19:49:29+00:00","dateModified":"2022-02-01T15:38:30+00:00","breadcrumb":{"@id":"https:\/\/www.annonces-legales.org\/blog\/greffe\/greffe-du-tribunal-de-commerce-de-marseille\/#breadcrumb"},"inLanguage":"fr-FR","potentialAction":[{"@type":"ReadAction","target":["https:\/\/www.annonces-legales.org\/blog\/greffe\/greffe-du-tribunal-de-commerce-de-marseille\/"]}]},{"@type":"ImageObject","inLanguage":"fr-FR","@id":"https:\/\/www.annonces-legales.org\/blog\/greffe\/greffe-du-tribunal-de-commerce-de-marseille\/#primaryimage","url":"https:\/\/www.annonces-legales.org\/blog\/wp-content\/uploads\/2022\/01\/tribunal.png","contentUrl":"https:\/\/www.annonces-legales.org\/blog\/wp-content\/uploads\/2022\/01\/tribunal.png","width":640,"height":612},{"@type":"BreadcrumbList","@id":"https:\/\/www.annonces-legales.org\/blog\/greffe\/greffe-du-tribunal-de-commerce-de-marseille\/#breadcrumb","itemListElement":[{"@type":"ListItem","position":1,"name":"Accueil","item":"https:\/\/www.annonces-legales.org\/blog\/"},{"@type":"ListItem","position":2,"name":"Liste des Greffes des tribunaux de commerce","item":"https:\/\/www.annonces-legales.org\/blog\/greffe\/"},{"@type":"ListItem","position":3,"name":"Greffe du tribunal de commerce de Marseille"}]},{"@type":"WebSite","@id":"https:\/\/www.annonces-legales.org\/blog\/#website","url":"https:\/\/www.annonces-legales.org\/blog\/","name":"Actualit\u00e9 des entreprises","description":"","publisher":{"@id":"https:\/\/www.annonces-legales.org\/blog\/#organization"},"potentialAction":[{"@type":"SearchAction","target":{"@type":"EntryPoint","urlTemplate":"https:\/\/www.annonces-legales.org\/blog\/?s={search_term_string}"},"query-input":{"@type":"PropertyValueSpecification","valueRequired":true,"valueName":"search_term_string"}}],"inLanguage":"fr-FR"},{"@type":"Organization","@id":"https:\/\/www.annonces-legales.org\/blog\/#organization","name":"Actualit\u00e9 des entreprises","url":"https:\/\/www.annonces-legales.org\/blog\/","logo":{"@type":"ImageObject","inLanguage":"fr-FR","@id":"https:\/\/www.annonces-legales.org\/blog\/#\/schema\/logo\/image\/","url":"https:\/\/www.annonces-legales.org\/blog\/wp-content\/uploads\/2023\/08\/annonces-legales.svg","contentUrl":"https:\/\/www.annonces-legales.org\/blog\/wp-content\/uploads\/2023\/08\/annonces-legales.svg","caption":"Actualit\u00e9 des entreprises"},"image":{"@id":"https:\/\/www.annonces-legales.org\/blog\/#\/schema\/logo\/image\/"}}]}},"_links":{"self":[{"href":"https:\/\/www.annonces-legales.org\/blog\/wp-json\/wp\/v2\/pages\/1968","targetHints":{"allow":["GET"]}}],"collection":[{"href":"https:\/\/www.annonces-legales.org\/blog\/wp-json\/wp\/v2\/pages"}],"about":[{"href":"https:\/\/www.annonces-legales.org\/blog\/wp-json\/wp\/v2\/types\/page"}],"author":[{"embeddable":true,"href":"https:\/\/www.annonces-legales.org\/blog\/wp-json\/wp\/v2\/users\/1"}],"replies":[{"embeddable":true,"href":"https:\/\/www.annonces-legales.org\/blog\/wp-json\/wp\/v2\/comments?post=1968"}],"version-history":[{"count":7,"href":"https:\/\/www.annonces-legales.org\/blog\/wp-json\/wp\/v2\/pages\/1968\/revisions"}],"predecessor-version":[{"id":2599,"href":"https:\/\/www.annonces-legales.org\/blog\/wp-json\/wp\/v2\/pages\/1968\/revisions\/2599"}],"up":[{"embeddable":true,"href":"https:\/\/www.annonces-legales.org\/blog\/wp-json\/wp\/v2\/pages\/1759"}],"wp:attachment":[{"href":"https:\/\/www.annonces-legales.org\/blog\/wp-json\/wp\/v2\/media?parent=1968"}],"curies":[{"name":"wp","href":"https:\/\/api.w.org\/{rel}","templated":true}]}}