{"id":1988,"date":"2022-01-22T20:53:45","date_gmt":"2022-01-22T19:53:45","guid":{"rendered":"https:\/\/www.annonces-legales.org\/blog\/?page_id=1988"},"modified":"2022-01-31T16:06:49","modified_gmt":"2022-01-31T15:06:49","slug":"greffe-du-tribunal-de-commerce-de-nanterre","status":"publish","type":"page","link":"https:\/\/www.annonces-legales.org\/blog\/greffe\/greffe-du-tribunal-de-commerce-de-nanterre\/","title":{"rendered":"Greffe du tribunal de commerce de Nanterre"},"content":{"rendered":"<p>Si vous \u00eates un chef d&rsquo;entreprise \u00e0 Nanterre, vous aurez r\u00e9guli\u00e8rement un nombre important de d\u00e9marches administratives \u00e0 effectuer avec l&rsquo;aide du <strong>greffe du tribunal de commerce de Nanterre<\/strong>.<\/p>\n<p>Comment contacter le greffe du tribunal de commerce de Nanterre ? Quelles sont les d\u00e9marches qu&rsquo;il est possible d&rsquo;effectuer ? Peut-on faire les formalit\u00e9s directement depuis chez soi sur le site de ce greffe ?<\/p>\n<p>&nbsp;<\/p>\n<h2>Informations de contact du greffe de Nanterre<\/h2>\n<p>Vous pouvez contacter le greffe du tribunal de commerce de Nanterre en composant le 0.891.01.11.11 (num\u00e9ro payant, 0.30 \u20ac par minute).<\/p>\n<p><strong>Adresse<\/strong> : 4, Rue Pablo Neruda 92020 NANTERRE CEDEX<\/p>\n<p><div class=\"leaflet-map WPLeafletMap\" style=\"height:250px; width:100%;\"><\/div><script>\nwindow.WPLeafletMapPlugin = window.WPLeafletMapPlugin || [];\nwindow.WPLeafletMapPlugin.push(function WPLeafletMapShortcode() {\/*<script>*\/\nvar baseUrl = atob('aHR0cHM6Ly97c30udGlsZS5vcGVuc3RyZWV0bWFwLm9yZy97en0ve3h9L3t5fS5wbmc=');\nvar base = (!baseUrl && window.MQ) ?\n    window.MQ.mapLayer() : L.tileLayer(baseUrl,\n        L.Util.extend({}, {\n            detectRetina: 0,\n        },\n        {\"subdomains\":\"abc\",\"noWrap\":false,\"maxZoom\":20}        )\n    );\n    var options = L.Util.extend({}, {\n        layers: [base],\n        attributionControl: false\n    },\n    {\"zoomControl\":true,\"scrollWheelZoom\":false,\"doubleClickZoom\":false,\"fitBounds\":false,\"minZoom\":0,\"maxZoom\":20,\"maxBounds\":null,\"attribution\":\"\"},\n    {});\nwindow.WPLeafletMapPlugin.createMap(options).setView([48.89547,2.215666],17);});<\/script> <script>\nwindow.WPLeafletMapPlugin = window.WPLeafletMapPlugin || [];\nwindow.WPLeafletMapPlugin.push(function WPLeafletMarkerShortcode() {\/*<script>*\/\nvar map = window.WPLeafletMapPlugin.getCurrentMap();\nvar group = window.WPLeafletMapPlugin.getCurrentGroup();\nvar marker_options = window.WPLeafletMapPlugin.getIconOptions({});\nvar marker = L.marker(\n    [0,0],\n    marker_options\n);\nvar is_image = map.is_image_map;\n    marker.setLatLng( map.getCenter() );\nif (marker_options.draggable) {\n    marker.on('dragend', function () {\n        var latlng = this.getLatLng();\n        var lat = latlng.lat;\n        var lng = latlng.lng;\n        if (is_image) {\n            console.log('leaflet-marker y=' + lat + ' x=' + lng);\n        } else {\n            console.log('leaflet-marker lat=' + lat + ' lng=' + lng);\n        }\n    });\n}\nmarker.addTo( group );\nmarker.bindPopup(window.WPLeafletMapPlugin.unescape(' Greffe du tribunal de commerce de Nanterre ')).openPopup();window.WPLeafletMapPlugin.markers.push( marker );\n        });<\/script><\/p>\n<p><strong>Page officielle du greffe de Nanterre<\/strong> : www.greffe-tc-nanterre.fr<\/p>\n<p>&nbsp;<\/p>\n<h2>A quelle heure se rendre au greffe ?<\/h2>\n<p>Les heures d&rsquo;ouvertures du greffe du tribunal de commerce de Nanterre sont :<br \/>\nSur rendez-vous du Lundi au Vendredi 9h-12h30-13h30-16h30.<\/p>\n<p>Le greffe accueille uniquement sur rendez-vous qu&rsquo;il faut prendre en ligne.<\/p>\n<p>&nbsp;<\/p>\n<h2>Votre greffe est-il celui de Nanterre ?<\/h2>\n<p>Si le si\u00e8ge de votre soci\u00e9t\u00e9 est dans l&rsquo;une des villes ci-dessous, vous d\u00e9pendez bien du greffe de Nanterre.<\/p>\n<table class=\"tg table-striped container-fluid\">\n<tbody>\n<tr>\n<th>Code postal<\/th>\n<th>Commune<\/th>\n<\/tr>\n<tr>\n<td>92160<\/td>\n<td>Antony<\/td>\n<\/tr>\n<tr>\n<td>92600<\/td>\n<td>Asni\u00e8res-sur-Seine<\/td>\n<\/tr>\n<tr>\n<td>92220<\/td>\n<td>Bagneux<\/td>\n<\/tr>\n<tr>\n<td>92270<\/td>\n<td>Bois-Colombes<\/td>\n<\/tr>\n<tr>\n<td>92100<\/td>\n<td>Boulogne-Billancourt<\/td>\n<\/tr>\n<tr>\n<td>92340<\/td>\n<td>Bourg-la-Reine<\/td>\n<\/tr>\n<tr>\n<td>92290<\/td>\n<td>Ch\u00e2tenay-Malabry<\/td>\n<\/tr>\n<tr>\n<td>92320<\/td>\n<td>Ch\u00e2tillon<\/td>\n<\/tr>\n<tr>\n<td>92370<\/td>\n<td>Chaville<\/td>\n<\/tr>\n<tr>\n<td>92140<\/td>\n<td>Clamart<\/td>\n<\/tr>\n<tr>\n<td>92110<\/td>\n<td>Clichy<\/td>\n<\/tr>\n<tr>\n<td>92700<\/td>\n<td>Colombes<\/td>\n<\/tr>\n<tr>\n<td>92400<\/td>\n<td>Courbevoie<\/td>\n<\/tr>\n<tr>\n<td>92260<\/td>\n<td>Fontenay-aux-Roses<\/td>\n<\/tr>\n<tr>\n<td>92380<\/td>\n<td>Garches<\/td>\n<\/tr>\n<tr>\n<td>92230<\/td>\n<td>Gennevilliers<\/td>\n<\/tr>\n<tr>\n<td>92130<\/td>\n<td>Issy-les-Moulineaux<\/td>\n<\/tr>\n<tr>\n<td>92250<\/td>\n<td>La Garenne-Colombes<\/td>\n<\/tr>\n<tr>\n<td>92350<\/td>\n<td>Le Plessis-Robinson<\/td>\n<\/tr>\n<tr>\n<td>92300<\/td>\n<td>Levallois-Perret<\/td>\n<\/tr>\n<tr>\n<td>92240<\/td>\n<td>Malakoff<\/td>\n<\/tr>\n<tr>\n<td>92430<\/td>\n<td>Marnes-la-Coquette<\/td>\n<\/tr>\n<tr>\n<td>92190<\/td>\n<td>Meudon<\/td>\n<\/tr>\n<tr>\n<td>92120<\/td>\n<td>Montrouge<\/td>\n<\/tr>\n<tr>\n<td>92000<\/td>\n<\/tr>\n<tr>\n<td>92200<\/td>\n<td>Neuilly-sur-Seine<\/td>\n<\/tr>\n<tr>\n<td>92030<\/td>\n<td>Paris La D\u00e9fense<\/td>\n<\/tr>\n<tr>\n<td>92800<\/td>\n<td>Puteaux<\/td>\n<\/tr>\n<tr>\n<td>92500<\/td>\n<td>Rueil-Malmaison<\/td>\n<\/tr>\n<tr>\n<td>92210<\/td>\n<td>Saint-Cloud<\/td>\n<\/tr>\n<tr>\n<td>92330<\/td>\n<td>Sceaux<\/td>\n<\/tr>\n<tr>\n<td>92310<\/td>\n<td>S\u00e8vres<\/td>\n<\/tr>\n<tr>\n<td>92150<\/td>\n<td>Suresnes<\/td>\n<\/tr>\n<tr>\n<td>92170<\/td>\n<td>Vanves<\/td>\n<\/tr>\n<tr>\n<td>92420<\/td>\n<td>Vaucresson<\/td>\n<\/tr>\n<tr>\n<td>92410<\/td>\n<td>Ville-d&rsquo;Avray<\/td>\n<\/tr>\n<tr>\n<td>92390<\/td>\n<td>Villeneuve-la-Garenne<\/td>\n<\/tr>\n<\/tbody>\n<\/table>\n<p>&nbsp;<\/p>\n<p>&nbsp;<\/p>\n<h2>Quels sont les missions assur\u00e9s par le greffe de Nanterre ?<\/h2>\n<p>Le greffe du tribunal de commerce de Nanterre est un acteur in\u00e9vitable pour les entreprises du d\u00e9partement des Hauts-de-Seine. Les entrepreneurs qui habitent dans le d\u00e9partement des Hauts-de-Seine et qui veulent lancer leur entreprise doivent r\u00e9aliser leur inscription aupr\u00e8s du RCS de ce greffe.<\/p>\n<p>L&rsquo;immatriculation d&rsquo;une entreprise n&rsquo;est pas le seul service du greffe. Le greffe du tribunal de commerce va aussi s&rsquo;occuper d&rsquo;accueillir les entrepreneurs pour r\u00e9pondre \u00e0 leurs interrogations. Il va \u00e9galement r\u00e9ceptionner les changements dans les statuts l\u00e9gaux des structures comme par exemple un transfert de si\u00e8ge social ou un changement du g\u00e9rant.<\/p>\n<p>La fin des activit\u00e9s d&rsquo;une soci\u00e9t\u00e9 (d\u00e9p\u00f4t de bilan, dissolution&#8230;) va \u00e9galement n\u00e9cessiter l&rsquo;intervention du greffe. Bien entendu, on trouvera de nombreuses autres d\u00e9marches \u00e0 accomplir avant cela, comme la publication d&rsquo;une annonce judiciaire et l\u00e9gale, mais les formalit\u00e9s l\u00e9gales finissent g\u00e9n\u00e9ralement au greffe du tribunal de commerce de Nanterre.<br \/>\nLes entreprises de Nanterre peuvent \u00e9galement d\u00e9poser leurs bilans ou nommer des b\u00e9n\u00e9ficiaires effectifs que le greffe consignera dans un registre.<\/p>\n<p>&nbsp;<\/p>\n<h2>S&rsquo;enregistrer avec le greffe du tribunal de commerce de Nanterre<\/h2>\n<p>Hors exceptions, toutes les structures ayant une activit\u00e9 commerciale vont devoir s&rsquo;enregistrer aupr\u00e8s du greffe.<\/p>\n<p>C&rsquo;est seulement une fois qu&rsquo;elle est inscrite qu&rsquo;une entreprise existe v\u00e9ritablement. Sans un num\u00e9ro d&rsquo;immatriculation, une soci\u00e9t\u00e9 ne peut pas vraiment travailler. Elle peut commencer ses activit\u00e9s un peu avant l&rsquo;enregistrement mais elle doit rapidement se mettre \u00e0 jour.<\/p>\n<p>&nbsp;<\/p>\n<h2>Inscrire sa soci\u00e9t\u00e9 aupr\u00e8s du RCS<\/h2>\n<p>La d\u00e9marche d&rsquo;immatriculation peut \u00eatre faite directement aupr\u00e8s du RCS de Nanterre ou \u00e0 distance sur le site internet de votre greffe.Un courrier peut aussi \u00eatre envoy\u00e9 mais les d\u00e9lais seront plus long.<\/p>\n<p>Cette immatriculation avec le RCS doit \u00eatre accomplie un mois avant l&rsquo;ouverture de l&rsquo;entreprise ou un peu apr\u00e8s.<\/p>\n<p>Quand l&rsquo;immatriculation est effectu\u00e9e, vous recevrez un SIRET mais aussi un K-bis.<\/p>\n<p>&nbsp;<\/p>\n<h2>O\u00f9 trouver des informations sur les entreprises de la ville de Nanterre ?<\/h2>\n<p>Les greffes des tribunaux de commerce fran\u00e7ais ont cr\u00e9\u00e9 un site en commun qui s&rsquo;appelle <strong>Infogreffe<\/strong>. Ce site a une mission de service public et permet de faciliter l&rsquo;acc\u00e8s \u00e0 l&rsquo;information sur les entreprises fran\u00e7aises notamment les <strong>entreprises Nanterriennes<\/strong>. Il est possible de trouver des informations gratuites mais \u00e9galement d&rsquo;acheter des documents officiels comme par exemple un extrait K-bis.<\/p>\n<p>L&rsquo;achat de document peut aussi se faire directement sur le site du greffe de Nanterre ou sur place.<\/p>\n<p>&nbsp;<\/p>\n<h2>Comment modifier les statuts d&rsquo;une soci\u00e9t\u00e9 avec le greffe de Nanterre ?<\/h2>\n<p>Une entreprise de Nanterre va devoir mettre \u00e0 jour ses statuts pour de nombreuses raisons. Cela peut \u00eatre pour un changement de sa forme juridique, de l&rsquo;adresse de son si\u00e8ge social, de son g\u00e9rant, de son capital ou de sa d\u00e9nomination sociale\u2026<\/p>\n<p>Pour r\u00e9aliser ce changement, il est n\u00e9cessaire de r\u00e9aliser plusieurs \u00e9tapes qui seront g\u00e9n\u00e9ralement les m\u00eames mais peuvent varier en fonction des formes juridiques et des modifications.<\/p>\n<p>Dans la plupart des cas, il faudra tout d&rsquo;abord voter le changement lors d&rsquo;une assembl\u00e9e g\u00e9n\u00e9rale. Il faudra ensuite <a href=\"https:\/\/www.annonces-legales.org\">publier une annonce l\u00e9gale<\/a> de modification dans un journal d&rsquo;annonce l\u00e9gale habilit\u00e9. Cette annonce doit \u00eatre faite dans les quatre semaines qui suivent le changement.<\/p>\n<p>Il faudra ensuite remplir un formulaire de modification (<a href=\"https:\/\/www.annonces-legales.org\/blog\/formulaire-m3\/\">formulaire M3<\/a> ou M2 selon le changement). Les formulaires ainsi que l&rsquo;ensemble des pi\u00e8ces justificatives obligatoires comme les statuts \u00e0 jour sign\u00e9s, devront \u00eatre fourni au greffe du tribunal de Nanterre pour proc\u00e9der aux changements.<\/p>\n<p>&nbsp;<\/p>\n<h2>De quoi est compos\u00e9 un num\u00e9ro de RCS ?<\/h2>\n<p>Le num\u00e9ro d&rsquo;immatriculation d&rsquo;une entreprise est compos\u00e9 de plusieurs \u00e9l\u00e9ments. Nous avons tout d&rsquo;abord la mention RCS au d\u00e9but du num\u00e9ro. Il y a ensuite la ville o\u00f9 est immatricul\u00e9e entreprise. Dans notre cas, on \u00e9crira Nanterre. Enfin nous avons le num\u00e9ro de SIREN qui est un num\u00e9ro d\u00e9livr\u00e9 par l&rsquo;INSEE.<br \/>\nLe num\u00e9ro SIREN est compos\u00e9 de neuf chiffres:\u00a0 trois ensembles de trois chiffres qui d\u00e9pendent de la date d&rsquo;inscription de la soci\u00e9t\u00e9.<br \/>\nPour le num\u00e9ro de SIRET, on ajoute au SIREN le code NIC qui d\u00e9pend de l&rsquo;\u00e9tablissement.<\/p>\n<p>Une fois que l&rsquo;entreprise est inscrite au registre du commerce et des soci\u00e9t\u00e9s, celle-ci va recevoir un extrait K-bis (pour les personnes morales) ou un extrait K (pour les personnes physiques comme les autoentrepreneurs).<\/p>\n<p>&nbsp;<\/p>\n<h2>A savoir<\/h2>\n<p>Afin d&rsquo;\u00e9conomiser sur les frais li\u00e9s \u00e0 la cr\u00e9ation d&rsquo;une entreprise, vous pouvez r\u00e9aliser les d\u00e9marches vous-m\u00eame. C&rsquo;est tr\u00e8s facile et vous pourrez trouver beaucoup d&rsquo;informations sur internet. En cas de doute, n&rsquo;h\u00e9sitez pas \u00e0 contacter le <strong>centre de formalit\u00e9 des entreprises<\/strong> de Nanterre.<\/p>\n","protected":false},"excerpt":{"rendered":"<p>Si vous \u00eates un chef d&rsquo;entreprise \u00e0 Nanterre, vous aurez r\u00e9guli\u00e8rement un nombre important de d\u00e9marches administratives \u00e0 effectuer avec [&hellip;]<\/p>\n","protected":false},"author":1,"featured_media":0,"parent":1759,"menu_order":0,"comment_status":"closed","ping_status":"closed","template":"","meta":{"inline_featured_image":false,"footnotes":""},"class_list":["post-1988","page","type-page","status-publish","hentry"],"yoast_head":"<!-- This site is optimized with the Yoast SEO plugin v26.8 - https:\/\/yoast.com\/product\/yoast-seo-wordpress\/ -->\n<title>Greffe du tribunal de commerce de Nanterre - Actualit\u00e9 des entreprises<\/title>\n<meta name=\"robots\" content=\"index, follow, max-snippet:-1, max-image-preview:large, max-video-preview:-1\" \/>\n<link rel=\"canonical\" href=\"https:\/\/www.annonces-legales.org\/blog\/greffe\/greffe-du-tribunal-de-commerce-de-nanterre\/\" \/>\n<meta property=\"og:locale\" content=\"fr_FR\" \/>\n<meta property=\"og:type\" content=\"article\" \/>\n<meta property=\"og:title\" content=\"Greffe du tribunal de commerce de Nanterre - Actualit\u00e9 des entreprises\" \/>\n<meta property=\"og:description\" content=\"Si vous \u00eates un chef d&rsquo;entreprise \u00e0 Nanterre, vous aurez r\u00e9guli\u00e8rement un nombre important de d\u00e9marches administratives \u00e0 effectuer avec [&hellip;]\" \/>\n<meta property=\"og:url\" content=\"https:\/\/www.annonces-legales.org\/blog\/greffe\/greffe-du-tribunal-de-commerce-de-nanterre\/\" \/>\n<meta property=\"og:site_name\" content=\"Actualit\u00e9 des entreprises\" \/>\n<meta property=\"article:modified_time\" content=\"2022-01-31T15:06:49+00:00\" \/>\n<meta name=\"twitter:card\" content=\"summary_large_image\" \/>\n<meta name=\"twitter:label1\" content=\"Dur\u00e9e de lecture estim\u00e9e\" \/>\n\t<meta name=\"twitter:data1\" content=\"5 minutes\" \/>\n<script type=\"application\/ld+json\" class=\"yoast-schema-graph\">{\"@context\":\"https:\/\/schema.org\",\"@graph\":[{\"@type\":\"WebPage\",\"@id\":\"https:\/\/www.annonces-legales.org\/blog\/greffe\/greffe-du-tribunal-de-commerce-de-nanterre\/\",\"url\":\"https:\/\/www.annonces-legales.org\/blog\/greffe\/greffe-du-tribunal-de-commerce-de-nanterre\/\",\"name\":\"Greffe du tribunal de commerce de Nanterre - Actualit\u00e9 des entreprises\",\"isPartOf\":{\"@id\":\"https:\/\/www.annonces-legales.org\/blog\/#website\"},\"datePublished\":\"2022-01-22T19:53:45+00:00\",\"dateModified\":\"2022-01-31T15:06:49+00:00\",\"breadcrumb\":{\"@id\":\"https:\/\/www.annonces-legales.org\/blog\/greffe\/greffe-du-tribunal-de-commerce-de-nanterre\/#breadcrumb\"},\"inLanguage\":\"fr-FR\",\"potentialAction\":[{\"@type\":\"ReadAction\",\"target\":[\"https:\/\/www.annonces-legales.org\/blog\/greffe\/greffe-du-tribunal-de-commerce-de-nanterre\/\"]}]},{\"@type\":\"BreadcrumbList\",\"@id\":\"https:\/\/www.annonces-legales.org\/blog\/greffe\/greffe-du-tribunal-de-commerce-de-nanterre\/#breadcrumb\",\"itemListElement\":[{\"@type\":\"ListItem\",\"position\":1,\"name\":\"Accueil\",\"item\":\"https:\/\/www.annonces-legales.org\/blog\/\"},{\"@type\":\"ListItem\",\"position\":2,\"name\":\"Liste des Greffes des tribunaux de commerce\",\"item\":\"https:\/\/www.annonces-legales.org\/blog\/greffe\/\"},{\"@type\":\"ListItem\",\"position\":3,\"name\":\"Greffe du tribunal de commerce de Nanterre\"}]},{\"@type\":\"WebSite\",\"@id\":\"https:\/\/www.annonces-legales.org\/blog\/#website\",\"url\":\"https:\/\/www.annonces-legales.org\/blog\/\",\"name\":\"Actualit\u00e9 des entreprises\",\"description\":\"\",\"publisher\":{\"@id\":\"https:\/\/www.annonces-legales.org\/blog\/#organization\"},\"potentialAction\":[{\"@type\":\"SearchAction\",\"target\":{\"@type\":\"EntryPoint\",\"urlTemplate\":\"https:\/\/www.annonces-legales.org\/blog\/?s={search_term_string}\"},\"query-input\":{\"@type\":\"PropertyValueSpecification\",\"valueRequired\":true,\"valueName\":\"search_term_string\"}}],\"inLanguage\":\"fr-FR\"},{\"@type\":\"Organization\",\"@id\":\"https:\/\/www.annonces-legales.org\/blog\/#organization\",\"name\":\"Actualit\u00e9 des entreprises\",\"url\":\"https:\/\/www.annonces-legales.org\/blog\/\",\"logo\":{\"@type\":\"ImageObject\",\"inLanguage\":\"fr-FR\",\"@id\":\"https:\/\/www.annonces-legales.org\/blog\/#\/schema\/logo\/image\/\",\"url\":\"https:\/\/www.annonces-legales.org\/blog\/wp-content\/uploads\/2023\/08\/annonces-legales.svg\",\"contentUrl\":\"https:\/\/www.annonces-legales.org\/blog\/wp-content\/uploads\/2023\/08\/annonces-legales.svg\",\"caption\":\"Actualit\u00e9 des entreprises\"},\"image\":{\"@id\":\"https:\/\/www.annonces-legales.org\/blog\/#\/schema\/logo\/image\/\"}}]}<\/script>\n<!-- \/ Yoast SEO plugin. -->","yoast_head_json":{"title":"Greffe du tribunal de commerce de Nanterre - Actualit\u00e9 des entreprises","robots":{"index":"index","follow":"follow","max-snippet":"max-snippet:-1","max-image-preview":"max-image-preview:large","max-video-preview":"max-video-preview:-1"},"canonical":"https:\/\/www.annonces-legales.org\/blog\/greffe\/greffe-du-tribunal-de-commerce-de-nanterre\/","og_locale":"fr_FR","og_type":"article","og_title":"Greffe du tribunal de commerce de Nanterre - Actualit\u00e9 des entreprises","og_description":"Si vous \u00eates un chef d&rsquo;entreprise \u00e0 Nanterre, vous aurez r\u00e9guli\u00e8rement un nombre important de d\u00e9marches administratives \u00e0 effectuer avec [&hellip;]","og_url":"https:\/\/www.annonces-legales.org\/blog\/greffe\/greffe-du-tribunal-de-commerce-de-nanterre\/","og_site_name":"Actualit\u00e9 des entreprises","article_modified_time":"2022-01-31T15:06:49+00:00","twitter_card":"summary_large_image","twitter_misc":{"Dur\u00e9e de lecture estim\u00e9e":"5 minutes"},"schema":{"@context":"https:\/\/schema.org","@graph":[{"@type":"WebPage","@id":"https:\/\/www.annonces-legales.org\/blog\/greffe\/greffe-du-tribunal-de-commerce-de-nanterre\/","url":"https:\/\/www.annonces-legales.org\/blog\/greffe\/greffe-du-tribunal-de-commerce-de-nanterre\/","name":"Greffe du tribunal de commerce de Nanterre - Actualit\u00e9 des entreprises","isPartOf":{"@id":"https:\/\/www.annonces-legales.org\/blog\/#website"},"datePublished":"2022-01-22T19:53:45+00:00","dateModified":"2022-01-31T15:06:49+00:00","breadcrumb":{"@id":"https:\/\/www.annonces-legales.org\/blog\/greffe\/greffe-du-tribunal-de-commerce-de-nanterre\/#breadcrumb"},"inLanguage":"fr-FR","potentialAction":[{"@type":"ReadAction","target":["https:\/\/www.annonces-legales.org\/blog\/greffe\/greffe-du-tribunal-de-commerce-de-nanterre\/"]}]},{"@type":"BreadcrumbList","@id":"https:\/\/www.annonces-legales.org\/blog\/greffe\/greffe-du-tribunal-de-commerce-de-nanterre\/#breadcrumb","itemListElement":[{"@type":"ListItem","position":1,"name":"Accueil","item":"https:\/\/www.annonces-legales.org\/blog\/"},{"@type":"ListItem","position":2,"name":"Liste des Greffes des tribunaux de commerce","item":"https:\/\/www.annonces-legales.org\/blog\/greffe\/"},{"@type":"ListItem","position":3,"name":"Greffe du tribunal de commerce de Nanterre"}]},{"@type":"WebSite","@id":"https:\/\/www.annonces-legales.org\/blog\/#website","url":"https:\/\/www.annonces-legales.org\/blog\/","name":"Actualit\u00e9 des entreprises","description":"","publisher":{"@id":"https:\/\/www.annonces-legales.org\/blog\/#organization"},"potentialAction":[{"@type":"SearchAction","target":{"@type":"EntryPoint","urlTemplate":"https:\/\/www.annonces-legales.org\/blog\/?s={search_term_string}"},"query-input":{"@type":"PropertyValueSpecification","valueRequired":true,"valueName":"search_term_string"}}],"inLanguage":"fr-FR"},{"@type":"Organization","@id":"https:\/\/www.annonces-legales.org\/blog\/#organization","name":"Actualit\u00e9 des entreprises","url":"https:\/\/www.annonces-legales.org\/blog\/","logo":{"@type":"ImageObject","inLanguage":"fr-FR","@id":"https:\/\/www.annonces-legales.org\/blog\/#\/schema\/logo\/image\/","url":"https:\/\/www.annonces-legales.org\/blog\/wp-content\/uploads\/2023\/08\/annonces-legales.svg","contentUrl":"https:\/\/www.annonces-legales.org\/blog\/wp-content\/uploads\/2023\/08\/annonces-legales.svg","caption":"Actualit\u00e9 des entreprises"},"image":{"@id":"https:\/\/www.annonces-legales.org\/blog\/#\/schema\/logo\/image\/"}}]}},"_links":{"self":[{"href":"https:\/\/www.annonces-legales.org\/blog\/wp-json\/wp\/v2\/pages\/1988","targetHints":{"allow":["GET"]}}],"collection":[{"href":"https:\/\/www.annonces-legales.org\/blog\/wp-json\/wp\/v2\/pages"}],"about":[{"href":"https:\/\/www.annonces-legales.org\/blog\/wp-json\/wp\/v2\/types\/page"}],"author":[{"embeddable":true,"href":"https:\/\/www.annonces-legales.org\/blog\/wp-json\/wp\/v2\/users\/1"}],"replies":[{"embeddable":true,"href":"https:\/\/www.annonces-legales.org\/blog\/wp-json\/wp\/v2\/comments?post=1988"}],"version-history":[{"count":10,"href":"https:\/\/www.annonces-legales.org\/blog\/wp-json\/wp\/v2\/pages\/1988\/revisions"}],"predecessor-version":[{"id":2467,"href":"https:\/\/www.annonces-legales.org\/blog\/wp-json\/wp\/v2\/pages\/1988\/revisions\/2467"}],"up":[{"embeddable":true,"href":"https:\/\/www.annonces-legales.org\/blog\/wp-json\/wp\/v2\/pages\/1759"}],"wp:attachment":[{"href":"https:\/\/www.annonces-legales.org\/blog\/wp-json\/wp\/v2\/media?parent=1988"}],"curies":[{"name":"wp","href":"https:\/\/api.w.org\/{rel}","templated":true}]}}