{"id":1996,"date":"2022-01-22T20:55:49","date_gmt":"2022-01-22T19:55:49","guid":{"rendered":"https:\/\/www.annonces-legales.org\/blog\/?page_id=1996"},"modified":"2022-02-01T17:22:04","modified_gmt":"2022-02-01T16:22:04","slug":"greffe-du-tribunal-de-commerce-de-nice","status":"publish","type":"page","link":"https:\/\/www.annonces-legales.org\/blog\/greffe\/greffe-du-tribunal-de-commerce-de-nice\/","title":{"rendered":"Greffe du tribunal de commerce de Nice"},"content":{"rendered":"<p><img loading=\"lazy\" decoding=\"async\" class=\"alignright size-thumbnail wp-image-2423\" src=\"https:\/\/www.annonces-legales.org\/blog\/wp-content\/uploads\/2022\/01\/tribunal-150x150.png\" alt=\"\" width=\"150\" height=\"150\" \/>Les structures commerciales dont le si\u00e8ge est \u00e0 Nice ou dans le d\u00e9partement des Alpes-Maritimes doivent se servir des services du <strong>greffe du tribunal de commerce<\/strong> pour faire leurs d\u00e9marches de cr\u00e9ation et de modification.<\/p>\n<p>Retrouvez toutes les informations pratiques sur le greffe du tribunal de commerce de Nice.<\/p>\n<p>&nbsp;<\/p>\n<h2>Contact du Greffe de Nice<\/h2>\n<p><strong>Adresse<\/strong> : 6, Rue D\u00e9sir\u00e9 Niel 06009 NICE CEDEX<\/p>\n<p><div class=\"leaflet-map WPLeafletMap\" style=\"height:250px; width:100%;\"><\/div><script>\nwindow.WPLeafletMapPlugin = window.WPLeafletMapPlugin || [];\nwindow.WPLeafletMapPlugin.push(function WPLeafletMapShortcode() {\/*<script>*\/\nvar baseUrl = atob('aHR0cHM6Ly97c30udGlsZS5vcGVuc3RyZWV0bWFwLm9yZy97en0ve3h9L3t5fS5wbmc=');\nvar base = (!baseUrl && window.MQ) ?\n    window.MQ.mapLayer() : L.tileLayer(baseUrl,\n        L.Util.extend({}, {\n            detectRetina: 0,\n        },\n        {\"subdomains\":\"abc\",\"noWrap\":false,\"maxZoom\":20}        )\n    );\n    var options = L.Util.extend({}, {\n        layers: [base],\n        attributionControl: false\n    },\n    {\"zoomControl\":true,\"scrollWheelZoom\":false,\"doubleClickZoom\":false,\"fitBounds\":false,\"minZoom\":0,\"maxZoom\":20,\"maxBounds\":null,\"attribution\":\"\"},\n    {});\nwindow.WPLeafletMapPlugin.createMap(options).setView([43.700489,7.275971],17);});<\/script> <script>\nwindow.WPLeafletMapPlugin = window.WPLeafletMapPlugin || [];\nwindow.WPLeafletMapPlugin.push(function WPLeafletMarkerShortcode() {\/*<script>*\/\nvar map = window.WPLeafletMapPlugin.getCurrentMap();\nvar group = window.WPLeafletMapPlugin.getCurrentGroup();\nvar marker_options = window.WPLeafletMapPlugin.getIconOptions({});\nvar marker = L.marker(\n    [0,0],\n    marker_options\n);\nvar is_image = map.is_image_map;\n    marker.setLatLng( map.getCenter() );\nif (marker_options.draggable) {\n    marker.on('dragend', function () {\n        var latlng = this.getLatLng();\n        var lat = latlng.lat;\n        var lng = latlng.lng;\n        if (is_image) {\n            console.log('leaflet-marker y=' + lat + ' x=' + lng);\n        } else {\n            console.log('leaflet-marker lat=' + lat + ' lng=' + lng);\n        }\n    });\n}\nmarker.addTo( group );\nmarker.bindPopup(window.WPLeafletMapPlugin.unescape(' Greffe du tribunal de commerce de Nice ')).openPopup();window.WPLeafletMapPlugin.markers.push( marker );\n        });<\/script><\/p>\n<p><strong>T\u00e9l\u00e9phone<\/strong> : 04 93 92 87 87<\/p>\n<p><strong>Url<\/strong> : <em>www.greffe-tc-nice.fr<\/em><\/p>\n<p>&nbsp;<\/p>\n<h2>Heures d&rsquo;ouverture du greffe du tribunal de commerce de Nice<\/h2>\n<p>Retrouvez les heures d&rsquo;ouvertures du greffe du tribunal de commerce de Nice : Toute la semaine de 8h \u00e0 16h.<\/p>\n<p>&nbsp;<\/p>\n<h2>A quoi sert le greffe du tribunal de commerce de Nice ?<\/h2>\n<p>Le greffe du tribunal de commerce donne des informations pratiques indispensables aux soci\u00e9t\u00e9s pour faire leurs formalit\u00e9s au Registre du Commerce et des Soci\u00e9t\u00e9.<\/p>\n<p>Ces formalit\u00e9s peuvent \u00eatre des inscriptions pour la naissance d&rsquo;une soci\u00e9t\u00e9. Cela peut \u00eatre \u00e9galement des modification dans les donn\u00e9es de l&rsquo;entreprise: son Kbis ou ses statuts sociaux.<\/p>\n<p>Le greffe du tribunal de commerce de Nice est au service des soci\u00e9t\u00e9s mais aussi des juges. Les agents du greffe ont de nombreuses t\u00e2ches pour assister les juges. Ils vont recevoir les contestations entre soci\u00e9t\u00e9s ou les contestations relatives aux actes de commerce. C&rsquo;est un maillon essentiel pour le bon fonctionnement du tribunal.<\/p>\n<p>Le r\u00f4le du greffier est aussi d&rsquo;assurer l&rsquo;authenticit\u00e9 de tous les actes qu&rsquo;il re\u00e7oit. Il est \u00e0 la fois d\u00e9l\u00e9gataire de la puissance publique et officier minist\u00e9riel.<\/p>\n<p>Il d\u00e9livre des actes et assure la viabilit\u00e9 des diff\u00e9rents registre dont il doit assurer la tenue: le RCS mais aussi le registre des agents commerciaux. Il y a g\u00e9n\u00e9ralement 2 greffes pour chaque tribunal.<\/p>\n<p>&nbsp;<\/p>\n<h2>Quelles soci\u00e9t\u00e9s doivent s&rsquo;immatriculer avec le greffe de Nice ?<\/h2>\n<p>Les soci\u00e9t\u00e9s qui sont situ\u00e9s dans le d\u00e9partement des Alpes-Maritimes vont utiliser les services du greffe pour faire leurs d\u00e9marches officielles.<\/p>\n<p>&nbsp;<\/p>\n<h2>La cr\u00e9ation d&rsquo;une soci\u00e9t\u00e9 \u00e0 Nice<\/h2>\n<p>Une entreprise Ni\u00e7oise ne peut pas d\u00e9buter une activit\u00e9 et faire des ventes si celle-ci n&rsquo;est pas identifi\u00e9e au greffe. C&rsquo;est le cas de toutes les entreprises, quelque soit la forme juridique.<\/p>\n<p>Il faut pr\u00e9ciser que les artisans devront aussi faire un dossier pour le registre des m\u00e9tiers.<\/p>\n<p>Il est possible d&rsquo;effectuer l&rsquo;enregistrement de l&rsquo;entreprise en se rendant au RCS du greffe du tribunal de commerce de Nice sur rendez-vous. Il faut apporter le dossier complet et un ch\u00e8que dont le montant peut varier selon la nature des actes. Car un cr\u00e9ateur va faire l&rsquo;immatriculation mais il pourra aussi faire d&rsquo;autres actes en rapport avec la cr\u00e9ation comme une d\u00e9claration d\u2019insaisissabilit\u00e9 pour les entreprises individuelles.<\/p>\n<h2><\/h2>\n<h2>Villes du ressort du TC de Nice<\/h2>\n<p>&nbsp;<\/p>\n<table class=\"tg table-striped container-fluid\">\n<tbody>\n<tr>\n<th>Code postal<\/th>\n<th>Commune<\/th>\n<\/tr>\n<tr>\n<td>06260<\/td>\n<td>Ascros<\/td>\n<\/tr>\n<tr>\n<td>06790<\/td>\n<td>Aspremont<\/td>\n<\/tr>\n<tr>\n<td>06260<\/td>\n<td>Auvare<\/td>\n<\/tr>\n<tr>\n<td>06420<\/td>\n<td>Bairols<\/td>\n<\/tr>\n<tr>\n<td>06310<\/td>\n<td>Beaulieu-sur-Mer<\/td>\n<\/tr>\n<tr>\n<td>06240<\/td>\n<td>Beausoleil<\/td>\n<\/tr>\n<tr>\n<td>06450<\/td>\n<td>Belv\u00e9d\u00e8re<\/td>\n<\/tr>\n<tr>\n<td>06390<\/td>\n<td>Bendejun<\/td>\n<\/tr>\n<tr>\n<td>06390<\/td>\n<td>Berre-les-Alpes<\/td>\n<\/tr>\n<tr>\n<td>06470<\/td>\n<td>Beuil<\/td>\n<\/tr>\n<tr>\n<td>06440<\/td>\n<td>Blausasc<\/td>\n<\/tr>\n<tr>\n<td>06830<\/td>\n<td>Bonson<\/td>\n<\/tr>\n<tr>\n<td>06540<\/td>\n<td>Breil-sur-Roya<\/td>\n<\/tr>\n<tr>\n<td>06340<\/td>\n<td>Cantaron<\/td>\n<\/tr>\n<tr>\n<td>06320<\/td>\n<td>Cap-d&rsquo;Ail<\/td>\n<\/tr>\n<tr>\n<td>06670<\/td>\n<td>Castagniers<\/td>\n<\/tr>\n<tr>\n<td>06500<\/td>\n<td>Castellar<\/td>\n<\/tr>\n<tr>\n<td>06500<\/td>\n<td>Castillon<\/td>\n<\/tr>\n<tr>\n<td>06470<\/td>\n<td>Ch\u00e2teauneuf-d&rsquo;Entraunes<\/td>\n<\/tr>\n<tr>\n<td>06390<\/td>\n<td>Ch\u00e2teauneuf-Villevieille<\/td>\n<\/tr>\n<tr>\n<td>06420<\/td>\n<td>Clans<\/td>\n<\/tr>\n<tr>\n<td>06390<\/td>\n<td>Coaraze<\/td>\n<\/tr>\n<tr>\n<td>06670<\/td>\n<td>Colomars<\/td>\n<\/tr>\n<tr>\n<td>06390<\/td>\n<td>Contes<\/td>\n<\/tr>\n<tr>\n<td>06910<\/td>\n<td>Cu\u00e9bris<\/td>\n<\/tr>\n<tr>\n<td>06470<\/td>\n<td>Daluis<\/td>\n<\/tr>\n<tr>\n<td>06340<\/td>\n<td>Drap<\/td>\n<\/tr>\n<tr>\n<td>06670<\/td>\n<td>Duranus<\/td>\n<\/tr>\n<tr>\n<td>06470<\/td>\n<td>Entraunes<\/td>\n<\/tr>\n<tr>\n<td>06360<\/td>\n<td>\u00c8ze<\/td>\n<\/tr>\n<tr>\n<td>06950<\/td>\n<td>Falicon<\/td>\n<\/tr>\n<tr>\n<td>06540<\/td>\n<td>Fontan<\/td>\n<\/tr>\n<tr>\n<td>06830<\/td>\n<td>Gilette<\/td>\n<\/tr>\n<tr>\n<td>06500<\/td>\n<td>Gorbio<\/td>\n<\/tr>\n<tr>\n<td>06470<\/td>\n<td>Guillaumes<\/td>\n<\/tr>\n<tr>\n<td>06420<\/td>\n<td>Ilonse<\/td>\n<\/tr>\n<tr>\n<td>06420<\/td>\n<td>Isola<\/td>\n<\/tr>\n<tr>\n<td>06440<\/td>\n<td>L&rsquo;Escar\u00e8ne<\/td>\n<\/tr>\n<tr>\n<td>06450<\/td>\n<td>La Boll\u00e8ne-V\u00e9subie<\/td>\n<\/tr>\n<tr>\n<td>06430<\/td>\n<td>La Brigue<\/td>\n<\/tr>\n<tr>\n<td>06260<\/td>\n<td>La Croix-sur-Roudoule<\/td>\n<\/tr>\n<tr>\n<td>06260<\/td>\n<td>La Penne<\/td>\n<\/tr>\n<tr>\n<td>06670<\/td>\n<td>La Roquette-sur-Var<\/td>\n<\/tr>\n<tr>\n<td>06710<\/td>\n<td>La Tour<\/td>\n<\/tr>\n<tr>\n<td>06340<\/td>\n<td>La Trinit\u00e9<\/td>\n<\/tr>\n<tr>\n<td>06320<\/td>\n<td>La Turbie<\/td>\n<\/tr>\n<tr>\n<td>06450<\/td>\n<td>Lantosque<\/td>\n<\/tr>\n<tr>\n<td>06670<\/td>\n<td>Levens<\/td>\n<\/tr>\n<tr>\n<td>06260<\/td>\n<td>Lieuche<\/td>\n<\/tr>\n<tr>\n<td>06440<\/td>\n<td>Luc\u00e9ram<\/td>\n<\/tr>\n<tr>\n<td>06710<\/td>\n<td>Malauss\u00e8ne<\/td>\n<\/tr>\n<tr>\n<td>06420<\/td>\n<td>Marie<\/td>\n<\/tr>\n<tr>\n<td>06710<\/td>\n<td>Massoins<\/td>\n<\/tr>\n<tr>\n<td>06500<\/td>\n<td>Menton<\/td>\n<\/tr>\n<tr>\n<td>06380<\/td>\n<td>Moulinet<\/td>\n<\/tr>\n<tr>\n<td>06000<\/td>\n<\/tr>\n<tr>\n<td>06440<\/td>\n<td>Peille<\/td>\n<\/tr>\n<tr>\n<td>06440<\/td>\n<td>Peillon<\/td>\n<\/tr>\n<tr>\n<td>06470<\/td>\n<td>P\u00e9one<\/td>\n<\/tr>\n<tr>\n<td>06260<\/td>\n<td>Pierlas<\/td>\n<\/tr>\n<tr>\n<td>06910<\/td>\n<td>Pierrefeu<\/td>\n<\/tr>\n<tr>\n<td>06260<\/td>\n<td>Puget-Rostang<\/td>\n<\/tr>\n<tr>\n<td>06260<\/td>\n<td>Puget-Th\u00e9niers<\/td>\n<\/tr>\n<tr>\n<td>06830<\/td>\n<td>Revest-les-Roches<\/td>\n<\/tr>\n<tr>\n<td>06260<\/td>\n<td>Rigaud<\/td>\n<\/tr>\n<tr>\n<td>06420<\/td>\n<td>Rimplas<\/td>\n<\/tr>\n<tr>\n<td>06450<\/td>\n<td>Roquebilli\u00e8re<\/td>\n<\/tr>\n<tr>\n<td>06190<\/td>\n<td>Roquebrune-Cap-Martin<\/td>\n<\/tr>\n<tr>\n<td>06910<\/td>\n<td>Roquesteron<\/td>\n<\/tr>\n<tr>\n<td>06420<\/td>\n<td>Roubion<\/td>\n<\/tr>\n<tr>\n<td>06420<\/td>\n<td>Roure<\/td>\n<\/tr>\n<tr>\n<td>06730<\/td>\n<td>Saint-Andr\u00e9-de-la-Roche<\/td>\n<\/tr>\n<tr>\n<td>06260<\/td>\n<td>Saint-Antonin<\/td>\n<\/tr>\n<tr>\n<td>06670<\/td>\n<td>Saint-Blaise<\/td>\n<\/tr>\n<tr>\n<td>06660<\/td>\n<td>Saint-Dalmas-le-Selvage<\/td>\n<\/tr>\n<tr>\n<td>06660<\/td>\n<td>Saint-\u00c9tienne-de-Tin\u00e9e<\/td>\n<\/tr>\n<tr>\n<td>06230<\/td>\n<td>Saint-Jean-Cap-Ferrat<\/td>\n<\/tr>\n<tr>\n<td>06260<\/td>\n<td>Saint-L\u00e9ger<\/td>\n<\/tr>\n<tr>\n<td>06470<\/td>\n<td>Saint-Martin-d&rsquo;Entraunes<\/td>\n<\/tr>\n<tr>\n<td>06670<\/td>\n<td>Saint-Martin-du-Var<\/td>\n<\/tr>\n<tr>\n<td>06450<\/td>\n<td>Saint-Martin-V\u00e9subie<\/td>\n<\/tr>\n<tr>\n<td>06420<\/td>\n<td>Saint-Sauveur-sur-Tin\u00e9e<\/td>\n<\/tr>\n<tr>\n<td>06500<\/td>\n<td>Sainte-Agn\u00e8s<\/td>\n<\/tr>\n<tr>\n<td>06540<\/td>\n<td>Saorge<\/td>\n<\/tr>\n<tr>\n<td>06470<\/td>\n<td>Sauze<\/td>\n<\/tr>\n<tr>\n<td>06910<\/td>\n<td>Sigale<\/td>\n<\/tr>\n<tr>\n<td>06380<\/td>\n<td>Sospel<\/td>\n<\/tr>\n<tr>\n<td>06430<\/td>\n<td>Tende<\/td>\n<\/tr>\n<tr>\n<td>06710<\/td>\n<td>Thi\u00e9ry<\/td>\n<\/tr>\n<tr>\n<td>06830<\/td>\n<td>Toudon<\/td>\n<\/tr>\n<tr>\n<td>06440<\/td>\n<td>Tou\u00ebt-de-l&rsquo;Escar\u00e8ne<\/td>\n<\/tr>\n<tr>\n<td>06710<\/td>\n<td>Tou\u00ebt-sur-Var<\/td>\n<\/tr>\n<tr>\n<td>06830<\/td>\n<td>Tourette-du-Ch\u00e2teau<\/td>\n<\/tr>\n<tr>\n<td>06710<\/td>\n<td>Tournefort<\/td>\n<\/tr>\n<tr>\n<td>06690<\/td>\n<td>Tourrette-Levens<\/td>\n<\/tr>\n<tr>\n<td>06450<\/td>\n<td>Utelle<\/td>\n<\/tr>\n<tr>\n<td>06420<\/td>\n<td>Valdeblore<\/td>\n<\/tr>\n<tr>\n<td>06450<\/td>\n<td>Venanson<\/td>\n<\/tr>\n<tr>\n<td>06710<\/td>\n<td>Villars-sur-Var<\/td>\n<\/tr>\n<tr>\n<td>06230<\/td>\n<td>Villefranche-sur-Mer<\/td>\n<\/tr>\n<tr>\n<td>06470<\/td>\n<td>Villeneuve-d&rsquo;Entraunes<\/td>\n<\/tr>\n<\/tbody>\n<\/table>\n","protected":false},"excerpt":{"rendered":"<p>Les structures commerciales dont le si\u00e8ge est \u00e0 Nice ou dans le d\u00e9partement des Alpes-Maritimes doivent se servir des services [&hellip;]<\/p>\n","protected":false},"author":1,"featured_media":0,"parent":1759,"menu_order":0,"comment_status":"closed","ping_status":"closed","template":"","meta":{"inline_featured_image":false,"footnotes":""},"class_list":["post-1996","page","type-page","status-publish","hentry"],"yoast_head":"<!-- This site is optimized with the Yoast SEO plugin v26.8 - https:\/\/yoast.com\/product\/yoast-seo-wordpress\/ -->\n<title>Greffe du tribunal de commerce de Nice - Actualit\u00e9 des entreprises<\/title>\n<meta name=\"robots\" content=\"index, follow, max-snippet:-1, max-image-preview:large, max-video-preview:-1\" \/>\n<link rel=\"canonical\" href=\"https:\/\/www.annonces-legales.org\/blog\/greffe\/greffe-du-tribunal-de-commerce-de-nice\/\" \/>\n<meta property=\"og:locale\" content=\"fr_FR\" \/>\n<meta property=\"og:type\" content=\"article\" \/>\n<meta property=\"og:title\" content=\"Greffe du tribunal de commerce de Nice - Actualit\u00e9 des entreprises\" \/>\n<meta property=\"og:description\" content=\"Les structures commerciales dont le si\u00e8ge est \u00e0 Nice ou dans le d\u00e9partement des Alpes-Maritimes doivent se servir des services [&hellip;]\" \/>\n<meta property=\"og:url\" content=\"https:\/\/www.annonces-legales.org\/blog\/greffe\/greffe-du-tribunal-de-commerce-de-nice\/\" \/>\n<meta property=\"og:site_name\" content=\"Actualit\u00e9 des entreprises\" \/>\n<meta property=\"article:modified_time\" content=\"2022-02-01T16:22:04+00:00\" \/>\n<meta property=\"og:image\" content=\"https:\/\/www.annonces-legales.org\/blog\/wp-content\/uploads\/2022\/01\/tribunal.png\" \/>\n\t<meta property=\"og:image:width\" content=\"640\" \/>\n\t<meta property=\"og:image:height\" content=\"612\" \/>\n\t<meta property=\"og:image:type\" content=\"image\/png\" \/>\n<meta name=\"twitter:card\" content=\"summary_large_image\" \/>\n<meta name=\"twitter:label1\" content=\"Dur\u00e9e de lecture estim\u00e9e\" \/>\n\t<meta name=\"twitter:data1\" content=\"3 minutes\" \/>\n<script type=\"application\/ld+json\" class=\"yoast-schema-graph\">{\"@context\":\"https:\/\/schema.org\",\"@graph\":[{\"@type\":\"WebPage\",\"@id\":\"https:\/\/www.annonces-legales.org\/blog\/greffe\/greffe-du-tribunal-de-commerce-de-nice\/\",\"url\":\"https:\/\/www.annonces-legales.org\/blog\/greffe\/greffe-du-tribunal-de-commerce-de-nice\/\",\"name\":\"Greffe du tribunal de commerce de Nice - Actualit\u00e9 des entreprises\",\"isPartOf\":{\"@id\":\"https:\/\/www.annonces-legales.org\/blog\/#website\"},\"primaryImageOfPage\":{\"@id\":\"https:\/\/www.annonces-legales.org\/blog\/greffe\/greffe-du-tribunal-de-commerce-de-nice\/#primaryimage\"},\"image\":{\"@id\":\"https:\/\/www.annonces-legales.org\/blog\/greffe\/greffe-du-tribunal-de-commerce-de-nice\/#primaryimage\"},\"thumbnailUrl\":\"https:\/\/www.annonces-legales.org\/blog\/wp-content\/uploads\/2022\/01\/tribunal-150x150.png\",\"datePublished\":\"2022-01-22T19:55:49+00:00\",\"dateModified\":\"2022-02-01T16:22:04+00:00\",\"breadcrumb\":{\"@id\":\"https:\/\/www.annonces-legales.org\/blog\/greffe\/greffe-du-tribunal-de-commerce-de-nice\/#breadcrumb\"},\"inLanguage\":\"fr-FR\",\"potentialAction\":[{\"@type\":\"ReadAction\",\"target\":[\"https:\/\/www.annonces-legales.org\/blog\/greffe\/greffe-du-tribunal-de-commerce-de-nice\/\"]}]},{\"@type\":\"ImageObject\",\"inLanguage\":\"fr-FR\",\"@id\":\"https:\/\/www.annonces-legales.org\/blog\/greffe\/greffe-du-tribunal-de-commerce-de-nice\/#primaryimage\",\"url\":\"https:\/\/www.annonces-legales.org\/blog\/wp-content\/uploads\/2022\/01\/tribunal.png\",\"contentUrl\":\"https:\/\/www.annonces-legales.org\/blog\/wp-content\/uploads\/2022\/01\/tribunal.png\",\"width\":640,\"height\":612},{\"@type\":\"BreadcrumbList\",\"@id\":\"https:\/\/www.annonces-legales.org\/blog\/greffe\/greffe-du-tribunal-de-commerce-de-nice\/#breadcrumb\",\"itemListElement\":[{\"@type\":\"ListItem\",\"position\":1,\"name\":\"Accueil\",\"item\":\"https:\/\/www.annonces-legales.org\/blog\/\"},{\"@type\":\"ListItem\",\"position\":2,\"name\":\"Liste des Greffes des tribunaux de commerce\",\"item\":\"https:\/\/www.annonces-legales.org\/blog\/greffe\/\"},{\"@type\":\"ListItem\",\"position\":3,\"name\":\"Greffe du tribunal de commerce de Nice\"}]},{\"@type\":\"WebSite\",\"@id\":\"https:\/\/www.annonces-legales.org\/blog\/#website\",\"url\":\"https:\/\/www.annonces-legales.org\/blog\/\",\"name\":\"Actualit\u00e9 des entreprises\",\"description\":\"\",\"publisher\":{\"@id\":\"https:\/\/www.annonces-legales.org\/blog\/#organization\"},\"potentialAction\":[{\"@type\":\"SearchAction\",\"target\":{\"@type\":\"EntryPoint\",\"urlTemplate\":\"https:\/\/www.annonces-legales.org\/blog\/?s={search_term_string}\"},\"query-input\":{\"@type\":\"PropertyValueSpecification\",\"valueRequired\":true,\"valueName\":\"search_term_string\"}}],\"inLanguage\":\"fr-FR\"},{\"@type\":\"Organization\",\"@id\":\"https:\/\/www.annonces-legales.org\/blog\/#organization\",\"name\":\"Actualit\u00e9 des entreprises\",\"url\":\"https:\/\/www.annonces-legales.org\/blog\/\",\"logo\":{\"@type\":\"ImageObject\",\"inLanguage\":\"fr-FR\",\"@id\":\"https:\/\/www.annonces-legales.org\/blog\/#\/schema\/logo\/image\/\",\"url\":\"https:\/\/www.annonces-legales.org\/blog\/wp-content\/uploads\/2023\/08\/annonces-legales.svg\",\"contentUrl\":\"https:\/\/www.annonces-legales.org\/blog\/wp-content\/uploads\/2023\/08\/annonces-legales.svg\",\"caption\":\"Actualit\u00e9 des entreprises\"},\"image\":{\"@id\":\"https:\/\/www.annonces-legales.org\/blog\/#\/schema\/logo\/image\/\"}}]}<\/script>\n<!-- \/ Yoast SEO plugin. -->","yoast_head_json":{"title":"Greffe du tribunal de commerce de Nice - Actualit\u00e9 des entreprises","robots":{"index":"index","follow":"follow","max-snippet":"max-snippet:-1","max-image-preview":"max-image-preview:large","max-video-preview":"max-video-preview:-1"},"canonical":"https:\/\/www.annonces-legales.org\/blog\/greffe\/greffe-du-tribunal-de-commerce-de-nice\/","og_locale":"fr_FR","og_type":"article","og_title":"Greffe du tribunal de commerce de Nice - Actualit\u00e9 des entreprises","og_description":"Les structures commerciales dont le si\u00e8ge est \u00e0 Nice ou dans le d\u00e9partement des Alpes-Maritimes doivent se servir des services [&hellip;]","og_url":"https:\/\/www.annonces-legales.org\/blog\/greffe\/greffe-du-tribunal-de-commerce-de-nice\/","og_site_name":"Actualit\u00e9 des entreprises","article_modified_time":"2022-02-01T16:22:04+00:00","og_image":[{"width":640,"height":612,"url":"https:\/\/www.annonces-legales.org\/blog\/wp-content\/uploads\/2022\/01\/tribunal.png","type":"image\/png"}],"twitter_card":"summary_large_image","twitter_misc":{"Dur\u00e9e de lecture estim\u00e9e":"3 minutes"},"schema":{"@context":"https:\/\/schema.org","@graph":[{"@type":"WebPage","@id":"https:\/\/www.annonces-legales.org\/blog\/greffe\/greffe-du-tribunal-de-commerce-de-nice\/","url":"https:\/\/www.annonces-legales.org\/blog\/greffe\/greffe-du-tribunal-de-commerce-de-nice\/","name":"Greffe du tribunal de commerce de Nice - Actualit\u00e9 des entreprises","isPartOf":{"@id":"https:\/\/www.annonces-legales.org\/blog\/#website"},"primaryImageOfPage":{"@id":"https:\/\/www.annonces-legales.org\/blog\/greffe\/greffe-du-tribunal-de-commerce-de-nice\/#primaryimage"},"image":{"@id":"https:\/\/www.annonces-legales.org\/blog\/greffe\/greffe-du-tribunal-de-commerce-de-nice\/#primaryimage"},"thumbnailUrl":"https:\/\/www.annonces-legales.org\/blog\/wp-content\/uploads\/2022\/01\/tribunal-150x150.png","datePublished":"2022-01-22T19:55:49+00:00","dateModified":"2022-02-01T16:22:04+00:00","breadcrumb":{"@id":"https:\/\/www.annonces-legales.org\/blog\/greffe\/greffe-du-tribunal-de-commerce-de-nice\/#breadcrumb"},"inLanguage":"fr-FR","potentialAction":[{"@type":"ReadAction","target":["https:\/\/www.annonces-legales.org\/blog\/greffe\/greffe-du-tribunal-de-commerce-de-nice\/"]}]},{"@type":"ImageObject","inLanguage":"fr-FR","@id":"https:\/\/www.annonces-legales.org\/blog\/greffe\/greffe-du-tribunal-de-commerce-de-nice\/#primaryimage","url":"https:\/\/www.annonces-legales.org\/blog\/wp-content\/uploads\/2022\/01\/tribunal.png","contentUrl":"https:\/\/www.annonces-legales.org\/blog\/wp-content\/uploads\/2022\/01\/tribunal.png","width":640,"height":612},{"@type":"BreadcrumbList","@id":"https:\/\/www.annonces-legales.org\/blog\/greffe\/greffe-du-tribunal-de-commerce-de-nice\/#breadcrumb","itemListElement":[{"@type":"ListItem","position":1,"name":"Accueil","item":"https:\/\/www.annonces-legales.org\/blog\/"},{"@type":"ListItem","position":2,"name":"Liste des Greffes des tribunaux de commerce","item":"https:\/\/www.annonces-legales.org\/blog\/greffe\/"},{"@type":"ListItem","position":3,"name":"Greffe du tribunal de commerce de Nice"}]},{"@type":"WebSite","@id":"https:\/\/www.annonces-legales.org\/blog\/#website","url":"https:\/\/www.annonces-legales.org\/blog\/","name":"Actualit\u00e9 des entreprises","description":"","publisher":{"@id":"https:\/\/www.annonces-legales.org\/blog\/#organization"},"potentialAction":[{"@type":"SearchAction","target":{"@type":"EntryPoint","urlTemplate":"https:\/\/www.annonces-legales.org\/blog\/?s={search_term_string}"},"query-input":{"@type":"PropertyValueSpecification","valueRequired":true,"valueName":"search_term_string"}}],"inLanguage":"fr-FR"},{"@type":"Organization","@id":"https:\/\/www.annonces-legales.org\/blog\/#organization","name":"Actualit\u00e9 des entreprises","url":"https:\/\/www.annonces-legales.org\/blog\/","logo":{"@type":"ImageObject","inLanguage":"fr-FR","@id":"https:\/\/www.annonces-legales.org\/blog\/#\/schema\/logo\/image\/","url":"https:\/\/www.annonces-legales.org\/blog\/wp-content\/uploads\/2023\/08\/annonces-legales.svg","contentUrl":"https:\/\/www.annonces-legales.org\/blog\/wp-content\/uploads\/2023\/08\/annonces-legales.svg","caption":"Actualit\u00e9 des entreprises"},"image":{"@id":"https:\/\/www.annonces-legales.org\/blog\/#\/schema\/logo\/image\/"}}]}},"_links":{"self":[{"href":"https:\/\/www.annonces-legales.org\/blog\/wp-json\/wp\/v2\/pages\/1996","targetHints":{"allow":["GET"]}}],"collection":[{"href":"https:\/\/www.annonces-legales.org\/blog\/wp-json\/wp\/v2\/pages"}],"about":[{"href":"https:\/\/www.annonces-legales.org\/blog\/wp-json\/wp\/v2\/types\/page"}],"author":[{"embeddable":true,"href":"https:\/\/www.annonces-legales.org\/blog\/wp-json\/wp\/v2\/users\/1"}],"replies":[{"embeddable":true,"href":"https:\/\/www.annonces-legales.org\/blog\/wp-json\/wp\/v2\/comments?post=1996"}],"version-history":[{"count":5,"href":"https:\/\/www.annonces-legales.org\/blog\/wp-json\/wp\/v2\/pages\/1996\/revisions"}],"predecessor-version":[{"id":2604,"href":"https:\/\/www.annonces-legales.org\/blog\/wp-json\/wp\/v2\/pages\/1996\/revisions\/2604"}],"up":[{"embeddable":true,"href":"https:\/\/www.annonces-legales.org\/blog\/wp-json\/wp\/v2\/pages\/1759"}],"wp:attachment":[{"href":"https:\/\/www.annonces-legales.org\/blog\/wp-json\/wp\/v2\/media?parent=1996"}],"curies":[{"name":"wp","href":"https:\/\/api.w.org\/{rel}","templated":true}]}}