{"id":2002,"date":"2022-01-22T20:56:57","date_gmt":"2022-01-22T19:56:57","guid":{"rendered":"https:\/\/www.annonces-legales.org\/blog\/?page_id=2002"},"modified":"2022-01-23T17:02:21","modified_gmt":"2022-01-23T16:02:21","slug":"greffe-du-tribunal-de-commerce-de-paris","status":"publish","type":"page","link":"https:\/\/www.annonces-legales.org\/blog\/greffe\/greffe-du-tribunal-de-commerce-de-paris\/","title":{"rendered":"Greffe du tribunal de commerce de Paris"},"content":{"rendered":"<p>Les soci\u00e9t\u00e9s qui ont leur si\u00e8ge social \u00e0 Paris doivent utiliser les services du <strong>greffe du tribunal de commerce de Paris<\/strong> pour accomplir leurs nombreuses d\u00e9marches obligatoires. Ces d\u00e9marches existent lors de la cr\u00e9ation d&rsquo;une soci\u00e9t\u00e9 mais aussi pendant toute la dur\u00e9e de son activit\u00e9.<\/p>\n<p>&nbsp;<\/p>\n<h2>Informations de contact du greffe du tribunal de commerce de Paris<\/h2>\n<p>Pour vous entretenir avec le greffe, vous pouvez utiliser le t\u00e9l\u00e9phone ou leur site Internet.<\/p>\n<p><strong>Adresse<\/strong> : 1, Quai De La Corse 75198 PARIS CEDEX 04<\/p>\n<p><strong>T\u00e9l\u00e9phone<\/strong> : 08 91 01 75 75. Un professionnel est disponible pour vous r\u00e9pondre du lundi au vendredi de 9h \u00e0 12h30 et de 13h30 \u00e0 17h.<\/p>\n<p><strong>URL<\/strong> : www.greffe-tc-paris.fr<\/p>\n<h3>Carte d&rsquo;acc\u00e8s au Greffe<\/h3>\n<p><div class=\"leaflet-map WPLeafletMap\" style=\"height:250px; width:100%;\"><\/div><script>\nwindow.WPLeafletMapPlugin = window.WPLeafletMapPlugin || [];\nwindow.WPLeafletMapPlugin.push(function WPLeafletMapShortcode() {\/*<script>*\/\nvar baseUrl = atob('aHR0cHM6Ly97c30udGlsZS5vcGVuc3RyZWV0bWFwLm9yZy97en0ve3h9L3t5fS5wbmc=');\nvar base = (!baseUrl && window.MQ) ?\n    window.MQ.mapLayer() : L.tileLayer(baseUrl,\n        L.Util.extend({}, {\n            detectRetina: 0,\n        },\n        {\"subdomains\":\"abc\",\"noWrap\":false,\"maxZoom\":20}        )\n    );\n    var options = L.Util.extend({}, {\n        layers: [base],\n        attributionControl: false\n    },\n    {\"zoomControl\":true,\"scrollWheelZoom\":false,\"doubleClickZoom\":false,\"fitBounds\":false,\"minZoom\":0,\"maxZoom\":20,\"maxBounds\":null,\"attribution\":\"\"},\n    {});\nwindow.WPLeafletMapPlugin.createMap(options).setView([48.856128,2.346734],17);});<\/script> <script>\nwindow.WPLeafletMapPlugin = window.WPLeafletMapPlugin || [];\nwindow.WPLeafletMapPlugin.push(function WPLeafletMarkerShortcode() {\/*<script>*\/\nvar map = window.WPLeafletMapPlugin.getCurrentMap();\nvar group = window.WPLeafletMapPlugin.getCurrentGroup();\nvar marker_options = window.WPLeafletMapPlugin.getIconOptions({});\nvar marker = L.marker(\n    [0,0],\n    marker_options\n);\nvar is_image = map.is_image_map;\n    marker.setLatLng( map.getCenter() );\nif (marker_options.draggable) {\n    marker.on('dragend', function () {\n        var latlng = this.getLatLng();\n        var lat = latlng.lat;\n        var lng = latlng.lng;\n        if (is_image) {\n            console.log('leaflet-marker y=' + lat + ' x=' + lng);\n        } else {\n            console.log('leaflet-marker lat=' + lat + ' lng=' + lng);\n        }\n    });\n}\nmarker.addTo( group );\nmarker.bindPopup(window.WPLeafletMapPlugin.unescape(' Greffe du tribunal de commerce de Paris ')).openPopup();window.WPLeafletMapPlugin.markers.push( marker );\n        });<\/script><\/p>\n<p>&nbsp;<\/p>\n<h3>Se rendre au greffe en transport en commun<\/h3>\n<p>Le greffe est accessible par m\u00e9tro (ligne 4, arr\u00eat Chatelet, Cit\u00e9, Saint Michel) ou par RER B ou RER C (arr\u00eat Saint Michel Notre-Dame). En bus, il faudra utiliser l&rsquo;une des lignes suivantes : 21, 38, 47, 85, 96.<\/p>\n<p>&nbsp;<\/p>\n<h2>Horaires d&rsquo;ouverture<\/h2>\n<p>Les guichets du greffe du tribunal de commerce de Paris sont ouvert du lundi au vendredi de 9h00 \u00e0 17h00<\/p>\n<p>&nbsp;<\/p>\n<h2>Obtenir des documents certifi\u00e9s avec le Greffe<\/h2>\n<p>Sur le site du greffe de Paris, vous pouvez <strong>commander des documents officiels<\/strong> comme des K-bis, des statuts juridiques, des actes, des extraits de proc\u00e8s verbaux, des jugements, des comptes annuels&#8230;<br \/>\nPour cela, il suffit de faire une recherche \u00e0 partir du num\u00e9ro de SIRET, du nom d&rsquo;une entreprise ou de l&rsquo;un de ses dirigeants.<\/p>\n<p>Le prix de chaque document est diff\u00e9rent (par exemple 3,37 euros pour un extrait K-bis ou 10,14 euros TC pour une copie des status \u00e0 jour).<\/p>\n<p>Il est possible de les t\u00e9l\u00e9charger en ligne au format pdf, de se les faire envoyer par la poste ou m\u00eame par coursier. Bien entendu, l&rsquo;envoi par la poste ou via un coursier co\u00fbte plus cher.<\/p>\n<p>&nbsp;<\/p>\n<h2>Les principales missions du greffe de Paris<\/h2>\n<p>Le greffe a pour objet d&rsquo;administrer un nombre important de services du tribunal de Paris. Le greffe du tribunal va coop\u00e9rer avec les juges. Cette entit\u00e9 va \u00e9galement tenir des r\u00e9pertoires, notamment le RCS. Il va \u00e9galement tenir d&rsquo;autres fichiers comme par exemple le registre des agents commerciaux ou le RBE.<\/p>\n<p>L&rsquo;ensemble des formalit\u00e9s qui concernent la<strong> constitution ou les changements \u00e0 l&rsquo;int\u00e9rieur d&rsquo;une entreprise<\/strong> ont l&rsquo;obligation d&rsquo;\u00eatre effectu\u00e9es avec le greffe de Paris. Il faut bien s\u00fbr joindre le greffe dont d\u00e9pend la structure. Si votre entreprise d\u00e9pend d&rsquo;un autre greffe, vous pouvez trouver <a href=\"https:\/\/www.annonces-legales.org\/blog\/greffe\/\">la liste ici.<\/a><\/p>\n<p>&nbsp;<\/p>\n<h2>Les structures qui ont besoin d&rsquo;un num\u00e9ro d&rsquo;immatriculation<\/h2>\n<p>Mis \u00e0 part quelques particularit\u00e9s, toutes les soci\u00e9t\u00e9s ayant une activit\u00e9 commerciale vont \u00eatre oblig\u00e9s de <strong>s&rsquo;inscrire aupr\u00e8s du registre du commerce et des soci\u00e9t\u00e9s de Paris<\/strong>. Ce sont l&rsquo;ensemble des structures juridiques relativement communes telles que les SARL, EURL, SAS, SA, SCI &#8230; mais \u00e9galement des petites entreprises comme les entreprises individuelles. C&rsquo;est seulement lorsqu&rsquo;elle est inscrite qu&rsquo;une entreprise existe r\u00e9ellement. Sans un num\u00e9ro d&rsquo;immatriculation, une entreprise ne peut pas commencer \u00e0 vendre ses services et ses produits et ne pourra pas embaucher de salari\u00e9s.<\/p>\n<p>&nbsp;<\/p>\n<h2>Comment obtenir un num\u00e9ro de soci\u00e9t\u00e9 pour son enregistrement aupr\u00e8s du greffe de Paris ?<\/h2>\n<p>Une entreprise commerciale ne peut pas d\u00e9buter ses activit\u00e9s si elle n&rsquo;est pas immatricul\u00e9e au <strong>registre du commerce et des soci\u00e9t\u00e9s de Paris<\/strong> (RCS). Les structures artisanales devront en plus s&rsquo;immatriculer au r\u00e9pertoire des m\u00e9tiers.<\/p>\n<p>Il est possible de r\u00e9aliser l&rsquo;immatriculation de la soci\u00e9t\u00e9 en allant au CFE du greffe de Paris. Il est \u00e9galement recevable de faire l&rsquo;inscription par la poste en envoyant le formulaire M0 (ou P0) avec tous les papiers demand\u00e9s (voir ci-dessous).<br \/>\nN\u00e9anmoins, le moyen le plus commode et rapide est sans doute de r\u00e9aliser cet enregistrement directement ligne sur la page web du greffe.<\/p>\n<p>&nbsp;<\/p>\n<p>&nbsp;<\/p>\n<h2>Quelles sont les pi\u00e8ces compl\u00e9mentaires \u00e0 joindre au dossier d&rsquo;immatriculation ?<\/h2>\n<p>La demande d&rsquo;enregistrement de la soci\u00e9t\u00e9 est la derni\u00e8re \u00e9tape \u00e0 r\u00e9aliser pour la cr\u00e9ation d&rsquo;une entreprise commerciale. Avant cela, il faudra r\u00e9diger les statuts de la soci\u00e9t\u00e9, notamment si celle-ci est une SAS ou SA. Il faudra \u00e9galement publier une <a href=\"https:\/\/www.annonces-legales.org\/blog\/avis-de-constitution\/\">annonce l\u00e9gale de constitution<\/a> d&rsquo;entreprise et remplir un formulaire : le <strong>formulaire M0 ou P0<\/strong>.<br \/>\nIl faudra bien entendu aussi proc\u00e9der \u00e0 la nomination du g\u00e9rant et choisir l&rsquo;adresse du si\u00e8ge.<\/p>\n<p>Le dossier \u00e0 d\u00e9poser pour l&rsquo;inscription et l&rsquo;obtention d&rsquo;un num\u00e9ro d&rsquo;immatriculation doit comprendre les pi\u00e8ces suivantes :<\/p>\n<ul>\n<li>le formulaire M0<\/li>\n<li>deux copies des statuts de la soci\u00e9t\u00e9<\/li>\n<li>l&rsquo;attestation de parution de l&rsquo;annonce l\u00e9gale qui a \u00e9t\u00e9 publi\u00e9e<\/li>\n<li>l&rsquo;acte de nomination du g\u00e9rant<\/li>\n<li>un certificat de domiciliation du si\u00e8ge social de la soci\u00e9t\u00e9<\/li>\n<li>une attestation sur l&rsquo;honneur de non condamnation du g\u00e9rant<\/li>\n<li>une copie de la pi\u00e8ce d&rsquo;identit\u00e9 du g\u00e9rant<\/li>\n<\/ul>\n<p>&nbsp;<\/p>\n<h2>Combien va co\u00fbter l&rsquo;immatriculation de l&rsquo;entreprise au RCS de Paris ?<\/h2>\n<p>L&rsquo;<strong>immatriculation d&rsquo;une entreprise<\/strong> au RCS de Paris va co\u00fbter 24,52 euros HT pour toute entreprise. A ce montant peuvent s&rsquo;ajouter des frais pour le d\u00e9p\u00f4t des actes de 8.03 euros TTC.<br \/>\nSi le cr\u00e9ateur d&rsquo;entreprise souhaite r\u00e9aliser une d\u00e9claration des b\u00e9n\u00e9ficiaires effectifs en m\u00eame temps que la cr\u00e9ation, il faudra r\u00e9gler des co\u00fbts additionnels de 17,84 euros HT.<br \/>\nLe montant total des frais du greffe pour la gestion du dossier et sa prise en compte ne d\u00e9passera normalement pas 60 euros TTC.<\/p>\n<p>&nbsp;<\/p>\n<p>&nbsp;<\/p>\n<h2>Co\u00fbts pour la location g\u00e9rance et l&rsquo;apport d&rsquo;un fonds de commerce<\/h2>\n<p>L&rsquo;inscription d&rsquo;un commerce en location g\u00e9rance ou via l&rsquo;apport d&rsquo;un fonds de commerce est factur\u00e9 entre 61,54 euros et\u00a0 90,98 euros TTC (si d\u00e9claration de b\u00e9n\u00e9ficiaires effectifs).<\/p>\n<p>&nbsp;<\/p>\n<h2>Frais du greffe de Paris pour un changement dans l&rsquo;entreprise<\/h2>\n<p>Suite \u00e0 un changement dans l&rsquo;entreprise (g\u00e9rant, si\u00e8ge social, capital social&#8230;), il faut modifier les status et <a href=\"https:\/\/www.annonces-legales.org\">publier une annonce l\u00e9gale<\/a>.<\/p>\n<p>Il faut ensuite d\u00e9poser un dossier au greffe. Les frais de gestion du greffe pour cette formalit\u00e9 devrait \u00eatre de 46,82 euros HT (56.18 TTC).<\/p>\n<p>&nbsp;<\/p>\n<h2>Bien comprendre le Siret, le code APE, le num\u00e9ro de TVA intracommunautaire<\/h2>\n<p>Quand une entreprise nait, de nombreux num\u00e9ros d&rsquo;identification vont \u00eatre cr\u00e9\u00e9s pour pouvoir l&rsquo;identifier. Voyons ensemble les diff\u00e9rents num\u00e9ros qui existent pour <strong>identifier les entreprises fran\u00e7aises<\/strong>.<\/p>\n<p>&nbsp;<\/p>\n<h3>Le num\u00e9ro SIREN<\/h3>\n<p>Ce num\u00e9ro \u00e0 neuf chiffres est unique. Il est donn\u00e9 \u00e0 chaque entreprise suite au d\u00e9p\u00f4t du dossier d&rsquo;immatriculation aupr\u00e8s du centre de formalit\u00e9 des entreprises.<\/p>\n<p>&nbsp;<\/p>\n<h3>Le num\u00e9ro SIRET<\/h3>\n<p>Chaque entreprise va avoir au minimum un num\u00e9ro de SIREN et un num\u00e9ro de SIRET. Le num\u00e9ro de Siret correspond au num\u00e9ro de SIREN avec le <strong>num\u00e9ro interne de classement de l&rsquo;\u00e9tablissement (NIC)<\/strong>. Si une entreprise poss\u00e8de plusieurs adresses, elle aura plusieurs num\u00e9ros de SIRET mais seulement un seul num\u00e9ro de SIREN.<\/p>\n<p>&nbsp;<\/p>\n<h4>Peut-on changer le num\u00e9ro de SIRET de son entreprise ?<\/h4>\n<p>Le SIRET est compos\u00e9 du num\u00e9ro de SIREN suivi du code NIC. Si un \u00e9tablissement change son adresse, il va se voir attribuer un nouveau code NIC. Le SIRET va donc changer et sera compos\u00e9 du num\u00e9ro de SIREN (qui ne change jamais) et du nouveau code NIC.<\/p>\n<p>&nbsp;<\/p>\n<h3>Le code APE<\/h3>\n<p>Le code APE est d\u00e9livr\u00e9 par l&rsquo;INSEE \u00e0 chaque entreprise fran\u00e7aise. Chaque entreprise va avoir un code APE. Et chacun de ses \u00e9tablissements aura un code APE. Ce code permet de conna\u00eetre l&rsquo;activit\u00e9 principale d&rsquo;une entreprise. On l&rsquo;utilise surtout \u00e0 des fins statistiques et pour r\u00e9aliser des \u00e9tudes \u00e9conomiques et d\u00e9finir les textes et la r\u00e9glementation.<br \/>\nC&rsquo;est \u00e0 partir du code APE qu&rsquo;on conna\u00eet la convention collective dont d\u00e9pend le salari\u00e9 d&rsquo;une entreprise.<\/p>\n<p>&nbsp;<\/p>\n<h3>Le num\u00e9ro de TVA intracommunautaire<\/h3>\n<p>Si une entreprise est immatricul\u00e9e dans un des pays de l&rsquo;Union Europ\u00e9enne, elle va avoir un num\u00e9ro de TVA intracommunautaire. Ce num\u00e9ro est compos\u00e9 du code FR et de quelques chiffres (dont les neuf chiffres du num\u00e9ro de SIREN). Ce num\u00e9ro permet de faciliter les \u00e9changes commerciaux entre les soci\u00e9t\u00e9s de l&rsquo;Union. Le num\u00e9ro de TVA doit appara\u00eetre sur les factures de la soci\u00e9t\u00e9, les d\u00e9clarations d&rsquo;\u00e9changes de biens ou de services et les d\u00e9clarations de TVA.<\/p>\n<p>&nbsp;<\/p>\n<h3>Le num\u00e9ro EORI<\/h3>\n<p>Le <strong>num\u00e9ro d&rsquo;identification communautaire<\/strong> (EORI) sert \u00e0 identifier les op\u00e9rateurs \u00e9conomiques qui r\u00e9alisent des op\u00e9rations d&rsquo;importation ou d&rsquo;exportation hors de l&rsquo;Union Europ\u00e9enne. Le num\u00e9ro est cr\u00e9\u00e9 \u00e0 partir du num\u00e9ro de SIRET. Pour obtenir un num\u00e9ro il faut en faire la demande aupr\u00e8s des douanes. Avec ce num\u00e9ro, il va \u00eatre possible d&rsquo;importer ou d&rsquo;exporter des marchandises hors des fronti\u00e8res europ\u00e9ennes et de mieux prot\u00e9ger la propri\u00e9t\u00e9 intellectuelle de la soci\u00e9t\u00e9.<\/p>\n<p>&nbsp;<\/p>\n<h3>Le num\u00e9ro du r\u00e9pertoire des m\u00e9tiers<\/h3>\n<p>Les artisans doivent s&rsquo;enregistrer aupr\u00e8s de la <strong>chambre des m\u00e9tiers et de l&rsquo;artisanat<\/strong> de Paris. Ils obtiendront ainsi une carte d&rsquo;identification d&rsquo;artisan avec un num\u00e9ro RM. Le num\u00e9ro RM est compos\u00e9 de la mention RM, du num\u00e9ro de SIREN de l&rsquo;entreprise et de chiffres pour identifier la chambre des m\u00e9tiers comp\u00e9tente.<\/p>\n<p>&nbsp;<\/p>\n","protected":false},"excerpt":{"rendered":"<p>Les soci\u00e9t\u00e9s qui ont leur si\u00e8ge social \u00e0 Paris doivent utiliser les services du greffe du tribunal de commerce de [&hellip;]<\/p>\n","protected":false},"author":1,"featured_media":0,"parent":1759,"menu_order":0,"comment_status":"closed","ping_status":"closed","template":"","meta":{"inline_featured_image":false,"footnotes":""},"class_list":["post-2002","page","type-page","status-publish","hentry"],"yoast_head":"<!-- This site is optimized with the Yoast SEO plugin v26.8 - https:\/\/yoast.com\/product\/yoast-seo-wordpress\/ -->\n<title>Greffe du tribunal de commerce de Paris - Actualit\u00e9 des entreprises<\/title>\n<meta name=\"robots\" content=\"index, follow, max-snippet:-1, max-image-preview:large, max-video-preview:-1\" \/>\n<link rel=\"canonical\" href=\"https:\/\/www.annonces-legales.org\/blog\/greffe\/greffe-du-tribunal-de-commerce-de-paris\/\" \/>\n<meta property=\"og:locale\" content=\"fr_FR\" \/>\n<meta property=\"og:type\" content=\"article\" \/>\n<meta property=\"og:title\" content=\"Greffe du tribunal de commerce de Paris - Actualit\u00e9 des entreprises\" \/>\n<meta property=\"og:description\" content=\"Les soci\u00e9t\u00e9s qui ont leur si\u00e8ge social \u00e0 Paris doivent utiliser les services du greffe du tribunal de commerce de [&hellip;]\" \/>\n<meta property=\"og:url\" content=\"https:\/\/www.annonces-legales.org\/blog\/greffe\/greffe-du-tribunal-de-commerce-de-paris\/\" \/>\n<meta property=\"og:site_name\" content=\"Actualit\u00e9 des entreprises\" \/>\n<meta property=\"article:modified_time\" content=\"2022-01-23T16:02:21+00:00\" \/>\n<meta name=\"twitter:card\" content=\"summary_large_image\" \/>\n<meta name=\"twitter:label1\" content=\"Dur\u00e9e de lecture estim\u00e9e\" \/>\n\t<meta name=\"twitter:data1\" content=\"8 minutes\" \/>\n<script type=\"application\/ld+json\" class=\"yoast-schema-graph\">{\"@context\":\"https:\/\/schema.org\",\"@graph\":[{\"@type\":\"WebPage\",\"@id\":\"https:\/\/www.annonces-legales.org\/blog\/greffe\/greffe-du-tribunal-de-commerce-de-paris\/\",\"url\":\"https:\/\/www.annonces-legales.org\/blog\/greffe\/greffe-du-tribunal-de-commerce-de-paris\/\",\"name\":\"Greffe du tribunal de commerce de Paris - Actualit\u00e9 des entreprises\",\"isPartOf\":{\"@id\":\"https:\/\/www.annonces-legales.org\/blog\/#website\"},\"datePublished\":\"2022-01-22T19:56:57+00:00\",\"dateModified\":\"2022-01-23T16:02:21+00:00\",\"breadcrumb\":{\"@id\":\"https:\/\/www.annonces-legales.org\/blog\/greffe\/greffe-du-tribunal-de-commerce-de-paris\/#breadcrumb\"},\"inLanguage\":\"fr-FR\",\"potentialAction\":[{\"@type\":\"ReadAction\",\"target\":[\"https:\/\/www.annonces-legales.org\/blog\/greffe\/greffe-du-tribunal-de-commerce-de-paris\/\"]}]},{\"@type\":\"BreadcrumbList\",\"@id\":\"https:\/\/www.annonces-legales.org\/blog\/greffe\/greffe-du-tribunal-de-commerce-de-paris\/#breadcrumb\",\"itemListElement\":[{\"@type\":\"ListItem\",\"position\":1,\"name\":\"Accueil\",\"item\":\"https:\/\/www.annonces-legales.org\/blog\/\"},{\"@type\":\"ListItem\",\"position\":2,\"name\":\"Liste des Greffes des tribunaux de commerce\",\"item\":\"https:\/\/www.annonces-legales.org\/blog\/greffe\/\"},{\"@type\":\"ListItem\",\"position\":3,\"name\":\"Greffe du tribunal de commerce de Paris\"}]},{\"@type\":\"WebSite\",\"@id\":\"https:\/\/www.annonces-legales.org\/blog\/#website\",\"url\":\"https:\/\/www.annonces-legales.org\/blog\/\",\"name\":\"Actualit\u00e9 des entreprises\",\"description\":\"\",\"publisher\":{\"@id\":\"https:\/\/www.annonces-legales.org\/blog\/#organization\"},\"potentialAction\":[{\"@type\":\"SearchAction\",\"target\":{\"@type\":\"EntryPoint\",\"urlTemplate\":\"https:\/\/www.annonces-legales.org\/blog\/?s={search_term_string}\"},\"query-input\":{\"@type\":\"PropertyValueSpecification\",\"valueRequired\":true,\"valueName\":\"search_term_string\"}}],\"inLanguage\":\"fr-FR\"},{\"@type\":\"Organization\",\"@id\":\"https:\/\/www.annonces-legales.org\/blog\/#organization\",\"name\":\"Actualit\u00e9 des entreprises\",\"url\":\"https:\/\/www.annonces-legales.org\/blog\/\",\"logo\":{\"@type\":\"ImageObject\",\"inLanguage\":\"fr-FR\",\"@id\":\"https:\/\/www.annonces-legales.org\/blog\/#\/schema\/logo\/image\/\",\"url\":\"https:\/\/www.annonces-legales.org\/blog\/wp-content\/uploads\/2023\/08\/annonces-legales.svg\",\"contentUrl\":\"https:\/\/www.annonces-legales.org\/blog\/wp-content\/uploads\/2023\/08\/annonces-legales.svg\",\"caption\":\"Actualit\u00e9 des entreprises\"},\"image\":{\"@id\":\"https:\/\/www.annonces-legales.org\/blog\/#\/schema\/logo\/image\/\"}}]}<\/script>\n<!-- \/ Yoast SEO plugin. -->","yoast_head_json":{"title":"Greffe du tribunal de commerce de Paris - Actualit\u00e9 des entreprises","robots":{"index":"index","follow":"follow","max-snippet":"max-snippet:-1","max-image-preview":"max-image-preview:large","max-video-preview":"max-video-preview:-1"},"canonical":"https:\/\/www.annonces-legales.org\/blog\/greffe\/greffe-du-tribunal-de-commerce-de-paris\/","og_locale":"fr_FR","og_type":"article","og_title":"Greffe du tribunal de commerce de Paris - Actualit\u00e9 des entreprises","og_description":"Les soci\u00e9t\u00e9s qui ont leur si\u00e8ge social \u00e0 Paris doivent utiliser les services du greffe du tribunal de commerce de [&hellip;]","og_url":"https:\/\/www.annonces-legales.org\/blog\/greffe\/greffe-du-tribunal-de-commerce-de-paris\/","og_site_name":"Actualit\u00e9 des entreprises","article_modified_time":"2022-01-23T16:02:21+00:00","twitter_card":"summary_large_image","twitter_misc":{"Dur\u00e9e de lecture estim\u00e9e":"8 minutes"},"schema":{"@context":"https:\/\/schema.org","@graph":[{"@type":"WebPage","@id":"https:\/\/www.annonces-legales.org\/blog\/greffe\/greffe-du-tribunal-de-commerce-de-paris\/","url":"https:\/\/www.annonces-legales.org\/blog\/greffe\/greffe-du-tribunal-de-commerce-de-paris\/","name":"Greffe du tribunal de commerce de Paris - Actualit\u00e9 des entreprises","isPartOf":{"@id":"https:\/\/www.annonces-legales.org\/blog\/#website"},"datePublished":"2022-01-22T19:56:57+00:00","dateModified":"2022-01-23T16:02:21+00:00","breadcrumb":{"@id":"https:\/\/www.annonces-legales.org\/blog\/greffe\/greffe-du-tribunal-de-commerce-de-paris\/#breadcrumb"},"inLanguage":"fr-FR","potentialAction":[{"@type":"ReadAction","target":["https:\/\/www.annonces-legales.org\/blog\/greffe\/greffe-du-tribunal-de-commerce-de-paris\/"]}]},{"@type":"BreadcrumbList","@id":"https:\/\/www.annonces-legales.org\/blog\/greffe\/greffe-du-tribunal-de-commerce-de-paris\/#breadcrumb","itemListElement":[{"@type":"ListItem","position":1,"name":"Accueil","item":"https:\/\/www.annonces-legales.org\/blog\/"},{"@type":"ListItem","position":2,"name":"Liste des Greffes des tribunaux de commerce","item":"https:\/\/www.annonces-legales.org\/blog\/greffe\/"},{"@type":"ListItem","position":3,"name":"Greffe du tribunal de commerce de Paris"}]},{"@type":"WebSite","@id":"https:\/\/www.annonces-legales.org\/blog\/#website","url":"https:\/\/www.annonces-legales.org\/blog\/","name":"Actualit\u00e9 des entreprises","description":"","publisher":{"@id":"https:\/\/www.annonces-legales.org\/blog\/#organization"},"potentialAction":[{"@type":"SearchAction","target":{"@type":"EntryPoint","urlTemplate":"https:\/\/www.annonces-legales.org\/blog\/?s={search_term_string}"},"query-input":{"@type":"PropertyValueSpecification","valueRequired":true,"valueName":"search_term_string"}}],"inLanguage":"fr-FR"},{"@type":"Organization","@id":"https:\/\/www.annonces-legales.org\/blog\/#organization","name":"Actualit\u00e9 des entreprises","url":"https:\/\/www.annonces-legales.org\/blog\/","logo":{"@type":"ImageObject","inLanguage":"fr-FR","@id":"https:\/\/www.annonces-legales.org\/blog\/#\/schema\/logo\/image\/","url":"https:\/\/www.annonces-legales.org\/blog\/wp-content\/uploads\/2023\/08\/annonces-legales.svg","contentUrl":"https:\/\/www.annonces-legales.org\/blog\/wp-content\/uploads\/2023\/08\/annonces-legales.svg","caption":"Actualit\u00e9 des entreprises"},"image":{"@id":"https:\/\/www.annonces-legales.org\/blog\/#\/schema\/logo\/image\/"}}]}},"_links":{"self":[{"href":"https:\/\/www.annonces-legales.org\/blog\/wp-json\/wp\/v2\/pages\/2002","targetHints":{"allow":["GET"]}}],"collection":[{"href":"https:\/\/www.annonces-legales.org\/blog\/wp-json\/wp\/v2\/pages"}],"about":[{"href":"https:\/\/www.annonces-legales.org\/blog\/wp-json\/wp\/v2\/types\/page"}],"author":[{"embeddable":true,"href":"https:\/\/www.annonces-legales.org\/blog\/wp-json\/wp\/v2\/users\/1"}],"replies":[{"embeddable":true,"href":"https:\/\/www.annonces-legales.org\/blog\/wp-json\/wp\/v2\/comments?post=2002"}],"version-history":[{"count":14,"href":"https:\/\/www.annonces-legales.org\/blog\/wp-json\/wp\/v2\/pages\/2002\/revisions"}],"predecessor-version":[{"id":2105,"href":"https:\/\/www.annonces-legales.org\/blog\/wp-json\/wp\/v2\/pages\/2002\/revisions\/2105"}],"up":[{"embeddable":true,"href":"https:\/\/www.annonces-legales.org\/blog\/wp-json\/wp\/v2\/pages\/1759"}],"wp:attachment":[{"href":"https:\/\/www.annonces-legales.org\/blog\/wp-json\/wp\/v2\/media?parent=2002"}],"curies":[{"name":"wp","href":"https:\/\/api.w.org\/{rel}","templated":true}]}}