{"id":2012,"date":"2022-01-22T20:59:08","date_gmt":"2022-01-22T19:59:08","guid":{"rendered":"https:\/\/www.annonces-legales.org\/blog\/?page_id=2012"},"modified":"2022-01-31T17:33:41","modified_gmt":"2022-01-31T16:33:41","slug":"greffe-du-tribunal-de-commerce-de-poitiers","status":"publish","type":"page","link":"https:\/\/www.annonces-legales.org\/blog\/greffe\/greffe-du-tribunal-de-commerce-de-poitiers\/","title":{"rendered":"Greffe du tribunal de commerce de Poitiers"},"content":{"rendered":"<p><img loading=\"lazy\" decoding=\"async\" class=\"alignleft  wp-image-2423\" src=\"https:\/\/www.annonces-legales.org\/blog\/wp-content\/uploads\/2022\/01\/tribunal-150x150.png\" alt=\"\" width=\"115\" height=\"115\" \/>Le greffe de Poitiers est un service minist\u00e9riel. Sa mission est d&rsquo;assurer l&rsquo;ensemble des services administratifs du tribunal. Les greffes aident les juges mais vont \u00e9galement contr\u00f4ler les formalit\u00e9s des entreprises (CFE).<\/p>\n<p>Les cr\u00e9ateurs de soci\u00e9t\u00e9 dont l&rsquo;entreprise en cours d&rsquo;enregistrement va d\u00e9pendre du greffe du tribunal de commerce de Poitiers vont devoir utiliser son aide pour proc\u00e9der \u00e0 l&rsquo;enregistrement de la structure.<\/p>\n<p>Vous pouvez consulter ci dessous un grand nombre d&rsquo;informations sur le greffe de Poitiers.<\/p>\n<p>&nbsp;<\/p>\n<h2>Contact et adresse du greffe<\/h2>\n<p>Adresse : <strong>4, Bd De Lattre De Tassigny 86036 POITIERS CEDEX<\/strong><\/p>\n<p><div class=\"leaflet-map WPLeafletMap\" style=\"height:250px; width:100%;\"><\/div><script>\nwindow.WPLeafletMapPlugin = window.WPLeafletMapPlugin || [];\nwindow.WPLeafletMapPlugin.push(function WPLeafletMapShortcode() {\/*<script>*\/\nvar baseUrl = atob('aHR0cHM6Ly97c30udGlsZS5vcGVuc3RyZWV0bWFwLm9yZy97en0ve3h9L3t5fS5wbmc=');\nvar base = (!baseUrl && window.MQ) ?\n    window.MQ.mapLayer() : L.tileLayer(baseUrl,\n        L.Util.extend({}, {\n            detectRetina: 0,\n        },\n        {\"subdomains\":\"abc\",\"noWrap\":false,\"maxZoom\":20}        )\n    );\n    var options = L.Util.extend({}, {\n        layers: [base],\n        attributionControl: false\n    },\n    {\"zoomControl\":true,\"scrollWheelZoom\":false,\"doubleClickZoom\":false,\"fitBounds\":false,\"minZoom\":0,\"maxZoom\":20,\"maxBounds\":null,\"attribution\":\"\"},\n    {});\nwindow.WPLeafletMapPlugin.createMap(options).setView([46.5848,0.35115599999995],17);});<\/script> <script>\nwindow.WPLeafletMapPlugin = window.WPLeafletMapPlugin || [];\nwindow.WPLeafletMapPlugin.push(function WPLeafletMarkerShortcode() {\/*<script>*\/\nvar map = window.WPLeafletMapPlugin.getCurrentMap();\nvar group = window.WPLeafletMapPlugin.getCurrentGroup();\nvar marker_options = window.WPLeafletMapPlugin.getIconOptions({});\nvar marker = L.marker(\n    [0,0],\n    marker_options\n);\nvar is_image = map.is_image_map;\n    marker.setLatLng( map.getCenter() );\nif (marker_options.draggable) {\n    marker.on('dragend', function () {\n        var latlng = this.getLatLng();\n        var lat = latlng.lat;\n        var lng = latlng.lng;\n        if (is_image) {\n            console.log('leaflet-marker y=' + lat + ' x=' + lng);\n        } else {\n            console.log('leaflet-marker lat=' + lat + ' lng=' + lng);\n        }\n    });\n}\nmarker.addTo( group );\nmarker.bindPopup(window.WPLeafletMapPlugin.unescape(' Greffe du tribunal de commerce de Poitiers ')).openPopup();window.WPLeafletMapPlugin.markers.push( marker );\n        });<\/script><\/p>\n<p>Tel : <strong>05 49 88 81 93<\/strong><\/p>\n<p>Site : <em>www.greffe-tc-poitiers.fr<\/em><\/p>\n<h2><\/h2>\n<h2>Horaires d&rsquo;ouverture<\/h2>\n<p>Retrouvez ci-dessous les horaires d&rsquo;ouverture du greffe du tribunal de commerce :<br \/>\nLundi au Jeudi : 9h00 a 12h00 et de 14h00 a 16h30.<br \/>\nVendredi 08h30 a 12h00 et de 14h00 a 15h30.<\/p>\n<p>&nbsp;<\/p>\n<h2>Le greffe du TC de Poitiers<\/h2>\n<p>Le greffe est un partenaire incontournable pour la totalit\u00e9 des soci\u00e9t\u00e9s de la Vienne. Les cr\u00e9ateurs d&rsquo;entreprises qui habitent dans le d\u00e9partement et qui veulent cr\u00e9er leur entreprise doivent r\u00e9aliser leur insertion avec le RCS de ce greffe.<br \/>\nL&rsquo;immatriculation d&rsquo;une entreprise n&rsquo;est pas le seul service offert par le greffe. Le greffe va aussi s&rsquo;occuper d&rsquo;\u00e9couter les cr\u00e9ateurs de soci\u00e9t\u00e9s pour les aider et remplir leurs formalit\u00e9s. Il va \u00e9galement recueillir les transformations dans les statuts juridiques des entreprises comme par exemple une modification de si\u00e8ge social ou une modification de l&rsquo;identit\u00e9 du dirigeant.<br \/>\nLa fermeture d&rsquo;une structure va \u00e9galement demander l&rsquo;intervention du greffe. \u00c9videmment, il y aura d&rsquo;autres d\u00e9marches administratives \u00e0 accomplir pr\u00e9c\u00e9demment, comme par exemple la publication d&rsquo;une annonce judiciaire et l\u00e9gale, mais les formalit\u00e9s finissent la plupart du temps au greffe du tribunal de commerce.<\/p>\n<p>Les entreprises de Poitiers peuvent \u00e9galement d\u00e9poser leurs bilans annuels inscrire des b\u00e9n\u00e9ficiaires effectifs au RBE, ou enregistrer leurs agents commerciaux.<\/p>\n<p>&nbsp;<\/p>\n<h2>Comment faire l&rsquo;immatriculation d&rsquo;une soci\u00e9t\u00e9 au greffe de Poitiers ?<\/h2>\n<p>Pour immatriculer une structure commerciale, il faut tout d&rsquo;abord remplir le formulaire adapt\u00e9. Il est diff\u00e9rent selon la forme juridique. Veuillez choisir le bon pour \u00e9viter tout refus du greffe.<br \/>\nIl faut \u00e9galement grouper tous les papiers indispensables et les ajouter dans le dossier. Ensuite, le dossier peut \u00eatre d\u00e9pos\u00e9 au greffe du tribunal de commerce ou envoy\u00e9 par courrier.<\/p>\n<p>Le greffe va contr\u00f4ler l&rsquo;authenticit\u00e9 du dossier et des pi\u00e8ces. Si le dossier est conforme, il va rapidement envoyer au gestionnaire de l&rsquo;entreprise son num\u00e9ro de SIREN et une copie du Kbis de la soci\u00e9t\u00e9.<\/p>\n<p>Si des pi\u00e8ces sont absentes ou si les pi\u00e8ces justificatives ne sont pas appropri\u00e9es, le CFE va refuser d&rsquo;immatriculer la soci\u00e9t\u00e9 et va demander au dirigeant d&rsquo;actualiser le dossier le plus rapidement possible.<\/p>\n<p>L&rsquo;extrait d&rsquo;enregistrement au registre qui sera donn\u00e9 \u00e0 la structure lui permettra de de pouvoir effectuer les d\u00e9marches n\u00e9cessaires aupr\u00e8s des autres administrations de l&rsquo;\u00c9tat ou aupr\u00e8s de ses partenaires commerciaux.<\/p>\n","protected":false},"excerpt":{"rendered":"<p>Le greffe de Poitiers est un service minist\u00e9riel. Sa mission est d&rsquo;assurer l&rsquo;ensemble des services administratifs du tribunal. Les greffes [&hellip;]<\/p>\n","protected":false},"author":1,"featured_media":0,"parent":1759,"menu_order":0,"comment_status":"closed","ping_status":"closed","template":"","meta":{"inline_featured_image":false,"footnotes":""},"class_list":["post-2012","page","type-page","status-publish","hentry"],"yoast_head":"<!-- This site is optimized with the Yoast SEO plugin v26.8 - https:\/\/yoast.com\/product\/yoast-seo-wordpress\/ -->\n<title>Greffe du tribunal de commerce de Poitiers - Actualit\u00e9 des entreprises<\/title>\n<meta name=\"robots\" content=\"index, follow, max-snippet:-1, max-image-preview:large, max-video-preview:-1\" \/>\n<link rel=\"canonical\" href=\"https:\/\/www.annonces-legales.org\/blog\/greffe\/greffe-du-tribunal-de-commerce-de-poitiers\/\" \/>\n<meta property=\"og:locale\" content=\"fr_FR\" \/>\n<meta property=\"og:type\" content=\"article\" \/>\n<meta property=\"og:title\" content=\"Greffe du tribunal de commerce de Poitiers - Actualit\u00e9 des entreprises\" \/>\n<meta property=\"og:description\" content=\"Le greffe de Poitiers est un service minist\u00e9riel. Sa mission est d&rsquo;assurer l&rsquo;ensemble des services administratifs du tribunal. Les greffes [&hellip;]\" \/>\n<meta property=\"og:url\" content=\"https:\/\/www.annonces-legales.org\/blog\/greffe\/greffe-du-tribunal-de-commerce-de-poitiers\/\" \/>\n<meta property=\"og:site_name\" content=\"Actualit\u00e9 des entreprises\" \/>\n<meta property=\"article:modified_time\" content=\"2022-01-31T16:33:41+00:00\" \/>\n<meta property=\"og:image\" content=\"https:\/\/www.annonces-legales.org\/blog\/wp-content\/uploads\/2022\/01\/tribunal.png\" \/>\n\t<meta property=\"og:image:width\" content=\"640\" \/>\n\t<meta property=\"og:image:height\" content=\"612\" \/>\n\t<meta property=\"og:image:type\" content=\"image\/png\" \/>\n<meta name=\"twitter:card\" content=\"summary_large_image\" \/>\n<meta name=\"twitter:label1\" content=\"Dur\u00e9e de lecture estim\u00e9e\" \/>\n\t<meta name=\"twitter:data1\" content=\"3 minutes\" \/>\n<script type=\"application\/ld+json\" class=\"yoast-schema-graph\">{\"@context\":\"https:\/\/schema.org\",\"@graph\":[{\"@type\":\"WebPage\",\"@id\":\"https:\/\/www.annonces-legales.org\/blog\/greffe\/greffe-du-tribunal-de-commerce-de-poitiers\/\",\"url\":\"https:\/\/www.annonces-legales.org\/blog\/greffe\/greffe-du-tribunal-de-commerce-de-poitiers\/\",\"name\":\"Greffe du tribunal de commerce de Poitiers - Actualit\u00e9 des entreprises\",\"isPartOf\":{\"@id\":\"https:\/\/www.annonces-legales.org\/blog\/#website\"},\"primaryImageOfPage\":{\"@id\":\"https:\/\/www.annonces-legales.org\/blog\/greffe\/greffe-du-tribunal-de-commerce-de-poitiers\/#primaryimage\"},\"image\":{\"@id\":\"https:\/\/www.annonces-legales.org\/blog\/greffe\/greffe-du-tribunal-de-commerce-de-poitiers\/#primaryimage\"},\"thumbnailUrl\":\"https:\/\/www.annonces-legales.org\/blog\/wp-content\/uploads\/2022\/01\/tribunal-150x150.png\",\"datePublished\":\"2022-01-22T19:59:08+00:00\",\"dateModified\":\"2022-01-31T16:33:41+00:00\",\"breadcrumb\":{\"@id\":\"https:\/\/www.annonces-legales.org\/blog\/greffe\/greffe-du-tribunal-de-commerce-de-poitiers\/#breadcrumb\"},\"inLanguage\":\"fr-FR\",\"potentialAction\":[{\"@type\":\"ReadAction\",\"target\":[\"https:\/\/www.annonces-legales.org\/blog\/greffe\/greffe-du-tribunal-de-commerce-de-poitiers\/\"]}]},{\"@type\":\"ImageObject\",\"inLanguage\":\"fr-FR\",\"@id\":\"https:\/\/www.annonces-legales.org\/blog\/greffe\/greffe-du-tribunal-de-commerce-de-poitiers\/#primaryimage\",\"url\":\"https:\/\/www.annonces-legales.org\/blog\/wp-content\/uploads\/2022\/01\/tribunal.png\",\"contentUrl\":\"https:\/\/www.annonces-legales.org\/blog\/wp-content\/uploads\/2022\/01\/tribunal.png\",\"width\":640,\"height\":612},{\"@type\":\"BreadcrumbList\",\"@id\":\"https:\/\/www.annonces-legales.org\/blog\/greffe\/greffe-du-tribunal-de-commerce-de-poitiers\/#breadcrumb\",\"itemListElement\":[{\"@type\":\"ListItem\",\"position\":1,\"name\":\"Accueil\",\"item\":\"https:\/\/www.annonces-legales.org\/blog\/\"},{\"@type\":\"ListItem\",\"position\":2,\"name\":\"Liste des Greffes des tribunaux de commerce\",\"item\":\"https:\/\/www.annonces-legales.org\/blog\/greffe\/\"},{\"@type\":\"ListItem\",\"position\":3,\"name\":\"Greffe du tribunal de commerce de Poitiers\"}]},{\"@type\":\"WebSite\",\"@id\":\"https:\/\/www.annonces-legales.org\/blog\/#website\",\"url\":\"https:\/\/www.annonces-legales.org\/blog\/\",\"name\":\"Actualit\u00e9 des entreprises\",\"description\":\"\",\"publisher\":{\"@id\":\"https:\/\/www.annonces-legales.org\/blog\/#organization\"},\"potentialAction\":[{\"@type\":\"SearchAction\",\"target\":{\"@type\":\"EntryPoint\",\"urlTemplate\":\"https:\/\/www.annonces-legales.org\/blog\/?s={search_term_string}\"},\"query-input\":{\"@type\":\"PropertyValueSpecification\",\"valueRequired\":true,\"valueName\":\"search_term_string\"}}],\"inLanguage\":\"fr-FR\"},{\"@type\":\"Organization\",\"@id\":\"https:\/\/www.annonces-legales.org\/blog\/#organization\",\"name\":\"Actualit\u00e9 des entreprises\",\"url\":\"https:\/\/www.annonces-legales.org\/blog\/\",\"logo\":{\"@type\":\"ImageObject\",\"inLanguage\":\"fr-FR\",\"@id\":\"https:\/\/www.annonces-legales.org\/blog\/#\/schema\/logo\/image\/\",\"url\":\"https:\/\/www.annonces-legales.org\/blog\/wp-content\/uploads\/2023\/08\/annonces-legales.svg\",\"contentUrl\":\"https:\/\/www.annonces-legales.org\/blog\/wp-content\/uploads\/2023\/08\/annonces-legales.svg\",\"caption\":\"Actualit\u00e9 des entreprises\"},\"image\":{\"@id\":\"https:\/\/www.annonces-legales.org\/blog\/#\/schema\/logo\/image\/\"}}]}<\/script>\n<!-- \/ Yoast SEO plugin. -->","yoast_head_json":{"title":"Greffe du tribunal de commerce de Poitiers - Actualit\u00e9 des entreprises","robots":{"index":"index","follow":"follow","max-snippet":"max-snippet:-1","max-image-preview":"max-image-preview:large","max-video-preview":"max-video-preview:-1"},"canonical":"https:\/\/www.annonces-legales.org\/blog\/greffe\/greffe-du-tribunal-de-commerce-de-poitiers\/","og_locale":"fr_FR","og_type":"article","og_title":"Greffe du tribunal de commerce de Poitiers - Actualit\u00e9 des entreprises","og_description":"Le greffe de Poitiers est un service minist\u00e9riel. Sa mission est d&rsquo;assurer l&rsquo;ensemble des services administratifs du tribunal. Les greffes [&hellip;]","og_url":"https:\/\/www.annonces-legales.org\/blog\/greffe\/greffe-du-tribunal-de-commerce-de-poitiers\/","og_site_name":"Actualit\u00e9 des entreprises","article_modified_time":"2022-01-31T16:33:41+00:00","og_image":[{"width":640,"height":612,"url":"https:\/\/www.annonces-legales.org\/blog\/wp-content\/uploads\/2022\/01\/tribunal.png","type":"image\/png"}],"twitter_card":"summary_large_image","twitter_misc":{"Dur\u00e9e de lecture estim\u00e9e":"3 minutes"},"schema":{"@context":"https:\/\/schema.org","@graph":[{"@type":"WebPage","@id":"https:\/\/www.annonces-legales.org\/blog\/greffe\/greffe-du-tribunal-de-commerce-de-poitiers\/","url":"https:\/\/www.annonces-legales.org\/blog\/greffe\/greffe-du-tribunal-de-commerce-de-poitiers\/","name":"Greffe du tribunal de commerce de Poitiers - Actualit\u00e9 des entreprises","isPartOf":{"@id":"https:\/\/www.annonces-legales.org\/blog\/#website"},"primaryImageOfPage":{"@id":"https:\/\/www.annonces-legales.org\/blog\/greffe\/greffe-du-tribunal-de-commerce-de-poitiers\/#primaryimage"},"image":{"@id":"https:\/\/www.annonces-legales.org\/blog\/greffe\/greffe-du-tribunal-de-commerce-de-poitiers\/#primaryimage"},"thumbnailUrl":"https:\/\/www.annonces-legales.org\/blog\/wp-content\/uploads\/2022\/01\/tribunal-150x150.png","datePublished":"2022-01-22T19:59:08+00:00","dateModified":"2022-01-31T16:33:41+00:00","breadcrumb":{"@id":"https:\/\/www.annonces-legales.org\/blog\/greffe\/greffe-du-tribunal-de-commerce-de-poitiers\/#breadcrumb"},"inLanguage":"fr-FR","potentialAction":[{"@type":"ReadAction","target":["https:\/\/www.annonces-legales.org\/blog\/greffe\/greffe-du-tribunal-de-commerce-de-poitiers\/"]}]},{"@type":"ImageObject","inLanguage":"fr-FR","@id":"https:\/\/www.annonces-legales.org\/blog\/greffe\/greffe-du-tribunal-de-commerce-de-poitiers\/#primaryimage","url":"https:\/\/www.annonces-legales.org\/blog\/wp-content\/uploads\/2022\/01\/tribunal.png","contentUrl":"https:\/\/www.annonces-legales.org\/blog\/wp-content\/uploads\/2022\/01\/tribunal.png","width":640,"height":612},{"@type":"BreadcrumbList","@id":"https:\/\/www.annonces-legales.org\/blog\/greffe\/greffe-du-tribunal-de-commerce-de-poitiers\/#breadcrumb","itemListElement":[{"@type":"ListItem","position":1,"name":"Accueil","item":"https:\/\/www.annonces-legales.org\/blog\/"},{"@type":"ListItem","position":2,"name":"Liste des Greffes des tribunaux de commerce","item":"https:\/\/www.annonces-legales.org\/blog\/greffe\/"},{"@type":"ListItem","position":3,"name":"Greffe du tribunal de commerce de Poitiers"}]},{"@type":"WebSite","@id":"https:\/\/www.annonces-legales.org\/blog\/#website","url":"https:\/\/www.annonces-legales.org\/blog\/","name":"Actualit\u00e9 des entreprises","description":"","publisher":{"@id":"https:\/\/www.annonces-legales.org\/blog\/#organization"},"potentialAction":[{"@type":"SearchAction","target":{"@type":"EntryPoint","urlTemplate":"https:\/\/www.annonces-legales.org\/blog\/?s={search_term_string}"},"query-input":{"@type":"PropertyValueSpecification","valueRequired":true,"valueName":"search_term_string"}}],"inLanguage":"fr-FR"},{"@type":"Organization","@id":"https:\/\/www.annonces-legales.org\/blog\/#organization","name":"Actualit\u00e9 des entreprises","url":"https:\/\/www.annonces-legales.org\/blog\/","logo":{"@type":"ImageObject","inLanguage":"fr-FR","@id":"https:\/\/www.annonces-legales.org\/blog\/#\/schema\/logo\/image\/","url":"https:\/\/www.annonces-legales.org\/blog\/wp-content\/uploads\/2023\/08\/annonces-legales.svg","contentUrl":"https:\/\/www.annonces-legales.org\/blog\/wp-content\/uploads\/2023\/08\/annonces-legales.svg","caption":"Actualit\u00e9 des entreprises"},"image":{"@id":"https:\/\/www.annonces-legales.org\/blog\/#\/schema\/logo\/image\/"}}]}},"_links":{"self":[{"href":"https:\/\/www.annonces-legales.org\/blog\/wp-json\/wp\/v2\/pages\/2012","targetHints":{"allow":["GET"]}}],"collection":[{"href":"https:\/\/www.annonces-legales.org\/blog\/wp-json\/wp\/v2\/pages"}],"about":[{"href":"https:\/\/www.annonces-legales.org\/blog\/wp-json\/wp\/v2\/types\/page"}],"author":[{"embeddable":true,"href":"https:\/\/www.annonces-legales.org\/blog\/wp-json\/wp\/v2\/users\/1"}],"replies":[{"embeddable":true,"href":"https:\/\/www.annonces-legales.org\/blog\/wp-json\/wp\/v2\/comments?post=2012"}],"version-history":[{"count":4,"href":"https:\/\/www.annonces-legales.org\/blog\/wp-json\/wp\/v2\/pages\/2012\/revisions"}],"predecessor-version":[{"id":2494,"href":"https:\/\/www.annonces-legales.org\/blog\/wp-json\/wp\/v2\/pages\/2012\/revisions\/2494"}],"up":[{"embeddable":true,"href":"https:\/\/www.annonces-legales.org\/blog\/wp-json\/wp\/v2\/pages\/1759"}],"wp:attachment":[{"href":"https:\/\/www.annonces-legales.org\/blog\/wp-json\/wp\/v2\/media?parent=2012"}],"curies":[{"name":"wp","href":"https:\/\/api.w.org\/{rel}","templated":true}]}}