{"id":2014,"date":"2022-01-22T20:59:37","date_gmt":"2022-01-22T19:59:37","guid":{"rendered":"https:\/\/www.annonces-legales.org\/blog\/?page_id=2014"},"modified":"2022-01-31T17:37:08","modified_gmt":"2022-01-31T16:37:08","slug":"greffe-du-tribunal-de-commerce-de-pontoise","status":"publish","type":"page","link":"https:\/\/www.annonces-legales.org\/blog\/greffe\/greffe-du-tribunal-de-commerce-de-pontoise\/","title":{"rendered":"Greffe du tribunal de commerce de Pontoise"},"content":{"rendered":"<p>Le <strong>greffe du tribunal de commerce de Pontoise<\/strong> est le partenaire privil\u00e9gi\u00e9 pour tous les cr\u00e9ateurs d&rsquo;entreprise et les g\u00e9rants des \u00e9tablissements qui sont immatricul\u00e9es autour de la r\u00e9gion de Pontoise.<\/p>\n<p>Nous allons d\u00e9tailler la plupart d\u00e9marches qu&rsquo;il est obligatoire d&rsquo;effectuer aupr\u00e8s du greffe de Pontoise. Vous pourrez aussi voir ci-dessous la plupart des informations pour joindre le greffe de Pontoise mais aussi les tarifs des formalit\u00e9s du CFE.<\/p>\n<p>&nbsp;<\/p>\n<h2>Informations de contact du greffe du tribunal de commerce de Pontoise<\/h2>\n<p><strong>Num\u00e9ro de t\u00e9l\u00e9phone<\/strong> du greffe du tribunal de commerce : 01 34 25 47 60<\/p>\n<p><strong>Coordonn\u00e9es<\/strong> : Palais De Justice 3, Rue Victor Hugo 95300 PONTOISE<\/p>\n<p>&nbsp;<\/p>\n<p><div class=\"leaflet-map WPLeafletMap\" style=\"height:250px; width:100%;\"><\/div><script>\nwindow.WPLeafletMapPlugin = window.WPLeafletMapPlugin || [];\nwindow.WPLeafletMapPlugin.push(function WPLeafletMapShortcode() {\/*<script>*\/\nvar baseUrl = atob('aHR0cHM6Ly97c30udGlsZS5vcGVuc3RyZWV0bWFwLm9yZy97en0ve3h9L3t5fS5wbmc=');\nvar base = (!baseUrl && window.MQ) ?\n    window.MQ.mapLayer() : L.tileLayer(baseUrl,\n        L.Util.extend({}, {\n            detectRetina: 0,\n        },\n        {\"subdomains\":\"abc\",\"noWrap\":false,\"maxZoom\":20}        )\n    );\n    var options = L.Util.extend({}, {\n        layers: [base],\n        attributionControl: false\n    },\n    {\"zoomControl\":true,\"scrollWheelZoom\":false,\"doubleClickZoom\":false,\"fitBounds\":false,\"minZoom\":0,\"maxZoom\":20,\"maxBounds\":null,\"attribution\":\"\"},\n    {});\nwindow.WPLeafletMapPlugin.createMap(options).setView([49.051595,2.098839],17);});<\/script> <script>\nwindow.WPLeafletMapPlugin = window.WPLeafletMapPlugin || [];\nwindow.WPLeafletMapPlugin.push(function WPLeafletMarkerShortcode() {\/*<script>*\/\nvar map = window.WPLeafletMapPlugin.getCurrentMap();\nvar group = window.WPLeafletMapPlugin.getCurrentGroup();\nvar marker_options = window.WPLeafletMapPlugin.getIconOptions({});\nvar marker = L.marker(\n    [0,0],\n    marker_options\n);\nvar is_image = map.is_image_map;\n    marker.setLatLng( map.getCenter() );\nif (marker_options.draggable) {\n    marker.on('dragend', function () {\n        var latlng = this.getLatLng();\n        var lat = latlng.lat;\n        var lng = latlng.lng;\n        if (is_image) {\n            console.log('leaflet-marker y=' + lat + ' x=' + lng);\n        } else {\n            console.log('leaflet-marker lat=' + lat + ' lng=' + lng);\n        }\n    });\n}\nmarker.addTo( group );\nmarker.bindPopup(window.WPLeafletMapPlugin.unescape(' Greffe du tribunal de commerce de Pontoise ')).openPopup();window.WPLeafletMapPlugin.markers.push( marker );\n        });<\/script><\/p>\n<p><strong>URL<\/strong>: <em>www.greffe-tc-pontoise.fr<\/em><\/p>\n<p>&nbsp;<\/p>\n<h2>Horaires d&rsquo;ouverture du greffe du tc de Pontoise<\/h2>\n<p>Retrouvez ici les heures d&rsquo;ouvertures du greffe du tribunal de commerce du lundi au vendredi :<br \/>\n09H00-12H00 et 14H00-16H00<br \/>\nLa borne de d\u00e9livrance de KBIS est disponible de 8h30 a 18h30.<\/p>\n<h2><\/h2>\n<h2>A propos du greffe du tribunal de commerce de Pontoise<\/h2>\n<p>Comme tous les tribunaux fran\u00e7ais, le tribunal de commerce de Pontoise poss\u00e8de un greffe qui va assister le tribunal dans ses nombreuses missions.<\/p>\n<p>Les officiers minist\u00e9riels du greffe vont organiser et planifier les audiences du tribunal. Ces audiences ont pour objectif de trouver une solution aux litiges de nature commerciale.<\/p>\n<p>Le greffe du tribunal de commerce va \u00e9galement beaucoup travailler pour et avec les entreprises.<\/p>\n<p>Il va inspecter et r\u00e9guler des registres. Le plus connu est le registre du commerce et des soci\u00e9t\u00e9s. C&rsquo;est pourquoi les soci\u00e9t\u00e9s doivent consulter le greffe pour faire leur enregistrement.<\/p>\n<p>Le greffe va aussi tenir \u00e0 jour les actes et documents juridiques des soci\u00e9t\u00e9s. Par exemple, si une soci\u00e9t\u00e9 qui est immatricul\u00e9e \u00e0 Pontoise change de dirigeant, elle devra remplir un formulaire M3 et le donner au greffe (avec l&rsquo;<a href=\"https:\/\/www.annonces-legales.org\">annonce l\u00e9gale<\/a> obligatoire). Ce sera la m\u00eame chose pour de nombreux autres changement dans l&rsquo;entreprise.<\/p>\n<p>Les autres fonctions du greffe vont concerner la diffusion des informations officielles sur les soci\u00e9t\u00e9s. La diffusion des informations est faite avec les autres organes de l&rsquo;\u00e9tat. Mais les citoyens peuvent aussi obtenir des informations l\u00e9gales. Il est possible d&rsquo;acheter une copie des documents officiels d&rsquo;une soci\u00e9t\u00e9 que conserve le greffe.<\/p>\n<p>&nbsp;<\/p>\n<h2><\/h2>\n<h2>L&rsquo;enregistrement au registre du commerce RCS de Pontoise<\/h2>\n<p>Une entreprise qui r\u00e9alise la commercialisation de biens ou de services doit s&rsquo;inscrire aupr\u00e8s du greffe de Pontoise. L&rsquo;ensemble des organisations commerciales sont concern\u00e9es car elles devront d\u00e9poser leur statuts au greffe. Seul les micro-entreprises n&rsquo;ont pas \u00e0 contacter le greffe. Ils peuvent s&rsquo;inscrire directement sur le site de l\u2019Urssaf.<\/p>\n<p>&nbsp;<\/p>\n<h2>Ressort du Greffe du TC de Pontoise<\/h2>\n<p>&nbsp;<\/p>\n<table class=\"tg table-striped container-fluid\">\n<tbody>\n<tr>\n<th>Code postal<\/th>\n<th>Commune<\/th>\n<\/tr>\n<tr>\n<td>95450<\/td>\n<td>Ableiges<\/td>\n<\/tr>\n<tr>\n<td>95510<\/td>\n<td>Aincourt<\/td>\n<\/tr>\n<tr>\n<td>95710<\/td>\n<td>Ambleville<\/td>\n<\/tr>\n<tr>\n<td>95510<\/td>\n<td>Amenucourt<\/td>\n<\/tr>\n<tr>\n<td>95580<\/td>\n<td>Andilly<\/td>\n<\/tr>\n<tr>\n<td>95100<\/td>\n<td>Argenteuil<\/td>\n<\/tr>\n<tr>\n<td>95400<\/td>\n<td>Arnouville-l\u00e8s-Gonesse<\/td>\n<\/tr>\n<tr>\n<td>95810<\/td>\n<td>Arronville<\/td>\n<\/tr>\n<tr>\n<td>95420<\/td>\n<td>Arthies<\/td>\n<\/tr>\n<tr>\n<td>95270<\/td>\n<td>Asni\u00e8res-sur-Oise<\/td>\n<\/tr>\n<tr>\n<td>95570<\/td>\n<td>Attainville<\/td>\n<\/tr>\n<tr>\n<td>95430<\/td>\n<td>Auvers-sur-Oise<\/td>\n<\/tr>\n<tr>\n<td>95450<\/td>\n<td>Avernes<\/td>\n<\/tr>\n<tr>\n<td>95560<\/td>\n<td>Baillet-en-France<\/td>\n<\/tr>\n<tr>\n<td>95420<\/td>\n<td>Banthelu<\/td>\n<\/tr>\n<tr>\n<td>95250<\/td>\n<td>Beauchamp<\/td>\n<\/tr>\n<tr>\n<td>95260<\/td>\n<td>Beaumont-sur-Oise<\/td>\n<\/tr>\n<tr>\n<td>95270<\/td>\n<td>Bellefontaine<\/td>\n<\/tr>\n<tr>\n<td>95270<\/td>\n<td>Belloy-en-France<\/td>\n<\/tr>\n<tr>\n<td>95340<\/td>\n<td>Bernes-sur-Oise<\/td>\n<\/tr>\n<tr>\n<td>95810<\/td>\n<td>Berville<\/td>\n<\/tr>\n<tr>\n<td>95550<\/td>\n<td>Bessancourt<\/td>\n<\/tr>\n<tr>\n<td>95840<\/td>\n<td>B\u00e9themont-la-For\u00eat<\/td>\n<\/tr>\n<tr>\n<td>95870<\/td>\n<td>Bezons<\/td>\n<\/tr>\n<tr>\n<td>95000<\/td>\n<td>Boisemont<\/td>\n<\/tr>\n<tr>\n<td>95650<\/td>\n<td>Boissy-l&rsquo;Aillerie<\/td>\n<\/tr>\n<tr>\n<td>95500<\/td>\n<td>Bonneuil-en-France<\/td>\n<\/tr>\n<tr>\n<td>95570<\/td>\n<td>Bouff\u00e9mont<\/td>\n<\/tr>\n<tr>\n<td>95720<\/td>\n<td>Bouqueval<\/td>\n<\/tr>\n<tr>\n<td>95710<\/td>\n<td>Bray-et-L\u00fb<\/td>\n<\/tr>\n<tr>\n<td>95640<\/td>\n<td>Br\u00e9an\u00e7on<\/td>\n<\/tr>\n<tr>\n<td>95640<\/td>\n<td>Brignancourt<\/td>\n<\/tr>\n<tr>\n<td>95820<\/td>\n<td>Bruy\u00e8res-sur-Oise<\/td>\n<\/tr>\n<tr>\n<td>95770<\/td>\n<td>Buhy<\/td>\n<\/tr>\n<tr>\n<td>95430<\/td>\n<td>Butry-sur-Oise<\/td>\n<\/tr>\n<tr>\n<td>95000<\/td>\n<td>Cergy<\/td>\n<\/tr>\n<tr>\n<td>95660<\/td>\n<td>Champagne-sur-Oise<\/td>\n<\/tr>\n<tr>\n<td>95420<\/td>\n<td>Charmont<\/td>\n<\/tr>\n<tr>\n<td>95750<\/td>\n<td>Chars<\/td>\n<\/tr>\n<tr>\n<td>95190<\/td>\n<td>Ch\u00e2tenay-en-France<\/td>\n<\/tr>\n<tr>\n<td>95270<\/td>\n<td>Chaumontel<\/td>\n<\/tr>\n<tr>\n<td>95710<\/td>\n<td>Chaussy<\/td>\n<\/tr>\n<tr>\n<td>95560<\/td>\n<td>Chauvry<\/td>\n<\/tr>\n<tr>\n<td>95380<\/td>\n<td>Chennevi\u00e8res-l\u00e8s-Louvres<\/td>\n<\/tr>\n<tr>\n<td>95510<\/td>\n<td>Ch\u00e9rence<\/td>\n<\/tr>\n<tr>\n<td>95420<\/td>\n<td>Cl\u00e9ry-en-Vexin<\/td>\n<\/tr>\n<tr>\n<td>95450<\/td>\n<td>Commeny<\/td>\n<\/tr>\n<tr>\n<td>95450<\/td>\n<td>Cond\u00e9court<\/td>\n<\/tr>\n<tr>\n<td>95240<\/td>\n<td>Cormeilles-en-Parisis<\/td>\n<\/tr>\n<tr>\n<td>95830<\/td>\n<td>Cormeilles-en-Vexin<\/td>\n<\/tr>\n<tr>\n<td>95650<\/td>\n<td>Courcelles-sur-Viosne<\/td>\n<\/tr>\n<tr>\n<td>95800<\/td>\n<td>Courdimanche<\/td>\n<\/tr>\n<tr>\n<td>95170<\/td>\n<td>Deuil-la-Barre<\/td>\n<\/tr>\n<tr>\n<td>95330<\/td>\n<td>Domont<\/td>\n<\/tr>\n<tr>\n<td>95600<\/td>\n<td>Eaubonne<\/td>\n<\/tr>\n<tr>\n<td>95440<\/td>\n<td>\u00c9couen<\/td>\n<\/tr>\n<tr>\n<td>95880<\/td>\n<td>Enghien-les-Bains<\/td>\n<\/tr>\n<tr>\n<td>95300<\/td>\n<td>Ennery<\/td>\n<\/tr>\n<tr>\n<td>95380<\/td>\n<td>\u00c9piais-l\u00e8s-Louvres<\/td>\n<\/tr>\n<tr>\n<td>95810<\/td>\n<td>\u00c9piais-Rhus<\/td>\n<\/tr>\n<tr>\n<td>95270<\/td>\n<td>\u00c9pinay-Champl\u00e2treux<\/td>\n<\/tr>\n<tr>\n<td>95610<\/td>\n<td>\u00c9ragny<\/td>\n<\/tr>\n<tr>\n<td>95120<\/td>\n<td>Ermont<\/td>\n<\/tr>\n<tr>\n<td>95460<\/td>\n<td>\u00c9zanville<\/td>\n<\/tr>\n<tr>\n<td>95190<\/td>\n<td>Fontenay-en-Parisis<\/td>\n<\/tr>\n<tr>\n<td>95470<\/td>\n<td>Fosses<\/td>\n<\/tr>\n<tr>\n<td>95130<\/td>\n<td>Franconville<\/td>\n<\/tr>\n<tr>\n<td>95450<\/td>\n<td>Fr\u00e9mainville<\/td>\n<\/tr>\n<tr>\n<td>95830<\/td>\n<td>Fr\u00e9m\u00e9court<\/td>\n<\/tr>\n<tr>\n<td>95740<\/td>\n<td>Fr\u00e9pillon<\/td>\n<\/tr>\n<tr>\n<td>95690<\/td>\n<td>Frouville<\/td>\n<\/tr>\n<tr>\n<td>95450<\/td>\n<td>Gadancourt<\/td>\n<\/tr>\n<tr>\n<td>95140<\/td>\n<td>Garges-l\u00e8s-Gonesse<\/td>\n<\/tr>\n<tr>\n<td>95420<\/td>\n<td>Genainville<\/td>\n<\/tr>\n<tr>\n<td>95650<\/td>\n<td>G\u00e9nicourt<\/td>\n<\/tr>\n<tr>\n<td>95500<\/td>\n<td>Gonesse<\/td>\n<\/tr>\n<tr>\n<td>95190<\/td>\n<td>Goussainville<\/td>\n<\/tr>\n<tr>\n<td>95450<\/td>\n<td>Gouzangrez<\/td>\n<\/tr>\n<tr>\n<td>95810<\/td>\n<td>Grisy-les-Pl\u00e2tres<\/td>\n<\/tr>\n<tr>\n<td>95410<\/td>\n<td>Groslay<\/td>\n<\/tr>\n<tr>\n<td>95450<\/td>\n<td>Guiry-en-Vexin<\/td>\n<\/tr>\n<tr>\n<td>95640<\/td>\n<td>Haravilliers<\/td>\n<\/tr>\n<tr>\n<td>95780<\/td>\n<td>Haute-Isle<\/td>\n<\/tr>\n<tr>\n<td>95690<\/td>\n<td>H\u00e9douville<\/td>\n<\/tr>\n<tr>\n<td>95220<\/td>\n<td>Herblay<\/td>\n<\/tr>\n<tr>\n<td>95300<\/td>\n<td>H\u00e9rouville<\/td>\n<\/tr>\n<tr>\n<td>95420<\/td>\n<td>Hodent<\/td>\n<\/tr>\n<tr>\n<td>95850<\/td>\n<td>Jagny-sous-Bois<\/td>\n<\/tr>\n<tr>\n<td>95000<\/td>\n<td>Jouy-le-Moutier<\/td>\n<\/tr>\n<tr>\n<td>95290<\/td>\n<td>L&rsquo;Isle-Adam<\/td>\n<\/tr>\n<tr>\n<td>95420<\/td>\n<td>La Chapelle-en-Vexin<\/td>\n<\/tr>\n<tr>\n<td>95530<\/td>\n<td>La Frette-sur-Seine<\/td>\n<\/tr>\n<tr>\n<td>95780<\/td>\n<td>La Roche-Guyon<\/td>\n<\/tr>\n<tr>\n<td>95690<\/td>\n<td>Labbeville<\/td>\n<\/tr>\n<tr>\n<td>95270<\/td>\n<td>Lassy<\/td>\n<\/tr>\n<tr>\n<td>95750<\/td>\n<td>Le Bellay-en-Vexin<\/td>\n<\/tr>\n<tr>\n<td>95640<\/td>\n<td>Le Heaulme<\/td>\n<\/tr>\n<tr>\n<td>95720<\/td>\n<td>Le Mesnil-Aubry<\/td>\n<\/tr>\n<tr>\n<td>95450<\/td>\n<td>Le Perchay<\/td>\n<\/tr>\n<tr>\n<td>95130<\/td>\n<td>Le Plessis-Bouchard<\/td>\n<\/tr>\n<tr>\n<td>95720<\/td>\n<td>Le Plessis-Gassot<\/td>\n<\/tr>\n<tr>\n<td>95270<\/td>\n<td>Le Plessis-Luzarches<\/td>\n<\/tr>\n<tr>\n<td>95500<\/td>\n<td>Le Thillay<\/td>\n<\/tr>\n<tr>\n<td>95300<\/td>\n<td>Livilliers<\/td>\n<\/tr>\n<tr>\n<td>95450<\/td>\n<td>Longuesse<\/td>\n<\/tr>\n<tr>\n<td>95380<\/td>\n<td>Louvres<\/td>\n<\/tr>\n<tr>\n<td>95270<\/td>\n<td>Luzarches<\/td>\n<\/tr>\n<tr>\n<td>95560<\/td>\n<td>Maffliers<\/td>\n<\/tr>\n<tr>\n<td>95420<\/td>\n<td>Magny-en-Vexin<\/td>\n<\/tr>\n<tr>\n<td>95850<\/td>\n<td>Mareil-en-France<\/td>\n<\/tr>\n<tr>\n<td>95580<\/td>\n<td>Margency<\/td>\n<\/tr>\n<tr>\n<td>95640<\/td>\n<td>Marines<\/td>\n<\/tr>\n<tr>\n<td>95670<\/td>\n<td>Marly-la-Ville<\/td>\n<\/tr>\n<tr>\n<td>95420<\/td>\n<td>Maud\u00e9tour-en-Vexin<\/td>\n<\/tr>\n<tr>\n<td>95810<\/td>\n<td>Menouville<\/td>\n<\/tr>\n<tr>\n<td>95180<\/td>\n<td>Menucourt<\/td>\n<\/tr>\n<tr>\n<td>95630<\/td>\n<td>M\u00e9riel<\/td>\n<\/tr>\n<tr>\n<td>95540<\/td>\n<td>M\u00e9ry-sur-Oise<\/td>\n<\/tr>\n<tr>\n<td>95570<\/td>\n<td>Moisselles<\/td>\n<\/tr>\n<tr>\n<td>95650<\/td>\n<td>Montgeroult<\/td>\n<\/tr>\n<tr>\n<td>95370<\/td>\n<td>Montigny-l\u00e8s-Cormeilles<\/td>\n<\/tr>\n<tr>\n<td>95680<\/td>\n<td>Montlignon<\/td>\n<\/tr>\n<tr>\n<td>95360<\/td>\n<td>Montmagny<\/td>\n<\/tr>\n<tr>\n<td>95160<\/td>\n<td>Montmorency<\/td>\n<\/tr>\n<tr>\n<td>95770<\/td>\n<td>Montreuil-sur-Epte<\/td>\n<\/tr>\n<tr>\n<td>95560<\/td>\n<td>Montsoult<\/td>\n<\/tr>\n<tr>\n<td>95260<\/td>\n<td>Mours<\/td>\n<\/tr>\n<tr>\n<td>95640<\/td>\n<td>Moussy<\/td>\n<\/tr>\n<tr>\n<td>95590<\/td>\n<td>Nerville-la-For\u00eat<\/td>\n<\/tr>\n<tr>\n<td>95690<\/td>\n<td>Nesles-la-Vall\u00e9e<\/td>\n<\/tr>\n<tr>\n<td>95640<\/td>\n<td>Neuilly-en-Vexin<\/td>\n<\/tr>\n<tr>\n<td>95000<\/td>\n<td>Neuville-sur-Oise<\/td>\n<\/tr>\n<tr>\n<td>95590<\/td>\n<td>Nointel<\/td>\n<\/tr>\n<tr>\n<td>95270<\/td>\n<td>Noisy-sur-Oise<\/td>\n<\/tr>\n<tr>\n<td>95420<\/td>\n<td>Nucourt<\/td>\n<\/tr>\n<tr>\n<td>95420<\/td>\n<td>Omerville<\/td>\n<\/tr>\n<tr>\n<td>95520<\/td>\n<td>Osny<\/td>\n<\/tr>\n<tr>\n<td>95620<\/td>\n<td>Parmain<\/td>\n<\/tr>\n<tr>\n<td>95340<\/td>\n<td>Persan<\/td>\n<\/tr>\n<tr>\n<td>95480<\/td>\n<td>Pierrelaye<\/td>\n<\/tr>\n<tr>\n<td>95350<\/td>\n<td>Piscop<\/td>\n<\/tr>\n<tr>\n<td>95300<\/td>\n<\/tr>\n<tr>\n<td>95590<\/td>\n<td>Presles<\/td>\n<\/tr>\n<tr>\n<td>95380<\/td>\n<td>Puiseux-en-France<\/td>\n<\/tr>\n<tr>\n<td>95650<\/td>\n<td>Puiseux-Pontoise<\/td>\n<\/tr>\n<tr>\n<td>95700<\/td>\n<td>Roissy-en-France<\/td>\n<\/tr>\n<tr>\n<td>95340<\/td>\n<td>Ronquerolles<\/td>\n<\/tr>\n<tr>\n<td>95450<\/td>\n<td>Sagy<\/td>\n<\/tr>\n<tr>\n<td>95350<\/td>\n<td>Saint-Brice-sous-For\u00eat<\/td>\n<\/tr>\n<tr>\n<td>95770<\/td>\n<td>Saint-Clair-sur-Epte<\/td>\n<\/tr>\n<tr>\n<td>95510<\/td>\n<td>Saint-Cyr-en-Arthies<\/td>\n<\/tr>\n<tr>\n<td>95420<\/td>\n<td>Saint-Gervais<\/td>\n<\/tr>\n<tr>\n<td>95210<\/td>\n<td>Saint-Gratien<\/td>\n<\/tr>\n<tr>\n<td>95320<\/td>\n<td>Saint-Leu-la-For\u00eat<\/td>\n<\/tr>\n<tr>\n<td>95270<\/td>\n<td>Saint-Martin-du-Tertre<\/td>\n<\/tr>\n<tr>\n<td>95310<\/td>\n<td>Saint-Ouen-l&rsquo;Aum\u00f4ne<\/td>\n<\/tr>\n<tr>\n<td>95390<\/td>\n<td>Saint-Prix<\/td>\n<\/tr>\n<tr>\n<td>95470<\/td>\n<td>Saint-Witz<\/td>\n<\/tr>\n<tr>\n<td>95110<\/td>\n<td>Sannois<\/td>\n<\/tr>\n<tr>\n<td>95640<\/td>\n<td>Santeuil<\/td>\n<\/tr>\n<tr>\n<td>95200<\/td>\n<td>Sarcelles<\/td>\n<\/tr>\n<tr>\n<td>95450<\/td>\n<td>Seraincourt<\/td>\n<\/tr>\n<tr>\n<td>95270<\/td>\n<td>Seugy<\/td>\n<\/tr>\n<tr>\n<td>95230<\/td>\n<td>Soisy-sous-Montmorency<\/td>\n<\/tr>\n<tr>\n<td>95470<\/td>\n<td>Survilliers<\/td>\n<\/tr>\n<tr>\n<td>95150<\/td>\n<td>Taverny<\/td>\n<\/tr>\n<tr>\n<td>95450<\/td>\n<td>Th\u00e9m\u00e9ricourt<\/td>\n<\/tr>\n<tr>\n<td>95810<\/td>\n<td>Theuville<\/td>\n<\/tr>\n<tr>\n<td>95450<\/td>\n<td>Us<\/td>\n<\/tr>\n<tr>\n<td>95810<\/td>\n<td>Vallangoujard<\/td>\n<\/tr>\n<tr>\n<td>95760<\/td>\n<td>Valmondois<\/td>\n<\/tr>\n<tr>\n<td>95500<\/td>\n<td>Vaudherland<\/td>\n<\/tr>\n<tr>\n<td>95000<\/td>\n<td>Vaur\u00e9al<\/td>\n<\/tr>\n<tr>\n<td>95470<\/td>\n<td>V\u00e9mars<\/td>\n<\/tr>\n<tr>\n<td>95510<\/td>\n<td>V\u00e9theuil<\/td>\n<\/tr>\n<tr>\n<td>95270<\/td>\n<td>Viarmes<\/td>\n<\/tr>\n<tr>\n<td>95510<\/td>\n<td>Vienne-en-Arthies<\/td>\n<\/tr>\n<tr>\n<td>95450<\/td>\n<td>Vigny<\/td>\n<\/tr>\n<tr>\n<td>95570<\/td>\n<td>Villaines-sous-Bois<\/td>\n<\/tr>\n<tr>\n<td>95380<\/td>\n<td>Villeron<\/td>\n<\/tr>\n<tr>\n<td>95510<\/td>\n<td>Villers-en-Arthies<\/td>\n<\/tr>\n<tr>\n<td>95840<\/td>\n<td>Villiers-Adam<\/td>\n<\/tr>\n<tr>\n<td>95400<\/td>\n<td>Villiers-le-Bel<\/td>\n<\/tr>\n<tr>\n<td>95720<\/td>\n<td>Villiers-le-Sec<\/td>\n<\/tr>\n<tr>\n<td>95420<\/td>\n<td>Wy-dit-Joli-Village<\/td>\n<\/tr>\n<\/tbody>\n<\/table>\n","protected":false},"excerpt":{"rendered":"<p>Le greffe du tribunal de commerce de Pontoise est le partenaire privil\u00e9gi\u00e9 pour tous les cr\u00e9ateurs d&rsquo;entreprise et les g\u00e9rants [&hellip;]<\/p>\n","protected":false},"author":1,"featured_media":0,"parent":1759,"menu_order":0,"comment_status":"closed","ping_status":"closed","template":"","meta":{"inline_featured_image":false,"footnotes":""},"class_list":["post-2014","page","type-page","status-publish","hentry"],"yoast_head":"<!-- This site is optimized with the Yoast SEO plugin v26.8 - https:\/\/yoast.com\/product\/yoast-seo-wordpress\/ -->\n<title>Greffe du tribunal de commerce de Pontoise - Actualit\u00e9 des entreprises<\/title>\n<meta name=\"robots\" content=\"index, follow, max-snippet:-1, max-image-preview:large, max-video-preview:-1\" \/>\n<link rel=\"canonical\" href=\"https:\/\/www.annonces-legales.org\/blog\/greffe\/greffe-du-tribunal-de-commerce-de-pontoise\/\" \/>\n<meta property=\"og:locale\" content=\"fr_FR\" \/>\n<meta property=\"og:type\" content=\"article\" \/>\n<meta property=\"og:title\" content=\"Greffe du tribunal de commerce de Pontoise - Actualit\u00e9 des entreprises\" \/>\n<meta property=\"og:description\" content=\"Le greffe du tribunal de commerce de Pontoise est le partenaire privil\u00e9gi\u00e9 pour tous les cr\u00e9ateurs d&rsquo;entreprise et les g\u00e9rants [&hellip;]\" \/>\n<meta property=\"og:url\" content=\"https:\/\/www.annonces-legales.org\/blog\/greffe\/greffe-du-tribunal-de-commerce-de-pontoise\/\" \/>\n<meta property=\"og:site_name\" content=\"Actualit\u00e9 des entreprises\" \/>\n<meta property=\"article:modified_time\" content=\"2022-01-31T16:37:08+00:00\" \/>\n<meta name=\"twitter:card\" content=\"summary_large_image\" \/>\n<meta name=\"twitter:label1\" content=\"Dur\u00e9e de lecture estim\u00e9e\" \/>\n\t<meta name=\"twitter:data1\" content=\"4 minutes\" \/>\n<script type=\"application\/ld+json\" class=\"yoast-schema-graph\">{\"@context\":\"https:\/\/schema.org\",\"@graph\":[{\"@type\":\"WebPage\",\"@id\":\"https:\/\/www.annonces-legales.org\/blog\/greffe\/greffe-du-tribunal-de-commerce-de-pontoise\/\",\"url\":\"https:\/\/www.annonces-legales.org\/blog\/greffe\/greffe-du-tribunal-de-commerce-de-pontoise\/\",\"name\":\"Greffe du tribunal de commerce de Pontoise - Actualit\u00e9 des entreprises\",\"isPartOf\":{\"@id\":\"https:\/\/www.annonces-legales.org\/blog\/#website\"},\"datePublished\":\"2022-01-22T19:59:37+00:00\",\"dateModified\":\"2022-01-31T16:37:08+00:00\",\"breadcrumb\":{\"@id\":\"https:\/\/www.annonces-legales.org\/blog\/greffe\/greffe-du-tribunal-de-commerce-de-pontoise\/#breadcrumb\"},\"inLanguage\":\"fr-FR\",\"potentialAction\":[{\"@type\":\"ReadAction\",\"target\":[\"https:\/\/www.annonces-legales.org\/blog\/greffe\/greffe-du-tribunal-de-commerce-de-pontoise\/\"]}]},{\"@type\":\"BreadcrumbList\",\"@id\":\"https:\/\/www.annonces-legales.org\/blog\/greffe\/greffe-du-tribunal-de-commerce-de-pontoise\/#breadcrumb\",\"itemListElement\":[{\"@type\":\"ListItem\",\"position\":1,\"name\":\"Accueil\",\"item\":\"https:\/\/www.annonces-legales.org\/blog\/\"},{\"@type\":\"ListItem\",\"position\":2,\"name\":\"Liste des Greffes des tribunaux de commerce\",\"item\":\"https:\/\/www.annonces-legales.org\/blog\/greffe\/\"},{\"@type\":\"ListItem\",\"position\":3,\"name\":\"Greffe du tribunal de commerce de Pontoise\"}]},{\"@type\":\"WebSite\",\"@id\":\"https:\/\/www.annonces-legales.org\/blog\/#website\",\"url\":\"https:\/\/www.annonces-legales.org\/blog\/\",\"name\":\"Actualit\u00e9 des entreprises\",\"description\":\"\",\"publisher\":{\"@id\":\"https:\/\/www.annonces-legales.org\/blog\/#organization\"},\"potentialAction\":[{\"@type\":\"SearchAction\",\"target\":{\"@type\":\"EntryPoint\",\"urlTemplate\":\"https:\/\/www.annonces-legales.org\/blog\/?s={search_term_string}\"},\"query-input\":{\"@type\":\"PropertyValueSpecification\",\"valueRequired\":true,\"valueName\":\"search_term_string\"}}],\"inLanguage\":\"fr-FR\"},{\"@type\":\"Organization\",\"@id\":\"https:\/\/www.annonces-legales.org\/blog\/#organization\",\"name\":\"Actualit\u00e9 des entreprises\",\"url\":\"https:\/\/www.annonces-legales.org\/blog\/\",\"logo\":{\"@type\":\"ImageObject\",\"inLanguage\":\"fr-FR\",\"@id\":\"https:\/\/www.annonces-legales.org\/blog\/#\/schema\/logo\/image\/\",\"url\":\"https:\/\/www.annonces-legales.org\/blog\/wp-content\/uploads\/2023\/08\/annonces-legales.svg\",\"contentUrl\":\"https:\/\/www.annonces-legales.org\/blog\/wp-content\/uploads\/2023\/08\/annonces-legales.svg\",\"caption\":\"Actualit\u00e9 des entreprises\"},\"image\":{\"@id\":\"https:\/\/www.annonces-legales.org\/blog\/#\/schema\/logo\/image\/\"}}]}<\/script>\n<!-- \/ Yoast SEO plugin. -->","yoast_head_json":{"title":"Greffe du tribunal de commerce de Pontoise - Actualit\u00e9 des entreprises","robots":{"index":"index","follow":"follow","max-snippet":"max-snippet:-1","max-image-preview":"max-image-preview:large","max-video-preview":"max-video-preview:-1"},"canonical":"https:\/\/www.annonces-legales.org\/blog\/greffe\/greffe-du-tribunal-de-commerce-de-pontoise\/","og_locale":"fr_FR","og_type":"article","og_title":"Greffe du tribunal de commerce de Pontoise - Actualit\u00e9 des entreprises","og_description":"Le greffe du tribunal de commerce de Pontoise est le partenaire privil\u00e9gi\u00e9 pour tous les cr\u00e9ateurs d&rsquo;entreprise et les g\u00e9rants [&hellip;]","og_url":"https:\/\/www.annonces-legales.org\/blog\/greffe\/greffe-du-tribunal-de-commerce-de-pontoise\/","og_site_name":"Actualit\u00e9 des entreprises","article_modified_time":"2022-01-31T16:37:08+00:00","twitter_card":"summary_large_image","twitter_misc":{"Dur\u00e9e de lecture estim\u00e9e":"4 minutes"},"schema":{"@context":"https:\/\/schema.org","@graph":[{"@type":"WebPage","@id":"https:\/\/www.annonces-legales.org\/blog\/greffe\/greffe-du-tribunal-de-commerce-de-pontoise\/","url":"https:\/\/www.annonces-legales.org\/blog\/greffe\/greffe-du-tribunal-de-commerce-de-pontoise\/","name":"Greffe du tribunal de commerce de Pontoise - Actualit\u00e9 des entreprises","isPartOf":{"@id":"https:\/\/www.annonces-legales.org\/blog\/#website"},"datePublished":"2022-01-22T19:59:37+00:00","dateModified":"2022-01-31T16:37:08+00:00","breadcrumb":{"@id":"https:\/\/www.annonces-legales.org\/blog\/greffe\/greffe-du-tribunal-de-commerce-de-pontoise\/#breadcrumb"},"inLanguage":"fr-FR","potentialAction":[{"@type":"ReadAction","target":["https:\/\/www.annonces-legales.org\/blog\/greffe\/greffe-du-tribunal-de-commerce-de-pontoise\/"]}]},{"@type":"BreadcrumbList","@id":"https:\/\/www.annonces-legales.org\/blog\/greffe\/greffe-du-tribunal-de-commerce-de-pontoise\/#breadcrumb","itemListElement":[{"@type":"ListItem","position":1,"name":"Accueil","item":"https:\/\/www.annonces-legales.org\/blog\/"},{"@type":"ListItem","position":2,"name":"Liste des Greffes des tribunaux de commerce","item":"https:\/\/www.annonces-legales.org\/blog\/greffe\/"},{"@type":"ListItem","position":3,"name":"Greffe du tribunal de commerce de Pontoise"}]},{"@type":"WebSite","@id":"https:\/\/www.annonces-legales.org\/blog\/#website","url":"https:\/\/www.annonces-legales.org\/blog\/","name":"Actualit\u00e9 des entreprises","description":"","publisher":{"@id":"https:\/\/www.annonces-legales.org\/blog\/#organization"},"potentialAction":[{"@type":"SearchAction","target":{"@type":"EntryPoint","urlTemplate":"https:\/\/www.annonces-legales.org\/blog\/?s={search_term_string}"},"query-input":{"@type":"PropertyValueSpecification","valueRequired":true,"valueName":"search_term_string"}}],"inLanguage":"fr-FR"},{"@type":"Organization","@id":"https:\/\/www.annonces-legales.org\/blog\/#organization","name":"Actualit\u00e9 des entreprises","url":"https:\/\/www.annonces-legales.org\/blog\/","logo":{"@type":"ImageObject","inLanguage":"fr-FR","@id":"https:\/\/www.annonces-legales.org\/blog\/#\/schema\/logo\/image\/","url":"https:\/\/www.annonces-legales.org\/blog\/wp-content\/uploads\/2023\/08\/annonces-legales.svg","contentUrl":"https:\/\/www.annonces-legales.org\/blog\/wp-content\/uploads\/2023\/08\/annonces-legales.svg","caption":"Actualit\u00e9 des entreprises"},"image":{"@id":"https:\/\/www.annonces-legales.org\/blog\/#\/schema\/logo\/image\/"}}]}},"_links":{"self":[{"href":"https:\/\/www.annonces-legales.org\/blog\/wp-json\/wp\/v2\/pages\/2014","targetHints":{"allow":["GET"]}}],"collection":[{"href":"https:\/\/www.annonces-legales.org\/blog\/wp-json\/wp\/v2\/pages"}],"about":[{"href":"https:\/\/www.annonces-legales.org\/blog\/wp-json\/wp\/v2\/types\/page"}],"author":[{"embeddable":true,"href":"https:\/\/www.annonces-legales.org\/blog\/wp-json\/wp\/v2\/users\/1"}],"replies":[{"embeddable":true,"href":"https:\/\/www.annonces-legales.org\/blog\/wp-json\/wp\/v2\/comments?post=2014"}],"version-history":[{"count":6,"href":"https:\/\/www.annonces-legales.org\/blog\/wp-json\/wp\/v2\/pages\/2014\/revisions"}],"predecessor-version":[{"id":2496,"href":"https:\/\/www.annonces-legales.org\/blog\/wp-json\/wp\/v2\/pages\/2014\/revisions\/2496"}],"up":[{"embeddable":true,"href":"https:\/\/www.annonces-legales.org\/blog\/wp-json\/wp\/v2\/pages\/1759"}],"wp:attachment":[{"href":"https:\/\/www.annonces-legales.org\/blog\/wp-json\/wp\/v2\/media?parent=2014"}],"curies":[{"name":"wp","href":"https:\/\/api.w.org\/{rel}","templated":true}]}}