{"id":357,"date":"2021-09-01T16:49:57","date_gmt":"2021-09-01T14:49:57","guid":{"rendered":"https:\/\/www.annonces-legales.org\/blog\/?page_id=357"},"modified":"2022-01-26T12:03:28","modified_gmt":"2022-01-26T11:03:28","slug":"ain-agricole","status":"publish","type":"page","link":"https:\/\/www.annonces-legales.org\/blog\/ain-agricole\/","title":{"rendered":"Le journal Ain Agricole"},"content":{"rendered":"<h2>Ain Agricole, un journal d&rsquo;annonces l\u00e9gales du 01<\/h2>\n<p>Vous souhaitez publier une annonce l\u00e9gale dans le journal Ain Agricole ?<\/p>\n<p>Vous pouvez utiliser nos services et b\u00e9n\u00e9ficier du meilleurs prix disponible sur internet pour faire votre annonce l\u00e9gale dans l&rsquo;Ain. Sachez d&rsquo;ailleurs que l&rsquo;Ain Agricole n&rsquo;est pas le seul journal \u00e0 pouvoir faire des annonces pour ce d\u00e9partement. Vous pouvez utiliser n&rsquo;importe quel JAL. Comparez les prix tout de suite en faisant un <a href=\"https:\/\/www.annonces-legales.org\/devis-annonce-legale.html\">devis pour votre annonce l\u00e9gale<\/a>.<\/p>\n<p>&nbsp;<\/p>\n<h2>Mieux conna\u00eetre l&rsquo;hebdomadaire Ain Agricole<\/h2>\n<p><img loading=\"lazy\" decoding=\"async\" class=\"size-full wp-image-361 alignleft\" src=\"https:\/\/www.annonces-legales.org\/blog\/wp-content\/uploads\/2021\/09\/ainagricole.png\" alt=\"\" width=\"334\" height=\"128\" srcset=\"https:\/\/www.annonces-legales.org\/blog\/wp-content\/uploads\/2021\/09\/ainagricole.png 334w, https:\/\/www.annonces-legales.org\/blog\/wp-content\/uploads\/2021\/09\/ainagricole-300x115.png 300w\" sizes=\"auto, (max-width: 334px) 100vw, 334px\" \/><\/p>\n<p>Comme son nom l&rsquo;indique, le <strong>journal Ain Agricole<\/strong> diffuse des informations sur le d\u00e9partement de l&rsquo;Ain.<\/p>\n<p>Il publie tout type d&rsquo;actualit\u00e9 mais surtout des actualit\u00e9s sur l&rsquo;agriculture, l&rsquo;\u00e9levage, la viticulture, la ruralit\u00e9. C&rsquo;est le seul journal du d\u00e9partement qui est sp\u00e9cialis\u00e9 sur les informations agricoles et et tout ce qui s&rsquo;en approche. Il est \u00e9dit\u00e9 chaque semaine et il para\u00eet tous les jeudi \u00e0 environ 2100 exemplaires.<\/p>\n<p>Il est possible de prendre un abonnement annuel. Il co\u00fbte 130 \u20ac TTC. Cela fait un prix par journal de 2,50 \u20ac. En plus du journal Ain Agricole, votre abonnement donne droit au journal Terroir Auvergne Rh\u00f4ne-Alpes.<\/p>\n<p>Le journal a de nombreux partenaires notamment la f\u00e9d\u00e9ration d\u00e9partementale des syndicats d&rsquo;exploitants agricoles de l&rsquo;Ain et la chambre d&rsquo;agriculture de l&rsquo;Ain. Le r\u00e9dacteur en chef du journal est \u00c9douard Jannot. Le directeur de la publication est Gilles Brenon.<\/p>\n<p>Le si\u00e8ge social du journal est situ\u00e9 au 4, Avenue champ de foire 01000 Bourg-en-Bresse. C&rsquo;est la m\u00eame adresse que la chambre d&rsquo;agriculture de l&rsquo;Ain.<\/p>\n<p>Le journal peut \u00eatre contact\u00e9 par t\u00e9l\u00e9phone aux 04 74 45 56 74 ou par e-mail \u00e0 l&rsquo;adresse ainagricole@ma01.fr<\/p>\n","protected":false},"excerpt":{"rendered":"<p>Ain Agricole, un journal d&rsquo;annonces l\u00e9gales du 01 Vous souhaitez publier une annonce l\u00e9gale dans le journal Ain Agricole ? [&hellip;]<\/p>\n","protected":false},"author":1,"featured_media":0,"parent":351,"menu_order":0,"comment_status":"closed","ping_status":"closed","template":"templates\/template-full-width.php","meta":{"inline_featured_image":false,"footnotes":""},"class_list":["post-357","page","type-page","status-publish","hentry"],"yoast_head":"<!-- This site is optimized with the Yoast SEO plugin v26.8 - https:\/\/yoast.com\/product\/yoast-seo-wordpress\/ -->\n<title>Le journal Ain Agricole - Actualit\u00e9 des entreprises<\/title>\n<meta name=\"robots\" content=\"index, follow, max-snippet:-1, max-image-preview:large, max-video-preview:-1\" \/>\n<link rel=\"canonical\" href=\"https:\/\/www.annonces-legales.org\/blog\/ain-agricole\/\" \/>\n<meta property=\"og:locale\" content=\"fr_FR\" \/>\n<meta property=\"og:type\" content=\"article\" \/>\n<meta property=\"og:title\" content=\"Le journal Ain Agricole - Actualit\u00e9 des entreprises\" \/>\n<meta property=\"og:description\" content=\"Ain Agricole, un journal d&rsquo;annonces l\u00e9gales du 01 Vous souhaitez publier une annonce l\u00e9gale dans le journal Ain Agricole ? [&hellip;]\" \/>\n<meta property=\"og:url\" content=\"https:\/\/www.annonces-legales.org\/blog\/ain-agricole\/\" \/>\n<meta property=\"og:site_name\" content=\"Actualit\u00e9 des entreprises\" \/>\n<meta property=\"article:modified_time\" content=\"2022-01-26T11:03:28+00:00\" \/>\n<meta property=\"og:image\" content=\"https:\/\/www.annonces-legales.org\/blog\/wp-content\/uploads\/2021\/09\/ainagricole.png\" \/>\n\t<meta property=\"og:image:width\" content=\"334\" \/>\n\t<meta property=\"og:image:height\" content=\"128\" \/>\n\t<meta property=\"og:image:type\" content=\"image\/png\" \/>\n<meta name=\"twitter:card\" content=\"summary_large_image\" \/>\n<meta name=\"twitter:label1\" content=\"Dur\u00e9e de lecture estim\u00e9e\" \/>\n\t<meta name=\"twitter:data1\" content=\"1 minute\" \/>\n<script type=\"application\/ld+json\" class=\"yoast-schema-graph\">{\"@context\":\"https:\/\/schema.org\",\"@graph\":[{\"@type\":\"WebPage\",\"@id\":\"https:\/\/www.annonces-legales.org\/blog\/ain-agricole\/\",\"url\":\"https:\/\/www.annonces-legales.org\/blog\/ain-agricole\/\",\"name\":\"Le journal Ain Agricole - Actualit\u00e9 des entreprises\",\"isPartOf\":{\"@id\":\"https:\/\/www.annonces-legales.org\/blog\/#website\"},\"primaryImageOfPage\":{\"@id\":\"https:\/\/www.annonces-legales.org\/blog\/ain-agricole\/#primaryimage\"},\"image\":{\"@id\":\"https:\/\/www.annonces-legales.org\/blog\/ain-agricole\/#primaryimage\"},\"thumbnailUrl\":\"https:\/\/www.annonces-legales.org\/blog\/wp-content\/uploads\/2021\/09\/ainagricole.png\",\"datePublished\":\"2021-09-01T14:49:57+00:00\",\"dateModified\":\"2022-01-26T11:03:28+00:00\",\"breadcrumb\":{\"@id\":\"https:\/\/www.annonces-legales.org\/blog\/ain-agricole\/#breadcrumb\"},\"inLanguage\":\"fr-FR\",\"potentialAction\":[{\"@type\":\"ReadAction\",\"target\":[\"https:\/\/www.annonces-legales.org\/blog\/ain-agricole\/\"]}]},{\"@type\":\"ImageObject\",\"inLanguage\":\"fr-FR\",\"@id\":\"https:\/\/www.annonces-legales.org\/blog\/ain-agricole\/#primaryimage\",\"url\":\"https:\/\/www.annonces-legales.org\/blog\/wp-content\/uploads\/2021\/09\/ainagricole.png\",\"contentUrl\":\"https:\/\/www.annonces-legales.org\/blog\/wp-content\/uploads\/2021\/09\/ainagricole.png\",\"width\":334,\"height\":128},{\"@type\":\"BreadcrumbList\",\"@id\":\"https:\/\/www.annonces-legales.org\/blog\/ain-agricole\/#breadcrumb\",\"itemListElement\":[{\"@type\":\"ListItem\",\"position\":1,\"name\":\"Accueil\",\"item\":\"https:\/\/www.annonces-legales.org\/blog\/\"},{\"@type\":\"ListItem\",\"position\":2,\"name\":\"Liste des journaux habilit\u00e9s \u00e0 publier des annonces l\u00e9gales\",\"item\":\"https:\/\/www.annonces-legales.org\/blog\/liste-des-journaux-habilites-a-publier-des-annonces-legales\/\"},{\"@type\":\"ListItem\",\"position\":3,\"name\":\"Le journal Ain Agricole\"}]},{\"@type\":\"WebSite\",\"@id\":\"https:\/\/www.annonces-legales.org\/blog\/#website\",\"url\":\"https:\/\/www.annonces-legales.org\/blog\/\",\"name\":\"Actualit\u00e9 des entreprises\",\"description\":\"\",\"publisher\":{\"@id\":\"https:\/\/www.annonces-legales.org\/blog\/#organization\"},\"potentialAction\":[{\"@type\":\"SearchAction\",\"target\":{\"@type\":\"EntryPoint\",\"urlTemplate\":\"https:\/\/www.annonces-legales.org\/blog\/?s={search_term_string}\"},\"query-input\":{\"@type\":\"PropertyValueSpecification\",\"valueRequired\":true,\"valueName\":\"search_term_string\"}}],\"inLanguage\":\"fr-FR\"},{\"@type\":\"Organization\",\"@id\":\"https:\/\/www.annonces-legales.org\/blog\/#organization\",\"name\":\"Actualit\u00e9 des entreprises\",\"url\":\"https:\/\/www.annonces-legales.org\/blog\/\",\"logo\":{\"@type\":\"ImageObject\",\"inLanguage\":\"fr-FR\",\"@id\":\"https:\/\/www.annonces-legales.org\/blog\/#\/schema\/logo\/image\/\",\"url\":\"https:\/\/www.annonces-legales.org\/blog\/wp-content\/uploads\/2023\/08\/annonces-legales.svg\",\"contentUrl\":\"https:\/\/www.annonces-legales.org\/blog\/wp-content\/uploads\/2023\/08\/annonces-legales.svg\",\"caption\":\"Actualit\u00e9 des entreprises\"},\"image\":{\"@id\":\"https:\/\/www.annonces-legales.org\/blog\/#\/schema\/logo\/image\/\"}}]}<\/script>\n<!-- \/ Yoast SEO plugin. -->","yoast_head_json":{"title":"Le journal Ain Agricole - Actualit\u00e9 des entreprises","robots":{"index":"index","follow":"follow","max-snippet":"max-snippet:-1","max-image-preview":"max-image-preview:large","max-video-preview":"max-video-preview:-1"},"canonical":"https:\/\/www.annonces-legales.org\/blog\/ain-agricole\/","og_locale":"fr_FR","og_type":"article","og_title":"Le journal Ain Agricole - Actualit\u00e9 des entreprises","og_description":"Ain Agricole, un journal d&rsquo;annonces l\u00e9gales du 01 Vous souhaitez publier une annonce l\u00e9gale dans le journal Ain Agricole ? [&hellip;]","og_url":"https:\/\/www.annonces-legales.org\/blog\/ain-agricole\/","og_site_name":"Actualit\u00e9 des entreprises","article_modified_time":"2022-01-26T11:03:28+00:00","og_image":[{"width":334,"height":128,"url":"https:\/\/www.annonces-legales.org\/blog\/wp-content\/uploads\/2021\/09\/ainagricole.png","type":"image\/png"}],"twitter_card":"summary_large_image","twitter_misc":{"Dur\u00e9e de lecture estim\u00e9e":"1 minute"},"schema":{"@context":"https:\/\/schema.org","@graph":[{"@type":"WebPage","@id":"https:\/\/www.annonces-legales.org\/blog\/ain-agricole\/","url":"https:\/\/www.annonces-legales.org\/blog\/ain-agricole\/","name":"Le journal Ain Agricole - Actualit\u00e9 des entreprises","isPartOf":{"@id":"https:\/\/www.annonces-legales.org\/blog\/#website"},"primaryImageOfPage":{"@id":"https:\/\/www.annonces-legales.org\/blog\/ain-agricole\/#primaryimage"},"image":{"@id":"https:\/\/www.annonces-legales.org\/blog\/ain-agricole\/#primaryimage"},"thumbnailUrl":"https:\/\/www.annonces-legales.org\/blog\/wp-content\/uploads\/2021\/09\/ainagricole.png","datePublished":"2021-09-01T14:49:57+00:00","dateModified":"2022-01-26T11:03:28+00:00","breadcrumb":{"@id":"https:\/\/www.annonces-legales.org\/blog\/ain-agricole\/#breadcrumb"},"inLanguage":"fr-FR","potentialAction":[{"@type":"ReadAction","target":["https:\/\/www.annonces-legales.org\/blog\/ain-agricole\/"]}]},{"@type":"ImageObject","inLanguage":"fr-FR","@id":"https:\/\/www.annonces-legales.org\/blog\/ain-agricole\/#primaryimage","url":"https:\/\/www.annonces-legales.org\/blog\/wp-content\/uploads\/2021\/09\/ainagricole.png","contentUrl":"https:\/\/www.annonces-legales.org\/blog\/wp-content\/uploads\/2021\/09\/ainagricole.png","width":334,"height":128},{"@type":"BreadcrumbList","@id":"https:\/\/www.annonces-legales.org\/blog\/ain-agricole\/#breadcrumb","itemListElement":[{"@type":"ListItem","position":1,"name":"Accueil","item":"https:\/\/www.annonces-legales.org\/blog\/"},{"@type":"ListItem","position":2,"name":"Liste des journaux habilit\u00e9s \u00e0 publier des annonces l\u00e9gales","item":"https:\/\/www.annonces-legales.org\/blog\/liste-des-journaux-habilites-a-publier-des-annonces-legales\/"},{"@type":"ListItem","position":3,"name":"Le journal Ain Agricole"}]},{"@type":"WebSite","@id":"https:\/\/www.annonces-legales.org\/blog\/#website","url":"https:\/\/www.annonces-legales.org\/blog\/","name":"Actualit\u00e9 des entreprises","description":"","publisher":{"@id":"https:\/\/www.annonces-legales.org\/blog\/#organization"},"potentialAction":[{"@type":"SearchAction","target":{"@type":"EntryPoint","urlTemplate":"https:\/\/www.annonces-legales.org\/blog\/?s={search_term_string}"},"query-input":{"@type":"PropertyValueSpecification","valueRequired":true,"valueName":"search_term_string"}}],"inLanguage":"fr-FR"},{"@type":"Organization","@id":"https:\/\/www.annonces-legales.org\/blog\/#organization","name":"Actualit\u00e9 des entreprises","url":"https:\/\/www.annonces-legales.org\/blog\/","logo":{"@type":"ImageObject","inLanguage":"fr-FR","@id":"https:\/\/www.annonces-legales.org\/blog\/#\/schema\/logo\/image\/","url":"https:\/\/www.annonces-legales.org\/blog\/wp-content\/uploads\/2023\/08\/annonces-legales.svg","contentUrl":"https:\/\/www.annonces-legales.org\/blog\/wp-content\/uploads\/2023\/08\/annonces-legales.svg","caption":"Actualit\u00e9 des entreprises"},"image":{"@id":"https:\/\/www.annonces-legales.org\/blog\/#\/schema\/logo\/image\/"}}]}},"_links":{"self":[{"href":"https:\/\/www.annonces-legales.org\/blog\/wp-json\/wp\/v2\/pages\/357","targetHints":{"allow":["GET"]}}],"collection":[{"href":"https:\/\/www.annonces-legales.org\/blog\/wp-json\/wp\/v2\/pages"}],"about":[{"href":"https:\/\/www.annonces-legales.org\/blog\/wp-json\/wp\/v2\/types\/page"}],"author":[{"embeddable":true,"href":"https:\/\/www.annonces-legales.org\/blog\/wp-json\/wp\/v2\/users\/1"}],"replies":[{"embeddable":true,"href":"https:\/\/www.annonces-legales.org\/blog\/wp-json\/wp\/v2\/comments?post=357"}],"version-history":[{"count":6,"href":"https:\/\/www.annonces-legales.org\/blog\/wp-json\/wp\/v2\/pages\/357\/revisions"}],"predecessor-version":[{"id":364,"href":"https:\/\/www.annonces-legales.org\/blog\/wp-json\/wp\/v2\/pages\/357\/revisions\/364"}],"up":[{"embeddable":true,"href":"https:\/\/www.annonces-legales.org\/blog\/wp-json\/wp\/v2\/pages\/351"}],"wp:attachment":[{"href":"https:\/\/www.annonces-legales.org\/blog\/wp-json\/wp\/v2\/media?parent=357"}],"curies":[{"name":"wp","href":"https:\/\/api.w.org\/{rel}","templated":true}]}}