{"id":388,"date":"2021-09-01T17:19:52","date_gmt":"2021-09-01T15:19:52","guid":{"rendered":"https:\/\/www.annonces-legales.org\/blog\/?page_id=388"},"modified":"2022-01-26T12:10:20","modified_gmt":"2022-01-26T11:10:20","slug":"pays-gessien","status":"publish","type":"page","link":"https:\/\/www.annonces-legales.org\/blog\/pays-gessien\/","title":{"rendered":"Pays Gessien"},"content":{"rendered":"<p>Le <strong>journal Le Pays Gessien<\/strong> est un hebdomadaire disponible en kiosque dans le d\u00e9partement de l&rsquo;Ain.<\/p>\n<p>&nbsp;<\/p>\n<p>Pour le d\u00e9partement 01, il est possible d&rsquo;utiliser ce journal pour faire une annonce l\u00e9gale de changement ou de constitution .<\/p>\n<p><strong>Publier une publicit\u00e9 l\u00e9gale avec notre plateforme dans l&rsquo;Ain.<\/strong><\/p>\n<p>Annonces-legales.org vous permet de faire vos annonces l\u00e9gales dans l&rsquo;ensemble des d\u00e9partements au tarif le plus bas. Il est possible de comparer les tarifs sur plusieurs journaux partenaires pour tous les d\u00e9partements en quelques minutes.<\/p>\n<p>&nbsp;<\/p>\n<p>&nbsp;<\/p>\n<h2><img loading=\"lazy\" decoding=\"async\" class=\"aligncenter size-full wp-image-391\" src=\"https:\/\/www.annonces-legales.org\/blog\/wp-content\/uploads\/2021\/09\/pays-gessien.jpg\" alt=\"\" width=\"400\" height=\"103\" srcset=\"https:\/\/www.annonces-legales.org\/blog\/wp-content\/uploads\/2021\/09\/pays-gessien.jpg 400w, https:\/\/www.annonces-legales.org\/blog\/wp-content\/uploads\/2021\/09\/pays-gessien-300x77.jpg 300w\" sizes=\"auto, (max-width: 400px) 100vw, 400px\" \/><\/h2>\n<h2>Le Gessien<\/h2>\n<p><strong>Le Gessien<\/strong>, comme l&rsquo;appellent ses fid\u00e8les lecteurs, est un journal d&rsquo;information locale du pays de Gex qui para\u00eet tous les jeudis. C&rsquo;est une r\u00e9gion situ\u00e9e entre le lac L\u00e9man et le massif du Jura au nord-est du d\u00e9partement de l&rsquo;Ain.<br \/>\nC&rsquo;est un journal hebdomadaire vendu 1,60 \u20ac le num\u00e9ro et diffuser \u00e0 plus de 4000 exemplaires. Le journal appartient \u00e0 l&rsquo;hebdomadaire Le Messager qui est lui-m\u00eame la propri\u00e9t\u00e9 du groupe La Voix.<\/p>\n<p>Cr\u00e9\u00e9 en 1868, le journal a tout d&rsquo;abord \u00e9t\u00e9 appel\u00e9 <strong>Le Petit Gessien &#8211; journal r\u00e9publicain &#8211; feuille d&rsquo;avis du pays de Gex et de la vall\u00e9e de la Valserine<\/strong>. Au d\u00e9but du XXe si\u00e8cle, il est rachet\u00e9 par un autre journal de l&rsquo;Ain, la Tribune R\u00e9publicaine.<\/p>\n<p>En 1997, la Tribune R\u00e9publicaine et Le Petit Gessien est rachet\u00e9 par le groupe Presse Alpes-Jura (Groupe Le Messager) qui sera par la suite acquis par le groupe La Voix vers 2010. \u00e0 ce moment, le nom du journal va devenir simplement <strong>Le Pays Gessien<\/strong>.<\/p>\n<p>L&rsquo;adresse de la r\u00e9daction et 10, Rue Z\u00e9phirin Jeantet \u00e0 Bellegarde-sur-valserine 01206.<\/p>\n<p>Il est possible de s&rsquo;abonner par Internet pour 5,40 \u20ac par mois avec un engagement de six mois. Vous pourrez ainsi consulter le journal en version num\u00e9rique ou en version papier.<\/p>\n<p>&nbsp;<\/p>\n<h2>Combien co\u00fbte une annonce l\u00e9gale sur le Pays Gessien ?<\/h2>\n<p>Le tarif des avis de constitution est identique sur tous les journaux. Pour savoir ce que cela vous co\u00fbtera sur le Pays Gessien ou sur un autre journal du 01 vous pouvez consulter notre article sur les <a href=\"https:\/\/www.annonces-legales.org\/blog\/avis-de-constitution\/\">avis de constitution<\/a>.<\/p>\n<p>&nbsp;<\/p>\n<p>Pour les annonces de changement, plus l&rsquo;annonce l\u00e9gale renferme de caract\u00e8res, plus celle-ci sera on\u00e9reuse.<br \/>\nLe tarif est diff\u00e9rent dans chaque d\u00e9partement et change chaque ann\u00e9e. Il est actuellement \u00e0 4,07 euros HT pour le d\u00e9partement de l&rsquo;Ain.<\/p>\n<p>Cette diff\u00e9rence de tarifs entre d\u00e9partement est souvent insignifiante.<br \/>\nLa diff\u00e9rence de montants va plut\u00f4t \u00eatre fait sur la s\u00e9lection du journal habilit\u00e9 ou du prestataire. Comparez les prix imm\u00e9diatement avec <a href=\"https:\/\/www.annonces-legales.org\/publication-annonce-legale.html\">notre service<\/a> en remplissant un formulaire sans engagement.<\/p>\n<p>&nbsp;<\/p>\n","protected":false},"excerpt":{"rendered":"<p>Le journal Le Pays Gessien est un hebdomadaire disponible en kiosque dans le d\u00e9partement de l&rsquo;Ain. &nbsp; Pour le d\u00e9partement [&hellip;]<\/p>\n","protected":false},"author":1,"featured_media":0,"parent":351,"menu_order":0,"comment_status":"closed","ping_status":"closed","template":"","meta":{"inline_featured_image":false,"footnotes":""},"class_list":["post-388","page","type-page","status-publish","hentry"],"yoast_head":"<!-- This site is optimized with the Yoast SEO plugin v26.8 - https:\/\/yoast.com\/product\/yoast-seo-wordpress\/ -->\n<title>Pays Gessien - Actualit\u00e9 des entreprises<\/title>\n<meta name=\"robots\" content=\"index, follow, max-snippet:-1, max-image-preview:large, max-video-preview:-1\" \/>\n<link rel=\"canonical\" href=\"https:\/\/www.annonces-legales.org\/blog\/pays-gessien\/\" \/>\n<meta property=\"og:locale\" content=\"fr_FR\" \/>\n<meta property=\"og:type\" content=\"article\" \/>\n<meta property=\"og:title\" content=\"Pays Gessien - Actualit\u00e9 des entreprises\" \/>\n<meta property=\"og:description\" content=\"Le journal Le Pays Gessien est un hebdomadaire disponible en kiosque dans le d\u00e9partement de l&rsquo;Ain. &nbsp; Pour le d\u00e9partement [&hellip;]\" \/>\n<meta property=\"og:url\" content=\"https:\/\/www.annonces-legales.org\/blog\/pays-gessien\/\" \/>\n<meta property=\"og:site_name\" content=\"Actualit\u00e9 des entreprises\" \/>\n<meta property=\"article:modified_time\" content=\"2022-01-26T11:10:20+00:00\" \/>\n<meta property=\"og:image\" content=\"https:\/\/www.annonces-legales.org\/blog\/wp-content\/uploads\/2021\/09\/pays-gessien.jpg\" \/>\n\t<meta property=\"og:image:width\" content=\"400\" \/>\n\t<meta property=\"og:image:height\" content=\"103\" \/>\n\t<meta property=\"og:image:type\" content=\"image\/jpeg\" \/>\n<meta name=\"twitter:card\" content=\"summary_large_image\" \/>\n<meta name=\"twitter:label1\" content=\"Dur\u00e9e de lecture estim\u00e9e\" \/>\n\t<meta name=\"twitter:data1\" content=\"2 minutes\" \/>\n<script type=\"application\/ld+json\" class=\"yoast-schema-graph\">{\"@context\":\"https:\/\/schema.org\",\"@graph\":[{\"@type\":\"WebPage\",\"@id\":\"https:\/\/www.annonces-legales.org\/blog\/pays-gessien\/\",\"url\":\"https:\/\/www.annonces-legales.org\/blog\/pays-gessien\/\",\"name\":\"Pays Gessien - Actualit\u00e9 des entreprises\",\"isPartOf\":{\"@id\":\"https:\/\/www.annonces-legales.org\/blog\/#website\"},\"primaryImageOfPage\":{\"@id\":\"https:\/\/www.annonces-legales.org\/blog\/pays-gessien\/#primaryimage\"},\"image\":{\"@id\":\"https:\/\/www.annonces-legales.org\/blog\/pays-gessien\/#primaryimage\"},\"thumbnailUrl\":\"https:\/\/www.annonces-legales.org\/blog\/wp-content\/uploads\/2021\/09\/pays-gessien.jpg\",\"datePublished\":\"2021-09-01T15:19:52+00:00\",\"dateModified\":\"2022-01-26T11:10:20+00:00\",\"breadcrumb\":{\"@id\":\"https:\/\/www.annonces-legales.org\/blog\/pays-gessien\/#breadcrumb\"},\"inLanguage\":\"fr-FR\",\"potentialAction\":[{\"@type\":\"ReadAction\",\"target\":[\"https:\/\/www.annonces-legales.org\/blog\/pays-gessien\/\"]}]},{\"@type\":\"ImageObject\",\"inLanguage\":\"fr-FR\",\"@id\":\"https:\/\/www.annonces-legales.org\/blog\/pays-gessien\/#primaryimage\",\"url\":\"https:\/\/www.annonces-legales.org\/blog\/wp-content\/uploads\/2021\/09\/pays-gessien.jpg\",\"contentUrl\":\"https:\/\/www.annonces-legales.org\/blog\/wp-content\/uploads\/2021\/09\/pays-gessien.jpg\",\"width\":400,\"height\":103},{\"@type\":\"BreadcrumbList\",\"@id\":\"https:\/\/www.annonces-legales.org\/blog\/pays-gessien\/#breadcrumb\",\"itemListElement\":[{\"@type\":\"ListItem\",\"position\":1,\"name\":\"Accueil\",\"item\":\"https:\/\/www.annonces-legales.org\/blog\/\"},{\"@type\":\"ListItem\",\"position\":2,\"name\":\"Liste des journaux habilit\u00e9s \u00e0 publier des annonces l\u00e9gales\",\"item\":\"https:\/\/www.annonces-legales.org\/blog\/liste-des-journaux-habilites-a-publier-des-annonces-legales\/\"},{\"@type\":\"ListItem\",\"position\":3,\"name\":\"Pays Gessien\"}]},{\"@type\":\"WebSite\",\"@id\":\"https:\/\/www.annonces-legales.org\/blog\/#website\",\"url\":\"https:\/\/www.annonces-legales.org\/blog\/\",\"name\":\"Actualit\u00e9 des entreprises\",\"description\":\"\",\"publisher\":{\"@id\":\"https:\/\/www.annonces-legales.org\/blog\/#organization\"},\"potentialAction\":[{\"@type\":\"SearchAction\",\"target\":{\"@type\":\"EntryPoint\",\"urlTemplate\":\"https:\/\/www.annonces-legales.org\/blog\/?s={search_term_string}\"},\"query-input\":{\"@type\":\"PropertyValueSpecification\",\"valueRequired\":true,\"valueName\":\"search_term_string\"}}],\"inLanguage\":\"fr-FR\"},{\"@type\":\"Organization\",\"@id\":\"https:\/\/www.annonces-legales.org\/blog\/#organization\",\"name\":\"Actualit\u00e9 des entreprises\",\"url\":\"https:\/\/www.annonces-legales.org\/blog\/\",\"logo\":{\"@type\":\"ImageObject\",\"inLanguage\":\"fr-FR\",\"@id\":\"https:\/\/www.annonces-legales.org\/blog\/#\/schema\/logo\/image\/\",\"url\":\"https:\/\/www.annonces-legales.org\/blog\/wp-content\/uploads\/2023\/08\/annonces-legales.svg\",\"contentUrl\":\"https:\/\/www.annonces-legales.org\/blog\/wp-content\/uploads\/2023\/08\/annonces-legales.svg\",\"caption\":\"Actualit\u00e9 des entreprises\"},\"image\":{\"@id\":\"https:\/\/www.annonces-legales.org\/blog\/#\/schema\/logo\/image\/\"}}]}<\/script>\n<!-- \/ Yoast SEO plugin. -->","yoast_head_json":{"title":"Pays Gessien - Actualit\u00e9 des entreprises","robots":{"index":"index","follow":"follow","max-snippet":"max-snippet:-1","max-image-preview":"max-image-preview:large","max-video-preview":"max-video-preview:-1"},"canonical":"https:\/\/www.annonces-legales.org\/blog\/pays-gessien\/","og_locale":"fr_FR","og_type":"article","og_title":"Pays Gessien - Actualit\u00e9 des entreprises","og_description":"Le journal Le Pays Gessien est un hebdomadaire disponible en kiosque dans le d\u00e9partement de l&rsquo;Ain. &nbsp; Pour le d\u00e9partement [&hellip;]","og_url":"https:\/\/www.annonces-legales.org\/blog\/pays-gessien\/","og_site_name":"Actualit\u00e9 des entreprises","article_modified_time":"2022-01-26T11:10:20+00:00","og_image":[{"width":400,"height":103,"url":"https:\/\/www.annonces-legales.org\/blog\/wp-content\/uploads\/2021\/09\/pays-gessien.jpg","type":"image\/jpeg"}],"twitter_card":"summary_large_image","twitter_misc":{"Dur\u00e9e de lecture estim\u00e9e":"2 minutes"},"schema":{"@context":"https:\/\/schema.org","@graph":[{"@type":"WebPage","@id":"https:\/\/www.annonces-legales.org\/blog\/pays-gessien\/","url":"https:\/\/www.annonces-legales.org\/blog\/pays-gessien\/","name":"Pays Gessien - Actualit\u00e9 des entreprises","isPartOf":{"@id":"https:\/\/www.annonces-legales.org\/blog\/#website"},"primaryImageOfPage":{"@id":"https:\/\/www.annonces-legales.org\/blog\/pays-gessien\/#primaryimage"},"image":{"@id":"https:\/\/www.annonces-legales.org\/blog\/pays-gessien\/#primaryimage"},"thumbnailUrl":"https:\/\/www.annonces-legales.org\/blog\/wp-content\/uploads\/2021\/09\/pays-gessien.jpg","datePublished":"2021-09-01T15:19:52+00:00","dateModified":"2022-01-26T11:10:20+00:00","breadcrumb":{"@id":"https:\/\/www.annonces-legales.org\/blog\/pays-gessien\/#breadcrumb"},"inLanguage":"fr-FR","potentialAction":[{"@type":"ReadAction","target":["https:\/\/www.annonces-legales.org\/blog\/pays-gessien\/"]}]},{"@type":"ImageObject","inLanguage":"fr-FR","@id":"https:\/\/www.annonces-legales.org\/blog\/pays-gessien\/#primaryimage","url":"https:\/\/www.annonces-legales.org\/blog\/wp-content\/uploads\/2021\/09\/pays-gessien.jpg","contentUrl":"https:\/\/www.annonces-legales.org\/blog\/wp-content\/uploads\/2021\/09\/pays-gessien.jpg","width":400,"height":103},{"@type":"BreadcrumbList","@id":"https:\/\/www.annonces-legales.org\/blog\/pays-gessien\/#breadcrumb","itemListElement":[{"@type":"ListItem","position":1,"name":"Accueil","item":"https:\/\/www.annonces-legales.org\/blog\/"},{"@type":"ListItem","position":2,"name":"Liste des journaux habilit\u00e9s \u00e0 publier des annonces l\u00e9gales","item":"https:\/\/www.annonces-legales.org\/blog\/liste-des-journaux-habilites-a-publier-des-annonces-legales\/"},{"@type":"ListItem","position":3,"name":"Pays Gessien"}]},{"@type":"WebSite","@id":"https:\/\/www.annonces-legales.org\/blog\/#website","url":"https:\/\/www.annonces-legales.org\/blog\/","name":"Actualit\u00e9 des entreprises","description":"","publisher":{"@id":"https:\/\/www.annonces-legales.org\/blog\/#organization"},"potentialAction":[{"@type":"SearchAction","target":{"@type":"EntryPoint","urlTemplate":"https:\/\/www.annonces-legales.org\/blog\/?s={search_term_string}"},"query-input":{"@type":"PropertyValueSpecification","valueRequired":true,"valueName":"search_term_string"}}],"inLanguage":"fr-FR"},{"@type":"Organization","@id":"https:\/\/www.annonces-legales.org\/blog\/#organization","name":"Actualit\u00e9 des entreprises","url":"https:\/\/www.annonces-legales.org\/blog\/","logo":{"@type":"ImageObject","inLanguage":"fr-FR","@id":"https:\/\/www.annonces-legales.org\/blog\/#\/schema\/logo\/image\/","url":"https:\/\/www.annonces-legales.org\/blog\/wp-content\/uploads\/2023\/08\/annonces-legales.svg","contentUrl":"https:\/\/www.annonces-legales.org\/blog\/wp-content\/uploads\/2023\/08\/annonces-legales.svg","caption":"Actualit\u00e9 des entreprises"},"image":{"@id":"https:\/\/www.annonces-legales.org\/blog\/#\/schema\/logo\/image\/"}}]}},"_links":{"self":[{"href":"https:\/\/www.annonces-legales.org\/blog\/wp-json\/wp\/v2\/pages\/388","targetHints":{"allow":["GET"]}}],"collection":[{"href":"https:\/\/www.annonces-legales.org\/blog\/wp-json\/wp\/v2\/pages"}],"about":[{"href":"https:\/\/www.annonces-legales.org\/blog\/wp-json\/wp\/v2\/types\/page"}],"author":[{"embeddable":true,"href":"https:\/\/www.annonces-legales.org\/blog\/wp-json\/wp\/v2\/users\/1"}],"replies":[{"embeddable":true,"href":"https:\/\/www.annonces-legales.org\/blog\/wp-json\/wp\/v2\/comments?post=388"}],"version-history":[{"count":7,"href":"https:\/\/www.annonces-legales.org\/blog\/wp-json\/wp\/v2\/pages\/388\/revisions"}],"predecessor-version":[{"id":1367,"href":"https:\/\/www.annonces-legales.org\/blog\/wp-json\/wp\/v2\/pages\/388\/revisions\/1367"}],"up":[{"embeddable":true,"href":"https:\/\/www.annonces-legales.org\/blog\/wp-json\/wp\/v2\/pages\/351"}],"wp:attachment":[{"href":"https:\/\/www.annonces-legales.org\/blog\/wp-json\/wp\/v2\/media?parent=388"}],"curies":[{"name":"wp","href":"https:\/\/api.w.org\/{rel}","templated":true}]}}