{"id":404,"date":"2021-09-01T18:09:07","date_gmt":"2021-09-01T16:09:07","guid":{"rendered":"https:\/\/www.annonces-legales.org\/blog\/?page_id=404"},"modified":"2022-01-26T11:34:34","modified_gmt":"2022-01-26T10:34:34","slug":"agriculteur-de-laisne","status":"publish","type":"page","link":"https:\/\/www.annonces-legales.org\/blog\/agriculteur-de-laisne\/","title":{"rendered":"Agriculteur de l&rsquo;Aisne"},"content":{"rendered":"<p>Le journal papier L&rsquo;Agriculteur de l&rsquo;Aisne est un\u00a0 hebdomadaire disponible en kiosque tous les vendredi pour 3,35 euros.<\/p>\n<p>Il est habilit\u00e9 \u00e0 publier des annonces l\u00e9gales pour le d\u00e9partement de l&rsquo;Aisne.<\/p>\n<p><img loading=\"lazy\" decoding=\"async\" class=\"aligncenter size-full wp-image-407\" src=\"https:\/\/www.annonces-legales.org\/blog\/wp-content\/uploads\/2021\/09\/agriculteur-de-laisne.png\" alt=\"\" width=\"366\" height=\"270\" srcset=\"https:\/\/www.annonces-legales.org\/blog\/wp-content\/uploads\/2021\/09\/agriculteur-de-laisne.png 366w, https:\/\/www.annonces-legales.org\/blog\/wp-content\/uploads\/2021\/09\/agriculteur-de-laisne-300x221.png 300w\" sizes=\"auto, (max-width: 366px) 100vw, 366px\" \/><\/p>\n<h2>Plus d&rsquo;infos sur le journal<\/h2>\n<p>Le journal hebdomadaire Agriculteur de l&rsquo;Aisne propose des actualit\u00e9s rurales et agricoles sur le d\u00e9partement. Il existe depuis plus de 40 ans et \u00e0 d\u00e9j\u00e0 d\u00e9pass\u00e9 le num\u00e9ro 2000.<br \/>\nL&rsquo;abonnement annuel au journal co\u00fbte 167,50 \u20ac TTC.<br \/>\nLe site internet du journal est <strong>agriculteur-aisne.com<\/strong><\/p>\n<p>La directrice de la publication du journal est Estelle Morgan. Le site appartient \u00e0 la soci\u00e9t\u00e9 des \u00e9ditions techniques agricoles S.E.T.A. qui est une SARL dont le capital est de 40\u00a0000 \u20ac. L&rsquo;adresse du journal est 1 rue Ren\u00e9 Blondel 02007 Laon. Le journal partage ses locaux avec la chambre d&rsquo;agriculture de l&rsquo;Aisne.<\/p>\n<p>&nbsp;<\/p>\n<p>&nbsp;<\/p>\n<h2>Publier une annonce l\u00e9gale et judiciaire dans le 01 avec notre plateforme Annonces-legales.org<\/h2>\n<p>Notre plateforme donne la possibilit\u00e9 de diffuser vos annonces l\u00e9gales dans n&rsquo;importe quel d\u00e9partements fran\u00e7ais au meilleurs prix possible. Il est possible de comparer les tarifs sur divers JAL pour tous les d\u00e9partements et cela sans aucunes connaissances juridiques.<\/p>\n<p>Rendez-vous sur la <a href=\"https:\/\/www.annonces-legales.org\/publication-annonce-legale.html\">page des formulaires<\/a> et laissez vous guider !<\/p>\n<p>&nbsp;<\/p>\n<p>Quelles structures d&rsquo;entreprise ont besoin de faire la publication d&rsquo;une annonce l\u00e9gale ?<\/p>\n<p>Pour la plupart des entreprises, de l&rsquo;EURL \u00e0 la Soci\u00e9t\u00e9 Anonyme, il est indispensable de r\u00e9aliser des annonces.<\/p>\n<p>Les petites <a href=\"https:\/\/www.annonces-legales.org\/blog\/quel-statut-juridique-choisir-pour-une-start-up\/\">startup, souvent en SAS<\/a>, ont aussi besoin de publier ces annonces officielles. Par contre,\u00a0 micro-entreprises et autoentreprenneurs n&rsquo;ont pas besoin de faire cette formalit\u00e9.<\/p>\n<p>On constate que toutes les soci\u00e9t\u00e9s ont fait au minimum 2 annonces officielles au bout de 2 ans d&rsquo;activit\u00e9.<\/p>\n<p>\u00c0 l&rsquo;\u00e9vidence, cette t\u00e2che ne concerne que les structures de citoyennet\u00e9 fran\u00e7aise.<\/p>\n<p>&nbsp;<\/p>\n<p>&nbsp;<\/p>\n","protected":false},"excerpt":{"rendered":"<p>Le journal papier L&rsquo;Agriculteur de l&rsquo;Aisne est un\u00a0 hebdomadaire disponible en kiosque tous les vendredi pour 3,35 euros. Il est [&hellip;]<\/p>\n","protected":false},"author":1,"featured_media":0,"parent":351,"menu_order":0,"comment_status":"closed","ping_status":"closed","template":"","meta":{"inline_featured_image":false,"footnotes":""},"class_list":["post-404","page","type-page","status-publish","hentry"],"yoast_head":"<!-- This site is optimized with the Yoast SEO plugin v26.8 - https:\/\/yoast.com\/product\/yoast-seo-wordpress\/ -->\n<title>Agriculteur de l&#039;Aisne - Actualit\u00e9 des entreprises<\/title>\n<meta name=\"robots\" content=\"index, follow, max-snippet:-1, max-image-preview:large, max-video-preview:-1\" \/>\n<link rel=\"canonical\" href=\"https:\/\/www.annonces-legales.org\/blog\/agriculteur-de-laisne\/\" \/>\n<meta property=\"og:locale\" content=\"fr_FR\" \/>\n<meta property=\"og:type\" content=\"article\" \/>\n<meta property=\"og:title\" content=\"Agriculteur de l&#039;Aisne - Actualit\u00e9 des entreprises\" \/>\n<meta property=\"og:description\" content=\"Le journal papier L&rsquo;Agriculteur de l&rsquo;Aisne est un\u00a0 hebdomadaire disponible en kiosque tous les vendredi pour 3,35 euros. Il est [&hellip;]\" \/>\n<meta property=\"og:url\" content=\"https:\/\/www.annonces-legales.org\/blog\/agriculteur-de-laisne\/\" \/>\n<meta property=\"og:site_name\" content=\"Actualit\u00e9 des entreprises\" \/>\n<meta property=\"article:modified_time\" content=\"2022-01-26T10:34:34+00:00\" \/>\n<meta property=\"og:image\" content=\"https:\/\/www.annonces-legales.org\/blog\/wp-content\/uploads\/2021\/09\/agriculteur-de-laisne.png\" \/>\n\t<meta property=\"og:image:width\" content=\"366\" \/>\n\t<meta property=\"og:image:height\" content=\"270\" \/>\n\t<meta property=\"og:image:type\" content=\"image\/png\" \/>\n<meta name=\"twitter:card\" content=\"summary_large_image\" \/>\n<meta name=\"twitter:label1\" content=\"Dur\u00e9e de lecture estim\u00e9e\" \/>\n\t<meta name=\"twitter:data1\" content=\"1 minute\" \/>\n<script type=\"application\/ld+json\" class=\"yoast-schema-graph\">{\"@context\":\"https:\/\/schema.org\",\"@graph\":[{\"@type\":\"WebPage\",\"@id\":\"https:\/\/www.annonces-legales.org\/blog\/agriculteur-de-laisne\/\",\"url\":\"https:\/\/www.annonces-legales.org\/blog\/agriculteur-de-laisne\/\",\"name\":\"Agriculteur de l'Aisne - Actualit\u00e9 des entreprises\",\"isPartOf\":{\"@id\":\"https:\/\/www.annonces-legales.org\/blog\/#website\"},\"primaryImageOfPage\":{\"@id\":\"https:\/\/www.annonces-legales.org\/blog\/agriculteur-de-laisne\/#primaryimage\"},\"image\":{\"@id\":\"https:\/\/www.annonces-legales.org\/blog\/agriculteur-de-laisne\/#primaryimage\"},\"thumbnailUrl\":\"https:\/\/www.annonces-legales.org\/blog\/wp-content\/uploads\/2021\/09\/agriculteur-de-laisne.png\",\"datePublished\":\"2021-09-01T16:09:07+00:00\",\"dateModified\":\"2022-01-26T10:34:34+00:00\",\"breadcrumb\":{\"@id\":\"https:\/\/www.annonces-legales.org\/blog\/agriculteur-de-laisne\/#breadcrumb\"},\"inLanguage\":\"fr-FR\",\"potentialAction\":[{\"@type\":\"ReadAction\",\"target\":[\"https:\/\/www.annonces-legales.org\/blog\/agriculteur-de-laisne\/\"]}]},{\"@type\":\"ImageObject\",\"inLanguage\":\"fr-FR\",\"@id\":\"https:\/\/www.annonces-legales.org\/blog\/agriculteur-de-laisne\/#primaryimage\",\"url\":\"https:\/\/www.annonces-legales.org\/blog\/wp-content\/uploads\/2021\/09\/agriculteur-de-laisne.png\",\"contentUrl\":\"https:\/\/www.annonces-legales.org\/blog\/wp-content\/uploads\/2021\/09\/agriculteur-de-laisne.png\",\"width\":366,\"height\":270},{\"@type\":\"BreadcrumbList\",\"@id\":\"https:\/\/www.annonces-legales.org\/blog\/agriculteur-de-laisne\/#breadcrumb\",\"itemListElement\":[{\"@type\":\"ListItem\",\"position\":1,\"name\":\"Accueil\",\"item\":\"https:\/\/www.annonces-legales.org\/blog\/\"},{\"@type\":\"ListItem\",\"position\":2,\"name\":\"Liste des journaux habilit\u00e9s \u00e0 publier des annonces l\u00e9gales\",\"item\":\"https:\/\/www.annonces-legales.org\/blog\/liste-des-journaux-habilites-a-publier-des-annonces-legales\/\"},{\"@type\":\"ListItem\",\"position\":3,\"name\":\"Agriculteur de l&rsquo;Aisne\"}]},{\"@type\":\"WebSite\",\"@id\":\"https:\/\/www.annonces-legales.org\/blog\/#website\",\"url\":\"https:\/\/www.annonces-legales.org\/blog\/\",\"name\":\"Actualit\u00e9 des entreprises\",\"description\":\"\",\"publisher\":{\"@id\":\"https:\/\/www.annonces-legales.org\/blog\/#organization\"},\"potentialAction\":[{\"@type\":\"SearchAction\",\"target\":{\"@type\":\"EntryPoint\",\"urlTemplate\":\"https:\/\/www.annonces-legales.org\/blog\/?s={search_term_string}\"},\"query-input\":{\"@type\":\"PropertyValueSpecification\",\"valueRequired\":true,\"valueName\":\"search_term_string\"}}],\"inLanguage\":\"fr-FR\"},{\"@type\":\"Organization\",\"@id\":\"https:\/\/www.annonces-legales.org\/blog\/#organization\",\"name\":\"Actualit\u00e9 des entreprises\",\"url\":\"https:\/\/www.annonces-legales.org\/blog\/\",\"logo\":{\"@type\":\"ImageObject\",\"inLanguage\":\"fr-FR\",\"@id\":\"https:\/\/www.annonces-legales.org\/blog\/#\/schema\/logo\/image\/\",\"url\":\"https:\/\/www.annonces-legales.org\/blog\/wp-content\/uploads\/2023\/08\/annonces-legales.svg\",\"contentUrl\":\"https:\/\/www.annonces-legales.org\/blog\/wp-content\/uploads\/2023\/08\/annonces-legales.svg\",\"caption\":\"Actualit\u00e9 des entreprises\"},\"image\":{\"@id\":\"https:\/\/www.annonces-legales.org\/blog\/#\/schema\/logo\/image\/\"}}]}<\/script>\n<!-- \/ Yoast SEO plugin. -->","yoast_head_json":{"title":"Agriculteur de l'Aisne - Actualit\u00e9 des entreprises","robots":{"index":"index","follow":"follow","max-snippet":"max-snippet:-1","max-image-preview":"max-image-preview:large","max-video-preview":"max-video-preview:-1"},"canonical":"https:\/\/www.annonces-legales.org\/blog\/agriculteur-de-laisne\/","og_locale":"fr_FR","og_type":"article","og_title":"Agriculteur de l'Aisne - Actualit\u00e9 des entreprises","og_description":"Le journal papier L&rsquo;Agriculteur de l&rsquo;Aisne est un\u00a0 hebdomadaire disponible en kiosque tous les vendredi pour 3,35 euros. Il est [&hellip;]","og_url":"https:\/\/www.annonces-legales.org\/blog\/agriculteur-de-laisne\/","og_site_name":"Actualit\u00e9 des entreprises","article_modified_time":"2022-01-26T10:34:34+00:00","og_image":[{"width":366,"height":270,"url":"https:\/\/www.annonces-legales.org\/blog\/wp-content\/uploads\/2021\/09\/agriculteur-de-laisne.png","type":"image\/png"}],"twitter_card":"summary_large_image","twitter_misc":{"Dur\u00e9e de lecture estim\u00e9e":"1 minute"},"schema":{"@context":"https:\/\/schema.org","@graph":[{"@type":"WebPage","@id":"https:\/\/www.annonces-legales.org\/blog\/agriculteur-de-laisne\/","url":"https:\/\/www.annonces-legales.org\/blog\/agriculteur-de-laisne\/","name":"Agriculteur de l'Aisne - Actualit\u00e9 des entreprises","isPartOf":{"@id":"https:\/\/www.annonces-legales.org\/blog\/#website"},"primaryImageOfPage":{"@id":"https:\/\/www.annonces-legales.org\/blog\/agriculteur-de-laisne\/#primaryimage"},"image":{"@id":"https:\/\/www.annonces-legales.org\/blog\/agriculteur-de-laisne\/#primaryimage"},"thumbnailUrl":"https:\/\/www.annonces-legales.org\/blog\/wp-content\/uploads\/2021\/09\/agriculteur-de-laisne.png","datePublished":"2021-09-01T16:09:07+00:00","dateModified":"2022-01-26T10:34:34+00:00","breadcrumb":{"@id":"https:\/\/www.annonces-legales.org\/blog\/agriculteur-de-laisne\/#breadcrumb"},"inLanguage":"fr-FR","potentialAction":[{"@type":"ReadAction","target":["https:\/\/www.annonces-legales.org\/blog\/agriculteur-de-laisne\/"]}]},{"@type":"ImageObject","inLanguage":"fr-FR","@id":"https:\/\/www.annonces-legales.org\/blog\/agriculteur-de-laisne\/#primaryimage","url":"https:\/\/www.annonces-legales.org\/blog\/wp-content\/uploads\/2021\/09\/agriculteur-de-laisne.png","contentUrl":"https:\/\/www.annonces-legales.org\/blog\/wp-content\/uploads\/2021\/09\/agriculteur-de-laisne.png","width":366,"height":270},{"@type":"BreadcrumbList","@id":"https:\/\/www.annonces-legales.org\/blog\/agriculteur-de-laisne\/#breadcrumb","itemListElement":[{"@type":"ListItem","position":1,"name":"Accueil","item":"https:\/\/www.annonces-legales.org\/blog\/"},{"@type":"ListItem","position":2,"name":"Liste des journaux habilit\u00e9s \u00e0 publier des annonces l\u00e9gales","item":"https:\/\/www.annonces-legales.org\/blog\/liste-des-journaux-habilites-a-publier-des-annonces-legales\/"},{"@type":"ListItem","position":3,"name":"Agriculteur de l&rsquo;Aisne"}]},{"@type":"WebSite","@id":"https:\/\/www.annonces-legales.org\/blog\/#website","url":"https:\/\/www.annonces-legales.org\/blog\/","name":"Actualit\u00e9 des entreprises","description":"","publisher":{"@id":"https:\/\/www.annonces-legales.org\/blog\/#organization"},"potentialAction":[{"@type":"SearchAction","target":{"@type":"EntryPoint","urlTemplate":"https:\/\/www.annonces-legales.org\/blog\/?s={search_term_string}"},"query-input":{"@type":"PropertyValueSpecification","valueRequired":true,"valueName":"search_term_string"}}],"inLanguage":"fr-FR"},{"@type":"Organization","@id":"https:\/\/www.annonces-legales.org\/blog\/#organization","name":"Actualit\u00e9 des entreprises","url":"https:\/\/www.annonces-legales.org\/blog\/","logo":{"@type":"ImageObject","inLanguage":"fr-FR","@id":"https:\/\/www.annonces-legales.org\/blog\/#\/schema\/logo\/image\/","url":"https:\/\/www.annonces-legales.org\/blog\/wp-content\/uploads\/2023\/08\/annonces-legales.svg","contentUrl":"https:\/\/www.annonces-legales.org\/blog\/wp-content\/uploads\/2023\/08\/annonces-legales.svg","caption":"Actualit\u00e9 des entreprises"},"image":{"@id":"https:\/\/www.annonces-legales.org\/blog\/#\/schema\/logo\/image\/"}}]}},"_links":{"self":[{"href":"https:\/\/www.annonces-legales.org\/blog\/wp-json\/wp\/v2\/pages\/404","targetHints":{"allow":["GET"]}}],"collection":[{"href":"https:\/\/www.annonces-legales.org\/blog\/wp-json\/wp\/v2\/pages"}],"about":[{"href":"https:\/\/www.annonces-legales.org\/blog\/wp-json\/wp\/v2\/types\/page"}],"author":[{"embeddable":true,"href":"https:\/\/www.annonces-legales.org\/blog\/wp-json\/wp\/v2\/users\/1"}],"replies":[{"embeddable":true,"href":"https:\/\/www.annonces-legales.org\/blog\/wp-json\/wp\/v2\/comments?post=404"}],"version-history":[{"count":5,"href":"https:\/\/www.annonces-legales.org\/blog\/wp-json\/wp\/v2\/pages\/404\/revisions"}],"predecessor-version":[{"id":410,"href":"https:\/\/www.annonces-legales.org\/blog\/wp-json\/wp\/v2\/pages\/404\/revisions\/410"}],"up":[{"embeddable":true,"href":"https:\/\/www.annonces-legales.org\/blog\/wp-json\/wp\/v2\/pages\/351"}],"wp:attachment":[{"href":"https:\/\/www.annonces-legales.org\/blog\/wp-json\/wp\/v2\/media?parent=404"}],"curies":[{"name":"wp","href":"https:\/\/api.w.org\/{rel}","templated":true}]}}