{"id":416,"date":"2021-09-01T18:27:21","date_gmt":"2021-09-01T16:27:21","guid":{"rendered":"https:\/\/www.annonces-legales.org\/blog\/?page_id=416"},"modified":"2022-01-26T11:36:53","modified_gmt":"2022-01-26T10:36:53","slug":"axonais","status":"publish","type":"page","link":"https:\/\/www.annonces-legales.org\/blog\/axonais\/","title":{"rendered":"Axonais"},"content":{"rendered":"<p><strong>Vous voulez publier des annonces judiciaires et l\u00e9gales dans le d\u00e9partement de l&rsquo;Aisne ?<\/strong><\/p>\n<p>Vous pouvez utiliser le journal l&rsquo;Axonais ou demander un <a href=\"https:\/\/www.annonces-legales.org\/devis-annonce-legale.html\">devis pour votre publicit\u00e9 l\u00e9gale<\/a> sur notre plateforme et ainsi obtenir le meilleurs tarif possible.<\/p>\n<p><img loading=\"lazy\" decoding=\"async\" class=\"aligncenter size-full wp-image-417\" src=\"https:\/\/www.annonces-legales.org\/blog\/wp-content\/uploads\/2021\/09\/axonais.png\" alt=\"\" width=\"400\" height=\"137\" srcset=\"https:\/\/www.annonces-legales.org\/blog\/wp-content\/uploads\/2021\/09\/axonais.png 400w, https:\/\/www.annonces-legales.org\/blog\/wp-content\/uploads\/2021\/09\/axonais-300x103.png 300w\" sizes=\"auto, (max-width: 400px) 100vw, 400px\" \/><\/p>\n<h2>Le Journal l&rsquo;Axonais<\/h2>\n<p>L&rsquo;Axonais est un hebdomadaire qui couvre l&rsquo;actualit\u00e9 du d\u00e9partement de l&rsquo;Aisne avec des articles sur la politique, l&rsquo;\u00e9conomie mais aussi la culture. Il y a bien entendu des actualit\u00e9s locales avec des interviews et des dossiers.<br \/>\nCe <strong>journal d&rsquo;annonce l\u00e9gale<\/strong> qui a \u00e9t\u00e9 cr\u00e9\u00e9e en 2014 peut publier des annonces l\u00e9gales uniquement pour ce d\u00e9partement: <strong>Aisne 02<\/strong>.<\/p>\n<p>Le nom du journal est un gentil\u00e9: les habitants de l&rsquo;aisne s&rsquo;appellent les axonais et les axonaises.<\/p>\n<p>Le journal est vendu 1,50 \u20ac. Il peut \u00eatre achet\u00e9 en kiosque mais aussi en format num\u00e9rique sur le site internet axonais.fr<\/p>\n<p>Il est possible de s&rsquo;abonner pour un an, soit 52 num\u00e9ros pour 78 euros.<\/p>\n<p>&nbsp;<\/p>\n<h2>Combien co\u00fbte une annonce l\u00e9gale sur le journal d&rsquo;annonces l\u00e9gales l&rsquo;Axonais ?<\/h2>\n<p>Le prix va d\u00e9pendre du type de l&rsquo;annonce: modification ou cr\u00e9ation. Une annonce l\u00e9gale de constitution est probablement la plus on\u00e9reuse de toutes les annonces l\u00e9gales et judiciaires. Vous pouvez retrouver le<a href=\"https:\/\/www.annonces-legales.org\/blog\/avis-de-constitution\/\"> prix de ces avis de constitution ici<\/a>. Il sera identique quel que soit le journal.<\/p>\n<p>&nbsp;<\/p>\n<p>Le prix des annonces l\u00e9gales de modification est diff\u00e9rent. Il n&rsquo;est pas fixe. Ce prix peut changer tous les ans mais il varie tr\u00e8s peu. Vous pouvez comparer facilement les tarifs pour une annonces l\u00e9gales de modification sur notre plateforme.<\/p>\n","protected":false},"excerpt":{"rendered":"<p>Vous voulez publier des annonces judiciaires et l\u00e9gales dans le d\u00e9partement de l&rsquo;Aisne ? Vous pouvez utiliser le journal l&rsquo;Axonais [&hellip;]<\/p>\n","protected":false},"author":1,"featured_media":0,"parent":351,"menu_order":0,"comment_status":"closed","ping_status":"closed","template":"","meta":{"inline_featured_image":false,"footnotes":""},"class_list":["post-416","page","type-page","status-publish","hentry"],"yoast_head":"<!-- This site is optimized with the Yoast SEO plugin v26.8 - https:\/\/yoast.com\/product\/yoast-seo-wordpress\/ -->\n<title>Axonais - Actualit\u00e9 des entreprises<\/title>\n<meta name=\"robots\" content=\"index, follow, max-snippet:-1, max-image-preview:large, max-video-preview:-1\" \/>\n<link rel=\"canonical\" href=\"https:\/\/www.annonces-legales.org\/blog\/axonais\/\" \/>\n<meta property=\"og:locale\" content=\"fr_FR\" \/>\n<meta property=\"og:type\" content=\"article\" \/>\n<meta property=\"og:title\" content=\"Axonais - Actualit\u00e9 des entreprises\" \/>\n<meta property=\"og:description\" content=\"Vous voulez publier des annonces judiciaires et l\u00e9gales dans le d\u00e9partement de l&rsquo;Aisne ? Vous pouvez utiliser le journal l&rsquo;Axonais [&hellip;]\" \/>\n<meta property=\"og:url\" content=\"https:\/\/www.annonces-legales.org\/blog\/axonais\/\" \/>\n<meta property=\"og:site_name\" content=\"Actualit\u00e9 des entreprises\" \/>\n<meta property=\"article:modified_time\" content=\"2022-01-26T10:36:53+00:00\" \/>\n<meta property=\"og:image\" content=\"https:\/\/www.annonces-legales.org\/blog\/wp-content\/uploads\/2021\/09\/axonais.png\" \/>\n\t<meta property=\"og:image:width\" content=\"400\" \/>\n\t<meta property=\"og:image:height\" content=\"137\" \/>\n\t<meta property=\"og:image:type\" content=\"image\/png\" \/>\n<meta name=\"twitter:card\" content=\"summary_large_image\" \/>\n<meta name=\"twitter:label1\" content=\"Dur\u00e9e de lecture estim\u00e9e\" \/>\n\t<meta name=\"twitter:data1\" content=\"1 minute\" \/>\n<script type=\"application\/ld+json\" class=\"yoast-schema-graph\">{\"@context\":\"https:\/\/schema.org\",\"@graph\":[{\"@type\":\"WebPage\",\"@id\":\"https:\/\/www.annonces-legales.org\/blog\/axonais\/\",\"url\":\"https:\/\/www.annonces-legales.org\/blog\/axonais\/\",\"name\":\"Axonais - Actualit\u00e9 des entreprises\",\"isPartOf\":{\"@id\":\"https:\/\/www.annonces-legales.org\/blog\/#website\"},\"primaryImageOfPage\":{\"@id\":\"https:\/\/www.annonces-legales.org\/blog\/axonais\/#primaryimage\"},\"image\":{\"@id\":\"https:\/\/www.annonces-legales.org\/blog\/axonais\/#primaryimage\"},\"thumbnailUrl\":\"https:\/\/www.annonces-legales.org\/blog\/wp-content\/uploads\/2021\/09\/axonais.png\",\"datePublished\":\"2021-09-01T16:27:21+00:00\",\"dateModified\":\"2022-01-26T10:36:53+00:00\",\"breadcrumb\":{\"@id\":\"https:\/\/www.annonces-legales.org\/blog\/axonais\/#breadcrumb\"},\"inLanguage\":\"fr-FR\",\"potentialAction\":[{\"@type\":\"ReadAction\",\"target\":[\"https:\/\/www.annonces-legales.org\/blog\/axonais\/\"]}]},{\"@type\":\"ImageObject\",\"inLanguage\":\"fr-FR\",\"@id\":\"https:\/\/www.annonces-legales.org\/blog\/axonais\/#primaryimage\",\"url\":\"https:\/\/www.annonces-legales.org\/blog\/wp-content\/uploads\/2021\/09\/axonais.png\",\"contentUrl\":\"https:\/\/www.annonces-legales.org\/blog\/wp-content\/uploads\/2021\/09\/axonais.png\",\"width\":400,\"height\":137},{\"@type\":\"BreadcrumbList\",\"@id\":\"https:\/\/www.annonces-legales.org\/blog\/axonais\/#breadcrumb\",\"itemListElement\":[{\"@type\":\"ListItem\",\"position\":1,\"name\":\"Accueil\",\"item\":\"https:\/\/www.annonces-legales.org\/blog\/\"},{\"@type\":\"ListItem\",\"position\":2,\"name\":\"Liste des journaux habilit\u00e9s \u00e0 publier des annonces l\u00e9gales\",\"item\":\"https:\/\/www.annonces-legales.org\/blog\/liste-des-journaux-habilites-a-publier-des-annonces-legales\/\"},{\"@type\":\"ListItem\",\"position\":3,\"name\":\"Axonais\"}]},{\"@type\":\"WebSite\",\"@id\":\"https:\/\/www.annonces-legales.org\/blog\/#website\",\"url\":\"https:\/\/www.annonces-legales.org\/blog\/\",\"name\":\"Actualit\u00e9 des entreprises\",\"description\":\"\",\"publisher\":{\"@id\":\"https:\/\/www.annonces-legales.org\/blog\/#organization\"},\"potentialAction\":[{\"@type\":\"SearchAction\",\"target\":{\"@type\":\"EntryPoint\",\"urlTemplate\":\"https:\/\/www.annonces-legales.org\/blog\/?s={search_term_string}\"},\"query-input\":{\"@type\":\"PropertyValueSpecification\",\"valueRequired\":true,\"valueName\":\"search_term_string\"}}],\"inLanguage\":\"fr-FR\"},{\"@type\":\"Organization\",\"@id\":\"https:\/\/www.annonces-legales.org\/blog\/#organization\",\"name\":\"Actualit\u00e9 des entreprises\",\"url\":\"https:\/\/www.annonces-legales.org\/blog\/\",\"logo\":{\"@type\":\"ImageObject\",\"inLanguage\":\"fr-FR\",\"@id\":\"https:\/\/www.annonces-legales.org\/blog\/#\/schema\/logo\/image\/\",\"url\":\"https:\/\/www.annonces-legales.org\/blog\/wp-content\/uploads\/2023\/08\/annonces-legales.svg\",\"contentUrl\":\"https:\/\/www.annonces-legales.org\/blog\/wp-content\/uploads\/2023\/08\/annonces-legales.svg\",\"caption\":\"Actualit\u00e9 des entreprises\"},\"image\":{\"@id\":\"https:\/\/www.annonces-legales.org\/blog\/#\/schema\/logo\/image\/\"}}]}<\/script>\n<!-- \/ Yoast SEO plugin. -->","yoast_head_json":{"title":"Axonais - Actualit\u00e9 des entreprises","robots":{"index":"index","follow":"follow","max-snippet":"max-snippet:-1","max-image-preview":"max-image-preview:large","max-video-preview":"max-video-preview:-1"},"canonical":"https:\/\/www.annonces-legales.org\/blog\/axonais\/","og_locale":"fr_FR","og_type":"article","og_title":"Axonais - Actualit\u00e9 des entreprises","og_description":"Vous voulez publier des annonces judiciaires et l\u00e9gales dans le d\u00e9partement de l&rsquo;Aisne ? Vous pouvez utiliser le journal l&rsquo;Axonais [&hellip;]","og_url":"https:\/\/www.annonces-legales.org\/blog\/axonais\/","og_site_name":"Actualit\u00e9 des entreprises","article_modified_time":"2022-01-26T10:36:53+00:00","og_image":[{"width":400,"height":137,"url":"https:\/\/www.annonces-legales.org\/blog\/wp-content\/uploads\/2021\/09\/axonais.png","type":"image\/png"}],"twitter_card":"summary_large_image","twitter_misc":{"Dur\u00e9e de lecture estim\u00e9e":"1 minute"},"schema":{"@context":"https:\/\/schema.org","@graph":[{"@type":"WebPage","@id":"https:\/\/www.annonces-legales.org\/blog\/axonais\/","url":"https:\/\/www.annonces-legales.org\/blog\/axonais\/","name":"Axonais - Actualit\u00e9 des entreprises","isPartOf":{"@id":"https:\/\/www.annonces-legales.org\/blog\/#website"},"primaryImageOfPage":{"@id":"https:\/\/www.annonces-legales.org\/blog\/axonais\/#primaryimage"},"image":{"@id":"https:\/\/www.annonces-legales.org\/blog\/axonais\/#primaryimage"},"thumbnailUrl":"https:\/\/www.annonces-legales.org\/blog\/wp-content\/uploads\/2021\/09\/axonais.png","datePublished":"2021-09-01T16:27:21+00:00","dateModified":"2022-01-26T10:36:53+00:00","breadcrumb":{"@id":"https:\/\/www.annonces-legales.org\/blog\/axonais\/#breadcrumb"},"inLanguage":"fr-FR","potentialAction":[{"@type":"ReadAction","target":["https:\/\/www.annonces-legales.org\/blog\/axonais\/"]}]},{"@type":"ImageObject","inLanguage":"fr-FR","@id":"https:\/\/www.annonces-legales.org\/blog\/axonais\/#primaryimage","url":"https:\/\/www.annonces-legales.org\/blog\/wp-content\/uploads\/2021\/09\/axonais.png","contentUrl":"https:\/\/www.annonces-legales.org\/blog\/wp-content\/uploads\/2021\/09\/axonais.png","width":400,"height":137},{"@type":"BreadcrumbList","@id":"https:\/\/www.annonces-legales.org\/blog\/axonais\/#breadcrumb","itemListElement":[{"@type":"ListItem","position":1,"name":"Accueil","item":"https:\/\/www.annonces-legales.org\/blog\/"},{"@type":"ListItem","position":2,"name":"Liste des journaux habilit\u00e9s \u00e0 publier des annonces l\u00e9gales","item":"https:\/\/www.annonces-legales.org\/blog\/liste-des-journaux-habilites-a-publier-des-annonces-legales\/"},{"@type":"ListItem","position":3,"name":"Axonais"}]},{"@type":"WebSite","@id":"https:\/\/www.annonces-legales.org\/blog\/#website","url":"https:\/\/www.annonces-legales.org\/blog\/","name":"Actualit\u00e9 des entreprises","description":"","publisher":{"@id":"https:\/\/www.annonces-legales.org\/blog\/#organization"},"potentialAction":[{"@type":"SearchAction","target":{"@type":"EntryPoint","urlTemplate":"https:\/\/www.annonces-legales.org\/blog\/?s={search_term_string}"},"query-input":{"@type":"PropertyValueSpecification","valueRequired":true,"valueName":"search_term_string"}}],"inLanguage":"fr-FR"},{"@type":"Organization","@id":"https:\/\/www.annonces-legales.org\/blog\/#organization","name":"Actualit\u00e9 des entreprises","url":"https:\/\/www.annonces-legales.org\/blog\/","logo":{"@type":"ImageObject","inLanguage":"fr-FR","@id":"https:\/\/www.annonces-legales.org\/blog\/#\/schema\/logo\/image\/","url":"https:\/\/www.annonces-legales.org\/blog\/wp-content\/uploads\/2023\/08\/annonces-legales.svg","contentUrl":"https:\/\/www.annonces-legales.org\/blog\/wp-content\/uploads\/2023\/08\/annonces-legales.svg","caption":"Actualit\u00e9 des entreprises"},"image":{"@id":"https:\/\/www.annonces-legales.org\/blog\/#\/schema\/logo\/image\/"}}]}},"_links":{"self":[{"href":"https:\/\/www.annonces-legales.org\/blog\/wp-json\/wp\/v2\/pages\/416","targetHints":{"allow":["GET"]}}],"collection":[{"href":"https:\/\/www.annonces-legales.org\/blog\/wp-json\/wp\/v2\/pages"}],"about":[{"href":"https:\/\/www.annonces-legales.org\/blog\/wp-json\/wp\/v2\/types\/page"}],"author":[{"embeddable":true,"href":"https:\/\/www.annonces-legales.org\/blog\/wp-json\/wp\/v2\/users\/1"}],"replies":[{"embeddable":true,"href":"https:\/\/www.annonces-legales.org\/blog\/wp-json\/wp\/v2\/comments?post=416"}],"version-history":[{"count":1,"href":"https:\/\/www.annonces-legales.org\/blog\/wp-json\/wp\/v2\/pages\/416\/revisions"}],"predecessor-version":[{"id":418,"href":"https:\/\/www.annonces-legales.org\/blog\/wp-json\/wp\/v2\/pages\/416\/revisions\/418"}],"up":[{"embeddable":true,"href":"https:\/\/www.annonces-legales.org\/blog\/wp-json\/wp\/v2\/pages\/351"}],"wp:attachment":[{"href":"https:\/\/www.annonces-legales.org\/blog\/wp-json\/wp\/v2\/media?parent=416"}],"curies":[{"name":"wp","href":"https:\/\/api.w.org\/{rel}","templated":true}]}}