{"id":427,"date":"2021-09-01T18:55:24","date_gmt":"2021-09-01T16:55:24","guid":{"rendered":"https:\/\/www.annonces-legales.org\/blog\/?page_id=427"},"modified":"2022-01-26T11:35:01","modified_gmt":"2022-01-26T10:35:01","slug":"allier-agricole","status":"publish","type":"page","link":"https:\/\/www.annonces-legales.org\/blog\/allier-agricole\/","title":{"rendered":"Allier Agricole"},"content":{"rendered":"<p><img loading=\"lazy\" decoding=\"async\" class=\"aligncenter size-full wp-image-428\" src=\"https:\/\/www.annonces-legales.org\/blog\/wp-content\/uploads\/2021\/09\/allier-agricole.png\" alt=\"\" width=\"370\" height=\"370\" srcset=\"https:\/\/www.annonces-legales.org\/blog\/wp-content\/uploads\/2021\/09\/allier-agricole.png 370w, https:\/\/www.annonces-legales.org\/blog\/wp-content\/uploads\/2021\/09\/allier-agricole-300x300.png 300w, https:\/\/www.annonces-legales.org\/blog\/wp-content\/uploads\/2021\/09\/allier-agricole-150x150.png 150w\" sizes=\"auto, (max-width: 370px) 100vw, 370px\" \/><\/p>\n<h2>Le journal L&rsquo;Allier Agricole<\/h2>\n<p><strong>L&rsquo;Allier Agricole<\/strong> existe depuis plus de 25 ans. Il para\u00eet chaque semaine, tous les jeudis. Ce <strong>JAL<\/strong> (journal d&rsquo;annonces l\u00e9gales) P uniquement ins\u00e9rer des avis officiels pour le d\u00e9partement de l&rsquo;Allier.<\/p>\n<p>Le directeur de la publication est <strong>Patrice Bonnin<\/strong>. Un abonnement d&rsquo;un an au journal de co\u00fbte 99 \u20ac. Un exemplaire \u00e0 l&rsquo;unit\u00e9 est vendu autour de deux euros.<\/p>\n<p>Cet hebdomadaire appartient au groupe de presse R\u00e9ussir qui regroupe 40 titres de presse agricole d\u00e9partementale ainsi que neuf supports nationaux.<br \/>\nLe journal est g\u00e9r\u00e9 par la soci\u00e9t\u00e9 SAECA, une SARL dont l&rsquo;adresse est 60, Cours Jean-Jaur\u00e8s BP 1727, 03017 Moulins CEDEX.<br \/>\nIl faut noter que ce journal d&rsquo;annonce l\u00e9gale poss\u00e8de un compte Twitter ainsi qu&rsquo;un site internet.<\/p>\n<p>&nbsp;<\/p>\n<h2>Une publicit\u00e9 l\u00e9gale \u00e0 publier dans le 03 pour votre soci\u00e9t\u00e9 commerciale ?<\/h2>\n<p>Notre site vous fournit un service facile \u00e0 utiliser, officiel et \u00e0 un co\u00fbt exceptionnel pour publier vos annonces l\u00e9gales en moins de 5 minutes.<\/p>\n<p>Ne perdez pas une minute, obtenez <a href=\"https:\/\/www.annonces-legales.org\/devis-annonce-legale.html\">un devis imm\u00e9diat et sans inscription<\/a>.<\/p>\n<p>&nbsp;<\/p>\n<h2>Le tarif d&rsquo;une annonce l\u00e9gale et judiciaire sur l&rsquo;Allier Agricole<\/h2>\n<p>Les <strong>annonces l\u00e9gales de constitution<\/strong> poss\u00e8dent un tarif fixe. Le prix sera donc le m\u00eame sur le journal Allier Agricole ou sur un autre journal. Ces annonces de cr\u00e9ation co\u00fbtent entre 200 et 400 euros.<\/p>\n<p>Pour les <strong>annonces de changement<\/strong> (<a href=\"https:\/\/www.annonces-legales.org\/publier-une-annonce-legale-changement_gerant.html\">changement de dirigeant<\/a>, <a href=\"https:\/\/www.annonces-legales.org\/publier-une-annonce-legale-changement_commissaires_aux_comptes.html\">changement de CAC<\/a>, <a href=\"https:\/\/www.annonces-legales.org\/publier-une-annonce-legale-modification_capital_social.html\">augmentation du capital<\/a>&#8230;), le prix est par ligne et n&rsquo;est pas fixe. Chaque journal peut donc choisir le prix qu&rsquo;il souhaite.<\/p>\n<p>Ce prix par ligne minimum est d\u00e9cid\u00e9 chaque ann\u00e9e par chaque pr\u00e9fecture. Ce tarif va tr\u00e8s rarement exc\u00e9der 6 \u20ac par ligne.<br \/>\nSelon chaque r\u00e9gion, la diff\u00e9rence de prix d&rsquo;une annonce l\u00e9gale et judiciaire peut donc \u00eatre de plusieurs dizaines d&rsquo;euros.<\/p>\n<p>Pour payer une <a href=\"https:\/\/www.annonces-legales.org\/annonce-legale-pas-cher.html\">annonce l\u00e9gale pas cher<\/a> et voir les prix des diff\u00e9rents JAL du 03, vous pouvez utiliser notre services.<\/p>\n<h3><\/h3>\n<h3>Est-ce que les annonces l\u00e9gales sont une taxe ?<\/h3>\n<p>Il n&rsquo;est pas possible de d&rsquo;affirmer r\u00e9ellement que les annonces l\u00e9gales sont une contribution fiscale. Certe,\u00a0 leur fonctionnement pourrait \u00eatre simplifi\u00e9 et co\u00fbter moins cher mais elles sont utiles pour diffuser les informations officielles des entreprises.<\/p>\n<p>Elles sont r\u00e9guli\u00e8rement remises en cause par les chefs d&rsquo;entreprises et les d\u00e9put\u00e9s.\u00a0 Cependant, la Loi PACTE \u00e0 modifi\u00e9 leur fonctionnement (notamment en fixant un prix au forfait pour les avis de constitution et en autorisant les SPEL) ce qui est une avanc\u00e9.<br \/>\nCes annonces restent toujours obligatoires et cher, c&rsquo;est pourquoi n&rsquo;h\u00e9sitez pas \u00e0 faire un devis sur notre site.<\/p>\n<p>&nbsp;<\/p>\n","protected":false},"excerpt":{"rendered":"<p>Le journal L&rsquo;Allier Agricole L&rsquo;Allier Agricole existe depuis plus de 25 ans. Il para\u00eet chaque semaine, tous les jeudis. Ce [&hellip;]<\/p>\n","protected":false},"author":1,"featured_media":0,"parent":351,"menu_order":0,"comment_status":"closed","ping_status":"closed","template":"","meta":{"inline_featured_image":false,"footnotes":""},"class_list":["post-427","page","type-page","status-publish","hentry"],"yoast_head":"<!-- This site is optimized with the Yoast SEO plugin v26.8 - https:\/\/yoast.com\/product\/yoast-seo-wordpress\/ -->\n<title>Allier Agricole - Actualit\u00e9 des entreprises<\/title>\n<meta name=\"robots\" content=\"index, follow, max-snippet:-1, max-image-preview:large, max-video-preview:-1\" \/>\n<link rel=\"canonical\" href=\"https:\/\/www.annonces-legales.org\/blog\/allier-agricole\/\" \/>\n<meta property=\"og:locale\" content=\"fr_FR\" \/>\n<meta property=\"og:type\" content=\"article\" \/>\n<meta property=\"og:title\" content=\"Allier Agricole - Actualit\u00e9 des entreprises\" \/>\n<meta property=\"og:description\" content=\"Le journal L&rsquo;Allier Agricole L&rsquo;Allier Agricole existe depuis plus de 25 ans. Il para\u00eet chaque semaine, tous les jeudis. Ce [&hellip;]\" \/>\n<meta property=\"og:url\" content=\"https:\/\/www.annonces-legales.org\/blog\/allier-agricole\/\" \/>\n<meta property=\"og:site_name\" content=\"Actualit\u00e9 des entreprises\" \/>\n<meta property=\"article:modified_time\" content=\"2022-01-26T10:35:01+00:00\" \/>\n<meta property=\"og:image\" content=\"https:\/\/www.annonces-legales.org\/blog\/wp-content\/uploads\/2021\/09\/allier-agricole.png\" \/>\n\t<meta property=\"og:image:width\" content=\"370\" \/>\n\t<meta property=\"og:image:height\" content=\"370\" \/>\n\t<meta property=\"og:image:type\" content=\"image\/png\" \/>\n<meta name=\"twitter:card\" content=\"summary_large_image\" \/>\n<meta name=\"twitter:label1\" content=\"Dur\u00e9e de lecture estim\u00e9e\" \/>\n\t<meta name=\"twitter:data1\" content=\"2 minutes\" \/>\n<script type=\"application\/ld+json\" class=\"yoast-schema-graph\">{\"@context\":\"https:\/\/schema.org\",\"@graph\":[{\"@type\":\"WebPage\",\"@id\":\"https:\/\/www.annonces-legales.org\/blog\/allier-agricole\/\",\"url\":\"https:\/\/www.annonces-legales.org\/blog\/allier-agricole\/\",\"name\":\"Allier Agricole - Actualit\u00e9 des entreprises\",\"isPartOf\":{\"@id\":\"https:\/\/www.annonces-legales.org\/blog\/#website\"},\"primaryImageOfPage\":{\"@id\":\"https:\/\/www.annonces-legales.org\/blog\/allier-agricole\/#primaryimage\"},\"image\":{\"@id\":\"https:\/\/www.annonces-legales.org\/blog\/allier-agricole\/#primaryimage\"},\"thumbnailUrl\":\"https:\/\/www.annonces-legales.org\/blog\/wp-content\/uploads\/2021\/09\/allier-agricole.png\",\"datePublished\":\"2021-09-01T16:55:24+00:00\",\"dateModified\":\"2022-01-26T10:35:01+00:00\",\"breadcrumb\":{\"@id\":\"https:\/\/www.annonces-legales.org\/blog\/allier-agricole\/#breadcrumb\"},\"inLanguage\":\"fr-FR\",\"potentialAction\":[{\"@type\":\"ReadAction\",\"target\":[\"https:\/\/www.annonces-legales.org\/blog\/allier-agricole\/\"]}]},{\"@type\":\"ImageObject\",\"inLanguage\":\"fr-FR\",\"@id\":\"https:\/\/www.annonces-legales.org\/blog\/allier-agricole\/#primaryimage\",\"url\":\"https:\/\/www.annonces-legales.org\/blog\/wp-content\/uploads\/2021\/09\/allier-agricole.png\",\"contentUrl\":\"https:\/\/www.annonces-legales.org\/blog\/wp-content\/uploads\/2021\/09\/allier-agricole.png\",\"width\":370,\"height\":370},{\"@type\":\"BreadcrumbList\",\"@id\":\"https:\/\/www.annonces-legales.org\/blog\/allier-agricole\/#breadcrumb\",\"itemListElement\":[{\"@type\":\"ListItem\",\"position\":1,\"name\":\"Accueil\",\"item\":\"https:\/\/www.annonces-legales.org\/blog\/\"},{\"@type\":\"ListItem\",\"position\":2,\"name\":\"Liste des journaux habilit\u00e9s \u00e0 publier des annonces l\u00e9gales\",\"item\":\"https:\/\/www.annonces-legales.org\/blog\/liste-des-journaux-habilites-a-publier-des-annonces-legales\/\"},{\"@type\":\"ListItem\",\"position\":3,\"name\":\"Allier Agricole\"}]},{\"@type\":\"WebSite\",\"@id\":\"https:\/\/www.annonces-legales.org\/blog\/#website\",\"url\":\"https:\/\/www.annonces-legales.org\/blog\/\",\"name\":\"Actualit\u00e9 des entreprises\",\"description\":\"\",\"publisher\":{\"@id\":\"https:\/\/www.annonces-legales.org\/blog\/#organization\"},\"potentialAction\":[{\"@type\":\"SearchAction\",\"target\":{\"@type\":\"EntryPoint\",\"urlTemplate\":\"https:\/\/www.annonces-legales.org\/blog\/?s={search_term_string}\"},\"query-input\":{\"@type\":\"PropertyValueSpecification\",\"valueRequired\":true,\"valueName\":\"search_term_string\"}}],\"inLanguage\":\"fr-FR\"},{\"@type\":\"Organization\",\"@id\":\"https:\/\/www.annonces-legales.org\/blog\/#organization\",\"name\":\"Actualit\u00e9 des entreprises\",\"url\":\"https:\/\/www.annonces-legales.org\/blog\/\",\"logo\":{\"@type\":\"ImageObject\",\"inLanguage\":\"fr-FR\",\"@id\":\"https:\/\/www.annonces-legales.org\/blog\/#\/schema\/logo\/image\/\",\"url\":\"https:\/\/www.annonces-legales.org\/blog\/wp-content\/uploads\/2023\/08\/annonces-legales.svg\",\"contentUrl\":\"https:\/\/www.annonces-legales.org\/blog\/wp-content\/uploads\/2023\/08\/annonces-legales.svg\",\"caption\":\"Actualit\u00e9 des entreprises\"},\"image\":{\"@id\":\"https:\/\/www.annonces-legales.org\/blog\/#\/schema\/logo\/image\/\"}}]}<\/script>\n<!-- \/ Yoast SEO plugin. -->","yoast_head_json":{"title":"Allier Agricole - Actualit\u00e9 des entreprises","robots":{"index":"index","follow":"follow","max-snippet":"max-snippet:-1","max-image-preview":"max-image-preview:large","max-video-preview":"max-video-preview:-1"},"canonical":"https:\/\/www.annonces-legales.org\/blog\/allier-agricole\/","og_locale":"fr_FR","og_type":"article","og_title":"Allier Agricole - Actualit\u00e9 des entreprises","og_description":"Le journal L&rsquo;Allier Agricole L&rsquo;Allier Agricole existe depuis plus de 25 ans. Il para\u00eet chaque semaine, tous les jeudis. Ce [&hellip;]","og_url":"https:\/\/www.annonces-legales.org\/blog\/allier-agricole\/","og_site_name":"Actualit\u00e9 des entreprises","article_modified_time":"2022-01-26T10:35:01+00:00","og_image":[{"width":370,"height":370,"url":"https:\/\/www.annonces-legales.org\/blog\/wp-content\/uploads\/2021\/09\/allier-agricole.png","type":"image\/png"}],"twitter_card":"summary_large_image","twitter_misc":{"Dur\u00e9e de lecture estim\u00e9e":"2 minutes"},"schema":{"@context":"https:\/\/schema.org","@graph":[{"@type":"WebPage","@id":"https:\/\/www.annonces-legales.org\/blog\/allier-agricole\/","url":"https:\/\/www.annonces-legales.org\/blog\/allier-agricole\/","name":"Allier Agricole - Actualit\u00e9 des entreprises","isPartOf":{"@id":"https:\/\/www.annonces-legales.org\/blog\/#website"},"primaryImageOfPage":{"@id":"https:\/\/www.annonces-legales.org\/blog\/allier-agricole\/#primaryimage"},"image":{"@id":"https:\/\/www.annonces-legales.org\/blog\/allier-agricole\/#primaryimage"},"thumbnailUrl":"https:\/\/www.annonces-legales.org\/blog\/wp-content\/uploads\/2021\/09\/allier-agricole.png","datePublished":"2021-09-01T16:55:24+00:00","dateModified":"2022-01-26T10:35:01+00:00","breadcrumb":{"@id":"https:\/\/www.annonces-legales.org\/blog\/allier-agricole\/#breadcrumb"},"inLanguage":"fr-FR","potentialAction":[{"@type":"ReadAction","target":["https:\/\/www.annonces-legales.org\/blog\/allier-agricole\/"]}]},{"@type":"ImageObject","inLanguage":"fr-FR","@id":"https:\/\/www.annonces-legales.org\/blog\/allier-agricole\/#primaryimage","url":"https:\/\/www.annonces-legales.org\/blog\/wp-content\/uploads\/2021\/09\/allier-agricole.png","contentUrl":"https:\/\/www.annonces-legales.org\/blog\/wp-content\/uploads\/2021\/09\/allier-agricole.png","width":370,"height":370},{"@type":"BreadcrumbList","@id":"https:\/\/www.annonces-legales.org\/blog\/allier-agricole\/#breadcrumb","itemListElement":[{"@type":"ListItem","position":1,"name":"Accueil","item":"https:\/\/www.annonces-legales.org\/blog\/"},{"@type":"ListItem","position":2,"name":"Liste des journaux habilit\u00e9s \u00e0 publier des annonces l\u00e9gales","item":"https:\/\/www.annonces-legales.org\/blog\/liste-des-journaux-habilites-a-publier-des-annonces-legales\/"},{"@type":"ListItem","position":3,"name":"Allier Agricole"}]},{"@type":"WebSite","@id":"https:\/\/www.annonces-legales.org\/blog\/#website","url":"https:\/\/www.annonces-legales.org\/blog\/","name":"Actualit\u00e9 des entreprises","description":"","publisher":{"@id":"https:\/\/www.annonces-legales.org\/blog\/#organization"},"potentialAction":[{"@type":"SearchAction","target":{"@type":"EntryPoint","urlTemplate":"https:\/\/www.annonces-legales.org\/blog\/?s={search_term_string}"},"query-input":{"@type":"PropertyValueSpecification","valueRequired":true,"valueName":"search_term_string"}}],"inLanguage":"fr-FR"},{"@type":"Organization","@id":"https:\/\/www.annonces-legales.org\/blog\/#organization","name":"Actualit\u00e9 des entreprises","url":"https:\/\/www.annonces-legales.org\/blog\/","logo":{"@type":"ImageObject","inLanguage":"fr-FR","@id":"https:\/\/www.annonces-legales.org\/blog\/#\/schema\/logo\/image\/","url":"https:\/\/www.annonces-legales.org\/blog\/wp-content\/uploads\/2023\/08\/annonces-legales.svg","contentUrl":"https:\/\/www.annonces-legales.org\/blog\/wp-content\/uploads\/2023\/08\/annonces-legales.svg","caption":"Actualit\u00e9 des entreprises"},"image":{"@id":"https:\/\/www.annonces-legales.org\/blog\/#\/schema\/logo\/image\/"}}]}},"_links":{"self":[{"href":"https:\/\/www.annonces-legales.org\/blog\/wp-json\/wp\/v2\/pages\/427","targetHints":{"allow":["GET"]}}],"collection":[{"href":"https:\/\/www.annonces-legales.org\/blog\/wp-json\/wp\/v2\/pages"}],"about":[{"href":"https:\/\/www.annonces-legales.org\/blog\/wp-json\/wp\/v2\/types\/page"}],"author":[{"embeddable":true,"href":"https:\/\/www.annonces-legales.org\/blog\/wp-json\/wp\/v2\/users\/1"}],"replies":[{"embeddable":true,"href":"https:\/\/www.annonces-legales.org\/blog\/wp-json\/wp\/v2\/comments?post=427"}],"version-history":[{"count":1,"href":"https:\/\/www.annonces-legales.org\/blog\/wp-json\/wp\/v2\/pages\/427\/revisions"}],"predecessor-version":[{"id":429,"href":"https:\/\/www.annonces-legales.org\/blog\/wp-json\/wp\/v2\/pages\/427\/revisions\/429"}],"up":[{"embeddable":true,"href":"https:\/\/www.annonces-legales.org\/blog\/wp-json\/wp\/v2\/pages\/351"}],"wp:attachment":[{"href":"https:\/\/www.annonces-legales.org\/blog\/wp-json\/wp\/v2\/media?parent=427"}],"curies":[{"name":"wp","href":"https:\/\/api.w.org\/{rel}","templated":true}]}}