{"id":438,"date":"2021-09-01T20:57:14","date_gmt":"2021-09-01T18:57:14","guid":{"rendered":"https:\/\/www.annonces-legales.org\/blog\/?page_id=438"},"modified":"2022-01-26T11:50:26","modified_gmt":"2022-01-26T10:50:26","slug":"haute-provence-info","status":"publish","type":"page","link":"https:\/\/www.annonces-legales.org\/blog\/haute-provence-info\/","title":{"rendered":"Haute Provence Info"},"content":{"rendered":"<p>Situ\u00e9 dans la circonscription des Alpes de Haute Provence, le journal <strong>Haute Provence Info<\/strong> est un\u00a0 hebdomadaire papier dont le si\u00e8ge social est \u00e0 Manosque. Il est surnomm\u00e9 <strong>HPI<\/strong>.<\/p>\n<p>&nbsp;<\/p>\n<p><strong>Haute Provence Info<\/strong> peut \u00eatre utilis\u00e9 pour<strong> d\u00e9poser des annonces l\u00e9gales<\/strong> de changement ou de constitution dans le <strong>d\u00e9partement 04<\/strong>.<\/p>\n<h2><img loading=\"lazy\" decoding=\"async\" class=\"aligncenter size-full wp-image-440\" src=\"https:\/\/www.annonces-legales.org\/blog\/wp-content\/uploads\/2021\/09\/haute-provence-info.png\" alt=\"\" width=\"324\" height=\"306\" srcset=\"https:\/\/www.annonces-legales.org\/blog\/wp-content\/uploads\/2021\/09\/haute-provence-info.png 324w, https:\/\/www.annonces-legales.org\/blog\/wp-content\/uploads\/2021\/09\/haute-provence-info-300x283.png 300w\" sizes=\"auto, (max-width: 324px) 100vw, 324px\" \/><\/h2>\n<h2>En savoir plus sur Haute Provence Info<\/h2>\n<p>Ce journal est vendu au prix de 1,30 \u20ac. Il peut publier des <strong>annonces judiciaires et l\u00e9gales<\/strong> uniquement pour le d\u00e9partement <strong>Alpes de Haute Provence 04<\/strong>. Le directeur de la publication et g\u00e9rant de la soci\u00e9t\u00e9 \u00e9ditrice du journal est Jean-Luc Icard. Il para\u00eet tous les vendredis et contient entre 15 et 25 pages. Le journal \u00e0 ses bureaux \u00e0 Manosque au 29, Boulevard Elimir Bourges.<\/p>\n<p>Fond\u00e9 \u00e0 la fin des ann\u00e9es 30, ce journal s&rsquo;appelait pr\u00e9c\u00e9demment l&rsquo;Action Paysanne. C&rsquo;\u00e9tait, au d\u00e9but, un journal uniquement rural et agricole. Aujourd&rsquo;hui, le journal, qui a chang\u00e9 de nom en 1994, est devenu un journal g\u00e9n\u00e9raliste. C&rsquo;est l&rsquo;un des journaux les plus dans le d\u00e9partement des Alpes de Haute Provence.<\/p>\n<p>&nbsp;<\/p>\n<p>&nbsp;<\/p>\n<h2>Une annonce judiciaire et l\u00e9gale \u00e0 publier dans le\u00a0 04 pour votre entreprise ?<\/h2>\n<p>Notre service de formalit\u00e9 offre une solution claire, rapide et pas cher pour effectuer vos annonces officielles sans efforts.<\/p>\n<p>Nous proposons un grand nombre de journaux habilit\u00e9s pour effectuer vos<a href=\"https:\/\/www.annonces-legales.org\/annonce-legale-alpes-de-haute-provence-digne-04.php\"> annonces l\u00e9gales dans le d\u00e9partement d&rsquo;Alpes de Haute Provence<\/a>.<\/p>\n<h3>Comment les journaux d&rsquo;annonces l\u00e9gales (dont Haute Provence Info fait partie) obtiennent-ils le droit de publier des annonces l\u00e9gales ?<\/h3>\n<p>On trouve 2 types de journaux d&rsquo;annonces l\u00e9gales : les JAL et les SPEL. Les SPEL sont des sites internet d&rsquo;actualit\u00e9 locale. Les JAL sont les journaux papiers classique.<br \/>\nOn y trouve les journaux nationaux et les journaux locaux. Un journal national peut r\u00e9aliser une publication officielle uniquement quand il propose des actualit\u00e9s locales.<\/p>\n<p>Chaque journal ou site internet doit respecter des crit\u00e8res. Ensuite, c&rsquo;est une commission annuelle qui livre la certification \u00e0 chaque soci\u00e9t\u00e9 de presse.<\/p>\n<p>&nbsp;<\/p>\n<h3>Quel prestataire choisir pour vos annonces l\u00e9gales dans le 04 ?<\/h3>\n<p>La grande majorit\u00e9 des services d&rsquo;annonces l\u00e9gales vont se distinguer uniquement au niveau du prix. Car, mis \u00e0 part pour l&rsquo;annonce l\u00e9gale de cr\u00e9ation d&rsquo;une entreprise, les prix des annonces l\u00e9gales sont librement fix\u00e9s par les journaux habilit\u00e9s.<br \/>\nPour faire des \u00e9conomies sur vos formalit\u00e9s d&rsquo;annonces l\u00e9gales, il est n\u00e9cessaire de faire un devis en ligne.<\/p>\n<br\/><br\/><div class=\"entry-content notopmargin\">\n\t<img decoding=\"async\" class=\"img-fluid fleft\" src=\"https:\/\/www.annonces-legales.org\/images\/rapide-economique-tout-departement.png\" alt=\"Journal d'annonce l\u00e9gale  JAL du 04 \"><a href=\"https:\/\/www.annonces-legales.org\/publication-annonce-legale.html\" class=\"button button-desc fright mtop30\"><div>Je publie<br> mon annonce<br> l\u00e9gale<\/div><span>dans un journal  JAL du 04 !<\/span><\/a>\n<\/div><div class=\"clrbth\"><\/div><br\/><br\/>\n<p>&nbsp;<\/p>\n","protected":false},"excerpt":{"rendered":"<p>Situ\u00e9 dans la circonscription des Alpes de Haute Provence, le journal Haute Provence Info est un\u00a0 hebdomadaire papier dont le [&hellip;]<\/p>\n","protected":false},"author":1,"featured_media":0,"parent":351,"menu_order":0,"comment_status":"closed","ping_status":"closed","template":"","meta":{"inline_featured_image":false,"footnotes":""},"class_list":["post-438","page","type-page","status-publish","hentry"],"yoast_head":"<!-- This site is optimized with the Yoast SEO plugin v26.8 - https:\/\/yoast.com\/product\/yoast-seo-wordpress\/ -->\n<title>Haute Provence Info - Actualit\u00e9 des entreprises<\/title>\n<meta name=\"robots\" content=\"index, follow, max-snippet:-1, max-image-preview:large, max-video-preview:-1\" \/>\n<link rel=\"canonical\" href=\"https:\/\/www.annonces-legales.org\/blog\/haute-provence-info\/\" \/>\n<meta property=\"og:locale\" content=\"fr_FR\" \/>\n<meta property=\"og:type\" content=\"article\" \/>\n<meta property=\"og:title\" content=\"Haute Provence Info - Actualit\u00e9 des entreprises\" \/>\n<meta property=\"og:description\" content=\"Situ\u00e9 dans la circonscription des Alpes de Haute Provence, le journal Haute Provence Info est un\u00a0 hebdomadaire papier dont le [&hellip;]\" \/>\n<meta property=\"og:url\" content=\"https:\/\/www.annonces-legales.org\/blog\/haute-provence-info\/\" \/>\n<meta property=\"og:site_name\" content=\"Actualit\u00e9 des entreprises\" \/>\n<meta property=\"article:modified_time\" content=\"2022-01-26T10:50:26+00:00\" \/>\n<meta property=\"og:image\" content=\"https:\/\/www.annonces-legales.org\/blog\/wp-content\/uploads\/2021\/09\/haute-provence-info.png\" \/>\n\t<meta property=\"og:image:width\" content=\"324\" \/>\n\t<meta property=\"og:image:height\" content=\"306\" \/>\n\t<meta property=\"og:image:type\" content=\"image\/png\" \/>\n<meta name=\"twitter:card\" content=\"summary_large_image\" \/>\n<meta name=\"twitter:label1\" content=\"Dur\u00e9e de lecture estim\u00e9e\" \/>\n\t<meta name=\"twitter:data1\" content=\"2 minutes\" \/>\n<script type=\"application\/ld+json\" class=\"yoast-schema-graph\">{\"@context\":\"https:\/\/schema.org\",\"@graph\":[{\"@type\":\"WebPage\",\"@id\":\"https:\/\/www.annonces-legales.org\/blog\/haute-provence-info\/\",\"url\":\"https:\/\/www.annonces-legales.org\/blog\/haute-provence-info\/\",\"name\":\"Haute Provence Info - Actualit\u00e9 des entreprises\",\"isPartOf\":{\"@id\":\"https:\/\/www.annonces-legales.org\/blog\/#website\"},\"primaryImageOfPage\":{\"@id\":\"https:\/\/www.annonces-legales.org\/blog\/haute-provence-info\/#primaryimage\"},\"image\":{\"@id\":\"https:\/\/www.annonces-legales.org\/blog\/haute-provence-info\/#primaryimage\"},\"thumbnailUrl\":\"https:\/\/www.annonces-legales.org\/blog\/wp-content\/uploads\/2021\/09\/haute-provence-info.png\",\"datePublished\":\"2021-09-01T18:57:14+00:00\",\"dateModified\":\"2022-01-26T10:50:26+00:00\",\"breadcrumb\":{\"@id\":\"https:\/\/www.annonces-legales.org\/blog\/haute-provence-info\/#breadcrumb\"},\"inLanguage\":\"fr-FR\",\"potentialAction\":[{\"@type\":\"ReadAction\",\"target\":[\"https:\/\/www.annonces-legales.org\/blog\/haute-provence-info\/\"]}]},{\"@type\":\"ImageObject\",\"inLanguage\":\"fr-FR\",\"@id\":\"https:\/\/www.annonces-legales.org\/blog\/haute-provence-info\/#primaryimage\",\"url\":\"https:\/\/www.annonces-legales.org\/blog\/wp-content\/uploads\/2021\/09\/haute-provence-info.png\",\"contentUrl\":\"https:\/\/www.annonces-legales.org\/blog\/wp-content\/uploads\/2021\/09\/haute-provence-info.png\",\"width\":324,\"height\":306},{\"@type\":\"BreadcrumbList\",\"@id\":\"https:\/\/www.annonces-legales.org\/blog\/haute-provence-info\/#breadcrumb\",\"itemListElement\":[{\"@type\":\"ListItem\",\"position\":1,\"name\":\"Accueil\",\"item\":\"https:\/\/www.annonces-legales.org\/blog\/\"},{\"@type\":\"ListItem\",\"position\":2,\"name\":\"Liste des journaux habilit\u00e9s \u00e0 publier des annonces l\u00e9gales\",\"item\":\"https:\/\/www.annonces-legales.org\/blog\/liste-des-journaux-habilites-a-publier-des-annonces-legales\/\"},{\"@type\":\"ListItem\",\"position\":3,\"name\":\"Haute Provence Info\"}]},{\"@type\":\"WebSite\",\"@id\":\"https:\/\/www.annonces-legales.org\/blog\/#website\",\"url\":\"https:\/\/www.annonces-legales.org\/blog\/\",\"name\":\"Actualit\u00e9 des entreprises\",\"description\":\"\",\"publisher\":{\"@id\":\"https:\/\/www.annonces-legales.org\/blog\/#organization\"},\"potentialAction\":[{\"@type\":\"SearchAction\",\"target\":{\"@type\":\"EntryPoint\",\"urlTemplate\":\"https:\/\/www.annonces-legales.org\/blog\/?s={search_term_string}\"},\"query-input\":{\"@type\":\"PropertyValueSpecification\",\"valueRequired\":true,\"valueName\":\"search_term_string\"}}],\"inLanguage\":\"fr-FR\"},{\"@type\":\"Organization\",\"@id\":\"https:\/\/www.annonces-legales.org\/blog\/#organization\",\"name\":\"Actualit\u00e9 des entreprises\",\"url\":\"https:\/\/www.annonces-legales.org\/blog\/\",\"logo\":{\"@type\":\"ImageObject\",\"inLanguage\":\"fr-FR\",\"@id\":\"https:\/\/www.annonces-legales.org\/blog\/#\/schema\/logo\/image\/\",\"url\":\"https:\/\/www.annonces-legales.org\/blog\/wp-content\/uploads\/2023\/08\/annonces-legales.svg\",\"contentUrl\":\"https:\/\/www.annonces-legales.org\/blog\/wp-content\/uploads\/2023\/08\/annonces-legales.svg\",\"caption\":\"Actualit\u00e9 des entreprises\"},\"image\":{\"@id\":\"https:\/\/www.annonces-legales.org\/blog\/#\/schema\/logo\/image\/\"}}]}<\/script>\n<!-- \/ Yoast SEO plugin. -->","yoast_head_json":{"title":"Haute Provence Info - Actualit\u00e9 des entreprises","robots":{"index":"index","follow":"follow","max-snippet":"max-snippet:-1","max-image-preview":"max-image-preview:large","max-video-preview":"max-video-preview:-1"},"canonical":"https:\/\/www.annonces-legales.org\/blog\/haute-provence-info\/","og_locale":"fr_FR","og_type":"article","og_title":"Haute Provence Info - Actualit\u00e9 des entreprises","og_description":"Situ\u00e9 dans la circonscription des Alpes de Haute Provence, le journal Haute Provence Info est un\u00a0 hebdomadaire papier dont le [&hellip;]","og_url":"https:\/\/www.annonces-legales.org\/blog\/haute-provence-info\/","og_site_name":"Actualit\u00e9 des entreprises","article_modified_time":"2022-01-26T10:50:26+00:00","og_image":[{"width":324,"height":306,"url":"https:\/\/www.annonces-legales.org\/blog\/wp-content\/uploads\/2021\/09\/haute-provence-info.png","type":"image\/png"}],"twitter_card":"summary_large_image","twitter_misc":{"Dur\u00e9e de lecture estim\u00e9e":"2 minutes"},"schema":{"@context":"https:\/\/schema.org","@graph":[{"@type":"WebPage","@id":"https:\/\/www.annonces-legales.org\/blog\/haute-provence-info\/","url":"https:\/\/www.annonces-legales.org\/blog\/haute-provence-info\/","name":"Haute Provence Info - Actualit\u00e9 des entreprises","isPartOf":{"@id":"https:\/\/www.annonces-legales.org\/blog\/#website"},"primaryImageOfPage":{"@id":"https:\/\/www.annonces-legales.org\/blog\/haute-provence-info\/#primaryimage"},"image":{"@id":"https:\/\/www.annonces-legales.org\/blog\/haute-provence-info\/#primaryimage"},"thumbnailUrl":"https:\/\/www.annonces-legales.org\/blog\/wp-content\/uploads\/2021\/09\/haute-provence-info.png","datePublished":"2021-09-01T18:57:14+00:00","dateModified":"2022-01-26T10:50:26+00:00","breadcrumb":{"@id":"https:\/\/www.annonces-legales.org\/blog\/haute-provence-info\/#breadcrumb"},"inLanguage":"fr-FR","potentialAction":[{"@type":"ReadAction","target":["https:\/\/www.annonces-legales.org\/blog\/haute-provence-info\/"]}]},{"@type":"ImageObject","inLanguage":"fr-FR","@id":"https:\/\/www.annonces-legales.org\/blog\/haute-provence-info\/#primaryimage","url":"https:\/\/www.annonces-legales.org\/blog\/wp-content\/uploads\/2021\/09\/haute-provence-info.png","contentUrl":"https:\/\/www.annonces-legales.org\/blog\/wp-content\/uploads\/2021\/09\/haute-provence-info.png","width":324,"height":306},{"@type":"BreadcrumbList","@id":"https:\/\/www.annonces-legales.org\/blog\/haute-provence-info\/#breadcrumb","itemListElement":[{"@type":"ListItem","position":1,"name":"Accueil","item":"https:\/\/www.annonces-legales.org\/blog\/"},{"@type":"ListItem","position":2,"name":"Liste des journaux habilit\u00e9s \u00e0 publier des annonces l\u00e9gales","item":"https:\/\/www.annonces-legales.org\/blog\/liste-des-journaux-habilites-a-publier-des-annonces-legales\/"},{"@type":"ListItem","position":3,"name":"Haute Provence Info"}]},{"@type":"WebSite","@id":"https:\/\/www.annonces-legales.org\/blog\/#website","url":"https:\/\/www.annonces-legales.org\/blog\/","name":"Actualit\u00e9 des entreprises","description":"","publisher":{"@id":"https:\/\/www.annonces-legales.org\/blog\/#organization"},"potentialAction":[{"@type":"SearchAction","target":{"@type":"EntryPoint","urlTemplate":"https:\/\/www.annonces-legales.org\/blog\/?s={search_term_string}"},"query-input":{"@type":"PropertyValueSpecification","valueRequired":true,"valueName":"search_term_string"}}],"inLanguage":"fr-FR"},{"@type":"Organization","@id":"https:\/\/www.annonces-legales.org\/blog\/#organization","name":"Actualit\u00e9 des entreprises","url":"https:\/\/www.annonces-legales.org\/blog\/","logo":{"@type":"ImageObject","inLanguage":"fr-FR","@id":"https:\/\/www.annonces-legales.org\/blog\/#\/schema\/logo\/image\/","url":"https:\/\/www.annonces-legales.org\/blog\/wp-content\/uploads\/2023\/08\/annonces-legales.svg","contentUrl":"https:\/\/www.annonces-legales.org\/blog\/wp-content\/uploads\/2023\/08\/annonces-legales.svg","caption":"Actualit\u00e9 des entreprises"},"image":{"@id":"https:\/\/www.annonces-legales.org\/blog\/#\/schema\/logo\/image\/"}}]}},"_links":{"self":[{"href":"https:\/\/www.annonces-legales.org\/blog\/wp-json\/wp\/v2\/pages\/438","targetHints":{"allow":["GET"]}}],"collection":[{"href":"https:\/\/www.annonces-legales.org\/blog\/wp-json\/wp\/v2\/pages"}],"about":[{"href":"https:\/\/www.annonces-legales.org\/blog\/wp-json\/wp\/v2\/types\/page"}],"author":[{"embeddable":true,"href":"https:\/\/www.annonces-legales.org\/blog\/wp-json\/wp\/v2\/users\/1"}],"replies":[{"embeddable":true,"href":"https:\/\/www.annonces-legales.org\/blog\/wp-json\/wp\/v2\/comments?post=438"}],"version-history":[{"count":5,"href":"https:\/\/www.annonces-legales.org\/blog\/wp-json\/wp\/v2\/pages\/438\/revisions"}],"predecessor-version":[{"id":1330,"href":"https:\/\/www.annonces-legales.org\/blog\/wp-json\/wp\/v2\/pages\/438\/revisions\/1330"}],"up":[{"embeddable":true,"href":"https:\/\/www.annonces-legales.org\/blog\/wp-json\/wp\/v2\/pages\/351"}],"wp:attachment":[{"href":"https:\/\/www.annonces-legales.org\/blog\/wp-json\/wp\/v2\/media?parent=438"}],"curies":[{"name":"wp","href":"https:\/\/api.w.org\/{rel}","templated":true}]}}