{"id":443,"date":"2021-09-01T21:06:00","date_gmt":"2021-09-01T19:06:00","guid":{"rendered":"https:\/\/www.annonces-legales.org\/blog\/?page_id=443"},"modified":"2022-01-26T12:06:55","modified_gmt":"2022-01-26T11:06:55","slug":"petites-affiches-des-alpes-de-haute-provence","status":"publish","type":"page","link":"https:\/\/www.annonces-legales.org\/blog\/petites-affiches-des-alpes-de-haute-provence\/","title":{"rendered":"Les petites affiches des Alpes de Haute Provence"},"content":{"rendered":"<p>Ce journal hebdomadaire est vendu tous les lundis en kiosque dans le d\u00e9partement des Alpes de Haute Provence.<\/p>\n<p>L&rsquo;adresse de la r\u00e9daction est situ\u00e9e au 304, Avenue de la lib\u00e9ration \u00e0 Manosque 04100. Ce journal existe depuis une dizaine d&rsquo;ann\u00e9es et fournit des informations juridiques sur le d\u00e9partement.<\/p>\n<h2>Une annonce l\u00e9gale et judiciaire \u00e0 publier dans les Alpes de Haute-Provence pour votre structure ?<\/h2>\n<p>Annonces-legales.org vous propose une prestation de qualit\u00e9, rapide et \u00e0 un co\u00fbt discount pour faire des annonces l\u00e9gales et judiciaires. Cela vous prendra le temps de boire un caf\u00e9 !<\/p>\n<p>Vous pouvez utiliser le journal <em>Les petites affiches des Alpes de Haute Provence <\/em>mais il y aura peut \u00eatre d&rsquo;autres JAL moins cher pour ce d\u00e9partement.<\/p>\n<p>N&rsquo;attendez pas, visitez cette page pour <a href=\"https:\/\/www.annonces-legales.org\/devis-annonce-legale.html\">obtenir un prix pour votre annonce l\u00e9gale sur diff\u00e9rents journaux<\/a>.<\/p>\n<p>Nous proposons les prix les plus bas du march\u00e9. Fa\u00eetes un devis pour v\u00e9rifier ! Et n&rsquo;h\u00e9sitez pas appeler notre service client disponible toute la semaine aux heures de bureau pour toute question.<\/p>\n<br\/><br\/><div class=\"entry-content notopmargin\">\n\t<img decoding=\"async\" class=\"img-fluid fleft\" src=\"https:\/\/www.annonces-legales.org\/images\/rapide-economique-tout-departement.png\" alt=\"Journal d'annonce l\u00e9gale des Alpes de Hautes Provence \"><a href=\"https:\/\/www.annonces-legales.org\/publication-annonce-legale.html\" class=\"button button-desc fright mtop30\"><div>Je publie<br> mon annonce<br> l\u00e9gale<\/div><span>dans un journal des Alpes de Hautes Provence !<\/span><\/a>\n<\/div><div class=\"clrbth\"><\/div><br\/><br\/>\n<h3>Quels sont les crit\u00e8res pour qu&rsquo;un journal devienne une publication officielle ?<\/h3>\n<p>Seuls les journaux papier reconnu dans le d\u00e9partement ont l&rsquo;autorisation pour d\u00e9poser une publication officielle .<\/p>\n<p>Dans ce but, chaque journal doit respecter une certaine r\u00e9glementation et doit \u00eatre autoris\u00e9 par la pr\u00e9fecture des Alpes de Haute Provence (qui d\u00e9cide annuellement la liste des journaux \u00e9lus).<\/p>\n<p>Il y a plus de 8 journaux d&rsquo;annonces l\u00e9gales autoris\u00e9s pour le d\u00e9partement 04.<\/p>\n","protected":false},"excerpt":{"rendered":"<p>Ce journal hebdomadaire est vendu tous les lundis en kiosque dans le d\u00e9partement des Alpes de Haute Provence. L&rsquo;adresse de [&hellip;]<\/p>\n","protected":false},"author":1,"featured_media":0,"parent":351,"menu_order":0,"comment_status":"closed","ping_status":"closed","template":"","meta":{"inline_featured_image":false,"footnotes":""},"class_list":["post-443","page","type-page","status-publish","hentry"],"yoast_head":"<!-- This site is optimized with the Yoast SEO plugin v26.8 - https:\/\/yoast.com\/product\/yoast-seo-wordpress\/ -->\n<title>Les petites affiches des Alpes de Haute Provence - Actualit\u00e9 des entreprises<\/title>\n<meta name=\"robots\" content=\"index, follow, max-snippet:-1, max-image-preview:large, max-video-preview:-1\" \/>\n<link rel=\"canonical\" href=\"https:\/\/www.annonces-legales.org\/blog\/petites-affiches-des-alpes-de-haute-provence\/\" \/>\n<meta property=\"og:locale\" content=\"fr_FR\" \/>\n<meta property=\"og:type\" content=\"article\" \/>\n<meta property=\"og:title\" content=\"Les petites affiches des Alpes de Haute Provence - Actualit\u00e9 des entreprises\" \/>\n<meta property=\"og:description\" content=\"Ce journal hebdomadaire est vendu tous les lundis en kiosque dans le d\u00e9partement des Alpes de Haute Provence. L&rsquo;adresse de [&hellip;]\" \/>\n<meta property=\"og:url\" content=\"https:\/\/www.annonces-legales.org\/blog\/petites-affiches-des-alpes-de-haute-provence\/\" \/>\n<meta property=\"og:site_name\" content=\"Actualit\u00e9 des entreprises\" \/>\n<meta property=\"article:modified_time\" content=\"2022-01-26T11:06:55+00:00\" \/>\n<meta name=\"twitter:card\" content=\"summary_large_image\" \/>\n<meta name=\"twitter:label1\" content=\"Dur\u00e9e de lecture estim\u00e9e\" \/>\n\t<meta name=\"twitter:data1\" content=\"1 minute\" \/>\n<script type=\"application\/ld+json\" class=\"yoast-schema-graph\">{\"@context\":\"https:\/\/schema.org\",\"@graph\":[{\"@type\":\"WebPage\",\"@id\":\"https:\/\/www.annonces-legales.org\/blog\/petites-affiches-des-alpes-de-haute-provence\/\",\"url\":\"https:\/\/www.annonces-legales.org\/blog\/petites-affiches-des-alpes-de-haute-provence\/\",\"name\":\"Les petites affiches des Alpes de Haute Provence - Actualit\u00e9 des entreprises\",\"isPartOf\":{\"@id\":\"https:\/\/www.annonces-legales.org\/blog\/#website\"},\"datePublished\":\"2021-09-01T19:06:00+00:00\",\"dateModified\":\"2022-01-26T11:06:55+00:00\",\"breadcrumb\":{\"@id\":\"https:\/\/www.annonces-legales.org\/blog\/petites-affiches-des-alpes-de-haute-provence\/#breadcrumb\"},\"inLanguage\":\"fr-FR\",\"potentialAction\":[{\"@type\":\"ReadAction\",\"target\":[\"https:\/\/www.annonces-legales.org\/blog\/petites-affiches-des-alpes-de-haute-provence\/\"]}]},{\"@type\":\"BreadcrumbList\",\"@id\":\"https:\/\/www.annonces-legales.org\/blog\/petites-affiches-des-alpes-de-haute-provence\/#breadcrumb\",\"itemListElement\":[{\"@type\":\"ListItem\",\"position\":1,\"name\":\"Accueil\",\"item\":\"https:\/\/www.annonces-legales.org\/blog\/\"},{\"@type\":\"ListItem\",\"position\":2,\"name\":\"Liste des journaux habilit\u00e9s \u00e0 publier des annonces l\u00e9gales\",\"item\":\"https:\/\/www.annonces-legales.org\/blog\/liste-des-journaux-habilites-a-publier-des-annonces-legales\/\"},{\"@type\":\"ListItem\",\"position\":3,\"name\":\"Les petites affiches des Alpes de Haute Provence\"}]},{\"@type\":\"WebSite\",\"@id\":\"https:\/\/www.annonces-legales.org\/blog\/#website\",\"url\":\"https:\/\/www.annonces-legales.org\/blog\/\",\"name\":\"Actualit\u00e9 des entreprises\",\"description\":\"\",\"publisher\":{\"@id\":\"https:\/\/www.annonces-legales.org\/blog\/#organization\"},\"potentialAction\":[{\"@type\":\"SearchAction\",\"target\":{\"@type\":\"EntryPoint\",\"urlTemplate\":\"https:\/\/www.annonces-legales.org\/blog\/?s={search_term_string}\"},\"query-input\":{\"@type\":\"PropertyValueSpecification\",\"valueRequired\":true,\"valueName\":\"search_term_string\"}}],\"inLanguage\":\"fr-FR\"},{\"@type\":\"Organization\",\"@id\":\"https:\/\/www.annonces-legales.org\/blog\/#organization\",\"name\":\"Actualit\u00e9 des entreprises\",\"url\":\"https:\/\/www.annonces-legales.org\/blog\/\",\"logo\":{\"@type\":\"ImageObject\",\"inLanguage\":\"fr-FR\",\"@id\":\"https:\/\/www.annonces-legales.org\/blog\/#\/schema\/logo\/image\/\",\"url\":\"https:\/\/www.annonces-legales.org\/blog\/wp-content\/uploads\/2023\/08\/annonces-legales.svg\",\"contentUrl\":\"https:\/\/www.annonces-legales.org\/blog\/wp-content\/uploads\/2023\/08\/annonces-legales.svg\",\"caption\":\"Actualit\u00e9 des entreprises\"},\"image\":{\"@id\":\"https:\/\/www.annonces-legales.org\/blog\/#\/schema\/logo\/image\/\"}}]}<\/script>\n<!-- \/ Yoast SEO plugin. -->","yoast_head_json":{"title":"Les petites affiches des Alpes de Haute Provence - Actualit\u00e9 des entreprises","robots":{"index":"index","follow":"follow","max-snippet":"max-snippet:-1","max-image-preview":"max-image-preview:large","max-video-preview":"max-video-preview:-1"},"canonical":"https:\/\/www.annonces-legales.org\/blog\/petites-affiches-des-alpes-de-haute-provence\/","og_locale":"fr_FR","og_type":"article","og_title":"Les petites affiches des Alpes de Haute Provence - Actualit\u00e9 des entreprises","og_description":"Ce journal hebdomadaire est vendu tous les lundis en kiosque dans le d\u00e9partement des Alpes de Haute Provence. L&rsquo;adresse de [&hellip;]","og_url":"https:\/\/www.annonces-legales.org\/blog\/petites-affiches-des-alpes-de-haute-provence\/","og_site_name":"Actualit\u00e9 des entreprises","article_modified_time":"2022-01-26T11:06:55+00:00","twitter_card":"summary_large_image","twitter_misc":{"Dur\u00e9e de lecture estim\u00e9e":"1 minute"},"schema":{"@context":"https:\/\/schema.org","@graph":[{"@type":"WebPage","@id":"https:\/\/www.annonces-legales.org\/blog\/petites-affiches-des-alpes-de-haute-provence\/","url":"https:\/\/www.annonces-legales.org\/blog\/petites-affiches-des-alpes-de-haute-provence\/","name":"Les petites affiches des Alpes de Haute Provence - Actualit\u00e9 des entreprises","isPartOf":{"@id":"https:\/\/www.annonces-legales.org\/blog\/#website"},"datePublished":"2021-09-01T19:06:00+00:00","dateModified":"2022-01-26T11:06:55+00:00","breadcrumb":{"@id":"https:\/\/www.annonces-legales.org\/blog\/petites-affiches-des-alpes-de-haute-provence\/#breadcrumb"},"inLanguage":"fr-FR","potentialAction":[{"@type":"ReadAction","target":["https:\/\/www.annonces-legales.org\/blog\/petites-affiches-des-alpes-de-haute-provence\/"]}]},{"@type":"BreadcrumbList","@id":"https:\/\/www.annonces-legales.org\/blog\/petites-affiches-des-alpes-de-haute-provence\/#breadcrumb","itemListElement":[{"@type":"ListItem","position":1,"name":"Accueil","item":"https:\/\/www.annonces-legales.org\/blog\/"},{"@type":"ListItem","position":2,"name":"Liste des journaux habilit\u00e9s \u00e0 publier des annonces l\u00e9gales","item":"https:\/\/www.annonces-legales.org\/blog\/liste-des-journaux-habilites-a-publier-des-annonces-legales\/"},{"@type":"ListItem","position":3,"name":"Les petites affiches des Alpes de Haute Provence"}]},{"@type":"WebSite","@id":"https:\/\/www.annonces-legales.org\/blog\/#website","url":"https:\/\/www.annonces-legales.org\/blog\/","name":"Actualit\u00e9 des entreprises","description":"","publisher":{"@id":"https:\/\/www.annonces-legales.org\/blog\/#organization"},"potentialAction":[{"@type":"SearchAction","target":{"@type":"EntryPoint","urlTemplate":"https:\/\/www.annonces-legales.org\/blog\/?s={search_term_string}"},"query-input":{"@type":"PropertyValueSpecification","valueRequired":true,"valueName":"search_term_string"}}],"inLanguage":"fr-FR"},{"@type":"Organization","@id":"https:\/\/www.annonces-legales.org\/blog\/#organization","name":"Actualit\u00e9 des entreprises","url":"https:\/\/www.annonces-legales.org\/blog\/","logo":{"@type":"ImageObject","inLanguage":"fr-FR","@id":"https:\/\/www.annonces-legales.org\/blog\/#\/schema\/logo\/image\/","url":"https:\/\/www.annonces-legales.org\/blog\/wp-content\/uploads\/2023\/08\/annonces-legales.svg","contentUrl":"https:\/\/www.annonces-legales.org\/blog\/wp-content\/uploads\/2023\/08\/annonces-legales.svg","caption":"Actualit\u00e9 des entreprises"},"image":{"@id":"https:\/\/www.annonces-legales.org\/blog\/#\/schema\/logo\/image\/"}}]}},"_links":{"self":[{"href":"https:\/\/www.annonces-legales.org\/blog\/wp-json\/wp\/v2\/pages\/443","targetHints":{"allow":["GET"]}}],"collection":[{"href":"https:\/\/www.annonces-legales.org\/blog\/wp-json\/wp\/v2\/pages"}],"about":[{"href":"https:\/\/www.annonces-legales.org\/blog\/wp-json\/wp\/v2\/types\/page"}],"author":[{"embeddable":true,"href":"https:\/\/www.annonces-legales.org\/blog\/wp-json\/wp\/v2\/users\/1"}],"replies":[{"embeddable":true,"href":"https:\/\/www.annonces-legales.org\/blog\/wp-json\/wp\/v2\/comments?post=443"}],"version-history":[{"count":12,"href":"https:\/\/www.annonces-legales.org\/blog\/wp-json\/wp\/v2\/pages\/443\/revisions"}],"predecessor-version":[{"id":565,"href":"https:\/\/www.annonces-legales.org\/blog\/wp-json\/wp\/v2\/pages\/443\/revisions\/565"}],"up":[{"embeddable":true,"href":"https:\/\/www.annonces-legales.org\/blog\/wp-json\/wp\/v2\/pages\/351"}],"wp:attachment":[{"href":"https:\/\/www.annonces-legales.org\/blog\/wp-json\/wp\/v2\/media?parent=443"}],"curies":[{"name":"wp","href":"https:\/\/api.w.org\/{rel}","templated":true}]}}