{"id":447,"date":"2021-09-01T21:17:22","date_gmt":"2021-09-01T19:17:22","guid":{"rendered":"https:\/\/www.annonces-legales.org\/blog\/?page_id=447"},"modified":"2022-01-26T12:15:31","modified_gmt":"2022-01-26T11:15:31","slug":"sisteron-journal","status":"publish","type":"page","link":"https:\/\/www.annonces-legales.org\/blog\/sisteron-journal\/","title":{"rendered":"Sisteron Journal"},"content":{"rendered":"<p><img loading=\"lazy\" decoding=\"async\" class=\"size-full wp-image-448 alignleft\" src=\"https:\/\/www.annonces-legales.org\/blog\/wp-content\/uploads\/2021\/09\/sisteron-journal.jpg\" alt=\"\" width=\"400\" height=\"600\" srcset=\"https:\/\/www.annonces-legales.org\/blog\/wp-content\/uploads\/2021\/09\/sisteron-journal.jpg 400w, https:\/\/www.annonces-legales.org\/blog\/wp-content\/uploads\/2021\/09\/sisteron-journal-200x300.jpg 200w\" sizes=\"auto, (max-width: 400px) 100vw, 400px\" \/><\/p>\n<p>Le <strong>journal Sisteron<\/strong> para\u00eet chaque vendredi. Il publie uniquement des informations sur la ville de Sisteron. Cependant, ce journal est habilit\u00e9 \u00e0 <strong>publier des annonces officielles pour le d\u00e9partement des Alpes de Haute Provence<\/strong>.<\/p>\n<p>L&rsquo;adresse du journal et son 23 chemins de la haute chaumiane \u00e0 Sisteron (04200). Les articles du journal sont r\u00e9dig\u00e9s par Patrice Vernet.<\/p>\n<p>Le journal, bien que petit, est tr\u00e8s moderne et poss\u00e8de son propre site Internet que vous pouvez trouver \u00e0 l&rsquo;URL : <strong>sisteronjournal.com<\/strong><\/p>\n<p>Il est important de noter que ce site Internet poss\u00e8de aussi une habilitation pour ins\u00e9rer des annonces l\u00e9gales. Cette habilitation est diff\u00e9rente de celle du journal papier (habilitation pour les SPEL ou services de presse en ligne).<\/p>\n<h2>Histoire du Sisteron Journal<\/h2>\n<p>Le Sisteron journal existe depuis 1883. Il s&rsquo;appelait au d\u00e9part \u00ab\u00a0Le Petit Alpin\u00a0\u00bb.Deux ans plus tard, en 1885, le journal est devenu le Sisteron journal. Le journal publie donc des actualit\u00e9s depuis plus de 100 ans. Il n&rsquo;a pas publi\u00e9 deux num\u00e9ros uniquement pendant les deux guerres mondiales.<\/p>\n<p>&nbsp;<\/p>\n<h2>Annonce l\u00e9gale dans le 04<\/h2>\n<p>Si votre objectif est de faire une annonce l\u00e9gale, n&rsquo;h\u00e9sitez pas \u00e0 vous servir de notre site.<br \/>\nSi vous recherchez un prix bas pour vos annonces judiciaires et l\u00e9gales, vous \u00eates au bon endroit.<\/p>\n<p>Pour bien d\u00e9buter, il est conseill\u00e9 de r\u00e9aliser un <strong>devis instantan\u00e9<\/strong> sans inscription en vous rendant <a href=\"https:\/\/www.annonces-legales.org\/publication-annonce-legale.html\">ici<\/a>.<\/p>\n<p>&nbsp;<\/p>\n<h3>En savoir plus sur les publications l\u00e9gales dans le 04<\/h3>\n<p>&nbsp;<\/p>\n<p>Une annonce l\u00e9gale de cr\u00e9ation, que ce soit dans le Sisteron Journal ou dans n&rsquo;importe quel journal de France, aura un co\u00fbt similaire. En effet, depuis la loi Pacte le co\u00fbt des avis de constitution est le m\u00eame pour le d\u00e9partement 04 et pour tous les autres d\u00e9partements fran\u00e7ais.<br \/>\n<a href=\"https:\/\/www.annonces-legales.org\/blog\/avis-de-constitution\/\">Informations sur les prix des avis de constitution<\/a><\/p>\n<p>Les annonces l\u00e9gales de cr\u00e9ation sont tr\u00e8s co\u00fbteuses. <strong>Mais qu&rsquo;en est-il des autres annonces ?<\/strong><\/p>\n<p>Leur prix peut varier entre diff\u00e9rents journaux d&rsquo;un d\u00e9partement. C&rsquo;est la raison pour laquelle nous conseillons de faire un devis. Vous pourrez ainsi voir les prix sur chaque journaux habilit\u00e9s.<\/p>\n","protected":false},"excerpt":{"rendered":"<p>Le journal Sisteron para\u00eet chaque vendredi. Il publie uniquement des informations sur la ville de Sisteron. Cependant, ce journal est [&hellip;]<\/p>\n","protected":false},"author":1,"featured_media":0,"parent":351,"menu_order":0,"comment_status":"closed","ping_status":"closed","template":"","meta":{"inline_featured_image":false,"footnotes":""},"class_list":["post-447","page","type-page","status-publish","hentry"],"yoast_head":"<!-- This site is optimized with the Yoast SEO plugin v26.8 - https:\/\/yoast.com\/product\/yoast-seo-wordpress\/ -->\n<title>Sisteron Journal - Actualit\u00e9 des entreprises<\/title>\n<meta name=\"robots\" content=\"index, follow, max-snippet:-1, max-image-preview:large, max-video-preview:-1\" \/>\n<link rel=\"canonical\" href=\"https:\/\/www.annonces-legales.org\/blog\/sisteron-journal\/\" \/>\n<meta property=\"og:locale\" content=\"fr_FR\" \/>\n<meta property=\"og:type\" content=\"article\" \/>\n<meta property=\"og:title\" content=\"Sisteron Journal - Actualit\u00e9 des entreprises\" \/>\n<meta property=\"og:description\" content=\"Le journal Sisteron para\u00eet chaque vendredi. Il publie uniquement des informations sur la ville de Sisteron. Cependant, ce journal est [&hellip;]\" \/>\n<meta property=\"og:url\" content=\"https:\/\/www.annonces-legales.org\/blog\/sisteron-journal\/\" \/>\n<meta property=\"og:site_name\" content=\"Actualit\u00e9 des entreprises\" \/>\n<meta property=\"article:modified_time\" content=\"2022-01-26T11:15:31+00:00\" \/>\n<meta property=\"og:image\" content=\"https:\/\/www.annonces-legales.org\/blog\/wp-content\/uploads\/2021\/09\/sisteron-journal.jpg\" \/>\n\t<meta property=\"og:image:width\" content=\"400\" \/>\n\t<meta property=\"og:image:height\" content=\"600\" \/>\n\t<meta property=\"og:image:type\" content=\"image\/jpeg\" \/>\n<meta name=\"twitter:card\" content=\"summary_large_image\" \/>\n<meta name=\"twitter:label1\" content=\"Dur\u00e9e de lecture estim\u00e9e\" \/>\n\t<meta name=\"twitter:data1\" content=\"2 minutes\" \/>\n<script type=\"application\/ld+json\" class=\"yoast-schema-graph\">{\"@context\":\"https:\/\/schema.org\",\"@graph\":[{\"@type\":\"WebPage\",\"@id\":\"https:\/\/www.annonces-legales.org\/blog\/sisteron-journal\/\",\"url\":\"https:\/\/www.annonces-legales.org\/blog\/sisteron-journal\/\",\"name\":\"Sisteron Journal - Actualit\u00e9 des entreprises\",\"isPartOf\":{\"@id\":\"https:\/\/www.annonces-legales.org\/blog\/#website\"},\"primaryImageOfPage\":{\"@id\":\"https:\/\/www.annonces-legales.org\/blog\/sisteron-journal\/#primaryimage\"},\"image\":{\"@id\":\"https:\/\/www.annonces-legales.org\/blog\/sisteron-journal\/#primaryimage\"},\"thumbnailUrl\":\"https:\/\/www.annonces-legales.org\/blog\/wp-content\/uploads\/2021\/09\/sisteron-journal.jpg\",\"datePublished\":\"2021-09-01T19:17:22+00:00\",\"dateModified\":\"2022-01-26T11:15:31+00:00\",\"breadcrumb\":{\"@id\":\"https:\/\/www.annonces-legales.org\/blog\/sisteron-journal\/#breadcrumb\"},\"inLanguage\":\"fr-FR\",\"potentialAction\":[{\"@type\":\"ReadAction\",\"target\":[\"https:\/\/www.annonces-legales.org\/blog\/sisteron-journal\/\"]}]},{\"@type\":\"ImageObject\",\"inLanguage\":\"fr-FR\",\"@id\":\"https:\/\/www.annonces-legales.org\/blog\/sisteron-journal\/#primaryimage\",\"url\":\"https:\/\/www.annonces-legales.org\/blog\/wp-content\/uploads\/2021\/09\/sisteron-journal.jpg\",\"contentUrl\":\"https:\/\/www.annonces-legales.org\/blog\/wp-content\/uploads\/2021\/09\/sisteron-journal.jpg\",\"width\":400,\"height\":600},{\"@type\":\"BreadcrumbList\",\"@id\":\"https:\/\/www.annonces-legales.org\/blog\/sisteron-journal\/#breadcrumb\",\"itemListElement\":[{\"@type\":\"ListItem\",\"position\":1,\"name\":\"Accueil\",\"item\":\"https:\/\/www.annonces-legales.org\/blog\/\"},{\"@type\":\"ListItem\",\"position\":2,\"name\":\"Liste des journaux habilit\u00e9s \u00e0 publier des annonces l\u00e9gales\",\"item\":\"https:\/\/www.annonces-legales.org\/blog\/liste-des-journaux-habilites-a-publier-des-annonces-legales\/\"},{\"@type\":\"ListItem\",\"position\":3,\"name\":\"Sisteron Journal\"}]},{\"@type\":\"WebSite\",\"@id\":\"https:\/\/www.annonces-legales.org\/blog\/#website\",\"url\":\"https:\/\/www.annonces-legales.org\/blog\/\",\"name\":\"Actualit\u00e9 des entreprises\",\"description\":\"\",\"publisher\":{\"@id\":\"https:\/\/www.annonces-legales.org\/blog\/#organization\"},\"potentialAction\":[{\"@type\":\"SearchAction\",\"target\":{\"@type\":\"EntryPoint\",\"urlTemplate\":\"https:\/\/www.annonces-legales.org\/blog\/?s={search_term_string}\"},\"query-input\":{\"@type\":\"PropertyValueSpecification\",\"valueRequired\":true,\"valueName\":\"search_term_string\"}}],\"inLanguage\":\"fr-FR\"},{\"@type\":\"Organization\",\"@id\":\"https:\/\/www.annonces-legales.org\/blog\/#organization\",\"name\":\"Actualit\u00e9 des entreprises\",\"url\":\"https:\/\/www.annonces-legales.org\/blog\/\",\"logo\":{\"@type\":\"ImageObject\",\"inLanguage\":\"fr-FR\",\"@id\":\"https:\/\/www.annonces-legales.org\/blog\/#\/schema\/logo\/image\/\",\"url\":\"https:\/\/www.annonces-legales.org\/blog\/wp-content\/uploads\/2023\/08\/annonces-legales.svg\",\"contentUrl\":\"https:\/\/www.annonces-legales.org\/blog\/wp-content\/uploads\/2023\/08\/annonces-legales.svg\",\"caption\":\"Actualit\u00e9 des entreprises\"},\"image\":{\"@id\":\"https:\/\/www.annonces-legales.org\/blog\/#\/schema\/logo\/image\/\"}}]}<\/script>\n<!-- \/ Yoast SEO plugin. -->","yoast_head_json":{"title":"Sisteron Journal - Actualit\u00e9 des entreprises","robots":{"index":"index","follow":"follow","max-snippet":"max-snippet:-1","max-image-preview":"max-image-preview:large","max-video-preview":"max-video-preview:-1"},"canonical":"https:\/\/www.annonces-legales.org\/blog\/sisteron-journal\/","og_locale":"fr_FR","og_type":"article","og_title":"Sisteron Journal - Actualit\u00e9 des entreprises","og_description":"Le journal Sisteron para\u00eet chaque vendredi. Il publie uniquement des informations sur la ville de Sisteron. Cependant, ce journal est [&hellip;]","og_url":"https:\/\/www.annonces-legales.org\/blog\/sisteron-journal\/","og_site_name":"Actualit\u00e9 des entreprises","article_modified_time":"2022-01-26T11:15:31+00:00","og_image":[{"width":400,"height":600,"url":"https:\/\/www.annonces-legales.org\/blog\/wp-content\/uploads\/2021\/09\/sisteron-journal.jpg","type":"image\/jpeg"}],"twitter_card":"summary_large_image","twitter_misc":{"Dur\u00e9e de lecture estim\u00e9e":"2 minutes"},"schema":{"@context":"https:\/\/schema.org","@graph":[{"@type":"WebPage","@id":"https:\/\/www.annonces-legales.org\/blog\/sisteron-journal\/","url":"https:\/\/www.annonces-legales.org\/blog\/sisteron-journal\/","name":"Sisteron Journal - Actualit\u00e9 des entreprises","isPartOf":{"@id":"https:\/\/www.annonces-legales.org\/blog\/#website"},"primaryImageOfPage":{"@id":"https:\/\/www.annonces-legales.org\/blog\/sisteron-journal\/#primaryimage"},"image":{"@id":"https:\/\/www.annonces-legales.org\/blog\/sisteron-journal\/#primaryimage"},"thumbnailUrl":"https:\/\/www.annonces-legales.org\/blog\/wp-content\/uploads\/2021\/09\/sisteron-journal.jpg","datePublished":"2021-09-01T19:17:22+00:00","dateModified":"2022-01-26T11:15:31+00:00","breadcrumb":{"@id":"https:\/\/www.annonces-legales.org\/blog\/sisteron-journal\/#breadcrumb"},"inLanguage":"fr-FR","potentialAction":[{"@type":"ReadAction","target":["https:\/\/www.annonces-legales.org\/blog\/sisteron-journal\/"]}]},{"@type":"ImageObject","inLanguage":"fr-FR","@id":"https:\/\/www.annonces-legales.org\/blog\/sisteron-journal\/#primaryimage","url":"https:\/\/www.annonces-legales.org\/blog\/wp-content\/uploads\/2021\/09\/sisteron-journal.jpg","contentUrl":"https:\/\/www.annonces-legales.org\/blog\/wp-content\/uploads\/2021\/09\/sisteron-journal.jpg","width":400,"height":600},{"@type":"BreadcrumbList","@id":"https:\/\/www.annonces-legales.org\/blog\/sisteron-journal\/#breadcrumb","itemListElement":[{"@type":"ListItem","position":1,"name":"Accueil","item":"https:\/\/www.annonces-legales.org\/blog\/"},{"@type":"ListItem","position":2,"name":"Liste des journaux habilit\u00e9s \u00e0 publier des annonces l\u00e9gales","item":"https:\/\/www.annonces-legales.org\/blog\/liste-des-journaux-habilites-a-publier-des-annonces-legales\/"},{"@type":"ListItem","position":3,"name":"Sisteron Journal"}]},{"@type":"WebSite","@id":"https:\/\/www.annonces-legales.org\/blog\/#website","url":"https:\/\/www.annonces-legales.org\/blog\/","name":"Actualit\u00e9 des entreprises","description":"","publisher":{"@id":"https:\/\/www.annonces-legales.org\/blog\/#organization"},"potentialAction":[{"@type":"SearchAction","target":{"@type":"EntryPoint","urlTemplate":"https:\/\/www.annonces-legales.org\/blog\/?s={search_term_string}"},"query-input":{"@type":"PropertyValueSpecification","valueRequired":true,"valueName":"search_term_string"}}],"inLanguage":"fr-FR"},{"@type":"Organization","@id":"https:\/\/www.annonces-legales.org\/blog\/#organization","name":"Actualit\u00e9 des entreprises","url":"https:\/\/www.annonces-legales.org\/blog\/","logo":{"@type":"ImageObject","inLanguage":"fr-FR","@id":"https:\/\/www.annonces-legales.org\/blog\/#\/schema\/logo\/image\/","url":"https:\/\/www.annonces-legales.org\/blog\/wp-content\/uploads\/2023\/08\/annonces-legales.svg","contentUrl":"https:\/\/www.annonces-legales.org\/blog\/wp-content\/uploads\/2023\/08\/annonces-legales.svg","caption":"Actualit\u00e9 des entreprises"},"image":{"@id":"https:\/\/www.annonces-legales.org\/blog\/#\/schema\/logo\/image\/"}}]}},"_links":{"self":[{"href":"https:\/\/www.annonces-legales.org\/blog\/wp-json\/wp\/v2\/pages\/447","targetHints":{"allow":["GET"]}}],"collection":[{"href":"https:\/\/www.annonces-legales.org\/blog\/wp-json\/wp\/v2\/pages"}],"about":[{"href":"https:\/\/www.annonces-legales.org\/blog\/wp-json\/wp\/v2\/types\/page"}],"author":[{"embeddable":true,"href":"https:\/\/www.annonces-legales.org\/blog\/wp-json\/wp\/v2\/users\/1"}],"replies":[{"embeddable":true,"href":"https:\/\/www.annonces-legales.org\/blog\/wp-json\/wp\/v2\/comments?post=447"}],"version-history":[{"count":5,"href":"https:\/\/www.annonces-legales.org\/blog\/wp-json\/wp\/v2\/pages\/447\/revisions"}],"predecessor-version":[{"id":454,"href":"https:\/\/www.annonces-legales.org\/blog\/wp-json\/wp\/v2\/pages\/447\/revisions\/454"}],"up":[{"embeddable":true,"href":"https:\/\/www.annonces-legales.org\/blog\/wp-json\/wp\/v2\/pages\/351"}],"wp:attachment":[{"href":"https:\/\/www.annonces-legales.org\/blog\/wp-json\/wp\/v2\/media?parent=447"}],"curies":[{"name":"wp","href":"https:\/\/api.w.org\/{rel}","templated":true}]}}