{"id":455,"date":"2021-09-01T21:24:11","date_gmt":"2021-09-01T19:24:11","guid":{"rendered":"https:\/\/www.annonces-legales.org\/blog\/?page_id=455"},"modified":"2022-01-26T11:54:10","modified_gmt":"2022-01-26T10:54:10","slug":"avenir-agricole-de-lardeche","status":"publish","type":"page","link":"https:\/\/www.annonces-legales.org\/blog\/avenir-agricole-de-lardeche\/","title":{"rendered":"L&rsquo;Avenir agricole de l&rsquo;Ard\u00e8che"},"content":{"rendered":"<h2><img loading=\"lazy\" decoding=\"async\" class=\"aligncenter size-full wp-image-457\" src=\"https:\/\/www.annonces-legales.org\/blog\/wp-content\/uploads\/2021\/09\/Avenir-agricole-de-lArdeche.png\" alt=\"\" width=\"350\" height=\"128\" srcset=\"https:\/\/www.annonces-legales.org\/blog\/wp-content\/uploads\/2021\/09\/Avenir-agricole-de-lArdeche.png 350w, https:\/\/www.annonces-legales.org\/blog\/wp-content\/uploads\/2021\/09\/Avenir-agricole-de-lArdeche-300x110.png 300w\" sizes=\"auto, (max-width: 350px) 100vw, 350px\" \/><\/h2>\n<h2>Informations sur le journal l&rsquo;Avenir agricole de l&rsquo;Ard\u00e8che<\/h2>\n<p>L&rsquo;Avenir agricole de l&rsquo;Ard\u00e8che est un hebdomadaire qui para\u00eet tous les jeudis dans le d\u00e9partement du m\u00eame nom. Il publie des informations relatives \u00e0 l&rsquo;\u00e9levage, l&rsquo;agriculture et l&rsquo;\u00e9conomie du territoire ard\u00e9chois. L&rsquo;hebdomadaire publie \u00e9galement des informations pratiques et culturelles. Il est situ\u00e9 4, Avenue de l&rsquo;Europe unie 07000 Privas.<\/p>\n<p>Il peut<strong> publier des annonces l\u00e9gales pour le d\u00e9partement de l&rsquo;Ard\u00e8che<\/strong> uniquement. Il a d\u00e9j\u00e0 publi\u00e9 plus de 6000 annonces l\u00e9gales ces 10 derni\u00e8res ann\u00e9es.<br \/>\nParmi ces nombreux lecteurs, il y a bien \u00e9videmment de nombreux agriculteurs,viticulteurs et \u00e9leveurs de la r\u00e9gion.<\/p>\n<p>Cet hebdomadaire est vendu aux alentours de 3 euros. Il poss\u00e8de un site Internet o\u00f9 l&rsquo;on peut s&rsquo;abonner pour trois mois, un an ou deux ans. L&rsquo;abonnement pour deux ans est le plus avantageux Et permet de payer chaque exemplaire uniquement 2,40 \u20ac. Bien entendu, cet abonnement d&rsquo;un acc\u00e8s \u00e0 tout le contenu du journal en version num\u00e9rique.<\/p>\n<h2><\/h2>\n<h2>Information sur les annonces l\u00e9gales dans l&rsquo;Ard\u00e8che<\/h2>\n<p>Retrouvez le tableau des tarifs officiels des annonces de cr\u00e9ation sur notre site <a href=\"https:\/\/www.annonces-legales.org\/blog\/avis-de-constitution\/\">sur cette page<\/a>. Pour les annonces de changement, vous devrez r\u00e9aliser un devis. Mais vous trouverez plus d&rsquo;informations sur notre page des <a href=\"https:\/\/www.annonces-legales.org\/quel-est-le-prix-dune-annonce-legale.php\">prix des annonces l\u00e9gales<\/a>.<\/p>\n<p>Le journal L&rsquo;Avenir Agricole de l&rsquo;Ard\u00e8che peut publier des annonces l\u00e9gales en Ard\u00e8che mais ce n&rsquo;est pas le seul. Il y a par exemple le Journal de Tournon-Tain\u00a0 ou encore La Semaine des Ardennes.<\/p>\n<p>En cas de question, notre service client est joignable par t\u00e9l\u00e9phone au +336 44 60 09 41.<br \/>\nNous envoyons une attestation de parution en quelques minutes suite \u00e0 votre commande.<\/p>\n","protected":false},"excerpt":{"rendered":"<p>Informations sur le journal l&rsquo;Avenir agricole de l&rsquo;Ard\u00e8che L&rsquo;Avenir agricole de l&rsquo;Ard\u00e8che est un hebdomadaire qui para\u00eet tous les jeudis [&hellip;]<\/p>\n","protected":false},"author":1,"featured_media":0,"parent":351,"menu_order":0,"comment_status":"closed","ping_status":"closed","template":"","meta":{"inline_featured_image":false,"footnotes":""},"class_list":["post-455","page","type-page","status-publish","hentry"],"yoast_head":"<!-- This site is optimized with the Yoast SEO plugin v26.8 - https:\/\/yoast.com\/product\/yoast-seo-wordpress\/ -->\n<title>L&#039;Avenir agricole de l&#039;Ard\u00e8che - Actualit\u00e9 des entreprises<\/title>\n<meta name=\"robots\" content=\"index, follow, max-snippet:-1, max-image-preview:large, max-video-preview:-1\" \/>\n<link rel=\"canonical\" href=\"https:\/\/www.annonces-legales.org\/blog\/avenir-agricole-de-lardeche\/\" \/>\n<meta property=\"og:locale\" content=\"fr_FR\" \/>\n<meta property=\"og:type\" content=\"article\" \/>\n<meta property=\"og:title\" content=\"L&#039;Avenir agricole de l&#039;Ard\u00e8che - Actualit\u00e9 des entreprises\" \/>\n<meta property=\"og:description\" content=\"Informations sur le journal l&rsquo;Avenir agricole de l&rsquo;Ard\u00e8che L&rsquo;Avenir agricole de l&rsquo;Ard\u00e8che est un hebdomadaire qui para\u00eet tous les jeudis [&hellip;]\" \/>\n<meta property=\"og:url\" content=\"https:\/\/www.annonces-legales.org\/blog\/avenir-agricole-de-lardeche\/\" \/>\n<meta property=\"og:site_name\" content=\"Actualit\u00e9 des entreprises\" \/>\n<meta property=\"article:modified_time\" content=\"2022-01-26T10:54:10+00:00\" \/>\n<meta property=\"og:image\" content=\"https:\/\/www.annonces-legales.org\/blog\/wp-content\/uploads\/2021\/09\/Avenir-agricole-de-lArdeche.png\" \/>\n\t<meta property=\"og:image:width\" content=\"350\" \/>\n\t<meta property=\"og:image:height\" content=\"128\" \/>\n\t<meta property=\"og:image:type\" content=\"image\/png\" \/>\n<meta name=\"twitter:card\" content=\"summary_large_image\" \/>\n<meta name=\"twitter:label1\" content=\"Dur\u00e9e de lecture estim\u00e9e\" \/>\n\t<meta name=\"twitter:data1\" content=\"1 minute\" \/>\n<script type=\"application\/ld+json\" class=\"yoast-schema-graph\">{\"@context\":\"https:\/\/schema.org\",\"@graph\":[{\"@type\":\"WebPage\",\"@id\":\"https:\/\/www.annonces-legales.org\/blog\/avenir-agricole-de-lardeche\/\",\"url\":\"https:\/\/www.annonces-legales.org\/blog\/avenir-agricole-de-lardeche\/\",\"name\":\"L'Avenir agricole de l'Ard\u00e8che - Actualit\u00e9 des entreprises\",\"isPartOf\":{\"@id\":\"https:\/\/www.annonces-legales.org\/blog\/#website\"},\"primaryImageOfPage\":{\"@id\":\"https:\/\/www.annonces-legales.org\/blog\/avenir-agricole-de-lardeche\/#primaryimage\"},\"image\":{\"@id\":\"https:\/\/www.annonces-legales.org\/blog\/avenir-agricole-de-lardeche\/#primaryimage\"},\"thumbnailUrl\":\"https:\/\/www.annonces-legales.org\/blog\/wp-content\/uploads\/2021\/09\/Avenir-agricole-de-lArdeche.png\",\"datePublished\":\"2021-09-01T19:24:11+00:00\",\"dateModified\":\"2022-01-26T10:54:10+00:00\",\"breadcrumb\":{\"@id\":\"https:\/\/www.annonces-legales.org\/blog\/avenir-agricole-de-lardeche\/#breadcrumb\"},\"inLanguage\":\"fr-FR\",\"potentialAction\":[{\"@type\":\"ReadAction\",\"target\":[\"https:\/\/www.annonces-legales.org\/blog\/avenir-agricole-de-lardeche\/\"]}]},{\"@type\":\"ImageObject\",\"inLanguage\":\"fr-FR\",\"@id\":\"https:\/\/www.annonces-legales.org\/blog\/avenir-agricole-de-lardeche\/#primaryimage\",\"url\":\"https:\/\/www.annonces-legales.org\/blog\/wp-content\/uploads\/2021\/09\/Avenir-agricole-de-lArdeche.png\",\"contentUrl\":\"https:\/\/www.annonces-legales.org\/blog\/wp-content\/uploads\/2021\/09\/Avenir-agricole-de-lArdeche.png\",\"width\":350,\"height\":128},{\"@type\":\"BreadcrumbList\",\"@id\":\"https:\/\/www.annonces-legales.org\/blog\/avenir-agricole-de-lardeche\/#breadcrumb\",\"itemListElement\":[{\"@type\":\"ListItem\",\"position\":1,\"name\":\"Accueil\",\"item\":\"https:\/\/www.annonces-legales.org\/blog\/\"},{\"@type\":\"ListItem\",\"position\":2,\"name\":\"Liste des journaux habilit\u00e9s \u00e0 publier des annonces l\u00e9gales\",\"item\":\"https:\/\/www.annonces-legales.org\/blog\/liste-des-journaux-habilites-a-publier-des-annonces-legales\/\"},{\"@type\":\"ListItem\",\"position\":3,\"name\":\"L&rsquo;Avenir agricole de l&rsquo;Ard\u00e8che\"}]},{\"@type\":\"WebSite\",\"@id\":\"https:\/\/www.annonces-legales.org\/blog\/#website\",\"url\":\"https:\/\/www.annonces-legales.org\/blog\/\",\"name\":\"Actualit\u00e9 des entreprises\",\"description\":\"\",\"publisher\":{\"@id\":\"https:\/\/www.annonces-legales.org\/blog\/#organization\"},\"potentialAction\":[{\"@type\":\"SearchAction\",\"target\":{\"@type\":\"EntryPoint\",\"urlTemplate\":\"https:\/\/www.annonces-legales.org\/blog\/?s={search_term_string}\"},\"query-input\":{\"@type\":\"PropertyValueSpecification\",\"valueRequired\":true,\"valueName\":\"search_term_string\"}}],\"inLanguage\":\"fr-FR\"},{\"@type\":\"Organization\",\"@id\":\"https:\/\/www.annonces-legales.org\/blog\/#organization\",\"name\":\"Actualit\u00e9 des entreprises\",\"url\":\"https:\/\/www.annonces-legales.org\/blog\/\",\"logo\":{\"@type\":\"ImageObject\",\"inLanguage\":\"fr-FR\",\"@id\":\"https:\/\/www.annonces-legales.org\/blog\/#\/schema\/logo\/image\/\",\"url\":\"https:\/\/www.annonces-legales.org\/blog\/wp-content\/uploads\/2023\/08\/annonces-legales.svg\",\"contentUrl\":\"https:\/\/www.annonces-legales.org\/blog\/wp-content\/uploads\/2023\/08\/annonces-legales.svg\",\"caption\":\"Actualit\u00e9 des entreprises\"},\"image\":{\"@id\":\"https:\/\/www.annonces-legales.org\/blog\/#\/schema\/logo\/image\/\"}}]}<\/script>\n<!-- \/ Yoast SEO plugin. -->","yoast_head_json":{"title":"L'Avenir agricole de l'Ard\u00e8che - Actualit\u00e9 des entreprises","robots":{"index":"index","follow":"follow","max-snippet":"max-snippet:-1","max-image-preview":"max-image-preview:large","max-video-preview":"max-video-preview:-1"},"canonical":"https:\/\/www.annonces-legales.org\/blog\/avenir-agricole-de-lardeche\/","og_locale":"fr_FR","og_type":"article","og_title":"L'Avenir agricole de l'Ard\u00e8che - Actualit\u00e9 des entreprises","og_description":"Informations sur le journal l&rsquo;Avenir agricole de l&rsquo;Ard\u00e8che L&rsquo;Avenir agricole de l&rsquo;Ard\u00e8che est un hebdomadaire qui para\u00eet tous les jeudis [&hellip;]","og_url":"https:\/\/www.annonces-legales.org\/blog\/avenir-agricole-de-lardeche\/","og_site_name":"Actualit\u00e9 des entreprises","article_modified_time":"2022-01-26T10:54:10+00:00","og_image":[{"width":350,"height":128,"url":"https:\/\/www.annonces-legales.org\/blog\/wp-content\/uploads\/2021\/09\/Avenir-agricole-de-lArdeche.png","type":"image\/png"}],"twitter_card":"summary_large_image","twitter_misc":{"Dur\u00e9e de lecture estim\u00e9e":"1 minute"},"schema":{"@context":"https:\/\/schema.org","@graph":[{"@type":"WebPage","@id":"https:\/\/www.annonces-legales.org\/blog\/avenir-agricole-de-lardeche\/","url":"https:\/\/www.annonces-legales.org\/blog\/avenir-agricole-de-lardeche\/","name":"L'Avenir agricole de l'Ard\u00e8che - Actualit\u00e9 des entreprises","isPartOf":{"@id":"https:\/\/www.annonces-legales.org\/blog\/#website"},"primaryImageOfPage":{"@id":"https:\/\/www.annonces-legales.org\/blog\/avenir-agricole-de-lardeche\/#primaryimage"},"image":{"@id":"https:\/\/www.annonces-legales.org\/blog\/avenir-agricole-de-lardeche\/#primaryimage"},"thumbnailUrl":"https:\/\/www.annonces-legales.org\/blog\/wp-content\/uploads\/2021\/09\/Avenir-agricole-de-lArdeche.png","datePublished":"2021-09-01T19:24:11+00:00","dateModified":"2022-01-26T10:54:10+00:00","breadcrumb":{"@id":"https:\/\/www.annonces-legales.org\/blog\/avenir-agricole-de-lardeche\/#breadcrumb"},"inLanguage":"fr-FR","potentialAction":[{"@type":"ReadAction","target":["https:\/\/www.annonces-legales.org\/blog\/avenir-agricole-de-lardeche\/"]}]},{"@type":"ImageObject","inLanguage":"fr-FR","@id":"https:\/\/www.annonces-legales.org\/blog\/avenir-agricole-de-lardeche\/#primaryimage","url":"https:\/\/www.annonces-legales.org\/blog\/wp-content\/uploads\/2021\/09\/Avenir-agricole-de-lArdeche.png","contentUrl":"https:\/\/www.annonces-legales.org\/blog\/wp-content\/uploads\/2021\/09\/Avenir-agricole-de-lArdeche.png","width":350,"height":128},{"@type":"BreadcrumbList","@id":"https:\/\/www.annonces-legales.org\/blog\/avenir-agricole-de-lardeche\/#breadcrumb","itemListElement":[{"@type":"ListItem","position":1,"name":"Accueil","item":"https:\/\/www.annonces-legales.org\/blog\/"},{"@type":"ListItem","position":2,"name":"Liste des journaux habilit\u00e9s \u00e0 publier des annonces l\u00e9gales","item":"https:\/\/www.annonces-legales.org\/blog\/liste-des-journaux-habilites-a-publier-des-annonces-legales\/"},{"@type":"ListItem","position":3,"name":"L&rsquo;Avenir agricole de l&rsquo;Ard\u00e8che"}]},{"@type":"WebSite","@id":"https:\/\/www.annonces-legales.org\/blog\/#website","url":"https:\/\/www.annonces-legales.org\/blog\/","name":"Actualit\u00e9 des entreprises","description":"","publisher":{"@id":"https:\/\/www.annonces-legales.org\/blog\/#organization"},"potentialAction":[{"@type":"SearchAction","target":{"@type":"EntryPoint","urlTemplate":"https:\/\/www.annonces-legales.org\/blog\/?s={search_term_string}"},"query-input":{"@type":"PropertyValueSpecification","valueRequired":true,"valueName":"search_term_string"}}],"inLanguage":"fr-FR"},{"@type":"Organization","@id":"https:\/\/www.annonces-legales.org\/blog\/#organization","name":"Actualit\u00e9 des entreprises","url":"https:\/\/www.annonces-legales.org\/blog\/","logo":{"@type":"ImageObject","inLanguage":"fr-FR","@id":"https:\/\/www.annonces-legales.org\/blog\/#\/schema\/logo\/image\/","url":"https:\/\/www.annonces-legales.org\/blog\/wp-content\/uploads\/2023\/08\/annonces-legales.svg","contentUrl":"https:\/\/www.annonces-legales.org\/blog\/wp-content\/uploads\/2023\/08\/annonces-legales.svg","caption":"Actualit\u00e9 des entreprises"},"image":{"@id":"https:\/\/www.annonces-legales.org\/blog\/#\/schema\/logo\/image\/"}}]}},"_links":{"self":[{"href":"https:\/\/www.annonces-legales.org\/blog\/wp-json\/wp\/v2\/pages\/455","targetHints":{"allow":["GET"]}}],"collection":[{"href":"https:\/\/www.annonces-legales.org\/blog\/wp-json\/wp\/v2\/pages"}],"about":[{"href":"https:\/\/www.annonces-legales.org\/blog\/wp-json\/wp\/v2\/types\/page"}],"author":[{"embeddable":true,"href":"https:\/\/www.annonces-legales.org\/blog\/wp-json\/wp\/v2\/users\/1"}],"replies":[{"embeddable":true,"href":"https:\/\/www.annonces-legales.org\/blog\/wp-json\/wp\/v2\/comments?post=455"}],"version-history":[{"count":2,"href":"https:\/\/www.annonces-legales.org\/blog\/wp-json\/wp\/v2\/pages\/455\/revisions"}],"predecessor-version":[{"id":458,"href":"https:\/\/www.annonces-legales.org\/blog\/wp-json\/wp\/v2\/pages\/455\/revisions\/458"}],"up":[{"embeddable":true,"href":"https:\/\/www.annonces-legales.org\/blog\/wp-json\/wp\/v2\/pages\/351"}],"wp:attachment":[{"href":"https:\/\/www.annonces-legales.org\/blog\/wp-json\/wp\/v2\/media?parent=455"}],"curies":[{"name":"wp","href":"https:\/\/api.w.org\/{rel}","templated":true}]}}