{"id":459,"date":"2021-09-01T21:29:55","date_gmt":"2021-09-01T19:29:55","guid":{"rendered":"https:\/\/www.annonces-legales.org\/blog\/?page_id=459"},"modified":"2022-01-26T11:50:53","modified_gmt":"2022-01-26T10:50:53","slug":"hebdo-de-lardeche","status":"publish","type":"page","link":"https:\/\/www.annonces-legales.org\/blog\/hebdo-de-lardeche\/","title":{"rendered":"Hebdo de l&rsquo;Ard\u00e8che"},"content":{"rendered":"<p><img loading=\"lazy\" decoding=\"async\" class=\"aligncenter size-full wp-image-462\" src=\"https:\/\/www.annonces-legales.org\/blog\/wp-content\/uploads\/2021\/09\/Hebdo-de-lArdeche.png\" alt=\"\" width=\"400\" height=\"188\" srcset=\"https:\/\/www.annonces-legales.org\/blog\/wp-content\/uploads\/2021\/09\/Hebdo-de-lArdeche.png 400w, https:\/\/www.annonces-legales.org\/blog\/wp-content\/uploads\/2021\/09\/Hebdo-de-lArdeche-300x141.png 300w\" sizes=\"auto, (max-width: 400px) 100vw, 400px\" \/><\/p>\n<p>&nbsp;<\/p>\n<p>Le journal d&rsquo;annonces l\u00e9gales <strong>Hebdo de l&rsquo;Ard\u00e8che<\/strong> est un hebdomadaire disponible en kiosque situ\u00e9 dans le 07.<\/p>\n<p>Ce journal est un journal de type papier. Il a un prix en dessous de 2 \u20ac. Il est bien s\u00fbr possible de s&rsquo;abonner \u00e0 l&rsquo;ann\u00e9e. Cela co\u00fbte environ 76 euros.<\/p>\n<h2>Vous souhaitez publier dans le d\u00e9partement de l&rsquo;Ard\u00e8che ?<\/h2>\n<p>Il est possible de consulter le tableau des tarifs officiels des <strong>annonces de constitution de soci\u00e9t\u00e9<\/strong> pour le 07 <a href=\"https:\/\/www.annonces-legales.org\/blog\/avis-de-constitution\/\">en cliquant ici.<\/a> Pour les annonces l\u00e9gales de modification, il faudra demander un devis sur notre plateforme.<\/p>\n<p>Si vous avez des questions, notre \u00e9quipe de professionnel des annonces l\u00e9gales est disponible au t\u00e9l\u00e9phone au <strong>+336-44-60-09-41<\/strong>.<br \/>\nNous fournissons bien s\u00fbr une <a href=\"https:\/\/www.annonces-legales.org\/attestation-de-parution.html\">attestation de parution officielle<\/a>.<\/p>\n<p>&nbsp;<\/p>\n<h2>Page internet de l&rsquo;Hebdo de l&rsquo;Ard\u00e8che<\/h2>\n<p><img loading=\"lazy\" decoding=\"async\" class=\"aligncenter size-full wp-image-1397\" src=\"https:\/\/www.annonces-legales.org\/blog\/wp-content\/uploads\/2021\/10\/site-hebdo-ardeche.jpg\" alt=\"\" width=\"800\" height=\"732\" srcset=\"https:\/\/www.annonces-legales.org\/blog\/wp-content\/uploads\/2021\/10\/site-hebdo-ardeche.jpg 800w, https:\/\/www.annonces-legales.org\/blog\/wp-content\/uploads\/2021\/10\/site-hebdo-ardeche-300x275.jpg 300w, https:\/\/www.annonces-legales.org\/blog\/wp-content\/uploads\/2021\/10\/site-hebdo-ardeche-768x703.jpg 768w\" sizes=\"auto, (max-width: 800px) 100vw, 800px\" \/><\/p>\n<p>Le journal publie, sur son site web moderne, de nombreuses actualit\u00e9s gratuites. Ce site est aussi un moyen pour les abonn\u00e9s, de lire leur journal en version digitale.<\/p>\n<p>Les informations du site sont divis\u00e9es en diff\u00e9rentes section, notamment une section \u00ab\u00a0A la une\u00a0\u00bb et une autre \u00ab\u00a0\u00c7a fait l&rsquo;actu\u00a0\u00bb. Les abonn\u00e9s connect\u00e9s peuvent laisser des commentaires sous les articles.<\/p>\n<h2>Mieux conna\u00eetre l&rsquo;Hebdo de l&rsquo;Ard\u00e8che<\/h2>\n<p>Ce journal para\u00eet toutes les semaines dans le d\u00e9partement de l&rsquo;Ard\u00e8che 07. Il poss\u00e8de une habilitation pour faire des annonces l\u00e9gales pour le d\u00e9partement 07. Il est situ\u00e9 7, Avenue de Verdun \u00e0 Valence. Il fait parti du groupe HCR: Hebdomadaires Catholiques R\u00e9gionaux. Durant son existence, il a prie diff\u00e9rents noms. Tout d&rsquo;abord il fut nomm\u00e9 la Croix de l&rsquo;Ard\u00e8che puis Terre Vivaroise et enfin Hebdo de l&rsquo;Ard\u00e8che. Le journal a \u00e9t\u00e9 cr\u00e9\u00e9 en 1891.<\/p>\n<p>Par voie \u00e9lectronique, la r\u00e9daction peut \u00eatre contact\u00e9e avec l&rsquo;adresse redaction@hebdo-ardeche.fr.<\/p>\n<p>Un abonnement annuel au journal qui permet de recevoir tous les vendredis dans sa bo\u00eete aux lettres du journal co\u00fbte 76 \u20ac. Cela repr\u00e9sente plus de 10 % d&rsquo;\u00e9conomie compar\u00e9e \u00e0 un achat en kiosque. Il est possible de contacter le journal aux 04 75 86 20 00.<\/p>\n","protected":false},"excerpt":{"rendered":"<p>&nbsp; Le journal d&rsquo;annonces l\u00e9gales Hebdo de l&rsquo;Ard\u00e8che est un hebdomadaire disponible en kiosque situ\u00e9 dans le 07. Ce journal [&hellip;]<\/p>\n","protected":false},"author":1,"featured_media":0,"parent":351,"menu_order":0,"comment_status":"closed","ping_status":"closed","template":"","meta":{"inline_featured_image":false,"footnotes":""},"class_list":["post-459","page","type-page","status-publish","hentry"],"yoast_head":"<!-- This site is optimized with the Yoast SEO plugin v26.8 - https:\/\/yoast.com\/product\/yoast-seo-wordpress\/ -->\n<title>Hebdo de l&#039;Ard\u00e8che - Actualit\u00e9 des entreprises<\/title>\n<meta name=\"robots\" content=\"index, follow, max-snippet:-1, max-image-preview:large, max-video-preview:-1\" \/>\n<link rel=\"canonical\" href=\"https:\/\/www.annonces-legales.org\/blog\/hebdo-de-lardeche\/\" \/>\n<meta property=\"og:locale\" content=\"fr_FR\" \/>\n<meta property=\"og:type\" content=\"article\" \/>\n<meta property=\"og:title\" content=\"Hebdo de l&#039;Ard\u00e8che - Actualit\u00e9 des entreprises\" \/>\n<meta property=\"og:description\" content=\"&nbsp; Le journal d&rsquo;annonces l\u00e9gales Hebdo de l&rsquo;Ard\u00e8che est un hebdomadaire disponible en kiosque situ\u00e9 dans le 07. Ce journal [&hellip;]\" \/>\n<meta property=\"og:url\" content=\"https:\/\/www.annonces-legales.org\/blog\/hebdo-de-lardeche\/\" \/>\n<meta property=\"og:site_name\" content=\"Actualit\u00e9 des entreprises\" \/>\n<meta property=\"article:modified_time\" content=\"2022-01-26T10:50:53+00:00\" \/>\n<meta property=\"og:image\" content=\"https:\/\/www.annonces-legales.org\/blog\/wp-content\/uploads\/2021\/09\/Hebdo-de-lArdeche.png\" \/>\n\t<meta property=\"og:image:width\" content=\"400\" \/>\n\t<meta property=\"og:image:height\" content=\"188\" \/>\n\t<meta property=\"og:image:type\" content=\"image\/png\" \/>\n<meta name=\"twitter:card\" content=\"summary_large_image\" \/>\n<meta name=\"twitter:label1\" content=\"Dur\u00e9e de lecture estim\u00e9e\" \/>\n\t<meta name=\"twitter:data1\" content=\"2 minutes\" \/>\n<script type=\"application\/ld+json\" class=\"yoast-schema-graph\">{\"@context\":\"https:\/\/schema.org\",\"@graph\":[{\"@type\":\"WebPage\",\"@id\":\"https:\/\/www.annonces-legales.org\/blog\/hebdo-de-lardeche\/\",\"url\":\"https:\/\/www.annonces-legales.org\/blog\/hebdo-de-lardeche\/\",\"name\":\"Hebdo de l'Ard\u00e8che - Actualit\u00e9 des entreprises\",\"isPartOf\":{\"@id\":\"https:\/\/www.annonces-legales.org\/blog\/#website\"},\"primaryImageOfPage\":{\"@id\":\"https:\/\/www.annonces-legales.org\/blog\/hebdo-de-lardeche\/#primaryimage\"},\"image\":{\"@id\":\"https:\/\/www.annonces-legales.org\/blog\/hebdo-de-lardeche\/#primaryimage\"},\"thumbnailUrl\":\"https:\/\/www.annonces-legales.org\/blog\/wp-content\/uploads\/2021\/09\/Hebdo-de-lArdeche.png\",\"datePublished\":\"2021-09-01T19:29:55+00:00\",\"dateModified\":\"2022-01-26T10:50:53+00:00\",\"breadcrumb\":{\"@id\":\"https:\/\/www.annonces-legales.org\/blog\/hebdo-de-lardeche\/#breadcrumb\"},\"inLanguage\":\"fr-FR\",\"potentialAction\":[{\"@type\":\"ReadAction\",\"target\":[\"https:\/\/www.annonces-legales.org\/blog\/hebdo-de-lardeche\/\"]}]},{\"@type\":\"ImageObject\",\"inLanguage\":\"fr-FR\",\"@id\":\"https:\/\/www.annonces-legales.org\/blog\/hebdo-de-lardeche\/#primaryimage\",\"url\":\"https:\/\/www.annonces-legales.org\/blog\/wp-content\/uploads\/2021\/09\/Hebdo-de-lArdeche.png\",\"contentUrl\":\"https:\/\/www.annonces-legales.org\/blog\/wp-content\/uploads\/2021\/09\/Hebdo-de-lArdeche.png\",\"width\":400,\"height\":188},{\"@type\":\"BreadcrumbList\",\"@id\":\"https:\/\/www.annonces-legales.org\/blog\/hebdo-de-lardeche\/#breadcrumb\",\"itemListElement\":[{\"@type\":\"ListItem\",\"position\":1,\"name\":\"Accueil\",\"item\":\"https:\/\/www.annonces-legales.org\/blog\/\"},{\"@type\":\"ListItem\",\"position\":2,\"name\":\"Liste des journaux habilit\u00e9s \u00e0 publier des annonces l\u00e9gales\",\"item\":\"https:\/\/www.annonces-legales.org\/blog\/liste-des-journaux-habilites-a-publier-des-annonces-legales\/\"},{\"@type\":\"ListItem\",\"position\":3,\"name\":\"Hebdo de l&rsquo;Ard\u00e8che\"}]},{\"@type\":\"WebSite\",\"@id\":\"https:\/\/www.annonces-legales.org\/blog\/#website\",\"url\":\"https:\/\/www.annonces-legales.org\/blog\/\",\"name\":\"Actualit\u00e9 des entreprises\",\"description\":\"\",\"publisher\":{\"@id\":\"https:\/\/www.annonces-legales.org\/blog\/#organization\"},\"potentialAction\":[{\"@type\":\"SearchAction\",\"target\":{\"@type\":\"EntryPoint\",\"urlTemplate\":\"https:\/\/www.annonces-legales.org\/blog\/?s={search_term_string}\"},\"query-input\":{\"@type\":\"PropertyValueSpecification\",\"valueRequired\":true,\"valueName\":\"search_term_string\"}}],\"inLanguage\":\"fr-FR\"},{\"@type\":\"Organization\",\"@id\":\"https:\/\/www.annonces-legales.org\/blog\/#organization\",\"name\":\"Actualit\u00e9 des entreprises\",\"url\":\"https:\/\/www.annonces-legales.org\/blog\/\",\"logo\":{\"@type\":\"ImageObject\",\"inLanguage\":\"fr-FR\",\"@id\":\"https:\/\/www.annonces-legales.org\/blog\/#\/schema\/logo\/image\/\",\"url\":\"https:\/\/www.annonces-legales.org\/blog\/wp-content\/uploads\/2023\/08\/annonces-legales.svg\",\"contentUrl\":\"https:\/\/www.annonces-legales.org\/blog\/wp-content\/uploads\/2023\/08\/annonces-legales.svg\",\"caption\":\"Actualit\u00e9 des entreprises\"},\"image\":{\"@id\":\"https:\/\/www.annonces-legales.org\/blog\/#\/schema\/logo\/image\/\"}}]}<\/script>\n<!-- \/ Yoast SEO plugin. -->","yoast_head_json":{"title":"Hebdo de l'Ard\u00e8che - Actualit\u00e9 des entreprises","robots":{"index":"index","follow":"follow","max-snippet":"max-snippet:-1","max-image-preview":"max-image-preview:large","max-video-preview":"max-video-preview:-1"},"canonical":"https:\/\/www.annonces-legales.org\/blog\/hebdo-de-lardeche\/","og_locale":"fr_FR","og_type":"article","og_title":"Hebdo de l'Ard\u00e8che - Actualit\u00e9 des entreprises","og_description":"&nbsp; Le journal d&rsquo;annonces l\u00e9gales Hebdo de l&rsquo;Ard\u00e8che est un hebdomadaire disponible en kiosque situ\u00e9 dans le 07. Ce journal [&hellip;]","og_url":"https:\/\/www.annonces-legales.org\/blog\/hebdo-de-lardeche\/","og_site_name":"Actualit\u00e9 des entreprises","article_modified_time":"2022-01-26T10:50:53+00:00","og_image":[{"width":400,"height":188,"url":"https:\/\/www.annonces-legales.org\/blog\/wp-content\/uploads\/2021\/09\/Hebdo-de-lArdeche.png","type":"image\/png"}],"twitter_card":"summary_large_image","twitter_misc":{"Dur\u00e9e de lecture estim\u00e9e":"2 minutes"},"schema":{"@context":"https:\/\/schema.org","@graph":[{"@type":"WebPage","@id":"https:\/\/www.annonces-legales.org\/blog\/hebdo-de-lardeche\/","url":"https:\/\/www.annonces-legales.org\/blog\/hebdo-de-lardeche\/","name":"Hebdo de l'Ard\u00e8che - Actualit\u00e9 des entreprises","isPartOf":{"@id":"https:\/\/www.annonces-legales.org\/blog\/#website"},"primaryImageOfPage":{"@id":"https:\/\/www.annonces-legales.org\/blog\/hebdo-de-lardeche\/#primaryimage"},"image":{"@id":"https:\/\/www.annonces-legales.org\/blog\/hebdo-de-lardeche\/#primaryimage"},"thumbnailUrl":"https:\/\/www.annonces-legales.org\/blog\/wp-content\/uploads\/2021\/09\/Hebdo-de-lArdeche.png","datePublished":"2021-09-01T19:29:55+00:00","dateModified":"2022-01-26T10:50:53+00:00","breadcrumb":{"@id":"https:\/\/www.annonces-legales.org\/blog\/hebdo-de-lardeche\/#breadcrumb"},"inLanguage":"fr-FR","potentialAction":[{"@type":"ReadAction","target":["https:\/\/www.annonces-legales.org\/blog\/hebdo-de-lardeche\/"]}]},{"@type":"ImageObject","inLanguage":"fr-FR","@id":"https:\/\/www.annonces-legales.org\/blog\/hebdo-de-lardeche\/#primaryimage","url":"https:\/\/www.annonces-legales.org\/blog\/wp-content\/uploads\/2021\/09\/Hebdo-de-lArdeche.png","contentUrl":"https:\/\/www.annonces-legales.org\/blog\/wp-content\/uploads\/2021\/09\/Hebdo-de-lArdeche.png","width":400,"height":188},{"@type":"BreadcrumbList","@id":"https:\/\/www.annonces-legales.org\/blog\/hebdo-de-lardeche\/#breadcrumb","itemListElement":[{"@type":"ListItem","position":1,"name":"Accueil","item":"https:\/\/www.annonces-legales.org\/blog\/"},{"@type":"ListItem","position":2,"name":"Liste des journaux habilit\u00e9s \u00e0 publier des annonces l\u00e9gales","item":"https:\/\/www.annonces-legales.org\/blog\/liste-des-journaux-habilites-a-publier-des-annonces-legales\/"},{"@type":"ListItem","position":3,"name":"Hebdo de l&rsquo;Ard\u00e8che"}]},{"@type":"WebSite","@id":"https:\/\/www.annonces-legales.org\/blog\/#website","url":"https:\/\/www.annonces-legales.org\/blog\/","name":"Actualit\u00e9 des entreprises","description":"","publisher":{"@id":"https:\/\/www.annonces-legales.org\/blog\/#organization"},"potentialAction":[{"@type":"SearchAction","target":{"@type":"EntryPoint","urlTemplate":"https:\/\/www.annonces-legales.org\/blog\/?s={search_term_string}"},"query-input":{"@type":"PropertyValueSpecification","valueRequired":true,"valueName":"search_term_string"}}],"inLanguage":"fr-FR"},{"@type":"Organization","@id":"https:\/\/www.annonces-legales.org\/blog\/#organization","name":"Actualit\u00e9 des entreprises","url":"https:\/\/www.annonces-legales.org\/blog\/","logo":{"@type":"ImageObject","inLanguage":"fr-FR","@id":"https:\/\/www.annonces-legales.org\/blog\/#\/schema\/logo\/image\/","url":"https:\/\/www.annonces-legales.org\/blog\/wp-content\/uploads\/2023\/08\/annonces-legales.svg","contentUrl":"https:\/\/www.annonces-legales.org\/blog\/wp-content\/uploads\/2023\/08\/annonces-legales.svg","caption":"Actualit\u00e9 des entreprises"},"image":{"@id":"https:\/\/www.annonces-legales.org\/blog\/#\/schema\/logo\/image\/"}}]}},"_links":{"self":[{"href":"https:\/\/www.annonces-legales.org\/blog\/wp-json\/wp\/v2\/pages\/459","targetHints":{"allow":["GET"]}}],"collection":[{"href":"https:\/\/www.annonces-legales.org\/blog\/wp-json\/wp\/v2\/pages"}],"about":[{"href":"https:\/\/www.annonces-legales.org\/blog\/wp-json\/wp\/v2\/types\/page"}],"author":[{"embeddable":true,"href":"https:\/\/www.annonces-legales.org\/blog\/wp-json\/wp\/v2\/users\/1"}],"replies":[{"embeddable":true,"href":"https:\/\/www.annonces-legales.org\/blog\/wp-json\/wp\/v2\/comments?post=459"}],"version-history":[{"count":6,"href":"https:\/\/www.annonces-legales.org\/blog\/wp-json\/wp\/v2\/pages\/459\/revisions"}],"predecessor-version":[{"id":1398,"href":"https:\/\/www.annonces-legales.org\/blog\/wp-json\/wp\/v2\/pages\/459\/revisions\/1398"}],"up":[{"embeddable":true,"href":"https:\/\/www.annonces-legales.org\/blog\/wp-json\/wp\/v2\/pages\/351"}],"wp:attachment":[{"href":"https:\/\/www.annonces-legales.org\/blog\/wp-json\/wp\/v2\/media?parent=459"}],"curies":[{"name":"wp","href":"https:\/\/api.w.org\/{rel}","templated":true}]}}