{"id":487,"date":"2021-09-01T22:05:23","date_gmt":"2021-09-01T20:05:23","guid":{"rendered":"https:\/\/www.annonces-legales.org\/blog\/?page_id=487"},"modified":"2022-01-26T11:57:13","modified_gmt":"2022-01-26T10:57:13","slug":"gazette-ariegeoise","status":"publish","type":"page","link":"https:\/\/www.annonces-legales.org\/blog\/gazette-ariegeoise\/","title":{"rendered":"La Gazette Ari\u00e9geoise"},"content":{"rendered":"<h2><img loading=\"lazy\" decoding=\"async\" class=\"aligncenter size-full wp-image-488\" src=\"https:\/\/www.annonces-legales.org\/blog\/wp-content\/uploads\/2021\/09\/La-Gazette-Ariegeoise.png\" alt=\"\" width=\"375\" height=\"95\" srcset=\"https:\/\/www.annonces-legales.org\/blog\/wp-content\/uploads\/2021\/09\/La-Gazette-Ariegeoise.png 375w, https:\/\/www.annonces-legales.org\/blog\/wp-content\/uploads\/2021\/09\/La-Gazette-Ariegeoise-300x76.png 300w\" sizes=\"auto, (max-width: 375px) 100vw, 375px\" \/><\/h2>\n<h2>La Gazette Ari\u00e9geoise, un hebdomadaire g\u00e9n\u00e9raliste<\/h2>\n<p><strong>La Gazette Ari\u00e9geoise<\/strong> est un hebdomadaire g\u00e9n\u00e9raliste publi\u00e9 dans les Pyr\u00e9n\u00e9es ari\u00e9geoises. Il sort tous les vendredis et il est vendu 1 euro. Il traite de nombreux sujets sur le sport, d&rsquo;\u00e9conomie, le patrimoine, la culture\u2026<\/p>\n<p>&nbsp;<\/p>\n<h2>Histoire du journal<\/h2>\n<p>Avant de devenir un hebdomadaire g\u00e9n\u00e9raliste, la gazette ari\u00e9geoise \u00e9tait uniquement un journal d&rsquo;annonce l\u00e9gale de quatre pages. Fond\u00e9 \u00e0 la fin de l&rsquo;ann\u00e9e 1944, la gazette est la cr\u00e9ation de l&rsquo;imprimeur <strong>Pierre Farr\u00e9<\/strong>. Le journal est rachet\u00e9 en 1989 par un ari\u00e9geois, <strong>Jean F\u00e9lix Dupont<\/strong>. Il en fait un journal g\u00e9n\u00e9raliste m\u00eame si les annonces l\u00e9gales restent toujours une part importante du journal. Avec l&rsquo;aide de sa fille C\u00e9cile Dupont, le journal va se d\u00e9velopper et traiter des sujets de plus en plus vastes mais toutefois toujours locaux. Le journal publie r\u00e9guli\u00e8rement des hors-s\u00e9rie gratuits notamment durant l&rsquo;\u00e9t\u00e9 : le magazine estival.<\/p>\n<p>&nbsp;<\/p>\n<h2>En savoir plus sur La Gazette Ari\u00e9geoise<\/h2>\n<p>C&rsquo;est un <strong>journal ind\u00e9pendant<\/strong> qui n&rsquo;appartient \u00e0 aucun grand groupe de presse. Il poss\u00e8de un site internet qui diffuse \u00e9galement des informations locales, diff\u00e9rentes de celles que l&rsquo;on peut trouver sur le journal. On y trouve \u00e9galement l&rsquo;ensemble des annonces l\u00e9gales publi\u00e9es en Ari\u00e8ge ainsi qu&rsquo;une rubrique vente aux ench\u00e8res. Sur cette plateforme internet, il est possible de s&rsquo;abonner au journal pour un an pour 42 \u20ac. Cela fait un prix hebdomadaire de 0,80 euros, soit 20 % de r\u00e9duction sur le prix en kiosque.<\/p>\n<p>L&rsquo;adresse postale du journal est la suivante : La Gazette Ari\u00e9geoise Domaine Ruffi\u00e9 09000 Foix<\/p>\n<h2><\/h2>\n<h2>Une annonce l\u00e9gale \u00e0 faire dans le 08 pour votre entreprise ?<\/h2>\n<p>Notre service de formalit\u00e9 propose une prestation de qualit\u00e9 pour faire vos publicit\u00e9s l\u00e9gales sans efforts.<\/p>\n<p>Vous pourrez choisir entre diff\u00e9rents journaux ari\u00e9geois pour votre annonce l\u00e9gale et prendre le moins cher.<\/p>\n<br\/><br\/><div class=\"entry-content notopmargin\">\n\t<img decoding=\"async\" class=\"img-fluid fleft\" src=\"https:\/\/www.annonces-legales.org\/images\/rapide-economique-tout-departement.png\" alt=\"Journal d'annonce l\u00e9gale Ari\u00e9gois \"><a href=\"https:\/\/www.annonces-legales.org\/publication-annonce-legale.html\" class=\"button button-desc fright mtop30\"><div>Je publie<br> mon annonce<br> l\u00e9gale<\/div><span>dans un journal Ari\u00e9gois !<\/span><\/a>\n<\/div><div class=\"clrbth\"><\/div><br\/><br\/>\n<p>&nbsp;<\/p>\n<h3>Quand les entreprises doivent-elles publier une annonce ?<\/h3>\n<p>Les annonces l\u00e9gales et judiciaires sont obligatoires pour toutes les firmes enregistr\u00e9es en m\u00e9tropole (SARL, EURL, SCI, SCM, SCPI, SCCV, SCI\u2026).<\/p>\n<p>Il y a diff\u00e9rents \u00e9v\u00e8nement qui d\u00e9clenche la n\u00e9cessit\u00e9 de faire une annonce l\u00e9gale: changement de nom de l&rsquo;entreprise, de dirigeant, de CAC, du capital social&#8230;<\/p>\n<p>En cas de doute sur la n\u00e9cessit\u00e9 ou non de faire une annonce, appelez nous ! Notre num\u00e9ro se trouve en haut \u00e0 droite de la page.<\/p>\n<p>&nbsp;<\/p>\n<p>&nbsp;<\/p>\n<h3>Des annonces l\u00e9gales et judiciaires, une aide de l&rsquo;administration pour\u00a0 les journaux papier ?<\/h3>\n<p>Trop de gens voient les annonces l\u00e9gales et judiciaires comme un imp\u00f4t. D&rsquo;autres voient cela comme une subvention. Ce n&rsquo;est pas r\u00e9ellement le cas car beaucoup de sites internet peuvent publier des annonces depuis le d\u00e9but de l&rsquo;ann\u00e9e 2021.Et l&rsquo;\u00e9tat ne touche presque rien sur le prix de ces annonces.<br \/>\nBien entendu, leur fonctionnement pourrait \u00eatre am\u00e9liorer et leur co\u00fbt baiss\u00e9.<br \/>\nLa loi PACTE de 2020 \u00e0 d\u00e9j\u00e0 permis de baisser le prix des annonces l\u00e9gales de constitution en cr\u00e9ant un forfait national.<\/p>\n<p>&nbsp;<\/p>\n<p>&nbsp;<\/p>\n<h3>Rappel des crit\u00e8res n\u00e9cessaires pour qu&rsquo;un hebdomadaire ou quotidien du 09 puisse faire annonces judiciaires et l\u00e9gales<\/h3>\n<p>Le journal ari\u00e9geois doit :<\/p>\n<ul>\n<li>avoir suffisamment de lecteurs<\/li>\n<li>proposer des actualit\u00e9s locales<\/li>\n<li>ne pas avoir trop de publicit\u00e9<\/li>\n<li>avoir un num\u00e9ro de CPPAP<\/li>\n<li>avoir le feu vert de la pr\u00e9fecture de l&rsquo;Ari\u00e8ge<\/li>\n<\/ul>\n","protected":false},"excerpt":{"rendered":"<p>La Gazette Ari\u00e9geoise, un hebdomadaire g\u00e9n\u00e9raliste La Gazette Ari\u00e9geoise est un hebdomadaire g\u00e9n\u00e9raliste publi\u00e9 dans les Pyr\u00e9n\u00e9es ari\u00e9geoises. Il sort [&hellip;]<\/p>\n","protected":false},"author":1,"featured_media":0,"parent":351,"menu_order":0,"comment_status":"closed","ping_status":"closed","template":"","meta":{"inline_featured_image":false,"footnotes":""},"class_list":["post-487","page","type-page","status-publish","hentry"],"yoast_head":"<!-- This site is optimized with the Yoast SEO plugin v26.8 - https:\/\/yoast.com\/product\/yoast-seo-wordpress\/ -->\n<title>La Gazette Ari\u00e9geoise - Actualit\u00e9 des entreprises<\/title>\n<meta name=\"robots\" content=\"index, follow, max-snippet:-1, max-image-preview:large, max-video-preview:-1\" \/>\n<link rel=\"canonical\" href=\"https:\/\/www.annonces-legales.org\/blog\/gazette-ariegeoise\/\" \/>\n<meta property=\"og:locale\" content=\"fr_FR\" \/>\n<meta property=\"og:type\" content=\"article\" \/>\n<meta property=\"og:title\" content=\"La Gazette Ari\u00e9geoise - Actualit\u00e9 des entreprises\" \/>\n<meta property=\"og:description\" content=\"La Gazette Ari\u00e9geoise, un hebdomadaire g\u00e9n\u00e9raliste La Gazette Ari\u00e9geoise est un hebdomadaire g\u00e9n\u00e9raliste publi\u00e9 dans les Pyr\u00e9n\u00e9es ari\u00e9geoises. Il sort [&hellip;]\" \/>\n<meta property=\"og:url\" content=\"https:\/\/www.annonces-legales.org\/blog\/gazette-ariegeoise\/\" \/>\n<meta property=\"og:site_name\" content=\"Actualit\u00e9 des entreprises\" \/>\n<meta property=\"article:modified_time\" content=\"2022-01-26T10:57:13+00:00\" \/>\n<meta property=\"og:image\" content=\"https:\/\/www.annonces-legales.org\/blog\/wp-content\/uploads\/2021\/09\/La-Gazette-Ariegeoise.png\" \/>\n\t<meta property=\"og:image:width\" content=\"375\" \/>\n\t<meta property=\"og:image:height\" content=\"95\" \/>\n\t<meta property=\"og:image:type\" content=\"image\/png\" \/>\n<meta name=\"twitter:card\" content=\"summary_large_image\" \/>\n<meta name=\"twitter:label1\" content=\"Dur\u00e9e de lecture estim\u00e9e\" \/>\n\t<meta name=\"twitter:data1\" content=\"3 minutes\" \/>\n<script type=\"application\/ld+json\" class=\"yoast-schema-graph\">{\"@context\":\"https:\/\/schema.org\",\"@graph\":[{\"@type\":\"WebPage\",\"@id\":\"https:\/\/www.annonces-legales.org\/blog\/gazette-ariegeoise\/\",\"url\":\"https:\/\/www.annonces-legales.org\/blog\/gazette-ariegeoise\/\",\"name\":\"La Gazette Ari\u00e9geoise - Actualit\u00e9 des entreprises\",\"isPartOf\":{\"@id\":\"https:\/\/www.annonces-legales.org\/blog\/#website\"},\"primaryImageOfPage\":{\"@id\":\"https:\/\/www.annonces-legales.org\/blog\/gazette-ariegeoise\/#primaryimage\"},\"image\":{\"@id\":\"https:\/\/www.annonces-legales.org\/blog\/gazette-ariegeoise\/#primaryimage\"},\"thumbnailUrl\":\"https:\/\/www.annonces-legales.org\/blog\/wp-content\/uploads\/2021\/09\/La-Gazette-Ariegeoise.png\",\"datePublished\":\"2021-09-01T20:05:23+00:00\",\"dateModified\":\"2022-01-26T10:57:13+00:00\",\"breadcrumb\":{\"@id\":\"https:\/\/www.annonces-legales.org\/blog\/gazette-ariegeoise\/#breadcrumb\"},\"inLanguage\":\"fr-FR\",\"potentialAction\":[{\"@type\":\"ReadAction\",\"target\":[\"https:\/\/www.annonces-legales.org\/blog\/gazette-ariegeoise\/\"]}]},{\"@type\":\"ImageObject\",\"inLanguage\":\"fr-FR\",\"@id\":\"https:\/\/www.annonces-legales.org\/blog\/gazette-ariegeoise\/#primaryimage\",\"url\":\"https:\/\/www.annonces-legales.org\/blog\/wp-content\/uploads\/2021\/09\/La-Gazette-Ariegeoise.png\",\"contentUrl\":\"https:\/\/www.annonces-legales.org\/blog\/wp-content\/uploads\/2021\/09\/La-Gazette-Ariegeoise.png\",\"width\":375,\"height\":95},{\"@type\":\"BreadcrumbList\",\"@id\":\"https:\/\/www.annonces-legales.org\/blog\/gazette-ariegeoise\/#breadcrumb\",\"itemListElement\":[{\"@type\":\"ListItem\",\"position\":1,\"name\":\"Accueil\",\"item\":\"https:\/\/www.annonces-legales.org\/blog\/\"},{\"@type\":\"ListItem\",\"position\":2,\"name\":\"Liste des journaux habilit\u00e9s \u00e0 publier des annonces l\u00e9gales\",\"item\":\"https:\/\/www.annonces-legales.org\/blog\/liste-des-journaux-habilites-a-publier-des-annonces-legales\/\"},{\"@type\":\"ListItem\",\"position\":3,\"name\":\"La Gazette Ari\u00e9geoise\"}]},{\"@type\":\"WebSite\",\"@id\":\"https:\/\/www.annonces-legales.org\/blog\/#website\",\"url\":\"https:\/\/www.annonces-legales.org\/blog\/\",\"name\":\"Actualit\u00e9 des entreprises\",\"description\":\"\",\"publisher\":{\"@id\":\"https:\/\/www.annonces-legales.org\/blog\/#organization\"},\"potentialAction\":[{\"@type\":\"SearchAction\",\"target\":{\"@type\":\"EntryPoint\",\"urlTemplate\":\"https:\/\/www.annonces-legales.org\/blog\/?s={search_term_string}\"},\"query-input\":{\"@type\":\"PropertyValueSpecification\",\"valueRequired\":true,\"valueName\":\"search_term_string\"}}],\"inLanguage\":\"fr-FR\"},{\"@type\":\"Organization\",\"@id\":\"https:\/\/www.annonces-legales.org\/blog\/#organization\",\"name\":\"Actualit\u00e9 des entreprises\",\"url\":\"https:\/\/www.annonces-legales.org\/blog\/\",\"logo\":{\"@type\":\"ImageObject\",\"inLanguage\":\"fr-FR\",\"@id\":\"https:\/\/www.annonces-legales.org\/blog\/#\/schema\/logo\/image\/\",\"url\":\"https:\/\/www.annonces-legales.org\/blog\/wp-content\/uploads\/2023\/08\/annonces-legales.svg\",\"contentUrl\":\"https:\/\/www.annonces-legales.org\/blog\/wp-content\/uploads\/2023\/08\/annonces-legales.svg\",\"caption\":\"Actualit\u00e9 des entreprises\"},\"image\":{\"@id\":\"https:\/\/www.annonces-legales.org\/blog\/#\/schema\/logo\/image\/\"}}]}<\/script>\n<!-- \/ Yoast SEO plugin. -->","yoast_head_json":{"title":"La Gazette Ari\u00e9geoise - Actualit\u00e9 des entreprises","robots":{"index":"index","follow":"follow","max-snippet":"max-snippet:-1","max-image-preview":"max-image-preview:large","max-video-preview":"max-video-preview:-1"},"canonical":"https:\/\/www.annonces-legales.org\/blog\/gazette-ariegeoise\/","og_locale":"fr_FR","og_type":"article","og_title":"La Gazette Ari\u00e9geoise - Actualit\u00e9 des entreprises","og_description":"La Gazette Ari\u00e9geoise, un hebdomadaire g\u00e9n\u00e9raliste La Gazette Ari\u00e9geoise est un hebdomadaire g\u00e9n\u00e9raliste publi\u00e9 dans les Pyr\u00e9n\u00e9es ari\u00e9geoises. Il sort [&hellip;]","og_url":"https:\/\/www.annonces-legales.org\/blog\/gazette-ariegeoise\/","og_site_name":"Actualit\u00e9 des entreprises","article_modified_time":"2022-01-26T10:57:13+00:00","og_image":[{"width":375,"height":95,"url":"https:\/\/www.annonces-legales.org\/blog\/wp-content\/uploads\/2021\/09\/La-Gazette-Ariegeoise.png","type":"image\/png"}],"twitter_card":"summary_large_image","twitter_misc":{"Dur\u00e9e de lecture estim\u00e9e":"3 minutes"},"schema":{"@context":"https:\/\/schema.org","@graph":[{"@type":"WebPage","@id":"https:\/\/www.annonces-legales.org\/blog\/gazette-ariegeoise\/","url":"https:\/\/www.annonces-legales.org\/blog\/gazette-ariegeoise\/","name":"La Gazette Ari\u00e9geoise - Actualit\u00e9 des entreprises","isPartOf":{"@id":"https:\/\/www.annonces-legales.org\/blog\/#website"},"primaryImageOfPage":{"@id":"https:\/\/www.annonces-legales.org\/blog\/gazette-ariegeoise\/#primaryimage"},"image":{"@id":"https:\/\/www.annonces-legales.org\/blog\/gazette-ariegeoise\/#primaryimage"},"thumbnailUrl":"https:\/\/www.annonces-legales.org\/blog\/wp-content\/uploads\/2021\/09\/La-Gazette-Ariegeoise.png","datePublished":"2021-09-01T20:05:23+00:00","dateModified":"2022-01-26T10:57:13+00:00","breadcrumb":{"@id":"https:\/\/www.annonces-legales.org\/blog\/gazette-ariegeoise\/#breadcrumb"},"inLanguage":"fr-FR","potentialAction":[{"@type":"ReadAction","target":["https:\/\/www.annonces-legales.org\/blog\/gazette-ariegeoise\/"]}]},{"@type":"ImageObject","inLanguage":"fr-FR","@id":"https:\/\/www.annonces-legales.org\/blog\/gazette-ariegeoise\/#primaryimage","url":"https:\/\/www.annonces-legales.org\/blog\/wp-content\/uploads\/2021\/09\/La-Gazette-Ariegeoise.png","contentUrl":"https:\/\/www.annonces-legales.org\/blog\/wp-content\/uploads\/2021\/09\/La-Gazette-Ariegeoise.png","width":375,"height":95},{"@type":"BreadcrumbList","@id":"https:\/\/www.annonces-legales.org\/blog\/gazette-ariegeoise\/#breadcrumb","itemListElement":[{"@type":"ListItem","position":1,"name":"Accueil","item":"https:\/\/www.annonces-legales.org\/blog\/"},{"@type":"ListItem","position":2,"name":"Liste des journaux habilit\u00e9s \u00e0 publier des annonces l\u00e9gales","item":"https:\/\/www.annonces-legales.org\/blog\/liste-des-journaux-habilites-a-publier-des-annonces-legales\/"},{"@type":"ListItem","position":3,"name":"La Gazette Ari\u00e9geoise"}]},{"@type":"WebSite","@id":"https:\/\/www.annonces-legales.org\/blog\/#website","url":"https:\/\/www.annonces-legales.org\/blog\/","name":"Actualit\u00e9 des entreprises","description":"","publisher":{"@id":"https:\/\/www.annonces-legales.org\/blog\/#organization"},"potentialAction":[{"@type":"SearchAction","target":{"@type":"EntryPoint","urlTemplate":"https:\/\/www.annonces-legales.org\/blog\/?s={search_term_string}"},"query-input":{"@type":"PropertyValueSpecification","valueRequired":true,"valueName":"search_term_string"}}],"inLanguage":"fr-FR"},{"@type":"Organization","@id":"https:\/\/www.annonces-legales.org\/blog\/#organization","name":"Actualit\u00e9 des entreprises","url":"https:\/\/www.annonces-legales.org\/blog\/","logo":{"@type":"ImageObject","inLanguage":"fr-FR","@id":"https:\/\/www.annonces-legales.org\/blog\/#\/schema\/logo\/image\/","url":"https:\/\/www.annonces-legales.org\/blog\/wp-content\/uploads\/2023\/08\/annonces-legales.svg","contentUrl":"https:\/\/www.annonces-legales.org\/blog\/wp-content\/uploads\/2023\/08\/annonces-legales.svg","caption":"Actualit\u00e9 des entreprises"},"image":{"@id":"https:\/\/www.annonces-legales.org\/blog\/#\/schema\/logo\/image\/"}}]}},"_links":{"self":[{"href":"https:\/\/www.annonces-legales.org\/blog\/wp-json\/wp\/v2\/pages\/487","targetHints":{"allow":["GET"]}}],"collection":[{"href":"https:\/\/www.annonces-legales.org\/blog\/wp-json\/wp\/v2\/pages"}],"about":[{"href":"https:\/\/www.annonces-legales.org\/blog\/wp-json\/wp\/v2\/types\/page"}],"author":[{"embeddable":true,"href":"https:\/\/www.annonces-legales.org\/blog\/wp-json\/wp\/v2\/users\/1"}],"replies":[{"embeddable":true,"href":"https:\/\/www.annonces-legales.org\/blog\/wp-json\/wp\/v2\/comments?post=487"}],"version-history":[{"count":9,"href":"https:\/\/www.annonces-legales.org\/blog\/wp-json\/wp\/v2\/pages\/487\/revisions"}],"predecessor-version":[{"id":1410,"href":"https:\/\/www.annonces-legales.org\/blog\/wp-json\/wp\/v2\/pages\/487\/revisions\/1410"}],"up":[{"embeddable":true,"href":"https:\/\/www.annonces-legales.org\/blog\/wp-json\/wp\/v2\/pages\/351"}],"wp:attachment":[{"href":"https:\/\/www.annonces-legales.org\/blog\/wp-json\/wp\/v2\/media?parent=487"}],"curies":[{"name":"wp","href":"https:\/\/api.w.org\/{rel}","templated":true}]}}