{"id":500,"date":"2021-09-01T22:16:29","date_gmt":"2021-09-01T20:16:29","guid":{"rendered":"https:\/\/www.annonces-legales.org\/blog\/?page_id=500"},"modified":"2022-01-26T12:07:16","modified_gmt":"2022-01-26T11:07:16","slug":"liberation-champagne","status":"publish","type":"page","link":"https:\/\/www.annonces-legales.org\/blog\/liberation-champagne\/","title":{"rendered":"Lib\u00e9ration Champagne"},"content":{"rendered":"<p><img loading=\"lazy\" decoding=\"async\" class=\"aligncenter size-full wp-image-504\" src=\"https:\/\/www.annonces-legales.org\/blog\/wp-content\/uploads\/2021\/09\/Liberation-Champagne.png\" alt=\"\" width=\"400\" height=\"111\" srcset=\"https:\/\/www.annonces-legales.org\/blog\/wp-content\/uploads\/2021\/09\/Liberation-Champagne.png 400w, https:\/\/www.annonces-legales.org\/blog\/wp-content\/uploads\/2021\/09\/Liberation-Champagne-300x83.png 300w\" sizes=\"auto, (max-width: 400px) 100vw, 400px\" \/><\/p>\n<p>&nbsp;<\/p>\n<p>Ce journal cr\u00e9\u00e9 en 1945 \u00e0 Troyes par des r\u00e9sistants du d\u00e9partement de l&rsquo;Aube propose des informations de la ville de Troyes et de nombreuses autres communes du d\u00e9partement. Les informations publi\u00e9es sont de nature g\u00e9n\u00e9raliste, \u00e9conomique, sportive et lifestyle.<\/p>\n<p>&nbsp;<\/p>\n<h2>A propos de Lib\u00e9ration Champagne<\/h2>\n<p>Le journal para\u00eet \u00e0 plus de 3000 exemplaires tous les jours. Il est vendu au prix de 0,90 euro, Sauf le samedi ou son prix est de 1,50 euro. Le directeur de la publication est Daniel Picault et le r\u00e9dacteur en chef est Nicolas Fostier.<\/p>\n<p>Le <strong>journal Lib\u00e9ration Champagne<\/strong> est la propri\u00e9t\u00e9 du groupe Rossel, une soci\u00e9t\u00e9 belge, qui poss\u00e8de de nombreux autres journaux et quotidiens de presse en France (Le Courrier Picard, L&rsquo;Est Eclair, Le Soir, La Voix du Nord, Le Phare Dunkerquois, Le journal de Montreuil, l&rsquo;<a href=\"https:\/\/www.annonces-legales.org\/blog\/ardennais\/\">Ardennais<\/a>&#8230;).<\/p>\n<p>&nbsp;<\/p>\n<h2>Lib\u00e9ration Champagne, JAL de l&rsquo;Aube<\/h2>\n<p>Ce quotidien a obtenu une homologation pour la <strong>publication d&rsquo;annonce l\u00e9gale pour le d\u00e9partement de l&rsquo;Aube<\/strong>. Il est donc un journal d&rsquo;annonces l\u00e9gales (JAL). En outre, il a publi\u00e9 pr\u00e8s de 800 annonces l\u00e9gales depuis 2010.<\/p>\n<p>&nbsp;<\/p>\n<h2>Publication d&rsquo;annonces l\u00e9gales dans l&rsquo;Aube<\/h2>\n<h3>Tarif d&rsquo;une annonce l\u00e9gale dans l&rsquo;Aube<\/h3>\n<p>Les publications d&rsquo;annonces l\u00e9gales suivent un syst\u00e8me tarifaire bien pr\u00e9cis. Les annonces l\u00e9gales de changement (pour les entreprises) ont un tarif \u00e0 la ligne. Celui-ci est fix\u00e9 par la pr\u00e9fecture de l&rsquo;aube chaque ann\u00e9e. Il est g\u00e9n\u00e9ralement de 4,15 euros HT.<\/p>\n<p>Pour l&rsquo;annonce l\u00e9gale n\u00e9cessaire lors de la cr\u00e9ation d&rsquo;une soci\u00e9t\u00e9 le tarif est forfaitaire et varie en fonction de la forme de l&rsquo;entreprise.<\/p>\n<br\/><br\/><div class=\"entry-content notopmargin\">\n\t<img decoding=\"async\" class=\"img-fluid fleft\" src=\"https:\/\/www.annonces-legales.org\/images\/rapide-economique-tout-departement.png\" alt=\"Journal d'annonce l\u00e9gale de l'Aube \"><a href=\"https:\/\/www.annonces-legales.org\/publication-annonce-legale.html\" class=\"button button-desc fright mtop30\"><div>Je publie<br> mon annonce<br> l\u00e9gale<\/div><span>dans un journal de l'Aube !<\/span><\/a>\n<\/div><div class=\"clrbth\"><\/div><br\/><br\/>\n<h3>Pourquoi utiliser notre site Annonces-legales.org pour faire une annonce l\u00e9gale dans l&rsquo;Aube ?<\/h3>\n<p>Notre plateforme collabore en direct avec diff\u00e9rents quotidiens et hebdomadaires et propose d&rsquo;imprimer une publication l\u00e9gale au meilleurs prix.Vous pourrez \u00e9conomiser jusqu&rsquo;\u00e0 30% sur votre annonce l\u00e9gale.<\/p>\n","protected":false},"excerpt":{"rendered":"<p>&nbsp; Ce journal cr\u00e9\u00e9 en 1945 \u00e0 Troyes par des r\u00e9sistants du d\u00e9partement de l&rsquo;Aube propose des informations de la [&hellip;]<\/p>\n","protected":false},"author":1,"featured_media":0,"parent":351,"menu_order":0,"comment_status":"closed","ping_status":"closed","template":"","meta":{"inline_featured_image":false,"footnotes":""},"class_list":["post-500","page","type-page","status-publish","hentry"],"yoast_head":"<!-- This site is optimized with the Yoast SEO plugin v26.8 - https:\/\/yoast.com\/product\/yoast-seo-wordpress\/ -->\n<title>Lib\u00e9ration Champagne - Actualit\u00e9 des entreprises<\/title>\n<meta name=\"robots\" content=\"index, follow, max-snippet:-1, max-image-preview:large, max-video-preview:-1\" \/>\n<link rel=\"canonical\" href=\"https:\/\/www.annonces-legales.org\/blog\/liberation-champagne\/\" \/>\n<meta property=\"og:locale\" content=\"fr_FR\" \/>\n<meta property=\"og:type\" content=\"article\" \/>\n<meta property=\"og:title\" content=\"Lib\u00e9ration Champagne - Actualit\u00e9 des entreprises\" \/>\n<meta property=\"og:description\" content=\"&nbsp; Ce journal cr\u00e9\u00e9 en 1945 \u00e0 Troyes par des r\u00e9sistants du d\u00e9partement de l&rsquo;Aube propose des informations de la [&hellip;]\" \/>\n<meta property=\"og:url\" content=\"https:\/\/www.annonces-legales.org\/blog\/liberation-champagne\/\" \/>\n<meta property=\"og:site_name\" content=\"Actualit\u00e9 des entreprises\" \/>\n<meta property=\"article:modified_time\" content=\"2022-01-26T11:07:16+00:00\" \/>\n<meta property=\"og:image\" content=\"https:\/\/www.annonces-legales.org\/blog\/wp-content\/uploads\/2021\/09\/Liberation-Champagne.png\" \/>\n\t<meta property=\"og:image:width\" content=\"400\" \/>\n\t<meta property=\"og:image:height\" content=\"111\" \/>\n\t<meta property=\"og:image:type\" content=\"image\/png\" \/>\n<meta name=\"twitter:card\" content=\"summary_large_image\" \/>\n<meta name=\"twitter:label1\" content=\"Dur\u00e9e de lecture estim\u00e9e\" \/>\n\t<meta name=\"twitter:data1\" content=\"2 minutes\" \/>\n<script type=\"application\/ld+json\" class=\"yoast-schema-graph\">{\"@context\":\"https:\/\/schema.org\",\"@graph\":[{\"@type\":\"WebPage\",\"@id\":\"https:\/\/www.annonces-legales.org\/blog\/liberation-champagne\/\",\"url\":\"https:\/\/www.annonces-legales.org\/blog\/liberation-champagne\/\",\"name\":\"Lib\u00e9ration Champagne - Actualit\u00e9 des entreprises\",\"isPartOf\":{\"@id\":\"https:\/\/www.annonces-legales.org\/blog\/#website\"},\"primaryImageOfPage\":{\"@id\":\"https:\/\/www.annonces-legales.org\/blog\/liberation-champagne\/#primaryimage\"},\"image\":{\"@id\":\"https:\/\/www.annonces-legales.org\/blog\/liberation-champagne\/#primaryimage\"},\"thumbnailUrl\":\"https:\/\/www.annonces-legales.org\/blog\/wp-content\/uploads\/2021\/09\/Liberation-Champagne.png\",\"datePublished\":\"2021-09-01T20:16:29+00:00\",\"dateModified\":\"2022-01-26T11:07:16+00:00\",\"breadcrumb\":{\"@id\":\"https:\/\/www.annonces-legales.org\/blog\/liberation-champagne\/#breadcrumb\"},\"inLanguage\":\"fr-FR\",\"potentialAction\":[{\"@type\":\"ReadAction\",\"target\":[\"https:\/\/www.annonces-legales.org\/blog\/liberation-champagne\/\"]}]},{\"@type\":\"ImageObject\",\"inLanguage\":\"fr-FR\",\"@id\":\"https:\/\/www.annonces-legales.org\/blog\/liberation-champagne\/#primaryimage\",\"url\":\"https:\/\/www.annonces-legales.org\/blog\/wp-content\/uploads\/2021\/09\/Liberation-Champagne.png\",\"contentUrl\":\"https:\/\/www.annonces-legales.org\/blog\/wp-content\/uploads\/2021\/09\/Liberation-Champagne.png\",\"width\":400,\"height\":111},{\"@type\":\"BreadcrumbList\",\"@id\":\"https:\/\/www.annonces-legales.org\/blog\/liberation-champagne\/#breadcrumb\",\"itemListElement\":[{\"@type\":\"ListItem\",\"position\":1,\"name\":\"Accueil\",\"item\":\"https:\/\/www.annonces-legales.org\/blog\/\"},{\"@type\":\"ListItem\",\"position\":2,\"name\":\"Liste des journaux habilit\u00e9s \u00e0 publier des annonces l\u00e9gales\",\"item\":\"https:\/\/www.annonces-legales.org\/blog\/liste-des-journaux-habilites-a-publier-des-annonces-legales\/\"},{\"@type\":\"ListItem\",\"position\":3,\"name\":\"Lib\u00e9ration Champagne\"}]},{\"@type\":\"WebSite\",\"@id\":\"https:\/\/www.annonces-legales.org\/blog\/#website\",\"url\":\"https:\/\/www.annonces-legales.org\/blog\/\",\"name\":\"Actualit\u00e9 des entreprises\",\"description\":\"\",\"publisher\":{\"@id\":\"https:\/\/www.annonces-legales.org\/blog\/#organization\"},\"potentialAction\":[{\"@type\":\"SearchAction\",\"target\":{\"@type\":\"EntryPoint\",\"urlTemplate\":\"https:\/\/www.annonces-legales.org\/blog\/?s={search_term_string}\"},\"query-input\":{\"@type\":\"PropertyValueSpecification\",\"valueRequired\":true,\"valueName\":\"search_term_string\"}}],\"inLanguage\":\"fr-FR\"},{\"@type\":\"Organization\",\"@id\":\"https:\/\/www.annonces-legales.org\/blog\/#organization\",\"name\":\"Actualit\u00e9 des entreprises\",\"url\":\"https:\/\/www.annonces-legales.org\/blog\/\",\"logo\":{\"@type\":\"ImageObject\",\"inLanguage\":\"fr-FR\",\"@id\":\"https:\/\/www.annonces-legales.org\/blog\/#\/schema\/logo\/image\/\",\"url\":\"https:\/\/www.annonces-legales.org\/blog\/wp-content\/uploads\/2023\/08\/annonces-legales.svg\",\"contentUrl\":\"https:\/\/www.annonces-legales.org\/blog\/wp-content\/uploads\/2023\/08\/annonces-legales.svg\",\"caption\":\"Actualit\u00e9 des entreprises\"},\"image\":{\"@id\":\"https:\/\/www.annonces-legales.org\/blog\/#\/schema\/logo\/image\/\"}}]}<\/script>\n<!-- \/ Yoast SEO plugin. -->","yoast_head_json":{"title":"Lib\u00e9ration Champagne - Actualit\u00e9 des entreprises","robots":{"index":"index","follow":"follow","max-snippet":"max-snippet:-1","max-image-preview":"max-image-preview:large","max-video-preview":"max-video-preview:-1"},"canonical":"https:\/\/www.annonces-legales.org\/blog\/liberation-champagne\/","og_locale":"fr_FR","og_type":"article","og_title":"Lib\u00e9ration Champagne - Actualit\u00e9 des entreprises","og_description":"&nbsp; Ce journal cr\u00e9\u00e9 en 1945 \u00e0 Troyes par des r\u00e9sistants du d\u00e9partement de l&rsquo;Aube propose des informations de la [&hellip;]","og_url":"https:\/\/www.annonces-legales.org\/blog\/liberation-champagne\/","og_site_name":"Actualit\u00e9 des entreprises","article_modified_time":"2022-01-26T11:07:16+00:00","og_image":[{"width":400,"height":111,"url":"https:\/\/www.annonces-legales.org\/blog\/wp-content\/uploads\/2021\/09\/Liberation-Champagne.png","type":"image\/png"}],"twitter_card":"summary_large_image","twitter_misc":{"Dur\u00e9e de lecture estim\u00e9e":"2 minutes"},"schema":{"@context":"https:\/\/schema.org","@graph":[{"@type":"WebPage","@id":"https:\/\/www.annonces-legales.org\/blog\/liberation-champagne\/","url":"https:\/\/www.annonces-legales.org\/blog\/liberation-champagne\/","name":"Lib\u00e9ration Champagne - Actualit\u00e9 des entreprises","isPartOf":{"@id":"https:\/\/www.annonces-legales.org\/blog\/#website"},"primaryImageOfPage":{"@id":"https:\/\/www.annonces-legales.org\/blog\/liberation-champagne\/#primaryimage"},"image":{"@id":"https:\/\/www.annonces-legales.org\/blog\/liberation-champagne\/#primaryimage"},"thumbnailUrl":"https:\/\/www.annonces-legales.org\/blog\/wp-content\/uploads\/2021\/09\/Liberation-Champagne.png","datePublished":"2021-09-01T20:16:29+00:00","dateModified":"2022-01-26T11:07:16+00:00","breadcrumb":{"@id":"https:\/\/www.annonces-legales.org\/blog\/liberation-champagne\/#breadcrumb"},"inLanguage":"fr-FR","potentialAction":[{"@type":"ReadAction","target":["https:\/\/www.annonces-legales.org\/blog\/liberation-champagne\/"]}]},{"@type":"ImageObject","inLanguage":"fr-FR","@id":"https:\/\/www.annonces-legales.org\/blog\/liberation-champagne\/#primaryimage","url":"https:\/\/www.annonces-legales.org\/blog\/wp-content\/uploads\/2021\/09\/Liberation-Champagne.png","contentUrl":"https:\/\/www.annonces-legales.org\/blog\/wp-content\/uploads\/2021\/09\/Liberation-Champagne.png","width":400,"height":111},{"@type":"BreadcrumbList","@id":"https:\/\/www.annonces-legales.org\/blog\/liberation-champagne\/#breadcrumb","itemListElement":[{"@type":"ListItem","position":1,"name":"Accueil","item":"https:\/\/www.annonces-legales.org\/blog\/"},{"@type":"ListItem","position":2,"name":"Liste des journaux habilit\u00e9s \u00e0 publier des annonces l\u00e9gales","item":"https:\/\/www.annonces-legales.org\/blog\/liste-des-journaux-habilites-a-publier-des-annonces-legales\/"},{"@type":"ListItem","position":3,"name":"Lib\u00e9ration Champagne"}]},{"@type":"WebSite","@id":"https:\/\/www.annonces-legales.org\/blog\/#website","url":"https:\/\/www.annonces-legales.org\/blog\/","name":"Actualit\u00e9 des entreprises","description":"","publisher":{"@id":"https:\/\/www.annonces-legales.org\/blog\/#organization"},"potentialAction":[{"@type":"SearchAction","target":{"@type":"EntryPoint","urlTemplate":"https:\/\/www.annonces-legales.org\/blog\/?s={search_term_string}"},"query-input":{"@type":"PropertyValueSpecification","valueRequired":true,"valueName":"search_term_string"}}],"inLanguage":"fr-FR"},{"@type":"Organization","@id":"https:\/\/www.annonces-legales.org\/blog\/#organization","name":"Actualit\u00e9 des entreprises","url":"https:\/\/www.annonces-legales.org\/blog\/","logo":{"@type":"ImageObject","inLanguage":"fr-FR","@id":"https:\/\/www.annonces-legales.org\/blog\/#\/schema\/logo\/image\/","url":"https:\/\/www.annonces-legales.org\/blog\/wp-content\/uploads\/2023\/08\/annonces-legales.svg","contentUrl":"https:\/\/www.annonces-legales.org\/blog\/wp-content\/uploads\/2023\/08\/annonces-legales.svg","caption":"Actualit\u00e9 des entreprises"},"image":{"@id":"https:\/\/www.annonces-legales.org\/blog\/#\/schema\/logo\/image\/"}}]}},"_links":{"self":[{"href":"https:\/\/www.annonces-legales.org\/blog\/wp-json\/wp\/v2\/pages\/500","targetHints":{"allow":["GET"]}}],"collection":[{"href":"https:\/\/www.annonces-legales.org\/blog\/wp-json\/wp\/v2\/pages"}],"about":[{"href":"https:\/\/www.annonces-legales.org\/blog\/wp-json\/wp\/v2\/types\/page"}],"author":[{"embeddable":true,"href":"https:\/\/www.annonces-legales.org\/blog\/wp-json\/wp\/v2\/users\/1"}],"replies":[{"embeddable":true,"href":"https:\/\/www.annonces-legales.org\/blog\/wp-json\/wp\/v2\/comments?post=500"}],"version-history":[{"count":10,"href":"https:\/\/www.annonces-legales.org\/blog\/wp-json\/wp\/v2\/pages\/500\/revisions"}],"predecessor-version":[{"id":1396,"href":"https:\/\/www.annonces-legales.org\/blog\/wp-json\/wp\/v2\/pages\/500\/revisions\/1396"}],"up":[{"embeddable":true,"href":"https:\/\/www.annonces-legales.org\/blog\/wp-json\/wp\/v2\/pages\/351"}],"wp:attachment":[{"href":"https:\/\/www.annonces-legales.org\/blog\/wp-json\/wp\/v2\/media?parent=500"}],"curies":[{"name":"wp","href":"https:\/\/api.w.org\/{rel}","templated":true}]}}