{"id":508,"date":"2021-09-01T22:24:34","date_gmt":"2021-09-01T20:24:34","guid":{"rendered":"https:\/\/www.annonces-legales.org\/blog\/?page_id=508"},"modified":"2022-01-26T12:14:12","modified_gmt":"2022-01-26T11:14:12","slug":"revue-agricole-de-laube","status":"publish","type":"page","link":"https:\/\/www.annonces-legales.org\/blog\/revue-agricole-de-laube\/","title":{"rendered":"Revue Agricole de l&rsquo;Aube"},"content":{"rendered":"<h2><img loading=\"lazy\" decoding=\"async\" class=\"aligncenter size-full wp-image-509\" src=\"https:\/\/www.annonces-legales.org\/blog\/wp-content\/uploads\/2021\/09\/La-Revue-Agricole-de-lAube.png\" alt=\"\" width=\"343\" height=\"140\" srcset=\"https:\/\/www.annonces-legales.org\/blog\/wp-content\/uploads\/2021\/09\/La-Revue-Agricole-de-lAube.png 343w, https:\/\/www.annonces-legales.org\/blog\/wp-content\/uploads\/2021\/09\/La-Revue-Agricole-de-lAube-300x122.png 300w\" sizes=\"auto, (max-width: 343px) 100vw, 343px\" \/><\/h2>\n<p>&nbsp;<\/p>\n<h2>Hebdomadaire La Revue Agricole de l&rsquo;Aube<\/h2>\n<p>Cet hebdomadaire traite des <strong>actualit\u00e9s viticoles, rurale et agricole<\/strong> locale et r\u00e9gionale. Mais il donne aussi des informations nationales et internationales. Il est vendu environ 2,20 euros le num\u00e9ro et il est diffus\u00e9 \u00e0 plus de 2500 exemplaires chaque semaine. L&rsquo;abonnement pour un an co\u00fbte 132 \u20ac. Le journal est disponible en kiosque et sur le site web (revueagricole10.com) de l&rsquo;hebdomadaire tous les vendredis. Le directeur de la publication est Christophe Pron.<\/p>\n<p>C&rsquo;est un journal ind\u00e9pendant \u00e9dit\u00e9 par la SARL EDICA.<\/p>\n<p>Ce journal peut \u00eatre utilis\u00e9 pour effectuer des avis de constitution des annonces l\u00e9gales de modification pour les entreprises dont le si\u00e8ge social est situ\u00e9 dans le d\u00e9partement de l&rsquo;Aube 10. C&rsquo;est donc un journal d&rsquo;annonce l\u00e9gale habilit\u00e9 pour le d\u00e9partement de l&rsquo;Aube. Depuis 10 ans, il a publi\u00e9 plus de 6000 annonces l\u00e9gales.<\/p>\n<p>Adresse du journal : 2 bis rue Jeanne d&rsquo;Arc 10013 Troyes CEDEX<br \/>\nT\u00e9l\u00e9phone du journal : 03 25 82 62 25<\/p>\n<p>&nbsp;<\/p>\n<h2>Historique de l&rsquo;hebdomadaire<\/h2>\n<p>Fond\u00e9 en janvier 1902, le journal s&rsquo;appelait au d\u00e9part la revue agricole. Ce journal, adh\u00e9rent au syndicat national de la presse agricole et rurale, change de nom en 1928 et devient la revue agricole de l&rsquo;aube.<\/p>\n<p>&nbsp;<\/p>\n<h2>Quel quotidien s\u00e9lectionner pour mon annonce l\u00e9gale dans l&rsquo;Aube ?<\/h2>\n<p>L&rsquo;unique point \u00e0 analyser est l&rsquo;habilitation du journal et le prix qu&rsquo;il va proposer. Le site annonces-legales.org propose de publier sur diff\u00e9rents journaux pour proposer le meilleur tarif qui existe pour le d\u00e9partement 10.<\/p>\n","protected":false},"excerpt":{"rendered":"<p>&nbsp; Hebdomadaire La Revue Agricole de l&rsquo;Aube Cet hebdomadaire traite des actualit\u00e9s viticoles, rurale et agricole locale et r\u00e9gionale. Mais [&hellip;]<\/p>\n","protected":false},"author":1,"featured_media":0,"parent":351,"menu_order":0,"comment_status":"closed","ping_status":"closed","template":"","meta":{"inline_featured_image":false,"footnotes":""},"class_list":["post-508","page","type-page","status-publish","hentry"],"yoast_head":"<!-- This site is optimized with the Yoast SEO plugin v26.8 - https:\/\/yoast.com\/product\/yoast-seo-wordpress\/ -->\n<title>Revue Agricole de l&#039;Aube - Actualit\u00e9 des entreprises<\/title>\n<meta name=\"robots\" content=\"index, follow, max-snippet:-1, max-image-preview:large, max-video-preview:-1\" \/>\n<link rel=\"canonical\" href=\"https:\/\/www.annonces-legales.org\/blog\/revue-agricole-de-laube\/\" \/>\n<meta property=\"og:locale\" content=\"fr_FR\" \/>\n<meta property=\"og:type\" content=\"article\" \/>\n<meta property=\"og:title\" content=\"Revue Agricole de l&#039;Aube - Actualit\u00e9 des entreprises\" \/>\n<meta property=\"og:description\" content=\"&nbsp; Hebdomadaire La Revue Agricole de l&rsquo;Aube Cet hebdomadaire traite des actualit\u00e9s viticoles, rurale et agricole locale et r\u00e9gionale. Mais [&hellip;]\" \/>\n<meta property=\"og:url\" content=\"https:\/\/www.annonces-legales.org\/blog\/revue-agricole-de-laube\/\" \/>\n<meta property=\"og:site_name\" content=\"Actualit\u00e9 des entreprises\" \/>\n<meta property=\"article:modified_time\" content=\"2022-01-26T11:14:12+00:00\" \/>\n<meta property=\"og:image\" content=\"https:\/\/www.annonces-legales.org\/blog\/wp-content\/uploads\/2021\/09\/La-Revue-Agricole-de-lAube.png\" \/>\n\t<meta property=\"og:image:width\" content=\"343\" \/>\n\t<meta property=\"og:image:height\" content=\"140\" \/>\n\t<meta property=\"og:image:type\" content=\"image\/png\" \/>\n<meta name=\"twitter:card\" content=\"summary_large_image\" \/>\n<meta name=\"twitter:label1\" content=\"Dur\u00e9e de lecture estim\u00e9e\" \/>\n\t<meta name=\"twitter:data1\" content=\"1 minute\" \/>\n<script type=\"application\/ld+json\" class=\"yoast-schema-graph\">{\"@context\":\"https:\/\/schema.org\",\"@graph\":[{\"@type\":\"WebPage\",\"@id\":\"https:\/\/www.annonces-legales.org\/blog\/revue-agricole-de-laube\/\",\"url\":\"https:\/\/www.annonces-legales.org\/blog\/revue-agricole-de-laube\/\",\"name\":\"Revue Agricole de l'Aube - Actualit\u00e9 des entreprises\",\"isPartOf\":{\"@id\":\"https:\/\/www.annonces-legales.org\/blog\/#website\"},\"primaryImageOfPage\":{\"@id\":\"https:\/\/www.annonces-legales.org\/blog\/revue-agricole-de-laube\/#primaryimage\"},\"image\":{\"@id\":\"https:\/\/www.annonces-legales.org\/blog\/revue-agricole-de-laube\/#primaryimage\"},\"thumbnailUrl\":\"https:\/\/www.annonces-legales.org\/blog\/wp-content\/uploads\/2021\/09\/La-Revue-Agricole-de-lAube.png\",\"datePublished\":\"2021-09-01T20:24:34+00:00\",\"dateModified\":\"2022-01-26T11:14:12+00:00\",\"breadcrumb\":{\"@id\":\"https:\/\/www.annonces-legales.org\/blog\/revue-agricole-de-laube\/#breadcrumb\"},\"inLanguage\":\"fr-FR\",\"potentialAction\":[{\"@type\":\"ReadAction\",\"target\":[\"https:\/\/www.annonces-legales.org\/blog\/revue-agricole-de-laube\/\"]}]},{\"@type\":\"ImageObject\",\"inLanguage\":\"fr-FR\",\"@id\":\"https:\/\/www.annonces-legales.org\/blog\/revue-agricole-de-laube\/#primaryimage\",\"url\":\"https:\/\/www.annonces-legales.org\/blog\/wp-content\/uploads\/2021\/09\/La-Revue-Agricole-de-lAube.png\",\"contentUrl\":\"https:\/\/www.annonces-legales.org\/blog\/wp-content\/uploads\/2021\/09\/La-Revue-Agricole-de-lAube.png\",\"width\":343,\"height\":140},{\"@type\":\"BreadcrumbList\",\"@id\":\"https:\/\/www.annonces-legales.org\/blog\/revue-agricole-de-laube\/#breadcrumb\",\"itemListElement\":[{\"@type\":\"ListItem\",\"position\":1,\"name\":\"Accueil\",\"item\":\"https:\/\/www.annonces-legales.org\/blog\/\"},{\"@type\":\"ListItem\",\"position\":2,\"name\":\"Liste des journaux habilit\u00e9s \u00e0 publier des annonces l\u00e9gales\",\"item\":\"https:\/\/www.annonces-legales.org\/blog\/liste-des-journaux-habilites-a-publier-des-annonces-legales\/\"},{\"@type\":\"ListItem\",\"position\":3,\"name\":\"Revue Agricole de l&rsquo;Aube\"}]},{\"@type\":\"WebSite\",\"@id\":\"https:\/\/www.annonces-legales.org\/blog\/#website\",\"url\":\"https:\/\/www.annonces-legales.org\/blog\/\",\"name\":\"Actualit\u00e9 des entreprises\",\"description\":\"\",\"publisher\":{\"@id\":\"https:\/\/www.annonces-legales.org\/blog\/#organization\"},\"potentialAction\":[{\"@type\":\"SearchAction\",\"target\":{\"@type\":\"EntryPoint\",\"urlTemplate\":\"https:\/\/www.annonces-legales.org\/blog\/?s={search_term_string}\"},\"query-input\":{\"@type\":\"PropertyValueSpecification\",\"valueRequired\":true,\"valueName\":\"search_term_string\"}}],\"inLanguage\":\"fr-FR\"},{\"@type\":\"Organization\",\"@id\":\"https:\/\/www.annonces-legales.org\/blog\/#organization\",\"name\":\"Actualit\u00e9 des entreprises\",\"url\":\"https:\/\/www.annonces-legales.org\/blog\/\",\"logo\":{\"@type\":\"ImageObject\",\"inLanguage\":\"fr-FR\",\"@id\":\"https:\/\/www.annonces-legales.org\/blog\/#\/schema\/logo\/image\/\",\"url\":\"https:\/\/www.annonces-legales.org\/blog\/wp-content\/uploads\/2023\/08\/annonces-legales.svg\",\"contentUrl\":\"https:\/\/www.annonces-legales.org\/blog\/wp-content\/uploads\/2023\/08\/annonces-legales.svg\",\"caption\":\"Actualit\u00e9 des entreprises\"},\"image\":{\"@id\":\"https:\/\/www.annonces-legales.org\/blog\/#\/schema\/logo\/image\/\"}}]}<\/script>\n<!-- \/ Yoast SEO plugin. -->","yoast_head_json":{"title":"Revue Agricole de l'Aube - Actualit\u00e9 des entreprises","robots":{"index":"index","follow":"follow","max-snippet":"max-snippet:-1","max-image-preview":"max-image-preview:large","max-video-preview":"max-video-preview:-1"},"canonical":"https:\/\/www.annonces-legales.org\/blog\/revue-agricole-de-laube\/","og_locale":"fr_FR","og_type":"article","og_title":"Revue Agricole de l'Aube - Actualit\u00e9 des entreprises","og_description":"&nbsp; Hebdomadaire La Revue Agricole de l&rsquo;Aube Cet hebdomadaire traite des actualit\u00e9s viticoles, rurale et agricole locale et r\u00e9gionale. Mais [&hellip;]","og_url":"https:\/\/www.annonces-legales.org\/blog\/revue-agricole-de-laube\/","og_site_name":"Actualit\u00e9 des entreprises","article_modified_time":"2022-01-26T11:14:12+00:00","og_image":[{"width":343,"height":140,"url":"https:\/\/www.annonces-legales.org\/blog\/wp-content\/uploads\/2021\/09\/La-Revue-Agricole-de-lAube.png","type":"image\/png"}],"twitter_card":"summary_large_image","twitter_misc":{"Dur\u00e9e de lecture estim\u00e9e":"1 minute"},"schema":{"@context":"https:\/\/schema.org","@graph":[{"@type":"WebPage","@id":"https:\/\/www.annonces-legales.org\/blog\/revue-agricole-de-laube\/","url":"https:\/\/www.annonces-legales.org\/blog\/revue-agricole-de-laube\/","name":"Revue Agricole de l'Aube - Actualit\u00e9 des entreprises","isPartOf":{"@id":"https:\/\/www.annonces-legales.org\/blog\/#website"},"primaryImageOfPage":{"@id":"https:\/\/www.annonces-legales.org\/blog\/revue-agricole-de-laube\/#primaryimage"},"image":{"@id":"https:\/\/www.annonces-legales.org\/blog\/revue-agricole-de-laube\/#primaryimage"},"thumbnailUrl":"https:\/\/www.annonces-legales.org\/blog\/wp-content\/uploads\/2021\/09\/La-Revue-Agricole-de-lAube.png","datePublished":"2021-09-01T20:24:34+00:00","dateModified":"2022-01-26T11:14:12+00:00","breadcrumb":{"@id":"https:\/\/www.annonces-legales.org\/blog\/revue-agricole-de-laube\/#breadcrumb"},"inLanguage":"fr-FR","potentialAction":[{"@type":"ReadAction","target":["https:\/\/www.annonces-legales.org\/blog\/revue-agricole-de-laube\/"]}]},{"@type":"ImageObject","inLanguage":"fr-FR","@id":"https:\/\/www.annonces-legales.org\/blog\/revue-agricole-de-laube\/#primaryimage","url":"https:\/\/www.annonces-legales.org\/blog\/wp-content\/uploads\/2021\/09\/La-Revue-Agricole-de-lAube.png","contentUrl":"https:\/\/www.annonces-legales.org\/blog\/wp-content\/uploads\/2021\/09\/La-Revue-Agricole-de-lAube.png","width":343,"height":140},{"@type":"BreadcrumbList","@id":"https:\/\/www.annonces-legales.org\/blog\/revue-agricole-de-laube\/#breadcrumb","itemListElement":[{"@type":"ListItem","position":1,"name":"Accueil","item":"https:\/\/www.annonces-legales.org\/blog\/"},{"@type":"ListItem","position":2,"name":"Liste des journaux habilit\u00e9s \u00e0 publier des annonces l\u00e9gales","item":"https:\/\/www.annonces-legales.org\/blog\/liste-des-journaux-habilites-a-publier-des-annonces-legales\/"},{"@type":"ListItem","position":3,"name":"Revue Agricole de l&rsquo;Aube"}]},{"@type":"WebSite","@id":"https:\/\/www.annonces-legales.org\/blog\/#website","url":"https:\/\/www.annonces-legales.org\/blog\/","name":"Actualit\u00e9 des entreprises","description":"","publisher":{"@id":"https:\/\/www.annonces-legales.org\/blog\/#organization"},"potentialAction":[{"@type":"SearchAction","target":{"@type":"EntryPoint","urlTemplate":"https:\/\/www.annonces-legales.org\/blog\/?s={search_term_string}"},"query-input":{"@type":"PropertyValueSpecification","valueRequired":true,"valueName":"search_term_string"}}],"inLanguage":"fr-FR"},{"@type":"Organization","@id":"https:\/\/www.annonces-legales.org\/blog\/#organization","name":"Actualit\u00e9 des entreprises","url":"https:\/\/www.annonces-legales.org\/blog\/","logo":{"@type":"ImageObject","inLanguage":"fr-FR","@id":"https:\/\/www.annonces-legales.org\/blog\/#\/schema\/logo\/image\/","url":"https:\/\/www.annonces-legales.org\/blog\/wp-content\/uploads\/2023\/08\/annonces-legales.svg","contentUrl":"https:\/\/www.annonces-legales.org\/blog\/wp-content\/uploads\/2023\/08\/annonces-legales.svg","caption":"Actualit\u00e9 des entreprises"},"image":{"@id":"https:\/\/www.annonces-legales.org\/blog\/#\/schema\/logo\/image\/"}}]}},"_links":{"self":[{"href":"https:\/\/www.annonces-legales.org\/blog\/wp-json\/wp\/v2\/pages\/508","targetHints":{"allow":["GET"]}}],"collection":[{"href":"https:\/\/www.annonces-legales.org\/blog\/wp-json\/wp\/v2\/pages"}],"about":[{"href":"https:\/\/www.annonces-legales.org\/blog\/wp-json\/wp\/v2\/types\/page"}],"author":[{"embeddable":true,"href":"https:\/\/www.annonces-legales.org\/blog\/wp-json\/wp\/v2\/users\/1"}],"replies":[{"embeddable":true,"href":"https:\/\/www.annonces-legales.org\/blog\/wp-json\/wp\/v2\/comments?post=508"}],"version-history":[{"count":2,"href":"https:\/\/www.annonces-legales.org\/blog\/wp-json\/wp\/v2\/pages\/508\/revisions"}],"predecessor-version":[{"id":511,"href":"https:\/\/www.annonces-legales.org\/blog\/wp-json\/wp\/v2\/pages\/508\/revisions\/511"}],"up":[{"embeddable":true,"href":"https:\/\/www.annonces-legales.org\/blog\/wp-json\/wp\/v2\/pages\/351"}],"wp:attachment":[{"href":"https:\/\/www.annonces-legales.org\/blog\/wp-json\/wp\/v2\/media?parent=508"}],"curies":[{"name":"wp","href":"https:\/\/api.w.org\/{rel}","templated":true}]}}