{"id":521,"date":"2021-09-01T22:40:06","date_gmt":"2021-09-01T20:40:06","guid":{"rendered":"https:\/\/www.annonces-legales.org\/blog\/?page_id=521"},"modified":"2022-01-26T12:03:46","modified_gmt":"2022-01-26T11:03:46","slug":"journal-de-millau","status":"publish","type":"page","link":"https:\/\/www.annonces-legales.org\/blog\/journal-de-millau\/","title":{"rendered":"Le Journal de Millau"},"content":{"rendered":"<p><img loading=\"lazy\" decoding=\"async\" class=\"aligncenter size-full wp-image-522\" src=\"https:\/\/www.annonces-legales.org\/blog\/wp-content\/uploads\/2021\/09\/Journal-de-Millau.png\" alt=\"\" width=\"270\" height=\"270\" srcset=\"https:\/\/www.annonces-legales.org\/blog\/wp-content\/uploads\/2021\/09\/Journal-de-Millau.png 270w, https:\/\/www.annonces-legales.org\/blog\/wp-content\/uploads\/2021\/09\/Journal-de-Millau-150x150.png 150w\" sizes=\"auto, (max-width: 270px) 100vw, 270px\" \/><\/p>\n<p>&nbsp;<\/p>\n<p>Vendu 1,70 \u20ac, le <strong>journal de Millau<\/strong> para\u00eet tous les jeudis depuis plus de 76 ans. Le journal de Millau propose des actualit\u00e9s locales sur la culture et les loisirs, des pages sur le sport mais aussi des portraits des personnalit\u00e9s de la r\u00e9gion. Il est achet\u00e9 chaque semaine par plus de 5000 personnes.<\/p>\n<p>&nbsp;<\/p>\n<h2>Le Journal de Millau, journal d&rsquo;annonces l\u00e9gales<\/h2>\n<p>La <strong>pr\u00e9fecture de l&rsquo;Aveyron<\/strong> a donn\u00e9 une habilitation \u00e0 ce journal pour qu&rsquo;il puisse ins\u00e9rer des annonces l\u00e9gales. Pour publier une annonce l\u00e9gale de changement ou un avis de constitution pour une soci\u00e9t\u00e9 situ\u00e9e dans l&rsquo;Aveyron, il est donc possible de se servir de ce journal. Le journal de Millau publie en moyenne quatre \u00e0 six annonces l\u00e9gales par semaine.<\/p>\n<p>&nbsp;<\/p>\n<h2>En savoir d&rsquo;avantage sur Le Journal de Millau<\/h2>\n<p>C&rsquo;est un journal du groupe multim\u00e9dia fran\u00e7ais \u00ab les journaux du Midi \u00bb. Ce groupe de presse poss\u00e8de entre autres Midi Libre, l&rsquo;ind\u00e9pendant, ou encore l&rsquo;Aveyronnais.<\/p>\n<p>L&rsquo;adresse du journal et 8, Place du Mandarous 12100 Millau CEDEX. Son t\u00e9l\u00e9phone est 05 65 60 42 33.<\/p>\n<h2>journaldemillau.fr<\/h2>\n<p><img loading=\"lazy\" decoding=\"async\" class=\"aligncenter size-full wp-image-1344\" src=\"https:\/\/www.annonces-legales.org\/blog\/wp-content\/uploads\/2021\/10\/journal-de-millau-site-web.jpg\" alt=\"\" width=\"700\" height=\"751\" srcset=\"https:\/\/www.annonces-legales.org\/blog\/wp-content\/uploads\/2021\/10\/journal-de-millau-site-web.jpg 700w, https:\/\/www.annonces-legales.org\/blog\/wp-content\/uploads\/2021\/10\/journal-de-millau-site-web-280x300.jpg 280w\" sizes=\"auto, (max-width: 700px) 100vw, 700px\" \/><\/p>\n<p>L\u2019URL du journal est <strong>journaldemillau.fr<\/strong>.<\/p>\n<p>Le journal poss\u00e8de un site internet que l&rsquo;on peut visiter pour y consulter les derni\u00e8res actualit\u00e9s de Millau et de sa r\u00e9gion. Seuls les abonn\u00e9s au Journal de Millau peuvent lire les articles du journal.\u00a0 Des actualit\u00e9s sous forme de \u00ab\u00a0br\u00e8ves\u00a0\u00bb sont disponibles pour les non abonn\u00e9s.<br \/>\nIl est \u00e9galement possible de voir la une du journal ou de s&rsquo;y abonner.<\/p>\n<p>&nbsp;<\/p>\n<h2>Quels sont les conditions pour qu&rsquo;un journal comme le Journal de Millau obtienne le droit de publier des annonces l\u00e9gales ?<\/h2>\n<p>Seuls les quotidiens avec une \u00e9dition nationale peuvent publier une annonce l\u00e9gale et judiciaire dans l&rsquo;int\u00e9gralit\u00e9 des d\u00e9partements (bien \u00e9videmment, dans le cas o\u00f9 ils ont l&rsquo;homologation pour chaque d\u00e9partement).<\/p>\n<p>Pour les journaux locaux comme le <strong>Journal de Millau<\/strong>, il faut une seule autorisation, celle de la pr\u00e9fecture du d\u00e9partement de l\u2019Aveyron.<\/p>\n<p>C&rsquo;est une commission annuelle \u00e9tablie par la pr\u00e9fecture Aveyronnaise qui donne la certification aux hebdomadaires. La commission v\u00e9rifie plusieurs crit\u00e8res. Entre autre, le nombre d&rsquo;exemplaire du journal qui est vendu.<\/p>\n<p>&nbsp;<\/p>\n<h2>Une annonce l\u00e9gale et judiciaire \u00e0 faire diffuser dans le d\u00e9partement de l&rsquo;Aveyron pour votre entreprise ?<\/h2>\n<p>Notre plateforme Annonces-legales.org fournit une prestation de qualit\u00e9, sans frais cach\u00e9s et \u00e0 un co\u00fbt abordable pour effectuer une annonce officielle en quelques minutes.<\/p>\n<p>N&rsquo;attendez pas, obtenez un devis imm\u00e9diat et sans inscription.<\/p>\n<br\/><br\/><div class=\"entry-content notopmargin\">\n\t<img decoding=\"async\" class=\"img-fluid fleft\" src=\"https:\/\/www.annonces-legales.org\/images\/rapide-economique-tout-departement.png\" alt=\"Journal d'annonce l\u00e9gale du 12 \"><a href=\"https:\/\/www.annonces-legales.org\/publication-annonce-legale.html\" class=\"button button-desc fright mtop30\"><div>Je publie<br> mon annonce<br> l\u00e9gale<\/div><span>dans un journal du 12 !<\/span><\/a>\n<\/div><div class=\"clrbth\"><\/div><br\/><br\/>\n<p>&nbsp;<\/p>\n","protected":false},"excerpt":{"rendered":"<p>&nbsp; Vendu 1,70 \u20ac, le journal de Millau para\u00eet tous les jeudis depuis plus de 76 ans. Le journal de [&hellip;]<\/p>\n","protected":false},"author":1,"featured_media":0,"parent":351,"menu_order":0,"comment_status":"closed","ping_status":"closed","template":"","meta":{"inline_featured_image":false,"footnotes":""},"class_list":["post-521","page","type-page","status-publish","hentry"],"yoast_head":"<!-- This site is optimized with the Yoast SEO plugin v26.8 - https:\/\/yoast.com\/product\/yoast-seo-wordpress\/ -->\n<title>Le Journal de Millau - Actualit\u00e9 des entreprises<\/title>\n<meta name=\"robots\" content=\"index, follow, max-snippet:-1, max-image-preview:large, max-video-preview:-1\" \/>\n<link rel=\"canonical\" href=\"https:\/\/www.annonces-legales.org\/blog\/journal-de-millau\/\" \/>\n<meta property=\"og:locale\" content=\"fr_FR\" \/>\n<meta property=\"og:type\" content=\"article\" \/>\n<meta property=\"og:title\" content=\"Le Journal de Millau - Actualit\u00e9 des entreprises\" \/>\n<meta property=\"og:description\" content=\"&nbsp; Vendu 1,70 \u20ac, le journal de Millau para\u00eet tous les jeudis depuis plus de 76 ans. Le journal de [&hellip;]\" \/>\n<meta property=\"og:url\" content=\"https:\/\/www.annonces-legales.org\/blog\/journal-de-millau\/\" \/>\n<meta property=\"og:site_name\" content=\"Actualit\u00e9 des entreprises\" \/>\n<meta property=\"article:modified_time\" content=\"2022-01-26T11:03:46+00:00\" \/>\n<meta property=\"og:image\" content=\"https:\/\/www.annonces-legales.org\/blog\/wp-content\/uploads\/2021\/09\/Journal-de-Millau.png\" \/>\n\t<meta property=\"og:image:width\" content=\"270\" \/>\n\t<meta property=\"og:image:height\" content=\"270\" \/>\n\t<meta property=\"og:image:type\" content=\"image\/png\" \/>\n<meta name=\"twitter:card\" content=\"summary_large_image\" \/>\n<meta name=\"twitter:label1\" content=\"Dur\u00e9e de lecture estim\u00e9e\" \/>\n\t<meta name=\"twitter:data1\" content=\"2 minutes\" \/>\n<script type=\"application\/ld+json\" class=\"yoast-schema-graph\">{\"@context\":\"https:\/\/schema.org\",\"@graph\":[{\"@type\":\"WebPage\",\"@id\":\"https:\/\/www.annonces-legales.org\/blog\/journal-de-millau\/\",\"url\":\"https:\/\/www.annonces-legales.org\/blog\/journal-de-millau\/\",\"name\":\"Le Journal de Millau - Actualit\u00e9 des entreprises\",\"isPartOf\":{\"@id\":\"https:\/\/www.annonces-legales.org\/blog\/#website\"},\"primaryImageOfPage\":{\"@id\":\"https:\/\/www.annonces-legales.org\/blog\/journal-de-millau\/#primaryimage\"},\"image\":{\"@id\":\"https:\/\/www.annonces-legales.org\/blog\/journal-de-millau\/#primaryimage\"},\"thumbnailUrl\":\"https:\/\/www.annonces-legales.org\/blog\/wp-content\/uploads\/2021\/09\/Journal-de-Millau.png\",\"datePublished\":\"2021-09-01T20:40:06+00:00\",\"dateModified\":\"2022-01-26T11:03:46+00:00\",\"breadcrumb\":{\"@id\":\"https:\/\/www.annonces-legales.org\/blog\/journal-de-millau\/#breadcrumb\"},\"inLanguage\":\"fr-FR\",\"potentialAction\":[{\"@type\":\"ReadAction\",\"target\":[\"https:\/\/www.annonces-legales.org\/blog\/journal-de-millau\/\"]}]},{\"@type\":\"ImageObject\",\"inLanguage\":\"fr-FR\",\"@id\":\"https:\/\/www.annonces-legales.org\/blog\/journal-de-millau\/#primaryimage\",\"url\":\"https:\/\/www.annonces-legales.org\/blog\/wp-content\/uploads\/2021\/09\/Journal-de-Millau.png\",\"contentUrl\":\"https:\/\/www.annonces-legales.org\/blog\/wp-content\/uploads\/2021\/09\/Journal-de-Millau.png\",\"width\":270,\"height\":270},{\"@type\":\"BreadcrumbList\",\"@id\":\"https:\/\/www.annonces-legales.org\/blog\/journal-de-millau\/#breadcrumb\",\"itemListElement\":[{\"@type\":\"ListItem\",\"position\":1,\"name\":\"Accueil\",\"item\":\"https:\/\/www.annonces-legales.org\/blog\/\"},{\"@type\":\"ListItem\",\"position\":2,\"name\":\"Liste des journaux habilit\u00e9s \u00e0 publier des annonces l\u00e9gales\",\"item\":\"https:\/\/www.annonces-legales.org\/blog\/liste-des-journaux-habilites-a-publier-des-annonces-legales\/\"},{\"@type\":\"ListItem\",\"position\":3,\"name\":\"Le Journal de Millau\"}]},{\"@type\":\"WebSite\",\"@id\":\"https:\/\/www.annonces-legales.org\/blog\/#website\",\"url\":\"https:\/\/www.annonces-legales.org\/blog\/\",\"name\":\"Actualit\u00e9 des entreprises\",\"description\":\"\",\"publisher\":{\"@id\":\"https:\/\/www.annonces-legales.org\/blog\/#organization\"},\"potentialAction\":[{\"@type\":\"SearchAction\",\"target\":{\"@type\":\"EntryPoint\",\"urlTemplate\":\"https:\/\/www.annonces-legales.org\/blog\/?s={search_term_string}\"},\"query-input\":{\"@type\":\"PropertyValueSpecification\",\"valueRequired\":true,\"valueName\":\"search_term_string\"}}],\"inLanguage\":\"fr-FR\"},{\"@type\":\"Organization\",\"@id\":\"https:\/\/www.annonces-legales.org\/blog\/#organization\",\"name\":\"Actualit\u00e9 des entreprises\",\"url\":\"https:\/\/www.annonces-legales.org\/blog\/\",\"logo\":{\"@type\":\"ImageObject\",\"inLanguage\":\"fr-FR\",\"@id\":\"https:\/\/www.annonces-legales.org\/blog\/#\/schema\/logo\/image\/\",\"url\":\"https:\/\/www.annonces-legales.org\/blog\/wp-content\/uploads\/2023\/08\/annonces-legales.svg\",\"contentUrl\":\"https:\/\/www.annonces-legales.org\/blog\/wp-content\/uploads\/2023\/08\/annonces-legales.svg\",\"caption\":\"Actualit\u00e9 des entreprises\"},\"image\":{\"@id\":\"https:\/\/www.annonces-legales.org\/blog\/#\/schema\/logo\/image\/\"}}]}<\/script>\n<!-- \/ Yoast SEO plugin. -->","yoast_head_json":{"title":"Le Journal de Millau - Actualit\u00e9 des entreprises","robots":{"index":"index","follow":"follow","max-snippet":"max-snippet:-1","max-image-preview":"max-image-preview:large","max-video-preview":"max-video-preview:-1"},"canonical":"https:\/\/www.annonces-legales.org\/blog\/journal-de-millau\/","og_locale":"fr_FR","og_type":"article","og_title":"Le Journal de Millau - Actualit\u00e9 des entreprises","og_description":"&nbsp; Vendu 1,70 \u20ac, le journal de Millau para\u00eet tous les jeudis depuis plus de 76 ans. Le journal de [&hellip;]","og_url":"https:\/\/www.annonces-legales.org\/blog\/journal-de-millau\/","og_site_name":"Actualit\u00e9 des entreprises","article_modified_time":"2022-01-26T11:03:46+00:00","og_image":[{"width":270,"height":270,"url":"https:\/\/www.annonces-legales.org\/blog\/wp-content\/uploads\/2021\/09\/Journal-de-Millau.png","type":"image\/png"}],"twitter_card":"summary_large_image","twitter_misc":{"Dur\u00e9e de lecture estim\u00e9e":"2 minutes"},"schema":{"@context":"https:\/\/schema.org","@graph":[{"@type":"WebPage","@id":"https:\/\/www.annonces-legales.org\/blog\/journal-de-millau\/","url":"https:\/\/www.annonces-legales.org\/blog\/journal-de-millau\/","name":"Le Journal de Millau - Actualit\u00e9 des entreprises","isPartOf":{"@id":"https:\/\/www.annonces-legales.org\/blog\/#website"},"primaryImageOfPage":{"@id":"https:\/\/www.annonces-legales.org\/blog\/journal-de-millau\/#primaryimage"},"image":{"@id":"https:\/\/www.annonces-legales.org\/blog\/journal-de-millau\/#primaryimage"},"thumbnailUrl":"https:\/\/www.annonces-legales.org\/blog\/wp-content\/uploads\/2021\/09\/Journal-de-Millau.png","datePublished":"2021-09-01T20:40:06+00:00","dateModified":"2022-01-26T11:03:46+00:00","breadcrumb":{"@id":"https:\/\/www.annonces-legales.org\/blog\/journal-de-millau\/#breadcrumb"},"inLanguage":"fr-FR","potentialAction":[{"@type":"ReadAction","target":["https:\/\/www.annonces-legales.org\/blog\/journal-de-millau\/"]}]},{"@type":"ImageObject","inLanguage":"fr-FR","@id":"https:\/\/www.annonces-legales.org\/blog\/journal-de-millau\/#primaryimage","url":"https:\/\/www.annonces-legales.org\/blog\/wp-content\/uploads\/2021\/09\/Journal-de-Millau.png","contentUrl":"https:\/\/www.annonces-legales.org\/blog\/wp-content\/uploads\/2021\/09\/Journal-de-Millau.png","width":270,"height":270},{"@type":"BreadcrumbList","@id":"https:\/\/www.annonces-legales.org\/blog\/journal-de-millau\/#breadcrumb","itemListElement":[{"@type":"ListItem","position":1,"name":"Accueil","item":"https:\/\/www.annonces-legales.org\/blog\/"},{"@type":"ListItem","position":2,"name":"Liste des journaux habilit\u00e9s \u00e0 publier des annonces l\u00e9gales","item":"https:\/\/www.annonces-legales.org\/blog\/liste-des-journaux-habilites-a-publier-des-annonces-legales\/"},{"@type":"ListItem","position":3,"name":"Le Journal de Millau"}]},{"@type":"WebSite","@id":"https:\/\/www.annonces-legales.org\/blog\/#website","url":"https:\/\/www.annonces-legales.org\/blog\/","name":"Actualit\u00e9 des entreprises","description":"","publisher":{"@id":"https:\/\/www.annonces-legales.org\/blog\/#organization"},"potentialAction":[{"@type":"SearchAction","target":{"@type":"EntryPoint","urlTemplate":"https:\/\/www.annonces-legales.org\/blog\/?s={search_term_string}"},"query-input":{"@type":"PropertyValueSpecification","valueRequired":true,"valueName":"search_term_string"}}],"inLanguage":"fr-FR"},{"@type":"Organization","@id":"https:\/\/www.annonces-legales.org\/blog\/#organization","name":"Actualit\u00e9 des entreprises","url":"https:\/\/www.annonces-legales.org\/blog\/","logo":{"@type":"ImageObject","inLanguage":"fr-FR","@id":"https:\/\/www.annonces-legales.org\/blog\/#\/schema\/logo\/image\/","url":"https:\/\/www.annonces-legales.org\/blog\/wp-content\/uploads\/2023\/08\/annonces-legales.svg","contentUrl":"https:\/\/www.annonces-legales.org\/blog\/wp-content\/uploads\/2023\/08\/annonces-legales.svg","caption":"Actualit\u00e9 des entreprises"},"image":{"@id":"https:\/\/www.annonces-legales.org\/blog\/#\/schema\/logo\/image\/"}}]}},"_links":{"self":[{"href":"https:\/\/www.annonces-legales.org\/blog\/wp-json\/wp\/v2\/pages\/521","targetHints":{"allow":["GET"]}}],"collection":[{"href":"https:\/\/www.annonces-legales.org\/blog\/wp-json\/wp\/v2\/pages"}],"about":[{"href":"https:\/\/www.annonces-legales.org\/blog\/wp-json\/wp\/v2\/types\/page"}],"author":[{"embeddable":true,"href":"https:\/\/www.annonces-legales.org\/blog\/wp-json\/wp\/v2\/users\/1"}],"replies":[{"embeddable":true,"href":"https:\/\/www.annonces-legales.org\/blog\/wp-json\/wp\/v2\/comments?post=521"}],"version-history":[{"count":4,"href":"https:\/\/www.annonces-legales.org\/blog\/wp-json\/wp\/v2\/pages\/521\/revisions"}],"predecessor-version":[{"id":1345,"href":"https:\/\/www.annonces-legales.org\/blog\/wp-json\/wp\/v2\/pages\/521\/revisions\/1345"}],"up":[{"embeddable":true,"href":"https:\/\/www.annonces-legales.org\/blog\/wp-json\/wp\/v2\/pages\/351"}],"wp:attachment":[{"href":"https:\/\/www.annonces-legales.org\/blog\/wp-json\/wp\/v2\/media?parent=521"}],"curies":[{"name":"wp","href":"https:\/\/api.w.org\/{rel}","templated":true}]}}