{"id":530,"date":"2021-09-01T22:45:34","date_gmt":"2021-09-01T20:45:34","guid":{"rendered":"https:\/\/www.annonces-legales.org\/blog\/?page_id=530"},"modified":"2022-01-26T12:10:42","modified_gmt":"2022-01-26T11:10:42","slug":"paysan-du-midi","status":"publish","type":"page","link":"https:\/\/www.annonces-legales.org\/blog\/paysan-du-midi\/","title":{"rendered":"Paysan du Midi"},"content":{"rendered":"<p><img loading=\"lazy\" decoding=\"async\" class=\"aligncenter size-full wp-image-531\" src=\"https:\/\/www.annonces-legales.org\/blog\/wp-content\/uploads\/2021\/09\/Paysan-du-Midi.png\" alt=\"\" width=\"400\" height=\"126\" srcset=\"https:\/\/www.annonces-legales.org\/blog\/wp-content\/uploads\/2021\/09\/Paysan-du-Midi.png 400w, https:\/\/www.annonces-legales.org\/blog\/wp-content\/uploads\/2021\/09\/Paysan-du-Midi-300x95.png 300w\" sizes=\"auto, (max-width: 400px) 100vw, 400px\" \/><\/p>\n<p>Le journal hebdomadaire <strong>Paysan du Midi<\/strong> diffuse des informations sur l&rsquo;agriculture et l&rsquo;\u00e9levage. Son sous-titre est : \u00ab\u00a0l&rsquo;hebdo des agricultures m\u00e9diterran\u00e9ennes\u00a0\u00bb. Il est disponible dans tous les kiosques du Var, de l&rsquo;Aude, du Gard et de l&rsquo;H\u00e9rault. Ses lecteurs sont principalement des paysans et des agriculteurs. Il est vendu \u00e0 plus de 2500 exemplaires tous les vendredis. Il propose la publication de petites annonces locales.<\/p>\n<p>L&rsquo;hebdomadaire Paysan du Midi a obtenu le droit de <strong>publier des annonces l\u00e9gales pour les d\u00e9partements<\/strong> du Var, de l&rsquo;Aude, du Gard et de l&rsquo;H\u00e9rault. Ce journal peut, bien entendu, effectuer \u00e9galement des avis de constitution de cr\u00e9ation de soci\u00e9t\u00e9. Chaque semaine, plus de 20 annonces l\u00e9gales officielles sont publi\u00e9es dans les pages de ce journal.<\/p>\n<p>Ce journal est adh\u00e9rent au syndicat national de la presse agricole et rurale. C&rsquo;est un journal du groupe de presse R\u00e9ussir. La r\u00e9dactrice en chef du journal et Magali Sagnes.<br \/>\nLe journal est situ\u00e9 50, Rue Henri Farman \u00e0 Saint-Jean de Vedas 34434. Pour contacter le journal : 04 67 07 03 67 ou formulaire de contact sur le site internet: paysandumidi.fr<\/p>\n<p>&nbsp;<\/p>\n<br\/><br\/><div class=\"entry-content notopmargin\">\n\t<img decoding=\"async\" class=\"img-fluid fleft\" src=\"https:\/\/www.annonces-legales.org\/images\/rapide-economique-tout-departement.png\" alt=\"Journal d'annonce l\u00e9gale  JAL \"><a href=\"https:\/\/www.annonces-legales.org\/publication-annonce-legale.html\" class=\"button button-desc fright mtop30\"><div>Je publie<br> mon annonce<br> l\u00e9gale<\/div><span>dans un journal  JAL !<\/span><\/a>\n<\/div><div class=\"clrbth\"><\/div><br\/><br\/>\n<h2><\/h2>\n<h2>Publier une annonce l\u00e9gale avec le Paysan du Midi<\/h2>\n<p>Le Paysan du midi est un journal officiel pour 4 d\u00e9partements car il propose un nombre important d&rsquo;actualit\u00e9 local de la r\u00e9gion Occitane et du d\u00e9partement du Var :<\/p>\n<ul>\n<li>Le Var (83)<\/li>\n<li>L&rsquo;Aude (11)<\/li>\n<li>Le Gard (30)<\/li>\n<li>L&rsquo;H\u00e9rault (34)<\/li>\n<\/ul>\n<p>Il peut d\u00e9poser toute sorte d&rsquo;annonces officielles pour les personnes physiques et les personnes morales de ces d\u00e9partements.<\/p>\n","protected":false},"excerpt":{"rendered":"<p>Le journal hebdomadaire Paysan du Midi diffuse des informations sur l&rsquo;agriculture et l&rsquo;\u00e9levage. Son sous-titre est : \u00ab\u00a0l&rsquo;hebdo des agricultures [&hellip;]<\/p>\n","protected":false},"author":1,"featured_media":0,"parent":351,"menu_order":0,"comment_status":"closed","ping_status":"closed","template":"","meta":{"inline_featured_image":false,"footnotes":""},"class_list":["post-530","page","type-page","status-publish","hentry"],"yoast_head":"<!-- This site is optimized with the Yoast SEO plugin v26.8 - https:\/\/yoast.com\/product\/yoast-seo-wordpress\/ -->\n<title>Paysan du Midi - Actualit\u00e9 des entreprises<\/title>\n<meta name=\"robots\" content=\"index, follow, max-snippet:-1, max-image-preview:large, max-video-preview:-1\" \/>\n<link rel=\"canonical\" href=\"https:\/\/www.annonces-legales.org\/blog\/paysan-du-midi\/\" \/>\n<meta property=\"og:locale\" content=\"fr_FR\" \/>\n<meta property=\"og:type\" content=\"article\" \/>\n<meta property=\"og:title\" content=\"Paysan du Midi - Actualit\u00e9 des entreprises\" \/>\n<meta property=\"og:description\" content=\"Le journal hebdomadaire Paysan du Midi diffuse des informations sur l&rsquo;agriculture et l&rsquo;\u00e9levage. Son sous-titre est : \u00ab\u00a0l&rsquo;hebdo des agricultures [&hellip;]\" \/>\n<meta property=\"og:url\" content=\"https:\/\/www.annonces-legales.org\/blog\/paysan-du-midi\/\" \/>\n<meta property=\"og:site_name\" content=\"Actualit\u00e9 des entreprises\" \/>\n<meta property=\"article:modified_time\" content=\"2022-01-26T11:10:42+00:00\" \/>\n<meta property=\"og:image\" content=\"https:\/\/www.annonces-legales.org\/blog\/wp-content\/uploads\/2021\/09\/Paysan-du-Midi.png\" \/>\n\t<meta property=\"og:image:width\" content=\"400\" \/>\n\t<meta property=\"og:image:height\" content=\"126\" \/>\n\t<meta property=\"og:image:type\" content=\"image\/png\" \/>\n<meta name=\"twitter:card\" content=\"summary_large_image\" \/>\n<meta name=\"twitter:label1\" content=\"Dur\u00e9e de lecture estim\u00e9e\" \/>\n\t<meta name=\"twitter:data1\" content=\"1 minute\" \/>\n<script type=\"application\/ld+json\" class=\"yoast-schema-graph\">{\"@context\":\"https:\/\/schema.org\",\"@graph\":[{\"@type\":\"WebPage\",\"@id\":\"https:\/\/www.annonces-legales.org\/blog\/paysan-du-midi\/\",\"url\":\"https:\/\/www.annonces-legales.org\/blog\/paysan-du-midi\/\",\"name\":\"Paysan du Midi - Actualit\u00e9 des entreprises\",\"isPartOf\":{\"@id\":\"https:\/\/www.annonces-legales.org\/blog\/#website\"},\"primaryImageOfPage\":{\"@id\":\"https:\/\/www.annonces-legales.org\/blog\/paysan-du-midi\/#primaryimage\"},\"image\":{\"@id\":\"https:\/\/www.annonces-legales.org\/blog\/paysan-du-midi\/#primaryimage\"},\"thumbnailUrl\":\"https:\/\/www.annonces-legales.org\/blog\/wp-content\/uploads\/2021\/09\/Paysan-du-Midi.png\",\"datePublished\":\"2021-09-01T20:45:34+00:00\",\"dateModified\":\"2022-01-26T11:10:42+00:00\",\"breadcrumb\":{\"@id\":\"https:\/\/www.annonces-legales.org\/blog\/paysan-du-midi\/#breadcrumb\"},\"inLanguage\":\"fr-FR\",\"potentialAction\":[{\"@type\":\"ReadAction\",\"target\":[\"https:\/\/www.annonces-legales.org\/blog\/paysan-du-midi\/\"]}]},{\"@type\":\"ImageObject\",\"inLanguage\":\"fr-FR\",\"@id\":\"https:\/\/www.annonces-legales.org\/blog\/paysan-du-midi\/#primaryimage\",\"url\":\"https:\/\/www.annonces-legales.org\/blog\/wp-content\/uploads\/2021\/09\/Paysan-du-Midi.png\",\"contentUrl\":\"https:\/\/www.annonces-legales.org\/blog\/wp-content\/uploads\/2021\/09\/Paysan-du-Midi.png\",\"width\":400,\"height\":126},{\"@type\":\"BreadcrumbList\",\"@id\":\"https:\/\/www.annonces-legales.org\/blog\/paysan-du-midi\/#breadcrumb\",\"itemListElement\":[{\"@type\":\"ListItem\",\"position\":1,\"name\":\"Accueil\",\"item\":\"https:\/\/www.annonces-legales.org\/blog\/\"},{\"@type\":\"ListItem\",\"position\":2,\"name\":\"Liste des journaux habilit\u00e9s \u00e0 publier des annonces l\u00e9gales\",\"item\":\"https:\/\/www.annonces-legales.org\/blog\/liste-des-journaux-habilites-a-publier-des-annonces-legales\/\"},{\"@type\":\"ListItem\",\"position\":3,\"name\":\"Paysan du Midi\"}]},{\"@type\":\"WebSite\",\"@id\":\"https:\/\/www.annonces-legales.org\/blog\/#website\",\"url\":\"https:\/\/www.annonces-legales.org\/blog\/\",\"name\":\"Actualit\u00e9 des entreprises\",\"description\":\"\",\"publisher\":{\"@id\":\"https:\/\/www.annonces-legales.org\/blog\/#organization\"},\"potentialAction\":[{\"@type\":\"SearchAction\",\"target\":{\"@type\":\"EntryPoint\",\"urlTemplate\":\"https:\/\/www.annonces-legales.org\/blog\/?s={search_term_string}\"},\"query-input\":{\"@type\":\"PropertyValueSpecification\",\"valueRequired\":true,\"valueName\":\"search_term_string\"}}],\"inLanguage\":\"fr-FR\"},{\"@type\":\"Organization\",\"@id\":\"https:\/\/www.annonces-legales.org\/blog\/#organization\",\"name\":\"Actualit\u00e9 des entreprises\",\"url\":\"https:\/\/www.annonces-legales.org\/blog\/\",\"logo\":{\"@type\":\"ImageObject\",\"inLanguage\":\"fr-FR\",\"@id\":\"https:\/\/www.annonces-legales.org\/blog\/#\/schema\/logo\/image\/\",\"url\":\"https:\/\/www.annonces-legales.org\/blog\/wp-content\/uploads\/2023\/08\/annonces-legales.svg\",\"contentUrl\":\"https:\/\/www.annonces-legales.org\/blog\/wp-content\/uploads\/2023\/08\/annonces-legales.svg\",\"caption\":\"Actualit\u00e9 des entreprises\"},\"image\":{\"@id\":\"https:\/\/www.annonces-legales.org\/blog\/#\/schema\/logo\/image\/\"}}]}<\/script>\n<!-- \/ Yoast SEO plugin. -->","yoast_head_json":{"title":"Paysan du Midi - Actualit\u00e9 des entreprises","robots":{"index":"index","follow":"follow","max-snippet":"max-snippet:-1","max-image-preview":"max-image-preview:large","max-video-preview":"max-video-preview:-1"},"canonical":"https:\/\/www.annonces-legales.org\/blog\/paysan-du-midi\/","og_locale":"fr_FR","og_type":"article","og_title":"Paysan du Midi - Actualit\u00e9 des entreprises","og_description":"Le journal hebdomadaire Paysan du Midi diffuse des informations sur l&rsquo;agriculture et l&rsquo;\u00e9levage. Son sous-titre est : \u00ab\u00a0l&rsquo;hebdo des agricultures [&hellip;]","og_url":"https:\/\/www.annonces-legales.org\/blog\/paysan-du-midi\/","og_site_name":"Actualit\u00e9 des entreprises","article_modified_time":"2022-01-26T11:10:42+00:00","og_image":[{"width":400,"height":126,"url":"https:\/\/www.annonces-legales.org\/blog\/wp-content\/uploads\/2021\/09\/Paysan-du-Midi.png","type":"image\/png"}],"twitter_card":"summary_large_image","twitter_misc":{"Dur\u00e9e de lecture estim\u00e9e":"1 minute"},"schema":{"@context":"https:\/\/schema.org","@graph":[{"@type":"WebPage","@id":"https:\/\/www.annonces-legales.org\/blog\/paysan-du-midi\/","url":"https:\/\/www.annonces-legales.org\/blog\/paysan-du-midi\/","name":"Paysan du Midi - Actualit\u00e9 des entreprises","isPartOf":{"@id":"https:\/\/www.annonces-legales.org\/blog\/#website"},"primaryImageOfPage":{"@id":"https:\/\/www.annonces-legales.org\/blog\/paysan-du-midi\/#primaryimage"},"image":{"@id":"https:\/\/www.annonces-legales.org\/blog\/paysan-du-midi\/#primaryimage"},"thumbnailUrl":"https:\/\/www.annonces-legales.org\/blog\/wp-content\/uploads\/2021\/09\/Paysan-du-Midi.png","datePublished":"2021-09-01T20:45:34+00:00","dateModified":"2022-01-26T11:10:42+00:00","breadcrumb":{"@id":"https:\/\/www.annonces-legales.org\/blog\/paysan-du-midi\/#breadcrumb"},"inLanguage":"fr-FR","potentialAction":[{"@type":"ReadAction","target":["https:\/\/www.annonces-legales.org\/blog\/paysan-du-midi\/"]}]},{"@type":"ImageObject","inLanguage":"fr-FR","@id":"https:\/\/www.annonces-legales.org\/blog\/paysan-du-midi\/#primaryimage","url":"https:\/\/www.annonces-legales.org\/blog\/wp-content\/uploads\/2021\/09\/Paysan-du-Midi.png","contentUrl":"https:\/\/www.annonces-legales.org\/blog\/wp-content\/uploads\/2021\/09\/Paysan-du-Midi.png","width":400,"height":126},{"@type":"BreadcrumbList","@id":"https:\/\/www.annonces-legales.org\/blog\/paysan-du-midi\/#breadcrumb","itemListElement":[{"@type":"ListItem","position":1,"name":"Accueil","item":"https:\/\/www.annonces-legales.org\/blog\/"},{"@type":"ListItem","position":2,"name":"Liste des journaux habilit\u00e9s \u00e0 publier des annonces l\u00e9gales","item":"https:\/\/www.annonces-legales.org\/blog\/liste-des-journaux-habilites-a-publier-des-annonces-legales\/"},{"@type":"ListItem","position":3,"name":"Paysan du Midi"}]},{"@type":"WebSite","@id":"https:\/\/www.annonces-legales.org\/blog\/#website","url":"https:\/\/www.annonces-legales.org\/blog\/","name":"Actualit\u00e9 des entreprises","description":"","publisher":{"@id":"https:\/\/www.annonces-legales.org\/blog\/#organization"},"potentialAction":[{"@type":"SearchAction","target":{"@type":"EntryPoint","urlTemplate":"https:\/\/www.annonces-legales.org\/blog\/?s={search_term_string}"},"query-input":{"@type":"PropertyValueSpecification","valueRequired":true,"valueName":"search_term_string"}}],"inLanguage":"fr-FR"},{"@type":"Organization","@id":"https:\/\/www.annonces-legales.org\/blog\/#organization","name":"Actualit\u00e9 des entreprises","url":"https:\/\/www.annonces-legales.org\/blog\/","logo":{"@type":"ImageObject","inLanguage":"fr-FR","@id":"https:\/\/www.annonces-legales.org\/blog\/#\/schema\/logo\/image\/","url":"https:\/\/www.annonces-legales.org\/blog\/wp-content\/uploads\/2023\/08\/annonces-legales.svg","contentUrl":"https:\/\/www.annonces-legales.org\/blog\/wp-content\/uploads\/2023\/08\/annonces-legales.svg","caption":"Actualit\u00e9 des entreprises"},"image":{"@id":"https:\/\/www.annonces-legales.org\/blog\/#\/schema\/logo\/image\/"}}]}},"_links":{"self":[{"href":"https:\/\/www.annonces-legales.org\/blog\/wp-json\/wp\/v2\/pages\/530","targetHints":{"allow":["GET"]}}],"collection":[{"href":"https:\/\/www.annonces-legales.org\/blog\/wp-json\/wp\/v2\/pages"}],"about":[{"href":"https:\/\/www.annonces-legales.org\/blog\/wp-json\/wp\/v2\/types\/page"}],"author":[{"embeddable":true,"href":"https:\/\/www.annonces-legales.org\/blog\/wp-json\/wp\/v2\/users\/1"}],"replies":[{"embeddable":true,"href":"https:\/\/www.annonces-legales.org\/blog\/wp-json\/wp\/v2\/comments?post=530"}],"version-history":[{"count":3,"href":"https:\/\/www.annonces-legales.org\/blog\/wp-json\/wp\/v2\/pages\/530\/revisions"}],"predecessor-version":[{"id":1515,"href":"https:\/\/www.annonces-legales.org\/blog\/wp-json\/wp\/v2\/pages\/530\/revisions\/1515"}],"up":[{"embeddable":true,"href":"https:\/\/www.annonces-legales.org\/blog\/wp-json\/wp\/v2\/pages\/351"}],"wp:attachment":[{"href":"https:\/\/www.annonces-legales.org\/blog\/wp-json\/wp\/v2\/media?parent=530"}],"curies":[{"name":"wp","href":"https:\/\/api.w.org\/{rel}","templated":true}]}}