{"id":536,"date":"2021-09-01T22:47:56","date_gmt":"2021-09-01T20:47:56","guid":{"rendered":"https:\/\/www.annonces-legales.org\/blog\/?page_id=536"},"modified":"2022-01-26T12:16:38","modified_gmt":"2022-01-26T11:16:38","slug":"vie-correzienne","status":"publish","type":"page","link":"https:\/\/www.annonces-legales.org\/blog\/vie-correzienne\/","title":{"rendered":"Vie Corr\u00e9zienne"},"content":{"rendered":"<p><img loading=\"lazy\" decoding=\"async\" class=\"aligncenter size-full wp-image-539\" src=\"https:\/\/www.annonces-legales.org\/blog\/wp-content\/uploads\/2021\/09\/vie-correzienne.png\" alt=\"\" width=\"400\" height=\"154\" srcset=\"https:\/\/www.annonces-legales.org\/blog\/wp-content\/uploads\/2021\/09\/vie-correzienne.png 400w, https:\/\/www.annonces-legales.org\/blog\/wp-content\/uploads\/2021\/09\/vie-correzienne-300x116.png 300w\" sizes=\"auto, (max-width: 400px) 100vw, 400px\" \/><\/p>\n<p>L&rsquo;<strong>hebdomadaire La Vie Corr\u00e9zienne<\/strong> propose des informations r\u00e9gionales sur la Corr\u00e8ze. Il est vendu 1,70 \u20ac dans tous les points de vente de la Corr\u00e8ze et son jour de parution est le vendredi. Le tirage du journal est \u00e9valu\u00e9 \u00e0 plus de 8000 exemplaires.<br \/>\nComme beaucoup de journaux fran\u00e7ais, celui-ci a \u00e9t\u00e9 cr\u00e9\u00e9 en 1945 apr\u00e8s la deuxi\u00e8me guerre mondiale.<\/p>\n<p>Le journal la vie corr\u00e9zienne est habilit\u00e9 pour la publication d&rsquo;annonce l\u00e9gale des entreprises et des individus r\u00e9sidents dans le d\u00e9partement de la Corr\u00e8ze. Ce journal publie plus de 150 annonces chaque mois.<\/p>\n<p>&nbsp;<\/p>\n<h2>Le site La Vie Corr\u00e9zienne<\/h2>\n<p>Sur son site web, l&rsquo;<strong>hebdomadaire de Corr\u00e8ze<\/strong> ne publie pas d&rsquo;articles en clair. Il sont r\u00e9serv\u00e9s aux abonn\u00e9s de la version num\u00e9rique. Il est cependant possible de voir la Une du journal et de l&rsquo;acheter en format num\u00e9rique ou de commander des annonces l\u00e9gales.<\/p>\n<p>&nbsp;<\/p>\n<p><img loading=\"lazy\" decoding=\"async\" class=\"aligncenter size-full wp-image-1381\" src=\"https:\/\/www.annonces-legales.org\/blog\/wp-content\/uploads\/2021\/10\/site-web-la-vie-correzienne.jpg\" alt=\"\" width=\"670\" height=\"553\" srcset=\"https:\/\/www.annonces-legales.org\/blog\/wp-content\/uploads\/2021\/10\/site-web-la-vie-correzienne.jpg 670w, https:\/\/www.annonces-legales.org\/blog\/wp-content\/uploads\/2021\/10\/site-web-la-vie-correzienne-300x248.jpg 300w\" sizes=\"auto, (max-width: 670px) 100vw, 670px\" \/><\/p>\n<h2><\/h2>\n<h2><\/h2>\n<h2>Abonnements \u00e0 La vie Corr\u00e9zienne<\/h2>\n<p>La Vie Corr\u00e9zienne propose plusieurs formules pour l&rsquo;<strong>abonnement<\/strong>:<\/p>\n<ul>\n<li>Abonnement 1 an num\u00e9rique : 39\u20ac<\/li>\n<li>Abonnement 1 an papier + num\u00e9rique : 68\u20ac<\/li>\n<li>Abonnement 2 ans papier + num\u00e9rique : 122\u20ac<\/li>\n<\/ul>\n<p>Avec l&rsquo;abonnement num\u00e9rique, le lecteur peut soit t\u00e9l\u00e9charger la version pdf du journal ou soit consulter les articles en se connectant sur le site.<\/p>\n<p>&nbsp;<\/p>\n<h2>Contacter La Vie Corr\u00e9zienne<\/h2>\n<p>L&rsquo;adresse du journal est 19, Rue Fernand Allibert 19136 Brive-la-Gaillarde.<br \/>\nT\u00e9l\u00e9phone journal : 05 55 24 11 44.<br \/>\nIl est possible de contacter le journal par email (sr19@laviecorrezienne.com) en utilisant le formulaire de contact qui est disponible sur le site internet suivant laviecorrezienne.fr<\/p>\n<p>&nbsp;<\/p>\n<h2><\/h2>\n<h2><strong>Qui doit r\u00e9aliser des annonces l\u00e9gales en Corr\u00e8ze ?<\/strong><\/h2>\n<p>La plupart des structures dite commerciale doivent faire des annonces. Cette formalit\u00e9 concerne du coup la grande majorit\u00e9 des structures Corr\u00e9ziennes.<br \/>\nC&rsquo;est le cas pour les EURL, les SARL, les soci\u00e9t\u00e9s agricoles ou immobili\u00e8res,\u00a0 ou les SAS par exemple.<br \/>\nLes structures de petite taille (microentreprise ou autoentrepreneur) n&rsquo;auront pas \u00e0 effectuer cette formalit\u00e9. Les associations de loi 1901 non plus.<\/p>\n<p>&nbsp;<\/p>\n<h2><strong>Le choix du journal habilit\u00e9 est-il important ?<\/strong><\/h2>\n<p>La plateforme ou le journal o\u00f9 vous publierez votre annonce l\u00e9gale et judiciaire a peu d&rsquo;importance.<br \/>\nIl est indispensable de contr\u00f4ler son habilitation et de regarder, bien s\u00fbr, le prix.<\/p>\n<p>Les variations de prix peuvent \u00eatre importantes entre journaux habilit\u00e9s. Si vous souhaitez \u00e9conomiser sur la publication d&rsquo;une annonce officielle, des demandes de devis sont obligatoires.<\/p>\n<br\/><br\/><div class=\"entry-content notopmargin\">\n\t<img decoding=\"async\" class=\"img-fluid fleft\" src=\"https:\/\/www.annonces-legales.org\/images\/rapide-economique-tout-departement.png\" alt=\"Journal d'annonce l\u00e9gale du 19 \"><a href=\"https:\/\/www.annonces-legales.org\/publication-annonce-legale.html\" class=\"button button-desc fright mtop30\"><div>Je publie<br> mon annonce<br> l\u00e9gale<\/div><span>dans un journal du 19 !<\/span><\/a>\n<\/div><div class=\"clrbth\"><\/div><br\/><br\/>\n","protected":false},"excerpt":{"rendered":"<p>L&rsquo;hebdomadaire La Vie Corr\u00e9zienne propose des informations r\u00e9gionales sur la Corr\u00e8ze. Il est vendu 1,70 \u20ac dans tous les points [&hellip;]<\/p>\n","protected":false},"author":1,"featured_media":0,"parent":351,"menu_order":0,"comment_status":"closed","ping_status":"closed","template":"","meta":{"inline_featured_image":false,"footnotes":""},"class_list":["post-536","page","type-page","status-publish","hentry"],"yoast_head":"<!-- This site is optimized with the Yoast SEO plugin v26.8 - https:\/\/yoast.com\/product\/yoast-seo-wordpress\/ -->\n<title>Vie Corr\u00e9zienne - Actualit\u00e9 des entreprises<\/title>\n<meta name=\"robots\" content=\"index, follow, max-snippet:-1, max-image-preview:large, max-video-preview:-1\" \/>\n<link rel=\"canonical\" href=\"https:\/\/www.annonces-legales.org\/blog\/vie-correzienne\/\" \/>\n<meta property=\"og:locale\" content=\"fr_FR\" \/>\n<meta property=\"og:type\" content=\"article\" \/>\n<meta property=\"og:title\" content=\"Vie Corr\u00e9zienne - Actualit\u00e9 des entreprises\" \/>\n<meta property=\"og:description\" content=\"L&rsquo;hebdomadaire La Vie Corr\u00e9zienne propose des informations r\u00e9gionales sur la Corr\u00e8ze. Il est vendu 1,70 \u20ac dans tous les points [&hellip;]\" \/>\n<meta property=\"og:url\" content=\"https:\/\/www.annonces-legales.org\/blog\/vie-correzienne\/\" \/>\n<meta property=\"og:site_name\" content=\"Actualit\u00e9 des entreprises\" \/>\n<meta property=\"article:modified_time\" content=\"2022-01-26T11:16:38+00:00\" \/>\n<meta property=\"og:image\" content=\"https:\/\/www.annonces-legales.org\/blog\/wp-content\/uploads\/2021\/09\/vie-correzienne.png\" \/>\n\t<meta property=\"og:image:width\" content=\"400\" \/>\n\t<meta property=\"og:image:height\" content=\"154\" \/>\n\t<meta property=\"og:image:type\" content=\"image\/png\" \/>\n<meta name=\"twitter:card\" content=\"summary_large_image\" \/>\n<meta name=\"twitter:label1\" content=\"Dur\u00e9e de lecture estim\u00e9e\" \/>\n\t<meta name=\"twitter:data1\" content=\"2 minutes\" \/>\n<script type=\"application\/ld+json\" class=\"yoast-schema-graph\">{\"@context\":\"https:\/\/schema.org\",\"@graph\":[{\"@type\":\"WebPage\",\"@id\":\"https:\/\/www.annonces-legales.org\/blog\/vie-correzienne\/\",\"url\":\"https:\/\/www.annonces-legales.org\/blog\/vie-correzienne\/\",\"name\":\"Vie Corr\u00e9zienne - Actualit\u00e9 des entreprises\",\"isPartOf\":{\"@id\":\"https:\/\/www.annonces-legales.org\/blog\/#website\"},\"primaryImageOfPage\":{\"@id\":\"https:\/\/www.annonces-legales.org\/blog\/vie-correzienne\/#primaryimage\"},\"image\":{\"@id\":\"https:\/\/www.annonces-legales.org\/blog\/vie-correzienne\/#primaryimage\"},\"thumbnailUrl\":\"https:\/\/www.annonces-legales.org\/blog\/wp-content\/uploads\/2021\/09\/vie-correzienne.png\",\"datePublished\":\"2021-09-01T20:47:56+00:00\",\"dateModified\":\"2022-01-26T11:16:38+00:00\",\"breadcrumb\":{\"@id\":\"https:\/\/www.annonces-legales.org\/blog\/vie-correzienne\/#breadcrumb\"},\"inLanguage\":\"fr-FR\",\"potentialAction\":[{\"@type\":\"ReadAction\",\"target\":[\"https:\/\/www.annonces-legales.org\/blog\/vie-correzienne\/\"]}]},{\"@type\":\"ImageObject\",\"inLanguage\":\"fr-FR\",\"@id\":\"https:\/\/www.annonces-legales.org\/blog\/vie-correzienne\/#primaryimage\",\"url\":\"https:\/\/www.annonces-legales.org\/blog\/wp-content\/uploads\/2021\/09\/vie-correzienne.png\",\"contentUrl\":\"https:\/\/www.annonces-legales.org\/blog\/wp-content\/uploads\/2021\/09\/vie-correzienne.png\",\"width\":400,\"height\":154},{\"@type\":\"BreadcrumbList\",\"@id\":\"https:\/\/www.annonces-legales.org\/blog\/vie-correzienne\/#breadcrumb\",\"itemListElement\":[{\"@type\":\"ListItem\",\"position\":1,\"name\":\"Accueil\",\"item\":\"https:\/\/www.annonces-legales.org\/blog\/\"},{\"@type\":\"ListItem\",\"position\":2,\"name\":\"Liste des journaux habilit\u00e9s \u00e0 publier des annonces l\u00e9gales\",\"item\":\"https:\/\/www.annonces-legales.org\/blog\/liste-des-journaux-habilites-a-publier-des-annonces-legales\/\"},{\"@type\":\"ListItem\",\"position\":3,\"name\":\"Vie Corr\u00e9zienne\"}]},{\"@type\":\"WebSite\",\"@id\":\"https:\/\/www.annonces-legales.org\/blog\/#website\",\"url\":\"https:\/\/www.annonces-legales.org\/blog\/\",\"name\":\"Actualit\u00e9 des entreprises\",\"description\":\"\",\"publisher\":{\"@id\":\"https:\/\/www.annonces-legales.org\/blog\/#organization\"},\"potentialAction\":[{\"@type\":\"SearchAction\",\"target\":{\"@type\":\"EntryPoint\",\"urlTemplate\":\"https:\/\/www.annonces-legales.org\/blog\/?s={search_term_string}\"},\"query-input\":{\"@type\":\"PropertyValueSpecification\",\"valueRequired\":true,\"valueName\":\"search_term_string\"}}],\"inLanguage\":\"fr-FR\"},{\"@type\":\"Organization\",\"@id\":\"https:\/\/www.annonces-legales.org\/blog\/#organization\",\"name\":\"Actualit\u00e9 des entreprises\",\"url\":\"https:\/\/www.annonces-legales.org\/blog\/\",\"logo\":{\"@type\":\"ImageObject\",\"inLanguage\":\"fr-FR\",\"@id\":\"https:\/\/www.annonces-legales.org\/blog\/#\/schema\/logo\/image\/\",\"url\":\"https:\/\/www.annonces-legales.org\/blog\/wp-content\/uploads\/2023\/08\/annonces-legales.svg\",\"contentUrl\":\"https:\/\/www.annonces-legales.org\/blog\/wp-content\/uploads\/2023\/08\/annonces-legales.svg\",\"caption\":\"Actualit\u00e9 des entreprises\"},\"image\":{\"@id\":\"https:\/\/www.annonces-legales.org\/blog\/#\/schema\/logo\/image\/\"}}]}<\/script>\n<!-- \/ Yoast SEO plugin. -->","yoast_head_json":{"title":"Vie Corr\u00e9zienne - Actualit\u00e9 des entreprises","robots":{"index":"index","follow":"follow","max-snippet":"max-snippet:-1","max-image-preview":"max-image-preview:large","max-video-preview":"max-video-preview:-1"},"canonical":"https:\/\/www.annonces-legales.org\/blog\/vie-correzienne\/","og_locale":"fr_FR","og_type":"article","og_title":"Vie Corr\u00e9zienne - Actualit\u00e9 des entreprises","og_description":"L&rsquo;hebdomadaire La Vie Corr\u00e9zienne propose des informations r\u00e9gionales sur la Corr\u00e8ze. Il est vendu 1,70 \u20ac dans tous les points [&hellip;]","og_url":"https:\/\/www.annonces-legales.org\/blog\/vie-correzienne\/","og_site_name":"Actualit\u00e9 des entreprises","article_modified_time":"2022-01-26T11:16:38+00:00","og_image":[{"width":400,"height":154,"url":"https:\/\/www.annonces-legales.org\/blog\/wp-content\/uploads\/2021\/09\/vie-correzienne.png","type":"image\/png"}],"twitter_card":"summary_large_image","twitter_misc":{"Dur\u00e9e de lecture estim\u00e9e":"2 minutes"},"schema":{"@context":"https:\/\/schema.org","@graph":[{"@type":"WebPage","@id":"https:\/\/www.annonces-legales.org\/blog\/vie-correzienne\/","url":"https:\/\/www.annonces-legales.org\/blog\/vie-correzienne\/","name":"Vie Corr\u00e9zienne - Actualit\u00e9 des entreprises","isPartOf":{"@id":"https:\/\/www.annonces-legales.org\/blog\/#website"},"primaryImageOfPage":{"@id":"https:\/\/www.annonces-legales.org\/blog\/vie-correzienne\/#primaryimage"},"image":{"@id":"https:\/\/www.annonces-legales.org\/blog\/vie-correzienne\/#primaryimage"},"thumbnailUrl":"https:\/\/www.annonces-legales.org\/blog\/wp-content\/uploads\/2021\/09\/vie-correzienne.png","datePublished":"2021-09-01T20:47:56+00:00","dateModified":"2022-01-26T11:16:38+00:00","breadcrumb":{"@id":"https:\/\/www.annonces-legales.org\/blog\/vie-correzienne\/#breadcrumb"},"inLanguage":"fr-FR","potentialAction":[{"@type":"ReadAction","target":["https:\/\/www.annonces-legales.org\/blog\/vie-correzienne\/"]}]},{"@type":"ImageObject","inLanguage":"fr-FR","@id":"https:\/\/www.annonces-legales.org\/blog\/vie-correzienne\/#primaryimage","url":"https:\/\/www.annonces-legales.org\/blog\/wp-content\/uploads\/2021\/09\/vie-correzienne.png","contentUrl":"https:\/\/www.annonces-legales.org\/blog\/wp-content\/uploads\/2021\/09\/vie-correzienne.png","width":400,"height":154},{"@type":"BreadcrumbList","@id":"https:\/\/www.annonces-legales.org\/blog\/vie-correzienne\/#breadcrumb","itemListElement":[{"@type":"ListItem","position":1,"name":"Accueil","item":"https:\/\/www.annonces-legales.org\/blog\/"},{"@type":"ListItem","position":2,"name":"Liste des journaux habilit\u00e9s \u00e0 publier des annonces l\u00e9gales","item":"https:\/\/www.annonces-legales.org\/blog\/liste-des-journaux-habilites-a-publier-des-annonces-legales\/"},{"@type":"ListItem","position":3,"name":"Vie Corr\u00e9zienne"}]},{"@type":"WebSite","@id":"https:\/\/www.annonces-legales.org\/blog\/#website","url":"https:\/\/www.annonces-legales.org\/blog\/","name":"Actualit\u00e9 des entreprises","description":"","publisher":{"@id":"https:\/\/www.annonces-legales.org\/blog\/#organization"},"potentialAction":[{"@type":"SearchAction","target":{"@type":"EntryPoint","urlTemplate":"https:\/\/www.annonces-legales.org\/blog\/?s={search_term_string}"},"query-input":{"@type":"PropertyValueSpecification","valueRequired":true,"valueName":"search_term_string"}}],"inLanguage":"fr-FR"},{"@type":"Organization","@id":"https:\/\/www.annonces-legales.org\/blog\/#organization","name":"Actualit\u00e9 des entreprises","url":"https:\/\/www.annonces-legales.org\/blog\/","logo":{"@type":"ImageObject","inLanguage":"fr-FR","@id":"https:\/\/www.annonces-legales.org\/blog\/#\/schema\/logo\/image\/","url":"https:\/\/www.annonces-legales.org\/blog\/wp-content\/uploads\/2023\/08\/annonces-legales.svg","contentUrl":"https:\/\/www.annonces-legales.org\/blog\/wp-content\/uploads\/2023\/08\/annonces-legales.svg","caption":"Actualit\u00e9 des entreprises"},"image":{"@id":"https:\/\/www.annonces-legales.org\/blog\/#\/schema\/logo\/image\/"}}]}},"_links":{"self":[{"href":"https:\/\/www.annonces-legales.org\/blog\/wp-json\/wp\/v2\/pages\/536","targetHints":{"allow":["GET"]}}],"collection":[{"href":"https:\/\/www.annonces-legales.org\/blog\/wp-json\/wp\/v2\/pages"}],"about":[{"href":"https:\/\/www.annonces-legales.org\/blog\/wp-json\/wp\/v2\/types\/page"}],"author":[{"embeddable":true,"href":"https:\/\/www.annonces-legales.org\/blog\/wp-json\/wp\/v2\/users\/1"}],"replies":[{"embeddable":true,"href":"https:\/\/www.annonces-legales.org\/blog\/wp-json\/wp\/v2\/comments?post=536"}],"version-history":[{"count":16,"href":"https:\/\/www.annonces-legales.org\/blog\/wp-json\/wp\/v2\/pages\/536\/revisions"}],"predecessor-version":[{"id":1390,"href":"https:\/\/www.annonces-legales.org\/blog\/wp-json\/wp\/v2\/pages\/536\/revisions\/1390"}],"up":[{"embeddable":true,"href":"https:\/\/www.annonces-legales.org\/blog\/wp-json\/wp\/v2\/pages\/351"}],"wp:attachment":[{"href":"https:\/\/www.annonces-legales.org\/blog\/wp-json\/wp\/v2\/media?parent=536"}],"curies":[{"name":"wp","href":"https:\/\/api.w.org\/{rel}","templated":true}]}}