{"id":569,"date":"2021-09-08T12:22:13","date_gmt":"2021-09-08T10:22:13","guid":{"rendered":"https:\/\/www.annonces-legales.org\/blog\/?page_id=569"},"modified":"2022-01-26T11:37:39","modified_gmt":"2022-01-26T10:37:39","slug":"courrier-la-gazette","status":"publish","type":"page","link":"https:\/\/www.annonces-legales.org\/blog\/courrier-la-gazette\/","title":{"rendered":"Courrier la Gazette"},"content":{"rendered":"<p><img loading=\"lazy\" decoding=\"async\" class=\"aligncenter wp-image-632 size-full\" src=\"https:\/\/www.annonces-legales.org\/blog\/wp-content\/uploads\/2021\/09\/Courrier-la-Gazette.png\" alt=\"\" width=\"300\" height=\"89\" \/><\/p>\n<p>L&rsquo;hebdomadaire <strong>le Courrier la Gazette<\/strong> para\u00eet tous les jeudis et proposent des informations sur la r\u00e9gion de l&rsquo;Aisne et des Ardennes et plus particuli\u00e8rement de Thi\u00e9arche et Hirson. Il est surnomm\u00e9 le <strong>courrier d&rsquo;Hirson<\/strong>.<\/p>\n<p>Il est imprim\u00e9e chaque semaine \u00e0 plus de 3500 exemplaires. Il est vendu 1,50 \u20ac.<\/p>\n<p>Le journal est situ\u00e9 1 ter rue de vervins \u00e0 Hirson 02500. Le num\u00e9ro du journal et le 03 23 58 06 44. Il est possible de contacter le journal via son adresse mail : contact@lecourrierdhirson.fr<\/p>\n<p>Ce journal a \u00e9t\u00e9 <strong>habilit\u00e9 \u00e0 publier des annonces l\u00e9gales<\/strong> pour deux d\u00e9partements : les d\u00e9partements de l&rsquo;Aisne et le d\u00e9partement des Ardennes. Ce journal peut donc \u00eatre un support pour publier des annonces officielles de changement ou de cr\u00e9ation pour les entreprises. Ce journal peut aussi faire des annonces l\u00e9gales de changement de nom ou de changements de r\u00e9gimes matrimoniaux pour les personnes physiques.<\/p>\n<h2>Vous souhaitez publier une annonce l\u00e9gale dans le d\u00e9partement de l&rsquo;Aisne dans les Ardennes ?<\/h2>\n<p>Le courrier la gazette n&rsquo;est pas le seul un journal habilit\u00e9 \u00e0 publier dans ces deux d\u00e9partements. Il existe de nombreux autres journaux d&rsquo;annonces l\u00e9gales pour faire une annonce l\u00e9gale dans le 02 ou le d\u00e9partement 08.<\/p>\n<p>Vous pouvez facilement <strong>obtenir un devis<\/strong> pour plusieurs journaux d&rsquo;annonces l\u00e9gales dans ces d\u00e9partements en utilisant nos services et en effectuant une demande de devis directement en ligne.<\/p>\n<p>C&rsquo;est rapide et il n&rsquo;est pas n\u00e9cessaire de s&rsquo;inscrire. Vous pourrez ainsi \u00e9conomiser jusqu&rsquo;\u00e0 40 % sur vos annonces l\u00e9gales de changement ou de modifications pour votre entreprise des Ardennes ou de l&rsquo;Aisne.<\/p>\n","protected":false},"excerpt":{"rendered":"<p>L&rsquo;hebdomadaire le Courrier la Gazette para\u00eet tous les jeudis et proposent des informations sur la r\u00e9gion de l&rsquo;Aisne et des [&hellip;]<\/p>\n","protected":false},"author":1,"featured_media":0,"parent":351,"menu_order":0,"comment_status":"closed","ping_status":"closed","template":"","meta":{"inline_featured_image":false,"footnotes":""},"class_list":["post-569","page","type-page","status-publish","hentry"],"yoast_head":"<!-- This site is optimized with the Yoast SEO plugin v26.8 - https:\/\/yoast.com\/product\/yoast-seo-wordpress\/ -->\n<title>Courrier la Gazette - Actualit\u00e9 des entreprises<\/title>\n<meta name=\"robots\" content=\"index, follow, max-snippet:-1, max-image-preview:large, max-video-preview:-1\" \/>\n<link rel=\"canonical\" href=\"https:\/\/www.annonces-legales.org\/blog\/courrier-la-gazette\/\" \/>\n<meta property=\"og:locale\" content=\"fr_FR\" \/>\n<meta property=\"og:type\" content=\"article\" \/>\n<meta property=\"og:title\" content=\"Courrier la Gazette - Actualit\u00e9 des entreprises\" \/>\n<meta property=\"og:description\" content=\"L&rsquo;hebdomadaire le Courrier la Gazette para\u00eet tous les jeudis et proposent des informations sur la r\u00e9gion de l&rsquo;Aisne et des [&hellip;]\" \/>\n<meta property=\"og:url\" content=\"https:\/\/www.annonces-legales.org\/blog\/courrier-la-gazette\/\" \/>\n<meta property=\"og:site_name\" content=\"Actualit\u00e9 des entreprises\" \/>\n<meta property=\"article:modified_time\" content=\"2022-01-26T10:37:39+00:00\" \/>\n<meta property=\"og:image\" content=\"https:\/\/www.annonces-legales.org\/blog\/wp-content\/uploads\/2021\/09\/Courrier-la-Gazette.png\" \/>\n\t<meta property=\"og:image:width\" content=\"300\" \/>\n\t<meta property=\"og:image:height\" content=\"89\" \/>\n\t<meta property=\"og:image:type\" content=\"image\/png\" \/>\n<meta name=\"twitter:card\" content=\"summary_large_image\" \/>\n<meta name=\"twitter:label1\" content=\"Dur\u00e9e de lecture estim\u00e9e\" \/>\n\t<meta name=\"twitter:data1\" content=\"1 minute\" \/>\n<script type=\"application\/ld+json\" class=\"yoast-schema-graph\">{\"@context\":\"https:\/\/schema.org\",\"@graph\":[{\"@type\":\"WebPage\",\"@id\":\"https:\/\/www.annonces-legales.org\/blog\/courrier-la-gazette\/\",\"url\":\"https:\/\/www.annonces-legales.org\/blog\/courrier-la-gazette\/\",\"name\":\"Courrier la Gazette - Actualit\u00e9 des entreprises\",\"isPartOf\":{\"@id\":\"https:\/\/www.annonces-legales.org\/blog\/#website\"},\"primaryImageOfPage\":{\"@id\":\"https:\/\/www.annonces-legales.org\/blog\/courrier-la-gazette\/#primaryimage\"},\"image\":{\"@id\":\"https:\/\/www.annonces-legales.org\/blog\/courrier-la-gazette\/#primaryimage\"},\"thumbnailUrl\":\"https:\/\/www.annonces-legales.org\/blog\/wp-content\/uploads\/2021\/09\/Courrier-la-Gazette.png\",\"datePublished\":\"2021-09-08T10:22:13+00:00\",\"dateModified\":\"2022-01-26T10:37:39+00:00\",\"breadcrumb\":{\"@id\":\"https:\/\/www.annonces-legales.org\/blog\/courrier-la-gazette\/#breadcrumb\"},\"inLanguage\":\"fr-FR\",\"potentialAction\":[{\"@type\":\"ReadAction\",\"target\":[\"https:\/\/www.annonces-legales.org\/blog\/courrier-la-gazette\/\"]}]},{\"@type\":\"ImageObject\",\"inLanguage\":\"fr-FR\",\"@id\":\"https:\/\/www.annonces-legales.org\/blog\/courrier-la-gazette\/#primaryimage\",\"url\":\"https:\/\/www.annonces-legales.org\/blog\/wp-content\/uploads\/2021\/09\/Courrier-la-Gazette.png\",\"contentUrl\":\"https:\/\/www.annonces-legales.org\/blog\/wp-content\/uploads\/2021\/09\/Courrier-la-Gazette.png\",\"width\":300,\"height\":89},{\"@type\":\"BreadcrumbList\",\"@id\":\"https:\/\/www.annonces-legales.org\/blog\/courrier-la-gazette\/#breadcrumb\",\"itemListElement\":[{\"@type\":\"ListItem\",\"position\":1,\"name\":\"Accueil\",\"item\":\"https:\/\/www.annonces-legales.org\/blog\/\"},{\"@type\":\"ListItem\",\"position\":2,\"name\":\"Liste des journaux habilit\u00e9s \u00e0 publier des annonces l\u00e9gales\",\"item\":\"https:\/\/www.annonces-legales.org\/blog\/liste-des-journaux-habilites-a-publier-des-annonces-legales\/\"},{\"@type\":\"ListItem\",\"position\":3,\"name\":\"Courrier la Gazette\"}]},{\"@type\":\"WebSite\",\"@id\":\"https:\/\/www.annonces-legales.org\/blog\/#website\",\"url\":\"https:\/\/www.annonces-legales.org\/blog\/\",\"name\":\"Actualit\u00e9 des entreprises\",\"description\":\"\",\"publisher\":{\"@id\":\"https:\/\/www.annonces-legales.org\/blog\/#organization\"},\"potentialAction\":[{\"@type\":\"SearchAction\",\"target\":{\"@type\":\"EntryPoint\",\"urlTemplate\":\"https:\/\/www.annonces-legales.org\/blog\/?s={search_term_string}\"},\"query-input\":{\"@type\":\"PropertyValueSpecification\",\"valueRequired\":true,\"valueName\":\"search_term_string\"}}],\"inLanguage\":\"fr-FR\"},{\"@type\":\"Organization\",\"@id\":\"https:\/\/www.annonces-legales.org\/blog\/#organization\",\"name\":\"Actualit\u00e9 des entreprises\",\"url\":\"https:\/\/www.annonces-legales.org\/blog\/\",\"logo\":{\"@type\":\"ImageObject\",\"inLanguage\":\"fr-FR\",\"@id\":\"https:\/\/www.annonces-legales.org\/blog\/#\/schema\/logo\/image\/\",\"url\":\"https:\/\/www.annonces-legales.org\/blog\/wp-content\/uploads\/2023\/08\/annonces-legales.svg\",\"contentUrl\":\"https:\/\/www.annonces-legales.org\/blog\/wp-content\/uploads\/2023\/08\/annonces-legales.svg\",\"caption\":\"Actualit\u00e9 des entreprises\"},\"image\":{\"@id\":\"https:\/\/www.annonces-legales.org\/blog\/#\/schema\/logo\/image\/\"}}]}<\/script>\n<!-- \/ Yoast SEO plugin. -->","yoast_head_json":{"title":"Courrier la Gazette - Actualit\u00e9 des entreprises","robots":{"index":"index","follow":"follow","max-snippet":"max-snippet:-1","max-image-preview":"max-image-preview:large","max-video-preview":"max-video-preview:-1"},"canonical":"https:\/\/www.annonces-legales.org\/blog\/courrier-la-gazette\/","og_locale":"fr_FR","og_type":"article","og_title":"Courrier la Gazette - Actualit\u00e9 des entreprises","og_description":"L&rsquo;hebdomadaire le Courrier la Gazette para\u00eet tous les jeudis et proposent des informations sur la r\u00e9gion de l&rsquo;Aisne et des [&hellip;]","og_url":"https:\/\/www.annonces-legales.org\/blog\/courrier-la-gazette\/","og_site_name":"Actualit\u00e9 des entreprises","article_modified_time":"2022-01-26T10:37:39+00:00","og_image":[{"width":300,"height":89,"url":"https:\/\/www.annonces-legales.org\/blog\/wp-content\/uploads\/2021\/09\/Courrier-la-Gazette.png","type":"image\/png"}],"twitter_card":"summary_large_image","twitter_misc":{"Dur\u00e9e de lecture estim\u00e9e":"1 minute"},"schema":{"@context":"https:\/\/schema.org","@graph":[{"@type":"WebPage","@id":"https:\/\/www.annonces-legales.org\/blog\/courrier-la-gazette\/","url":"https:\/\/www.annonces-legales.org\/blog\/courrier-la-gazette\/","name":"Courrier la Gazette - Actualit\u00e9 des entreprises","isPartOf":{"@id":"https:\/\/www.annonces-legales.org\/blog\/#website"},"primaryImageOfPage":{"@id":"https:\/\/www.annonces-legales.org\/blog\/courrier-la-gazette\/#primaryimage"},"image":{"@id":"https:\/\/www.annonces-legales.org\/blog\/courrier-la-gazette\/#primaryimage"},"thumbnailUrl":"https:\/\/www.annonces-legales.org\/blog\/wp-content\/uploads\/2021\/09\/Courrier-la-Gazette.png","datePublished":"2021-09-08T10:22:13+00:00","dateModified":"2022-01-26T10:37:39+00:00","breadcrumb":{"@id":"https:\/\/www.annonces-legales.org\/blog\/courrier-la-gazette\/#breadcrumb"},"inLanguage":"fr-FR","potentialAction":[{"@type":"ReadAction","target":["https:\/\/www.annonces-legales.org\/blog\/courrier-la-gazette\/"]}]},{"@type":"ImageObject","inLanguage":"fr-FR","@id":"https:\/\/www.annonces-legales.org\/blog\/courrier-la-gazette\/#primaryimage","url":"https:\/\/www.annonces-legales.org\/blog\/wp-content\/uploads\/2021\/09\/Courrier-la-Gazette.png","contentUrl":"https:\/\/www.annonces-legales.org\/blog\/wp-content\/uploads\/2021\/09\/Courrier-la-Gazette.png","width":300,"height":89},{"@type":"BreadcrumbList","@id":"https:\/\/www.annonces-legales.org\/blog\/courrier-la-gazette\/#breadcrumb","itemListElement":[{"@type":"ListItem","position":1,"name":"Accueil","item":"https:\/\/www.annonces-legales.org\/blog\/"},{"@type":"ListItem","position":2,"name":"Liste des journaux habilit\u00e9s \u00e0 publier des annonces l\u00e9gales","item":"https:\/\/www.annonces-legales.org\/blog\/liste-des-journaux-habilites-a-publier-des-annonces-legales\/"},{"@type":"ListItem","position":3,"name":"Courrier la Gazette"}]},{"@type":"WebSite","@id":"https:\/\/www.annonces-legales.org\/blog\/#website","url":"https:\/\/www.annonces-legales.org\/blog\/","name":"Actualit\u00e9 des entreprises","description":"","publisher":{"@id":"https:\/\/www.annonces-legales.org\/blog\/#organization"},"potentialAction":[{"@type":"SearchAction","target":{"@type":"EntryPoint","urlTemplate":"https:\/\/www.annonces-legales.org\/blog\/?s={search_term_string}"},"query-input":{"@type":"PropertyValueSpecification","valueRequired":true,"valueName":"search_term_string"}}],"inLanguage":"fr-FR"},{"@type":"Organization","@id":"https:\/\/www.annonces-legales.org\/blog\/#organization","name":"Actualit\u00e9 des entreprises","url":"https:\/\/www.annonces-legales.org\/blog\/","logo":{"@type":"ImageObject","inLanguage":"fr-FR","@id":"https:\/\/www.annonces-legales.org\/blog\/#\/schema\/logo\/image\/","url":"https:\/\/www.annonces-legales.org\/blog\/wp-content\/uploads\/2023\/08\/annonces-legales.svg","contentUrl":"https:\/\/www.annonces-legales.org\/blog\/wp-content\/uploads\/2023\/08\/annonces-legales.svg","caption":"Actualit\u00e9 des entreprises"},"image":{"@id":"https:\/\/www.annonces-legales.org\/blog\/#\/schema\/logo\/image\/"}}]}},"_links":{"self":[{"href":"https:\/\/www.annonces-legales.org\/blog\/wp-json\/wp\/v2\/pages\/569","targetHints":{"allow":["GET"]}}],"collection":[{"href":"https:\/\/www.annonces-legales.org\/blog\/wp-json\/wp\/v2\/pages"}],"about":[{"href":"https:\/\/www.annonces-legales.org\/blog\/wp-json\/wp\/v2\/types\/page"}],"author":[{"embeddable":true,"href":"https:\/\/www.annonces-legales.org\/blog\/wp-json\/wp\/v2\/users\/1"}],"replies":[{"embeddable":true,"href":"https:\/\/www.annonces-legales.org\/blog\/wp-json\/wp\/v2\/comments?post=569"}],"version-history":[{"count":3,"href":"https:\/\/www.annonces-legales.org\/blog\/wp-json\/wp\/v2\/pages\/569\/revisions"}],"predecessor-version":[{"id":634,"href":"https:\/\/www.annonces-legales.org\/blog\/wp-json\/wp\/v2\/pages\/569\/revisions\/634"}],"up":[{"embeddable":true,"href":"https:\/\/www.annonces-legales.org\/blog\/wp-json\/wp\/v2\/pages\/351"}],"wp:attachment":[{"href":"https:\/\/www.annonces-legales.org\/blog\/wp-json\/wp\/v2\/media?parent=569"}],"curies":[{"name":"wp","href":"https:\/\/api.w.org\/{rel}","templated":true}]}}