{"id":575,"date":"2021-09-08T12:31:40","date_gmt":"2021-09-08T10:31:40","guid":{"rendered":"https:\/\/www.annonces-legales.org\/blog\/?page_id=575"},"modified":"2022-01-26T12:14:04","modified_gmt":"2022-01-26T11:14:04","slug":"reveil-du-vivarais","status":"publish","type":"page","link":"https:\/\/www.annonces-legales.org\/blog\/reveil-du-vivarais\/","title":{"rendered":"R\u00e9veil du Vivarais"},"content":{"rendered":"<p><img loading=\"lazy\" decoding=\"async\" class=\"aligncenter wp-image-628 size-full\" src=\"https:\/\/www.annonces-legales.org\/blog\/wp-content\/uploads\/2021\/09\/Reveil-du-Vivarais.png\" alt=\"\" width=\"550\" height=\"99\" srcset=\"https:\/\/www.annonces-legales.org\/blog\/wp-content\/uploads\/2021\/09\/Reveil-du-Vivarais.png 550w, https:\/\/www.annonces-legales.org\/blog\/wp-content\/uploads\/2021\/09\/Reveil-du-Vivarais-300x54.png 300w\" sizes=\"auto, (max-width: 550px) 100vw, 550px\" \/><\/p>\n<p>L&rsquo;hebdomadaire g\u00e9n\u00e9raliste <strong>Le R\u00e9veil du Vivarais<\/strong> couvre toute l&rsquo;actualit\u00e9 locale du massif du Pyla, de la vall\u00e9e du Rh\u00f4ne et bien s\u00fbr du Vivarais (nord de l&rsquo;Ard\u00e8che).<\/p>\n<p>Son jour de parution est le mercredi. Le journal est vendu 1,60 \u20ac.<\/p>\n<p>Le R\u00e9veil du Vivarais a \u00e9t\u00e9 cr\u00e9\u00e9 il y a plus de 75 ans et a d\u00e9j\u00e0 atteint le num\u00e9ro 3900. Le journal est diffus\u00e9 \u00e0 plus de 6000 exemplaires. Seuls 8 % des lecteurs du journal sont des abonn\u00e9s.<\/p>\n<p>6 personnes travaillent pour le journal dont quatre journalistes. Le r\u00e9dacteur en chef est Julien Gardon. Parmi les journalistes, on trouve Jean-Marc Astorgue, David Rivory et L\u00e9ane Burtier.<br \/>\nSi vous souhaitez lire le journal sans trop d\u00e9penser, il est possible de prendre un abonnement \u00e0 l&rsquo;\u00e9dition num\u00e9rique du journal pour 4,75 \u20ac par mois.<\/p>\n<p>Il est possible d&rsquo;acheter ce journal dans quatre d\u00e9partements : <strong>la Dr\u00f4me, l&rsquo;Is\u00e8re, l&rsquo;Ard\u00e8che et la Loire<\/strong>. Ce journal a connu diff\u00e9rents propri\u00e9taires. Apr\u00e8s avoir longtemps \u00e9t\u00e9 la propri\u00e9t\u00e9 de la soci\u00e9t\u00e9 Sud communication, il a \u00e9t\u00e9 achet\u00e9 par le groupe centre France en juin 2013. A la fin de l&rsquo;ann\u00e9e 2019, il a \u00e9t\u00e9 achet\u00e9 par le groupe HCR (Hebdomadaire Catholiques R\u00e9gionaux) bas\u00e9 \u00e0 Bourg-en-Bresse.<\/p>\n<p>L&rsquo;adresse du journal et 49, Avenue de l&rsquo;Europe 07100 Annonay. Son t\u00e9l\u00e9phone est les 04 75 39 25 80.<\/p>\n<p>C&rsquo;est un <strong>journal officiel<\/strong> qui a \u00e9t\u00e9 habilit\u00e9 pour faire des annonces l\u00e9gales dans le <strong>d\u00e9partement de l&rsquo;Ard\u00e8che 07<\/strong>. Les entreprises peuvent donc contacter ce journal pour faire lors annonce l\u00e9gale de modification ou de constitution.<\/p>\n<p>Pour obtenir le meilleur prix pour une annonce l\u00e9gale dans le d\u00e9partement de l&rsquo;Ard\u00e8che, il est recommand\u00e9 de faire plusieurs devis. Sur notre plate-forme, vous pourrez obtenir le prix d&rsquo;une annonce l\u00e9gale sur diff\u00e9rents <strong>journaux de l&rsquo;Ard\u00e8che<\/strong> tr\u00e8s simplement.<\/p>\n<p>Pour cela nous vous invitons \u00e0 vous rendre sur la page des formulaires et \u00e0 suivre les indications.<\/p>\n","protected":false},"excerpt":{"rendered":"<p>L&rsquo;hebdomadaire g\u00e9n\u00e9raliste Le R\u00e9veil du Vivarais couvre toute l&rsquo;actualit\u00e9 locale du massif du Pyla, de la vall\u00e9e du Rh\u00f4ne et [&hellip;]<\/p>\n","protected":false},"author":1,"featured_media":0,"parent":351,"menu_order":0,"comment_status":"closed","ping_status":"closed","template":"","meta":{"inline_featured_image":false,"footnotes":""},"class_list":["post-575","page","type-page","status-publish","hentry"],"yoast_head":"<!-- This site is optimized with the Yoast SEO plugin v26.8 - https:\/\/yoast.com\/product\/yoast-seo-wordpress\/ -->\n<title>R\u00e9veil du Vivarais - Actualit\u00e9 des entreprises<\/title>\n<meta name=\"robots\" content=\"index, follow, max-snippet:-1, max-image-preview:large, max-video-preview:-1\" \/>\n<link rel=\"canonical\" href=\"https:\/\/www.annonces-legales.org\/blog\/reveil-du-vivarais\/\" \/>\n<meta property=\"og:locale\" content=\"fr_FR\" \/>\n<meta property=\"og:type\" content=\"article\" \/>\n<meta property=\"og:title\" content=\"R\u00e9veil du Vivarais - Actualit\u00e9 des entreprises\" \/>\n<meta property=\"og:description\" content=\"L&rsquo;hebdomadaire g\u00e9n\u00e9raliste Le R\u00e9veil du Vivarais couvre toute l&rsquo;actualit\u00e9 locale du massif du Pyla, de la vall\u00e9e du Rh\u00f4ne et [&hellip;]\" \/>\n<meta property=\"og:url\" content=\"https:\/\/www.annonces-legales.org\/blog\/reveil-du-vivarais\/\" \/>\n<meta property=\"og:site_name\" content=\"Actualit\u00e9 des entreprises\" \/>\n<meta property=\"article:modified_time\" content=\"2022-01-26T11:14:04+00:00\" \/>\n<meta property=\"og:image\" content=\"https:\/\/www.annonces-legales.org\/blog\/wp-content\/uploads\/2021\/09\/Reveil-du-Vivarais.png\" \/>\n\t<meta property=\"og:image:width\" content=\"550\" \/>\n\t<meta property=\"og:image:height\" content=\"99\" \/>\n\t<meta property=\"og:image:type\" content=\"image\/png\" \/>\n<meta name=\"twitter:card\" content=\"summary_large_image\" \/>\n<meta name=\"twitter:label1\" content=\"Dur\u00e9e de lecture estim\u00e9e\" \/>\n\t<meta name=\"twitter:data1\" content=\"2 minutes\" \/>\n<script type=\"application\/ld+json\" class=\"yoast-schema-graph\">{\"@context\":\"https:\/\/schema.org\",\"@graph\":[{\"@type\":\"WebPage\",\"@id\":\"https:\/\/www.annonces-legales.org\/blog\/reveil-du-vivarais\/\",\"url\":\"https:\/\/www.annonces-legales.org\/blog\/reveil-du-vivarais\/\",\"name\":\"R\u00e9veil du Vivarais - Actualit\u00e9 des entreprises\",\"isPartOf\":{\"@id\":\"https:\/\/www.annonces-legales.org\/blog\/#website\"},\"primaryImageOfPage\":{\"@id\":\"https:\/\/www.annonces-legales.org\/blog\/reveil-du-vivarais\/#primaryimage\"},\"image\":{\"@id\":\"https:\/\/www.annonces-legales.org\/blog\/reveil-du-vivarais\/#primaryimage\"},\"thumbnailUrl\":\"https:\/\/www.annonces-legales.org\/blog\/wp-content\/uploads\/2021\/09\/Reveil-du-Vivarais.png\",\"datePublished\":\"2021-09-08T10:31:40+00:00\",\"dateModified\":\"2022-01-26T11:14:04+00:00\",\"breadcrumb\":{\"@id\":\"https:\/\/www.annonces-legales.org\/blog\/reveil-du-vivarais\/#breadcrumb\"},\"inLanguage\":\"fr-FR\",\"potentialAction\":[{\"@type\":\"ReadAction\",\"target\":[\"https:\/\/www.annonces-legales.org\/blog\/reveil-du-vivarais\/\"]}]},{\"@type\":\"ImageObject\",\"inLanguage\":\"fr-FR\",\"@id\":\"https:\/\/www.annonces-legales.org\/blog\/reveil-du-vivarais\/#primaryimage\",\"url\":\"https:\/\/www.annonces-legales.org\/blog\/wp-content\/uploads\/2021\/09\/Reveil-du-Vivarais.png\",\"contentUrl\":\"https:\/\/www.annonces-legales.org\/blog\/wp-content\/uploads\/2021\/09\/Reveil-du-Vivarais.png\",\"width\":550,\"height\":99},{\"@type\":\"BreadcrumbList\",\"@id\":\"https:\/\/www.annonces-legales.org\/blog\/reveil-du-vivarais\/#breadcrumb\",\"itemListElement\":[{\"@type\":\"ListItem\",\"position\":1,\"name\":\"Accueil\",\"item\":\"https:\/\/www.annonces-legales.org\/blog\/\"},{\"@type\":\"ListItem\",\"position\":2,\"name\":\"Liste des journaux habilit\u00e9s \u00e0 publier des annonces l\u00e9gales\",\"item\":\"https:\/\/www.annonces-legales.org\/blog\/liste-des-journaux-habilites-a-publier-des-annonces-legales\/\"},{\"@type\":\"ListItem\",\"position\":3,\"name\":\"R\u00e9veil du Vivarais\"}]},{\"@type\":\"WebSite\",\"@id\":\"https:\/\/www.annonces-legales.org\/blog\/#website\",\"url\":\"https:\/\/www.annonces-legales.org\/blog\/\",\"name\":\"Actualit\u00e9 des entreprises\",\"description\":\"\",\"publisher\":{\"@id\":\"https:\/\/www.annonces-legales.org\/blog\/#organization\"},\"potentialAction\":[{\"@type\":\"SearchAction\",\"target\":{\"@type\":\"EntryPoint\",\"urlTemplate\":\"https:\/\/www.annonces-legales.org\/blog\/?s={search_term_string}\"},\"query-input\":{\"@type\":\"PropertyValueSpecification\",\"valueRequired\":true,\"valueName\":\"search_term_string\"}}],\"inLanguage\":\"fr-FR\"},{\"@type\":\"Organization\",\"@id\":\"https:\/\/www.annonces-legales.org\/blog\/#organization\",\"name\":\"Actualit\u00e9 des entreprises\",\"url\":\"https:\/\/www.annonces-legales.org\/blog\/\",\"logo\":{\"@type\":\"ImageObject\",\"inLanguage\":\"fr-FR\",\"@id\":\"https:\/\/www.annonces-legales.org\/blog\/#\/schema\/logo\/image\/\",\"url\":\"https:\/\/www.annonces-legales.org\/blog\/wp-content\/uploads\/2023\/08\/annonces-legales.svg\",\"contentUrl\":\"https:\/\/www.annonces-legales.org\/blog\/wp-content\/uploads\/2023\/08\/annonces-legales.svg\",\"caption\":\"Actualit\u00e9 des entreprises\"},\"image\":{\"@id\":\"https:\/\/www.annonces-legales.org\/blog\/#\/schema\/logo\/image\/\"}}]}<\/script>\n<!-- \/ Yoast SEO plugin. -->","yoast_head_json":{"title":"R\u00e9veil du Vivarais - Actualit\u00e9 des entreprises","robots":{"index":"index","follow":"follow","max-snippet":"max-snippet:-1","max-image-preview":"max-image-preview:large","max-video-preview":"max-video-preview:-1"},"canonical":"https:\/\/www.annonces-legales.org\/blog\/reveil-du-vivarais\/","og_locale":"fr_FR","og_type":"article","og_title":"R\u00e9veil du Vivarais - Actualit\u00e9 des entreprises","og_description":"L&rsquo;hebdomadaire g\u00e9n\u00e9raliste Le R\u00e9veil du Vivarais couvre toute l&rsquo;actualit\u00e9 locale du massif du Pyla, de la vall\u00e9e du Rh\u00f4ne et [&hellip;]","og_url":"https:\/\/www.annonces-legales.org\/blog\/reveil-du-vivarais\/","og_site_name":"Actualit\u00e9 des entreprises","article_modified_time":"2022-01-26T11:14:04+00:00","og_image":[{"width":550,"height":99,"url":"https:\/\/www.annonces-legales.org\/blog\/wp-content\/uploads\/2021\/09\/Reveil-du-Vivarais.png","type":"image\/png"}],"twitter_card":"summary_large_image","twitter_misc":{"Dur\u00e9e de lecture estim\u00e9e":"2 minutes"},"schema":{"@context":"https:\/\/schema.org","@graph":[{"@type":"WebPage","@id":"https:\/\/www.annonces-legales.org\/blog\/reveil-du-vivarais\/","url":"https:\/\/www.annonces-legales.org\/blog\/reveil-du-vivarais\/","name":"R\u00e9veil du Vivarais - Actualit\u00e9 des entreprises","isPartOf":{"@id":"https:\/\/www.annonces-legales.org\/blog\/#website"},"primaryImageOfPage":{"@id":"https:\/\/www.annonces-legales.org\/blog\/reveil-du-vivarais\/#primaryimage"},"image":{"@id":"https:\/\/www.annonces-legales.org\/blog\/reveil-du-vivarais\/#primaryimage"},"thumbnailUrl":"https:\/\/www.annonces-legales.org\/blog\/wp-content\/uploads\/2021\/09\/Reveil-du-Vivarais.png","datePublished":"2021-09-08T10:31:40+00:00","dateModified":"2022-01-26T11:14:04+00:00","breadcrumb":{"@id":"https:\/\/www.annonces-legales.org\/blog\/reveil-du-vivarais\/#breadcrumb"},"inLanguage":"fr-FR","potentialAction":[{"@type":"ReadAction","target":["https:\/\/www.annonces-legales.org\/blog\/reveil-du-vivarais\/"]}]},{"@type":"ImageObject","inLanguage":"fr-FR","@id":"https:\/\/www.annonces-legales.org\/blog\/reveil-du-vivarais\/#primaryimage","url":"https:\/\/www.annonces-legales.org\/blog\/wp-content\/uploads\/2021\/09\/Reveil-du-Vivarais.png","contentUrl":"https:\/\/www.annonces-legales.org\/blog\/wp-content\/uploads\/2021\/09\/Reveil-du-Vivarais.png","width":550,"height":99},{"@type":"BreadcrumbList","@id":"https:\/\/www.annonces-legales.org\/blog\/reveil-du-vivarais\/#breadcrumb","itemListElement":[{"@type":"ListItem","position":1,"name":"Accueil","item":"https:\/\/www.annonces-legales.org\/blog\/"},{"@type":"ListItem","position":2,"name":"Liste des journaux habilit\u00e9s \u00e0 publier des annonces l\u00e9gales","item":"https:\/\/www.annonces-legales.org\/blog\/liste-des-journaux-habilites-a-publier-des-annonces-legales\/"},{"@type":"ListItem","position":3,"name":"R\u00e9veil du Vivarais"}]},{"@type":"WebSite","@id":"https:\/\/www.annonces-legales.org\/blog\/#website","url":"https:\/\/www.annonces-legales.org\/blog\/","name":"Actualit\u00e9 des entreprises","description":"","publisher":{"@id":"https:\/\/www.annonces-legales.org\/blog\/#organization"},"potentialAction":[{"@type":"SearchAction","target":{"@type":"EntryPoint","urlTemplate":"https:\/\/www.annonces-legales.org\/blog\/?s={search_term_string}"},"query-input":{"@type":"PropertyValueSpecification","valueRequired":true,"valueName":"search_term_string"}}],"inLanguage":"fr-FR"},{"@type":"Organization","@id":"https:\/\/www.annonces-legales.org\/blog\/#organization","name":"Actualit\u00e9 des entreprises","url":"https:\/\/www.annonces-legales.org\/blog\/","logo":{"@type":"ImageObject","inLanguage":"fr-FR","@id":"https:\/\/www.annonces-legales.org\/blog\/#\/schema\/logo\/image\/","url":"https:\/\/www.annonces-legales.org\/blog\/wp-content\/uploads\/2023\/08\/annonces-legales.svg","contentUrl":"https:\/\/www.annonces-legales.org\/blog\/wp-content\/uploads\/2023\/08\/annonces-legales.svg","caption":"Actualit\u00e9 des entreprises"},"image":{"@id":"https:\/\/www.annonces-legales.org\/blog\/#\/schema\/logo\/image\/"}}]}},"_links":{"self":[{"href":"https:\/\/www.annonces-legales.org\/blog\/wp-json\/wp\/v2\/pages\/575","targetHints":{"allow":["GET"]}}],"collection":[{"href":"https:\/\/www.annonces-legales.org\/blog\/wp-json\/wp\/v2\/pages"}],"about":[{"href":"https:\/\/www.annonces-legales.org\/blog\/wp-json\/wp\/v2\/types\/page"}],"author":[{"embeddable":true,"href":"https:\/\/www.annonces-legales.org\/blog\/wp-json\/wp\/v2\/users\/1"}],"replies":[{"embeddable":true,"href":"https:\/\/www.annonces-legales.org\/blog\/wp-json\/wp\/v2\/comments?post=575"}],"version-history":[{"count":2,"href":"https:\/\/www.annonces-legales.org\/blog\/wp-json\/wp\/v2\/pages\/575\/revisions"}],"predecessor-version":[{"id":629,"href":"https:\/\/www.annonces-legales.org\/blog\/wp-json\/wp\/v2\/pages\/575\/revisions\/629"}],"up":[{"embeddable":true,"href":"https:\/\/www.annonces-legales.org\/blog\/wp-json\/wp\/v2\/pages\/351"}],"wp:attachment":[{"href":"https:\/\/www.annonces-legales.org\/blog\/wp-json\/wp\/v2\/media?parent=575"}],"curies":[{"name":"wp","href":"https:\/\/api.w.org\/{rel}","templated":true}]}}