{"id":600,"date":"2021-09-08T13:02:18","date_gmt":"2021-09-08T11:02:18","guid":{"rendered":"https:\/\/www.annonces-legales.org\/blog\/?page_id=600"},"modified":"2022-01-26T11:47:56","modified_gmt":"2022-01-26T10:47:56","slug":"echos-du-touquet","status":"publish","type":"page","link":"https:\/\/www.annonces-legales.org\/blog\/echos-du-touquet\/","title":{"rendered":"\u00c9chos du Touquet"},"content":{"rendered":"<p>Les \u00c9chos du Touquet proposent des informations r\u00e9gionales sur le d\u00e9partement du Pas-de-Calais (62). Vous pourrez donc y trouver des informations l\u00e9gales sur les villes de Coulogne, Sangatte, Fr\u00e9thun, Mark, Guemps et bien d&rsquo;autres.<\/p>\n<p><img loading=\"lazy\" decoding=\"async\" class=\"aligncenter size-full wp-image-611\" src=\"https:\/\/www.annonces-legales.org\/blog\/wp-content\/uploads\/2021\/09\/Echos-du-Touquet.png\" alt=\"\" width=\"500\" height=\"115\" srcset=\"https:\/\/www.annonces-legales.org\/blog\/wp-content\/uploads\/2021\/09\/Echos-du-Touquet.png 500w, https:\/\/www.annonces-legales.org\/blog\/wp-content\/uploads\/2021\/09\/Echos-du-Touquet-300x69.png 300w\" sizes=\"auto, (max-width: 500px) 100vw, 500px\" \/><\/p>\n<p>Cet hebdomadaire du Pas-de-Calais a \u00e9t\u00e9 fond\u00e9 en 1957. Comme de nombreux autres journaux du Pas-de-Calais, il est la propri\u00e9t\u00e9 du groupe Rossel &#8211; La Voix (dont la filiale et groupe Nord-Littoral). Ce journal est vendu 1,90 \u20ac et sa diffusion est \u00e9valu\u00e9e \u00e0 environ 3000 exemplaires.<br \/>\nLe journal est propos\u00e9 en version papier poss\u00e8de \u00e9galement une version num\u00e9rique disponible \u00e0 l&rsquo;adresse suivante : lesechosdutouquet.fr<\/p>\n<p>&nbsp;<\/p>\n<h2>Les \u00c9chos du Touquet, Journal d&rsquo;annonce l\u00e9gale du Pas-de-Calais<\/h2>\n<p>Ce journal hebdomadaire publie r\u00e9guli\u00e8rement des annonces l\u00e9gales pour les entreprises de son d\u00e9partement. En effet, le si\u00e8ge social du journal est situ\u00e9 41, Avenue des plages, 62780 Cucq. De plus, le journal propose des informations locales de mani\u00e8re payante. Il r\u00e9pond donc \u00e0 un ensemble de crit\u00e8res demand\u00e9s par la pr\u00e9fecture du Pas-de-Calais et par le minist\u00e8re de la culture pour obtenir une habilitation de publications d&rsquo;annonces l\u00e9gales.<\/p>\n<p>&nbsp;<\/p>\n<h2>Faire une annonce l\u00e9gale pour le d\u00e9partement 62<\/h2>\n<br\/><br\/><div class=\"entry-content notopmargin\">\n\t<img decoding=\"async\" class=\"img-fluid fleft\" src=\"https:\/\/www.annonces-legales.org\/images\/rapide-economique-tout-departement.png\" alt=\"Journal d'annonce l\u00e9gale du Pas-de-Calais \"><a href=\"https:\/\/www.annonces-legales.org\/publication-annonce-legale.html\" class=\"button button-desc fright mtop30\"><div>Je publie<br> mon annonce<br> l\u00e9gale<\/div><span>dans un journal du Pas-de-Calais !<\/span><\/a>\n<\/div><div class=\"clrbth\"><\/div><br\/><br\/>\n<p>Plusieurs solutions s&rsquo;offrent \u00e0 vous, si vous \u00eates dans l&rsquo;obligation de faire une annonce l\u00e9gale dans le d\u00e9partement du Pas-de-Calais. Le journal hebdomadaire les Echos du Touquet peut \u00eatre une solution, cependant ils existent d&rsquo;autre JAL dans ce d\u00e9partement. Vous pouvez les voir \u00e0 l&rsquo;adresse suivante : liste des journaux d&rsquo;annonce l\u00e9gale d\u00e9partement 62.<\/p>\n","protected":false},"excerpt":{"rendered":"<p>Les \u00c9chos du Touquet proposent des informations r\u00e9gionales sur le d\u00e9partement du Pas-de-Calais (62). Vous pourrez donc y trouver des [&hellip;]<\/p>\n","protected":false},"author":1,"featured_media":0,"parent":351,"menu_order":0,"comment_status":"closed","ping_status":"closed","template":"","meta":{"inline_featured_image":false,"footnotes":""},"class_list":["post-600","page","type-page","status-publish","hentry"],"yoast_head":"<!-- This site is optimized with the Yoast SEO plugin v26.8 - https:\/\/yoast.com\/product\/yoast-seo-wordpress\/ -->\n<title>\u00c9chos du Touquet - Actualit\u00e9 des entreprises<\/title>\n<meta name=\"robots\" content=\"index, follow, max-snippet:-1, max-image-preview:large, max-video-preview:-1\" \/>\n<link rel=\"canonical\" href=\"https:\/\/www.annonces-legales.org\/blog\/echos-du-touquet\/\" \/>\n<meta property=\"og:locale\" content=\"fr_FR\" \/>\n<meta property=\"og:type\" content=\"article\" \/>\n<meta property=\"og:title\" content=\"\u00c9chos du Touquet - Actualit\u00e9 des entreprises\" \/>\n<meta property=\"og:description\" content=\"Les \u00c9chos du Touquet proposent des informations r\u00e9gionales sur le d\u00e9partement du Pas-de-Calais (62). Vous pourrez donc y trouver des [&hellip;]\" \/>\n<meta property=\"og:url\" content=\"https:\/\/www.annonces-legales.org\/blog\/echos-du-touquet\/\" \/>\n<meta property=\"og:site_name\" content=\"Actualit\u00e9 des entreprises\" \/>\n<meta property=\"article:modified_time\" content=\"2022-01-26T10:47:56+00:00\" \/>\n<meta property=\"og:image\" content=\"https:\/\/www.annonces-legales.org\/blog\/wp-content\/uploads\/2021\/09\/Echos-du-Touquet.png\" \/>\n\t<meta property=\"og:image:width\" content=\"500\" \/>\n\t<meta property=\"og:image:height\" content=\"115\" \/>\n\t<meta property=\"og:image:type\" content=\"image\/png\" \/>\n<meta name=\"twitter:card\" content=\"summary_large_image\" \/>\n<meta name=\"twitter:label1\" content=\"Dur\u00e9e de lecture estim\u00e9e\" \/>\n\t<meta name=\"twitter:data1\" content=\"1 minute\" \/>\n<script type=\"application\/ld+json\" class=\"yoast-schema-graph\">{\"@context\":\"https:\/\/schema.org\",\"@graph\":[{\"@type\":\"WebPage\",\"@id\":\"https:\/\/www.annonces-legales.org\/blog\/echos-du-touquet\/\",\"url\":\"https:\/\/www.annonces-legales.org\/blog\/echos-du-touquet\/\",\"name\":\"\u00c9chos du Touquet - Actualit\u00e9 des entreprises\",\"isPartOf\":{\"@id\":\"https:\/\/www.annonces-legales.org\/blog\/#website\"},\"primaryImageOfPage\":{\"@id\":\"https:\/\/www.annonces-legales.org\/blog\/echos-du-touquet\/#primaryimage\"},\"image\":{\"@id\":\"https:\/\/www.annonces-legales.org\/blog\/echos-du-touquet\/#primaryimage\"},\"thumbnailUrl\":\"https:\/\/www.annonces-legales.org\/blog\/wp-content\/uploads\/2021\/09\/Echos-du-Touquet.png\",\"datePublished\":\"2021-09-08T11:02:18+00:00\",\"dateModified\":\"2022-01-26T10:47:56+00:00\",\"breadcrumb\":{\"@id\":\"https:\/\/www.annonces-legales.org\/blog\/echos-du-touquet\/#breadcrumb\"},\"inLanguage\":\"fr-FR\",\"potentialAction\":[{\"@type\":\"ReadAction\",\"target\":[\"https:\/\/www.annonces-legales.org\/blog\/echos-du-touquet\/\"]}]},{\"@type\":\"ImageObject\",\"inLanguage\":\"fr-FR\",\"@id\":\"https:\/\/www.annonces-legales.org\/blog\/echos-du-touquet\/#primaryimage\",\"url\":\"https:\/\/www.annonces-legales.org\/blog\/wp-content\/uploads\/2021\/09\/Echos-du-Touquet.png\",\"contentUrl\":\"https:\/\/www.annonces-legales.org\/blog\/wp-content\/uploads\/2021\/09\/Echos-du-Touquet.png\",\"width\":500,\"height\":115},{\"@type\":\"BreadcrumbList\",\"@id\":\"https:\/\/www.annonces-legales.org\/blog\/echos-du-touquet\/#breadcrumb\",\"itemListElement\":[{\"@type\":\"ListItem\",\"position\":1,\"name\":\"Accueil\",\"item\":\"https:\/\/www.annonces-legales.org\/blog\/\"},{\"@type\":\"ListItem\",\"position\":2,\"name\":\"Liste des journaux habilit\u00e9s \u00e0 publier des annonces l\u00e9gales\",\"item\":\"https:\/\/www.annonces-legales.org\/blog\/liste-des-journaux-habilites-a-publier-des-annonces-legales\/\"},{\"@type\":\"ListItem\",\"position\":3,\"name\":\"\u00c9chos du Touquet\"}]},{\"@type\":\"WebSite\",\"@id\":\"https:\/\/www.annonces-legales.org\/blog\/#website\",\"url\":\"https:\/\/www.annonces-legales.org\/blog\/\",\"name\":\"Actualit\u00e9 des entreprises\",\"description\":\"\",\"publisher\":{\"@id\":\"https:\/\/www.annonces-legales.org\/blog\/#organization\"},\"potentialAction\":[{\"@type\":\"SearchAction\",\"target\":{\"@type\":\"EntryPoint\",\"urlTemplate\":\"https:\/\/www.annonces-legales.org\/blog\/?s={search_term_string}\"},\"query-input\":{\"@type\":\"PropertyValueSpecification\",\"valueRequired\":true,\"valueName\":\"search_term_string\"}}],\"inLanguage\":\"fr-FR\"},{\"@type\":\"Organization\",\"@id\":\"https:\/\/www.annonces-legales.org\/blog\/#organization\",\"name\":\"Actualit\u00e9 des entreprises\",\"url\":\"https:\/\/www.annonces-legales.org\/blog\/\",\"logo\":{\"@type\":\"ImageObject\",\"inLanguage\":\"fr-FR\",\"@id\":\"https:\/\/www.annonces-legales.org\/blog\/#\/schema\/logo\/image\/\",\"url\":\"https:\/\/www.annonces-legales.org\/blog\/wp-content\/uploads\/2023\/08\/annonces-legales.svg\",\"contentUrl\":\"https:\/\/www.annonces-legales.org\/blog\/wp-content\/uploads\/2023\/08\/annonces-legales.svg\",\"caption\":\"Actualit\u00e9 des entreprises\"},\"image\":{\"@id\":\"https:\/\/www.annonces-legales.org\/blog\/#\/schema\/logo\/image\/\"}}]}<\/script>\n<!-- \/ Yoast SEO plugin. -->","yoast_head_json":{"title":"\u00c9chos du Touquet - Actualit\u00e9 des entreprises","robots":{"index":"index","follow":"follow","max-snippet":"max-snippet:-1","max-image-preview":"max-image-preview:large","max-video-preview":"max-video-preview:-1"},"canonical":"https:\/\/www.annonces-legales.org\/blog\/echos-du-touquet\/","og_locale":"fr_FR","og_type":"article","og_title":"\u00c9chos du Touquet - Actualit\u00e9 des entreprises","og_description":"Les \u00c9chos du Touquet proposent des informations r\u00e9gionales sur le d\u00e9partement du Pas-de-Calais (62). Vous pourrez donc y trouver des [&hellip;]","og_url":"https:\/\/www.annonces-legales.org\/blog\/echos-du-touquet\/","og_site_name":"Actualit\u00e9 des entreprises","article_modified_time":"2022-01-26T10:47:56+00:00","og_image":[{"width":500,"height":115,"url":"https:\/\/www.annonces-legales.org\/blog\/wp-content\/uploads\/2021\/09\/Echos-du-Touquet.png","type":"image\/png"}],"twitter_card":"summary_large_image","twitter_misc":{"Dur\u00e9e de lecture estim\u00e9e":"1 minute"},"schema":{"@context":"https:\/\/schema.org","@graph":[{"@type":"WebPage","@id":"https:\/\/www.annonces-legales.org\/blog\/echos-du-touquet\/","url":"https:\/\/www.annonces-legales.org\/blog\/echos-du-touquet\/","name":"\u00c9chos du Touquet - Actualit\u00e9 des entreprises","isPartOf":{"@id":"https:\/\/www.annonces-legales.org\/blog\/#website"},"primaryImageOfPage":{"@id":"https:\/\/www.annonces-legales.org\/blog\/echos-du-touquet\/#primaryimage"},"image":{"@id":"https:\/\/www.annonces-legales.org\/blog\/echos-du-touquet\/#primaryimage"},"thumbnailUrl":"https:\/\/www.annonces-legales.org\/blog\/wp-content\/uploads\/2021\/09\/Echos-du-Touquet.png","datePublished":"2021-09-08T11:02:18+00:00","dateModified":"2022-01-26T10:47:56+00:00","breadcrumb":{"@id":"https:\/\/www.annonces-legales.org\/blog\/echos-du-touquet\/#breadcrumb"},"inLanguage":"fr-FR","potentialAction":[{"@type":"ReadAction","target":["https:\/\/www.annonces-legales.org\/blog\/echos-du-touquet\/"]}]},{"@type":"ImageObject","inLanguage":"fr-FR","@id":"https:\/\/www.annonces-legales.org\/blog\/echos-du-touquet\/#primaryimage","url":"https:\/\/www.annonces-legales.org\/blog\/wp-content\/uploads\/2021\/09\/Echos-du-Touquet.png","contentUrl":"https:\/\/www.annonces-legales.org\/blog\/wp-content\/uploads\/2021\/09\/Echos-du-Touquet.png","width":500,"height":115},{"@type":"BreadcrumbList","@id":"https:\/\/www.annonces-legales.org\/blog\/echos-du-touquet\/#breadcrumb","itemListElement":[{"@type":"ListItem","position":1,"name":"Accueil","item":"https:\/\/www.annonces-legales.org\/blog\/"},{"@type":"ListItem","position":2,"name":"Liste des journaux habilit\u00e9s \u00e0 publier des annonces l\u00e9gales","item":"https:\/\/www.annonces-legales.org\/blog\/liste-des-journaux-habilites-a-publier-des-annonces-legales\/"},{"@type":"ListItem","position":3,"name":"\u00c9chos du Touquet"}]},{"@type":"WebSite","@id":"https:\/\/www.annonces-legales.org\/blog\/#website","url":"https:\/\/www.annonces-legales.org\/blog\/","name":"Actualit\u00e9 des entreprises","description":"","publisher":{"@id":"https:\/\/www.annonces-legales.org\/blog\/#organization"},"potentialAction":[{"@type":"SearchAction","target":{"@type":"EntryPoint","urlTemplate":"https:\/\/www.annonces-legales.org\/blog\/?s={search_term_string}"},"query-input":{"@type":"PropertyValueSpecification","valueRequired":true,"valueName":"search_term_string"}}],"inLanguage":"fr-FR"},{"@type":"Organization","@id":"https:\/\/www.annonces-legales.org\/blog\/#organization","name":"Actualit\u00e9 des entreprises","url":"https:\/\/www.annonces-legales.org\/blog\/","logo":{"@type":"ImageObject","inLanguage":"fr-FR","@id":"https:\/\/www.annonces-legales.org\/blog\/#\/schema\/logo\/image\/","url":"https:\/\/www.annonces-legales.org\/blog\/wp-content\/uploads\/2023\/08\/annonces-legales.svg","contentUrl":"https:\/\/www.annonces-legales.org\/blog\/wp-content\/uploads\/2023\/08\/annonces-legales.svg","caption":"Actualit\u00e9 des entreprises"},"image":{"@id":"https:\/\/www.annonces-legales.org\/blog\/#\/schema\/logo\/image\/"}}]}},"_links":{"self":[{"href":"https:\/\/www.annonces-legales.org\/blog\/wp-json\/wp\/v2\/pages\/600","targetHints":{"allow":["GET"]}}],"collection":[{"href":"https:\/\/www.annonces-legales.org\/blog\/wp-json\/wp\/v2\/pages"}],"about":[{"href":"https:\/\/www.annonces-legales.org\/blog\/wp-json\/wp\/v2\/types\/page"}],"author":[{"embeddable":true,"href":"https:\/\/www.annonces-legales.org\/blog\/wp-json\/wp\/v2\/users\/1"}],"replies":[{"embeddable":true,"href":"https:\/\/www.annonces-legales.org\/blog\/wp-json\/wp\/v2\/comments?post=600"}],"version-history":[{"count":3,"href":"https:\/\/www.annonces-legales.org\/blog\/wp-json\/wp\/v2\/pages\/600\/revisions"}],"predecessor-version":[{"id":612,"href":"https:\/\/www.annonces-legales.org\/blog\/wp-json\/wp\/v2\/pages\/600\/revisions\/612"}],"up":[{"embeddable":true,"href":"https:\/\/www.annonces-legales.org\/blog\/wp-json\/wp\/v2\/pages\/351"}],"wp:attachment":[{"href":"https:\/\/www.annonces-legales.org\/blog\/wp-json\/wp\/v2\/media?parent=600"}],"curies":[{"name":"wp","href":"https:\/\/api.w.org\/{rel}","templated":true}]}}