{"id":638,"date":"2021-09-13T19:06:02","date_gmt":"2021-09-13T17:06:02","guid":{"rendered":"https:\/\/www.annonces-legales.org\/blog\/?page_id=638"},"modified":"2022-01-26T12:11:20","modified_gmt":"2022-01-26T11:11:20","slug":"picardie-la-gazette","status":"publish","type":"page","link":"https:\/\/www.annonces-legales.org\/blog\/picardie-la-gazette\/","title":{"rendered":"Picardie la Gazette"},"content":{"rendered":"<p>Le journal <strong>Picardie la Gazette<\/strong> est un hebdomadaire \u00e9conomique qui poss\u00e8de deux \u00e9ditions : une \u00e9dition pour l&rsquo;Aisne et une \u00e9dition pour la Somme. Il para\u00eet tous les vendredis.<br \/>\nLe journal propose des actualit\u00e9s sur le commerce, le droit, l&rsquo;\u00e9conomie, les entreprises et les collectivit\u00e9s de l&rsquo;Aisne, de la Somme et de l&rsquo;Ard\u00e8che.<\/p>\n<p><img loading=\"lazy\" decoding=\"async\" class=\"aligncenter size-medium wp-image-670\" src=\"https:\/\/www.annonces-legales.org\/blog\/wp-content\/uploads\/2021\/09\/picardie-la-gazette-300x78.png\" alt=\"\" width=\"300\" height=\"78\" srcset=\"https:\/\/www.annonces-legales.org\/blog\/wp-content\/uploads\/2021\/09\/picardie-la-gazette-300x78.png 300w, https:\/\/www.annonces-legales.org\/blog\/wp-content\/uploads\/2021\/09\/picardie-la-gazette.png 600w\" sizes=\"auto, (max-width: 300px) 100vw, 300px\" \/><\/p>\n<p>C&rsquo;est un journal qui a \u00e9t\u00e9 habilit\u00e9 pour pouvoir faire des annonces l\u00e9gales pour le d\u00e9partement de l&rsquo;Aisne 02 et le d\u00e9partement des Ardennes 08. Il semble qu&rsquo;il publie entre 30 et 100 annonces l\u00e9gales par semaine.<\/p>\n<p>Le journal poss\u00e8de un site Internet visible sur picardiegazette.fr. Il est possible de s&rsquo;abonner pour un an pour 45 \u20ac; Cela donne acc\u00e8s \u00e0 l&rsquo;\u00e9dition papier et \u00e0 l&rsquo;\u00e9dition num\u00e9rique du journal ainsi qu&rsquo;aux nombreux suppl\u00e9ments.<\/p>\n<p>L&rsquo;adresse du journal est situ\u00e9e \u00e0 Amiens (80 000), 3 places Aguesseau.<\/p>\n<p>&nbsp;<\/p>\n<h2>Quels pr\u00e9requis un journal doit remplir pour \u00eatre un journal d&rsquo;annonce l\u00e9gale ?<\/h2>\n<p>Le journal Picardie la Gazette peut faire des annonces l\u00e9gales pour le d\u00e9partement de l&rsquo;Aisne et des Ardennes. Cela veut dire que la pr\u00e9fecture de chacun de ces d\u00e9partements lui a donn\u00e9 une habilitation.<\/p>\n<p>L&rsquo;habilitation est donn\u00e9e aux journaux r\u00e9gionaux qui diffusent de l&rsquo;information locale et qui sont lus par suffisamment de lecteurs (bien entendu ce chiffre change selon le d\u00e9partement).<\/p>\n<p>Un journal habilit\u00e9 national peut aussi obtenir une habilitation quand il propose des actualit\u00e9s locales du d\u00e9partement.<\/p>\n<br\/><br\/><div class=\"entry-content notopmargin\">\n\t<img decoding=\"async\" class=\"img-fluid fleft\" src=\"https:\/\/www.annonces-legales.org\/images\/rapide-economique-tout-departement.png\" alt=\"Journal d'annonce l\u00e9gale du 02 ou du 08 \"><a href=\"https:\/\/www.annonces-legales.org\/publication-annonce-legale.html\" class=\"button button-desc fright mtop30\"><div>Je publie<br> mon annonce<br> l\u00e9gale<\/div><span>dans un journal du 02 ou du 08 !<\/span><\/a>\n<\/div><div class=\"clrbth\"><\/div><br\/><br\/>\n<h2>Vous souhaitez publier une annonce l\u00e9gale dans le d\u00e9partement de l&rsquo;Aisne ou des Ardennes ?<\/h2>\n<p>Vous pouvez utiliser nos service pour avoir le meilleur prix possible. Essayez pour obtenir un devis sans engagement.<\/p>\n","protected":false},"excerpt":{"rendered":"<p>Le journal Picardie la Gazette est un hebdomadaire \u00e9conomique qui poss\u00e8de deux \u00e9ditions : une \u00e9dition pour l&rsquo;Aisne et une [&hellip;]<\/p>\n","protected":false},"author":1,"featured_media":0,"parent":351,"menu_order":0,"comment_status":"closed","ping_status":"closed","template":"","meta":{"inline_featured_image":false,"footnotes":""},"class_list":["post-638","page","type-page","status-publish","hentry"],"yoast_head":"<!-- This site is optimized with the Yoast SEO plugin v26.8 - https:\/\/yoast.com\/product\/yoast-seo-wordpress\/ -->\n<title>Picardie la Gazette - Actualit\u00e9 des entreprises<\/title>\n<meta name=\"robots\" content=\"index, follow, max-snippet:-1, max-image-preview:large, max-video-preview:-1\" \/>\n<link rel=\"canonical\" href=\"https:\/\/www.annonces-legales.org\/blog\/picardie-la-gazette\/\" \/>\n<meta property=\"og:locale\" content=\"fr_FR\" \/>\n<meta property=\"og:type\" content=\"article\" \/>\n<meta property=\"og:title\" content=\"Picardie la Gazette - Actualit\u00e9 des entreprises\" \/>\n<meta property=\"og:description\" content=\"Le journal Picardie la Gazette est un hebdomadaire \u00e9conomique qui poss\u00e8de deux \u00e9ditions : une \u00e9dition pour l&rsquo;Aisne et une [&hellip;]\" \/>\n<meta property=\"og:url\" content=\"https:\/\/www.annonces-legales.org\/blog\/picardie-la-gazette\/\" \/>\n<meta property=\"og:site_name\" content=\"Actualit\u00e9 des entreprises\" \/>\n<meta property=\"article:modified_time\" content=\"2022-01-26T11:11:20+00:00\" \/>\n<meta property=\"og:image\" content=\"https:\/\/www.annonces-legales.org\/blog\/wp-content\/uploads\/2021\/09\/picardie-la-gazette.png\" \/>\n\t<meta property=\"og:image:width\" content=\"600\" \/>\n\t<meta property=\"og:image:height\" content=\"155\" \/>\n\t<meta property=\"og:image:type\" content=\"image\/png\" \/>\n<meta name=\"twitter:card\" content=\"summary_large_image\" \/>\n<meta name=\"twitter:label1\" content=\"Dur\u00e9e de lecture estim\u00e9e\" \/>\n\t<meta name=\"twitter:data1\" content=\"1 minute\" \/>\n<script type=\"application\/ld+json\" class=\"yoast-schema-graph\">{\"@context\":\"https:\/\/schema.org\",\"@graph\":[{\"@type\":\"WebPage\",\"@id\":\"https:\/\/www.annonces-legales.org\/blog\/picardie-la-gazette\/\",\"url\":\"https:\/\/www.annonces-legales.org\/blog\/picardie-la-gazette\/\",\"name\":\"Picardie la Gazette - Actualit\u00e9 des entreprises\",\"isPartOf\":{\"@id\":\"https:\/\/www.annonces-legales.org\/blog\/#website\"},\"primaryImageOfPage\":{\"@id\":\"https:\/\/www.annonces-legales.org\/blog\/picardie-la-gazette\/#primaryimage\"},\"image\":{\"@id\":\"https:\/\/www.annonces-legales.org\/blog\/picardie-la-gazette\/#primaryimage\"},\"thumbnailUrl\":\"https:\/\/www.annonces-legales.org\/blog\/wp-content\/uploads\/2021\/09\/picardie-la-gazette-300x78.png\",\"datePublished\":\"2021-09-13T17:06:02+00:00\",\"dateModified\":\"2022-01-26T11:11:20+00:00\",\"breadcrumb\":{\"@id\":\"https:\/\/www.annonces-legales.org\/blog\/picardie-la-gazette\/#breadcrumb\"},\"inLanguage\":\"fr-FR\",\"potentialAction\":[{\"@type\":\"ReadAction\",\"target\":[\"https:\/\/www.annonces-legales.org\/blog\/picardie-la-gazette\/\"]}]},{\"@type\":\"ImageObject\",\"inLanguage\":\"fr-FR\",\"@id\":\"https:\/\/www.annonces-legales.org\/blog\/picardie-la-gazette\/#primaryimage\",\"url\":\"https:\/\/www.annonces-legales.org\/blog\/wp-content\/uploads\/2021\/09\/picardie-la-gazette.png\",\"contentUrl\":\"https:\/\/www.annonces-legales.org\/blog\/wp-content\/uploads\/2021\/09\/picardie-la-gazette.png\",\"width\":600,\"height\":155},{\"@type\":\"BreadcrumbList\",\"@id\":\"https:\/\/www.annonces-legales.org\/blog\/picardie-la-gazette\/#breadcrumb\",\"itemListElement\":[{\"@type\":\"ListItem\",\"position\":1,\"name\":\"Accueil\",\"item\":\"https:\/\/www.annonces-legales.org\/blog\/\"},{\"@type\":\"ListItem\",\"position\":2,\"name\":\"Liste des journaux habilit\u00e9s \u00e0 publier des annonces l\u00e9gales\",\"item\":\"https:\/\/www.annonces-legales.org\/blog\/liste-des-journaux-habilites-a-publier-des-annonces-legales\/\"},{\"@type\":\"ListItem\",\"position\":3,\"name\":\"Picardie la Gazette\"}]},{\"@type\":\"WebSite\",\"@id\":\"https:\/\/www.annonces-legales.org\/blog\/#website\",\"url\":\"https:\/\/www.annonces-legales.org\/blog\/\",\"name\":\"Actualit\u00e9 des entreprises\",\"description\":\"\",\"publisher\":{\"@id\":\"https:\/\/www.annonces-legales.org\/blog\/#organization\"},\"potentialAction\":[{\"@type\":\"SearchAction\",\"target\":{\"@type\":\"EntryPoint\",\"urlTemplate\":\"https:\/\/www.annonces-legales.org\/blog\/?s={search_term_string}\"},\"query-input\":{\"@type\":\"PropertyValueSpecification\",\"valueRequired\":true,\"valueName\":\"search_term_string\"}}],\"inLanguage\":\"fr-FR\"},{\"@type\":\"Organization\",\"@id\":\"https:\/\/www.annonces-legales.org\/blog\/#organization\",\"name\":\"Actualit\u00e9 des entreprises\",\"url\":\"https:\/\/www.annonces-legales.org\/blog\/\",\"logo\":{\"@type\":\"ImageObject\",\"inLanguage\":\"fr-FR\",\"@id\":\"https:\/\/www.annonces-legales.org\/blog\/#\/schema\/logo\/image\/\",\"url\":\"https:\/\/www.annonces-legales.org\/blog\/wp-content\/uploads\/2023\/08\/annonces-legales.svg\",\"contentUrl\":\"https:\/\/www.annonces-legales.org\/blog\/wp-content\/uploads\/2023\/08\/annonces-legales.svg\",\"caption\":\"Actualit\u00e9 des entreprises\"},\"image\":{\"@id\":\"https:\/\/www.annonces-legales.org\/blog\/#\/schema\/logo\/image\/\"}}]}<\/script>\n<!-- \/ Yoast SEO plugin. -->","yoast_head_json":{"title":"Picardie la Gazette - Actualit\u00e9 des entreprises","robots":{"index":"index","follow":"follow","max-snippet":"max-snippet:-1","max-image-preview":"max-image-preview:large","max-video-preview":"max-video-preview:-1"},"canonical":"https:\/\/www.annonces-legales.org\/blog\/picardie-la-gazette\/","og_locale":"fr_FR","og_type":"article","og_title":"Picardie la Gazette - Actualit\u00e9 des entreprises","og_description":"Le journal Picardie la Gazette est un hebdomadaire \u00e9conomique qui poss\u00e8de deux \u00e9ditions : une \u00e9dition pour l&rsquo;Aisne et une [&hellip;]","og_url":"https:\/\/www.annonces-legales.org\/blog\/picardie-la-gazette\/","og_site_name":"Actualit\u00e9 des entreprises","article_modified_time":"2022-01-26T11:11:20+00:00","og_image":[{"width":600,"height":155,"url":"https:\/\/www.annonces-legales.org\/blog\/wp-content\/uploads\/2021\/09\/picardie-la-gazette.png","type":"image\/png"}],"twitter_card":"summary_large_image","twitter_misc":{"Dur\u00e9e de lecture estim\u00e9e":"1 minute"},"schema":{"@context":"https:\/\/schema.org","@graph":[{"@type":"WebPage","@id":"https:\/\/www.annonces-legales.org\/blog\/picardie-la-gazette\/","url":"https:\/\/www.annonces-legales.org\/blog\/picardie-la-gazette\/","name":"Picardie la Gazette - Actualit\u00e9 des entreprises","isPartOf":{"@id":"https:\/\/www.annonces-legales.org\/blog\/#website"},"primaryImageOfPage":{"@id":"https:\/\/www.annonces-legales.org\/blog\/picardie-la-gazette\/#primaryimage"},"image":{"@id":"https:\/\/www.annonces-legales.org\/blog\/picardie-la-gazette\/#primaryimage"},"thumbnailUrl":"https:\/\/www.annonces-legales.org\/blog\/wp-content\/uploads\/2021\/09\/picardie-la-gazette-300x78.png","datePublished":"2021-09-13T17:06:02+00:00","dateModified":"2022-01-26T11:11:20+00:00","breadcrumb":{"@id":"https:\/\/www.annonces-legales.org\/blog\/picardie-la-gazette\/#breadcrumb"},"inLanguage":"fr-FR","potentialAction":[{"@type":"ReadAction","target":["https:\/\/www.annonces-legales.org\/blog\/picardie-la-gazette\/"]}]},{"@type":"ImageObject","inLanguage":"fr-FR","@id":"https:\/\/www.annonces-legales.org\/blog\/picardie-la-gazette\/#primaryimage","url":"https:\/\/www.annonces-legales.org\/blog\/wp-content\/uploads\/2021\/09\/picardie-la-gazette.png","contentUrl":"https:\/\/www.annonces-legales.org\/blog\/wp-content\/uploads\/2021\/09\/picardie-la-gazette.png","width":600,"height":155},{"@type":"BreadcrumbList","@id":"https:\/\/www.annonces-legales.org\/blog\/picardie-la-gazette\/#breadcrumb","itemListElement":[{"@type":"ListItem","position":1,"name":"Accueil","item":"https:\/\/www.annonces-legales.org\/blog\/"},{"@type":"ListItem","position":2,"name":"Liste des journaux habilit\u00e9s \u00e0 publier des annonces l\u00e9gales","item":"https:\/\/www.annonces-legales.org\/blog\/liste-des-journaux-habilites-a-publier-des-annonces-legales\/"},{"@type":"ListItem","position":3,"name":"Picardie la Gazette"}]},{"@type":"WebSite","@id":"https:\/\/www.annonces-legales.org\/blog\/#website","url":"https:\/\/www.annonces-legales.org\/blog\/","name":"Actualit\u00e9 des entreprises","description":"","publisher":{"@id":"https:\/\/www.annonces-legales.org\/blog\/#organization"},"potentialAction":[{"@type":"SearchAction","target":{"@type":"EntryPoint","urlTemplate":"https:\/\/www.annonces-legales.org\/blog\/?s={search_term_string}"},"query-input":{"@type":"PropertyValueSpecification","valueRequired":true,"valueName":"search_term_string"}}],"inLanguage":"fr-FR"},{"@type":"Organization","@id":"https:\/\/www.annonces-legales.org\/blog\/#organization","name":"Actualit\u00e9 des entreprises","url":"https:\/\/www.annonces-legales.org\/blog\/","logo":{"@type":"ImageObject","inLanguage":"fr-FR","@id":"https:\/\/www.annonces-legales.org\/blog\/#\/schema\/logo\/image\/","url":"https:\/\/www.annonces-legales.org\/blog\/wp-content\/uploads\/2023\/08\/annonces-legales.svg","contentUrl":"https:\/\/www.annonces-legales.org\/blog\/wp-content\/uploads\/2023\/08\/annonces-legales.svg","caption":"Actualit\u00e9 des entreprises"},"image":{"@id":"https:\/\/www.annonces-legales.org\/blog\/#\/schema\/logo\/image\/"}}]}},"_links":{"self":[{"href":"https:\/\/www.annonces-legales.org\/blog\/wp-json\/wp\/v2\/pages\/638","targetHints":{"allow":["GET"]}}],"collection":[{"href":"https:\/\/www.annonces-legales.org\/blog\/wp-json\/wp\/v2\/pages"}],"about":[{"href":"https:\/\/www.annonces-legales.org\/blog\/wp-json\/wp\/v2\/types\/page"}],"author":[{"embeddable":true,"href":"https:\/\/www.annonces-legales.org\/blog\/wp-json\/wp\/v2\/users\/1"}],"replies":[{"embeddable":true,"href":"https:\/\/www.annonces-legales.org\/blog\/wp-json\/wp\/v2\/comments?post=638"}],"version-history":[{"count":4,"href":"https:\/\/www.annonces-legales.org\/blog\/wp-json\/wp\/v2\/pages\/638\/revisions"}],"predecessor-version":[{"id":671,"href":"https:\/\/www.annonces-legales.org\/blog\/wp-json\/wp\/v2\/pages\/638\/revisions\/671"}],"up":[{"embeddable":true,"href":"https:\/\/www.annonces-legales.org\/blog\/wp-json\/wp\/v2\/pages\/351"}],"wp:attachment":[{"href":"https:\/\/www.annonces-legales.org\/blog\/wp-json\/wp\/v2\/media?parent=638"}],"curies":[{"name":"wp","href":"https:\/\/api.w.org\/{rel}","templated":true}]}}