{"id":641,"date":"2021-09-13T19:15:22","date_gmt":"2021-09-13T17:15:22","guid":{"rendered":"https:\/\/www.annonces-legales.org\/blog\/?page_id=641"},"modified":"2022-01-26T12:15:53","modified_gmt":"2022-01-26T11:15:53","slug":"tpbm-semaine-de-provence","status":"publish","type":"page","link":"https:\/\/www.annonces-legales.org\/blog\/tpbm-semaine-de-provence\/","title":{"rendered":"TPBM &#8211; Semaine de provence"},"content":{"rendered":"<p><img loading=\"lazy\" decoding=\"async\" class=\"aligncenter size-medium wp-image-672\" src=\"https:\/\/www.annonces-legales.org\/blog\/wp-content\/uploads\/2021\/09\/tbpm-300x138.png\" alt=\"\" width=\"300\" height=\"138\" srcset=\"https:\/\/www.annonces-legales.org\/blog\/wp-content\/uploads\/2021\/09\/tbpm-300x138.png 300w, https:\/\/www.annonces-legales.org\/blog\/wp-content\/uploads\/2021\/09\/tbpm.png 550w\" sizes=\"auto, (max-width: 300px) 100vw, 300px\" \/><\/p>\n<p><strong>TPBM<\/strong> semaine de Provence est un hebdomadaire dont la date de parution est le mercredi.<\/p>\n<p>TPBM signifie <strong>Travaux Publics &amp; B\u00e2timent du Midi<\/strong>. C&rsquo;est un journal qui propose des informations sur le BTP, l&rsquo;architecture, l&rsquo;urbanisme, le territoire pour les d\u00e9partements des Alpes-de-Haute-Provence, des Bouches-du-Rh\u00f4ne, des Alpes-Maritimes, des Hautes-Alpes, du Var et du Vaucluse.<\/p>\n<p>Le journal propose \u00e9galement des interviews ainsi que des informations sur le droit.<\/p>\n<p>Le journal poss\u00e8de un site internet sur lequel il est possible de s&rsquo;abonner pour seulement 20 euros par an (pour 52 num\u00e9ros).<\/p>\n<p>Le si\u00e8ge social du journal est 32 Cr Pierre Puget, 13006 Marseille.<\/p>\n<p>&nbsp;<\/p>\n<h2>TPBM, journal d&rsquo;annonces l\u00e9gales<\/h2>\n<p>TPBM a \u00e9t\u00e9 <strong>habilit\u00e9 pour publier des annonces l\u00e9gales<\/strong> dans cinq d\u00e9partements : les d\u00e9partements des Bouches-du-Rh\u00f4ne, des Hautes-Alpes, des Alpes-de-Haute-Provence, du Var et du Vaucluse.<br \/>\nCet hebdomadaire publie chaque semaine plusieurs centaines d&rsquo;annonces l\u00e9gales.<\/p>\n<p>&nbsp;<\/p>\n<p>&nbsp;<\/p>\n<h2>Quelles sont les soci\u00e9t\u00e9s qui ont l&rsquo;obligation de publier des avis officiels ?<\/h2>\n<p>La globalit\u00e9 des entreprises de type commerciale doivent effectuer des annonces l\u00e9gales et judiciaires. Lorsqu&rsquo;une entreprise poss\u00e8de des statuts, elle devra faire une annonce l\u00e9gale d\u00e8s qu&rsquo;un changement doit \u00eatre fait dans ceux-ci.<\/p>\n<p>Les petites entreprises (microentreprise) n&rsquo;auront pas \u00e0 faire ce type d&rsquo;annonce car elles n&rsquo;ont pas de statuts juridiques.<\/p>\n<br\/><br\/><div class=\"entry-content notopmargin\">\n\t<img decoding=\"async\" class=\"img-fluid fleft\" src=\"https:\/\/www.annonces-legales.org\/images\/rapide-economique-tout-departement.png\" alt=\"Journal d'annonce l\u00e9gale d'annonces l\u00e9gales \"><a href=\"https:\/\/www.annonces-legales.org\/publication-annonce-legale.html\" class=\"button button-desc fright mtop30\"><div>Je publie<br> mon annonce<br> l\u00e9gale<\/div><span>dans un journal d'annonces l\u00e9gales !<\/span><\/a>\n<\/div><div class=\"clrbth\"><\/div><br\/><br\/>\n<p>&nbsp;<\/p>\n<h2>Quel journal d&rsquo;annonce l\u00e9gale habilit\u00e9 choisir ?<\/h2>\n<p>L&rsquo;annonce l\u00e9gale est une formalit\u00e9 obligatoire. Ce n&rsquo;est pas de la r\u00e9clame.<br \/>\nDu moment que le journal poss\u00e8de l&rsquo;homologation pour r\u00e9aliser une annonce dans votre r\u00e9gion, vous pouvez l&rsquo;utiliser. C&rsquo;est bien s\u00fbr le cas pour le journal TPBM &#8211; Semaine de Provence qui peut publier dans plusieurs d\u00e9partements.<\/p>\n<h2>Combien une annonce l\u00e9gale co\u00fbte-t-elle ?<\/h2>\n<p>Le prix d&rsquo;un avis de constitution est forfaitaire. Le prix est donc le m\u00eame pour toutes les entreprises fran\u00e7aises.<\/p>\n<p>En revanche, les autres annonces l\u00e9gales ont un co\u00fbt variable. Selon le journal utilis\u00e9, le prix de l&rsquo;annonce peut \u00eatre multipli\u00e9 ou divis\u00e9 par 2. C&rsquo;est pour cela qu&rsquo;il faut faire des devis.<\/p>\n","protected":false},"excerpt":{"rendered":"<p>TPBM semaine de Provence est un hebdomadaire dont la date de parution est le mercredi. TPBM signifie Travaux Publics &amp; [&hellip;]<\/p>\n","protected":false},"author":1,"featured_media":0,"parent":351,"menu_order":0,"comment_status":"closed","ping_status":"closed","template":"","meta":{"inline_featured_image":false,"footnotes":""},"class_list":["post-641","page","type-page","status-publish","hentry"],"yoast_head":"<!-- This site is optimized with the Yoast SEO plugin v26.8 - https:\/\/yoast.com\/product\/yoast-seo-wordpress\/ -->\n<title>TPBM - Semaine de provence - Actualit\u00e9 des entreprises<\/title>\n<meta name=\"robots\" content=\"index, follow, max-snippet:-1, max-image-preview:large, max-video-preview:-1\" \/>\n<link rel=\"canonical\" href=\"https:\/\/www.annonces-legales.org\/blog\/tpbm-semaine-de-provence\/\" \/>\n<meta property=\"og:locale\" content=\"fr_FR\" \/>\n<meta property=\"og:type\" content=\"article\" \/>\n<meta property=\"og:title\" content=\"TPBM - Semaine de provence - Actualit\u00e9 des entreprises\" \/>\n<meta property=\"og:description\" content=\"TPBM semaine de Provence est un hebdomadaire dont la date de parution est le mercredi. TPBM signifie Travaux Publics &amp; [&hellip;]\" \/>\n<meta property=\"og:url\" content=\"https:\/\/www.annonces-legales.org\/blog\/tpbm-semaine-de-provence\/\" \/>\n<meta property=\"og:site_name\" content=\"Actualit\u00e9 des entreprises\" \/>\n<meta property=\"article:modified_time\" content=\"2022-01-26T11:15:53+00:00\" \/>\n<meta property=\"og:image\" content=\"https:\/\/www.annonces-legales.org\/blog\/wp-content\/uploads\/2021\/09\/tbpm.png\" \/>\n\t<meta property=\"og:image:width\" content=\"550\" \/>\n\t<meta property=\"og:image:height\" content=\"253\" \/>\n\t<meta property=\"og:image:type\" content=\"image\/png\" \/>\n<meta name=\"twitter:card\" content=\"summary_large_image\" \/>\n<meta name=\"twitter:label1\" content=\"Dur\u00e9e de lecture estim\u00e9e\" \/>\n\t<meta name=\"twitter:data1\" content=\"2 minutes\" \/>\n<script type=\"application\/ld+json\" class=\"yoast-schema-graph\">{\"@context\":\"https:\/\/schema.org\",\"@graph\":[{\"@type\":\"WebPage\",\"@id\":\"https:\/\/www.annonces-legales.org\/blog\/tpbm-semaine-de-provence\/\",\"url\":\"https:\/\/www.annonces-legales.org\/blog\/tpbm-semaine-de-provence\/\",\"name\":\"TPBM - Semaine de provence - Actualit\u00e9 des entreprises\",\"isPartOf\":{\"@id\":\"https:\/\/www.annonces-legales.org\/blog\/#website\"},\"primaryImageOfPage\":{\"@id\":\"https:\/\/www.annonces-legales.org\/blog\/tpbm-semaine-de-provence\/#primaryimage\"},\"image\":{\"@id\":\"https:\/\/www.annonces-legales.org\/blog\/tpbm-semaine-de-provence\/#primaryimage\"},\"thumbnailUrl\":\"https:\/\/www.annonces-legales.org\/blog\/wp-content\/uploads\/2021\/09\/tbpm-300x138.png\",\"datePublished\":\"2021-09-13T17:15:22+00:00\",\"dateModified\":\"2022-01-26T11:15:53+00:00\",\"breadcrumb\":{\"@id\":\"https:\/\/www.annonces-legales.org\/blog\/tpbm-semaine-de-provence\/#breadcrumb\"},\"inLanguage\":\"fr-FR\",\"potentialAction\":[{\"@type\":\"ReadAction\",\"target\":[\"https:\/\/www.annonces-legales.org\/blog\/tpbm-semaine-de-provence\/\"]}]},{\"@type\":\"ImageObject\",\"inLanguage\":\"fr-FR\",\"@id\":\"https:\/\/www.annonces-legales.org\/blog\/tpbm-semaine-de-provence\/#primaryimage\",\"url\":\"https:\/\/www.annonces-legales.org\/blog\/wp-content\/uploads\/2021\/09\/tbpm.png\",\"contentUrl\":\"https:\/\/www.annonces-legales.org\/blog\/wp-content\/uploads\/2021\/09\/tbpm.png\",\"width\":550,\"height\":253},{\"@type\":\"BreadcrumbList\",\"@id\":\"https:\/\/www.annonces-legales.org\/blog\/tpbm-semaine-de-provence\/#breadcrumb\",\"itemListElement\":[{\"@type\":\"ListItem\",\"position\":1,\"name\":\"Accueil\",\"item\":\"https:\/\/www.annonces-legales.org\/blog\/\"},{\"@type\":\"ListItem\",\"position\":2,\"name\":\"Liste des journaux habilit\u00e9s \u00e0 publier des annonces l\u00e9gales\",\"item\":\"https:\/\/www.annonces-legales.org\/blog\/liste-des-journaux-habilites-a-publier-des-annonces-legales\/\"},{\"@type\":\"ListItem\",\"position\":3,\"name\":\"TPBM &#8211; Semaine de provence\"}]},{\"@type\":\"WebSite\",\"@id\":\"https:\/\/www.annonces-legales.org\/blog\/#website\",\"url\":\"https:\/\/www.annonces-legales.org\/blog\/\",\"name\":\"Actualit\u00e9 des entreprises\",\"description\":\"\",\"publisher\":{\"@id\":\"https:\/\/www.annonces-legales.org\/blog\/#organization\"},\"potentialAction\":[{\"@type\":\"SearchAction\",\"target\":{\"@type\":\"EntryPoint\",\"urlTemplate\":\"https:\/\/www.annonces-legales.org\/blog\/?s={search_term_string}\"},\"query-input\":{\"@type\":\"PropertyValueSpecification\",\"valueRequired\":true,\"valueName\":\"search_term_string\"}}],\"inLanguage\":\"fr-FR\"},{\"@type\":\"Organization\",\"@id\":\"https:\/\/www.annonces-legales.org\/blog\/#organization\",\"name\":\"Actualit\u00e9 des entreprises\",\"url\":\"https:\/\/www.annonces-legales.org\/blog\/\",\"logo\":{\"@type\":\"ImageObject\",\"inLanguage\":\"fr-FR\",\"@id\":\"https:\/\/www.annonces-legales.org\/blog\/#\/schema\/logo\/image\/\",\"url\":\"https:\/\/www.annonces-legales.org\/blog\/wp-content\/uploads\/2023\/08\/annonces-legales.svg\",\"contentUrl\":\"https:\/\/www.annonces-legales.org\/blog\/wp-content\/uploads\/2023\/08\/annonces-legales.svg\",\"caption\":\"Actualit\u00e9 des entreprises\"},\"image\":{\"@id\":\"https:\/\/www.annonces-legales.org\/blog\/#\/schema\/logo\/image\/\"}}]}<\/script>\n<!-- \/ Yoast SEO plugin. -->","yoast_head_json":{"title":"TPBM - Semaine de provence - Actualit\u00e9 des entreprises","robots":{"index":"index","follow":"follow","max-snippet":"max-snippet:-1","max-image-preview":"max-image-preview:large","max-video-preview":"max-video-preview:-1"},"canonical":"https:\/\/www.annonces-legales.org\/blog\/tpbm-semaine-de-provence\/","og_locale":"fr_FR","og_type":"article","og_title":"TPBM - Semaine de provence - Actualit\u00e9 des entreprises","og_description":"TPBM semaine de Provence est un hebdomadaire dont la date de parution est le mercredi. TPBM signifie Travaux Publics &amp; [&hellip;]","og_url":"https:\/\/www.annonces-legales.org\/blog\/tpbm-semaine-de-provence\/","og_site_name":"Actualit\u00e9 des entreprises","article_modified_time":"2022-01-26T11:15:53+00:00","og_image":[{"width":550,"height":253,"url":"https:\/\/www.annonces-legales.org\/blog\/wp-content\/uploads\/2021\/09\/tbpm.png","type":"image\/png"}],"twitter_card":"summary_large_image","twitter_misc":{"Dur\u00e9e de lecture estim\u00e9e":"2 minutes"},"schema":{"@context":"https:\/\/schema.org","@graph":[{"@type":"WebPage","@id":"https:\/\/www.annonces-legales.org\/blog\/tpbm-semaine-de-provence\/","url":"https:\/\/www.annonces-legales.org\/blog\/tpbm-semaine-de-provence\/","name":"TPBM - Semaine de provence - Actualit\u00e9 des entreprises","isPartOf":{"@id":"https:\/\/www.annonces-legales.org\/blog\/#website"},"primaryImageOfPage":{"@id":"https:\/\/www.annonces-legales.org\/blog\/tpbm-semaine-de-provence\/#primaryimage"},"image":{"@id":"https:\/\/www.annonces-legales.org\/blog\/tpbm-semaine-de-provence\/#primaryimage"},"thumbnailUrl":"https:\/\/www.annonces-legales.org\/blog\/wp-content\/uploads\/2021\/09\/tbpm-300x138.png","datePublished":"2021-09-13T17:15:22+00:00","dateModified":"2022-01-26T11:15:53+00:00","breadcrumb":{"@id":"https:\/\/www.annonces-legales.org\/blog\/tpbm-semaine-de-provence\/#breadcrumb"},"inLanguage":"fr-FR","potentialAction":[{"@type":"ReadAction","target":["https:\/\/www.annonces-legales.org\/blog\/tpbm-semaine-de-provence\/"]}]},{"@type":"ImageObject","inLanguage":"fr-FR","@id":"https:\/\/www.annonces-legales.org\/blog\/tpbm-semaine-de-provence\/#primaryimage","url":"https:\/\/www.annonces-legales.org\/blog\/wp-content\/uploads\/2021\/09\/tbpm.png","contentUrl":"https:\/\/www.annonces-legales.org\/blog\/wp-content\/uploads\/2021\/09\/tbpm.png","width":550,"height":253},{"@type":"BreadcrumbList","@id":"https:\/\/www.annonces-legales.org\/blog\/tpbm-semaine-de-provence\/#breadcrumb","itemListElement":[{"@type":"ListItem","position":1,"name":"Accueil","item":"https:\/\/www.annonces-legales.org\/blog\/"},{"@type":"ListItem","position":2,"name":"Liste des journaux habilit\u00e9s \u00e0 publier des annonces l\u00e9gales","item":"https:\/\/www.annonces-legales.org\/blog\/liste-des-journaux-habilites-a-publier-des-annonces-legales\/"},{"@type":"ListItem","position":3,"name":"TPBM &#8211; Semaine de provence"}]},{"@type":"WebSite","@id":"https:\/\/www.annonces-legales.org\/blog\/#website","url":"https:\/\/www.annonces-legales.org\/blog\/","name":"Actualit\u00e9 des entreprises","description":"","publisher":{"@id":"https:\/\/www.annonces-legales.org\/blog\/#organization"},"potentialAction":[{"@type":"SearchAction","target":{"@type":"EntryPoint","urlTemplate":"https:\/\/www.annonces-legales.org\/blog\/?s={search_term_string}"},"query-input":{"@type":"PropertyValueSpecification","valueRequired":true,"valueName":"search_term_string"}}],"inLanguage":"fr-FR"},{"@type":"Organization","@id":"https:\/\/www.annonces-legales.org\/blog\/#organization","name":"Actualit\u00e9 des entreprises","url":"https:\/\/www.annonces-legales.org\/blog\/","logo":{"@type":"ImageObject","inLanguage":"fr-FR","@id":"https:\/\/www.annonces-legales.org\/blog\/#\/schema\/logo\/image\/","url":"https:\/\/www.annonces-legales.org\/blog\/wp-content\/uploads\/2023\/08\/annonces-legales.svg","contentUrl":"https:\/\/www.annonces-legales.org\/blog\/wp-content\/uploads\/2023\/08\/annonces-legales.svg","caption":"Actualit\u00e9 des entreprises"},"image":{"@id":"https:\/\/www.annonces-legales.org\/blog\/#\/schema\/logo\/image\/"}}]}},"_links":{"self":[{"href":"https:\/\/www.annonces-legales.org\/blog\/wp-json\/wp\/v2\/pages\/641","targetHints":{"allow":["GET"]}}],"collection":[{"href":"https:\/\/www.annonces-legales.org\/blog\/wp-json\/wp\/v2\/pages"}],"about":[{"href":"https:\/\/www.annonces-legales.org\/blog\/wp-json\/wp\/v2\/types\/page"}],"author":[{"embeddable":true,"href":"https:\/\/www.annonces-legales.org\/blog\/wp-json\/wp\/v2\/users\/1"}],"replies":[{"embeddable":true,"href":"https:\/\/www.annonces-legales.org\/blog\/wp-json\/wp\/v2\/comments?post=641"}],"version-history":[{"count":4,"href":"https:\/\/www.annonces-legales.org\/blog\/wp-json\/wp\/v2\/pages\/641\/revisions"}],"predecessor-version":[{"id":1392,"href":"https:\/\/www.annonces-legales.org\/blog\/wp-json\/wp\/v2\/pages\/641\/revisions\/1392"}],"up":[{"embeddable":true,"href":"https:\/\/www.annonces-legales.org\/blog\/wp-json\/wp\/v2\/pages\/351"}],"wp:attachment":[{"href":"https:\/\/www.annonces-legales.org\/blog\/wp-json\/wp\/v2\/media?parent=641"}],"curies":[{"name":"wp","href":"https:\/\/api.w.org\/{rel}","templated":true}]}}